{"id":164,"date":"2024-09-05T00:20:02","date_gmt":"2024-09-05T00:20:02","guid":{"rendered":"https:\/\/hawaiipublicschools.org\/?page_id=164"},"modified":"2025-10-09T15:49:20","modified_gmt":"2025-10-10T01:49:20","slug":"terms-of-use","status":"publish","type":"page","link":"https:\/\/hawaiipublicschools.org\/haw\/useful-links\/terms-of-use\/","title":{"rendered":"N\u0101 \u02bb\u014dlelo ho\u02bbohana"},"content":{"rendered":"<p class=\"intro\" style=\"font-size:clamp(0.875rem, 0.875rem + ((1vw - 0.2rem) * 0.531), 1.3rem);\">Thank you for visiting the Hawai\u02bbi State Department of Education\u2019s website. By visiting and using this website, its subpages and content, you are agreeing to these terms of access and use.<\/p>\n\n\n\n<h2 class=\"wp-block-heading\">Ho\u02bbolaha<\/h2>\n\n\n\n<p>You have entered the official Hawai\u02bbi State Department of Education website (\u201chawaiipublicschools.org\u201d), which may be used for authorized purposes only. This website is not, nor is it intended to be, an open public forum.<\/p>\n\n\n\n<h2 class=\"wp-block-heading\">Wehewehe<\/h2>\n\n\n\n<p>E like me ka ho\u02bbohana \u02bbia \u02bbana ma k\u0113ia mau \u02bb\u014dlelo o ka loa\u02bba a me ka ho\u02bbohana \u02bbana, \u02bbo ia ka &quot;WEBSITE&quot; a pili i n\u0101 mea \u0101pau a i \u02bbole kekahi \u02bb\u0101pana o ka Oihana Ho\u02bbona\u02bbauao o ka Moku\u02bb\u0101ina \u02bbo Hawai\u02bbi WEBSITE (\u02bbo ia ho\u02bbi, n\u0101 \u02bbao\u02bbao \u0101pau me ka domain &quot;hawaiipublicschools.org&quot;), n\u0101 \u02bbao\u02bbao a me n\u0101 \u02bbike.<\/p>\n\n\n\n<p>E like me ka mea i ho\u02bbohana \u02bbia ma k\u0113ia mau \u02bb\u014dlelo o ka loa\u02bba a me ka ho\u02bbohana \u02bbana, \u02bbo &quot;CONTENT&quot; ka \u02bbike, n\u0101 mea, n\u0101 palapala, n\u0101 kikokikona, n\u0101 ki\u02bbi, n\u0101 ki\u02bbi, n\u0101 logos, ka \u02bbano ho\u02bbonohonoho HTML (me n\u0101 meta tag a i \u02bbole ka meta http-equivalent), a me n\u0101 palapala.<\/p>\n\n\n\n<h2 class=\"wp-block-heading\">Palekana &amp; Hoolaha Kiai<\/h2>\n\n\n\n<p>Aia i k\u0113ia p\u016bnaewele ke kuleana e h\u014d\u02bbili\u02bbili i ka \u02bbike ho\u02bbokele e pili ana i n\u0101 mea ho\u02bbohana e like me:<\/p>\n\n\n\n<ul class=\"wp-block-list\">\n<li>\u02bbO ka helu IP a me ka inoa o ka p\u016bnaewele kahi i komo ai ka p\u016bnaewele.<\/li>\n\n\n\n<li>Ka l\u0101 a me ka manawa i komo ai ka p\u016bnaewele.<\/li>\n\n\n\n<li>\u02bbO ka helu wahi p\u016bnaewele (i kapa \u02bbia \u02bbo URL) o ka loulou i kaomi \u02bbia e komo i ka p\u016bnaewele.<\/li>\n<\/ul>\n\n\n\n<p>No ka palekana o ka p\u016bnaewele, n\u0101n\u0101 \u02bbia n\u0101 ka\u02bba p\u016bnaewele a pau i mea e \u02bbike ai i n\u0101 ho\u02bb\u0101\u02bbo \u02bbae \u02bbole e ho\u02bbouka a ho\u02bbololi i ka \u02bbike, a i \u02bbole e hana hewa. E pili ana i n\u0101 noi\u02bbi ho\u02bbok\u014d k\u0101n\u0101wai i \u02bbae \u02bbia a e like me ke ka\u02bbina k\u0101n\u0101wai i koi \u02bbia, hiki ke ho\u02bbohana \u02bbia ka \u02bbike ho\u02bbokele e k\u014dkua i ka loa\u02bba \u02bbana o ka \u02bbike pilikino.<\/p>\n\n\n\n<p>Furthermore, to protect this WEBSITE as well as the associated computer system supporting this WEBSITE from unauthorized use and to ensure that the computer system is functioning properly, individuals accessing this WEBSITE and the associated computer system are subject to having all of their activities monitored and recorded by personnel authorized to do so by the state of Hawai\u02bbi. Anyone using this WEBSITE and the associated computer system expressly consents to such monitoring and is advised that if such monitoring reveals evidence of possible abuse or criminal activity, state of Hawai\u2018i personnel may provide the results of such monitoring to appropriate officials.<\/p>\n\n\n\n<p>\u02bbO ka ho\u02bb\u0101\u02bbo \u02bbole \u02bbia e ho\u02bbouka a ho\u02bbololi paha i ka CONTENT o ka p\u016bnaewele, a i \u02bbole e h\u014d\u02bbino i k\u0113ia WEBSITE a i \u02bbole ka \u02bb\u014dnaehana kamepiula, ua p\u0101p\u0101 loa \u02bbia a hiki ke ho\u02bbopa\u02bbi \u02bbia ma lalo o ke k\u0101n\u0101wai pili.<\/p>\n\n\n\n<h2 class=\"wp-block-heading\">E ho\u02bbomaopopo e loli paha ka P\u016bnaewele me ka \u02bbole o ka ho\u02bbolaha<\/h2>\n\n\n\n<p>H\u0101\u02bbawi \u02bbia k\u0113ia WEBSITE ma ke \u02bbano he lawelawe lehulehu. He ikaika k\u0113ia WEBSITE a ho\u02bbololi i ka manawa me ka \u02bbole o ka \u02bbike. No laila ke kuleana piha n\u0101 mea ho\u02bbohana o k\u0113ia WEBSITE no ka n\u0101n\u0101 \u02bbana i ka pololei, ka piha, ke k\u0101l\u0101 a me ke k\u016bpono o CONTENT i loa\u02bba ma ka WEBSITE i\u0101 l\u0101kou iho.<\/p>\n\n\n\n<p>In addition, the state of Hawai\u02bbi may suspend or discontinue some or all of this public service at any time, or it may elect to charge a fee for access to or use of this public service.<\/p>\n\n\n\n<h2 class=\"wp-block-heading\">Hoole i na Palapala Kauoha<\/h2>\n\n\n\n<p>This WEBSITE is provided &#8220;as is&#8221; and without warranties of any kind. To the fullest extent of the law, the state of Hawai\u02bbi, including each agency, officer or employee of the state of Hawai\u2018i, disclaims all warranties, expressed or implied, including, but not limited to, warranties of merchantability and fitness for a particular purpose, with respect to this WEBSITE; this disclaimer of warranties includes but is not limited to disclaimers as regards the following: (1) that the functioning of this WEBSITE will be uninterrupted and error-free; (2) that any defects or other errors on this WEBSITE will be corrected; and (3) that this WEBSITE as well as the computer system are or will be free of viruses or other harmful components.<\/p>\n\n\n\n<p>In addition, neither the state of Hawai\u02bbi nor any agency, officer or employee of the state of Hawai\u02bbi makes any representations, guarantees or warranties as to: (1) the accuracy, completeness, currency or suitability of the information provided via this WEBSITE; (2) the use of or the results of the use of this WEBSITE; and (3) the accuracy, reliability, availability or completeness or usefulness of the content of websites created and maintained by persons other than the state of Hawai\u2018i and linked to or from this WEBSITE.<\/p>\n\n\n\n<h2 class=\"wp-block-heading\">Ka palena o ke kuleana<\/h2>\n\n\n\n<p>Under no circumstances, including, but not limited to, negligence, shall the state of Hawai\u02bbi or any agency, officer or employee of the state of Hawai\u2018i be liable for any special, consequential and\/or incidental damages that may result from the use of or the inability to access or use this WEBSITE, even if the state of Hawai\u02bbi has been advised of the possibility of such damages. Applicable law may not allow the limitation or exclusion of liability or incidental or consequential damages, so the above limitation or exclusion may not apply to you. In no event shall the state of Hawai\u02bbi&#8217;s total liability to you for all damages, losses and causes of action (whether in contract, tort\u2014including but not limited to negligence\u2014or otherwise) exceed the amount paid by you, if any, to access this WEBSITE.<\/p>\n\n\n\n<h2 class=\"wp-block-heading\">Hoolaha Kuleana kope<\/h2>\n\n\n\n<p>Duplication or use of any CONTENT from this WEBSITE for commercial purposes or in any manner likely to give the impression of official approval by the state of Hawai\u02bbi is prohibited. The WEBSITE Copyright \u00a9 1995-2025 Department of Education, state of Hawai\u02bbi.<\/p>\n\n\n\n<h2 class=\"wp-block-heading\">Ho\u02bbolaha no ka kaupalena \u02bbana i ka ho\u02bbohana \u02bbana i n\u0101 Sila Moku\u02bb\u0101ina, \u02bbOihana Ho\u02bbona\u02bbauao Logo a me n\u0101 h\u014d\u02bbailona<\/h2>\n\n\n\n<p>Submit requests for use of the logo and any questions regarding proper use to the Hawai\u02bbi State Department of Education, Attention: Communications Branch, P.O. Box 2360, Honolulu, HI 96804 or <a href=\"mailto:doeinfo@k12.hi.us\">leka uila<\/a>. E \u02bbolu\u02bbolu e h\u0101\u02bbawi i k\u0113ia \u02bbike:<\/p>\n\n\n\n<ol class=\"wp-block-list\">\n<li>Logo e ho\u02bbohana \u02bbia.<\/li>\n\n\n\n<li>Pehea e ho\u02bbohana \u02bbia ai ka logo.<\/li>\n\n\n\n<li>Audience and distribution of the product the logo will be used on.<\/li>\n\n\n\n<li>Ka pilina o ka &#039;Oihana i ka hui a i &#039;ole ka hanana.<\/li>\n<\/ol>\n\n\n\n<p>The logo should not be used in any way likely to give the impression of official Department approval or affiliation with any non-HIDOE business, product or activity.<\/p>\n\n\n\n<h2 class=\"wp-block-heading\">Section 5-6, Hawai\u02bbi Revised Statutes: Links to External Web Sites and Pages<\/h2>\n\n\n\n<p>This WEBSITE may contain hypertext links to external websites and pages containing information created and maintained by public and private organizations other than the state of Hawai\u02bbi. These hypertext links may be created by the state of Hawai\u02bbi if it determines that establishing the external link will be consistent with assisting or furthering the purpose of this WEBSITE, which is to significantly and diligently promote public service to citizens and businesses by:<\/p>\n\n\n\n<ul class=\"wp-block-list\">\n<li>Ho\u02bbonui i ka \u02bboihana a me ke kama\u02bb\u0101ina i n\u0101 lawelawe aupuni a me ka \u02bbike aupuni.<\/li>\n\n\n\n<li>H\u0101\u02bbawi i kahi ka\u02bbina hana ma\u02bbalahi a ma\u02bbalahi no n\u0101 \u02bboihana a me n\u0101 kama\u02bb\u0101ina e hana i n\u0101 k\u0101lepa me ke aupuni moku\u02bb\u0101ina ma ka p\u016bnaewele.<\/li>\n\n\n\n<li>\u02bbO ka wikiwiki \u02bbana i ka ho\u02bbomohala \u02bbana a me ka h\u0101\u02bbawi \u02bbana i ka nui o ka maika\u02bbi, n\u0101 lawelawe aupuni p\u016bnaewele.<\/li>\n\n\n\n<li>Ka ho\u02bbomaika\u02bbi \u02bbana i ka pae o ka lawelawe \u02bboihana mai ke aupuni moku\u02bb\u0101ina.<\/li>\n\n\n\n<li>Ka ho\u02bbonui \u02bbana i n\u0101 lawelawe aupuni uila i n\u0101 kama\u02bb\u0101ina o n\u0101 k\u016blanakauhale a me ke aupuni kalana.<\/li>\n<\/ul>\n\n\n\n<p>In addition, hypertext links may be created by the state of Hawai\u02bbi for informational purposes, that is, where the linked external website will provide useful and valuable information to visitors to this WEBSITE, or where the linked external website is required or authorized by law.<\/p>\n\n\n\n<p>The state of Hawai\u02bbi, in its sole discretion, will determine whether the external website meets the purpose of this WEBSITE or for the specified informational purposes. The inclusion of a hypertext link to an external website is not intended as an endorsement of any products or service offered or referenced on the linked website, the organizations sponsoring such website, or any views which might be expressed or referenced in the website.<\/p>\n\n\n\n<p>These hypertext links to external websites and pages may be removed or replaced in the sole discretion of the state of Hawai\u02bbi, at any time without notice.<\/p>\n\n\n\n<p>In the event you discover problems with or have concerns regarding the format, accuracy, timeliness or completeness of a linked external website, please contact the organization responsible for the linked external website. The state of Hawai\u02bbi does not control nor is it responsible for any linked external websites and pages. The state of Hawai\u02bbi WEBSITE and pages are not intended to be open public forums.<\/p>\n\n\n\n<h2 class=\"wp-block-heading\">Hoole i ka Hoopono<\/h2>\n\n\n\n<p>Any reference in this WEBSITE to any specific commercial products, processes or services by trade name, trademark, manufacturer, or otherwise, does not constitute or imply its endorsement, recommendation or favoring by the state of Hawai\u02bbi.<\/p>\n\n\n\n<h2 class=\"wp-block-heading\">Mana\u02bbo mana<\/h2>\n\n\n\n<p>This WEBSITE is provided as a public service using an associated computer system located within the state of Hawai\u02bbi. Any person choosing to access and use this WEBSITE is subject to the jurisdiction of the state of Hawai\u02bbi.<\/p>\n\n\n\n<p>These terms shall be governed by and construed in accordance with the laws of the state of Hawai\u02bbi. Any dispute arising out of or relating to these terms, or access and use of this WEBSITE shall be decided under the laws of and in the state courts in the state of Hawai\u02bbi, and you hereby consent to and submit to the personal jurisdiction of such courts for the purpose of adjudicating such dispute.<\/p>\n\n\n\n<h2 class=\"wp-block-heading\">Ho\u02bboka\u02bbawale<\/h2>\n\n\n\n<p>In\u0101 ho\u02bboholo \u02bbia kekahi \u02bb\u014dlelo i loko o k\u0113ia mau \u02bb\u014dlelo he k\u0101n\u0101wai \u02bbole, \u02bbole a ho\u02bbok\u014d \u02bbole \u02bbia e ka \u02bbaha ho\u02bbokolokolo k\u016bpono, a laila e mana\u02bbo \u02bbia ua ho\u02bboka\u02bbawale \u02bbia k\u0113l\u0101 \u02bb\u014dlelo mai n\u0101 \u02bb\u014dlelo i koe a \u02bba\u02bbole e pili i ka pono a me ka ho\u02bbok\u014d \u02bbana o n\u0101 \u02bb\u014dlelo i koe.<\/p>","protected":false},"excerpt":{"rendered":"<p>Thank you for visiting the Hawai\u02bbi State Department of Education\u2019s website. By visiting and using this website, its subpages and content, you are agreeing to these terms of access and use. \u200b\u200bNotice You have entered the official Hawai\u02bbi State Department of Education website (\u201chawaiipublicschools.org\u201d), which may be used for authorized purposes only. This website is [&hellip;]<\/p>","protected":false},"author":8,"featured_media":0,"parent":1291,"menu_order":19,"comment_status":"closed","ping_status":"closed","template":"","meta":{"_relevanssi_hide_post":"","_relevanssi_hide_content":"","_relevanssi_pin_for_all":"","_relevanssi_pin_keywords":"","_relevanssi_unpin_keywords":"","_relevanssi_related_keywords":"","_relevanssi_related_include_ids":"","_relevanssi_related_exclude_ids":"","_relevanssi_related_no_append":"","_relevanssi_related_not_related":"","_relevanssi_related_posts":"","_relevanssi_noindex_reason":"","_sitemap_exclude":false,"_sitemap_priority":"","_sitemap_frequency":"","_kad_blocks_custom_css":"","_kad_blocks_head_custom_js":"","_kad_blocks_body_custom_js":"","_kad_blocks_footer_custom_js":"","wp_popup_display_lightbox":0,"wp_popup_suppress":"","wp_popup_trigger":"","wp_popup_trigger_amount":0,"wp_popup_disable_on_mobile":false,"footnotes":""},"class_list":["post-164","page","type-page","status-publish","hentry"],"pp_statuses_selecting_workflow":false,"pp_workflow_action":"current","pp_status_selection":"publish","taxonomy_info":[],"featured_image_src_large":false,"author_info":{"display_name":"Ariana Enomoto","author_link":"https:\/\/hawaiipublicschools.org\/haw\/author\/arianastaceyleong-com\/"},"comment_info":0,"publishpress_future_action":{"enabled":false,"date":"2026-05-12 12:38:27","action":"change-status","newStatus":"draft","terms":[],"taxonomy":"","extraData":[]},"publishpress_future_workflow_manual_trigger":{"enabledWorkflows":[]},"_links":{"self":[{"href":"https:\/\/hawaiipublicschools.org\/haw\/wp-json\/wp\/v2\/pages\/164","targetHints":{"allow":["GET"]}}],"collection":[{"href":"https:\/\/hawaiipublicschools.org\/haw\/wp-json\/wp\/v2\/pages"}],"about":[{"href":"https:\/\/hawaiipublicschools.org\/haw\/wp-json\/wp\/v2\/types\/page"}],"author":[{"embeddable":true,"href":"https:\/\/hawaiipublicschools.org\/haw\/wp-json\/wp\/v2\/users\/8"}],"replies":[{"embeddable":true,"href":"https:\/\/hawaiipublicschools.org\/haw\/wp-json\/wp\/v2\/comments?post=164"}],"version-history":[{"count":0,"href":"https:\/\/hawaiipublicschools.org\/haw\/wp-json\/wp\/v2\/pages\/164\/revisions"}],"up":[{"embeddable":true,"href":"https:\/\/hawaiipublicschools.org\/haw\/wp-json\/wp\/v2\/pages\/1291"}],"wp:attachment":[{"href":"https:\/\/hawaiipublicschools.org\/haw\/wp-json\/wp\/v2\/media?parent=164"}],"curies":[{"name":"wp","href":"https:\/\/api.w.org\/{rel}","templated":true}]}}