{"id":158,"date":"2024-09-05T00:17:35","date_gmt":"2024-09-05T00:17:35","guid":{"rendered":"https:\/\/hawaiipublicschools.org\/?page_id=158"},"modified":"2025-11-10T09:49:04","modified_gmt":"2025-11-10T19:49:04","slug":"common-phone-numbers","status":"publish","type":"page","link":"https:\/\/hawaiipublicschools.org\/haw\/contact\/common-phone-numbers\/","title":{"rendered":"Helu kelepona ma\u02bbamau"},"content":{"rendered":"<div class=\"wp-block-columns is-layout-flex wp-container-core-columns-is-layout-28f84493 wp-block-columns-is-layout-flex\">\n<div class=\"wp-block-column is-layout-flow wp-block-column-is-layout-flow\">\n<h2 class=\"wp-block-heading\">A<\/h2>\n\n\n\n<p><strong>Papahana A+<\/strong><br>808-294-0178<\/p>\n\n\n\n<p><strong>Accounting Branch<\/strong><br>808-784-6300<\/p>\n\n\n\n<p><strong>Ho\u02bbona\u02bbauao makua<\/strong><br>808-784-6454<\/p>\n\n\n\n<p><strong>Ho\u02bbonoho ki\u02bbeki\u02bbe<\/strong><br>808-784-6455<\/p>\n\n\n\n<p><strong>Ho\u02bbona\u02bbauao no\u02bbeau<\/strong><br>808-784-6422<\/p>\n\n\n\n<p><strong>\u02bbAlepale<\/strong><br>808-421-4394<\/p>\n\n\n\n<h2 class=\"wp-block-heading\">B<\/h2>\n\n\n\n<p><strong>N\u0101n\u0101 Ka\u02bbao, N\u0101 limahana<\/strong><br>808-441-8322<\/p>\n\n\n\n<p><strong>Puke k\u0101l\u0101<\/strong><br>808-784-6020<\/p>\n\n\n\n<p><strong>Ka\u02bba ka\u02bba ka\u02bba<\/strong><br>808-784-6850<\/p>\n\n\n\n<h2 class=\"wp-block-heading\">C<\/h2>\n\n\n\n<p><strong>Hana a me \u02bbenehana. \u02bbO Ed.<\/strong><br>808-784-6456<\/p>\n\n\n\n<p><strong>Laina H\u014d\u02bbike Ho\u02bbom\u0101inoino keiki a me ka m\u0101lama \u02bbole \u02bbana<\/strong><br>808-832-5300<\/p>\n\n\n\n<p><strong>Ke\u02bbena Ho\u02bbok\u014d Pono Kivila<\/strong><br>808-784-6325<br><a href=\"mailto:crcb@k12.hi.us\">leka uila<\/a><\/p>\n\n\n\n<p><strong>Lala Hoolaha<\/strong><br>808-784-6200<br><a href=\"mailto:doeinfo@k12.hi.us\">leka uila<\/a><\/p>\n\n\n\n<p><strong>Lala Hana Kaiaulu (CEB)<\/strong><br>808-305-0691<br>Fax: 808-377-7733<\/p>\n\n\n\n<h2 class=\"wp-block-heading\">\u02bbO D<\/h2>\n\n\n\n<p><strong>Ho\u02bbona\u02bbauao Keaukaha<\/strong><br>808-784-6506<\/p>\n\n\n\n<h2 class=\"wp-block-heading\">E<\/h2>\n\n\n\n<p><strong>Kamali&#039;i Kamali&#039;i<\/strong><br>808-586-3811<\/p>\n\n\n\n<p><strong>Huina Pomaikai Paahana<\/strong><br>808-441-8311<\/p>\n\n\n\n<p><strong>Mahele mooolelo a me na hana o na limahana, ka hui o na hana i hooiaio<\/strong><br>808-441-8364<\/p>\n\n\n\n<p><strong>Mahele mooolelo a me na hana o na limahana, ka mahele o na hana<\/strong><br>808-441-8350<\/p>\n\n\n\n<p><strong>P\u016bnaehana ho\u02bbomaha limahana<\/strong><br>808-586-1735<\/p>\n\n\n\n<p><strong>H\u014d\u02bboia\u02bbi\u02bbo limahana, palapala h\u014d\u02bboia<\/strong><br>808-441-8364<br><a href=\"mailto:employment.records@k12.hi.us\">leka uila<\/a><\/p>\n\n\n\n<p><strong>H\u014d\u02bboia Pa\u02bbahana, Ho\u02bboka\u02bbawale \u02bbia<\/strong><br>808-441-8350<br><a href=\"mailto:employment.records@k12.hi.us\">leka uila<\/a><\/p>\n\n\n\n<p><strong>Kanaka \u02bb\u014dlelo Pelekania (ELL)<\/strong><br>808-305-9833<\/p>\n\n\n\n<h2 class=\"wp-block-heading\">F<\/h2>\n\n\n\n<p><strong>N\u0101 lawelawe mea\u02bbai<\/strong><br>808-784-5500<\/p>\n\n\n\n<p><strong>Laina Ho\u02bbopunipuni a me n\u0101 loina<\/strong><br>855-233-8085<br><a href=\"https:\/\/secure.ethicspoint.com\/domain\/media\/en\/gui\/57591\/index.html\" target=\"_blank\" rel=\"noreferrer noopener\">https:\/\/secure.ethicspoint.com\/domain\/media\/en\/gui\/57591\/index.html<\/a><\/p>\n\n\n\n<h2 class=\"wp-block-heading\">\u02bbO G<\/h2>\n\n\n\n<p><strong>E HOOLAHA<\/strong><br>808-784-6459<\/p>\n\n\n\n<p><strong>Ho\u02bboka\u02bbawale Geographic (GE)<\/strong><br>808-564-6040<\/p>\n\n\n\n<p><strong>Makana a Talenta<\/strong><br>808-784-6455<\/p>\n\n\n\n<h2 class=\"wp-block-heading\">H<\/h2>\n\n\n\n<p><strong>N\u0101 Ha\u02bbawina Online Hawai\u02bbi (E-School ma mua)<\/strong><br>808-784-6487<br><a href=\"mailto:hoc@k12.hi.us\">leka uila<\/a><\/p>\n\n\n\n<p><strong>Ahahui o na Kula Kuokoa o Hawaii<\/strong><br>808-973-1540<br><a href=\"mailto:info@hais.us\">leka uila<\/a><br><a href=\"http:\/\/www.hais.us\/\" target=\"_blank\" rel=\"noreferrer noopener\">www.hais.us<\/a><\/p>\n\n\n\n<p><strong>Hui P\u016b\u02bbali Hana Ola Ola Ola (EUTF)<\/strong><br>808-586-7390<br><a href=\"http:\/\/eutf.hawaii.gov\/\" target=\"_blank\" rel=\"noreferrer noopener\">eutf.hawaii.gov<\/a><br>Fax: 808-586-2161<\/p>\n\n\n\n<p><strong>\u02bbAhahui po\u02bbe limahana o ke Aupuni Hawai\u02bbi (HGEA)<\/strong><br>808-543-0000<br><a href=\"mailto:service@hgea.org\">leka uila<\/a><\/p>\n\n\n\n<p><strong>Kumu Ku\u02bbina Hawai\u02bbi (Kua Ho\u02bbona\u02bbauao)<\/strong><br>808-441-8499<br><a href=\"mailto:hqt@k12.hi.us\">leka uila<\/a><br><a href=\"https:\/\/hidoeotm.org\/eq\" target=\"_blank\" rel=\"noreferrer noopener\">https:\/\/hidoeotm.org\/eq<\/a><\/p>\n\n\n\n<p><strong>Papa Hoonaauao Mokuaina o Hawaii<\/strong><br>808-586-3334<br><a href=\"mailto:BOE.Hawaii@boe.hawaii.gov\">leka uila<\/a><br><a href=\"http:\/\/boe.hawaii.gov\/\" target=\"_blank\" rel=\"noreferrer noopener\">boe.hawaii.gov<\/a><br>Fax: 808-586-3433<\/p>\n\n\n\n<p><strong>\u02bbAhahui Kumu Moku\u02bb\u0101ina \u02bbo Hawai\u02bbi (HSTA)<\/strong><br>808-833-2711<\/p>\n\n\n\n<p><strong>Papa K\u016blana Kumu Hawai\u02bbi<\/strong><br>808-586-2600<\/p>\n\n\n\n<p><strong>Mahele Hoonaauao Hawaii<\/strong><br>808-305-9723<\/p>\n<\/div>\n\n\n\n<div class=\"wp-block-column is-layout-flow wp-block-column-is-layout-flow\">\n<p><strong>Ho\u02bbomaka Po\u02bbo<\/strong><br>808-842-5996<\/p>\n\n\n\n<p><strong>Hoonaauao Ola<\/strong><br>808-784-6423<\/p>\n\n\n\n<p><strong>Na Puka Ola<\/strong><br>808-305-9881<\/p>\n\n\n\n<p><strong>Kula Home<\/strong><br>808-305-9820<\/p>\n\n\n\n<p><strong>Pilikia Home ole<\/strong><br>808-348-0304<\/p>\n\n\n\n<h2 class=\"wp-block-heading\">I<\/h2>\n\n\n\n<p><strong>Keena Kokua IT<\/strong><br>808-564-6000<br><a href=\"http:\/\/help.hidoe.org\/\" target=\"_blank\" rel=\"noreferrer noopener\">help.hidoe.org<\/a><br>8-1-808-692-7250<\/p>\n\n\n\n<h2 class=\"wp-block-heading\">J<\/h2>\n\n\n\n<p><strong>Hui Ho\u02bbona\u02bbauao o n\u0101 Luna Ho\u02bboka\u02bbawale \u02bb\u014dpio (JROTC)<\/strong><br>808-832-3697<\/p>\n\n\n\n<h2 class=\"wp-block-heading\">L<\/h2>\n\n\n\n<p><strong>\u02bb\u014clelo no\u02bbeau<\/strong><br>808-784-6441<\/p>\n\n\n\n<p><strong>Kikowaena A&#039;o<\/strong><br>808-784-6455<\/p>\n\n\n\n<p><strong>Ha\u02bbalele Mana\u02bbo Hui<\/strong><br>808-784-6000<br><a href=\"mailto:leave_management_unit@k12.hi.us\">leka uila<\/a><br>Fax: 808-586-3123<\/p>\n\n\n\n<h2 class=\"wp-block-heading\">M<\/h2>\n\n\n\n<p><strong>Keena Leta (Luna Leka Waena)<\/strong><br>808-586-3134<\/p>\n\n\n\n<p><strong>Ho\u02bbona\u02bbauao makemakika<\/strong><br>808-784-6444<\/p>\n\n\n\n<p><strong>Ho\u02bbona\u02bbauao malihini<\/strong><br>808-313-3110<\/p>\n\n\n\n<p><strong>Hoonaauao Mele<\/strong><br>808-784-6422<\/p>\n\n\n\n<h2 class=\"wp-block-heading\">O<\/h2>\n\n\n\n<p><strong>Ke\u02bbena o ka Curriculum and Instructional Design (OCID)<\/strong><br>808-784-6400<\/p>\n\n\n\n<p><strong>Ke\u02bbena o n\u0101 pono a me n\u0101 hana (OFO)<\/strong><br>808-784-5000<\/p>\n\n\n\n<p><strong>Ke\u02bbena o n\u0101 lawelawe k\u0101l\u0101 (OFS)<\/strong><br>808-784-6227<\/p>\n\n\n\n<p><strong>Ke\u02bbena o n\u0101 lawelawe \u02bbenehana \u02bbike (OITS)<\/strong><br>808-586-3307<\/p>\n\n\n\n<p><strong>Ke\u02bbena o ka Strategy, Innovation and Performance (OSIP)<\/strong><br>808-784-6275<\/p>\n\n\n\n<p><strong>Ke\u02bbena o n\u0101 lawelawe k\u0101ko\u02bbo haum\u0101na (OSSS)<\/strong><br>808-305-9700<\/p>\n\n\n\n<p><strong>Ke\u02bbena o ka ho\u02bbokele waiwai (OTM)<\/strong><br>808-441-8300<\/p>\n\n\n\n<p><strong>Ke\u02bbena o n\u0101 Hope Superintendents (ODS)<\/strong><br>808-784-6161<\/p>\n\n\n\n<p><strong>Ke\u02bbena o ka Luna Nui (OS)<\/strong><br>808-784-6161<\/p>\n\n\n\n<h2 class=\"wp-block-heading\">P<\/h2>\n\n\n\n<p><strong>N\u0101 Punawai P\u0101k\u012bpika no ka Ho\u02bbona\u02bbauao a me ke A\u02bbo \u02bbana<\/strong><br>808-441-1300<\/p>\n\n\n\n<p><strong>Kahukula<\/strong><br>808-441-8326<\/p>\n\n\n\n<p><strong>Hui Haumana Kumu Kumu<\/strong><br>808-943-2042<\/p>\n\n\n\n<p><strong>Keena \u02bb\u0100pana Paahana \u2013 Waena<\/strong><br>808-307-3939<\/p>\n\n\n\n<p><strong>Office Regional Office \u2013 Hawai\u02bbi<\/strong><br>808-974-6605<br>808-974-6607<\/p>\n\n\n\n<p><strong>Keena o na Paahana - Honolulu<\/strong><br>808-784-6660<br>808-733-4953<\/p>\n\n\n\n<p><strong>Office Regional Office \u2013 Kaua\u02bbi<\/strong><br>808-274-3506<br>808-274-3507<\/p>\n\n\n\n<p><strong>Ke\u02bbena \u02bb\u0100pana Paahana \u2013 Leeward<\/strong><br>808-692-8007<\/p>\n\n\n\n<p><strong>Keena o na Paahana \u2013 Maui<\/strong><br>808-243-1301<\/p>\n\n\n\n<p><strong>Keena \u02bb\u0100pana Paahana \u2013 Windward<\/strong><br>808-784-5921<br>808-784-5922<\/p>\n\n\n\n<p><strong>M\u0101kau kino<\/strong><br>808-784-6424<\/p>\n\n\n\n<p><strong>Pa\u02bbi \u02bbana (Mahele Reprographic)<\/strong><br>808-591-5500<\/p>\n\n\n\n<p><strong>Project Inspire<\/strong><br>808-784-6486<\/p>\n\n\n\n<p><strong>N\u0101 Kula Aupuni o Hawai\u02bbi Foundation<\/strong><br>808-943-1622<\/p>\n<\/div>\n\n\n\n<div class=\"wp-block-column padding-horz-sm is-layout-flow wp-block-column-is-layout-flow\">\n<h2 class=\"wp-block-heading\">R<\/h2>\n\n\n\n<p><strong>Recruitment \u2013 Classified\/Support Services People Recruitment<\/strong><br>808-441-8411<br><a href=\"mailto:cssp.recruitment@k12.hi.us\">leka uila<\/a><\/p>\n\n\n\n<p><strong>Recruitment \u2013 Luna Ho\u02bbona\u02bbauao Recruitment<\/strong><br>808-564-0877<br><a href=\"mailto:eo.recruitment@k12.hi.us\">leka uila<\/a><\/p>\n\n\n\n<p><strong>Recruitment \u2013 Ho\u02bbol\u0101l\u0101 Kumu<\/strong><br>808-441-8444<br><a href=\"mailto:teacher.recruitment@k12.hi.us\">leka uila<\/a><\/p>\n\n\n\n<p><strong>K\u0101leka h\u014d\u02bbike<\/strong><br>808-784-6421<\/p>\n\n\n\n<p><strong>Waena pane<\/strong><br>808-831-6731<\/p>\n\n\n\n<h2 class=\"wp-block-heading\">S<\/h2>\n\n\n\n<p><strong>Palekana &amp; Palekana<\/strong><br>808-784-5170<\/p>\n\n\n\n<p><strong>N\u0101 ha\u02bbawina<\/strong><br>808-305-9814<\/p>\n\n\n\n<p><strong>Kalana Kula<\/strong><br>808-586-3800<\/p>\n\n\n\n<p><strong>Mahele Ola Kula<\/strong><br>808-305-9881<\/p>\n\n\n\n<p><strong>Ho\u02bbona\u02bbauao \u02bbepekema<\/strong><br>808-784-6425<\/p>\n\n\n\n<p><strong>Ho\u02bbona\u02bbauao Kai\u0101ulu<\/strong><br>808-784-6427<\/p>\n\n\n\n<p><strong>Ho\u02bbona\u02bbauao K\u016bikaw\u0101<\/strong><br>808-305-9765<\/p>\n\n\n\n<p><strong>Pauku Pono Kuikawa<\/strong><br>808-305-9785<\/p>\n\n\n\n<p><strong>M\u0101hele K\u0101ko\u02bbo K\u016blana<\/strong><br>808-784-6417<\/p>\n\n\n\n<p><strong>K\u014dmike Kula Ho\u02bbohui Aupuni Moku\u02bb\u0101ina<\/strong><br>808-586-3775<br><a href=\"mailto:commission.mail@spcsc.hawaii.gov\">leka uila<\/a><br>Fax: 808-586-3776<\/p>\n\n\n\n<p><strong>M\u0101hele A\u02bboa\u02bbo Haumana<\/strong><br>808-307-3636<\/p>\n\n\n\n<p><strong>M\u0101hele K\u0101ko\u02bbo Haum\u0101na<\/strong><br>808-305-9822<\/p>\n\n\n\n<p><strong>Lala Hana Ka\u02bba Haum\u0101na (STSB)<\/strong><br>808-784-6850<br>3633 Waialae Avenue, <br>Honolulu, HI 96816<br>Fax: 808-733-4699<\/p>\n\n\n\n<p><strong>Kula Kaumaha<\/strong><br>808-784-6487<\/p>\n\n\n\n<h2 class=\"wp-block-heading\">T<\/h2>\n\n\n\n<p><strong>Hui Ho\u02bboponopono Kumu<\/strong><br>808-441-8383<br><a href=\"mailto:teacher.reclassification@k12.hi.us\">leka uila<\/a><\/p>\n\n\n\n<p><strong>P\u016bnaehana Automated Employee Substitute Kumu (TSEAS), Papa K\u014dkua<\/strong><br>808-441-8400<br><a href=\"mailto:help.tseas@k12.hi.us\">leka uila<\/a><\/p>\n\n\n\n<p><strong>P\u016bnaehana Automated Employee Substitute Kumu (TSEAS), h\u014d\u02bbike i n\u0101 ha\u02bbalele<\/strong><br>1-877-403-2511<\/p>\n\n\n\n<p><strong>&#039;Inikua no ke kino k\u012bn\u0101 (TDI)<\/strong><br>808-441-8311<\/p>\n\n\n\n<p><strong>Po\u02bbomana\u02bbo I<\/strong><br>808-784-6250<\/p>\n\n\n\n<h2 class=\"wp-block-heading\">U<\/h2>\n\n\n\n<p><strong>Hui Aupuni Hui (UPW)<\/strong><br>808-847-2631<\/p>\n\n\n\n<p><strong>Ho\u02bbohui i ke a\u02bbo \u02bbana o n\u0101 hoa, ka ho\u02bbohui \u02bbana i ka \u02bbike hou (UPLINK)<\/strong><br>808-305-0698<\/p>\n\n\n\n<h2 class=\"wp-block-heading\">V<\/h2>\n\n\n\n<p><strong>Uku Kalepa<\/strong><br>808-784-6130<br>Fax: 808-586-4106<\/p>\n\n\n\n<p><strong>Mahele Ho\u02bbolaha wiki\u014d<\/strong><br>808-307-3922<\/p>\n\n\n\n<h2 class=\"wp-block-heading\">Ua \u02bb\u014dlelo \u02bbo W<\/h2>\n\n\n\n<p><strong>Uku Paahana<\/strong><br>808-441-8484<br><a href=\"mailto:workers.compensation@k12.hi.us\">leka uila<\/a><\/p>\n\n\n\n<p><strong>Ho\u02bbona\u02bbauao \u02bb\u014clelo Honua<\/strong><br>808-784-6428<\/p>\n<\/div>\n<\/div>\n\n\n\n<div class=\"wp-block-buttons is-layout-flex wp-block-buttons-is-layout-flex\">\n<div class=\"wp-block-button\"><a class=\"wp-block-button__link wp-element-button\" href=\"https:\/\/iportal.k12.hi.us\/phonedirectory\/frequentlycalled\">Oihana Hoonaauao Mokuaina o Hawaii<br>KAHEA MAU MAU HELU<\/a><\/div>\n<\/div>","protected":false},"excerpt":{"rendered":"<p>A A+ Program808-294-0178 Accounting Branch808-784-6300 Adult Education808-784-6454 Advanced Placement808-784-6455 Art Education808-784-6422 Athletics808-421-4394 B Background Check, Employees808-441-8322 Budget808-784-6020 Bus Transportation808-784-6850 C Career and Tech. Ed.808-784-6456 Child Abuse &amp; Neglect Reporting Line808-832-5300 Civil Rights Compliance Office808-784-6325Email Communications Branch808-784-6200Email Community Engagement Branch (CEB)808-305-0691Fax: 808-377-7733 D Drivers Education808-784-6506 E Early Childhood (Executive Office of Early Learning, PreK)808-586-3811 Employee Benefits [&hellip;]<\/p>","protected":false},"author":8,"featured_media":0,"parent":155,"menu_order":14,"comment_status":"closed","ping_status":"closed","template":"","meta":{"_relevanssi_hide_post":"","_relevanssi_hide_content":"","_relevanssi_pin_for_all":"","_relevanssi_pin_keywords":"","_relevanssi_unpin_keywords":"","_relevanssi_related_keywords":"","_relevanssi_related_include_ids":"","_relevanssi_related_exclude_ids":"","_relevanssi_related_no_append":"","_relevanssi_related_not_related":"","_relevanssi_related_posts":"888,10495,8748,14249,15792,10803","_relevanssi_noindex_reason":"","_sitemap_exclude":false,"_sitemap_priority":"","_sitemap_frequency":"","_kad_blocks_custom_css":"","_kad_blocks_head_custom_js":"","_kad_blocks_body_custom_js":"","_kad_blocks_footer_custom_js":"","wp_popup_display_lightbox":0,"wp_popup_suppress":"","wp_popup_trigger":"","wp_popup_trigger_amount":0,"wp_popup_disable_on_mobile":false,"footnotes":""},"class_list":["post-158","page","type-page","status-publish","hentry"],"pp_statuses_selecting_workflow":false,"pp_workflow_action":"current","pp_status_selection":"publish","taxonomy_info":[],"featured_image_src_large":false,"author_info":{"display_name":"Ariana Enomoto","author_link":"https:\/\/hawaiipublicschools.org\/haw\/author\/arianastaceyleong-com\/"},"comment_info":0,"publishpress_future_action":{"enabled":false,"date":"2026-04-15 04:55:57","action":"change-status","newStatus":"draft","terms":[],"taxonomy":"","extraData":[]},"publishpress_future_workflow_manual_trigger":{"enabledWorkflows":[]},"_links":{"self":[{"href":"https:\/\/hawaiipublicschools.org\/haw\/wp-json\/wp\/v2\/pages\/158","targetHints":{"allow":["GET"]}}],"collection":[{"href":"https:\/\/hawaiipublicschools.org\/haw\/wp-json\/wp\/v2\/pages"}],"about":[{"href":"https:\/\/hawaiipublicschools.org\/haw\/wp-json\/wp\/v2\/types\/page"}],"author":[{"embeddable":true,"href":"https:\/\/hawaiipublicschools.org\/haw\/wp-json\/wp\/v2\/users\/8"}],"replies":[{"embeddable":true,"href":"https:\/\/hawaiipublicschools.org\/haw\/wp-json\/wp\/v2\/comments?post=158"}],"version-history":[{"count":0,"href":"https:\/\/hawaiipublicschools.org\/haw\/wp-json\/wp\/v2\/pages\/158\/revisions"}],"up":[{"embeddable":true,"href":"https:\/\/hawaiipublicschools.org\/haw\/wp-json\/wp\/v2\/pages\/155"}],"wp:attachment":[{"href":"https:\/\/hawaiipublicschools.org\/haw\/wp-json\/wp\/v2\/media?parent=158"}],"curies":[{"name":"wp","href":"https:\/\/api.w.org\/{rel}","templated":true}]}}