{"id":156,"date":"2024-09-05T00:16:43","date_gmt":"2024-09-05T00:16:43","guid":{"rendered":"https:\/\/hawaiipublicschools.org\/?page_id=156"},"modified":"2025-11-19T07:40:23","modified_gmt":"2025-11-19T17:40:23","slug":"report-an-issue","status":"publish","type":"page","link":"https:\/\/hawaiipublicschools.org\/haw\/contact\/report-an-issue\/","title":{"rendered":"H\u014d\u02bbike i kahi pilikia"},"content":{"rendered":"<h2 class=\"wp-block-heading\">Fraud and unethical behavior<\/h2>\n\n\n\n<p>M\u0101lama \u02bbia k\u0101 m\u0101kou limahana a me k\u0101 m\u0101kou mau kula i n\u0101 k\u016blana ki\u02bbeki\u02bbe o ka pono. In\u0101 loa\u02bba i\u0101 \u02bboe kekahi mana\u02bbo no ka hana ho\u02bbopunipuni a i \u02bbole ka pono \u02bbole, e \u02bbolu\u02bbolu e h\u014d\u02bbike i ka &#039;Oihana. Hiki ke hana \u02bbia me ka inoa \u02bbole, 24 mau hola o ka l\u0101, \u02bbehiku l\u0101 o ka pule, i k\u0101 m\u0101kou leka uila huna \u02bbole ma 855-233-8085 a i \u02bbole ma k\u0101 m\u0101kou <a href=\"https:\/\/secure.ethicspoint.com\/domain\/media\/en\/gui\/57591\/index.html\" target=\"_blank\" rel=\"noreferrer noopener\">lawelawe h\u014d\u02bbike p\u016bnaewele<\/a>.<\/p>\n\n\n\n<p>Hiki i n\u0101 la\u02bbana ke komo:<\/p>\n\n\n\n<ul class=\"wp-block-list\">\n<li>Ho\u02bbohana pono \u02bbole i ke k\u0101l\u0101.<\/li>\n\n\n\n<li>Hoopunipuni o na palapala.<\/li>\n\n\n\n<li>Kipe a kickbacks.<\/li>\n\n\n\n<li>\u02bbaihue k\u0101l\u0101 a i \u02bbole waiwai HIDOE.<\/li>\n\n\n\n<li>\u02bbO ke \u02bbano o ka limahana k\u016bpono \u02bbole.<\/li>\n\n\n\n<li>Ho\u02bbohana hewa i ka manawa HIDOE a i \u02bbole n\u0101 kumuwaiwai.<\/li>\n<\/ul>\n\n\n\n<h2 class=\"wp-block-heading\">Code of Conduct<\/h2>\n\n\n\n<p>Mamuli o ka Papa Hoonaauao <a href=\"http:\/\/boe.hawaii.gov\/policies\/Board%20Policies\/Accountability%20of%20Employees.pdf\" target=\"_blank\" rel=\"noreferrer noopener\">Kulekele 201.2 (PDF)<\/a>, Ke kuleana o na limahana, na DOE <a href=\"\/haw\/DOE%20Forms\/CodeofConduct.pdf\/\" target=\"_blank\" rel=\"noreferrer noopener\">Code of Conduct (PDF)<\/a>pili i n\u0101 limahana a pau, n\u0101 \u02bbaelike a me n\u0101 mea hana manawale\u02bba.<\/p>\n\n\n\n<h2 class=\"wp-block-heading\">N\u0101 Mana\u02bbo Kuleana Kivila<\/h2>\n\n\n\n<p>Na ka Oihana <a href=\"\/haw\/useful-links\/policies\/nondiscrimination-policy\/\">L\u0101l\u0101 Ho\u02bbok\u014d Pono Kivila<\/a> (CRCB) e kama\u02bbilio i ka ho\u02bbokae i loko o ka &#039;Oihana, a paipai i ka manawa like ma n\u0101 papahana ho\u02bbona\u02bbauao a me n\u0101 hana no n\u0101 haum\u0101na a me ka manawa like i ka hana no n\u0101 mea noi a me n\u0101 limahana. Na CRCB ke kuleana o ka &#039;Oihana holo&#039;oko&#039;a e ho&#039;ok\u014d i n\u0101 k\u0101n\u0101wai ho&#039;okae &#039;ole o ka moku&#039;\u0101ina a me ke aupuni pekelala. Hana \u02bbo CRCB i n\u0101 noi\u02bbi ho\u02bbomalu k\u016bloko o n\u0101 hewa i \u02bb\u014dlelo \u02bbia a h\u0101\u02bbawi i ka ho\u02bboma\u02bbama\u02bba a\/a i \u02bbole ke alaka\u02bbi \u02bbana i n\u0101 pilikia k\u012bwila \u0101kea.&nbsp;<\/p>\n\n\n\n<h2 class=\"wp-block-heading\">\u02bbO ka ho\u02bbokele hewa \u02bbana o ke k\u0101l\u0101 Federal<\/h2>\n\n\n\n<p>\u02bbO ka mea \u02bbike a mana\u02bbo paha i ka ho\u02bbopunipuni, ka \u02bb\u014dpala, ka ho\u02bbom\u0101inoino, ka ho\u02bbokele hewa \u02bbana, a i \u02bbole ka uhaki \u02bbana i n\u0101 k\u0101n\u0101wai a me n\u0101 ho\u02bboponopono e pili ana i ke k\u0101l\u0101 o ka &#039;Oihana Ho\u02bbona\u02bbauao o \u02bbAmelika, pono e ho\u02bboka\u02bba\u02bbike i ke Ke\u02bbena Luna Nui (OIG) Hotline. Ho\u02bbopili k\u0113ia i n\u0101 \u02bb\u014dlelo ho\u02bbopi\u02bbi no ka hewa i mana\u02bbo \u02bbia e n\u0101 limahana o ka &#039;Oihana, n\u0101 \u02bbaelike, n\u0101 mea h\u0101\u02bbawi, n\u0101 kula, n\u0101 luna kula, a me n\u0101 mea manawale\u02bba.<\/p>\n\n\n\n<p>Kaomi ma <a href=\"https:\/\/oig.ed.gov\/oig-hotline\" target=\"_blank\" rel=\"noreferrer noopener\">ka OIG Hotline<\/a> e hoomaka i ka hoike.<\/p>\n\n\n\n<h2 class=\"wp-block-heading\">P\u016bnaewele<\/h2>\n\n\n\n<p>In\u0101 he pilikia k\u0101u e komo ai a ho\u02bbohana paha i k\u0113ia p\u016bnaewele, e leka uila <a href=\"mailto:webmaster@k12.hi.us\" target=\"_blank\" rel=\"noreferrer noopener\">webmaster@k12.hi.us<\/a>.  <\/p>\n\n\n\n<p><\/p>","protected":false},"excerpt":{"rendered":"<p>Fraud and unethical behavior Our staff and our schools are held to high standards of integrity. If you have any concerns of fraudulent or unethical behavior, please report it to the Department. It may be done anonymously, 24 hours a day, seven days a week, to our confidential toll-free hotline at 855-233-8085\u200b\u200b or at our [&hellip;]<\/p>","protected":false},"author":8,"featured_media":0,"parent":155,"menu_order":12,"comment_status":"closed","ping_status":"closed","template":"","meta":{"_relevanssi_hide_post":"","_relevanssi_hide_content":"","_relevanssi_pin_for_all":"","_relevanssi_pin_keywords":"","_relevanssi_unpin_keywords":"","_relevanssi_related_keywords":"","_relevanssi_related_include_ids":"","_relevanssi_related_exclude_ids":"","_relevanssi_related_no_append":"","_relevanssi_related_not_related":"","_relevanssi_related_posts":"8795,10169,8804,9777,888,9713","_relevanssi_noindex_reason":"","_sitemap_exclude":false,"_sitemap_priority":"","_sitemap_frequency":"","_kad_blocks_custom_css":"","_kad_blocks_head_custom_js":"","_kad_blocks_body_custom_js":"","_kad_blocks_footer_custom_js":"","wp_popup_display_lightbox":0,"wp_popup_suppress":"","wp_popup_trigger":"","wp_popup_trigger_amount":0,"wp_popup_disable_on_mobile":false,"footnotes":""},"class_list":["post-156","page","type-page","status-publish","hentry"],"pp_statuses_selecting_workflow":false,"pp_workflow_action":"current","pp_status_selection":"publish","taxonomy_info":[],"featured_image_src_large":false,"author_info":{"display_name":"Ariana Enomoto","author_link":"https:\/\/hawaiipublicschools.org\/haw\/author\/arianastaceyleong-com\/"},"comment_info":0,"publishpress_future_action":{"enabled":false,"date":"2026-04-26 19:15:07","action":"change-status","newStatus":"draft","terms":[],"taxonomy":"","extraData":[]},"publishpress_future_workflow_manual_trigger":{"enabledWorkflows":[]},"_links":{"self":[{"href":"https:\/\/hawaiipublicschools.org\/haw\/wp-json\/wp\/v2\/pages\/156","targetHints":{"allow":["GET"]}}],"collection":[{"href":"https:\/\/hawaiipublicschools.org\/haw\/wp-json\/wp\/v2\/pages"}],"about":[{"href":"https:\/\/hawaiipublicschools.org\/haw\/wp-json\/wp\/v2\/types\/page"}],"author":[{"embeddable":true,"href":"https:\/\/hawaiipublicschools.org\/haw\/wp-json\/wp\/v2\/users\/8"}],"replies":[{"embeddable":true,"href":"https:\/\/hawaiipublicschools.org\/haw\/wp-json\/wp\/v2\/comments?post=156"}],"version-history":[{"count":0,"href":"https:\/\/hawaiipublicschools.org\/haw\/wp-json\/wp\/v2\/pages\/156\/revisions"}],"up":[{"embeddable":true,"href":"https:\/\/hawaiipublicschools.org\/haw\/wp-json\/wp\/v2\/pages\/155"}],"wp:attachment":[{"href":"https:\/\/hawaiipublicschools.org\/haw\/wp-json\/wp\/v2\/media?parent=156"}],"curies":[{"name":"wp","href":"https:\/\/api.w.org\/{rel}","templated":true}]}}