{"id":155,"date":"2024-09-05T00:16:21","date_gmt":"2024-09-05T00:16:21","guid":{"rendered":"https:\/\/hawaiipublicschools.org\/?page_id=155"},"modified":"2025-04-14T16:20:19","modified_gmt":"2025-04-15T02:20:19","slug":"contact","status":"publish","type":"page","link":"https:\/\/hawaiipublicschools.org\/haw\/contact\/","title":{"rendered":"Ho\u02bbopili"},"content":{"rendered":"<p class=\"intro\" style=\"font-size:clamp(0.875rem, 0.875rem + ((1vw - 0.2rem) * 0.531), 1.3rem);\">Ho\u02bbohana \u02bbia k\u0101 m\u0101kou mau ke\u02bbena i ka P\u014d\u02bbakahi a hiki i ka P\u014d\u02bbalima mai 7:45 am a 4:30 pm, koe na\u02bbe n\u0101 hopena pule a me n\u0101 l\u0101 ho\u02bbomaha aupuni.<\/p>\n\n\n\n<h2 class=\"wp-block-heading\">Helu leka<\/h2>\n\n\n\n<p>Keena o ka Luna Nui<br>Pahu Leta 2360<br>Honolulu, HI 96804<\/p>\n\n\n\n<p>Ph: 808-784-6200<br><a href=\"mailto:doeinfo@k12.hi.us\">leka uila<\/a><\/p>\n\n\n\n<h2 class=\"wp-block-heading\">Laina ho\u02bbopunipuni a me n\u0101 loina<\/h2>\n\n\n\n<p>In\u0101 \u02bbike \u02bboe a mana\u02bbo paha \u02bboe i ka ho\u02bbopunipuni a i \u02bbole ka hana pono \u02bbole, hiki i\u0101 \u02bboe ke h\u014d\u02bbike i k\u0101u mau mana\u02bbo i ka &#039;Oihana me ka inoa \u02bbole 24 mau hola o ka l\u0101, \u02bbehiku l\u0101 o ka pule, ma o k\u0101 m\u0101kou leka uila huna \u02bbole ma 855-233-8085 <a href=\"https:\/\/secure.ethicspoint.com\/domain\/media\/en\/gui\/57591\/index.html\">lawelawe h\u014d\u02bbike p\u016bnaewele<\/a>.<\/p>\n\n\n\n<h2 class=\"wp-block-heading\">E h\u014d\u02bbike i kahi hanana ho\u02bboweliweli<\/h2>\n\n\n\n<p>E h\u014d\u02bbike me ka inoa \u02bbole i n\u0101 limahana kula k\u016bpono e ho\u02bbohana ana i ka <a href=\"http:\/\/www.speaknowhidoe.com\">E \u02bb\u014dlelo i k\u0113ia manawa App<\/a>. Paipai \u02bbia n\u0101 haum\u0101na e h\u014d\u02bbike i n\u0101 hanana ho\u02bboweliweli i kahi kanaka makua hilina\u02bbi.<\/p>\n\n\n\n<h2 class=\"wp-block-heading\">Helu kelepona ma\u02bbamau<\/h2>\n\n\n\n<p><a href=\"https:\/\/iportal.k12.hi.us\/phonedirectory\/frequentlycalled\" target=\"_blank\" rel=\"noreferrer noopener\">Papa kuhikuhi kelepona<\/a><\/p>\n\n\n\n<h3 class=\"wp-block-heading\">Ke\u02bbena ho\u02bbokele k\u0101lena<\/h3>\n\n\n\n<ul class=\"wp-block-list\">\n<li>Koi Kumu: 808-441-8444<\/li>\n\n\n\n<li>H\u014d\u02bboia o n\u0101 limahana, n\u0101 k\u016blana i h\u014d\u02bboia \u02bbia: 808-441-8364<\/li>\n\n\n\n<li>H\u014d\u02bboia o n\u0101 limahana, n\u0101 k\u016blana i helu \u02bbia: 808-441-8350<\/li>\n<\/ul>\n\n\n\n<h3 class=\"wp-block-heading\">Ke\u02bbena o n\u0101 lawelawe k\u0101l\u0101<\/h3>\n\n\n\n<ul class=\"wp-block-list\">\n<li>Uku: E kau i kahi hanana ServiceNow ma <a href=\"http:\/\/help.hidoe.org\/\">help.hidoe.org<\/a> (Pono \u02bbia \u02bbo Microsoft Single Sign-On) a i \u02bbole e kelepona i ka IT Help Desk ma 808-564-6000 e kau i kahi hanana ma ke kelepona.<\/li>\n\n\n\n<li>Uku mea k\u016b\u02bbai: 808-784-6130<\/li>\n<\/ul>\n\n\n\n<h3 class=\"wp-block-heading\">Ke\u02bbena o n\u0101 pono a me n\u0101 hana<\/h3>\n\n\n\n<ul class=\"wp-block-list\">\n<li>N\u0101 lawelawe mea\u02bbai: 808-784-5500<\/li>\n\n\n\n<li>Ka\u02bba Ka\u02bba Ka\u02bba Haum\u0101na\/Kaa Kula: 808-784-6850<\/li>\n<\/ul>\n\n\n\n<h2 class=\"wp-block-heading\">noi palapala lehulehu<\/h2>\n\n\n\n<p>No ke noi \u02bbana i n\u0101 mo\u02bbolelo lehulehu ma lalo o ke Uniform Information Practices Act (UIPA), e \u02bbolu\u02bbolu e ho\u02bbouna i k\u0101u noi ma ke k\u0101kau \u02bbana ma ka leka uila i\u0101 <a href=\"mailto:doeinfo@k12.hi.us\">doeinfo@k12.hi.us<\/a> a i \u02bbole ma ka leka uila i ke Ke\u02bbena Ho\u02bbona\u02bbauao o ka Moku\u02bb\u0101ina \u02bbo Hawai\u02bbi, ATTN: UIPA Coordinator, 1390 Miller St., Rm 305, Honolulu, HI 96813. E \u02bbolu\u02bbolu e h\u0101\u02bbawi mai i ka \u02bbike pili pono no m\u0101kou e ho\u02bboka\u02bba\u02bbike aku i\u0101 \u02bboe, kahi wehewehe kiko\u02bb\u012b o ka mo\u02bbolelo i noi \u02bbia, a h\u014d\u02bbike i ke \u02bbano \u0101u e makemake ai e loa\u02bba ka mo\u02bbolelo (e la\u02bba, ki\u02bbi kope, leka uila, a leka uila paha). No ke alaka\u02bbi hou aku e pili ana i ka waiho \u02bbana i kahi noi UIPA, a i \u02bbole e ho\u02bboiho i kahi palapala noi UIPA, e kipa i ka <a href=\"http:\/\/oip.hawaii.gov\" data-type=\"link\" data-id=\"http:\/\/oip.hawaii.gov\" target=\"_blank\" rel=\"noreferrer noopener\">Paena p\u016bnaewele o Office of Information Practices<\/a>.<\/p>\n\n\n\n<p><\/p>","protected":false},"excerpt":{"rendered":"<p>Our offices are staffed Monday through Friday from 7:45 a.m. to 4:30 p.m., with the exception of weekends and state-observed holidays. Mailing address Office of the SuperintendentP.O. Box 2360Honolulu, HI 96804 Ph: 808-784-6200Email Fraud and ethics hotline \u200bIf you know of or suspect any fraud or unethical behavior, you can report your concerns to the [&hellip;]<\/p>","protected":false},"author":8,"featured_media":0,"parent":0,"menu_order":68,"comment_status":"closed","ping_status":"closed","template":"wp-custom-template-page-for-custom-sidebar","meta":{"_relevanssi_hide_post":"","_relevanssi_hide_content":"","_relevanssi_pin_for_all":"","_relevanssi_pin_keywords":"","_relevanssi_unpin_keywords":"","_relevanssi_related_keywords":"","_relevanssi_related_include_ids":"","_relevanssi_related_exclude_ids":"","_relevanssi_related_no_append":"","_relevanssi_related_not_related":"","_relevanssi_related_posts":"","_relevanssi_noindex_reason":"","_sitemap_exclude":false,"_sitemap_priority":"","_sitemap_frequency":"","_kad_blocks_custom_css":"","_kad_blocks_head_custom_js":"","_kad_blocks_body_custom_js":"","_kad_blocks_footer_custom_js":"","wp_popup_display_lightbox":0,"wp_popup_suppress":"","wp_popup_trigger":"","wp_popup_trigger_amount":0,"wp_popup_disable_on_mobile":false,"footnotes":""},"class_list":["post-155","page","type-page","status-publish","hentry"],"pp_statuses_selecting_workflow":false,"pp_workflow_action":"current","pp_status_selection":"publish","taxonomy_info":[],"featured_image_src_large":false,"author_info":{"display_name":"Ariana Enomoto","author_link":"https:\/\/hawaiipublicschools.org\/haw\/author\/arianastaceyleong-com\/"},"comment_info":0,"publishpress_future_action":{"enabled":false,"date":"2026-04-28 05:16:39","action":"change-status","newStatus":"draft","terms":[],"taxonomy":"","extraData":[]},"publishpress_future_workflow_manual_trigger":{"enabledWorkflows":[]},"_links":{"self":[{"href":"https:\/\/hawaiipublicschools.org\/haw\/wp-json\/wp\/v2\/pages\/155","targetHints":{"allow":["GET"]}}],"collection":[{"href":"https:\/\/hawaiipublicschools.org\/haw\/wp-json\/wp\/v2\/pages"}],"about":[{"href":"https:\/\/hawaiipublicschools.org\/haw\/wp-json\/wp\/v2\/types\/page"}],"author":[{"embeddable":true,"href":"https:\/\/hawaiipublicschools.org\/haw\/wp-json\/wp\/v2\/users\/8"}],"replies":[{"embeddable":true,"href":"https:\/\/hawaiipublicschools.org\/haw\/wp-json\/wp\/v2\/comments?post=155"}],"version-history":[{"count":0,"href":"https:\/\/hawaiipublicschools.org\/haw\/wp-json\/wp\/v2\/pages\/155\/revisions"}],"wp:attachment":[{"href":"https:\/\/hawaiipublicschools.org\/haw\/wp-json\/wp\/v2\/media?parent=155"}],"curies":[{"name":"wp","href":"https:\/\/api.w.org\/{rel}","templated":true}]}}