{"id":151,"date":"2024-09-05T00:13:09","date_gmt":"2024-09-05T00:13:09","guid":{"rendered":"https:\/\/hawaiipublicschools.org\/?page_id=151"},"modified":"2025-03-28T14:49:26","modified_gmt":"2025-03-29T00:49:26","slug":"web-accessibility-notice","status":"publish","type":"page","link":"https:\/\/hawaiipublicschools.org\/haw\/useful-links\/policies\/web-accessibility-notice\/","title":{"rendered":"Ho\u02bbolaha Ho\u02bbolaha P\u016bnaewele"},"content":{"rendered":"<p class=\"intro\" style=\"font-size:clamp(0.875rem, 0.875rem + ((1vw - 0.2rem) * 0.531), 1.3rem);\">Ua \u02bbike ke Ke\u02bbena Ho\u02bbona\u02bbauao o ka Moku\u02bb\u0101ina \u02bbo Hawai\u02bbi i ke ko\u02bbiko\u02bbi o ka h\u014d\u02bboia \u02bbana e hiki a hiki ke ho\u02bbohana \u02bbia k\u0101 m\u0101kou p\u016bnaewele i n\u0101 malihini a pau.<\/p>\n\n\n\n<p>Ho\u02bbopili k\u0113ia i n\u0101 ho\u02bboikaika \u02bbana e k\u016blike me n\u0101 mana o k\u0113ia manawa o W3C&#039;s Web Content Accessibility Guidelines (WCAG) a me ka Web Accessibility Initiative Accessible Rich Internet Applications Suite (WAI-ARIA).&nbsp;<\/p>\n\n\n\n<p>Ke \u02bbimi mau nei m\u0101kou i n\u0101 ho\u02bbon\u0101 e lawe i n\u0101 wahi \u0101pau o ka p\u016bnaewele i ka pae like o ka hiki ke loa\u02bba p\u016bnaewele holo\u02bboko\u02bba. I k\u0113ia manawa, in\u0101 pilikia \u02bboe i ke komo \u02bbana i k\u0101 m\u0101kou p\u016bnaewele, e \u02bbolu\u02bbolu e kelepona mai i\u0101 m\u0101kou ma ka ho\u02bbouna \u02bbana i ka leka uila <a href=\"mailto:webmaster@k12.hi.us\" target=\"_blank\" rel=\"noreferrer noopener\">Kahu P\u016bnaewele<\/a>.&nbsp;<\/p>\n\n\n\n<p>\u02bbO k\u0113l\u0101 me k\u0113ia kanaka i mana\u02bbo\u02bbi\u02bbo ua ho\u02bbokae ka HIDOE i\u0101 l\u0101kou ma muli o ko l\u0101kou kino k\u012bn\u0101 a no laila ua uhaki i ka Pauku 504 o ka Rehabilitation Act a\/a i \u02bbole Title II o ka Americans with Disabilities Act (ADA), hiki ke waiho i kahi ho\u02bbopi\u02bbi ma ke kelepona \u02bbana:&nbsp;<\/p>\n\n\n\n<p>L\u0101l\u0101 Ho\u02bbok\u014d Pono Kivila&nbsp;<br>\u02bbOihana Ho\u02bbona\u02bbauao o ka Moku\u02bb\u0101ina \u02bbo Hawai\u02bbi&nbsp;<br>Pahu Leta 2360&nbsp;<br>Honolulu, HI 96804&nbsp;<\/p>\n\n\n\n<p>Ph: 808-784-6325\u00a0<br>Fax: 808-586-3331\u00a0<br><a href=\"mailto:crcb@k12.hi.us\" data-type=\"mailto\" data-id=\"mailto:crcb@k12.hi.us\">CRCB@k12.hi.us<\/a><\/p>\n\n\n\n<p><\/p>","protected":false},"excerpt":{"rendered":"<p>The Hawai\u02bbi State Department of Education recognizes the importance of ensuring our website is accessible and usable to all visitors. This includes efforts to conform to the current versions of W3C\u2019s Web Content Accessibility Guidelines (WCAG) and the Web Accessibility Initiative Accessible Rich Internet Applications Suite (WAI-ARIA).&nbsp; We are continually seeking solutions that will bring [&hellip;]<\/p>","protected":false},"author":8,"featured_media":0,"parent":148,"menu_order":15,"comment_status":"closed","ping_status":"closed","template":"","meta":{"_relevanssi_hide_post":"","_relevanssi_hide_content":"","_relevanssi_pin_for_all":"","_relevanssi_pin_keywords":"","_relevanssi_unpin_keywords":"","_relevanssi_related_keywords":"","_relevanssi_related_include_ids":"","_relevanssi_related_exclude_ids":"","_relevanssi_related_no_append":"","_relevanssi_related_not_related":"","_relevanssi_related_posts":"","_relevanssi_noindex_reason":"","_sitemap_exclude":false,"_sitemap_priority":"","_sitemap_frequency":"","_kad_blocks_custom_css":"","_kad_blocks_head_custom_js":"","_kad_blocks_body_custom_js":"","_kad_blocks_footer_custom_js":"","wp_popup_display_lightbox":0,"wp_popup_suppress":"","wp_popup_trigger":"","wp_popup_trigger_amount":0,"wp_popup_disable_on_mobile":false,"footnotes":""},"class_list":["post-151","page","type-page","status-publish","hentry"],"pp_statuses_selecting_workflow":false,"pp_workflow_action":"current","pp_status_selection":"publish","taxonomy_info":[],"featured_image_src_large":false,"author_info":{"display_name":"Ariana Enomoto","author_link":"https:\/\/hawaiipublicschools.org\/haw\/author\/arianastaceyleong-com\/"},"comment_info":0,"publishpress_future_action":{"enabled":false,"date":"2026-04-26 09:01:29","action":"change-status","newStatus":"draft","terms":[],"taxonomy":"","extraData":[]},"publishpress_future_workflow_manual_trigger":{"enabledWorkflows":[]},"_links":{"self":[{"href":"https:\/\/hawaiipublicschools.org\/haw\/wp-json\/wp\/v2\/pages\/151","targetHints":{"allow":["GET"]}}],"collection":[{"href":"https:\/\/hawaiipublicschools.org\/haw\/wp-json\/wp\/v2\/pages"}],"about":[{"href":"https:\/\/hawaiipublicschools.org\/haw\/wp-json\/wp\/v2\/types\/page"}],"author":[{"embeddable":true,"href":"https:\/\/hawaiipublicschools.org\/haw\/wp-json\/wp\/v2\/users\/8"}],"replies":[{"embeddable":true,"href":"https:\/\/hawaiipublicschools.org\/haw\/wp-json\/wp\/v2\/comments?post=151"}],"version-history":[{"count":0,"href":"https:\/\/hawaiipublicschools.org\/haw\/wp-json\/wp\/v2\/pages\/151\/revisions"}],"up":[{"embeddable":true,"href":"https:\/\/hawaiipublicschools.org\/haw\/wp-json\/wp\/v2\/pages\/148"}],"wp:attachment":[{"href":"https:\/\/hawaiipublicschools.org\/haw\/wp-json\/wp\/v2\/media?parent=151"}],"curies":[{"name":"wp","href":"https:\/\/api.w.org\/{rel}","templated":true}]}}