{"id":15,"date":"2026-04-02T00:01:33","date_gmt":"2026-04-02T10:01:33","guid":{"rendered":"https:\/\/hawaiipublicschools.org\/?page_id=15"},"modified":"2026-04-02T00:01:33","modified_gmt":"2026-04-02T10:01:33","slug":"how-to-enroll","status":"publish","type":"page","link":"https:\/\/hawaiipublicschools.org\/haw\/enrolling-in-school\/how-to-enroll\/","title":{"rendered":"Pehea e kau inoa ai"},"content":{"rendered":"<div class=\"wp-block-columns double_col_sidebar is-layout-flex wp-container-core-columns-is-layout-28f84493 wp-block-columns-is-layout-flex\">\n<div class=\"wp-block-column left_col is-layout-flow wp-block-column-is-layout-flow\">\n<p class=\"intro\">Enrolling in Hawai\u02bbi&#8217;s public schools is a simple process. Follow the steps below to get started. Find answers to commonly asked questions in our <a href=\"https:\/\/hawaiipublicschools.org\/haw\/enrolling-in-school\/enrollment-faqs\/\" data-type=\"page\" data-id=\"4648\">FAQs<\/a>. If you have additional questions, please <a href=\"\/haw\/enrolling-in-school\/find-your-school\/\">e ho\u02bbopili i ke kula<\/a> pololei.<\/p>\n\n\n\n<h2 class=\"wp-block-heading\">N\u0101 \u02bbanu\u02bbu e k\u0101kau inoa<\/h2>\n\n\n\n<p>These steps apply to kindergarten through high school enrollment.&nbsp;Children who are 5 years old by July 31 enroll in kindergarten for that school year. Children who turn 5 on August 1 or later enroll the following school year. For information on enrollment in public preschool programs (e.g., EOEL, SPED), please contact the <a href=\"https:\/\/earlylearning.ehawaii.gov\/wf\/index.html\">Executive Office on Early Learning (EOEL)<\/a> a <a href=\"https:\/\/hawaiipublicschools.org\/haw\/school-services\/does-my-child-have-a-disability-child-find\/\">Huli keiki<\/a>.<\/p>\n\n\n\n<p><\/p>\n\n\n\n<div class=\"wp-block-columns is-layout-flex wp-container-core-columns-is-layout-87ca924f wp-block-columns-is-layout-flex\" style=\"margin-top:0vw;margin-bottom:3vw\">\n<div class=\"wp-block-column is-layout-flow wp-block-column-is-layout-flow\" style=\"flex-basis:8vw\">\n<p class=\"number_circle\">1<\/p>\n<\/div>\n\n\n\n<div class=\"wp-block-column is-layout-flow wp-block-column-is-layout-flow\" style=\"flex-basis:85%\">\n<h3 class=\"wp-block-heading\" style=\"margin-bottom:0.2rem;font-size:clamp(1.146rem, 1.146rem + ((1vw - 0.2rem) * 0.818), 1.8rem);\">E ho\u02bboholo i ka pono o ke kula<\/h3>\n\n\n\n<ul class=\"wp-block-list\">\n<li><strong>E \u02bbimi i k\u0101u kula<\/strong>: E ho\u02bbohana i ka <a href=\"https:\/\/hidoe.maps.arcgis.com\/apps\/webappviewer\/index.html?id=69f6b96049794d5592bb355b9cf12ec4\" target=\"_blank\" rel=\"noreferrer noopener\">Mea Huli Huli Kula<\/a> e \u02bbike i k\u0101u kula i koho \u02bbia ma muli o k\u0101u helu wahi. <\/li>\n\n\n\n<li>Pono k\u0101u keiki e hele i ke kula e lawelawe ana i kou wahi noho.<\/li>\n\n\n\n<li>No ke k\u0101kau inoa \u02bbana i k\u0101u haum\u0101na ma ke kula ho\u02bbolimalima aupuni o Hawai\u02bbi, e \u02bbolu\u02bbolu <a href=\"https:\/\/www.chartercommission.hawaii.gov\/find-a-charter-school\" target=\"_blank\" rel=\"noreferrer noopener\">e kelepona i ke kula ho\u02bbolimalima<\/a> pololei no ka \u02bbike hou aku e pili ana i k\u0101 l\u0101kou mau ka\u02bbina hana komo a me n\u0101 l\u0101 palena.<\/li>\n<\/ul>\n<\/div>\n<\/div>\n\n\n\n<div class=\"wp-block-columns is-layout-flex wp-container-core-columns-is-layout-87ca924f wp-block-columns-is-layout-flex\" style=\"margin-top:0vw;margin-bottom:3vw\">\n<div class=\"wp-block-column is-layout-flow wp-block-column-is-layout-flow\" style=\"flex-basis:8vw\">\n<p class=\"number_circle\">2<\/p>\n<\/div>\n\n\n\n<div class=\"wp-block-column is-layout-flow wp-block-column-is-layout-flow\" style=\"flex-basis:85%\">\n<h3 class=\"wp-block-heading\" style=\"margin-bottom:0.4rem;font-size:clamp(1.146rem, 1.146rem + ((1vw - 0.2rem) * 0.818), 1.8rem);\">E hoomakaukau i na Palapala<\/h3>\n\n\n\n<ul class=\"wp-block-list\">\n<li><strong><a href=\"\/haw\/DOE%20Forms\/Enrollment\/SIS-10W.pdf\/\" target=\"_blank\" rel=\"noreferrer noopener\">Pepa Koho Haumana (PDF)<\/a> <\/strong>a me ka <a href=\"\/wp-content\/uploads\/Supplemental-Kindergarten-Enrollment-Form.pdf\" data-type=\"attachment\" data-id=\"17471\" target=\"_blank\" rel=\"noreferrer noopener\">Pepa Ho\u02bbopa\u02bba inoa Kindergarten (PDF)<\/a> no n\u0101 haum\u0101na e komo ana i ka Kindergarten.<\/li>\n\n\n\n<li><a href=\"\/haw\/DOE%20Forms\/Enrollment\/HomeLanguageSurvey.pdf\/\" target=\"_blank\" rel=\"noreferrer noopener\"><strong>N\u0101n\u0101 &#039;\u014clelo Home (PDF)<\/strong><\/a>. The&nbsp;<a href=\"https:\/\/hawaiipublicschools.org\/haw\/DOE%20Forms\/Enrollment\/LanguageList.pdf\/\" target=\"_blank\" rel=\"noreferrer noopener\">Language List<\/a>&nbsp;may be used to assist with completing the HLS. Translated documents in your preferred language are also available below.<\/li>\n\n\n\n<li><strong>ID ki\u02bbi k\u016bpono o ka makua\/m\u0101kua<\/strong>.<\/li>\n\n\n\n<li><strong>Hooiaio o ka noho ana<\/strong>: Bila ho\u02bbohana, \u02bbaelike ho\u02bbolimalima, a i \u02bbole n\u0101 palapala mana \u02bb\u0113 a\u02bbe e h\u014d\u02bbike ana i k\u0101u helu wahi o k\u0113ia manawa.\n<ul class=\"wp-block-list\">\n<li>Hiki ke \u02bbae \u02bbia e ke kula kahi \u02bb\u014dlelo notarized a ka \u02bbohana\/hoaaloha me k\u0113ia \u02bb\u014dlelo: (a) Pono ka \u02bb\u014dlelo notarized e h\u014d\u02bbike i ka noho \u02bbana o ka makua\/ kahu m\u0101lama k\u0101n\u0101wai a me ke keiki me ka \u02bbohana\/hoaaloha; (b) Pono e h\u014d\u02bbike i ka \u02bb\u014dlelo notarized i ka inoa o ka \u02bbohana\/hoaaloha ma ka h\u014d\u02bbike o ka \u02bbohana\/hoaaloha o ka noho k\u0101n\u0101wai; (c) Pono ka \u02bb\u014dlelo notarized e h\u014d\u02bbike i ka helu wahi like o ka \u02bbohana\/hoaaloha i loa\u02bba ma ka h\u014d\u02bbike \u02bbana o ka \u02bbohana\/hoaaloha o ka noho k\u0101n\u0101wai; (d) Pono e ho\u02bbopili \u02bbia kahi kope o ka h\u014d\u02bbike \u02bbana o ka \u02bbohana\/hoaaloha o ka noho k\u0101n\u0101wai i ka \u02bb\u014dlelo notarized; a (e) Pono e p\u016blima \u02bbia ka \u02bb\u014dlelo i k\u0101kau \u02bbia ma ka inoa like o ka \u02bbohana\/hoaaloha ma ka h\u014d\u02bbike o ka \u02bbohana\/hoaaloha o ka noho k\u0101n\u0101wai.<\/li>\n<\/ul>\n<\/li>\n\n\n\n<li><strong>Palapala h\u0101nau<\/strong>: No ka h\u014d\u02bboia makahiki. Ua \u02bbae \u02bbia ka passport haum\u0101na a i \u02bbole ka visa haum\u0101na no n\u0101 haum\u0101na haole.<\/li>\n\n\n\n<li><strong>N\u0101 \u02bbohana ma ka hale pa\u02bba \u02bbole:<\/strong> Ua uhi \u02bbia n\u0101 \u02bbohana e loa\u02bba ana i ka hale pa\u02bba \u02bbole e n\u0101 alaka\u02bbi k\u0101kau inoa i h\u0101\u02bbawi \u02bbia ma ke k\u0101n\u0101wai McKinney-Vento. E \u02bbolu\u02bbolu e kelepona i\u0101 a&nbsp;<a href=\"https:\/\/docs.google.com\/spreadsheets\/d\/14bLiX0YVH59fEo_IiV825fX2D0S3kiVuKN1W7WisDWo\/edit?gid=1131496463#gid=1131496463\" target=\"_blank\" rel=\"noreferrer noopener\">hui kaiaulu<\/a>&nbsp;ma kou wahi.<\/li>\n<\/ul>\n\n\n\n<p><\/p>\n\n\n\n<p>\u02bbO ka ho\u02bbopunipuni \u02bbana i n\u0101 palapala i waiho \u02bbia e kau \u02bbia ka ho\u02bbopa\u02bbi ma lalo o Hawai\u02bbi Revised Statutes 710-1063, e ho\u02bbiho\u02bbi \u02bbia ke keiki i ke kula kahi e hele pono ai. Hiki i ka &#039;Oihana ke ho&#039;opi&#039;i ma kona mana&#039;o.<\/p>\n<\/div>\n<\/div>\n\n\n\n<div class=\"wp-block-columns is-layout-flex wp-container-core-columns-is-layout-87ca924f wp-block-columns-is-layout-flex\" style=\"margin-top:0vw;margin-bottom:3vw\">\n<div class=\"wp-block-column is-layout-flow wp-block-column-is-layout-flow\" style=\"flex-basis:8vw\">\n<p class=\"number_circle\">3<\/p>\n<\/div>\n\n\n\n<div class=\"wp-block-column is-layout-flow wp-block-column-is-layout-flow\" style=\"flex-basis:85%\">\n<h3 class=\"wp-block-heading\" style=\"font-size:clamp(1.146rem, 1.146rem + ((1vw - 0.2rem) * 0.818), 1.8rem);\">E ho\u02bbopiha i ka palapala k\u0101kau inoa<\/h3>\n\n\n\n<p>Visit your designated school in-person to complete the enrollment process.<\/p>\n\n\n\n<ul class=\"wp-block-list\"><\/ul>\n<\/div>\n<\/div>\n\n\n\n<h2 class=\"wp-block-heading\">unuhi palapala<\/h2>\n\n\n\n<h3 class=\"wp-block-heading\">Pepa Komo Haumana<\/h3>\n\n\n\n<p>\u02bbO ka <a href=\"\/haw\/DOE%20Forms\/Enrollment\/SIS-10W.pdf\/\" data-type=\"link\" data-id=\"\/DOE%20Forms\/Enrollment\/SIS-10W.pdf\" target=\"_blank\" rel=\"noreferrer noopener\">Pepa Koho Haumana (PDF)<\/a> pono no na haumana a pau. Aia ma lalo n\u0101 palapala i unuhi \u02bbia ma k\u0101u \u02bb\u014dlelo makemake.<\/p>\n\n\n\n<div class=\"wp-block-columns is-layout-flex wp-container-core-columns-is-layout-28f84493 wp-block-columns-is-layout-flex\">\n<div class=\"wp-block-column is-layout-flow wp-block-column-is-layout-flow\">\n<ul class=\"wp-block-list\">\n<li><a href=\"\/haw\/DOE%20Forms\/Enrollment\/SIS-10W_Cebuano.pdf\/\" target=\"_blank\" rel=\"noreferrer noopener\">Cebuano<\/a><\/li>\n\n\n\n<li><a href=\"\/haw\/DOE%20Forms\/Enrollment\/SIS-10W_Chinese%20%28Simplified%29.pdf\/\" target=\"_blank\" rel=\"noreferrer noopener\">P\u0101k\u0113 (Ma\u02bbalahi)<\/a><\/li>\n\n\n\n<li><a href=\"\/haw\/DOE%20Forms\/Enrollment\/SIS-10W%20Rev_Chinese%20%28Traditional%29.pdf\/\" target=\"_blank\" rel=\"noreferrer noopener\">P\u0101k\u0113 (Ku\u02bbuna)<\/a><\/li>\n\n\n\n<li><a href=\"\/haw\/DOE%20Forms\/Enrollment\/SIS-10W_Chuukese.pdf\/\" target=\"_blank\" rel=\"noreferrer noopener\">Chuukese<\/a><\/li>\n\n\n\n<li>\u02bb<a href=\"\/haw\/DOE%20Forms\/Enrollment\/SIS-10W_Hawaiian.pdf\/\" target=\"_blank\" rel=\"noreferrer noopener\">\u02bb\u014clelo Hawai\u02bbi<\/a><\/li>\n<\/ul>\n<\/div>\n\n\n\n<div class=\"wp-block-column is-layout-flow wp-block-column-is-layout-flow\">\n<ul class=\"wp-block-list\">\n<li><a href=\"\/haw\/DOE%20Forms\/Enrollment\/SIS-10W_Ilocano.pdf\/\" target=\"_blank\" rel=\"noreferrer noopener\">\u02bbIloka\u02bbo<\/a><\/li>\n\n\n\n<li><a href=\"\/haw\/DOE%20Forms\/Enrollment\/SIS-10W_Japanese.pdf\/\" target=\"_blank\" rel=\"noreferrer noopener\">Kepan\u012b<\/a><\/li>\n\n\n\n<li><a href=\"\/haw\/DOE%20Forms\/Enrollment\/SIS-10W_Korean.pdf\/\" target=\"_blank\" rel=\"noreferrer noopener\">Kolea<\/a><\/li>\n\n\n\n<li><a href=\"\/haw\/DOE%20Forms\/Enrollment\/SIS-10W_Marshallese.pdf\/\" target=\"_blank\" rel=\"noreferrer noopener\">Marshallese<\/a><\/li>\n\n\n\n<li><a href=\"\/haw\/DOE%20Forms\/Enrollment\/SIS-10W_Samoan.pdf\/\" target=\"_blank\" rel=\"noreferrer noopener\">S\u0101moa<\/a><\/li>\n<\/ul>\n<\/div>\n\n\n\n<div class=\"wp-block-column is-layout-flow wp-block-column-is-layout-flow\">\n<ul class=\"wp-block-list\">\n<li><a href=\"\/haw\/DOE%20Forms\/Enrollment\/SIS-10W_Spanish.pdf\/\" target=\"_blank\" rel=\"noreferrer noopener\">Kepania<\/a><\/li>\n\n\n\n<li><a href=\"\/haw\/DOE%20Forms\/Enrollment\/SIS-10W_Tagalog.pdf\/\" target=\"_blank\" rel=\"noreferrer noopener\">Kakalo<\/a><\/li>\n\n\n\n<li><a href=\"\/haw\/DOE%20Forms\/Enrollment\/SIS-10W_Thai.pdf\/\" target=\"_blank\" rel=\"noreferrer noopener\">Kailani<\/a><\/li>\n\n\n\n<li><a href=\"\/haw\/DOE%20Forms\/Enrollment\/SIS-10W_Tongan.pdf\/\" target=\"_blank\" rel=\"noreferrer noopener\">Tonga<\/a><\/li>\n\n\n\n<li><a href=\"\/haw\/DOE%20Forms\/Enrollment\/SIS-10W_Vietnamese.pdf\/\" target=\"_blank\" rel=\"noreferrer noopener\">Vietnamese<\/a><\/li>\n<\/ul>\n<\/div>\n<\/div>\n\n\n\n<h3 class=\"wp-block-heading\">Home Language Survey (HLS)<\/h3>\n\n\n\n<p>\u02bbO ka <a href=\"\/haw\/DOE%20Forms\/Enrollment\/HomeLanguageSurvey.pdf\/\" data-type=\"link\" data-id=\"\/DOE%20Forms\/Enrollment\/HomeLanguageSurvey.pdf\" target=\"_blank\" rel=\"noreferrer noopener\">Pepa N\u0101n\u0101 \u02bb\u014clelo Home (PDF)<\/a> is required for all newly enrolled students. The <a href=\"\/haw\/DOE%20Forms\/Enrollment\/LanguageList.pdf\/\" target=\"_blank\" rel=\"noreferrer noopener\">Language List<\/a> may be used to assist with completing the HLS. Translated documents in your preferred language are also available below.<\/p>\n\n\n\n<div class=\"wp-block-columns is-layout-flex wp-container-core-columns-is-layout-28f84493 wp-block-columns-is-layout-flex\">\n<div class=\"wp-block-column is-layout-flow wp-block-column-is-layout-flow\">\n<ul class=\"wp-block-list\">\n<li><a href=\"\/haw\/DOE%20Forms\/Enrollment\/HLS_Cebuano.pdf\/\" target=\"_blank\" rel=\"noreferrer noopener\">Cebuano<\/a><\/li>\n\n\n\n<li><a href=\"\/haw\/DOE%20Forms\/Enrollment\/HLS_Chinese-Simplified.pdf\/\" target=\"_blank\" rel=\"noreferrer noopener\">P\u0101k\u0113 (Ma\u02bbalahi)<\/a><\/li>\n\n\n\n<li><a href=\"\/haw\/DOE%20Forms\/Enrollment\/HLS_Chinese-Traditional.pdf\/\" target=\"_blank\" rel=\"noreferrer noopener\">P\u0101k\u0113 (Ku\u02bbuna)<\/a><\/li>\n\n\n\n<li><a href=\"\/haw\/DOE%20Forms\/Enrollment\/HLS_Chuukese.pdf\/\" target=\"_blank\" rel=\"noreferrer noopener\">Chuukese<\/a><\/li>\n\n\n\n<li><a href=\"\/haw\/DOE%20Forms\/Enrollment\/HLS_Hawaiian.pdf\/\" target=\"_blank\" rel=\"noreferrer noopener\">\u02bb\u014clelo Hawai\u02bbi<\/a><\/li>\n<\/ul>\n<\/div>\n\n\n\n<div class=\"wp-block-column is-layout-flow wp-block-column-is-layout-flow\">\n<ul class=\"wp-block-list\">\n<li><a href=\"\/haw\/DOE%20Forms\/Enrollment\/HLS_Ilocano.pdf\/\" target=\"_blank\" rel=\"noreferrer noopener\">\u02bbIloka\u02bbo<\/a><\/li>\n\n\n\n<li><a href=\"\/haw\/DOE%20Forms\/Enrollment\/HLS_Japanese.pdf\/\" target=\"_blank\" rel=\"noreferrer noopener\">Kepan\u012b<\/a><\/li>\n\n\n\n<li><a href=\"\/haw\/DOE%20Forms\/Enrollment\/HLS_Korean.pdf\/\" target=\"_blank\" rel=\"noreferrer noopener\">Kolea<\/a><\/li>\n\n\n\n<li><a href=\"\/haw\/DOE%20Forms\/Enrollment\/HLS_Marshallese.pdf\/\" target=\"_blank\" rel=\"noreferrer noopener\">Marshallese<\/a><\/li>\n\n\n\n<li><a href=\"\/haw\/DOE%20Forms\/Enrollment\/HLS_Samoan.pdf\/\" target=\"_blank\" rel=\"noreferrer noopener\">S\u0101moa<\/a><\/li>\n<\/ul>\n<\/div>\n\n\n\n<div class=\"wp-block-column is-layout-flow wp-block-column-is-layout-flow\">\n<ul class=\"wp-block-list\">\n<li><a href=\"\/haw\/DOE%20Forms\/Enrollment\/HLS_Spanish.pdf\/\" target=\"_blank\" rel=\"noreferrer noopener\">Kepania<\/a><\/li>\n\n\n\n<li><a href=\"\/haw\/DOE%20Forms\/Enrollment\/HLS_Tagalog.pdf\/\" target=\"_blank\" rel=\"noreferrer noopener\">Kakalo<\/a><\/li>\n\n\n\n<li>\u02bb<a href=\"\/haw\/DOE%20Forms\/Enrollment\/HLS_Thai.pdf\/\" target=\"_blank\" rel=\"noreferrer noopener\">Kailani<\/a><\/li>\n\n\n\n<li><a href=\"\/haw\/DOE%20Forms\/Enrollment\/HLS_Tongan.pdf\/\" target=\"_blank\" rel=\"noreferrer noopener\">Tonga<\/a><\/li>\n\n\n\n<li>\u02bb<a href=\"\/haw\/DOE%20Forms\/Enrollment\/HLS_Vietnamese.pdf\/\" target=\"_blank\" rel=\"noreferrer noopener\">Vietnamese<\/a><\/li>\n<\/ul>\n<\/div>\n<\/div>\n<\/div>\n\n\n\n<div class=\"wp-block-column right_col is-layout-flow wp-block-column-is-layout-flow\"><div class=\"kb-row-layout-wrap kb-row-layout-id1050_d76aa3-f2 alignnone wp-block-kadence-rowlayout\"><div class=\"kt-row-column-wrap kt-has-2-columns kt-row-layout-row kt-tab-layout-row kt-mobile-layout-row kt-row-valign-top\">\n\n<div class=\"wp-block-kadence-column kadence-column1050_63c690-aa\"><div class=\"kt-inside-inner-col\">\n<figure class=\"wp-block-image size-full no_margin\"><img loading=\"lazy\" decoding=\"async\" width=\"1200\" height=\"800\" src=\"https:\/\/hawaiipublicschools.org\/wp-content\/uploads\/SpecialEducationServices.jpg\" alt=\"Special education students painting.\" class=\"wp-image-8515\" style=\"aspect-ratio:4\/3;object-fit:cover\" srcset=\"https:\/\/hawaiipublicschools.org\/wp-content\/uploads\/SpecialEducationServices.jpg 1200w, https:\/\/hawaiipublicschools.org\/wp-content\/uploads\/SpecialEducationServices-300x200.jpg 300w, https:\/\/hawaiipublicschools.org\/wp-content\/uploads\/SpecialEducationServices-1024x683.jpg 1024w, https:\/\/hawaiipublicschools.org\/wp-content\/uploads\/SpecialEducationServices-768x512.jpg 768w, https:\/\/hawaiipublicschools.org\/wp-content\/uploads\/SpecialEducationServices-18x12.jpg 18w\" sizes=\"auto, (max-width: 1200px) 100vw, 1200px\" \/><\/figure>\n<\/div><\/div>\n\n\n\n<div class=\"wp-block-kadence-column kadence-column1050_6ae211-6a\"><div class=\"kt-inside-inner-col\">\n<h5 class=\"wp-block-heading has-base-color has-text-color has-link-color wp-elements-91735848e86ea283e0928ede427b944c\" style=\"margin-top:0px;padding-top:0;padding-bottom:0.5rem;font-size:1.4vw\">N\u0101 lawelawe ho\u02bbona\u02bbauao k\u016bikaw\u0101<\/h5>\n\n\n\n<p class=\"has-base-color has-text-color has-link-color wp-elements-73de11a7dc8419c68045457638ce71c1\">In\u0101 he kino k\u012bn\u0101 k\u0101u keiki e pili ana i k\u0101 l\u0101kou a\u02bbo \u02bbana a i \u02bbole ka ulu \u02bbana, eia m\u0101kou e alaka\u02bbi i\u0101 \u02bboe ma o ka <a href=\"https:\/\/hawaiipublicschools.org\/haw\/academics\/what-is-special-education\/\" data-type=\"page\" data-id=\"933\" target=\"_blank\" rel=\"noreferrer noopener\">ke ka\u02bbina hana o ke komo \u02bbana i ka ho\u02bbona\u02bbauao k\u016bikaw\u0101<\/a> a me n\u0101 lawelawe pili.<\/p>\n<\/div><\/div>\n\n<\/div><\/div><\/div>\n<\/div>","protected":false},"excerpt":{"rendered":"<p>Enrolling in Hawai\u02bbi&#8217;s public schools is a simple process. Follow the steps below to get started. Find answers to commonly asked questions in our FAQs. If you have additional questions, please contact the school directly. Steps to enroll These steps apply to kindergarten through high school enrollment.&nbsp;Children who are 5 years old by July 31 [&hellip;]<\/p>","protected":false},"author":8,"featured_media":0,"parent":13,"menu_order":13,"comment_status":"closed","ping_status":"closed","template":"wp-custom-template-page-for-custom-sidebar","meta":{"_relevanssi_hide_post":"","_relevanssi_hide_content":"","_relevanssi_pin_for_all":"","_relevanssi_pin_keywords":"","_relevanssi_unpin_keywords":"","_relevanssi_related_keywords":"","_relevanssi_related_include_ids":"","_relevanssi_related_exclude_ids":"","_relevanssi_related_no_append":"","_relevanssi_related_not_related":"","_relevanssi_related_posts":"9834,2420,10146,16870,9887,9713","_relevanssi_noindex_reason":"","_sitemap_exclude":false,"_sitemap_priority":"","_sitemap_frequency":"","_kad_blocks_custom_css":"","_kad_blocks_head_custom_js":"","_kad_blocks_body_custom_js":"","_kad_blocks_footer_custom_js":"","wp_popup_display_lightbox":0,"wp_popup_suppress":"","wp_popup_trigger":"","wp_popup_trigger_amount":0,"wp_popup_disable_on_mobile":false,"footnotes":""},"class_list":["post-15","page","type-page","status-publish","hentry"],"pp_statuses_selecting_workflow":false,"pp_workflow_action":"current","pp_status_selection":"publish","taxonomy_info":[],"featured_image_src_large":false,"author_info":{"display_name":"Ariana Enomoto","author_link":"https:\/\/hawaiipublicschools.org\/haw\/author\/arianastaceyleong-com\/"},"comment_info":0,"publishpress_future_action":{"enabled":false,"date":"2026-05-06 16:56:43","action":"change-status","newStatus":"draft","terms":[],"taxonomy":"","extraData":[]},"publishpress_future_workflow_manual_trigger":{"enabledWorkflows":[]},"_links":{"self":[{"href":"https:\/\/hawaiipublicschools.org\/haw\/wp-json\/wp\/v2\/pages\/15","targetHints":{"allow":["GET"]}}],"collection":[{"href":"https:\/\/hawaiipublicschools.org\/haw\/wp-json\/wp\/v2\/pages"}],"about":[{"href":"https:\/\/hawaiipublicschools.org\/haw\/wp-json\/wp\/v2\/types\/page"}],"author":[{"embeddable":true,"href":"https:\/\/hawaiipublicschools.org\/haw\/wp-json\/wp\/v2\/users\/8"}],"replies":[{"embeddable":true,"href":"https:\/\/hawaiipublicschools.org\/haw\/wp-json\/wp\/v2\/comments?post=15"}],"version-history":[{"count":3,"href":"https:\/\/hawaiipublicschools.org\/haw\/wp-json\/wp\/v2\/pages\/15\/revisions"}],"predecessor-version":[{"id":19551,"href":"https:\/\/hawaiipublicschools.org\/haw\/wp-json\/wp\/v2\/pages\/15\/revisions\/19551"}],"up":[{"embeddable":true,"href":"https:\/\/hawaiipublicschools.org\/haw\/wp-json\/wp\/v2\/pages\/13"}],"wp:attachment":[{"href":"https:\/\/hawaiipublicschools.org\/haw\/wp-json\/wp\/v2\/media?parent=15"}],"curies":[{"name":"wp","href":"https:\/\/api.w.org\/{rel}","templated":true}]}}