{"id":147,"date":"2025-09-23T07:14:47","date_gmt":"2025-09-23T17:14:47","guid":{"rendered":"https:\/\/hawaiipublicschools.org\/?page_id=147"},"modified":"2025-11-14T09:31:37","modified_gmt":"2025-11-14T19:31:37","slug":"volunteering-donating","status":"publish","type":"page","link":"https:\/\/hawaiipublicschools.org\/haw\/useful-links\/volunteering-donating\/","title":{"rendered":"H\u0101\u02bbawi manawale\u02bba &amp; H\u0101\u02bbawi"},"content":{"rendered":"<p class=\"intro\" style=\"font-size:clamp(0.875rem, 0.875rem + ((1vw - 0.2rem) * 0.531), 1.3rem);\">Hiki i ke k\u0101ko\u02bbo \u02bbana i n\u0101 kula aupuni ke ho\u02bbololi nui i k\u0101 m\u0101kou mau haum\u0101na. Mai ka h\u0101\u02bbawi \u02bbana i n\u0101 lako, ke k\u0101l\u0101 \u02bbana i n\u0101 papahana hou, a i \u02bbole ka h\u0101\u02bbawi \u02bbana i kou manawa ma ke \u02bbano he mea manawale\u02bba, k\u014dkua k\u0101u mau ha\u02bbawina i ka hopena maika\u02bbi.<\/p>\n\n\n\n<div class=\"wp-block-columns double_col_sidebar is-layout-flex wp-container-core-columns-is-layout-28f84493 wp-block-columns-is-layout-flex\">\n<div class=\"wp-block-column left_col is-layout-flow wp-block-column-is-layout-flow\">\n<h2 class=\"wp-block-heading\">pehea \u02bboe e k\u014dkua ai<\/h2>\n\n\n\n<h3 class=\"wp-block-heading\">N\u0101 Ha\u02bbawina Moku\u02bb\u0101ina<\/h3>\n\n\n\n<p>In\u0101 makemake \u02bboe e h\u0101\u02bbawi i ka \u02bbOihana, e \u02bbolu\u02bbolu e ho\u02bbohana i k\u0113ia <a href=\"https:\/\/forms.gle\/8qKRiG9ud6amXrc57\">Pepa Ha\u02bbawina (Google Doc)<\/a>.<\/p>\n\n\n\n<p>No ke k\u014dkua a i \u02bbole n\u0101 kiko\u02bb\u012b hou a\u02bbe e pili ana i n\u0101 h\u0101\u02bbawi moku\u02bb\u0101ina, n\u0101 makana a i \u02bbole n\u0101 manawa hana like, e leka uila i ka <a href=\"mailto:familypartnerships@k12.hi.us\">Lala Hana Kaiaulu<\/a> or call 808-305-0699.\u00a0<\/p>\n\n\n\n<h3 class=\"wp-block-heading\">H\u0101\u02bbawi i n\u0101 waiwai no n\u0101 keiki homeles<\/h3>\n\n\n\n<p>H\u0101\u02bbawi n\u0101 kula aupuni o Hawai\u02bbi i n\u0101 haum\u0101na home \u02bbole a puni ka moku\u02bb\u0101ina. Mahalo i n\u0101 ha\u02bbawina o n\u0101 lako lumi papa, hiki i ka &#039;Oihana ke h\u0101\u02bbawi i n\u0101 haum\u0101na i n\u0101 mea e pono ai no ka ha\u02bbawina papa\u2014n\u0101 \u02bbeke \u02bbeke, n\u0101 puke puke, n\u0101 penikala, a me n\u0101 mea \u02bb\u0113 a\u02bbe. E \u02bbolu\u02bbolu e kelepona i ka papahana Education for Homeless Children and Youth ma 808-348-0304 a i \u02bbole 808-723-4192 me n\u0101 n\u012bnau. Hiki ke ho\u02bbok\u014d pololei \u02bbia n\u0101 pono ma o ka <a href=\"http:\/\/bit.ly\/givetokids808\" target=\"_blank\" rel=\"noreferrer noopener\">Paena p\u016bnaewele Purposity<\/a>.<\/p>\n\n\n\n<h3 class=\"wp-block-heading\">H\u0101\u02bbawi ma o n\u0101 hoa<\/h3>\n\n\n\n<p><a href=\"https:\/\/www.hawaiicommunityfoundation.org\/\" target=\"_blank\" rel=\"noreferrer noopener\">Hawaii Community Foundation<\/a>: He hoa ko\u02bbiko\u02bbi me ka &#039;Oihana a he kumu ko\u02bbiko\u02bbi no n\u0101 ha\u02bbawina i n\u0101 haum\u0101na a me n\u0101 ha\u02bbawina no n\u0101 \u02bboihana \u02bbole e k\u0101ko\u02bbo ana i n\u0101 kai\u0101ulu kula a me n\u0101 \u02bbohana.<\/p>\n\n\n\n<p><a href=\"https:\/\/pshf.org\/\" target=\"_blank\" rel=\"noreferrer noopener\">N\u0101 Kula Aupuni o Hawai\u02bbi Foundation<\/a>: He hui k\u016b\u02bboko\u02bba k\u016b\u02bboko\u02bba i ho\u02bbola\u02bba \u02bbia no ka ho\u02bboikaika \u02bbana i ka maika\u02bbi o ka ho\u02bbona\u02bbauao aupuni. Ho\u02bbohana ke kahua i k\u0101na <a href=\"https:\/\/pshf.org\/good-idea-grants\/\" target=\"_blank\" rel=\"noreferrer noopener\">H\u0101\u02bbawi Mana\u02bbo maika\u02bbi<\/a> e ho\u02bboulu i ka hana hou a me ka maika\u02bbi o ka ho\u02bbona\u02bbauao ma n\u0101 kula aupuni o Hawai\u02bbi. H\u0101\u02bbawi \u02bbia n\u0101 ha\u02bbawina li\u02bbili\u02bbi i n\u0101 kumu a me n\u0101 kula no n\u0101 mana\u02bbo a\u02bbo hou e ho\u02bbomaika\u02bbi ai i ke a\u02bbo \u02bbana o n\u0101 haum\u0101na. Ua h\u0101\u02bbawi p\u016b ke kumu i n\u0101 ha\u02bbawina huaka\u02bbi i n\u0101 haum\u0101na a ua ho\u02bboka\u02bbawale i n\u0101 ha\u02bbawina nui i n\u0101 kula i koho \u02bbia a i \u02bbole n\u0101 papahana e k\u016bpono ana i n\u0101 koina o ka mea h\u0101\u02bbawi.<\/p>\n\n\n\n<p><a href=\"https:\/\/www.hawaii3rs.com\/\" target=\"_blank\" rel=\"noreferrer noopener\">Hawaii 3R&#039;s<\/a>: Ke k\u014dkua nei k\u0113ia hui \u02bboihana \u02bbole i ho\u02bbokumu \u02bbia e Sen. Daniel K. Inouye i hala me n\u0101 papahana e ho\u02bbomaika\u02bbi i n\u0101 p\u0101 kula.<\/p>\n\n\n\n<h3 class=\"wp-block-heading\">H\u0101\u02bbawi ma o n\u0101 p\u016bnaewele p\u016bnaewele<\/h3>\n\n\n\n<p>Kipa <a href=\"http:\/\/www.donorschoose.org\/\" target=\"_blank\" rel=\"noreferrer noopener\">DonorsChoose.org<\/a> a i \u02bbole <a href=\"http:\/\/www.teacherlists.com\/\" target=\"_blank\" rel=\"noreferrer noopener\">KumuLists.com<\/a> e k\u0101ko\u02bbo i n\u0101 pono lumi papa a me n\u0101 papahana i kau \u02bbia e n\u0101 kumu o Hawai\u02bbi.<\/p>\n<\/div>\n\n\n\n<div class=\"wp-block-column right_col is-layout-flow wp-block-column-is-layout-flow\"><div class=\"kb-row-layout-wrap kb-row-layout-id1050_d76aa3-f2 alignnone wp-block-kadence-rowlayout\"><div class=\"kt-row-column-wrap kt-has-2-columns kt-row-layout-row kt-tab-layout-row kt-mobile-layout-row kt-row-valign-top\">\n\n<div class=\"wp-block-kadence-column kadence-column1050_63c690-aa\"><div class=\"kt-inside-inner-col\">\n<figure class=\"wp-block-image size-full no_margin\"><img loading=\"lazy\" decoding=\"async\" width=\"1200\" height=\"898\" src=\"https:\/\/hawaiipublicschools.org\/wp-content\/uploads\/2024\/12\/Kalo.jpg\" alt=\"Close up photo of kalo leaves\" class=\"wp-image-2356\" style=\"aspect-ratio:4\/3;object-fit:cover\" srcset=\"https:\/\/hawaiipublicschools.org\/wp-content\/uploads\/2024\/12\/Kalo.jpg 1200w, https:\/\/hawaiipublicschools.org\/wp-content\/uploads\/2024\/12\/Kalo-300x225.jpg 300w, https:\/\/hawaiipublicschools.org\/wp-content\/uploads\/2024\/12\/Kalo-1024x766.jpg 1024w, https:\/\/hawaiipublicschools.org\/wp-content\/uploads\/2024\/12\/Kalo-768x575.jpg 768w, https:\/\/hawaiipublicschools.org\/wp-content\/uploads\/2024\/12\/Kalo-16x12.jpg 16w\" sizes=\"auto, (max-width: 1200px) 100vw, 1200px\" \/><\/figure>\n<\/div><\/div>\n\n\n\n<div class=\"wp-block-kadence-column kadence-column1050_6ae211-6a\"><div class=\"kt-inside-inner-col\">\n<h5 class=\"wp-block-heading has-base-color has-text-color has-link-color wp-elements-91735848e86ea283e0928ede427b944c\" style=\"margin-top:0px;padding-top:0;padding-bottom:0.5rem;font-size:1.4vw\">NO KA IKE HOU<\/h5>\n\n\n\n<p class=\"has-base-color has-text-color has-link-color wp-elements-73de11a7dc8419c68045457638ce71c1\"><strong>Lala Hana Kaiaulu<\/strong><br>Phone: 808-305-0699<br><a href=\"mailto:familypartnerships@k12.hi.us\" target=\"_blank\" rel=\"noreferrer noopener\">leka uila<\/a><\/p>\n<\/div><\/div>\n\n<\/div><\/div><\/div>\n<\/div>\n\n\n\n<h3 class=\"wp-block-heading\">N\u0101 manawa manawale\u02bba<\/h3>\n\n\n\n<p>E kelepona i kou kula k\u016bloko no ka \u02bbike hou aku.<\/p>","protected":false},"excerpt":{"rendered":"<p>Supporting our public schools can make a big difference our students. From donating supplies, funding innovative programs, or giving your time as a volunteer, your contributions help make a positive impact. how you can help Statewide Donations If you are interested in donating to the Department, please use this Donation Form (Google Doc). For assistance [&hellip;]<\/p>","protected":false},"author":8,"featured_media":0,"parent":1291,"menu_order":19,"comment_status":"closed","ping_status":"closed","template":"wp-custom-template-page-for-custom-sidebar","meta":{"_relevanssi_hide_post":"","_relevanssi_hide_content":"","_relevanssi_pin_for_all":"","_relevanssi_pin_keywords":"","_relevanssi_unpin_keywords":"","_relevanssi_related_keywords":"","_relevanssi_related_include_ids":"","_relevanssi_related_exclude_ids":"","_relevanssi_related_no_append":"","_relevanssi_related_not_related":"","_relevanssi_related_posts":"17006,10890,14003,856,888,893","_relevanssi_noindex_reason":"","_sitemap_exclude":false,"_sitemap_priority":"","_sitemap_frequency":"","_kad_blocks_custom_css":"","_kad_blocks_head_custom_js":"","_kad_blocks_body_custom_js":"","_kad_blocks_footer_custom_js":"","wp_popup_display_lightbox":0,"wp_popup_suppress":"","wp_popup_trigger":"","wp_popup_trigger_amount":0,"wp_popup_disable_on_mobile":false,"footnotes":""},"class_list":["post-147","page","type-page","status-publish","hentry"],"pp_statuses_selecting_workflow":false,"pp_workflow_action":"current","pp_status_selection":"publish","taxonomy_info":[],"featured_image_src_large":false,"author_info":{"display_name":"Ariana Enomoto","author_link":"https:\/\/hawaiipublicschools.org\/haw\/author\/arianastaceyleong-com\/"},"comment_info":0,"publishpress_future_action":{"enabled":false,"date":"2026-04-27 06:57:52","action":"change-status","newStatus":"draft","terms":[],"taxonomy":"","extraData":[]},"publishpress_future_workflow_manual_trigger":{"enabledWorkflows":[]},"_links":{"self":[{"href":"https:\/\/hawaiipublicschools.org\/haw\/wp-json\/wp\/v2\/pages\/147","targetHints":{"allow":["GET"]}}],"collection":[{"href":"https:\/\/hawaiipublicschools.org\/haw\/wp-json\/wp\/v2\/pages"}],"about":[{"href":"https:\/\/hawaiipublicschools.org\/haw\/wp-json\/wp\/v2\/types\/page"}],"author":[{"embeddable":true,"href":"https:\/\/hawaiipublicschools.org\/haw\/wp-json\/wp\/v2\/users\/8"}],"replies":[{"embeddable":true,"href":"https:\/\/hawaiipublicschools.org\/haw\/wp-json\/wp\/v2\/comments?post=147"}],"version-history":[{"count":0,"href":"https:\/\/hawaiipublicschools.org\/haw\/wp-json\/wp\/v2\/pages\/147\/revisions"}],"up":[{"embeddable":true,"href":"https:\/\/hawaiipublicschools.org\/haw\/wp-json\/wp\/v2\/pages\/1291"}],"wp:attachment":[{"href":"https:\/\/hawaiipublicschools.org\/haw\/wp-json\/wp\/v2\/media?parent=147"}],"curies":[{"name":"wp","href":"https:\/\/api.w.org\/{rel}","templated":true}]}}