{"id":145,"date":"2024-09-05T00:10:56","date_gmt":"2024-09-05T00:10:56","guid":{"rendered":"https:\/\/hawaiipublicschools.org\/?page_id=145"},"modified":"2025-11-10T13:41:52","modified_gmt":"2025-11-10T23:41:52","slug":"using-school-facilities","status":"publish","type":"page","link":"https:\/\/hawaiipublicschools.org\/haw\/useful-links\/using-school-facilities\/","title":{"rendered":"Ho\u02bbohana i n\u0101 lako kula"},"content":{"rendered":"<div class=\"wp-block-columns double_col_sidebar is-layout-flex wp-container-core-columns-is-layout-28f84493 wp-block-columns-is-layout-flex\">\n<div class=\"wp-block-column left_col is-layout-flow wp-block-column-is-layout-flow\">\n<p class=\"intro\" style=\"font-size:clamp(0.875rem, 0.875rem + ((1vw - 0.2rem) * 0.531), 1.3rem);\">Loa\u02bba k\u0101 m\u0101kou mau hale kula aupuni no ka ho\u02bbohana kai\u0101ulu, in\u0101 \u02bba\u02bbole ke\u02bbake\u02bba n\u0101 hana i noi \u02bbia i n\u0101 hana kula ma\u02bbamau. In\u0101 \u02bboe e ho\u02bbonohonoho ana i kahi hanana kai\u0101ulu, papahana ma hope o ke kula a i \u02bbole hui lehulehu, hiki i k\u0101 m\u0101kou mau kula kula ke k\u0101ko\u02bbo i n\u0101 \u02bbano hana like \u02bbole.<\/p>\n\n\n\n<p>Ho\u02bboponopono \u02bbia ka ho\u02bbohana \u02bbana i ka pono e ka Mokuna 39 o n\u0101 Rula Administrative Hawai\u02bbi, e m\u0101lama pono ana n\u0101 hanana \u0101pau i n\u0101 alaka\u02bbi aupuni.<\/p>\n\n\n\n<h2 class=\"wp-block-heading\">\u02bbano o n\u0101 mea hana<\/h2>\n\n\n\n<ul class=\"wp-block-list\">\n<li><strong>\u02bbAno I:<\/strong> \u02bbOihana a me n\u0101 hana e pili ana i ke kula (e la\u02bba, n\u0101 hui makua-kumu-haum\u0101na, papahana A+).<\/li>\n\n\n\n<li><strong>\u02bbAno II:<\/strong> \u02bbA\u02bbole n\u0101 hui waiwai \u02bbole e ho\u02bbolimalima i n\u0101 uku a i \u02bbole ohi \u02bbana i n\u0101 ha\u02bbawina (e la\u02bba, n\u0101 h\u0101l\u0101wai lehulehu, n\u0101 papahana ma hope o ke kula).<\/li>\n\n\n\n<li><strong>\u02bbAno III:<\/strong> N\u0101 hui e uku ana i n\u0101 uku, e \u02bbohi i n\u0101 ha\u02bbawina, a i \u02bbole e alaka\u02bbi ana i ka \u02bbohi k\u0101l\u0101 a i \u02bbole n\u0101 hana ho\u02bbolaha (e la\u02bba, n\u0101 hanana kai\u0101ulu, n\u0101 lawelawe ho\u02bbomana, n\u0101 ho\u02bbolaha \u02bboihana).<\/li>\n<\/ul>\n\n\n\n<h2 class=\"wp-block-heading\">NOI &amp; Uku<\/h2>\n\n\n\n<h3 class=\"wp-block-heading\">Pehea e noi ai<\/h3>\n\n\n\n<p>No ke noi e ho\u02bbohana i ke kula, e ho\u02bbopiha i ka <a href=\"https:\/\/www.hidoefacilities.org\/UseofSchoolFacilities_Application.php\" target=\"_blank\" rel=\"noreferrer noopener\">Ka ho\u02bbohana \u02bbana i n\u0101 lako polokalamu ma ka p\u016bnaewele<\/a> ma kahi o 10 mau l\u0101 ma mua o ka l\u0101 o ka hanana.<\/p>\n\n\n\n<ul class=\"wp-block-list\">\n<li>No n\u0101 manawa ho\u02bbohana he 12 mahina a emi mai paha, e n\u0101n\u0101 ke po\u02bbo kula a i \u02bbole ko l\u0101kou mea i koho \u02bbia i ka palapala noi.<\/li>\n\n\n\n<li>No n\u0101 manawa ho\u02bbohana ma mua o 12 mahina, e hana \u02bbia ka palapala noi me ka \u02bbae hope loa mai ka Papa \u02bb\u0100ina a me n\u0101 kumuwaiwai k\u016blohelohe.<\/li>\n<\/ul>\n\n\n\n<h3 class=\"wp-block-heading\">Uku a me na uku&nbsp;<\/h3>\n\n\n\n<p>Hiki ke uku \u02bbia no ka ho\u02bbolimalima \u02bbana i n\u0101 hale kula, n\u0101 lawelawe m\u0101lama, a me n\u0101 pono hana. E n\u0101n\u0101 i ka <a href=\"\/haw\/DOE%20Forms\/Facilities\/UseofFacilitiesFeeSchedule.pdf\/\" target=\"_blank\" rel=\"noreferrer noopener\">Ho\u02bbohana i ka Papa Hana Uku Mea Hana (PDF)<\/a> no n\u0101 koina kiko&#039;\u012b. Ma muli o ke \u02bbano o ka ho\u02bbohana \u02bbana, hiki ke k\u0101pae \u02bbia kekahi mau uku.<\/p>\n\n\n\n<h3 class=\"wp-block-heading\">Ma hea e hele ai n\u0101 uku?<\/h3>\n\n\n\n<ul class=\"wp-block-list\">\n<li>Na ke po\u02bbo kumu a i \u02bbole ka mea i koho \u02bbia ke kuleana no ka \u02bbohi \u02bbana i n\u0101 uku. Waiho \u02bbia n\u0101 uku i \u02bbohi \u02bbia i loko o kahi waihona k\u0101l\u0101 k\u016bikaw\u0101.<\/li>\n\n\n\n<li>Ma hope o ka unuhi \u02bbia \u02bbana o ke k\u0101l\u0101 k\u016bikaw\u0101, 70% o ke koena k\u0101l\u0101 e h\u014d\u02bbai\u02bb\u0113 \u02bbia i ke kula, a me 30% i ka apana.<\/li>\n\n\n\n<li>Ho\u02bbohana pololei \u02bbia n\u0101 uku no n\u0101 lawelawe m\u0101lama m\u0101lama a me n\u0101 pono e ke kula e uhi i k\u0113ia mau koina.<\/li>\n<\/ul>\n\n\n\n<h2 class=\"wp-block-heading\">NA KUMU &amp; HANA<\/h2>\n\n\n\n<h3 class=\"wp-block-heading\">Kuleana a me ka Poino Waiwai&nbsp;<\/h3>\n\n\n\n<p>Pono n\u0101 mea ho\u02bbohana a pau e m\u0101lama i n\u0101 k\u0101n\u0101wai k\u016bloko, me n\u0101 k\u0101n\u0101wai ahi a me ke olakino, a \u02bbae e uhi i ke kumu k\u016b\u02bbai o n\u0101 p\u014d\u02bbino. Eia hou, pono n\u0101 mea ho\u02bbohana e kau inoa i ka ho\u02bboku\u02bbu \u02bbana i ke kuleana e ho\u02bboku\u02bbu ana i ka moku\u02bb\u0101ina o Hawai\u02bbi mai ke kuleana. \u02bbO n\u0101 hanana me ka lehulehu nui a\/a i \u02bbole n\u0101 pilikia \u02bboi a\u02bbe, e like me ka carnivals a i \u02bbole n\u0101 hanana ha\u02bbuki \u02bbole o ke Ke\u02bbena, koi \u02bbia $1,000,000 ma ke \u02bbano o ka ho\u02bbopi\u02bbi ku\u02bbuna ma\u02bbamau no k\u0113l\u0101 me k\u0113ia hihia o ka h\u014d\u02bbeha pilikino me ka moku\u02bb\u0101ina o Hawai\u02bbi i kapa \u02bbia \u02bbo ka mea ho\u02bbopi\u02bbi hou.<\/p>\n\n\n\n<p>\u02bbO ka mea ho\u02bbonohonoho k\u016bpono a mea ho\u02bbolaha paha n\u0101na e ho\u02bbolimalima i n\u0101 po\u02bbe komo no ka ho\u02bbohana \u02bbana i n\u0101 \u02bb\u0101pana o kahi ke\u02bbena a i \u02bbole n\u0101 papa i loko o kahi hale hana e h\u014d\u02bboia i k\u0113l\u0101 me k\u0113ia o n\u0101 mea komo e lawe i ka \u02bbinikua kuleana k\u016bpono no ka huina i ho\u02bboholo \u02bbia e ka moku\u02bb\u0101ina o Hawai\u02bbi.<\/p>\n\n\n\n<h3 class=\"wp-block-heading\">Pono palekana<\/h3>\n\n\n\n<p>No n\u0101 hanana nui, e like me n\u0101 mea i m\u0101lama \u02bbia ma n\u0101 hale ha\u02bbuki a i \u02bbole auditoriums, pono \u02bbia ho\u02bbokahi m\u0101ka\u02bbi. Na ka mea ho\u02bbonohonoho hanana ke kuleana no ka ho\u02bbolimalima a me ka uku no ka palekana, a pono e loa\u02bba i ke kula n\u0101 kiko\u02bb\u012b o ka luna ma mua o ka hanana.<\/p>\n\n\n\n<h3 class=\"wp-block-heading\">N\u0101 K\u016blana Hou<\/h3>\n\n\n\n<ul class=\"wp-block-list\">\n<li><strong>\u02bbO ka wai\u02bbona a me ka paka:<\/strong> Ua kapu ka inu rama a me ka paka ma na wahi kula a pau.<\/li>\n\n\n\n<li><strong>Ho\u02bbohana hale \u02bbaina:<\/strong> No ka ho\u02bbohana \u02bbana i n\u0101 lako k\u012bhini kula, e \u02bbolu\u02bbolu e kelepona i ka l\u0101l\u0101 lawelawe \u02bbai Kula ma 808-733-8400.<\/li>\n<\/ul>\n<\/div>\n\n\n\n<div class=\"wp-block-column right_col is-layout-flow wp-block-column-is-layout-flow\"><div class=\"kb-row-layout-wrap kb-row-layout-id1050_d76aa3-f2 alignnone wp-block-kadence-rowlayout\"><div class=\"kt-row-column-wrap kt-has-2-columns kt-row-layout-row kt-tab-layout-row kt-mobile-layout-row kt-row-valign-top\">\n\n<div class=\"wp-block-kadence-column kadence-column1050_63c690-aa\"><div class=\"kt-inside-inner-col\">\n<figure class=\"wp-block-image size-full no_margin\"><img loading=\"lazy\" decoding=\"async\" width=\"1024\" height=\"766\" src=\"https:\/\/hawaiipublicschools.org\/wp-content\/uploads\/2024\/12\/Kalo-1024x766.jpg\" alt=\"\" class=\"wp-image-2356\" style=\"aspect-ratio:4\/3;object-fit:cover\" srcset=\"https:\/\/hawaiipublicschools.org\/wp-content\/uploads\/2024\/12\/Kalo-1024x766.jpg 1024w, https:\/\/hawaiipublicschools.org\/wp-content\/uploads\/2024\/12\/Kalo-300x225.jpg 300w, https:\/\/hawaiipublicschools.org\/wp-content\/uploads\/2024\/12\/Kalo-768x575.jpg 768w, https:\/\/hawaiipublicschools.org\/wp-content\/uploads\/2024\/12\/Kalo-16x12.jpg 16w, https:\/\/hawaiipublicschools.org\/wp-content\/uploads\/2024\/12\/Kalo.jpg 1200w\" sizes=\"auto, (max-width: 1024px) 100vw, 1024px\" \/><\/figure>\n<\/div><\/div>\n\n\n\n<div class=\"wp-block-kadence-column kadence-column1050_6ae211-6a\"><div class=\"kt-inside-inner-col\">\n<h5 class=\"wp-block-heading has-base-color has-text-color has-link-color wp-elements-91735848e86ea283e0928ede427b944c\" style=\"margin-top:0px;padding-top:0;padding-bottom:0.5rem;font-size:1.4vw\">l\u0101l\u0101 ho\u02bbomohala hale<\/h5>\n\n\n\n<p class=\"has-base-color has-text-color has-link-color wp-elements-73de11a7dc8419c68045457638ce71c1\"><a href=\"mailto:use_of_facilities@hawaiidoe.org\" target=\"_blank\" rel=\"noreferrer noopener\">Email us<\/a>\u00a0for more information on school facility use\u00a0or contact the respective school directly to check on the status of your application.\u00a0<br><br>N\u0101n\u0101 i ka\u00a0<a href=\"https:\/\/public.tableau.com\/app\/profile\/hidoe.dga\/viz\/OFO_UseofCountyFacilities\/Cover\" target=\"_blank\" rel=\"noreferrer noopener\">h\u014d\u02bbike makahiki<\/a>\u00a0on the Department\u2019s use of county properties for school functions.<\/p>\n<\/div><\/div>\n\n<\/div><\/div><\/div>\n<\/div>\n\n\n\n<p><\/p>\n\n\n\n<p><\/p>","protected":false},"excerpt":{"rendered":"<p>Our public school facilities are available for community use, provided that the requested activities do not interfere with regular school operations. Whether you&#8217;re organizing a community event, after-school program or public meeting, our school spaces can support a variety of activities. Facility use is governed by Chapter 39 of the Hawai\u02bbi Administrative Rules, ensuring all [&hellip;]<\/p>","protected":false},"author":8,"featured_media":0,"parent":1291,"menu_order":3,"comment_status":"closed","ping_status":"closed","template":"wp-custom-template-page-for-custom-sidebar","meta":{"_relevanssi_hide_post":"","_relevanssi_hide_content":"","_relevanssi_pin_for_all":"","_relevanssi_pin_keywords":"","_relevanssi_unpin_keywords":"","_relevanssi_related_keywords":"","_relevanssi_related_include_ids":"","_relevanssi_related_exclude_ids":"","_relevanssi_related_no_append":"","_relevanssi_related_not_related":"","_relevanssi_related_posts":"2395,9285,14012,11248,9337,9981","_relevanssi_noindex_reason":"","_sitemap_exclude":false,"_sitemap_priority":"","_sitemap_frequency":"","_kad_blocks_custom_css":"","_kad_blocks_head_custom_js":"","_kad_blocks_body_custom_js":"","_kad_blocks_footer_custom_js":"","wp_popup_display_lightbox":0,"wp_popup_suppress":"","wp_popup_trigger":"","wp_popup_trigger_amount":0,"wp_popup_disable_on_mobile":false,"footnotes":""},"class_list":["post-145","page","type-page","status-publish","hentry"],"pp_statuses_selecting_workflow":false,"pp_workflow_action":"current","pp_status_selection":"publish","taxonomy_info":[],"featured_image_src_large":false,"author_info":{"display_name":"Ariana Enomoto","author_link":"https:\/\/hawaiipublicschools.org\/haw\/author\/arianastaceyleong-com\/"},"comment_info":0,"publishpress_future_action":{"enabled":false,"date":"2026-04-29 23:51:04","action":"change-status","newStatus":"draft","terms":[],"taxonomy":"","extraData":[]},"publishpress_future_workflow_manual_trigger":{"enabledWorkflows":[]},"_links":{"self":[{"href":"https:\/\/hawaiipublicschools.org\/haw\/wp-json\/wp\/v2\/pages\/145","targetHints":{"allow":["GET"]}}],"collection":[{"href":"https:\/\/hawaiipublicschools.org\/haw\/wp-json\/wp\/v2\/pages"}],"about":[{"href":"https:\/\/hawaiipublicschools.org\/haw\/wp-json\/wp\/v2\/types\/page"}],"author":[{"embeddable":true,"href":"https:\/\/hawaiipublicschools.org\/haw\/wp-json\/wp\/v2\/users\/8"}],"replies":[{"embeddable":true,"href":"https:\/\/hawaiipublicschools.org\/haw\/wp-json\/wp\/v2\/comments?post=145"}],"version-history":[{"count":0,"href":"https:\/\/hawaiipublicschools.org\/haw\/wp-json\/wp\/v2\/pages\/145\/revisions"}],"up":[{"embeddable":true,"href":"https:\/\/hawaiipublicschools.org\/haw\/wp-json\/wp\/v2\/pages\/1291"}],"wp:attachment":[{"href":"https:\/\/hawaiipublicschools.org\/haw\/wp-json\/wp\/v2\/media?parent=145"}],"curies":[{"name":"wp","href":"https:\/\/api.w.org\/{rel}","templated":true}]}}