{"id":143,"date":"2024-09-05T00:10:05","date_gmt":"2024-09-05T00:10:05","guid":{"rendered":"https:\/\/hawaiipublicschools.org\/?page_id=143"},"modified":"2026-03-17T09:10:01","modified_gmt":"2026-03-17T19:10:01","slug":"vendors-working-with-hidoe","status":"publish","type":"page","link":"https:\/\/hawaiipublicschools.org\/haw\/useful-links\/vendors-working-with-hidoe\/","title":{"rendered":"N\u0101 mea k\u016b\u02bbai aku e hana p\u016b ana me HIDOE"},"content":{"rendered":"<div class=\"wp-block-columns double_col_sidebar is-layout-flex wp-container-core-columns-is-layout-28f84493 wp-block-columns-is-layout-flex\">\n<div class=\"wp-block-column left_col is-layout-flow wp-block-column-is-layout-flow\">\n<h2 class=\"wp-block-heading\"><strong>.<\/strong>N\u0101n\u0101 nui<\/h2>\n\n\n\n<p>\u02bbO m\u0101kou kekahi o n\u0101 mana k\u016b\u02bbai ma ka moku\u02bb\u0101ina \u02bbo Hawai\u02bbi a ke lawelawe nei m\u0101kou i kahi \u02bb\u014dnaehana k\u016b\u02bbai decentralized. Ma lalo o ka \u02bb\u014dnaehana ho\u02bbol\u0101l\u0101 k\u0101l\u0101 i k\u0113ia manawa, ua ho\u02bboka\u02bbawale \u02bbia n\u0101 k\u0101l\u0101 hana no ke k\u016b\u02bbai \u02bbana i k\u0113l\u0101 me k\u0113ia kula. Ho\u02bbomaka k\u0113l\u0101 me k\u0113ia kula a me ke ke\u02bbena i k\u0101 l\u0101kou mau kauoha k\u016b\u02bbai pono\u02bb\u012b a hiki i k\u0101 l\u0101kou \u02bbae k\u0101l\u0101 a me n\u0101 k\u0101l\u0101 i loa\u02bba.&nbsp;<\/p>\n\n\n\n<p>Ho\u02bboholo n\u0101 kula a me n\u0101 ke\u02bbena k\u016blana moku\u02bb\u0101ina i k\u0101 l\u0101kou pono pono\u02bb\u012b, ka mea e k\u016b\u02bbai ai, a mai wai mai. \u02bbOiai m\u0101kou e \u02bbae i k\u0113l\u0101 me k\u0113ia kula a me ke ke\u02bbena e hana i k\u0101na mau ho\u02bboholo k\u016b\u02bbai pono\u02bb\u012b, koi m\u0101kou i n\u0101 k\u016b\u02bbai \u0101pau e k\u016b i n\u0101 k\u0101n\u0101wai moku\u02bb\u0101ina, n\u0101 lula o ka Moku\u02bb\u0101ina K\u016b\u02bbai K\u016b\u02bbai, a me n\u0101 kulekele a me n\u0101 ka\u02bbina hana.<\/p>\n\n\n\n<p>Ke mana\u02bbo\u02bbi\u02bbo nei m\u0101kou i ka mana\u02bbo e k\u016b\u02bbai \u02bbia ma ke kumu o ka waiwai nui no n\u0101 k\u0101l\u0101 i ho\u02bbolilo \u02bbia me n\u0101 pono o ke kula a i \u02bbole ke ke\u02bbena.<\/p>\n\n\n\n<p>\u02bbA\u02bbole m\u0101kou e m\u0101lama i kahi papa inoa o n\u0101 mea k\u016b\u02bbai aku. \u02bbO ka ho\u02bbolaha \u02bbana i n\u0101 k\u016b\u02bbai ma\u02bbamau ma o ka p\u016bnaewele a i \u02bbole ke kipa \u02bbana i ka l\u0101l\u0101 Procurement and Contracts e h\u0101\u02bbawi ma\u02bbamau i ka \u02bbike k\u016bpono e pili ana i ke k\u016blana o n\u0101 noi i k\u0113ia manawa ma lalo o ka ho\u02bbolaha.<\/p>\n\n\n\n<h2 class=\"wp-block-heading\">Ho\u02bbopili i ke kumu o n\u0101 k\u016b\u02bbai<\/h2>\n\n\n\n<p>K\u0101ko\u02bbo n\u0101 waiwai a me n\u0101 lawelawe i k\u016b\u02bbai \u02bbia e n\u0101 kula a me n\u0101 ke\u02bbena like \u02bbole i ka \u02bboihana a me ka mana\u02bbo no ka holomua ma o ka ho\u02bboh\u0101likelike \u02bbana i ka <a href=\"\/haw\/about\/strategic-plan\/\" data-type=\"page\" data-id=\"110\" target=\"_blank\" rel=\"noreferrer noopener\">Ho\u02bbol\u0101l\u0101 ho\u02bbol\u0101l\u0101<\/a>, <a href=\"\/haw\/academics\/general-learner-outcomes-glos\/\" data-type=\"page\" data-id=\"41\" target=\"_blank\" rel=\"noreferrer noopener\">N\u0101 Hualoa\u02bba Haum\u0101na<\/a>, <a href=\"\/haw\/about\/na-hopena-a\u02bbo-ha\/\" data-type=\"page\" data-id=\"109\" target=\"_blank\" rel=\"noreferrer noopener\">N\u0101 Hopena A\u02bbo (H\u0100)<\/a> a <a href=\"\/haw\/about\/\" data-type=\"page\" data-id=\"105\" target=\"_blank\" rel=\"noreferrer noopener\">ko kakou mau kumu waiwai<\/a>.<\/p>\n\n\n\n<h3 class=\"wp-block-heading\">N\u0101 K\u016b\u02bbai Li\u02bbili\u02bbi (emi iho ma mua o $25,000)<\/h3>\n\n\n\n<p>Ua \u02bbae \u02bbia n\u0101 kula a me n\u0101 ke\u02bbena e k\u016b\u02bbai li\u02bbili\u02bbi i n\u0101 waiwai a me n\u0101 lawelawe \u02bba\u02bbole ma ka papa inoa kumu k\u016b\u02bbai. \u02bbO ka palena k\u0101l\u0101 no kahi k\u016b\u02bbai li\u02bbili\u02bbi ma lalo o $25,000 no ke k\u016b\u02bbai \u02bbana i n\u0101 waiwai like, like, a i \u02bbole like. \u02bbO ka huina k\u0101l\u0101 e komo p\u016b me ka \u02bbauhau, k\u0101lepa-i, ho\u02bbokomo, lawe \u02bbana, etc.<\/p>\n\n\n\n<h3 class=\"wp-block-heading\">N\u0101 K\u016b\u02bbai K\u016b\u02bbai ($25,000 a \u02bboi aku paha)<\/h3>\n\n\n\n<p>Na ke Ke\u02bbena \u02bbOihana K\u016b\u02bbai a me n\u0101 Kuikahi ke kuleana no ke a\u02bbo \u02bbana i n\u0101 kula a me n\u0101 ke\u02bbena e pili ana i ke k\u016b\u02bbai \u02bbana i n\u0101 waiwai a me n\u0101 lawelawe. Na ka l\u0101l\u0101 ho\u02bbi ke kuleana no ka ho\u02bbok\u014d \u02bbana i n\u0101 noi a me ka ho\u02bbok\u014d \u02bbana i n\u0101 k\u016b\u02bbai ho\u02bbok\u016bk\u016b ma\u02bbamau a me n\u0101 \u02bbaelike pili.<\/p>\n\n\n\n<p>Pono n\u0101 lilo o $25,000 a \u02bboi a\u02bbe paha i ka ho\u02bbok\u016bk\u016b k\u016bhelu a me ka ho\u02bbolaha lehulehu o ke k\u016b\u02bbai. Ua p\u0101p\u0101 ke k\u0101n\u0101wai i ka \u02bb\u0101pana k\u0101l\u0101 no ka pale \u02bbana i k\u0113ia koi k\u0101n\u0101wai.<\/p>\n\n\n\n<ul class=\"wp-block-list\">\n<li>N\u0101 Ho\u02bbolaha K\u016b\u02bbai\/Ho\u02bbolaha: Ke hahai nei ka &#039;Oihana i k\u0113ia koi k\u0101n\u0101wai ma o ka ho\u02bbolaha \u02bbana e like me ka makemake ma ka p\u016bnaewele ma <a href=\"https:\/\/hands.ehawaii.gov\/hands\/\" target=\"_blank\" rel=\"noreferrer noopener\">hands.ehawaii.gov\/hands\/<\/a> a <a href=\"http:\/\/hiepro.ehawaii.gov\/\" target=\"_blank\" rel=\"noreferrer noopener\">hiepro.ehawaii.gov<\/a>. E \u02bbolu\u02bbolu e kipa i k\u0113ia mau p\u016bnaewele e \u02bbike i n\u0101 leka k\u016b\u02bbai ikaika.<\/li>\n\n\n\n<li>N\u0101 Papa K\u016b\u02bbai\/Vendor: Pono n\u0101 kula a me n\u0101 ke\u02bbena e k\u016b\u02bbai mua i n\u0101 mea mai n\u0101 papa inoa kumu k\u016b\u02bbai. Ua noi \u02bbia k\u0113ia mau papa inoa kumu k\u016b\u02bbai a ho\u02bbokumu \u02bbia e n\u0101 mana k\u016b\u02bbai k\u016b\u02bbai moku\u02bb\u0101ina like \u02bbole. In\u0101 \u02bba\u02bbole i loa\u02bba kahi papa inoa kumu k\u016b\u02bbai no n\u0101 mea e pono ai, hiki i n\u0101 kula a me n\u0101 ke\u02bbena ke ho\u02bbomau i ke k\u016b\u02bbai \u02bbana ma muli o n\u0101 ka\u02bbina k\u016b\u02bbai li\u02bbili\u02bbi. Hiki ke n\u0101n\u0101 \u02bbia n\u0101 papa inoa kumu k\u016b\u02bbai ma: <a href=\"http:\/\/spo.hawaii.gov\/for-vendors\/contract-awards\/price-vendor-lists\/\" target=\"_blank\" rel=\"noreferrer noopener\">spo.hawaii.gov\/for-vendors\/contract-awards\/price-vendor-lists<\/a>. N\u0101 la\u02bbana o n\u0101 mea papa inoa kumu k\u016b\u02bbai:<\/li>\n<\/ul>\n\n\n\n<ol class=\"wp-block-list\">\n<li>N\u0101 \u02bbano: N\u0101 \u02bbano like \u02bbole no ka Oihana.<\/li>\n\n\n\n<li>Lako: Pakaukau a me na noho haumana, a me na lako kula like ole.<\/li>\n\n\n\n<li>N\u0101 Hua Hana Mea\u02bbai Kula: E like me n\u0101 mea inu, n\u0101 huahana lawelawe mea\u02bbai ho\u02bbopau \u02bbia, n\u0101 mea\u02bbai pa\u02bba (ka \u02bbi\u02bbo a me ka moa, ka protein a me n\u0101 mea \u02bbai kakahiaka), n\u0101 hua\u02bbai a me n\u0101 mea kanu (kane a me ka hau) a me n\u0101 mea\u02bbai malo\u02bbo.<\/li>\n<\/ol>\n\n\n\n<ul class=\"wp-block-list\">\n<li>K\u0101hea \u02bbia no Bid (IFB): E loa\u02bba n\u0101 makana ma o ka Moku\u02bb\u0101ina \u02bbo Hawai\u02bbi eProcurement System (HIePRO) wale n\u014d a hiki i ka hola a me ka l\u0101 i ho\u02bbonohonoho \u02bbia no ka pani \u02bbana o n\u0101 kumu k\u016b\u02bbai. \u02bbA\u02bbole na\u02bbe e h\u0101\u02bbawi \u02bbia ka makana a hiki i ka n\u0101n\u0101 \u02bbia \u02bbana o n\u0101 bila a pau.<\/li>\n\n\n\n<li>Noi no n\u0101 Mana\u02bbo (RFP)\/N\u0101 Ho\u02bbopi\u02bbi Ho\u02bbok\u016bk\u016b K\u016blana \u02bb\u0113 a\u02bbe: \u02bbO n\u0101 palapala i loa\u02bba ma ka pane \u02bbana i k\u0113ia mau \u02bbano noi e m\u0101lama \u02bbia e like me n\u0101 \u02bb\u014dlelo a\u02bboa\u02bbo a me n\u0101 mea ho\u02bbohui, in\u0101 he. Mana\u02bbo \u02bbia n\u0101 ho\u02bbouna i loa\u02bba i ka manawa i \u02bb\u014dlelo \u02bbia. \u02bbA\u02bbole h\u0101\u02bbawi \u02bbia ka makana a hiki i ka loiloi \u02bbia \u02bbana o n\u0101 palapala ho\u02bbouna a pau.<\/li>\n\n\n\n<li>N\u0101 makana \u02bbaelike\/Price List: H\u0101\u02bbawi \u02bbia n\u0101 makana i ka mea ha\u02bbaha\u02bba ha\u02bbaha\u02bba ha\u02bbaha\u02bba ha\u02bbaha\u02bba a me ka mea noi. \u02bbO ka mea ma\u02bbamau, \u02bbo ia ka mea n\u0101na e ho\u02bbouna i kahi noi a noi \u02bbole me ka \u02bbole o n\u0101 \u02bboko\u02bba a ho\u02bbok\u014d i n\u0101 kiko\u02bb\u012b \u0101pau i noi \u02bbia ma ka noi.<\/li>\n<\/ul>\n\n\n\n<h2 class=\"wp-block-heading\">n\u0101 mea k\u016b\u02bbai aku i h\u0101\u02bbawi \u02bbia<\/h2>\n\n\n\n<h3 class=\"wp-block-heading\">N\u0101 Palapala K\u016b\u02bbai<\/h3>\n\n\n\n<p>Ma ka h\u0101\u02bbawi \u02bbia \u02bbana, koi \u02bbia paha ka mea i h\u0101\u02bbawi \u02bbia e h\u014d\u02bbike i ka ho\u02bbok\u014d \u02bbana o ka mea k\u016b\u02bbai aku, i \u02bbike \u02bbia paha e kahi &quot;Certificate of Vendor Compliance&quot; i ho\u02bbopuka \u02bbia ma o ka \u02bb\u014dnaehana p\u016bnaewele, Hawai\u02bbi Compliance Express. Hiki ke \u02bbike \u02bbia n\u0101 kiko\u02bb\u012b e pili ana i k\u0113ia ka\u02bbina noi p\u016bnaewele ma <a href=\"https:\/\/vendors.ehawaii.gov\/hce\/splash\/welcome.html\" target=\"_blank\" rel=\"noreferrer noopener\">vendors.ehawaii.gov\/hce<\/a>. \u02bbO ka ma\u02bbamau, koi \u02bbia ka palapala ho\u02bbok\u014d ma ka h\u0101\u02bbawi \u02bbana i kekahi k\u016b\u02bbai o $2,500 a \u02bboi aku paha. Pono paha ia i ka pau \u02bbana o ka \u02bbaelike.<\/p>\n\n\n\n<h3 class=\"wp-block-heading\">H\u0101\u02bbawi \u02bbia<\/h3>\n\n\n\n<p>Ho\u02bbohana mau \u02bbia n\u0101 kula\/ke\u02bbena e loa\u02bba n\u0101 waiwai a me n\u0101 lawelawe i loko o ka makahiki, koe wale n\u014d i n\u0101 hopena pule a me n\u0101 l\u0101 ho\u02bbomaha. \u02bbO n\u0101 hola o ka hana ma\u02bbamau mai 7:45 am a 4:30 pm Eia na\u02bbe, \u02bb\u014dlelo \u02bbia n\u0101 mea k\u016b\u02bbai aku he mea ma\u02bbalahi ke kelepona \u02bbana i mua i ka w\u0101 e ho\u02bbouna ai.<\/p>\n\n\n\n<h3 class=\"wp-block-heading\">Ho\u02bboka\u02bba k\u0101l\u0101 a me ka uku<\/h3>\n\n\n\n<p>\u02bbO ka hapa nui o n\u0101 k\u016b\u02bbai i hana \u02bbia e n\u0101 kula a me n\u0101 ke\u02bbena e ho\u02bbomaka \u02bbia e ka ho\u02bbopuka \u02bbana i kahi kauoha k\u016b\u02bbai. Hiki ke ho\u02bbok\u014d \u02bbia n\u0101 k\u016b\u02bbai li\u02bbili\u02bbi a me n\u0101 \u02bbaelike ku\u02bbuna. In\u0101 \u02bba\u02bbole i \u02bbike \u02bbia, pono e ho\u02bbouna \u02bbia n\u0101 pepa helu i ke kula a i \u02bbole ke ke\u02bbena e ho\u02bbopuka ana i ke kauoha k\u016b\u02bbai a i \u02bbole e like me ka mea i h\u014d\u02bbike \u02bbia ma ka \u02bbaelike no ka hana \u02bbana.<\/p>\n\n\n\n<p>Pono e hiki ke heluhelu pono \u02bbia n\u0101 pepa, ma kahi \u02bbano ho\u02bbopi\u02bbi i \u02bbae \u02bbia, a pono e h\u014d\u02bbike i k\u0113ia mau kiko\u02bb\u012b:<\/p>\n\n\n\n<ul class=\"wp-block-list\">\n<li>Helu helu a me ka l\u0101.<\/li>\n\n\n\n<li>Ka inoa a me ka helu wahi o ke kula a i \u02bbole ke ke\u02bbena e uku \u02bbia nei.<\/li>\n\n\n\n<li>\u02bbO ka wehewehe \u02bbana i n\u0101 waiwai \/ lawelawe i h\u0101\u02bbawi \u02bbia (me n\u0101 l\u0101 o ka lawelawe in\u0101 k\u016bpono).<\/li>\n\n\n\n<li>Ka nui o ka uku i noi \u02bbia no n\u0101 huahana\/lawelawe i wehewehe \u02bbia.<\/li>\n<\/ul>\n\n\n\n<p>\u02bbOiai ua ho\u02bboka\u02bbawale \u02bbia n\u0101 hana k\u016b\u02bbai \u02bbana, ua hana \u02bbia ka hana loiloi a ka &#039;Oihana e ke ke\u02bbena kikowaena. Ho\u02bbohui mau \u02bbia n\u0101 uku k\u0101l\u0101 i ka mea k\u016b\u02bbai aku i loko o ka \u02bb\u014dnaehana ho\u02bbokele k\u0101l\u0101 o ka &#039;Oihana e n\u0101 kula a me n\u0101 ke\u02bbena i ka manawa o ka k\u0101kau \u02bbana a ho\u02bbopili p\u016b \u02bbia n\u0101 m\u0101ka me kahi \u02bb\u014dlelo a\u02bboa\u02bbo ho\u02bbouna, e helu ana i n\u0101 invoice a pau e uku \u02bbia ana. Hana \u02bbia ka uku i loko o 30 mau l\u0101 ma hope o ka loa\u02bba \u02bbana o ka waiwai a\/a i \u02bbole n\u0101 lawelawe a me ka h\u014d\u02bbike \u02bbana i kahi invoice e \u02bbae \u02bbia, \u02bbo ia ka mea ma hope, h\u0101\u02bbawi \u02bbia:<\/p>\n\n\n\n<ol class=\"wp-block-list\">\n<li>\u02bbO ka h\u0101\u02bbawi \u02bbana i n\u0101 waiwai \/ ho\u02bbopau i n\u0101 lawelawe i k\u016blike me ke k\u016b\u02bbai \u02bbana a ua \u02bbolu\u02bbolu.<\/li>\n\n\n\n<li>Ua ho\u02bbopuka \u02bbia ka invoice mai ka mea k\u016b\u02bbai aku e like me ka mea i helu \u02bbia ma ke kauoha k\u016b\u02bbai.<\/li>\n\n\n\n<li>Ua ho\u02bbouna \u02bbia kahi pepa helu kiko\u02bb\u012b i ka helu k\u016bpono. In\u0101 \u02bba\u02bbole \u02bbo ka invoice he invoice kumu, ua ho\u02bbopili \u02bbia kahi \u02bb\u014dlelo i p\u016blima \u02bbia me ka heluhelu \u02bbana, &quot;Ke waiho \u02bbia nei k\u0113ia invoice ma ke \u02bbano he invoice kumu&quot; a \u02bbo ka p\u016blima he kumu.<\/li>\n<\/ol>\n\n\n\n<p>No ka mea he mau k\u016blana hou, n\u0101 palena a me n\u0101 \u02bboko\u02bba e pili ana i ka palena manawa o n\u0101 uku, pono n\u0101 mea k\u016b\u02bbai aku e n\u0101n\u0101 pono i n\u0101 kauoha k\u016b\u02bbai a i \u02bbole n\u0101 \u02bbaelike i h\u0101\u02bbawi \u02bbia \/ h\u0101\u02bbawi \u02bbia, a me n\u0101 kuhikuhi pili \u02bb\u0113 a\u02bbe.<\/p>\n\n\n\n<h3 class=\"wp-block-heading\">Uku Hope<\/h3>\n\n\n\n<p>Pono ka palapala ho\u02bboku\u02bbu \u02bbauhau kumu i ka manawa o ka uku hope \u02bbana i n\u0101 k\u016b\u02bbai \u0101pau o $25,000 a \u02bboi aku paha. Ho\u02bbopuka \u02bbia ka \u02bbae e ka Internal Revenue Service (IRS) a me ke Ke\u02bbena \u02bbAuhau o ka Moku\u02bb\u0101ina \u02bbo Hawai\u02bbi, a pono e ho\u02bbopa\u02bba \u02bbia i loko o \u02bbelua mahina o ka uku hope. Pili k\u0113ia i n\u0101 mea k\u016b\u02bbai aku ma ka \u02bb\u0101ina a me n\u0101 mea k\u016b\u02bbai k\u016bloko. Ma waho a\u02bbe o ka \u02bbae \u02bbauhau, e koi \u02bbia ka &quot;Certification of Compliance for Final Payment&quot; (DOE Form-22) me kahi p\u016blima kumu no ka uku hope.<\/p>\n\n\n\n<p>Ma kahi o n\u0101 mea i luna a\u02bbe nei, hiki i ka mea \u02bbaelike ke waiho i kahi &quot;Certificate of Vendor Compliance&quot; i ho\u02bbopuka \u02bbia e ke Ke\u02bbena K\u016b\u02bbai Moku\u02bb\u0101ina ma o ka <a href=\"https:\/\/vendors.ehawaii.gov\/hce\/splash\/welcome.html\" target=\"_blank\" rel=\"noreferrer noopener\">Hawai\u02bbi Compliance Express<\/a>.<\/p>\n\n\n\n<h2 class=\"wp-block-heading\">NO KA IKE HOU<\/h2>\n\n\n\n<h3 class=\"wp-block-heading\">M\u0101hele K\u016b\u02bbai a me n\u0101 \u02bbaelike (PCB)<\/h3>\n\n\n\n<p>N\u0101 mea k\u016b\u02bbai ma\u02bbamau a i \u02bbole n\u0101 mea \u02bbaelike:<\/p>\n\n\n\n<p>Helu helu: <br>94-275 Mokuola St., Rm. 200, <br>Waipahu, HI 96797<\/p>\n\n\n\n<p>N\u0101 hola hana: <br>Poakahi\u2013Palima, 7:45 am\u20134:30 pm<\/p>\n\n\n\n<p>Ph: 808-675-0130<br>Fax: 808-675-0133<\/p>\n\n\n\n<h3 class=\"wp-block-heading\">Lala Hana Hana P\u0101\u02bboihana (BOB)<\/h3>\n\n\n\n<p>\u02bbO ke kauoha k\u016b\u02bbai ma\u02bbamau, invoice a i \u02bbole n\u0101 mea kiko\u02bb\u012b:<\/p>\n\n\n\n<p>Helu helu: <br>1390 Miller St. <br>Honolulu, HI 96813<\/p>\n\n\n\n<p>N\u0101 hola hana: <br>Poakahi-Palima, 7:45 am\u20134:30 pm<\/p>\n\n\n\n<p>Ph: 808-784-6000<br><a href=\"mailto:hidoe-fiscaloperations@k12.hi.us\">leka uila<\/a><\/p>\n\n\n\n<h2 class=\"wp-block-heading\">N\u0101 kumuwaiwai<\/h2>\n\n\n\n<ul class=\"wp-block-list\">\n<li><a href=\"https:\/\/hawaiipublicschools.org\/wp-content\/uploads\/103D-General-Conditions.pdf\" target=\"_blank\" rel=\"noreferrer noopener\">N\u0101 K\u016blana Nui: HRS 103D (N\u0101 Waiwai, N\u0101 lawelawe a me ke k\u016bkulu \u02bbana) (PDF)<\/a><\/li>\n\n\n\n<li><a href=\"\/haw\/DOE%20Forms\/Procurement\/103F%20General%20Conditions.pdf\/\" target=\"_blank\" rel=\"noreferrer noopener\">N\u0101 K\u016blana Nui: HRS 103F (Health &amp; Human Services) (PDF)<\/a><\/li>\n\n\n\n<li><a href=\"http:\/\/hawaii.gov\/spo\" target=\"_blank\" rel=\"noreferrer noopener\">Ke\u02bbena K\u016b\u02bbai Moku\u02bb\u0101ina \u02bbo Hawai\u02bbi<\/a><\/li>\n\n\n\n<li><a href=\"http:\/\/spo.hawaii.gov\/references\/\" target=\"_blank\" rel=\"noreferrer noopener\">N\u0101 K\u0101n\u0101wai K\u016b\u02bbai a me n\u0101 lula ho\u02bbomalu o Hawai\u02bbi<\/a><\/li>\n<\/ul>\n\n\n\n<p><\/p>\n<\/div>\n<\/div>\n\n\n\n<p><\/p>\n\n\n\n<p><\/p>","protected":false},"excerpt":{"rendered":"<p>\u200b\u200b\u200b\u200b\u200b\u200bOverview We are one of several purchasing jurisdictions in the state of Hawai\u02bbi and operates a decentralized purchasing system. Under the present budgeting system, operating funds for purchases are allocated to each school. Each school and office initiates their own purchase orders up to their statutory monetary authorization and funds available.&nbsp; Schools and state-level offices [&hellip;]<\/p>","protected":false},"author":8,"featured_media":0,"parent":1291,"menu_order":13,"comment_status":"closed","ping_status":"closed","template":"wp-custom-template-page-for-custom-sidebar","meta":{"_relevanssi_hide_post":"","_relevanssi_hide_content":"","_relevanssi_pin_for_all":"","_relevanssi_pin_keywords":"","_relevanssi_unpin_keywords":"","_relevanssi_related_keywords":"","_relevanssi_related_include_ids":"","_relevanssi_related_exclude_ids":"","_relevanssi_related_no_append":"","_relevanssi_related_not_related":"","_relevanssi_related_posts":"16234,9946,10905,9731,18797,888","_relevanssi_noindex_reason":"","_sitemap_exclude":false,"_sitemap_priority":"","_sitemap_frequency":"","_kad_blocks_custom_css":"","_kad_blocks_head_custom_js":"","_kad_blocks_body_custom_js":"","_kad_blocks_footer_custom_js":"","wp_popup_display_lightbox":0,"wp_popup_suppress":"","wp_popup_trigger":"","wp_popup_trigger_amount":0,"wp_popup_disable_on_mobile":false,"footnotes":""},"class_list":["post-143","page","type-page","status-publish","hentry"],"pp_statuses_selecting_workflow":false,"pp_workflow_action":"current","pp_status_selection":"publish","taxonomy_info":[],"featured_image_src_large":false,"author_info":{"display_name":"Ariana Enomoto","author_link":"https:\/\/hawaiipublicschools.org\/haw\/author\/arianastaceyleong-com\/"},"comment_info":0,"publishpress_future_action":{"enabled":false,"date":"2026-04-25 16:56:20","action":"change-status","newStatus":"draft","terms":[],"taxonomy":"","extraData":[]},"publishpress_future_workflow_manual_trigger":{"enabledWorkflows":[]},"_links":{"self":[{"href":"https:\/\/hawaiipublicschools.org\/haw\/wp-json\/wp\/v2\/pages\/143","targetHints":{"allow":["GET"]}}],"collection":[{"href":"https:\/\/hawaiipublicschools.org\/haw\/wp-json\/wp\/v2\/pages"}],"about":[{"href":"https:\/\/hawaiipublicschools.org\/haw\/wp-json\/wp\/v2\/types\/page"}],"author":[{"embeddable":true,"href":"https:\/\/hawaiipublicschools.org\/haw\/wp-json\/wp\/v2\/users\/8"}],"replies":[{"embeddable":true,"href":"https:\/\/hawaiipublicschools.org\/haw\/wp-json\/wp\/v2\/comments?post=143"}],"version-history":[{"count":2,"href":"https:\/\/hawaiipublicschools.org\/haw\/wp-json\/wp\/v2\/pages\/143\/revisions"}],"predecessor-version":[{"id":18950,"href":"https:\/\/hawaiipublicschools.org\/haw\/wp-json\/wp\/v2\/pages\/143\/revisions\/18950"}],"up":[{"embeddable":true,"href":"https:\/\/hawaiipublicschools.org\/haw\/wp-json\/wp\/v2\/pages\/1291"}],"wp:attachment":[{"href":"https:\/\/hawaiipublicschools.org\/haw\/wp-json\/wp\/v2\/media?parent=143"}],"curies":[{"name":"wp","href":"https:\/\/api.w.org\/{rel}","templated":true}]}}