{"id":133,"date":"2024-09-05T00:05:18","date_gmt":"2024-09-05T00:05:18","guid":{"rendered":"https:\/\/hawaiipublicschools.org\/?page_id=133"},"modified":"2026-02-12T14:19:14","modified_gmt":"2026-02-13T00:19:14","slug":"legislative-reports","status":"publish","type":"page","link":"https:\/\/hawaiipublicschools.org\/haw\/data-reports\/legislative-reports\/","title":{"rendered":"Hoike Ahaolelo"},"content":{"rendered":"<div class=\"wp-block-columns double_col_sidebar is-layout-flex wp-container-core-columns-is-layout-28f84493 wp-block-columns-is-layout-flex\">\n<div class=\"wp-block-column left_col is-layout-flow wp-block-column-is-layout-flow\">\n<p class=\"intro\">The Hawai\u02bbi State Department of Education prepares annual reports requested by the Legislature and\/or required by statute.<\/p>\n\n\n\n<h2 class=\"wp-block-heading\">2026 Legislature\u200b\u200b\u200b\u200b\u200b\u200b\u200b\u200b\u200b\u200b\u200b\u200b\u200b\u200b<\/h2>\n\n\n\n<h3 class=\"wp-block-heading\">Kanawai \/ Bila \/ Olelo Hooholo<\/h3>\n\n\n\n<p><strong><a href=\"\/wp-content\/uploads\/DOE_REPORT2026_LocalMealandFarmtoSchool.pdf\" target=\"_blank\" rel=\"noreferrer noopener\">\u02bbO ka mea\u02bbai k\u016bloko ma ke \u02bbano he p\u0101k\u0113neka o n\u0101 kumuk\u016b\u02bbai mea\u02bbai<\/a><\/strong> (PDF)<br><a href=\"https:\/\/www.capitol.hawaii.gov\/hrscurrent\/Vol01_Ch0001-0042F\/HRS0027\/HRS_0027-0008.htm\" target=\"_blank\" rel=\"noreferrer noopener\">27-8, HRS<\/a> | <a href=\"https:\/\/www.capitol.hawaii.gov\/hrscurrent\/Vol05_Ch0261-0319\/HRS0302A\/HRS_0302A-0405_0006.htm\" target=\"_blank\" rel=\"noreferrer noopener\">302A<\/a><a href=\"https:\/\/www.capitol.hawaii.gov\/hrscurrent\/Vol05_Ch0261-0319\/HRS0302A\/HRS_0302A-0405_0006.htm\">-405.6, HRS<\/a><\/p>\n\n\n\n<p><strong><a href=\"\/wp-content\/uploads\/DOE_REPORT2026_FederalImpactAid.pdf\" target=\"_blank\" rel=\"noreferrer noopener\">Impact Aid, \u02bbAmelika Hui P\u016b \u02bbIa o n\u0101 Waihona Pu\u02bbu k\u0101l\u0101, a me n\u0101 uku uku \u02bbole<\/a><\/strong> (PDF)<br><a href=\"http:\/\/www.capitol.hawaii.gov\/hrscurrent\/Vol01_Ch0001-0042F\/HRS0029\/HRS_0029-0025.htm\" target=\"_blank\" rel=\"noreferrer noopener\">29-25(d), HRS<\/a><\/p>\n\n\n\n<p><strong><a href=\"\/wp-content\/uploads\/DOE_REPORT2026_GeneralFundCarryover.pdf\" target=\"_blank\" rel=\"noreferrer noopener\">\u02bbO ke k\u0101l\u0101 lawe \u02bbana ma ke kula ma ke kula<\/a><\/strong> (PDF)<br><a href=\"https:\/\/www.capitol.hawaii.gov\/hrscurrent\/Vol01_Ch0001-0042F\/HRS0037\/HRS_0037-0041_0005.htm\" target=\"_blank\" rel=\"noreferrer noopener\">37-41.5, HRS<\/a><\/p>\n\n\n\n<p><strong><a href=\"https:\/\/www.capitol.hawaii.gov\/hrscurrent\/Vol01_Ch0001-0042F\/HRS0037\/HRS_0037-0047.htm\" target=\"_blank\" rel=\"noreferrer noopener\">\u02bb<\/a><a href=\"\/wp-content\/uploads\/DOE_REPORT2026_Non-GeneralFundInformationReport.pdf\" target=\"_blank\" rel=\"noreferrer noopener\">Ka h\u014d\u02bbike \u02bbana o ka \u02bbike k\u0101l\u0101 \u02bba\u02bbole, \u200bn\u0101 ana papahana k\u0101l\u0101 \u02bbole, n\u0101 h\u014d\u02bbike kumu k\u016b\u02bbai o ka waihona k\u0101l\u0101 \u02bbole.<\/a><\/strong> (PDF)<br><a href=\"https:\/\/www.capitol.hawaii.gov\/hrscurrent\/Vol01_Ch0001-0042F\/HRS0037\/HRS_0037-0047.htm\" target=\"_blank\" rel=\"noreferrer noopener\">37-47, HRS<\/a>\u200b | <a href=\"https:\/\/www.capitol.hawaii.gov\/hrscurrent\/Vol01_Ch0001-0042F\/HRS0037\/HRS_0037-0048.htm\" target=\"_blank\" rel=\"noreferrer noopener\">37-48, HRS<\/a> | <a href=\"https:\/\/www.capitol.hawaii.gov\/hrscurrent\/Vol01_Ch0001-0042F\/HRS0037\/HRS_0037-0049.htm\" target=\"_blank\" rel=\"noreferrer noopener\">37-49, HRS<\/a><\/p>\n\n\n\n<p><strong><a href=\"\/wp-content\/uploads\/DOE_REPORT2026_AdministrativelyEstAccountsandFunds.pdf\" target=\"_blank\" rel=\"noreferrer noopener\">Ho\u02bbokumu a ho\u02bbomau i n\u0101 mo\u02bbok\u0101ki a me n\u0101 k\u0101l\u0101 i ho\u02bbokumu \u02bbia e ka Administratively<\/a><\/strong> (PDF)<br><a href=\"https:\/\/www.capitol.hawaii.gov\/hrscurrent\/Vol01_Ch0001-0042F\/HRS0037\/HRS_0037-0052_0005.htm\" target=\"_blank\" rel=\"noreferrer noopener\">37-52.5, HRS<\/a><\/p>\n\n\n\n<p><strong><a href=\"\/wp-content\/uploads\/DOE_REPORT2026_TransfersofAppropriatedFundsandPositions.pdf\" target=\"_blank\" rel=\"noreferrer noopener\">Ho\u02bbololi i hana \u02bbia ma waena o n\u0101 papahana a me n\u0101 hui; Hoolilo i na dala a me na kulana i haawiia<\/a><\/strong> (PDF)<br><a href=\"http:\/\/www.capitol.hawaii.gov\/hrscurrent\/Vol01_Ch0001-0042F\/HRS0037\/HRS_0037-0074.htm\" target=\"_blank\" rel=\"noreferrer noopener\">37-74 (d)(3), HRS<\/a><\/p>\n\n\n\n<p><strong><a href=\"\/wp-content\/uploads\/DOE_REPORT2026_WorkforceDevelopment.pdf\" target=\"_blank\" rel=\"noreferrer noopener\">Ho\u02bbomohala Hana Hana<\/a><\/strong> (PDF)<br><a href=\"https:\/\/www.capitol.hawaii.gov\/hrscurrent\/Vol04_Ch0201-0257\/HRS0202\/HRS_0202-0010.htm\" target=\"_blank\" rel=\"noreferrer noopener\">202-10, HRS<\/a><\/p>\n\n\n\n<p><strong><a href=\"\/wp-content\/uploads\/DOE_REPORT2026_ComputerScienceEducation.pdf\" target=\"_blank\" rel=\"noreferrer noopener\">\u02bbepekema kamepiula<\/a><\/strong> (PDF)<br><a href=\"https:\/\/www.capitol.hawaii.gov\/hrscurrent\/Vol05_Ch0261-0319\/HRS0302A\/HRS_0302A-0323.htm\" target=\"_blank\" rel=\"noreferrer noopener\">302A-323, HRS<\/a><\/p>\n\n\n\n<p><strong><a href=\"\/wp-content\/uploads\/DOE_REPORT2026_AdministrativeHearingProcedures.pdf\" target=\"_blank\" rel=\"noreferrer noopener\">\u02bbO n\u0101 ka\u02bbina hana ho\u02bbolohe mana\u02bbo ho\u02bbomalu a me ka mana ho\u02bbopi\u02bbi e pili ana i ka ho\u02bbona\u02bbauao \u02bbana i n\u0101 keiki me ke kino k\u012bn\u0101<\/a><\/strong> (PDF)<br><a href=\"https:\/\/www.capitol.hawaii.gov\/hrscurrent\/Vol05_Ch0261-0319\/HRS0302A\/HRS_0302A-0443.htm\" target=\"_blank\" rel=\"noreferrer noopener\">302A-443(e), HRS<\/a><\/p>\n\n\n\n<p><strong><a href=\"\/wp-content\/uploads\/DOE_REPORT2026_SpecialEducationTitleI-FundedPrekindergartenPrograms.pdf\" target=\"_blank\" rel=\"noreferrer noopener\">N\u0101 Papa Ho\u02bbona\u02bbauao K\u016bikaw\u0101 a me ka Title I i k\u0101ko\u02bbo \u02bbia i n\u0101 lumi papa PreK Public<\/a><\/strong> (PDF)<br><a href=\"http:\/\/www.capitol.hawaii.gov\/hrscurrent\/Vol05_Ch0261-0319\/HRS0302A\/HRS_0302A-0450.htm\" target=\"_blank\" rel=\"noreferrer noopener\">302A-450, HRS<\/a><\/p>\n\n\n\n<p><strong><a href=\"\/wp-content\/uploads\/DOE_REPORT2026_ComprehensiveAccountabilitySystem.pdf\" target=\"_blank\" rel=\"noreferrer noopener\">P\u016bnaehana Ho\u02bbopono K\u016b\u02bb\u0113<\/a><\/strong> (PDF)<br><a href=\"http:\/\/www.capitol.hawaii.gov\/hrscurrent\/Vol05_Ch0261-0319\/HRS0302A\/HRS_0302A-1004.htm\" target=\"_blank\" rel=\"noreferrer noopener\">302A-1004, HRS<\/a><\/p>\n\n\n\n<p><strong><a href=\"https:\/\/hawaiipublicschools.org\/wp-content\/uploads\/DOE_REPORT2026_SixYearProgramandFinancialPlanforSchoolRepairandMaintenance-1.pdf\" target=\"_blank\" rel=\"noreferrer noopener\">Papahana \u02bbeono makahiki a me ka ho\u02bbol\u0101l\u0101 k\u0101l\u0101 no ka ho\u02bboponopono a m\u0101lama \u02bbana i ke kula<\/a><\/strong> (PDF)<br><a href=\"http:\/\/www.capitol.hawaii.gov\/hrscurrent\/Vol05_Ch0261-0319\/HRS0302A\/HRS_0302A-1312.htm\" target=\"_blank\" rel=\"noreferrer noopener\">302A-1312, HRS<\/a><\/p>\n\n\n\n<p><strong><a href=\"\/wp-content\/uploads\/DOE_REPORT2026_FederalGrantsRevolvingFund.pdf\" target=\"_blank\" rel=\"noreferrer noopener\">Ka Waihona Huli, Ho\u02bbomohala, a me ka Waihona Ho\u02bbopi\u02bbi Ho\u02bbopi\u02bbi<\/a><\/strong> (PDF)<br><a href=\"http:\/\/www.capitol.hawaii.gov\/hrscurrent\/Vol05_Ch0261-0319\/HRS0302A\/HRS_0302A-1405.htm\" target=\"_blank\" rel=\"noreferrer noopener\">302A-1405, HRS<\/a><\/p>\n\n\n\n<p><strong><a href=\"\/wp-content\/uploads\/DOE_REPORT2026_SchoolLevelMinorRepairsandMaintenanceSpecialFund.pdf\" target=\"_blank\" rel=\"noreferrer noopener\">Waihona Kuikawa no ka Hooponopono Li&#039;ili&#039;i o ke Kula<\/a><\/strong> (PDF)<br><a href=\"http:\/\/www.capitol.hawaii.gov\/hrscurrent\/Vol05_Ch0261-0319\/HRS0302A\/HRS_0302A-1504_0005.htm\" target=\"_blank\" rel=\"noreferrer noopener\">302A-1504.5, HRS<\/a><\/p>\n\n\n\n<p><strong><a href=\"https:\/\/hawaiipublicschools.org\/wp-content\/uploads\/DOE_REPORT2026_SustainableSchools.pdf\">N\u0101 Kula Ho\u02bbomau<\/a><\/strong> (PDF)<br><a href=\"http:\/\/www.capitol.hawaii.gov\/hrscurrent\/Vol05_Ch0261-0319\/HRS0302A\/HRS_0302A-1510.htm\" target=\"_blank\" rel=\"noreferrer noopener\">302A-1510, HRS<\/a><\/p>\n\n\n\n<p><strong><a href=\"\/wp-content\/uploads\/DOE_REPORT2026_TeacherEducationCoordinatingCommittee-1.pdf\" target=\"_blank\" rel=\"noreferrer noopener\">Teacher Education Coordinating Committee (TECC)<\/a>&nbsp;<\/strong>(PDF) \u200b\u200b<br><a href=\"http:\/\/www.capitol.hawaii.gov\/hrscurrent\/Vol05_Ch0261-0319\/HRS0304A\/HRS_0304A-1202.htm\" target=\"_blank\" rel=\"noreferrer noopener\">304A-1202, HRS<\/a><\/p>\n\n\n\n<p><strong><a href=\"\/wp-content\/uploads\/DOE_REPORT2026_TitleIXComplaints.pdf\" target=\"_blank\" rel=\"noreferrer noopener\">Po\u02bbo IX N\u0101 ho\u02bbopi\u02bbi<\/a><\/strong> (PDF)<br><a href=\"https:\/\/www.capitol.hawaii.gov\/hrscurrent\/Vol07_Ch0346-0398\/HRS0368D\/HRS_0368D-0004.htm\" target=\"_blank\" rel=\"noreferrer noopener\">368D-4, HRS<\/a><\/p>\n\n\n\n<p><strong><a href=\"\/wp-content\/uploads\/DOE_REPORT2026_GoalsObjectives.pdf\" target=\"_blank\" rel=\"noreferrer noopener\">N\u0101 Pahuhopu, Pahuhopu, N\u0101 Kulekele, Ho\u02bbol\u0101l\u0101 Hana a me n\u0101 Ana Hana Hana<\/a><\/strong> (PDF)<br><a href=\"https:\/\/www.capitol.hawaii.gov\/slh\/Years\/SLH1999\/SLH1999_Act100.pdf\" target=\"_blank\" rel=\"noreferrer noopener\">Kanawai 100 (1999) (PDF)<\/a><\/p>\n\n\n\n<p><strong><a href=\"\/wp-content\/uploads\/DOE_REPORT2026_LibrarianPilot.pdf\" target=\"_blank\" rel=\"noreferrer noopener\">Librarian Pilot<\/a><\/strong> (PDF)<br>Act 135 (2025)<\/p>\n\n\n\n<p><strong><a href=\"\/wp-content\/uploads\/DOE_REPORT2026_AutismSpectrumDisorderandAppliedBehaviorAnalysis.pdf\" target=\"_blank\" rel=\"noreferrer noopener\">Autism Spectrum Disorder and Applied Behavior Analysis<\/a><\/strong> (PDF)<br>\u02bb<a href=\"https:\/\/www.capitol.hawaii.gov\/sessions\/session2023\/bills\/SB105_CD1_.htm\" target=\"_blank\" rel=\"noreferrer noopener\">Act 166 (2023)<\/a><\/p>\n\n\n\n<p><strong><a href=\"\/wp-content\/uploads\/DOE_REPORT2026_CompostingPilotProject.pdf\" target=\"_blank\" rel=\"noreferrer noopener\">Hui Hana Hana Paipai H\u0101na\u02bbi Kokomo<\/a><\/strong> (PDF)<br><a href=\"https:\/\/www.capitol.hawaii.gov\/slh\/Years\/SLH2018\/SLH2018_Act207.pdf\" target=\"_blank\" rel=\"noreferrer noopener\">Kanawai 207 (2018) (PDF)<\/a><\/p>\n\n\n\n<p><strong><a href=\"\/wp-content\/uploads\/DOE_REPORT2026_EnhancedElectronicHumanResources.pdf\" target=\"_blank\" rel=\"noreferrer noopener\">Ke ho\u02bbokumu \u02bbana i kahi P\u016bnaehana Ho\u02bbona\u02bbauao kanaka<\/a><\/strong> (PDF)<br><a href=\"https:\/\/www.capitol.hawaii.gov\/slh\/Years\/SLH2022\/SLH2022_Act248.pdf\" target=\"_blank\" rel=\"noreferrer noopener\">Kanawai 248 (2022) (PDF)<\/a><\/p>\n\n\n\n<p><strong><a href=\"\/wp-content\/uploads\/DOE_REPORT2026_CapitalImprovementProjects.pdf\" target=\"_blank\" rel=\"noreferrer noopener\">Capital Improvement Projects<\/a><\/strong> (PDF)<br>Act 250 (2025)<\/p>\n\n\n\n<p><a href=\"\/wp-content\/uploads\/DOE_REPORT2026_TitleIX.pdf\" target=\"_blank\" rel=\"noreferrer noopener\"><strong>Hooikaika o ka Oihana e hooko i ke Kuleana IX<\/strong> <\/a>(PDF)<br><a href=\"https:\/\/www.capitol.hawaii.gov\/session\/archives\/measure_indiv_Archives.aspx?billtype=HCR&amp;billnumber=198&amp;year=2018\" target=\"_blank\" rel=\"noreferrer noopener\">HCR 198 (2018)<\/a><\/p>\n\n\n\n<p><a href=\"\/wp-content\/uploads\/DOE_REPORT2026_MealCost.pdf\" target=\"_blank\" rel=\"noreferrer noopener\"><strong>Meal Cost<\/strong> <\/a>(PDF)<br>SCR 134 (2025)<br><\/p>\n<\/div>\n<\/div>\n\n\n\n<h2 class=\"wp-block-heading\"><a href=\"https:\/\/hawaiipublicschools.org\/haw\/data-reports\/legislative-reports\/legislative-reports-archive\/\" data-type=\"page\" data-id=\"10085\">Legislative reports archive<\/a><\/h2>\n\n\n\n<p>Archived legislative reports for previous legislative sessions.<\/p>\n\n\n\n<p><\/p>","protected":false},"excerpt":{"rendered":"<p>The Hawai\u02bbi State Department of Education prepares annual reports requested by the Legislature and\/or required by statute. 2026 Legislature\u200b\u200b\u200b\u200b\u200b\u200b\u200b\u200b\u200b\u200b\u200b\u200b\u200b\u200b Statute \/ Bill \/ Resolution Local Food as a Percent of Food Costs (PDF)27-8, HRS | 302A-405.6, HRS Impact Aid, United States Department of Defense Funds, and Indirect Overhead Reimbursements (PDF)29-25(d), HRS Carryover Funds on a [&hellip;]<\/p>","protected":false},"author":8,"featured_media":0,"parent":127,"menu_order":19,"comment_status":"closed","ping_status":"closed","template":"","meta":{"_relevanssi_hide_post":"","_relevanssi_hide_content":"","_relevanssi_pin_for_all":"","_relevanssi_pin_keywords":"","_relevanssi_unpin_keywords":"","_relevanssi_related_keywords":"","_relevanssi_related_include_ids":"","_relevanssi_related_exclude_ids":"","_relevanssi_related_no_append":"","_relevanssi_related_not_related":"","_relevanssi_related_posts":"888,9332,8795,9324,15997,2395","_relevanssi_noindex_reason":"","_sitemap_exclude":false,"_sitemap_priority":"","_sitemap_frequency":"","_kad_blocks_custom_css":"","_kad_blocks_head_custom_js":"","_kad_blocks_body_custom_js":"","_kad_blocks_footer_custom_js":"","wp_popup_display_lightbox":0,"wp_popup_suppress":"","wp_popup_trigger":"","wp_popup_trigger_amount":0,"wp_popup_disable_on_mobile":false,"footnotes":""},"class_list":["post-133","page","type-page","status-publish","hentry"],"pp_statuses_selecting_workflow":false,"pp_workflow_action":"current","pp_status_selection":"publish","taxonomy_info":[],"featured_image_src_large":false,"author_info":{"display_name":"Ariana Enomoto","author_link":"https:\/\/hawaiipublicschools.org\/haw\/author\/arianastaceyleong-com\/"},"comment_info":0,"publishpress_future_action":{"enabled":false,"date":"2026-04-26 08:55:55","action":"change-status","newStatus":"draft","terms":[],"taxonomy":"","extraData":[]},"publishpress_future_workflow_manual_trigger":{"enabledWorkflows":[]},"_links":{"self":[{"href":"https:\/\/hawaiipublicschools.org\/haw\/wp-json\/wp\/v2\/pages\/133","targetHints":{"allow":["GET"]}}],"collection":[{"href":"https:\/\/hawaiipublicschools.org\/haw\/wp-json\/wp\/v2\/pages"}],"about":[{"href":"https:\/\/hawaiipublicschools.org\/haw\/wp-json\/wp\/v2\/types\/page"}],"author":[{"embeddable":true,"href":"https:\/\/hawaiipublicschools.org\/haw\/wp-json\/wp\/v2\/users\/8"}],"replies":[{"embeddable":true,"href":"https:\/\/hawaiipublicschools.org\/haw\/wp-json\/wp\/v2\/comments?post=133"}],"version-history":[{"count":0,"href":"https:\/\/hawaiipublicschools.org\/haw\/wp-json\/wp\/v2\/pages\/133\/revisions"}],"up":[{"embeddable":true,"href":"https:\/\/hawaiipublicschools.org\/haw\/wp-json\/wp\/v2\/pages\/127"}],"wp:attachment":[{"href":"https:\/\/hawaiipublicschools.org\/haw\/wp-json\/wp\/v2\/media?parent=133"}],"curies":[{"name":"wp","href":"https:\/\/api.w.org\/{rel}","templated":true}]}}