{"id":130,"date":"2024-09-05T00:04:12","date_gmt":"2024-09-05T00:04:12","guid":{"rendered":"https:\/\/hawaiipublicschools.org\/?page_id=130"},"modified":"2026-03-30T10:00:07","modified_gmt":"2026-03-30T20:00:07","slug":"school-reports","status":"publish","type":"page","link":"https:\/\/hawaiipublicschools.org\/haw\/data-reports\/school-reports\/","title":{"rendered":"Hoike Kula"},"content":{"rendered":"<div class=\"wp-block-columns double_col_sidebar is-layout-flex wp-container-core-columns-is-layout-28f84493 wp-block-columns-is-layout-flex\">\n<div class=\"wp-block-column left_col is-layout-flow wp-block-column-is-layout-flow\">\n<h2 class=\"wp-block-heading\">Ho\u02bboikaika i ka \u02bb\u014dnaehana hana HI<\/h2>\n\n\n\n<p>Our school accountability and performance system tracks important factors like student achievement, growth, how well high-needs students are doing compared to their peers, attendance, and graduation rates. Due to privacy laws and regulations, reports for schools with very small student populations are suppressed. \u200b&nbsp;This report shows progress on federally required indicators under the Every Student Succeeds Act; in addition to state-adopted measures focused on student equity, achievement and success. Learn more about our <a href=\"\/haw\/about\/organization\/strive-hi-dashboard\/\" target=\"_blank\" rel=\"noreferrer noopener\">Ho\u02bboikaika i ka \u02bb\u014dnaehana hana HI<\/a>.<\/p>\n\n\n\n<h2 class=\"wp-block-heading\">Strategic Plan Progress Tracking<\/h2>\n\n\n\n<p>Pa\u02bba m\u0101kou i ka ho\u02bbomaika\u02bbi mau \u02bbana a me ke kuleana. \u02bbO k\u0101 m\u0101kou puka \u02bbikepili ho\u02bbona\u02bbauao,&nbsp;<a href=\"http:\/\/hidoedata.org\/\" target=\"_blank\" rel=\"noreferrer noopener\">LEI Kukui<\/a>, provides regular updates toward the <a href=\"\/haw\/about\/strategic-plan\/\">Strategic Plan&#8217;s<\/a> performance measures and Every Student Succeeds Act (ESSA) dynamic state and school report card.<\/p>\n\n\n\n<h2 class=\"wp-block-heading\">K\u016blana Kula &amp; Ho\u02bbomaika\u02bbi<\/h2>\n\n\n\n<p>\u02bbO ka <a href=\"http:\/\/arch.k12.hi.us\/reports\/ssir\" target=\"_blank\" rel=\"noreferrer noopener\">H\u014d\u02bbike k\u016blana kula a me ka ho\u02bbomaika\u02bbi \u02bbana (SSIR\u200b)<\/a> e ho\u02bbopuka i n\u0101 koi h\u014d\u02bbike ho\u02bbona\u02bbauao ma\u02bbamau ma \u00a7302A-1004, Hawai\u02bbi Revised Statutes. Ho\u02bbom\u0101kaukau m\u0101kou i kahi SSIR no k\u0113l\u0101 me k\u0113ia kula i k\u0113l\u0101 me k\u0113ia makahiki, aia k\u0113l\u0101 me k\u0113ia:<\/p>\n\n\n\n<ul class=\"wp-block-list\">\n<li>He wehewehe no ke kula a me kona hoonoho ana.&nbsp;<\/li>\n\n\n\n<li>He h\u014d\u02bbulu\u02bbulu o ka holomua o ke kula.&nbsp;<\/li>\n\n\n\n<li>Loa\u02bba n\u0101 kumuwaiwai.<\/li>\n\n\n\n<li>N\u0101 h\u014d\u02bbailona ko\u02bbiko\u02bbi ma ka hana kula.<\/li>\n<\/ul>\n\n\n\n<h2 class=\"wp-block-heading\">Kakau inoa kula<\/h2>\n\n\n\n<p>Heluhelu \u02bbia ke k\u0101kau inoa \u02bbana o n\u0101 haum\u0101na no n\u0101 kula aupuni a pau o Hawai\u02bbi.<\/p>\n\n\n\n<ul class=\"wp-block-list\">\n<li><a href=\"\/wp-content\/uploads\/HIDOEenrollment_2025-26.xlsx\" target=\"_blank\" rel=\"noreferrer noopener\">Enrollment Data (2025-26) (Excel)<\/a><\/li>\n\n\n\n<li><a href=\"https:\/\/hawaiipublicschools.org\/wp-content\/uploads\/HIDOEenrollment_2024-25.xlsx\" target=\"_blank\" rel=\"noreferrer noopener\">\u02bbIkepili Kakau (2024-25) (Excel)<\/a><\/li>\n\n\n\n<li><a href=\"\/haw\/DOE%20Forms\/Enrollment\/DOEenrollment2023-24.xlsx\/\" target=\"_blank\" rel=\"noreferrer noopener\">\u02bbIkepili Kakau (2023-24) (Excel)<\/a><\/li>\n\n\n\n<li><a href=\"\/haw\/DOE%20Forms\/Enrollment\/DOEenrollment2022-23.xlsx\/\" target=\"_blank\" rel=\"noreferrer noopener\">\u02bbIkepili Kakau (2022-23) (Excel)<\/a><\/li>\n\n\n\n<li><a href=\"\/haw\/DOE%20Forms\/Enrollment\/DOEenrollment2021-22.xlsx\/\" target=\"_blank\" rel=\"noreferrer noopener\">\u02bbIkepili Kakau (2021-22) (Excel)<\/a><\/li>\n\n\n\n<li><a href=\"\/haw\/DOE%20Forms\/Enrollment\/DOEenrollment2020-21.xlsx\/\" target=\"_blank\" rel=\"noreferrer noopener\">\u02bbIkepili Kakau (2020-21) (Excel)<\/a><\/li>\n\n\n\n<li><a href=\"\/haw\/DOE%20Forms\/Enrollment\/DOEenrollment2019-20.xlsx\/\" target=\"_blank\" rel=\"noreferrer noopener\">\u02bbIkepili Kakau (2019-20) (Excel)<\/a><\/li>\n\n\n\n<li><a href=\"\/haw\/DOE%20Forms\/Enrollment\/DOEenrollment2018-19.xlsx\/\" target=\"_blank\" rel=\"noreferrer noopener\">\u02bbIkepili Kakau (2018-19) (Excel)<\/a><\/li>\n\n\n\n<li><a href=\"\/haw\/DOE%20Forms\/Enrollment\/DOEenrollment2017-18.xlsx\/\" target=\"_blank\" rel=\"noreferrer noopener\">\u02bbIkepili Kakau (2017-18) (Excel)<\/a><\/li>\n<\/ul>\n\n\n\n<h2 class=\"wp-block-heading\">Ke kikowaena kumu waiwai kuleana hawaii (arch)<\/h2>\n\n\n\n<p>\u02bbO ka <a href=\"http:\/\/arch.k12.hi.us\/reports\" target=\"_blank\" rel=\"noreferrer noopener\">Ke Kikowaena Punawai Pono Pono Hawai\u02bbi (ARCH)<\/a> H\u0101\u02bbawi ka \u02bbikepili i kahi \u0101kea o n\u0101 kula, wahi pa\u02bbakik\u012b a me n\u0101 h\u014d\u02bbike kuleana o ka moku\u02bb\u0101ina. \u02bbO ka hapa nui o k\u0113ia mau h\u014d\u02bbike e ho\u02bbok\u014d i n\u0101 koi federal a me ka moku\u02bb\u0101ina, a m\u0101lama i ka lehulehu \u0101kea i ka hana a me ka holomua o ke kula.<\/p>\n\n\n\n<h2 class=\"wp-block-heading\">Po\u02bbomana\u02bbo i<\/h2>\n\n\n\n<p>\u02bbO ke po\u02bbo inoa I ka <a href=\"https:\/\/www.ed.gov\/laws-and-policy\/laws-preschool-grade-12-education\/title-I\" target=\"_blank\" rel=\"noreferrer noopener\">papahana ho\u02bbona\u02bbauao federal<\/a> that provides financial assistance to local educational agencies (LEAs) and schools with high numbers or high percentages of children from low-income families to help ensure that all children meet challenging state academic standards. As part of its Title I requirement, states produce a plan for equitable access to excellent educators.<\/p>\n\n\n\n<p>Ua h\u014d\u02bbike \u02bbia ka papa inoa o n\u0101 kula Title I o ka &#039;Oihana he mau kula i loa\u02bba ka palena \u02bbilihune o 47.2%. Ho\u02bboholo \u02bbia ka \u02bbilihune ma o ka ho\u02bbopa\u02bba inoa \u02bbana i ka \u02bbohana ma n\u0101 papahana federal \u02bbelua - Community Eligibility Provision and the <a href=\"https:\/\/hawaiipublicschools.org\/haw\/school-services\/school-food-services\/free-and-reduced-priced-meals-program\/?highlight=comunity%20eligibility%20provision\" target=\"_blank\" rel=\"noreferrer noopener\">Papahana \u02bbAi \u02bbAi \u02bbAi \u02bbAi &amp; Hoemi<\/a> - i ka makahiki kula mua.<\/p>\n\n\n\n<ul class=\"wp-block-list\">\n<li><a href=\"\/wp-content\/uploads\/TitleI-2026-27.pdf\" target=\"_blank\" rel=\"noreferrer noopener\">Title I Schools in Hawai\u02bbi, SY 2026-27<\/a> (PDF)<\/li>\n\n\n\n<li><a href=\"\/wp-content\/uploads\/TitleI-2025-26-revised-122025.pdf\" data-type=\"attachment\" data-id=\"17610\" target=\"_blank\" rel=\"noreferrer noopener\">Title I Schools in Hawai\u02bbi, SY 2025-26<\/a> (PDF)<\/li>\n\n\n\n<li><a href=\"\/haw\/DOE%20Forms\/TitleI2425.pdf\/\" target=\"_blank\" rel=\"noreferrer noopener\">Title I Schools in Hawai\u02bbi, SY 2024-25<\/a> (PDF)<\/li>\n\n\n\n<li><a href=\"\/haw\/DOE%20Forms\/TitleI2324.pdf\/\" target=\"_blank\" rel=\"noreferrer noopener\">Title I Schools in Hawai\u02bbi, SY 2023-24<\/a> (PDF)<\/li>\n\n\n\n<li><a href=\"\/haw\/DOE%20Forms\/TitleI2223.pdf\/\" target=\"_blank\" rel=\"noreferrer noopener\">Title I Schools in Hawai\u02bbi, SY 2022-23<\/a> (PDF)<\/li>\n\n\n\n<li><a href=\"\/haw\/DOE%20Forms\/TitleI2122.pdf\/\" target=\"_blank\" rel=\"noreferrer noopener\">Title I Schools in Hawai\u02bbi, SY 2021-22<\/a> (PDF)<\/li>\n\n\n\n<li><a href=\"\/haw\/DOE%20Forms\/TitleI2021.pdf\/\" target=\"_blank\" rel=\"noreferrer noopener\">Title I Schools in Hawai\u02bbi, SY 2020-21<\/a> (PDF)<\/li>\n<\/ul>\n<\/div>\n<\/div>","protected":false},"excerpt":{"rendered":"<p>Strive HI Performance System Our school accountability and performance system tracks important factors like student achievement, growth, how well high-needs students are doing compared to their peers, attendance, and graduation rates. Due to privacy laws and regulations, reports for schools with very small student populations are suppressed. \u200b&nbsp;This report shows progress on federally required indicators [&hellip;]<\/p>","protected":false},"author":8,"featured_media":0,"parent":127,"menu_order":13,"comment_status":"closed","ping_status":"closed","template":"","meta":{"_relevanssi_hide_post":"","_relevanssi_hide_content":"","_relevanssi_pin_for_all":"","_relevanssi_pin_keywords":"","_relevanssi_unpin_keywords":"","_relevanssi_related_keywords":"","_relevanssi_related_include_ids":"","_relevanssi_related_exclude_ids":"","_relevanssi_related_no_append":"","_relevanssi_related_not_related":"","_relevanssi_related_posts":"888,9713,9837,9850,13810,13997","_relevanssi_noindex_reason":"","_sitemap_exclude":false,"_sitemap_priority":"","_sitemap_frequency":"","_kad_blocks_custom_css":"","_kad_blocks_head_custom_js":"","_kad_blocks_body_custom_js":"","_kad_blocks_footer_custom_js":"","wp_popup_display_lightbox":0,"wp_popup_suppress":"","wp_popup_trigger":"","wp_popup_trigger_amount":0,"wp_popup_disable_on_mobile":false,"footnotes":""},"class_list":["post-130","page","type-page","status-publish","hentry"],"pp_statuses_selecting_workflow":false,"pp_workflow_action":"current","pp_status_selection":"publish","taxonomy_info":[],"featured_image_src_large":false,"author_info":{"display_name":"Ariana Enomoto","author_link":"https:\/\/hawaiipublicschools.org\/haw\/author\/arianastaceyleong-com\/"},"comment_info":0,"publishpress_future_action":{"enabled":false,"date":"2026-04-16 03:56:23","action":"change-status","newStatus":"draft","terms":[],"taxonomy":"","extraData":[]},"publishpress_future_workflow_manual_trigger":{"enabledWorkflows":[]},"_links":{"self":[{"href":"https:\/\/hawaiipublicschools.org\/haw\/wp-json\/wp\/v2\/pages\/130","targetHints":{"allow":["GET"]}}],"collection":[{"href":"https:\/\/hawaiipublicschools.org\/haw\/wp-json\/wp\/v2\/pages"}],"about":[{"href":"https:\/\/hawaiipublicschools.org\/haw\/wp-json\/wp\/v2\/types\/page"}],"author":[{"embeddable":true,"href":"https:\/\/hawaiipublicschools.org\/haw\/wp-json\/wp\/v2\/users\/8"}],"replies":[{"embeddable":true,"href":"https:\/\/hawaiipublicschools.org\/haw\/wp-json\/wp\/v2\/comments?post=130"}],"version-history":[{"count":1,"href":"https:\/\/hawaiipublicschools.org\/haw\/wp-json\/wp\/v2\/pages\/130\/revisions"}],"predecessor-version":[{"id":19161,"href":"https:\/\/hawaiipublicschools.org\/haw\/wp-json\/wp\/v2\/pages\/130\/revisions\/19161"}],"up":[{"embeddable":true,"href":"https:\/\/hawaiipublicschools.org\/haw\/wp-json\/wp\/v2\/pages\/127"}],"wp:attachment":[{"href":"https:\/\/hawaiipublicschools.org\/haw\/wp-json\/wp\/v2\/media?parent=130"}],"curies":[{"name":"wp","href":"https:\/\/api.w.org\/{rel}","templated":true}]}}