{"id":128,"date":"2024-09-05T00:03:34","date_gmt":"2024-09-05T00:03:34","guid":{"rendered":"https:\/\/hawaiipublicschools.org\/?page_id=128"},"modified":"2026-02-11T21:03:35","modified_gmt":"2026-02-12T07:03:35","slug":"state-reports","status":"publish","type":"page","link":"https:\/\/hawaiipublicschools.org\/haw\/data-reports\/state-reports\/","title":{"rendered":"Hoike Mokuaina"},"content":{"rendered":"<div class=\"wp-block-columns double_col_sidebar is-layout-flex wp-container-core-columns-is-layout-28f84493 wp-block-columns-is-layout-flex\">\n<div class=\"wp-block-column left_col is-layout-flow wp-block-column-is-layout-flow\">\n<h2 class=\"wp-block-heading\">\u02bbO ke k\u0101l\u0101 a me ke k\u0101l\u0101<\/h2>\n\n\n\n<p><strong><a href=\"https:\/\/hawaiipublicschools.org\/haw\/about\/budget\/weighted-student-formula\/\" data-type=\"link\" data-id=\"https:\/\/hawaiipublicschools.org\/about\/budget\/weighted-student-formula\/\" target=\"_blank\" rel=\"noreferrer noopener\">Kumu Kaumaha Haumana<\/a>: <\/strong>He ala ka Weighted Student Formula (WSF) e puunaue pono i ke k\u0101l\u0101 kula ma muli o n\u0101 pono kiko&#039;\u012b o k\u0113l\u0101 me k\u0113ia haum\u0101na ma mua o ke k\u0101kau inoa \u02bbana. Loa\u02bba i n\u0101 kula n\u0101 kumuwaiwai hou a\u02bbe no n\u0101 haum\u0101na e koi ana i ke k\u0101ko\u02bbo hou, e h\u014d\u02bboia ana i n\u0101 manawa like no n\u0101 mea \u0101pau. Ho\u02bbopili ke k\u0101l\u0101 i n\u0101 haum\u0101na i n\u0101 wahi a l\u0101kou e hele ai, a k\u014dkua \u02bbo WSF i ka ho\u02bbol\u0101l\u0101 \u02bbana i n\u0101 ho\u02bbol\u0101l\u0101 Academic and Financial Plans o k\u0113l\u0101 me k\u0113ia kula. Hiki i n\u0101 m\u0101kua a me n\u0101 l\u0101l\u0101 o ke kai\u0101ulu ke k\u014dkua i ka ho\u02bbomohala \u02bbana i ka papahana o k\u0101 l\u0101kou kula ma ke komo \u02bbana i k\u0101 l\u0101kou kula <a href=\"\/haw\/resources\/school-community-councils\/\" data-type=\"page\" data-id=\"102\" target=\"_blank\" rel=\"noreferrer noopener\">&#039;Aha Kula Kaiapuni<\/a><a href=\"https:\/\/hawaiipublicschools.org\/haw\/ConnectWithUs\/GetInvolved\/SCCs\/Pages\/default.aspx\/\">l<\/a>.<\/p>\n\n\n\n<p><strong>N\u0101 lilo no k\u0113l\u0101 me k\u0113ia haum\u0101na:<\/strong> Mai ka makahiki 2019 ua h\u014d\u02bbike ka &#039;Oihana i k\u0113ia ma ke \u02bbano o ka Federal Every Student Succeeds Act. Ho\u02bboka\u02bbawale k\u0113ia mau h\u014d\u02bbike i ka ho\u02bbolilo \u02bbana i n\u0101 \u02bb\u0101pana: n\u0101 k\u0101l\u0101 i ho\u02bbolilo pololei \u02bbia ma n\u0101 kula, ma ka pae pa\u02bbakik\u012b, ma ka pae moku\u02bb\u0101ina, a me ka \u02bb\u0101pana pae kula \u02bbole o ka ho\u02bbolilo \u02bbana i lilo no n\u0101 kula.<\/p>\n\n\n\n<ul class=\"wp-block-list\">\n<li><a href=\"https:\/\/hawaiipublicschools.org\/wp-content\/uploads\/FY2025-Per-Pupil-Expenditures.pdf\" data-type=\"link\" data-id=\"https:\/\/hawaiipublicschools.org\/wp-content\/uploads\/FY2025-Per-Pupil-Expenditures.pdf\" target=\"_blank\" rel=\"noreferrer noopener\">FY 2025 Per-Pupil Expenditures (PDF)<\/a><\/li>\n\n\n\n<li><a href=\"https:\/\/hawaiipublicschools.org\/wp-content\/uploads\/FY2024-Per-Pupil-Expenditures.pdf\" target=\"_blank\" rel=\"noreferrer noopener\">FY 2024 N\u0101 ho\u02bbolilo no k\u0113l\u0101 me k\u0113ia haum\u0101na (PDF)<\/a><\/li>\n\n\n\n<li><a href=\"\/haw\/DOE%20Forms\/budget\/HIDOEPPE-State-FY23.pdf\/\" target=\"_blank\" rel=\"noreferrer noopener\">FY 2023 Ho\u02bbolilo no k\u0113l\u0101 me k\u0113ia haum\u0101na (PDF)<\/a><\/li>\n\n\n\n<li><a href=\"\/haw\/DOE%20Forms\/budget\/HIDOEPPE-State-FY22.pdf\/\" target=\"_blank\" rel=\"noreferrer noopener\">FY 2022 Ho\u02bbolilo no k\u0113l\u0101 me k\u0113ia haum\u0101na (PDF)<\/a><\/li>\n\n\n\n<li><a href=\"\/haw\/DOE%20Forms\/budget\/HIDOEPPE-State-FY21.pdf\/\" target=\"_blank\" rel=\"noreferrer noopener\">FY 2021 N\u0101 ho\u02bbolilo no k\u0113l\u0101 me k\u0113ia haum\u0101na (PDF)<\/a><\/li>\n\n\n\n<li><a href=\"\/haw\/DOE%20Forms\/budget\/HIDOEPPE-State-FY20.pdf\/\" target=\"_blank\" rel=\"noreferrer noopener\">FY 2020 Ho\u02bbolilo no k\u0113l\u0101 me k\u0113ia haum\u0101na (PDF)<\/a><\/li>\n\n\n\n<li><a href=\"\/haw\/DOE%20Forms\/budget\/HIDOEPPE-State-FY19.pdf\/\" target=\"_blank\" rel=\"noreferrer noopener\">FY 2019 Ho\u02bbolilo no k\u0113l\u0101 me k\u0113ia haum\u0101na (PDF)<\/a><\/li>\n\n\n\n<li><a href=\"\/haw\/DOE%20Forms\/budget\/HIDOEPPE-State-FY18.pdf\/\" target=\"_blank\" rel=\"noreferrer noopener\">FY 2018 Ho\u02bbolilo no k\u0113l\u0101 me k\u0113ia haum\u0101na (PDF)<\/a><\/li>\n<\/ul>\n\n\n\n<p><strong><a href=\"https:\/\/hawaiipublicschools.org\/haw\/about\/budget\/appropriation-summary-reports\/\" target=\"_blank\" rel=\"noreferrer noopener\">Appropriation Summary Report<\/a>:<\/strong> The Appropriation Summary Report<strong> <\/strong>k\u014dkua i k\u0101 m\u0101kou papahana e ho\u02bbokele i k\u0101 l\u0101kou k\u0101l\u0101 no n\u0101 makahiki k\u0101l\u0101 o k\u0113ia manawa a me ka w\u0101 e hiki mai ana. Ho\u02bboka\u02bbawale \u02bbo ia i ka waihona k\u0101l\u0101 i n\u0101 pae kiko\u02bb\u012b ma lalo o ka pae EDN Program ID, e ho\u02bbokomo i ka Department of Budget &amp; Finance (B&amp;F) \u02bbelua leka Org Code, ke \u02bbano o ke k\u0101l\u0101 (MOF), Office, HIDOE&#039;s 5-digit Program ID, a me ke \u02bbano o ka ho\u02bbolilo.<\/p>\n\n\n\n<p><strong><a href=\"https:\/\/hawaiipublicschools.org\/haw\/data-reports\/fiscal\/\" target=\"_blank\" rel=\"noreferrer noopener\">N\u0101 H\u014d\u02bbike k\u0101l\u0101 o k\u0113l\u0101 me k\u0113ia mahina<\/a>:<\/strong> Ho\u02bbopuka \u02bbia n\u0101 h\u014d\u02bbike hapah\u0101 i k\u0113l\u0101 me k\u0113ia makahiki k\u0101l\u0101 no n\u0101 lilo o ka &#039;Oihana.<\/p>\n\n\n\n<p><strong>H\u014d\u02bbike Ho\u02bbohelu k\u0101l\u0101 a me ho\u02bbokahi makahiki: <\/strong>\u02bbO ka &#039;Oihana <a href=\"\/haw\/data-reports\/annual-financial-and-single-audit\/\" data-type=\"page\" data-id=\"132\" target=\"_blank\" rel=\"noreferrer noopener\">h\u014d\u02bboia makahiki<\/a><a href=\"https:\/\/hawaiipublicschools.org\/Reports\/AFSA2023.pdf\">\u02bb<\/a>he loiloi k\u016b\u02bboko\u02bba o k\u0101na mau h\u014d\u02bbike k\u0101l\u0101 no ka makahiki k\u0101l\u0101 hou loa. M\u0101lama \u02bbia k\u0113ia loiloi e kekahi hui \u02bbao\u02bbao \u02bbekolu a ho\u02bbonohonoho \u02bbia e ke Ke\u02bbena Ho\u02bboia o ka Moku\u02bb\u0101ina \u02bbo Hawai\u02bbi.\u200b<\/p>\n\n\n\n<p><strong>\u02bbO n\u0101 k\u0101l\u0101 k\u014dkua federal COVID-19: <\/strong><a href=\"\/haw\/about\/budget\/federal-covid-relief-funding-for-education\/\" data-type=\"page\" data-id=\"117\" target=\"_blank\" rel=\"noreferrer noopener\">CARES, GEER, ESSER<\/a><\/p>\n\n\n\n<h2 class=\"wp-block-heading\">Ho\u02bbok\u014d<\/h2>\n\n\n\n<p><strong>N\u0101 h\u014d\u02bbike k\u0101n\u0101wai:<\/strong> <a href=\"\/haw\/data-reports\/legislative\/\" target=\"_blank\" rel=\"noreferrer noopener\">N\u0101 h\u014d\u02bbike makahiki<\/a> noiia e ka Ahaolelo.<\/p>\n\n\n\n<p><strong><a href=\"\/haw\/school-services\/special-education-data-and-reports\/\" data-type=\"page\" data-id=\"842\" target=\"_blank\" rel=\"noreferrer noopener\">Hoike Hana Hoonaauao Kuikawa<\/a>:<\/strong> Ma muli o ke K\u0101n\u0101wai Ho\u02bbonui Ho\u02bbona\u02bbauao Ho\u02bbona\u02bbauao kanaka me ke kino k\u012bn\u0101: M\u0101hele B, a me ke K\u0101n\u0101wai Aupuni 108-446, ke ka\u02bbana like nei m\u0101kou i k\u0101 m\u0101kou H\u014d\u02bbike Hana Ho\u02bbona\u02bbauao K\u016bikaw\u0101. Ke loiloi nei k\u0113ia h\u014d\u02bbike i n\u0101 ho\u02bboikaika \u02bbana o ka moku\u02bb\u0101ina e ho\u02bbok\u014d i n\u0101 koi o ka IDEA Part B a ho\u02bbopuka i n\u0101 ho\u02bbol\u0101l\u0101 no ka ho\u02bbomaika\u02bbi \u02bbana.<\/p>\n\n\n\n<p><strong>1% H\u014d\u02bboia Paepae a me n\u0101 Palapala Ho\u02bbopono: <\/strong>E h\u014d\u02bbili\u02bbili m\u0101kou i n\u0101 palapala h\u014d\u02bboia mai n\u0101 kula \u0101pau a me n\u0101 palapala h\u014d\u02bboia mai n\u0101 kula i \u02bboi aku ma mua o ka paepae komo 1% no ka Hawai\u02bbi State Assessment-Alternate (HSA-Alt). M\u0101lama k\u0113ia ka\u02bbina hana i ka ho\u02bbok\u014d \u02bbana i ka 34 CFR 200.6(c)(3)(iv), e kauoha ana i n\u0101 kula e \u02bb\u0101pono i n\u0101 helu loiloi \u02bboko\u02bba ma luna o 1.0%. H\u014d\u02bbike ka palapala h\u014d\u02bboia i ke kumu o ka loiloi \u02bbia \u02bbana o n\u0101 haum\u0101na ma mua o 1% me ka HSA-Alt, \u02bboiai ke h\u014d\u02bboia nei ka palapala h\u014d\u02bboia e ho\u02bbohana ana n\u0101 hui IEP i n\u0101 koina o ka moku\u02bb\u0101ina e ho\u02bboholo ai i ka pono. In\u0101 makemake \u02bboe e \u02bbike i k\u0113ia mau palapala, hiki i\u0101 \u02bboe ke noi i\u0101 l\u0101kou ma ke kelepona \u02bbana <a href=\"mailto:hsa-alt@k12.hi.us\">Hawaii State Assessment-Alternate (HSA-Alt)<\/a>.<\/p>\n\n\n\n<h2 class=\"wp-block-heading\">Buke \u02bbIkepili HIDOE<\/h2>\n\n\n\n<p>\u02bbO k\u0101 m\u0101kou <a href=\"http:\/\/arch.k12.hi.us\/reports\/hidoe-data-book\" target=\"_blank\" rel=\"noreferrer noopener\">Buke \u02bbIkepili HIDOE<\/a> H\u014d\u02bbike ka h\u014d\u02bbike makahiki i ke \u02bbano o ka holomua a me ka holomua o n\u0101 kula aupuni o Hawai\u02bbi. Ho\u02bbopili ia i n\u0101 hanana ho\u02bbona\u02bbauao ko\u02bbiko\u02bbi, n\u0101 \u02bbano a me n\u0101 hopena, me n\u0101 pakuhi a me n\u0101 \u02bbikepili e pili ana i ka hana a n\u0101 haum\u0101na, ke k\u0101l\u0101 kula a me n\u0101 helu kanaka. No ka po\u02bbe heluhelu pa\u02bbahana, aia kahi \u02bb\u0101pana &quot;ma kahi n\u0101n\u0101&quot; e h\u014d\u02bbike ana i n\u0101 mea nui e lawe ai. Aia i loko o ka h\u014d\u02bbike kahi papa kuhikuhi, n\u0101 kuhikuhi a me n\u0101 \u02bb\u014dlelo a\u02bboa\u02bbo no ke komo p\u016bnaewele i n\u0101 papa \u02bbikepili.<\/p>\n\n\n\n<h2 class=\"wp-block-heading\">hana<\/h2>\n\n\n\n<p><strong><a href=\"\/haw\/about\/organization\/strive-hi-dashboard\/\" data-type=\"page\" data-id=\"114\" target=\"_blank\" rel=\"noreferrer noopener\">E hooikaika i na hoike HI<\/a>:<\/strong> \u02bbIke moku\u02bb\u0101ina a pae kula mai k\u0101 m\u0101kou \u02bb\u014dnaehana kuleana a me ka hana. Hana \u02bbia n\u0101 h\u014d\u02bbike makahiki i ka h\u0101\u02bbule.<\/p>\n\n\n\n<p><strong><a href=\"http:\/\/arch.k12.hi.us\/reports\/sqs\" data-type=\"link\" data-id=\"http:\/\/arch.k12.hi.us\/reports\/sqs\" target=\"_blank\" rel=\"noreferrer noopener\">N\u0101n\u0101 Pono Kula<\/a>:<\/strong> H\u0101\u02bbawi n\u0101 kumu, n\u0101 haum\u0101na, n\u0101 m\u0101kua, n\u0101 limahana o ke ke\u02bbena ho\u02bbomalu a me n\u0101 limahana k\u0101ko\u02bbo a\u02bbo i ko l\u0101kou mana\u02bbo no ka maika\u02bbi o ke kula ma k\u0113ia noi\u02bbi makahiki.&nbsp;<\/p>\n\n\n\n<p><strong><a href=\"https:\/\/public.tableau.com\/views\/2024SummerLearningFINAL\/Operations?:language=en-US&amp;:sid=&amp;:redirect=auth&amp;:display_count=n&amp;:origin=viz_share_link\" target=\"_blank\" rel=\"noreferrer noopener\">Summer Learning Dashboard<\/a><\/strong>: The summer learning dashboard gives a comprehensive review of summer learning options and supports that were provided including types of summer learning options, meals, personnel hired and expenditures.<\/p>\n\n\n\n<h2 class=\"wp-block-heading\">M\u0101kaukau<\/h2>\n\n\n\n<p><strong><a href=\"https:\/\/www.hawaiip20.org\/\" data-type=\"link\" data-id=\"https:\/\/www.hawaiip20.org\/\" target=\"_blank\" rel=\"noreferrer noopener\">N\u0101 h\u014d\u02bbike h\u014d\u02bbike no ke kulanui a me ka m\u0101kaukau m\u0101kaukau (CCRI).<\/a>:<\/strong> Ho\u02bbokumu \u02bbia n\u0101 h\u014d\u02bbike CCRI ma o ka hui \u02bbana ma waena o Hawai\u02bbi P-20, ke Ke\u02bbena Ho\u02bbona\u02bbauao, a me ke Kulanui o Hawai\u02bbi. Koho \u02bbia n\u0101 h\u014d\u02bbailona ma muli o ko l\u0101kou hopena i ka ho\u02bbomaika\u02bbi \u02bbana i ka m\u0101kaukau haum\u0101na no ka limahana hana a i \u02bbole ka ho\u02bbona\u02bbauao ma hope o ke kula ki\u02bbeki\u02bbe.<\/p>\n\n\n\n<ul class=\"wp-block-list\">\n<li>\u02bb<strong><a href=\"https:\/\/www.hawaiidxp.org\/publications\/?pub=report\" data-type=\"link\" data-id=\"https:\/\/www.hawaiidxp.org\/publications\/?pub=report\" target=\"_blank\" rel=\"noreferrer noopener\">\u02bbIkepili Hawai\u02bbi eXchange Partnership (Hawai\u02bbi DXP)<\/a>: <\/strong>E n\u0101n\u0101 i n\u0101 h\u014d\u02bbike mai ka lima \u02bbikepili o ke ke\u02bbena o Hawai\u02bbi P-20.&nbsp;<\/li>\n<\/ul>\n\n\n\n<h2 class=\"wp-block-heading\">&#039;\u0113 a\u02bbe<\/h2>\n\n\n\n<p><strong>H\u014d\u02bbike hana:<\/strong> I k\u0113l\u0101 me k\u0113ia makahiki, h\u0101\u02bbawi m\u0101kou i kahi <a href=\"\/wp-content\/uploads\/Employment-Report-SY-2024-2025.pdf\" data-type=\"link\" data-id=\"\/wp-content\/uploads\/Employment-Report-SY-2024-25.pdf\" target=\"_blank\" rel=\"noreferrer noopener\">Employment Report Summary (SY 2024\u201325)<\/a> (PDF)\u200b\u200b of employment figures and characteristics of newly hired teachers and classified support services personnel for the school year as well as data from prior years.<\/p>\n\n\n\n<p><strong><a href=\"https:\/\/public.tableau.com\/views\/FAFSADashboard_2\/BySchool?:language=en-US&amp;:sid=&amp;:redirect=auth&amp;:toolbar=n&amp;:display_count=n&amp;:origin=viz_share_link\" target=\"_blank\" rel=\"noreferrer noopener\">FAFSA Dashboard<\/a><\/strong>: Statewide and high school FAFSA completion progress over time.<\/p>\n\n\n\n<p><strong>Hooia Kuloko:<\/strong> H\u0101\u02bbawi ke Ke\u02bbena Ho\u02bboponopono K\u016bloko i n\u0101 \u02bb\u014dlelo a\u02bbo k\u016b\u02bboko\u02bba a me n\u0101 loiloi e k\u014dkua i ka ho\u02bbomaika\u02bbi \u02bbana i n\u0101 hana o ka &#039;Oihana a me n\u0101 hale ho\u02bbomalu k\u016bloko. \u02bbO k\u0101na mau kuleana nui e pili ana i ka loiloi \u02bbana i ka maika\u02bbi o ka \u02bb\u014dnaehana ho\u02bbokele k\u016bloko, \u02bbike i n\u0101 manawa k\u016bpono no ke ka\u02bbina hana a me ka ho\u02bboponopono \u02bbana i ka ho\u02bbomaika\u02bbi \u02bbana e h\u014d\u02bbemi i ka h\u014d\u02bbike \u02bbana i ka pilikia, ka n\u0101n\u0101 \u02bbana i ka ho\u02bbok\u014d \u02bbana i n\u0101 k\u0101n\u0101wai, n\u0101 lula, n\u0101 kulekele a me n\u0101 ka\u02bbina hana, ke noi\u02bbi \u02bbana i n\u0101 \u02bb\u014dlelo ho\u02bbopi\u02bbi o ka ho\u02bbopunipuni a \/ a i \u02bbole ka hana pono \u02bbole, a me ka h\u0101\u02bbawi \u02bbana i ka maika\u02bbi. hana a puni ka Oihana.<\/p>\n\n\n\n<p><strong><a href=\"\/haw\/data-reports\/state-reports\/school-impact-fees\/\">School Impact Fees and Fair Share Balances<\/a><\/strong>: Funding to offset the student enrollment impacts of residential development.<\/p>\n\n\n\n<p><strong><a href=\"https:\/\/public.tableau.com\/views\/OFO_UseofCountyFacilities\/Cover?:language=en-US&amp;:sid=&amp;:redirect=auth&amp;:display_count=n&amp;:origin=viz_share_link\" target=\"_blank\" rel=\"noreferrer noopener\">Use of County Facilities Report<\/a>:<\/strong> The Department&#8217;s Office&nbsp;of&nbsp;Facilities&nbsp;and Operations compiles an annual report to the Governor on monitoring the Department&#8217;s use of County properties for public purposes or school functions.&nbsp;<\/p>\n<\/div>\n\n\n\n<div class=\"wp-block-column right_col is-layout-flow wp-block-column-is-layout-flow\"><div class=\"kb-row-layout-wrap kb-row-layout-id134_3ba826-c0 alignnone wp-block-kadence-rowlayout\"><div class=\"kt-row-column-wrap kt-has-2-columns kt-row-layout-row kt-tab-layout-row kt-mobile-layout-row kt-row-valign-top\">\n\n<div class=\"wp-block-kadence-column kadence-column134_748e43-77\"><div class=\"kt-inside-inner-col\">\n<figure class=\"wp-block-image size-large no_margin\"><img loading=\"lazy\" decoding=\"async\" width=\"1024\" height=\"766\" src=\"https:\/\/hawaiipublicschools.org\/wp-content\/uploads\/2024\/12\/Kalo-1024x766.jpg\" alt=\"\" class=\"wp-image-2356\" style=\"aspect-ratio:4\/3;object-fit:cover\" srcset=\"https:\/\/hawaiipublicschools.org\/wp-content\/uploads\/2024\/12\/Kalo-1024x766.jpg 1024w, https:\/\/hawaiipublicschools.org\/wp-content\/uploads\/2024\/12\/Kalo-300x225.jpg 300w, https:\/\/hawaiipublicschools.org\/wp-content\/uploads\/2024\/12\/Kalo-768x575.jpg 768w, https:\/\/hawaiipublicschools.org\/wp-content\/uploads\/2024\/12\/Kalo-16x12.jpg 16w, https:\/\/hawaiipublicschools.org\/wp-content\/uploads\/2024\/12\/Kalo.jpg 1200w\" sizes=\"auto, (max-width: 1024px) 100vw, 1024px\" \/><\/figure>\n<\/div><\/div>\n\n\n\n<div class=\"wp-block-kadence-column kadence-column134_c11835-85\"><div class=\"kt-inside-inner-col\">\n<h5 class=\"wp-block-heading has-base-color has-text-color has-link-color has-large-font-size wp-elements-d78de3acbe4c4a874c6acab3d3890143\" style=\"margin-top:0px;padding-bottom:0.5rem\">noi ikepili &amp; ninau<\/h5>\n\n\n\n<p class=\"has-base-color has-text-color has-link-color wp-elements-7318fdeab1b70670177dec54a167e4d2\"><strong>Lala Hooponopono a me ka Ikepili (DGA)<\/strong><br>Kelepona: 808-784-6061<br><a href=\"mailto:DGA@k12.hi.us\">leka uila<\/a><\/p>\n<\/div><\/div>\n\n<\/div><\/div><\/div>\n<\/div>\n\n\n\n<p><\/p>","protected":false},"excerpt":{"rendered":"<p>Budget and Financial Weighted Student Formula: The Weighted Student Formula (WSF) is a way to fairly distribute school funds based on each student\u2019s specific needs rather than enrollment. Schools get more resources for students who require extra support, ensuring equal opportunities for all. The funding follows students wherever they go, and WSF helps shape each [&hellip;]<\/p>","protected":false},"author":8,"featured_media":0,"parent":127,"menu_order":12,"comment_status":"closed","ping_status":"closed","template":"wp-custom-template-page-for-custom-sidebar","meta":{"_relevanssi_hide_post":"","_relevanssi_hide_content":"","_relevanssi_pin_for_all":"","_relevanssi_pin_keywords":"","_relevanssi_unpin_keywords":"","_relevanssi_related_keywords":"","_relevanssi_related_include_ids":"","_relevanssi_related_exclude_ids":"","_relevanssi_related_no_append":"","_relevanssi_related_not_related":"","_relevanssi_related_posts":"888,9837,15630,15997,9713,9850","_relevanssi_noindex_reason":"","_sitemap_exclude":false,"_sitemap_priority":"","_sitemap_frequency":"","_kad_blocks_custom_css":"","_kad_blocks_head_custom_js":"","_kad_blocks_body_custom_js":"","_kad_blocks_footer_custom_js":"","wp_popup_display_lightbox":0,"wp_popup_suppress":"","wp_popup_trigger":"","wp_popup_trigger_amount":0,"wp_popup_disable_on_mobile":false,"footnotes":""},"class_list":["post-128","page","type-page","status-publish","hentry"],"pp_statuses_selecting_workflow":false,"pp_workflow_action":"current","pp_status_selection":"publish","taxonomy_info":[],"featured_image_src_large":false,"author_info":{"display_name":"Ariana Enomoto","author_link":"https:\/\/hawaiipublicschools.org\/haw\/author\/arianastaceyleong-com\/"},"comment_info":0,"publishpress_future_action":{"enabled":false,"date":"2026-04-26 02:13:11","action":"change-status","newStatus":"draft","terms":[],"taxonomy":"","extraData":[]},"publishpress_future_workflow_manual_trigger":{"enabledWorkflows":[]},"_links":{"self":[{"href":"https:\/\/hawaiipublicschools.org\/haw\/wp-json\/wp\/v2\/pages\/128","targetHints":{"allow":["GET"]}}],"collection":[{"href":"https:\/\/hawaiipublicschools.org\/haw\/wp-json\/wp\/v2\/pages"}],"about":[{"href":"https:\/\/hawaiipublicschools.org\/haw\/wp-json\/wp\/v2\/types\/page"}],"author":[{"embeddable":true,"href":"https:\/\/hawaiipublicschools.org\/haw\/wp-json\/wp\/v2\/users\/8"}],"replies":[{"embeddable":true,"href":"https:\/\/hawaiipublicschools.org\/haw\/wp-json\/wp\/v2\/comments?post=128"}],"version-history":[{"count":0,"href":"https:\/\/hawaiipublicschools.org\/haw\/wp-json\/wp\/v2\/pages\/128\/revisions"}],"up":[{"embeddable":true,"href":"https:\/\/hawaiipublicschools.org\/haw\/wp-json\/wp\/v2\/pages\/127"}],"wp:attachment":[{"href":"https:\/\/hawaiipublicschools.org\/haw\/wp-json\/wp\/v2\/media?parent=128"}],"curies":[{"name":"wp","href":"https:\/\/api.w.org\/{rel}","templated":true}]}}