{"id":125,"date":"2024-09-05T00:02:21","date_gmt":"2024-09-05T00:02:21","guid":{"rendered":"https:\/\/hawaiipublicschools.org\/?page_id=125"},"modified":"2025-10-07T07:30:03","modified_gmt":"2025-10-07T17:30:03","slug":"licensure-certification","status":"publish","type":"page","link":"https:\/\/hawaiipublicschools.org\/haw\/jobs\/licensure-certification\/","title":{"rendered":"Laikini &amp; Hooiaio"},"content":{"rendered":"<div class=\"wp-block-columns double_col_sidebar is-layout-flex wp-container-core-columns-is-layout-28f84493 wp-block-columns-is-layout-flex\">\n<div class=\"wp-block-column left_col is-layout-flow wp-block-column-is-layout-flow\">\n<p class=\"intro\" style=\"font-size:clamp(0.875rem, 0.875rem + ((1vw - 0.2rem) * 0.531), 1.3rem);\">The Hawai\u02bbi State Department of Education is dedicated to recruiting and supporting highly qualified educators and school staff to ensure student success. Whether you&#8217;re looking to become a licensed teacher, substitute teacher, paraeducator or school administrator, there are many pathways to joining our public education system.<\/p>\n\n\n\n<p><\/p>\n\n\n\n<h2 class=\"wp-block-heading\">N\u0101 mea ho\u02bbolako ho\u02bbona\u02bbauao<\/h2>\n\n\n\n<h3 class=\"wp-block-heading\">N\u0101 kumu<\/h3>\n\n\n\n<p>Ke h\u014d\u02bbano hou nei ka &#039;Oihana i k\u0101na k\u016bpa\u02bba e ho\u02bbolimalima i n\u0101 kumu laikini k\u016bpono loa i k\u0113l\u0101 me k\u0113ia lumi papa. K\u016blike k\u0113ia hana me ka Priority II o ka Plan Strategic Plan: High Quality Educator Workforce in All Schools.<\/p>\n\n\n\n<p>In order to teach in Hawai\u02bbi\u2019s public schools, you will need to hold a Hawai\u02bbi teaching license or permit. In some states, a license is known as your teaching credential or teacher certification. To obtain your no-cost Hawai\u02bbi teaching license or permit, you must complete the requirements laid out by the state&#8217;s <a href=\"https:\/\/hawaiiteacherstandardsboard.org\/\" data-type=\"link\" data-id=\"https:\/\/hawaiiteacherstandardsboard.org\/\" target=\"_blank\" rel=\"noreferrer noopener\">Papa K\u016blana Kumu Hawai\u02bbi<\/a>.<\/p>\n\n\n\n<p>E kipa mai i ko makou <a href=\"https:\/\/www.teachinhawaii.org\/\" data-type=\"link\" data-id=\"https:\/\/www.teachinhawaii.org\/\" target=\"_blank\" rel=\"noreferrer noopener\">E a\u02bbo ma ka puka puka o Hawai\u02bbi<\/a> e a\u02bbo hou a\u02bbe e pili ana i n\u0101 pono o ke a\u02bbo \u02bbana ma Hawai\u02bbi, me ka laikini kumu.<\/p>\n\n\n\n<h3 class=\"wp-block-heading\">Na Kumu Pani<\/h3>\n\n\n\n<p>Ke \u02bbimi nei ka \u02bbOihana i n\u0101 kumu pani e k\u014dkua i ka ho\u02bbomau \u02bbana i ke a\u02bbo \u02bbana ma n\u0101 kula. In\u0101 makemake \u02bboe i ka ho\u02bbona\u02bbauao a makemake \u02bboe e hana i ka hopena i loko o ka lumi papa, <a href=\"https:\/\/hawaiipublicschools.org\/haw\/jobs\/substitute-teachers\/\" data-type=\"page\" data-id=\"123\">e \u02bbimi i n\u0101 \u02bbike<\/a>, ka\u02bbina hana ho\u02bbolimalima, a me n\u0101 koi a\u02bbo e ho\u02bbomaka.<\/p>\n\n\n\n<h3 class=\"wp-block-heading\">Luna Ho\u02bbona\u02bbauao (Kokua Ho\u02bbona\u02bbauao)<\/h3>\n\n\n\n<p>Hana \u02bbia kahi paraedducator ma lalo o ka m\u0101ka\u02bbika\u02bbi \u02bbana o n\u0101 kumu a i \u02bbole n\u0101 mea hana \u02bboihana \u02bb\u0113 a\u02bbe. He \u02bbano a\u02bbo ke k\u016blana a h\u0101\u02bbawi i n\u0101 lawelawe pololei \u02bb\u0113 a\u02bbe i n\u0101 keiki a me n\u0101 \u02bb\u014dpio a me ko l\u0101kou \u02bbohana, me:<\/p>\n\n\n\n<ol class=\"wp-block-list\">\n<li>Ho\u02bbokahi a\u02bbo a\u02bbo.<\/li>\n\n\n\n<li>Kokua i ka hooponopono lumi papa.<\/li>\n\n\n\n<li>H\u0101\u02bbawi i n\u0101 k\u014dkua a\u02bbo i loko o kahi ke\u02bbena kamepiula.<\/li>\n\n\n\n<li>Ke alaka\u02bbi nei i n\u0101 hana pili makua.<\/li>\n\n\n\n<li>H\u0101\u02bbawi i ke k\u0101ko\u02bbo a\u02bbo \u02bbana ma kahi waihona a i \u02bbole ke kikowaena media.<\/li>\n\n\n\n<li>He mea unuhi.<\/li>\n\n\n\n<li>Ka h\u0101\u02bbawi \u02bbana i n\u0101 lawelawe k\u0101ko\u02bbo a\u02bbo ma lalo o ka m\u0101ka\u02bbika\u02bbi pololei \u02bbana o kahi kumu a\u02bboa\u02bbo a i \u02bbole \u02bboihana loea.<\/li>\n<\/ol>\n\n\n\n<p>N\u0101 koi li\u02bbili\u02bbi no n\u0101 mea ho\u02bbona\u02bbauao:<\/p>\n\n\n\n<ol class=\"wp-block-list\">\n<li>He kanah\u0101k\u016bm\u0101walu mau h\u014d\u02bbai\u02bb\u0113 semester o n\u0101 papa baccalaureate mai kahi kula ho\u02bbona\u02bbauao ki\u02bbeki\u02bbe i \u02bbae \u02bbia e ka &#039;Oihana. Loa\u02bba n\u0101 h\u014d\u02bbai\u02bb\u0113 48 mai n\u0101 papahana like \u02bbole a i \u02bbole n\u0101 wahi kumuhana kula. Eia kekahi, \u02bbeono o n\u0101 48 mau h\u014d\u02bbai\u02bb\u0113 no n\u0101 papa makemakika a me ka \u02bb\u014dlelo Pelekania ma ka pae baccalaureate.&nbsp;<\/li>\n\n\n\n<li>A i \u02bbole, he hoa hana no\u02bbeau (AA) a i \u02bbole ka \u02bbepekema (AS) degere mai kahi \u02bboihana i \u02bbae \u02bbia i ka \u02bb\u0101ina i \u02bbike \u02bbia e ka &#039;Oihana. \u02bbO n\u0101 h\u014d\u02bbai\u02bb\u0113 i loa\u02bba no ke k\u0113kel\u0113 no n\u0101 papa i pae baccalaureate.&nbsp;<\/li>\n\n\n\n<li>A i \u02bbole, kahi palapala h\u014d\u02bboia me ka helu ha\u02bbaha\u02bba o 459 ma ka <a href=\"http:\/\/www.ets.org\/parapro\/\" target=\"_blank\" rel=\"noreferrer noopener\">Ka Loiloi ParaPro<\/a> h\u0101\u02bbawi \u02bbia e ka Educational Testing Service.<\/li>\n<\/ol>\n\n\n\n<p>No ka &#039;ike hou aku, e kelepona i ka Classified\/Support Services Personnel Recruitment ma 808-441-8411.<\/p>\n\n\n\n<h3 class=\"wp-block-heading\">Ka Loiloi ParaPro<\/h3>\n\n\n\n<p>\u02bbO ka loiloi ParaPro he koho loiloi ma ka lolouila no n\u0101 k\u014dkua ho\u02bbona\u02bbauao (EA) a me n\u0101 kumu a\u02bbo ha\u02bbaha\u02bba ha\u02bbaha\u02bba (PPT) e ho\u02bbok\u014d i n\u0101 ha\u02bbawina ha\u02bbaha\u02bba no ka hana.<\/p>\n\n\n\n<p>M\u0101lama \u02bbia ka ho\u02bbokele o ka loiloi ParaPro e ka <a href=\"https:\/\/hawaiipublicschools.org\/haw\/academics\/adult-ed\/\" data-type=\"page\" data-id=\"34\" target=\"_blank\" rel=\"noreferrer noopener\">Kula Kai\u0101ulu no n\u0101 m\u0101kua (CSA)<\/a>. Hiki i n\u0101 po\u02bbe i makemake i n\u0101 manawa loiloi ParaPro e hiki mai ana ke ho\u02bboka\u02bba\u02bbike aku i n\u0101 p\u0101 kula CSA e hiki mai ana no ka \u02bbike hou aku:<\/p>\n\n\n\n<h4 class=\"wp-block-heading\">McKinley CSA:<\/h4>\n\n\n\n<ul class=\"wp-block-list\">\n<li>McKinley Campus: 808-594-0540<\/li>\n\n\n\n<li>Kaua\u02bbi Campus: 808-274-3390<\/li>\n\n\n\n<li>Maui Campus: 808-873-3082<\/li>\n<\/ul>\n\n\n\n<h4 class=\"wp-block-heading\">Waipahu CSA:<\/h4>\n\n\n\n<ul class=\"wp-block-list\">\n<li>Waipahu Campus: 808-307-9677<\/li>\n\n\n\n<li>Hilo Campus: 808-480-3231<\/li>\n\n\n\n<li>Wahiawa Campus: 808-305-3200<\/li>\n<\/ul>\n\n\n\n<h2 class=\"wp-block-heading\">N\u0101 Papahana Ho\u02bbom\u0101kaukau<\/h2>\n\n\n\n<p>Programs that prepare teachers \u2013 including counselor and librarian candidates \u2013 or other practicing professionals, must obtain an affiliation agreement with the Hawai\u02bbi State Department of Education in order to place candidates in our public schools under the direct supervision of a mentor. The Department maintains <a href=\"https:\/\/sites.google.com\/k12.hi.us\/state-of-hawaii-department-of-\/Home\" target=\"_blank\" rel=\"noreferrer noopener\">a list of programs with affiliation agreements<\/a>.<\/p>\n\n\n\n<p><em>Mea nui: \u02bbA\u02bbole h\u014d\u02bboia ka \u02bbaelike pili i ka \u02bbae \u02bbia \u02bbana o n\u0101 moho e ho\u02bbopau ana i kahi papahana ho\u02bbona\u02bbauao no ke kumu Hawai\u02bbi, k\u0101k\u0101\u02bb\u014dlelo kula a i \u02bbole palapala laikini kula. Pono e kuhikuhi \u02bbia n\u0101 n\u012bnau e pili ana i ka ho\u02bbok\u014d \u02bbana o ka papahana i n\u0101 koi no ka laikini Hawai\u02bbi \u2013 me n\u0101 polokalamu ma waho o ka moku\u02bb\u0101ina, p\u016bnaewele a me n\u0101 papahana \u201cala \u02bb\u0113 a\u02bbe\u201d i ka Papa K\u016blana Kumu o Hawai\u02bbi.<\/em><\/p>\n\n\n\n<h2 class=\"wp-block-heading\">Lilo i Lunahooponopono KULA&nbsp;<\/h2>\n\n\n\n<p>Ua k\u016bpa\u02bba ka &#039;Oihana Ho\u02bbona\u02bbauao o Hawai\u02bbi i ke k\u016bkulu \u02bbana i ke alaka\u02bbi ikaika o ke kula ma o n\u0101 papahana ho\u02bboma\u02bbama\u02bba ki\u02bbeki\u02bbe a me n\u0101 papahana h\u014d\u02bboia. In\u0101 paha he hope po\u02bbokela makemake \u02bboe, po\u02bbo kumu, a i \u02bbole he luna ho\u02bbokele akamai mai kekahi moku\u02bb\u0101ina \u02bb\u0113, k\u014dkua k\u0101 m\u0101kou ala h\u014d\u02bboia i ka m\u0101kaukau o n\u0101 alaka\u02bbi kula \u0101pau e alaka\u02bbi i n\u0101 haum\u0101na a me n\u0101 limahana i ka holomua.<\/p>\n\n\n\n<h3 class=\"wp-block-heading\">HICISL Hope Principal Certification Program&nbsp;<\/h3>\n\n\n\n<p>This one-year residency internship provides hands-on leadership experience under the guidance of a mentor principal. Participants gain valuable skills in school administration, and successful completion leads to an Initial School Administrator Certificate (ISAC). This certification allows individuals to apply for vice principal or equivalent positions within Hawai\u02bbi\u2019s public schools.<\/p>\n\n\n\n<h3 class=\"wp-block-heading\">HICISL Principal Certification Program<\/h3>\n\n\n\n<p>Ho\u02bbol\u0101l\u0101 \u02bbia no n\u0101 po\u02bbo po\u02bbo po\u02bbokela o ka &#039;Oihana, ua k\u014dkua k\u0113ia papahana ho\u02bbom\u0101kaukau ho\u02bbokahi makahiki i n\u0101 po\u02bbo kumu e ho\u02bbomohala i n\u0101 m\u0101kau e pono ai no ke alaka\u02bbi kula. Ma hope o ka ho\u02bbok\u014d k\u016ble\u02bba, loa\u02bba i n\u0101 po\u02bbe i kahi palapala ho\u02bbona\u02bbauao kula \u02bboihana (PSAC), kahi e hiki ai i\u0101 l\u0101kou ke noi no ke po\u02bbo kumu a i \u02bbole n\u0101 k\u016blana like.<\/p>\n\n\n\n<h3 class=\"wp-block-heading\">N\u0101 ala h\u014d\u02bboia no n\u0101 luna ho\u02bbomalu i laikini \u02bbia ma waho o ka moku\u02bb\u0101ina<\/h3>\n\n\n\n<p>Hiki ke \u02bbae \u02bbia n\u0101 luna kula \u02bbike mai n\u0101 moku\u02bb\u0101ina \u02bb\u0113 a\u02bbe no ka h\u014d\u02bboia \u02bbana ma muli o ko l\u0101kou mau pono.<\/p>\n\n\n\n<p><strong>Track IV - Luna Ho\u02bbokele Laikini me Hope Po\u02bbokela \u02bbIke<\/strong><\/p>\n\n\n\n<p>In\u0101 \u02bboe:<\/p>\n\n\n\n<ul class=\"wp-block-list\">\n<li>E pa\u02bba i ka laikini luna kula K-12 k\u016bpono mai kekahi moku\u02bb\u0101ina \u02bb\u0113 a\u02bbe o \u02bbAmelika.<\/li>\n\n\n\n<li>Loa\u02bba ke k\u0113kel\u0113 laepua ma ka Ho\u02bbona\u02bbauao Ho\u02bbona\u02bbauao a i \u02bbole alaka\u02bbi alaka\u02bbi ho\u02bbona\u02bbauao mai kahi kulanui i \u02bbae \u02bbia.<\/li>\n\n\n\n<li>Loa\u02bba i \u02bbekolu mau makahiki o ka \u02bbike ma ke \u02bbano he luna kula laikini.<\/li>\n<\/ul>\n\n\n\n<p>Hiki i\u0101 \u02bboe ke k\u016bpono no ka Initial School Administrator Certificate (ISAC), e \u02bbae i\u0101 \u02bboe e noi no ka hope po\u02bbokela a i \u02bbole n\u0101 k\u016blana like.<\/p>\n\n\n\n<p><strong>Track V - Luna Ho\u02bbokele Laikini me ka \u02bbike kumu<\/strong><\/p>\n\n\n\n<p>In\u0101 \u02bboe:<\/p>\n\n\n\n<ul class=\"wp-block-list\">\n<li>E pa\u02bba i ka laikini luna kula K-12 k\u016bpono mai kekahi moku\u02bb\u0101ina \u02bb\u0113 a\u02bbe o \u02bbAmelika<\/li>\n\n\n\n<li>Loa\u02bba ke k\u0113kel\u0113 laepua ma ka Ho\u02bbona\u02bbauao Ho\u02bbona\u02bbauao a i \u02bbole alaka\u02bbi alaka\u02bbi ho\u02bbona\u02bbauao mai kahi kulanui i \u02bbae \u02bbia<\/li>\n\n\n\n<li>Loa\u02bba i \u02bbelima mau makahiki o ka \u02bbike ho\u02bbokele K-12, me ka li\u02bbili\u02bbi o \u02bbeh\u0101 mau makahiki ma ke \u02bbano he kumu. <\/li>\n<\/ul>\n\n\n\n<p>Hiki i\u0101 \u02bboe ke k\u016bpono no ka Professional School Administrator Certificate (PSAC), e \u02bbae i\u0101 \u02bboe e noi no ke po\u02bbo kumu a i \u02bbole n\u0101 k\u016blana like.<\/p>\n\n\n\n<h2 class=\"wp-block-heading\">N\u0101 l\u0101l\u0101 o ka \u02bboihana koa a me n\u0101 hoa k\u0101ne - hiki ke lawe i n\u0101 laikini<\/h2>\n\n\n\n<p>Ma lalo o ka Servicemember Civil Relief Act (SCRA), hiki i n\u0101 p\u016b\u02bbali koa ikaika a me k\u0101 l\u0101kou mau hoa k\u0101ne ke ho\u02bbomau i ka ho\u02bbohana \u02bbana i k\u0101 l\u0101kou laikini \u02bboihana i ka w\u0101 e ne\u02bbe ai ma muli o n\u0101 kauoha koa. No ka ho\u02bbok\u014d \u02bbana, pono n\u0101 k\u0101naka: <\/p>\n\n\n\n<ol class=\"wp-block-list\">\n<li>E ne\u02bbe ma waho o ka mana o ka mana laikini i ho\u02bbopuka i k\u0101 l\u0101kou palapala laikini kumu a i \u02bbole palapala ma muli o n\u0101 kauoha koa.<\/li>\n\n\n\n<li>E h\u0101\u02bbawi i kope o k\u0101 l\u0101kou mau kauoha koa i ka mana laikini hou.&nbsp;<\/li>\n\n\n\n<li>Ua ho\u02bbohana ikaika i k\u0101 l\u0101kou laikini a i \u02bbole palapala i n\u0101 makahiki \u02bbelua ma mua o ka ne\u02bbe \u02bbana.<\/li>\n\n\n\n<li>E k\u016b maika\u02bbi me ka mana ho\u02bbopuka laikini.<\/li>\n\n\n\n<li>E m\u0101lama i n\u0101 k\u016blana o ka ho\u02bboma\u02bbama\u02bba, ka ho\u02bbopa\u02bbi \u02bbana, a me n\u0101 koi ho\u02bbona\u02bbauao ho\u02bbomau i ka mana hou.<\/li>\n<\/ol>\n<\/div>\n\n\n\n<div class=\"wp-block-column right_col is-layout-flow wp-block-column-is-layout-flow\"><div class=\"kb-row-layout-wrap kb-row-layout-id1050_d76aa3-f2 alignnone wp-block-kadence-rowlayout\"><div class=\"kt-row-column-wrap kt-has-2-columns kt-row-layout-row kt-tab-layout-row kt-mobile-layout-row kt-row-valign-top\">\n\n<div class=\"wp-block-kadence-column kadence-column1050_63c690-aa\"><div class=\"kt-inside-inner-col\">\n<figure class=\"wp-block-image size-full no_margin\"><img loading=\"lazy\" decoding=\"async\" width=\"1024\" height=\"766\" src=\"https:\/\/hawaiipublicschools.org\/wp-content\/uploads\/2024\/12\/Kalo-1024x766.jpg\" alt=\"\" class=\"wp-image-2356\" style=\"aspect-ratio:4\/3;object-fit:cover\" srcset=\"https:\/\/hawaiipublicschools.org\/wp-content\/uploads\/2024\/12\/Kalo-1024x766.jpg 1024w, https:\/\/hawaiipublicschools.org\/wp-content\/uploads\/2024\/12\/Kalo-300x225.jpg 300w, https:\/\/hawaiipublicschools.org\/wp-content\/uploads\/2024\/12\/Kalo-768x575.jpg 768w, https:\/\/hawaiipublicschools.org\/wp-content\/uploads\/2024\/12\/Kalo-16x12.jpg 16w, https:\/\/hawaiipublicschools.org\/wp-content\/uploads\/2024\/12\/Kalo.jpg 1200w\" sizes=\"auto, (max-width: 1024px) 100vw, 1024px\" \/><\/figure>\n<\/div><\/div>\n\n\n\n<div class=\"wp-block-kadence-column kadence-column1050_6ae211-6a\"><div class=\"kt-inside-inner-col\">\n<h5 class=\"wp-block-heading has-base-color has-text-color has-link-color wp-elements-91735848e86ea283e0928ede427b944c\" style=\"margin-top:0px;padding-top:0;padding-bottom:0.5rem;font-size:1.4vw\">N\u0101 manawa a\u02bbo a me ke k\u0101ko\u02bbo<\/h5>\n\n\n\n<p class=\"has-base-color has-text-color has-link-color wp-elements-73de11a7dc8419c68045457638ce71c1\">Learn more about becoming a certified school-level administrator in Hawai\u02bbi.<br><br><strong>Ke Keena Imi Ho\u02bbona\u02bbauao Ho\u02bbona\u02bbauao (PDERI)<\/strong><br>345 Puuhale Rd., Room 106, Honolulu, HI 96819<br>Kelepona: 808-784-5300<br><a href=\"http:\/\/pderi.org\/\" target=\"_blank\" rel=\"noreferrer noopener\">pderi.org<\/a><\/p>\n<\/div><\/div>\n\n<\/div><\/div><\/div>\n<\/div>","protected":false},"excerpt":{"rendered":"<p>The Hawai\u02bbi State Department of Education is dedicated to recruiting and supporting highly qualified educators and school staff to ensure student success. Whether you&#8217;re looking to become a licensed teacher, substitute teacher, paraeducator or school administrator, there are many pathways to joining our public education system. \u200b\u200b\u200b\u200b\u200b\u200b\u200b\u200b\u200bEducational providers \u200b\u200b\u200b\u200b\u200b\u200b\u200b\u200b\u200bTeachers The Department is renewing its commitment [&hellip;]<\/p>","protected":false},"author":8,"featured_media":0,"parent":122,"menu_order":21,"comment_status":"closed","ping_status":"closed","template":"wp-custom-template-page-for-custom-sidebar","meta":{"_relevanssi_hide_post":"","_relevanssi_hide_content":"","_relevanssi_pin_for_all":"","_relevanssi_pin_keywords":"","_relevanssi_unpin_keywords":"","_relevanssi_related_keywords":"","_relevanssi_related_include_ids":"","_relevanssi_related_exclude_ids":"","_relevanssi_related_no_append":"","_relevanssi_related_not_related":"","_relevanssi_related_posts":"","_relevanssi_noindex_reason":"","_sitemap_exclude":false,"_sitemap_priority":"","_sitemap_frequency":"","_kad_blocks_custom_css":"","_kad_blocks_head_custom_js":"","_kad_blocks_body_custom_js":"","_kad_blocks_footer_custom_js":"","wp_popup_display_lightbox":0,"wp_popup_suppress":"","wp_popup_trigger":"","wp_popup_trigger_amount":0,"wp_popup_disable_on_mobile":false,"footnotes":""},"class_list":["post-125","page","type-page","status-publish","hentry"],"pp_statuses_selecting_workflow":false,"pp_workflow_action":"current","pp_status_selection":"publish","taxonomy_info":[],"featured_image_src_large":false,"author_info":{"display_name":"Ariana Enomoto","author_link":"https:\/\/hawaiipublicschools.org\/haw\/author\/arianastaceyleong-com\/"},"comment_info":0,"publishpress_future_action":{"enabled":false,"date":"2026-04-13 03:25:19","action":"change-status","newStatus":"draft","terms":[],"taxonomy":"","extraData":[]},"publishpress_future_workflow_manual_trigger":{"enabledWorkflows":[]},"_links":{"self":[{"href":"https:\/\/hawaiipublicschools.org\/haw\/wp-json\/wp\/v2\/pages\/125","targetHints":{"allow":["GET"]}}],"collection":[{"href":"https:\/\/hawaiipublicschools.org\/haw\/wp-json\/wp\/v2\/pages"}],"about":[{"href":"https:\/\/hawaiipublicschools.org\/haw\/wp-json\/wp\/v2\/types\/page"}],"author":[{"embeddable":true,"href":"https:\/\/hawaiipublicschools.org\/haw\/wp-json\/wp\/v2\/users\/8"}],"replies":[{"embeddable":true,"href":"https:\/\/hawaiipublicschools.org\/haw\/wp-json\/wp\/v2\/comments?post=125"}],"version-history":[{"count":0,"href":"https:\/\/hawaiipublicschools.org\/haw\/wp-json\/wp\/v2\/pages\/125\/revisions"}],"up":[{"embeddable":true,"href":"https:\/\/hawaiipublicschools.org\/haw\/wp-json\/wp\/v2\/pages\/122"}],"wp:attachment":[{"href":"https:\/\/hawaiipublicschools.org\/haw\/wp-json\/wp\/v2\/media?parent=125"}],"curies":[{"name":"wp","href":"https:\/\/api.w.org\/{rel}","templated":true}]}}