{"id":123,"date":"2024-09-05T00:01:18","date_gmt":"2024-09-05T00:01:18","guid":{"rendered":"https:\/\/hawaiipublicschools.org\/?page_id=123"},"modified":"2025-10-06T15:56:56","modified_gmt":"2025-10-07T01:56:56","slug":"substitute-teachers","status":"publish","type":"page","link":"https:\/\/hawaiipublicschools.org\/haw\/jobs\/substitute-teachers\/","title":{"rendered":"Lilo i Kumu Pani"},"content":{"rendered":"<div class=\"wp-block-columns double_col_sidebar is-layout-flex wp-container-core-columns-is-layout-28f84493 wp-block-columns-is-layout-flex\">\n<div class=\"wp-block-column left_col is-layout-flow wp-block-column-is-layout-flow\">\n<p>Looking for a flexible and rewarding way to support Hawai\u02bbi\u2019s students? The Hawai\u02bbi State Department of Education is seeking substitute teachers to help maintain learning continuity in schools. If you have a passion for education and want to make an impact in the classroom, explore the qualifications, hiring process and training requirements to get started.<\/p>\n\n\n\n<h2 class=\"wp-block-heading\">E noi<\/h2>\n\n\n\n<p><strong>Ke \u02bbimi nei ka \u02bbOihana i n\u0101 moho me k\u0113ia mau \u02bbike, ma ke \u02bbano o ka mea nui:<\/strong><\/p>\n\n\n\n<ul class=\"wp-block-list\">\n<li>Ke k\u0113kel\u0113 laepua a me ka ho\u02bbopau \u02bbana i kahi Polokalamu Ho\u02bbona\u02bbauao Kumu i \u02bbae \u02bbia e ka Moku\u02bb\u0101ina (SATEP), he papahana ho\u02bboma\u02bbama\u02bba kumu piha e pili ana i ke a\u02bbo \u02bbana o n\u0101 haum\u0101na ma kahi papa K-12.<\/li>\n\n\n\n<li>Ke k\u0113kel\u0113 laepua mai ke kulanui\/kulanui.<\/li>\n<\/ul>\n\n\n\n<p>\u02bbAe \u02bbia n\u0101 noi i k\u0113l\u0101 me k\u0113ia makahiki kula mai <strong>Iulai 1 a Malaki 15<\/strong>.&nbsp;<\/p>\n\n\n\n<div class=\"wp-block-buttons is-layout-flex wp-block-buttons-is-layout-flex\" style=\"margin-bottom:var(--wp--preset--spacing--10)\">\n<div class=\"wp-block-button has-custom-font-size ghost positive custom_button border_bx-pos is-style-outline is-style-outline--1\" style=\"font-size:0.8rem\"><a rel=\"noreferrer noopener\" target=\"_blank\" href=\"https:\/\/ehr.k12.hi.us\/jobs\" class=\"wp-block-button__link has-text-color has-link-color has-border-color has-contrast-border-color wp-element-button\" style=\"border-width:2px;color:#010101;padding-top:12px;padding-right:20px;padding-bottom:12px;padding-left:20px\">e noi i k\u0113ia manawa<\/a><\/div>\n<\/div>\n\n\n\n<h2 class=\"wp-block-heading\">Ka\u02bbina ho\u02bbolimalima<\/h2>\n\n\n\n<p><\/p>\n\n\n\n<ol class=\"wp-block-list\">\n<li>Ho\u02bbouna i kahi palapala noi p\u016bnaewele.<\/li>\n\n\n\n<li>N\u0101n\u0101 n\u0101 kula mua i n\u0101 noi a hiki ke ho\u02bboka\u02bba\u02bbike aku i n\u0101 mea noi no n\u0101 n\u012bnauele a i \u02bbole ka \u02bbike hou aku.<\/li>\n\n\n\n<li>Loa\u02bba i kahi ho\u02bboholo ho\u02bbolimalima a me n\u0101 \u02bb\u014dlelo a\u02bboa\u02bbo no ka waiho \u02bbana i n\u0101 palapala ho\u02bbolimalima i koi \u02bbia.<\/li>\n\n\n\n<li>E ho\u02bbopa\u02bba i ka pa\u02bbi manamana lima a me ka n\u0101n\u0101 hope ma ke ke\u02bbena apana o ke kula. \u02bbA\u02bbole hiki i n\u0101 mea noi ke ho\u02bbomaka i ka hana a hiki i ka pau \u02bbana o k\u0113ia ka\u02bbina hana a h\u0101\u02bbawi \u02bbia ka \u02bbae.<\/li>\n\n\n\n<li>Loa\u02bba ka leka ho\u02bbomaopopo e ho\u02bbomaka i ka hana.<\/li>\n<\/ol>\n\n\n\n<p><strong><em>NUI: <\/em><\/strong><em>&nbsp;Ho\u02bbouna \u02bbia n\u0101 palapala noi \u0101pau ma ka leka uila. \u02bbO n\u0101 noi i ho\u02bbopau \u02bbole \u02bbia a hiki i ka l\u0101 15 \u02bbApelila e ho\u02bbiho\u02bbi \u02bbia.<\/em><\/p>\n\n\n\n<h2 class=\"wp-block-heading\">N\u0101 koi<\/h2>\n\n\n\n<h3 class=\"wp-block-heading\">1. Hooiaio Kumu Pani<\/h3>\n\n\n\n<p>He \u02bbelima makahiki ka mana o n\u0101 palapala kumu kumu a pono e ho\u02bbololi hou \u02bbia e ho\u02bbomau i ka hana. Hiki ke loa\u02bba n\u0101 palapala h\u014d\u02bboia me ka ho\u02bbohana \u02bbana i kekahi o k\u0113ia mau papahana:<\/p>\n\n\n\n<ul class=\"wp-block-list\">\n<li><a href=\"https:\/\/hawaiipublicschools.org\/haw\/academics\/adult-ed\/\" data-type=\"page\" data-id=\"34\">Ke Kula Kaiapuni o ka &#039;Oihana no n\u0101 m\u0101kua (CSA)<\/a><\/li>\n\n\n\n<li><a href=\"https:\/\/stedi.org\/HI\/\" target=\"_blank\" rel=\"noreferrer noopener\">Ho\u02bbololi i n\u0101 subskills a\u02bbo<\/a><\/li>\n\n\n\n<li><a href=\"https:\/\/www.masterteacher.com\/substitute-teacher-online-courses?quantity=1\" target=\"_blank\" rel=\"noreferrer noopener\">\u02bbO ke Kumu Kumu: Ho\u02bboma\u02bbama\u02bba i ke Kumu Pa\u02bbi P\u016bnaewele<\/a><\/li>\n\n\n\n<li><a href=\"http:\/\/go.hawaii.edu\/Aaj\" target=\"_blank\" rel=\"noreferrer noopener\">Ke Kulanui o Hawai\u02bbi ma M\u0101noa (UHM), Ke Kulanui o ka Ho\u02bbona\u02bbauao (COE)<\/a><\/li>\n\n\n\n<li>Pono \u02bbia no ka po\u02bbe noi me ka li\u02bbili\u02bbi o ke k\u0113kel\u0113 laepua (ka li\u02bbili\u02bbi o kahi diploma kula ki\u02bbeki\u02bbe a i \u02bbole like, me ka ho\u02bbopau \u02bbana i kahi papahana h\u014d\u02bboia).<\/li>\n\n\n\n<li>Pono no ka po\u02bbe me ke k\u0113kel\u0113 laepua ak\u0101 \u02bba\u02bbohe a\u02bbo kumu (pono e ho\u02bbopau i kahi papahana h\u014d\u02bboia me ka helu hala o 80% a \u02bboi aku paha).<\/li>\n\n\n\n<li>\u02bbA\u02bbole koi \u02bbia no ka po\u02bbe i ho\u02bbopau i kahi Polokalamu Ho\u02bbona\u02bbauao Kumu Moku\u02bb\u0101ina (SATEP).<\/li>\n<\/ul>\n\n\n\n<h3 class=\"wp-block-heading\">2. Palapala<\/h3>\n\n\n\n<p>Pono e waiho \u02bbia n\u0101 transcripts me ka palapala noi.&nbsp;<\/p>\n\n\n\n<p>\u02bbA\u02bbole loiloi ka \u02bbOihana i n\u0101 palapala h\u014d\u02bboia haole. Pono n\u0101 mea noi e loa\u02bba kahi loiloi o n\u0101 palapala h\u014d\u02bboia haole mai:&nbsp;<\/p>\n\n\n\n<p><strong>N\u0101 Luna Ho\u02bbona\u02bbauao Ho\u02bbona\u02bbauao, Inc. (ECE)<\/strong><br>Pahu Leta 514070, <br>Milwaukee, WI 53203-3470<br>Ph: 414-289-3400<br>Fax: 414-289-3411<br><a href=\"http:\/\/www.ece.org\/\">www.ece.org<\/a><br><a href=\"mailto:eval@ece.org\">leka uila<\/a><\/p>\n\n\n\n<h3 class=\"wp-block-heading\">3. Ho\u02bboma\u02bbema\u02bbe ho&#039;\u0101\u02bbo ma\u02bbi ma\u02bbi (TB).<\/h3>\n\n\n\n<p>Pono ka palapala h\u014d\u02bboia ho\u02bb\u0101\u02bbo TB k\u016bpono i ho\u02bbopa\u02bba \u02bbia i loko o ho\u02bbokahi makahiki o ka l\u0101 noi.<\/p>\n\n\n\n<p><strong><em>NUI:<\/em><\/strong><em> \u02bbO n\u0101 palapala a pau i waiho \u02bbia e lilo i waiwai o ka \u02bbOihana a \u02bba\u02bbole e ho\u02bbiho\u02bbi \u02bbia.<\/em><\/p>\n\n\n\n<figure class=\"wp-block-image size-large\"><img loading=\"lazy\" decoding=\"async\" width=\"1024\" height=\"576\" src=\"https:\/\/hawaiipublicschools.org\/wp-content\/uploads\/2024\/12\/Substitute_Teachers_edit-1024x576.jpg\" alt=\"Teacher instructing in a classroom\" class=\"wp-image-3657\" srcset=\"https:\/\/hawaiipublicschools.org\/wp-content\/uploads\/2024\/12\/Substitute_Teachers_edit-1024x576.jpg 1024w, https:\/\/hawaiipublicschools.org\/wp-content\/uploads\/2024\/12\/Substitute_Teachers_edit-300x169.jpg 300w, https:\/\/hawaiipublicschools.org\/wp-content\/uploads\/2024\/12\/Substitute_Teachers_edit-768x432.jpg 768w, https:\/\/hawaiipublicschools.org\/wp-content\/uploads\/2024\/12\/Substitute_Teachers_edit-18x10.jpg 18w, https:\/\/hawaiipublicschools.org\/wp-content\/uploads\/2024\/12\/Substitute_Teachers_edit.jpg 1200w\" sizes=\"auto, (max-width: 1024px) 100vw, 1024px\" \/><\/figure>\n\n\n\n<h2 class=\"wp-block-heading\">uku a me na pomaikai<\/h2>\n\n\n\n<p>Uku \u02bbia n\u0101 kumu pani i k\u0113l\u0101 me k\u0113ia l\u0101 e pili ana i k\u0101 l\u0101kou \u02bbike. \u02bbA\u02bbole k\u016bpono l\u0101kou no ka P\u016bnaehana Retirement Employees&#039; ak\u0101 hiki ke komo i kahi 403 (b) <mark style=\"background-color:rgba(0, 0, 0, 0);color:#e31515\" class=\"has-inline-color\"><a href=\"https:\/\/hawaiipublicschools.org\/haw\/jobs\/employee-benefits-and-salary\/\" data-type=\"page\" data-id=\"124\">Ho\u02bbol\u0101l\u0101 \u02bbauhau \u02bbauhau (TSA).<\/a><\/mark>. Aia n\u0101 uku i n\u0101 \u02bbauhau Social Security a me Medicare. <\/p>\n\n\n\n<p><em>Mai ka l\u0101 1 o Iulai, 2024<\/em><\/p>\n\n\n\n<h3 class=\"wp-block-heading\">Papa III<\/h3>\n\n\n\n<p>E ho\u02bbololi i n\u0101 kumu i h\u0101l\u0101wai me kekahi o k\u0113ia mau mea a pau:<\/p>\n\n\n\n<ul class=\"wp-block-list\">\n<li>He kumu laikini Hawai\u02bbi;<\/li>\n\n\n\n<li>He kumu (me n\u0101 kumu HIDOE i k\u0113ia manawa\/ i ho\u02bbomaha \u02bbia) i ho\u02bbopau i kahi Polokalamu Ho\u02bbona\u02bbauao Kumu i \u02bbae \u02bbia e ka Moku\u02bb\u0101ina (SATEP).<\/li>\n<\/ul>\n\n\n\n<p><strong>Ka helu o k\u0113l\u0101 me k\u0113ia l\u0101:<\/strong> $194.01<\/p>\n\n\n\n<div class=\"wp-block-kadence-spacer aligncenter kt-block-spacer-123_5e092d-72\"><div class=\"kt-block-spacer kt-block-spacer-halign-center\"><hr class=\"kt-divider\"\/><\/div><\/div>\n\n\n\n<h3 class=\"wp-block-heading\">Papa II<\/h3>\n\n\n\n<p>E pani i n\u0101 kumu i loa\u02bba ke k\u0113kel\u0113 laepua mai ke kulanui i k\u0101ko\u02bbo \u02bbia a i \u02bbole ka mea like (e n\u0101n\u0101 i luna).<\/p>\n\n\n\n<p><strong>Ka helu o k\u0113l\u0101 me k\u0113ia l\u0101:<\/strong> $179.50<\/p>\n\n\n\n<div class=\"wp-block-kadence-spacer aligncenter kt-block-spacer-123_a87079-bd\"><div class=\"kt-block-spacer kt-block-spacer-halign-center\"><hr class=\"kt-divider\"\/><\/div><\/div>\n\n\n\n<h3 class=\"wp-block-heading\">Papa I<\/h3>\n\n\n\n<p>E pani i n\u0101 kumu i loa\u02bba \u02bbole ke k\u0113kel\u0113 laepua ak\u0101 ho\u02bbok\u014d i n\u0101 koi hana kiko\u02bb\u012b i ho\u02bbonohonoho \u02bbia e ka &#039;Oihana.<\/p>\n\n\n\n<p><strong>Ka helu o k\u0113l\u0101 me k\u0113ia l\u0101:<\/strong> $164.97<\/p>\n<\/div>\n\n\n\n<div class=\"wp-block-column right_col is-layout-flow wp-block-column-is-layout-flow\"><div class=\"kb-row-layout-wrap kb-row-layout-id6560_2c6583-e1 alignnone wp-block-kadence-rowlayout\"><div class=\"kt-row-column-wrap kt-has-2-columns kt-row-layout-row kt-tab-layout-row kt-mobile-layout-row kt-row-valign-top\">\n\n<div class=\"wp-block-kadence-column kadence-column6560_7b70a7-b5\"><div class=\"kt-inside-inner-col\">\n<figure class=\"wp-block-image size-large no_margin\"><img loading=\"lazy\" decoding=\"async\" width=\"1024\" height=\"685\" src=\"https:\/\/hawaiipublicschools.org\/wp-content\/uploads\/Courtney-Suma-Kapolei-HS-2-1024x685.png\" alt=\"\" class=\"wp-image-16110\" style=\"aspect-ratio:4\/3;object-fit:cover\" srcset=\"https:\/\/hawaiipublicschools.org\/wp-content\/uploads\/Courtney-Suma-Kapolei-HS-2-1024x685.png 1024w, https:\/\/hawaiipublicschools.org\/wp-content\/uploads\/Courtney-Suma-Kapolei-HS-2-300x201.png 300w, https:\/\/hawaiipublicschools.org\/wp-content\/uploads\/Courtney-Suma-Kapolei-HS-2-768x514.png 768w, https:\/\/hawaiipublicschools.org\/wp-content\/uploads\/Courtney-Suma-Kapolei-HS-2-18x12.png 18w, https:\/\/hawaiipublicschools.org\/wp-content\/uploads\/Courtney-Suma-Kapolei-HS-2.png 1200w\" sizes=\"auto, (max-width: 1024px) 100vw, 1024px\" \/><\/figure>\n<\/div><\/div>\n\n\n\n<div class=\"wp-block-kadence-column kadence-column6560_2a0af9-9c\"><div class=\"kt-inside-inner-col\">\n<h5 class=\"wp-block-heading has-base-color has-text-color has-link-color wp-elements-1651807adfa5d5c186f5975ed88182a9\" style=\"margin-top:0px;padding-bottom:0.5rem;font-size:1.4vw\">e ho\u02bbololi maoli<\/h5>\n\n\n\n<p class=\"has-base-color has-text-color has-link-color wp-elements-855c172aece496ae5624d9c92857926c\">Ho\u02bboulu a ho\u02bbopio i ka no\u02bbono\u02bbo \u02bb\u014dpio ma ke \u02bbano he kumu kula \u02bbOihana Ho\u02bbona\u02bbauao o ka Moku\u02bb\u0101ina \u02bbo Hawai\u02bbi. E a\u02bbo hou e pili ana i n\u0101 manawa a\u02bbo hoihoi ma n\u0101 mokupuni \u0101pau e hana p\u016b ana me n\u0101 haum\u0101na kula kamali\u02bbi, kula ha\u02bbaha\u02bba, waena a me ke kula ki\u02bbeki\u02bbe.<\/p>\n\n\n\n<div class=\"wp-block-buttons is-layout-flex wp-block-buttons-is-layout-flex\" style=\"margin-bottom:var(--wp--preset--spacing--10)\">\n<div class=\"wp-block-button has-custom-font-size ghost negative custom_button border_bx-pos is-style-outline is-style-outline--2\" style=\"font-size:0.8rem\"><a rel=\"\" target=\"\" href=\"https:\/\/hawaiipublicschools.org\/haw\/jobs\/jobs-listing\/\" class=\"wp-block-button__link has-base-color has-text-color has-link-color has-border-color has-base-border-color wp-element-button\" style=\"border-width:2px;padding-top:12px;padding-right:20px;padding-bottom:12px;padding-left:20px\">E huli i kahi hana<\/a><\/div>\n<\/div>\n<\/div><\/div>\n\n<\/div><\/div><\/div>\n<\/div>","protected":false},"excerpt":{"rendered":"<p>Looking for a flexible and rewarding way to support Hawai\u02bbi\u2019s students? The Hawai\u02bbi State Department of Education is seeking substitute teachers to help maintain learning continuity in schools. If you have a passion for education and want to make an impact in the classroom, explore the qualifications, hiring process and training requirements to get started. [&hellip;]<\/p>","protected":false},"author":8,"featured_media":0,"parent":122,"menu_order":20,"comment_status":"closed","ping_status":"closed","template":"wp-custom-template-page-for-custom-sidebar","meta":{"_relevanssi_hide_post":"","_relevanssi_hide_content":"","_relevanssi_pin_for_all":"","_relevanssi_pin_keywords":"","_relevanssi_unpin_keywords":"","_relevanssi_related_keywords":"","_relevanssi_related_include_ids":"","_relevanssi_related_exclude_ids":"","_relevanssi_related_no_append":"","_relevanssi_related_not_related":"","_relevanssi_related_posts":"","_relevanssi_noindex_reason":"","_sitemap_exclude":false,"_sitemap_priority":"","_sitemap_frequency":"","_kad_blocks_custom_css":"","_kad_blocks_head_custom_js":"","_kad_blocks_body_custom_js":"","_kad_blocks_footer_custom_js":"","wp_popup_display_lightbox":0,"wp_popup_suppress":"","wp_popup_trigger":"","wp_popup_trigger_amount":0,"wp_popup_disable_on_mobile":false,"footnotes":""},"class_list":["post-123","page","type-page","status-publish","hentry"],"pp_statuses_selecting_workflow":false,"pp_workflow_action":"current","pp_status_selection":"publish","taxonomy_info":[],"featured_image_src_large":false,"author_info":{"display_name":"Ariana Enomoto","author_link":"https:\/\/hawaiipublicschools.org\/haw\/author\/arianastaceyleong-com\/"},"comment_info":0,"publishpress_future_action":{"enabled":false,"date":"2026-04-13 02:14:41","action":"change-status","newStatus":"draft","terms":[],"taxonomy":"","extraData":[]},"publishpress_future_workflow_manual_trigger":{"enabledWorkflows":[]},"_links":{"self":[{"href":"https:\/\/hawaiipublicschools.org\/haw\/wp-json\/wp\/v2\/pages\/123","targetHints":{"allow":["GET"]}}],"collection":[{"href":"https:\/\/hawaiipublicschools.org\/haw\/wp-json\/wp\/v2\/pages"}],"about":[{"href":"https:\/\/hawaiipublicschools.org\/haw\/wp-json\/wp\/v2\/types\/page"}],"author":[{"embeddable":true,"href":"https:\/\/hawaiipublicschools.org\/haw\/wp-json\/wp\/v2\/users\/8"}],"replies":[{"embeddable":true,"href":"https:\/\/hawaiipublicschools.org\/haw\/wp-json\/wp\/v2\/comments?post=123"}],"version-history":[{"count":0,"href":"https:\/\/hawaiipublicschools.org\/haw\/wp-json\/wp\/v2\/pages\/123\/revisions"}],"up":[{"embeddable":true,"href":"https:\/\/hawaiipublicschools.org\/haw\/wp-json\/wp\/v2\/pages\/122"}],"wp:attachment":[{"href":"https:\/\/hawaiipublicschools.org\/haw\/wp-json\/wp\/v2\/media?parent=123"}],"curies":[{"name":"wp","href":"https:\/\/api.w.org\/{rel}","templated":true}]}}