{"id":118,"date":"2024-09-04T23:57:50","date_gmt":"2024-09-04T23:57:50","guid":{"rendered":"https:\/\/hawaiipublicschools.org\/?page_id=118"},"modified":"2026-01-26T11:09:45","modified_gmt":"2026-01-26T21:09:45","slug":"weighted-student-formula","status":"publish","type":"page","link":"https:\/\/hawaiipublicschools.org\/haw\/about\/budget\/weighted-student-formula\/","title":{"rendered":"Kumu Kaumaha Haumana"},"content":{"rendered":"<div class=\"wp-block-columns double_col_sidebar is-layout-flex wp-container-core-columns-is-layout-28f84493 wp-block-columns-is-layout-flex\">\n<div class=\"wp-block-column left_col is-layout-flow wp-block-column-is-layout-flow\">\n<p class=\"intro\" style=\"font-size:clamp(0.875rem, 0.875rem + ((1vw - 0.2rem) * 0.531), 1.3rem);\">\u02bbO ka Weighted Student Formula (WSF) e h\u014d\u02bboia\u02bbi\u02bbo i ka m\u0101hele \u02bbia \u02bbana o ke k\u0101l\u0101 no n\u0101 kula aupuni ma Hawai\u02bbi ma muli o n\u0101 pono kiko\u02bb\u012b o n\u0101 haum\u0101na o k\u0113l\u0101 me k\u0113ia kula. Ho\u02bboka\u02bbawale k\u0113ia \u02bbano kumu i ke k\u0101l\u0101 i ho\u02bbonohonoho \u02bbia no k\u0113l\u0101 me k\u0113ia haum\u0101na i k\u0101kau inoa \u02bbia, me n\u0101 k\u0101l\u0101 hou a\u02bbe i h\u0101\u02bbawi \u02bbia no n\u0101 haum\u0101na e pono ai ke k\u0101ko\u02bbo hou, e like me ka po\u02bbe i loa\u02bba \u02bbole, mai n\u0101 \u02bbano hemahema \u02bboihana, a i \u02bbole ke a\u02bbo \u02bbana i ka \u02bb\u014dlelo Pelekane.<\/p>\n\n\n\n<p>Ma ka ho\u02bbohana \u02bbana i\u0101 WSF, hiki i n\u0101 kula ke ho\u02bboholo e pili ana i k\u0101 l\u0101kou p\u016bl\u0101wai k\u0101l\u0101 e k\u016bpono i n\u0101 pono o k\u0101 l\u0101kou mau haum\u0101na, in\u0101 \u02bbo ia ka ho\u02bbolimalima limahana, n\u0101 papahana k\u0101l\u0101, a i \u02bbole ke k\u016b\u02bbai \u02bbana i n\u0101 kumuwaiwai.<\/p>\n\n\n\n<div class=\"wp-block-columns is-layout-flex wp-container-core-columns-is-layout-28f84493 wp-block-columns-is-layout-flex\">\n<div class=\"wp-block-column is-layout-flow wp-block-column-is-layout-flow\">\n<p><a href=\"https:\/\/hawaiipublicschools.org\/haw\/about\/budget\/weighted-student-formula\/weighted-student-formula-archived-reports\/\"><strong>Archived WSF reports<\/strong><\/a><\/p>\n\n\n\n<p>An archive of Weighted Student Formula reports (OEC calculations and adjustments, details of weighting factors and official demographics).<\/p>\n<\/div>\n\n\n\n<div class=\"wp-block-column is-layout-flow wp-block-column-is-layout-flow\">\n<p><a href=\"https:\/\/hawaiipublicschools.org\/haw\/about\/budget\/weighted-student-formula\/#cow\"><strong>Archived COW documents<\/strong><\/a><\/p>\n\n\n\n<p>Committee on Weights documents dating back to the 2014-15 school year.<\/p>\n<\/div>\n<\/div>\n\n\n\n<div class=\"wp-block-kadence-spacer aligncenter kt-block-spacer-118_082414-b0\"><div class=\"kt-block-spacer kt-block-spacer-halign-center\"><hr class=\"kt-divider\"\/><\/div><\/div>\n\n\n\n<h2 class=\"wp-block-heading\">Pehea e hana ai ka WSF?<\/h2>\n\n\n\n<ol class=\"wp-block-list\">\n<li><strong>Ke k\u0101l\u0101 kumu no n\u0101 kula a pau<\/strong>: Loa\u02bba i k\u0113l\u0101 me k\u0113ia kula kahi k\u0101l\u0101 kumu no ka hana.<\/li>\n\n\n\n<li><strong>K\u0101l\u0101 k\u0101l\u0101 no k\u0113l\u0101 me k\u0113ia haum\u0101na<\/strong>: Loa\u02bba i n\u0101 kula n\u0101 k\u0101l\u0101 hou e pili ana i ka helu o n\u0101 haum\u0101na i k\u0101kau inoa.<\/li>\n\n\n\n<li><strong>\u02bbO ke k\u0101l\u0101 keu no n\u0101 pono k\u016bikaw\u0101<\/strong>: Loa\u02bba i n\u0101 kula n\u0101 k\u0101l\u0101 hou aku no n\u0101 haum\u0101na me n\u0101 pono kiko\u02bb\u012b, e like me:<\/li>\n<\/ol>\n\n\n\n<ul class=\"wp-block-list\">\n<li>N\u0101 haum\u0101na makamae a akamai<\/li>\n\n\n\n<li>N\u0101 haum\u0101na p\u014d\u02bbino waiwai<\/li>\n\n\n\n<li>N\u0101 haum\u0101na \u02bb\u014dlelo Pelekania<\/li>\n\n\n\n<li>Ke alo nei n\u0101 haum\u0101na i ka transiency<\/li>\n<\/ul>\n\n\n\n<h2 class=\"wp-block-heading\">Pehea e ho\u02bbohana ai n\u0101 kula i\u0101 WSF<\/h2>\n\n\n\n<p>Ho\u02bbokumu k\u0113l\u0101 me k\u0113ia po\u02bbo kula, me n\u0101 mana\u02bbo mai ke Kula Kaiapuni o ke Kula, i ho\u02bbol\u0101l\u0101 k\u0101l\u0101 makahiki e ho\u02bboholo ai pehea e ho\u02bbohana \u02bbia ai n\u0101 k\u0101l\u0101 WSF. K\u014dkua k\u0113ia ho\u02bbol\u0101l\u0101 i n\u0101 kula e ho\u02bbok\u014d i k\u0101 l\u0101kou mau pahuhopu a\u02bbo i ke k\u0101ko\u02bbo \u02bbana i n\u0101 hana ma\u02bbamau. Paipai \u02bbia n\u0101 m\u0101kua a me n\u0101 l\u0101l\u0101 o ke kai\u0101ulu e komo i k\u0113ia ka\u02bbina hana ma ke komo \u02bbana i k\u0101 l\u0101kou \u02bbaha Kula Kaiapuni.<\/p>\n\n\n\n<p>Loa\u02bba n\u0101 palapala pili no ka makahiki k\u0101l\u0101 o k\u0113ia manawa:<\/p>\n\n\n\n<ul class=\"wp-block-list\">\n<li><a href=\"https:\/\/hawaiipublicschools.org\/wp-content\/uploads\/FY27-WSF-Alloc-Calc-for-FP.pdf\" target=\"_blank\" rel=\"noreferrer noopener\">FY2026-27 Allocation Calculation for Financial Plans<\/a> (PDF)<\/li>\n\n\n\n<li><a href=\"https:\/\/hawaiipublicschools.org\/wp-content\/uploads\/FY27-WSF-Weighting-Factors-for-FP.pdf\" target=\"_blank\" rel=\"noreferrer noopener\">FY2026-27 Details of Weighting Factors for Financial Plans<\/a> (PDF)<\/li>\n\n\n\n<li><a href=\"https:\/\/hawaiipublicschools.org\/wp-content\/uploads\/FY27-WSF-Proj-Demographics-for-FP.pdf\" target=\"_blank\" rel=\"noreferrer noopener\">FY2026-27 Projected Demographics for Financial Plans<\/a> (PDF)<\/li>\n<\/ul>\n\n\n\n<h2 class=\"wp-block-heading\">Pehea ka pili \u02bbana o ke k\u0101kau inoa \u02bbana i ke k\u0101l\u0101<\/h2>\n\n\n\n<p>Ho\u02bbololi \u02bbia ke k\u0101l\u0101 kula ma o WSF a puni ka makahiki ma muli o ke k\u0101kau inoa \u02bbana o n\u0101 haum\u0101na:<\/p>\n\n\n\n<ul class=\"wp-block-list\">\n<li>Ho\u02bbololi mua: Hana \u02bbia ma hope o ka helu \u02bbana i ke k\u0101kau inoa ma ka ho\u02bbomaka \u02bbana o ka makahiki kula.<\/li>\n\n\n\n<li>N\u0101 ho\u02bbololi \u02bbelua a me ke kolu: Hana \u02bbia ma hope o ka hapaha mua a me ka ho\u02bbomaka \u02bbana o ke kau lua, in\u0101 pi\u02bbi ka helu haum\u0101na.<\/li>\n<\/ul>\n\n\n\n<p>Loa\u02bba n\u0101 palapala pili no ka makahiki k\u0101l\u0101 o k\u0113ia manawa:<\/p>\n\n\n\n<ul class=\"wp-block-list\">\n<li><a href=\"\/wp-content\/uploads\/FY26-WSFAllocCalc-012026.pdf\" target=\"_blank\" rel=\"noreferrer noopener\">FY 2025-26 January 2026 (2nd Semester) Adjustment<\/a> (PDF)<\/li>\n\n\n\n<li><a href=\"\/wp-content\/uploads\/FY2025-26-WSF-AllocCalcuation-102025.pdf\" target=\"_blank\" rel=\"noreferrer noopener\">FY 2025-26 October 2025 (2nd Quarter) Adjustment<\/a> (PDF)<\/li>\n\n\n\n<li><a href=\"\/wp-content\/uploads\/FY2025-26-OEC.pdf\" target=\"_blank\" rel=\"noreferrer noopener\">FY 2025-26 OEC Allocation Calculation<\/a> (PDF)<\/li>\n\n\n\n<li><a href=\"\/wp-content\/uploads\/FY2025-26-Weighting.pdf\" target=\"_blank\" rel=\"noreferrer noopener\">FY 2025-26 OEC Details of Weighting Factors<\/a> (PDF)<\/li>\n\n\n\n<li><a href=\"\/wp-content\/uploads\/FY2025-26-Demographics.pdf\" target=\"_blank\" rel=\"noreferrer noopener\">FY 2025-26 OEC Official Demographics<\/a> (PDF)<\/li>\n<\/ul>\n\n\n\n<h2 class=\"wp-block-heading\">K\u0101l\u0101 ho\u02bbona\u02bbauao k\u016bikaw\u0101<\/h2>\n\n\n\n<p>Starting in the 2020-21 school year, a similar formula is used to <a href=\"https:\/\/hawaiipublicschools.org\/haw\/DOE%20Forms\/Special%20Education\/SPEDReport0518.pdf\/\" target=\"_blank\" rel=\"noreferrer noopener\">fund special education<\/a>. Known as the Special Education Per Pupil Allocation (SPPA), it ensures that schools receive adequate resources to support students with special needs. Like the WSF, funding is based on student characteristics, with schools receiving extra support based on specific student disabilities.<\/p>\n\n\n\n<ul class=\"wp-block-list\">\n<li>\u02bbO ke k\u0101l\u0101 kumu no k\u0113l\u0101 me k\u0113ia kula e uhi i ke kumu k\u016b\u02bbai o ho\u02bbokahi k\u016blana kumu 10 mahina.<\/li>\n\n\n\n<li>E ho\u02bbohana i n\u0101 hi\u02bbohi\u02bbona haum\u0101na e like me ke kaupaona 0.1:\n<ul class=\"wp-block-list\">\n<li>Ua pio ke a\u02bbo kiko\u02bb\u012b<\/li>\n\n\n\n<li>\u02bbO ke ola kino \u02bb\u0113 a\u02bbe<\/li>\n\n\n\n<li>Ua pio ka \u02bb\u014dlelo a i \u02bbole ka \u02bb\u014dlelo<\/li>\n<\/ul>\n<\/li>\n\n\n\n<li>Ho\u02bbomaka ka loa\u02bba k\u0101l\u0101 o k\u0113l\u0101 me k\u0113ia haum\u0101na me ka haum\u0101na \u02bbelima.<\/li>\n\n\n\n<li>\u02bbO ke koena:\n<ul class=\"wp-block-list\">\n<li>H\u0101\u02bbawi \u02bbia ka 90% i n\u0101 kula ma muli o ka helu po\u02bbo<\/li>\n\n\n\n<li>H\u0101\u02bbawi \u02bbia ka 10% i n\u0101 kula ma muli o ka mana\u02bbo o ka luna nui<\/li>\n<\/ul>\n<\/li>\n<\/ul>\n\n\n\n<h2 class=\"wp-block-heading\">\u02bbO wai ka mea n\u0101na e m\u0101lama i\u0101 WSF?<\/h2>\n\n\n\n<p>Na ke K\u014dmike Kaumaha ke kuleana no ka n\u0101n\u0101 \u02bbana a me ka ho\u02bboponopono \u02bbana i ke \u02bbano e h\u014d\u02bboia i ka h\u014d\u02bbike \u02bbana i n\u0101 pono o k\u0113ia manawa o n\u0101 haum\u0101na. Na ka Papa Ho&#039;ona&#039;auao e ho&#039;oholo i ke &#039;ano o ke K\u014dmike Kaumaha ma muli o ka mana&#039;o a ke Kahukula Nui a me ke Dean o ke Koleke Ho&#039;ona&#039;auao ma ke Kulanui o Hawai&#039;i. Ua hookumuia ke Komite Kaumaha e <a href=\"\/haw\/DOE%20Forms\/State%20Reports\/Act51.pdf\/\">Hana 51<\/a> a me ke Kanawai 221, i hooholoia ma ke Kau Ahaolelo 2004.<\/p>\n\n\n\n<p>\u02bbO n\u0101 hana nui a ke K\u014dmike Kaumaha, \u02bbo ia ka ho\u02bboholo \u02bbana: \u02bbo wai n\u0101 k\u0101l\u0101 hana e pono ke waiho \u02bbia i ho\u02bbokahi mahele e pili ana i n\u0101 \u02bbano haum\u0101na; n\u0101 \u02bbano haum\u0101na i ho\u02bbohana \u02bbia e ho\u02bboka\u02bbawale k\u0101l\u0101 i n\u0101 kula; ka nui o &quot;kaumaha&quot; (a i \u02bbole ka nui o ke \u02bbano ma ke kumu k\u016b\u02bbai o ka ho\u02bbona\u02bbauao) no k\u0113l\u0101 me k\u0113ia \u02bbano; a me n\u0101 \u02bb\u0101pana kiko\u02bb\u012b no k\u0113l\u0101 me k\u0113ia \u02bbano.<\/p>\n\n\n\n<p><strong>E komo:<\/strong> Paipai \u02bbia n\u0101 m\u0101kua a me n\u0101 l\u0101l\u0101 o ke kai\u0101ulu e komo i ke kama\u02bbilio \u02bbana! E hui p\u016b me k\u0101u \u02bbaha kaiaulu Kula kaiaulu a k\u014dkua i ke \u02bbano o ka ho\u02bbohana \u02bbia \u02bbana o ke k\u0101l\u0101 i k\u0101u kula.<\/p>\n\n\n\n<h4 class=\"wp-block-heading\">Komite o na Hoike Kaumaha<\/h4>\n\n\n\n<div class=\"wp-block-columns is-layout-flex wp-container-core-columns-is-layout-28f84493 wp-block-columns-is-layout-flex\">\n<div class=\"wp-block-column is-layout-flow wp-block-column-is-layout-flow\">\n<div class=\"wp-block-columns is-layout-flex wp-container-core-columns-is-layout-28f84493 wp-block-columns-is-layout-flex\">\n<div class=\"wp-block-column is-layout-flow wp-block-column-is-layout-flow\">\n<ul class=\"wp-block-list\">\n<li>COW XIV: SY2026-27 and 27-28\n<ul class=\"wp-block-list\">\n<li><a href=\"\/wp-content\/uploads\/COW-XIV.pdf\" data-type=\"link\" data-id=\"\/wp-content\/uploads\/COW-XIV.pdf\" target=\"_blank\" rel=\"noreferrer noopener\">Committee on Weights report<\/a> (PDF)<\/li>\n\n\n\n<li><a href=\"\/wp-content\/uploads\/20250918_FIC_COWXIVSY2728.pdf\" data-type=\"link\" data-id=\"wp-content\/uploads\/20250918_FIC_COWXIVSY2728.pdf\" target=\"_blank\" rel=\"noreferrer noopener\">Board of Education decision<\/a> (9\/18\/25)(PDF)<\/li>\n<\/ul>\n<\/li>\n\n\n\n<li>COW XIII: SY2024-25 and 25-26\n<ul class=\"wp-block-list\">\n<li><a href=\"\/Reports\/COWXIIIreport.pdf\" target=\"_blank\" rel=\"noreferrer noopener\">Hoike komite kaupaona 9\/7\/23<\/a> (PDF)<\/li>\n\n\n\n<li><a href=\"\/haw\/DOE%20Forms\/FIC_09072023_Action%20on%20COW%20XIII%20re%20WSF%20for%20SYs%2024-25%20and%2025-26.pdf\/\" target=\"_blank\" rel=\"noreferrer noopener\">\u02bbO ka \u02bb\u014dlelo ho\u02bboholo o ka Papa Ho\u02bbona\u02bbauao 9\/21\/23<\/a> (PDF)<\/li>\n<\/ul>\n<\/li>\n<\/ul>\n\n\n\n<ul class=\"wp-block-list\">\n<li>COW XII: SY2022-2023 and 23-24\n<ul class=\"wp-block-list\">\n<li><a href=\"https:\/\/boe.hawaii.gov\/Meetings\/Notices\/Meeting%20Material%20Library\/FIC_08192021_Recommendations%20of%20COW%20XII%20Regarding%20WSF%20Allocation%20for%20SY22-23%20and%2023-24.pdf\" target=\"_blank\" rel=\"noreferrer noopener\">hoike komite kaumaha 8\/19\/21<\/a> (PDF)<\/li>\n\n\n\n<li><a href=\"https:\/\/boe.hawaii.gov\/Meetings\/Notices\/Meeting%20Material%20Library\/FIC_08192021_Recommendations%20of%20COW%20XII%20Regarding%20WSF%20Allocation%20for%20SY22-23%20and%2023-24.pdf\" target=\"_blank\" rel=\"noreferrer noopener\">Olelo hooholo o ka Papa Hoonaauao 8\/19\/21<\/a> (PDF)<\/li>\n<\/ul>\n<\/li>\n\n\n\n<li>COW XI: SY2020-21 and 21-22\n<ul class=\"wp-block-list\">\n<li><a href=\"\/Reports\/COWXIFICreport091919.pdf\" target=\"_blank\" rel=\"noreferrer noopener\">Hoike komite kaupaona, 9\/19\/19<\/a> (PDF)<\/li>\n\n\n\n<li>Olelo hooholo o ka Papa Hoonaauao, 9\/19\/19<\/li>\n<\/ul>\n<\/li>\n\n\n\n<li>COW X: SY2017-18 and 18-19\n<ul class=\"wp-block-list\">\n<li><a href=\"\/Reports\/COWXfinal.pdf\" target=\"_blank\" rel=\"noreferrer noopener\">Hoike komite kaupaona, 5\/23\/17<\/a> (PDF)<\/li>\n\n\n\n<li>Olelo hooholo o ka Papa Hoonaauao, 5\/23\/17<\/li>\n<\/ul>\n<\/li>\n<\/ul>\n<\/div>\n<\/div>\n<\/div>\n\n\n\n<div class=\"wp-block-column is-layout-flow wp-block-column-is-layout-flow\">\n<ul class=\"wp-block-list\">\n<li>COW IX: SY2016-17 and 17-18\n<ul class=\"wp-block-list\">\n<li><a href=\"\/haw\/DOE%20Forms\/WSF\/COWFICreport081815.pdf\/\" target=\"_blank\" rel=\"noreferrer noopener\">Hoike komite kaupaona: 8\/18\/15<\/a> (PDF)<\/li>\n\n\n\n<li>Olelo hooholo o ka Papa Hoonaauao: 8\/18\/15<\/li>\n<\/ul>\n<\/li>\n<\/ul>\n\n\n\n<ul class=\"wp-block-list\">\n<li>BIPI VIII: SY2014-15\n<ul class=\"wp-block-list\">\n<li><a href=\"\/Reports\/COWVIIIreport.pdf\" target=\"_blank\" rel=\"noreferrer noopener\">Hoike komite kaupaona: 8\/20\/13<\/a> (PDF)<\/li>\n\n\n\n<li>Olelo hooholo o ka Papa Hoonaauao, 10\/15\/13<\/li>\n<\/ul>\n<\/li>\n<\/ul>\n\n\n\n<ul class=\"wp-block-list\">\n<li>COW VII: SY2012-13\n<ul class=\"wp-block-list\">\n<li><a href=\"\/Reports\/COWVIIreport.pdf\" target=\"_blank\" rel=\"noreferrer noopener\">Hoike komite kaupaona: 9\/1\/11<\/a> (PDF)<\/li>\n\n\n\n<li>Olelo hooholo o ka Papa Hoonaauao, 9\/20\/11<\/li>\n<\/ul>\n<\/li>\n\n\n\n<li>BIPI VI: SY2011-12\n<ul class=\"wp-block-list\">\n<li><a href=\"\/Reports\/COWVIreport.pdf\" target=\"_blank\" rel=\"noreferrer noopener\">Hoike komite kaupaona: 8\/23\/10<\/a> (PDF)<\/li>\n\n\n\n<li>Olelo hooholo a ka Papa Hoonaauao, 9\/2\/10<\/li>\n<\/ul>\n<\/li>\n<\/ul>\n<\/div>\n\n\n\n<div class=\"wp-block-column is-layout-flow wp-block-column-is-layout-flow\">\n<ul class=\"wp-block-list\">\n<li>BIPI V: SY2010-11\n<ul class=\"wp-block-list\">\n<li><a href=\"\/Reports\/COWVreport.pdf\" target=\"_blank\" rel=\"noreferrer noopener\">Hoike komite kaupaona: 10\/28\/09<\/a> (PDF)<\/li>\n\n\n\n<li>Olelo hooholo o ka Papa Hoonaauao, 11\/5\/09<\/li>\n<\/ul>\n<\/li>\n<\/ul>\n\n\n\n<ul class=\"wp-block-list\">\n<li>COW IV: SY2009-10\n<ul class=\"wp-block-list\">\n<li><a href=\"\/Reports\/COWIVreport.pdf\" target=\"_blank\" rel=\"noreferrer noopener\">Hoike komite kaupaona: 7\/7\/08<\/a> (PDF)<\/li>\n\n\n\n<li>Olelo hooholo o ka Papa Hoonaauao, 9\/4\/08<\/li>\n<\/ul>\n<\/li>\n<\/ul>\n\n\n\n<ul class=\"wp-block-list\">\n<li>BIPI III: SY2008-09\n<ul class=\"wp-block-list\">\n<li><a href=\"\/Reports\/COWIIIreport.pdf\" target=\"_blank\" rel=\"noreferrer noopener\">Hoike o ke komite kaupaona: 10\/15\/07<\/a> (PDF)<\/li>\n\n\n\n<li>Olelo hooholo o ka Papa Hoonaauao, 10\/18\/07<\/li>\n<\/ul>\n<\/li>\n<\/ul>\n\n\n\n<ul class=\"wp-block-list\">\n<li>COW II: SY2007-08\n<ul class=\"wp-block-list\">\n<li><a href=\"\/Reports\/COWIIreport.pdf\" target=\"_blank\" rel=\"noreferrer noopener\">Hoike komite kaupaona: 8\/30\/06<\/a> (PDF)<\/li>\n<\/ul>\n<\/li>\n<\/ul>\n\n\n\n<ul class=\"wp-block-list\">\n<li>BIPI I\n<ul class=\"wp-block-list\">\n<li><a href=\"\/Reports\/COWIreport.pdf\" target=\"_blank\" rel=\"noreferrer noopener\">H\u014d\u02bbike komite o ke kaupaona: Jan. 2005<\/a> (PDF)<\/li>\n<\/ul>\n<\/li>\n<\/ul>\n<\/div>\n<\/div>\n<\/div>\n\n\n\n<div class=\"wp-block-column right_col is-layout-flow wp-block-column-is-layout-flow\">\n<h3 class=\"wp-block-heading\">E pili ana<\/h3>\n\n\n<ul class=\"wp-block-page-list\"><li class=\"wp-block-pages-list__item has-child\"><a class=\"wp-block-pages-list__item__link\" href=\"https:\/\/hawaiipublicschools.org\/haw\/about\/organization\/\">Huihui<\/a><ul class=\"wp-block-navigation__submenu-container\"><li class=\"wp-block-pages-list__item\"><a class=\"wp-block-pages-list__item__link\" href=\"https:\/\/hawaiipublicschools.org\/haw\/about\/organization\/strive-hi-dashboard\/\">E hooikaika HI Dashboard<\/a><\/li><\/ul><\/li><li class=\"wp-block-pages-list__item\"><a class=\"wp-block-pages-list__item__link\" href=\"https:\/\/hawaiipublicschools.org\/haw\/about\/offices\/\">N\u0101 Ke\u02bbena<\/a><\/li><li class=\"wp-block-pages-list__item\"><a class=\"wp-block-pages-list__item__link\" href=\"https:\/\/hawaiipublicschools.org\/haw\/about\/na-hopena-a%ca%bbo-ha\/\">N\u0101 Hopena A\u02bbo (H\u0100)<\/a><\/li><li class=\"wp-block-pages-list__item\"><a class=\"wp-block-pages-list__item__link\" href=\"https:\/\/hawaiipublicschools.org\/haw\/about\/strategic-plan\/\">Ho\u02bbol\u0101l\u0101 ho\u02bbol\u0101l\u0101<\/a><\/li><li class=\"wp-block-pages-list__item\"><a class=\"wp-block-pages-list__item__link\" href=\"https:\/\/hawaiipublicschools.org\/haw\/about\/partnerships\/\">Huihui<\/a><\/li><li class=\"wp-block-pages-list__item has-child\"><a class=\"wp-block-pages-list__item__link\" href=\"https:\/\/hawaiipublicschools.org\/haw\/about\/budget\/\">Puke k\u0101l\u0101<\/a><ul class=\"wp-block-navigation__submenu-container\"><li class=\"wp-block-pages-list__item\"><a class=\"wp-block-pages-list__item__link\" href=\"https:\/\/hawaiipublicschools.org\/haw\/about\/budget\/appropriation-summary-reports\/\">Appropriation Summary Reports<\/a><\/li><li class=\"wp-block-pages-list__item\"><a class=\"wp-block-pages-list__item__link\" href=\"https:\/\/hawaiipublicschools.org\/haw\/about\/budget\/budget-cycle-and-process\/\">Budget Cycle and Process<\/a><\/li><li class=\"wp-block-pages-list__item\"><a class=\"wp-block-pages-list__item__link\" href=\"https:\/\/hawaiipublicschools.org\/haw\/about\/budget\/capital-improvements-program\/\">Capital Improvements Program<\/a><\/li><li class=\"wp-block-pages-list__item\"><a class=\"wp-block-pages-list__item__link\" href=\"https:\/\/hawaiipublicschools.org\/haw\/about\/budget\/federal-covid-relief-funding-for-education\/\">\u02bbO ke k\u0101l\u0101 k\u014dkua federal COVID no ka ho\u02bbona\u02bbauao<\/a><\/li><li class=\"wp-block-pages-list__item has-child\"><a class=\"wp-block-pages-list__item__link\" href=\"https:\/\/hawaiipublicschools.org\/haw\/about\/budget\/weighted-student-formula\/\">Kumu Kaumaha Haumana<\/a><ul class=\"wp-block-navigation__submenu-container\"><li class=\"wp-block-pages-list__item\"><a class=\"wp-block-pages-list__item__link\" href=\"https:\/\/hawaiipublicschools.org\/haw\/about\/budget\/weighted-student-formula\/weighted-student-formula-archived-reports\/\">Weighted Student Formula archived reports<\/a><\/li><\/ul><\/li><\/ul><\/li><li class=\"wp-block-pages-list__item has-child\"><a class=\"wp-block-pages-list__item__link\" href=\"https:\/\/hawaiipublicschools.org\/haw\/about\/federal-grants\/\">H\u0101\u02bbawi Federal<\/a><ul class=\"wp-block-navigation__submenu-container\"><li class=\"wp-block-pages-list__item\"><a class=\"wp-block-pages-list__item__link\" href=\"https:\/\/hawaiipublicschools.org\/haw\/about\/federal-grants\/comprehensive-literacy-state-development-grant-clsd\/\">H\u0101\u02bbawi K\u016b\u02bbai K\u016b\u02bbai K\u016b\u02bbai K\u016b\u02bbai K\u016b\u02bbai piha (CLSD)<\/a><\/li><li class=\"wp-block-pages-list__item\"><a class=\"wp-block-pages-list__item__link\" href=\"https:\/\/hawaiipublicschools.org\/haw\/about\/federal-grants\/adult-education-family-literacy-act-aefla\/\">\u02bbO ke k\u0101n\u0101wai no ka ho\u02bbona\u02bbauao \u02bbohana makua (AEFLA)<\/a><\/li><\/ul><\/li><\/ul>\n\n\n<p><\/p>\n<\/div>\n<\/div>\n\n\n\n<p><\/p>\n\n\n\n<p><\/p>\n\n\n\n<p><\/p>","protected":false},"excerpt":{"rendered":"<p>The Weighted Student Formula (WSF) ensures that funding for public schools in Hawai\u2018i is distributed fairly, based on the specific needs of each school\u2019s students. This formula allocates a set amount of money for every student enrolled, with additional funds provided for students who may need extra support, such as those who are gifted, from [&hellip;]<\/p>","protected":false},"author":8,"featured_media":0,"parent":112,"menu_order":13,"comment_status":"closed","ping_status":"closed","template":"wp-custom-template-page-for-custom-sidebar","meta":{"_relevanssi_hide_post":"","_relevanssi_hide_content":"","_relevanssi_pin_for_all":"","_relevanssi_pin_keywords":"","_relevanssi_unpin_keywords":"","_relevanssi_related_keywords":"","_relevanssi_related_include_ids":"","_relevanssi_related_exclude_ids":"","_relevanssi_related_no_append":"","_relevanssi_related_not_related":"","_relevanssi_related_posts":"16234,14902,10994,10149,15792,9713","_relevanssi_noindex_reason":"","_sitemap_exclude":false,"_sitemap_priority":"","_sitemap_frequency":"","_kad_blocks_custom_css":"","_kad_blocks_head_custom_js":"","_kad_blocks_body_custom_js":"","_kad_blocks_footer_custom_js":"","wp_popup_display_lightbox":0,"wp_popup_suppress":"","wp_popup_trigger":"","wp_popup_trigger_amount":0,"wp_popup_disable_on_mobile":false,"footnotes":""},"class_list":["post-118","page","type-page","status-publish","hentry"],"pp_statuses_selecting_workflow":false,"pp_workflow_action":"current","pp_status_selection":"publish","taxonomy_info":[],"featured_image_src_large":false,"author_info":{"display_name":"Ariana Enomoto","author_link":"https:\/\/hawaiipublicschools.org\/haw\/author\/arianastaceyleong-com\/"},"comment_info":0,"publishpress_future_action":{"enabled":false,"date":"2026-04-17 07:35:46","action":"change-status","newStatus":"draft","terms":[],"taxonomy":"","extraData":[]},"publishpress_future_workflow_manual_trigger":{"enabledWorkflows":[]},"_links":{"self":[{"href":"https:\/\/hawaiipublicschools.org\/haw\/wp-json\/wp\/v2\/pages\/118","targetHints":{"allow":["GET"]}}],"collection":[{"href":"https:\/\/hawaiipublicschools.org\/haw\/wp-json\/wp\/v2\/pages"}],"about":[{"href":"https:\/\/hawaiipublicschools.org\/haw\/wp-json\/wp\/v2\/types\/page"}],"author":[{"embeddable":true,"href":"https:\/\/hawaiipublicschools.org\/haw\/wp-json\/wp\/v2\/users\/8"}],"replies":[{"embeddable":true,"href":"https:\/\/hawaiipublicschools.org\/haw\/wp-json\/wp\/v2\/comments?post=118"}],"version-history":[{"count":0,"href":"https:\/\/hawaiipublicschools.org\/haw\/wp-json\/wp\/v2\/pages\/118\/revisions"}],"up":[{"embeddable":true,"href":"https:\/\/hawaiipublicschools.org\/haw\/wp-json\/wp\/v2\/pages\/112"}],"wp:attachment":[{"href":"https:\/\/hawaiipublicschools.org\/haw\/wp-json\/wp\/v2\/media?parent=118"}],"curies":[{"name":"wp","href":"https:\/\/api.w.org\/{rel}","templated":true}]}}