{"id":117,"date":"2024-09-04T23:57:26","date_gmt":"2024-09-04T23:57:26","guid":{"rendered":"https:\/\/hawaiipublicschools.org\/?page_id=117"},"modified":"2025-05-23T08:53:33","modified_gmt":"2025-05-23T18:53:33","slug":"federal-covid-relief-funding-for-education","status":"publish","type":"page","link":"https:\/\/hawaiipublicschools.org\/haw\/about\/budget\/federal-covid-relief-funding-for-education\/","title":{"rendered":"\u02bbO ke k\u0101l\u0101 k\u014dkua federal COVID no ka ho\u02bbona\u02bbauao"},"content":{"rendered":"<div class=\"wp-block-columns double_col_sidebar is-layout-flex wp-container-core-columns-is-layout-28f84493 wp-block-columns-is-layout-flex\">\n<div class=\"wp-block-column left_col is-layout-flow wp-block-column-is-layout-flow\">\n<p class=\"intro\" style=\"font-size:clamp(0.875rem, 0.875rem + ((1vw - 0.2rem) * 0.531), 1.3rem);\">I loko o ka ma\u02bbi ma\u02bbi, ua h\u0101\u02bbawi ke aupuni federal i n\u0101 makana k\u0101l\u0101 e h\u0101\u02bbawi i ke k\u0101ko\u02bbo k\u0101l\u0101 i ho\u02bbol\u0101l\u0101 \u02bbia e m\u0101lama a ho\u02bbonui i n\u0101 papahana ho\u02bbona\u02bbauao. H\u014d\u02bbike n\u0101 h\u014d\u02bbike ma lalo nei i n\u0101 kiko\u02bb\u012b e pili ana i n\u0101 makana h\u0101\u02bbawi, n\u0101 huina i \u02bbae \u02bbia e ka papahana, n\u0101 lilo a me n\u0101 koena i koe.<\/p>\n\n\n\n<p>Ho\u02bbom\u0101kaukau ka Office of Fiscal Services i n\u0101 h\u014d\u02bbike ho\u02bbolimalima mahina e n\u0101n\u0101 ana i ke k\u016blana o ka ho\u02bbolilo \u02bbana o Federal COVID Relief.<\/p>\n\n\n\n<div class=\"wp-block-columns is-layout-flex wp-container-core-columns-is-layout-28f84493 wp-block-columns-is-layout-flex\">\n<div class=\"wp-block-column is-layout-flow wp-block-column-is-layout-flow\">\n<h2 class=\"wp-block-heading\">2025<\/h2>\n\n\n\n<p><a href=\"\/wp-content\/uploads\/Federal-COVID-Relief-Funding-January-2025.pdf\" target=\"_blank\" rel=\"noreferrer noopener\">01\/2025 (PDF)<\/a> (As of Dec. 31, 2024)<\/p>\n\n\n\n<h2 class=\"wp-block-heading\">2024<\/h2>\n\n\n\n<p><a href=\"\/wp-content\/uploads\/Federal-COVID-Relief-Funding-December-2024.pdf\" target=\"_blank\" rel=\"noreferrer noopener\">12\/2024 (PDF)<\/a> (As of Nov. 30, 2024)<br><a href=\"\/wp-content\/uploads\/Federal-COVID-Relief-Funding-November-2024.pdf\" target=\"_blank\" rel=\"noreferrer noopener\">11\/2024 (PDF)<\/a> (As of Oct. 31, 2024)<br><a href=\"\/haw\/DOE%20Forms\/budget\/CARES\/Federal%20COVID%20Relief%20Funding-October%202024.pdf\/\" target=\"_blank\" rel=\"noreferrer noopener\">10\/2024 (PDF)<\/a>&nbsp;(Ma ka l\u0101 30 o Kepakemapa, 2024)<br><a href=\"\/haw\/DOE%20Forms\/budget\/CARES\/Federal%20COVID%20Relief%20Funding-September%202024.pdf\/\" target=\"_blank\" rel=\"noreferrer noopener\">09\/2024 (PDF)<\/a> (Ma \u02bbAukake 31, 2024)<br><a href=\"\/haw\/DOE%20Forms\/budget\/CARES\/Federal%20COVID%20Relief%20Funding-August%202024.pdf\/\" target=\"_blank\" rel=\"noreferrer noopener\">08\/2024 (PDF)<\/a> (Ma ka l\u0101 31 o Iulai, 2024)<br><a href=\"\/haw\/DOE%20Forms\/budget\/CARES\/Federal%20COVID%20Relief%20Funding-July%202024.pdf\/\" target=\"_blank\" rel=\"noreferrer noopener\">07\/2024 (PDF)<\/a> (Ma ka l\u0101 30 o Iune, 2024)<br><a href=\"\/haw\/DOE%20Forms\/budget\/CARES\/Federal%20COVID%20Relief%20Funding-June%202024.pdf\/\" target=\"_blank\" rel=\"noreferrer noopener\">06\/2024 (PDF)<\/a> (Ma Mei 31, 2024)<br><a href=\"\/haw\/DOE%20Forms\/budget\/CARES\/Federal%20COVID%20Relief%20Funding-May%202024.pdf\/\" target=\"_blank\" rel=\"noreferrer noopener\">05\/2024 (PDF)<\/a> (Ma ka l\u0101 30 \u02bbApelila 2024)<br><a href=\"\/haw\/DOE%20Forms\/budget\/CARES\/Federal%20COVID%20Relief%20Funding-April%202024.pdf\/\" target=\"_blank\" rel=\"noreferrer noopener\">04\/2024 (PDF)<\/a> (Ma ka l\u0101 31 o Malaki, 2024)<br><a href=\"\/haw\/DOE%20Forms\/budget\/CARES\/Federal%20COVID%20Relief%20Funding-March%202024.pdf\/\" target=\"_blank\" rel=\"noreferrer noopener\">03\/2024 (PDF)<\/a> (Ma ka l\u0101 29 o Pepeluali, 2024)<br><a href=\"\/haw\/DOE%20Forms\/budget\/CARES\/Federal%20COVID%20Relief%20Funding-February%202024.pdf\/\" target=\"_blank\" rel=\"noreferrer noopener\">02\/2024 (PDF)<\/a> (Ma Ianuali 31, 2024)<br><a href=\"\/haw\/DOE%20Forms\/budget\/CARES\/Federal%20COVID%20Relief%20Funding-January%202024.pdf\/\" target=\"_blank\" rel=\"noreferrer noopener\">01\/2024 (PDF)<\/a> (Ma ka l\u0101 31 o Kekemapa, 2023)<\/p>\n\n\n\n<h2 class=\"wp-block-heading\">2023<\/h2>\n\n\n\n<p><a href=\"\/haw\/DOE%20Forms\/budget\/CARES\/Federal%20COVID%20Relief%20Funding-December%202023.pdf\/\" target=\"_blank\" rel=\"noreferrer noopener\">12\/2023 (PDF)<\/a> (Ma ka l\u0101 30 o Nowemapa, 2023)<br><a href=\"\/haw\/DOE%20Forms\/budget\/CARES\/Federal%20COVID%20Relief%20Funding-November%202023.pdf\/\" target=\"_blank\" rel=\"noreferrer noopener\">11\/2023 (PDF)<\/a> (Ma \u02bbOkakopa 31, 2023)<br><a href=\"\/haw\/DOE%20Forms\/budget\/CARES\/Federal%20COVID%20Relief%20Funding-October%202023.pdf\/\" target=\"_blank\" rel=\"noreferrer noopener\">10\/2023 (PDF)<\/a> (Ma ka l\u0101 30 o Kepakemapa, 2023)<br><a href=\"\/haw\/DOE%20Forms\/budget\/CARES\/Federal%20COVID%20Relief%20Funding-September%202023.pdf\/\" target=\"_blank\" rel=\"noreferrer noopener\">09\/2023 (PDF)<\/a> (Ma \u02bbAukake 31, 2023)<br><a href=\"\/haw\/DOE%20Forms\/budget\/CARES\/Federal%20COVID%20Relief%20Funding-August%202023.pdf\/\" target=\"_blank\" rel=\"noreferrer noopener\">08\/2023 (PDF)<\/a> (Ma ka l\u0101 31 o Iulai, 2023)<br><a href=\"\/haw\/DOE%20Forms\/budget\/CARES\/Federal%20COVID%20Relief%20Funding-July%202023.pdf\/\" target=\"_blank\" rel=\"noreferrer noopener\">07\/2023 (PDF)<\/a> (Ma ka l\u0101 30 o Iune, 2023)<br><a href=\"\/haw\/DOE%20Forms\/budget\/CARES\/Federal%20COVID%20Relief%20Funding-June%202023.pdf\/\" target=\"_blank\" rel=\"noreferrer noopener\">06\/2023 (PDF)<\/a> (Ma ka l\u0101 31 o Mei, 2023)<br><a href=\"\/haw\/DOE%20Forms\/budget\/CARES\/Federal%20COVID%20Relief%20Funding-May%202023.pdf\/\" target=\"_blank\" rel=\"noreferrer noopener\">05\/2023 (PDF)<\/a> (Ma ka l\u0101 30 \u02bbApelila 2023)<br><a href=\"\/haw\/DOE%20Forms\/budget\/CARES\/Federal%20COVID%20Relief%20Funding-April%202023.pdf\/\" target=\"_blank\" rel=\"noreferrer noopener\">04\/2023 (PDF)<\/a> (Ma ka l\u0101 31 o Malaki, 2023)<br><a href=\"\/haw\/DOE%20Forms\/budget\/CARES\/Federal%20COVID%20Relief%20Funding-March%202023.pdf\/\" target=\"_blank\" rel=\"noreferrer noopener\">03\/2023 (PDF)<\/a> (Ma ka l\u0101 28 o Pepeluali, 2023)<br><a href=\"\/haw\/DOE%20Forms\/budget\/CARES\/Federal%20COVID%20Relief%20Funding-Feb%202023.pdf\/\" target=\"_blank\" rel=\"noreferrer noopener\">02\/2023 (PDF)<\/a> (Ma Ianuali 31, 2023)<br><a href=\"\/haw\/DOE%20Forms\/budget\/CARES\/Federal%20COVID%20Relief%20Funding-Jan%202023.pdf\/\" target=\"_blank\" rel=\"noreferrer noopener\">01\/2023 (PDF)<\/a> (Ma ka l\u0101 31 o Kekemapa, 2022)<\/p>\n\n\n\n<h2 class=\"wp-block-heading\">2022<\/h2>\n\n\n\n<p><a href=\"\/haw\/DOE%20Forms\/budget\/CARES\/Federal%20COVID%20Relief%20Funding-Dec%202022.pdf\/\" target=\"_blank\" rel=\"noreferrer noopener\">12\/2022 (PDF)<\/a> (Ma ka l\u0101 30 o Nowemapa, 2022)<br><a href=\"\/haw\/DOE%20Forms\/budget\/CARES\/Federal%20COVID%20Relief%20Funding-Nov%202022.pdf\/\" target=\"_blank\" rel=\"noreferrer noopener\">11\/2022 (PDF)<\/a> (Ma \u02bbOkakopa 31, 2022)<br><a href=\"\/haw\/DOE%20Forms\/budget\/CARES\/Federal%20COVID%20Relief%20Funding-Oct%202022.pdf\/\" target=\"_blank\" rel=\"noreferrer noopener\">10\/2022 (PDF)<\/a> (Ma ka l\u0101 30 o Kepakemapa, 2022)<br><a href=\"\/haw\/DOE%20Forms\/budget\/CARES\/Federal%20COVID%20Relief%20Funding-Sept%202022.pdf\/\" target=\"_blank\" rel=\"noreferrer noopener\">09\/2022 (PDF)<\/a> (Ma \u02bbAukake 31, 2022)\u200b<br><a href=\"\/haw\/DOE%20Forms\/budget\/CARES\/Federal%20COVID%20Relief%20Funding-Aug%202022.pdf\/\" target=\"_blank\" rel=\"noreferrer noopener\">08\/2022 (PDF)<\/a> (Ma ka l\u0101 31 o Iulai, 2022)<br><a href=\"\/haw\/DOE%20Forms\/budget\/CARES\/Federal%20COVID%20Relief%20Funding-July%202022.pdf\/\" target=\"_blank\" rel=\"noreferrer noopener\">07\/2022 (PDF)<\/a> (Ma ka l\u0101 30 o Iune, 2022)<br><a href=\"\/haw\/DOE%20Forms\/budget\/CARES\/CARES-budget-summary-june-2022.pdf\/\" target=\"_blank\" rel=\"noreferrer noopener\">06\/2022 (PDF)<\/a> (Ma Mei 31, 2022)<br><a href=\"\/haw\/DOE%20Forms\/budget\/CARES\/CARES-budget-summary-may-2022.pdf\/\" target=\"_blank\" rel=\"noreferrer noopener\">05\/2022 (PDF)<\/a> (Ma ka l\u0101 30 \u02bbApelila 2022)<br><a href=\"\/haw\/DOE%20Forms\/budget\/CARES\/CARES-budget-summary-april-2022.pdf\/\" target=\"_blank\" rel=\"noreferrer noopener\">04\/2022 (PDF)<\/a> (Ma ka l\u0101 31 o Malaki, 2022)<br><a href=\"\/haw\/DOE%20Forms\/budget\/CARES\/CARES-budget-summary-march-2022.pdf\/\" target=\"_blank\" rel=\"noreferrer noopener\">03\/2022 (PDF)<\/a> (Ma ka l\u0101 28 o Pepeluali, 2022)<br><a href=\"\/haw\/DOE%20Forms\/budget\/CARES\/CARES-budget-summary-february-2022.pdf\/\" target=\"_blank\" rel=\"noreferrer noopener\">02\/2022 (PDF)<\/a> (Ma Ianuali 31, 2022)<br><a href=\"\/haw\/DOE%20Forms\/budget\/CARES\/CARES-budget-summary-january-2022.pdf\/\" target=\"_blank\" rel=\"noreferrer noopener\">01\/2022 (PDF)<\/a> (Ma ka l\u0101 31 o Kekemapa, 2021)<\/p>\n<\/div>\n\n\n\n<div class=\"wp-block-column is-layout-flow wp-block-column-is-layout-flow\">\n<h2 class=\"wp-block-heading\">2021<\/h2>\n\n\n\n<p><a href=\"\/haw\/DOE%20Forms\/budget\/CARES\/CARES-budget-summary-december-2021.pdf\/\" target=\"_blank\" rel=\"noreferrer noopener\">12\/2021 (PDF)<\/a> (Ma ka l\u0101 30 o Nowemapa, 2021)<br><a href=\"\/haw\/DOE%20Forms\/budget\/CARES\/CARES-budget-summary-november-2021.pdf\/\" target=\"_blank\" rel=\"noreferrer noopener\">11\/2021 (PDF)<\/a> (Ma \u02bbOkakopa 31, 2021)<br><a href=\"\/haw\/DOE%20Forms\/budget\/CARES\/CARES-budget-summary-october-2021.pdf\/\" target=\"_blank\" rel=\"noreferrer noopener\">10\/2021 (PDF)<\/a> (Ma ka l\u0101 30 o Kepakemapa, 2021)<br><a href=\"\/haw\/DOE%20Forms\/budget\/CARES\/CARES-budget-summary-september-2021.pdf\/\" target=\"_blank\" rel=\"noreferrer noopener\">09\/2021 (PDF)<\/a> (Ma \u02bbAukake 31, 2021)<br><a href=\"\/haw\/DOE%20Forms\/budget\/CARES\/CARES-budget-summary-august-2021.pdf\/\" target=\"_blank\" rel=\"noreferrer noopener\">08\/2021 (PDF)<\/a> (Ma ka l\u0101 31 o Iulai, 2021)<br><a href=\"\/haw\/DOE%20Forms\/budget\/CARES\/CARES-budget-summary-july-2021.pdf\/\" target=\"_blank\" rel=\"noreferrer noopener\">07\/2021 (PDF)<\/a> (Ma ka l\u0101 30 o Iune, 2021)<br><a href=\"\/haw\/DOE%20Forms\/budget\/CARES\/CARES-budget-summary-june-2021.pdf\/\" target=\"_blank\" rel=\"noreferrer noopener\">06\/2021 (PDF)<\/a> (Ma Mei 31, 2021)<br><a href=\"\/haw\/DOE%20Forms\/budget\/CARES\/CARES-budget-summary-may-2021.pdf\/\" target=\"_blank\" rel=\"noreferrer noopener\">05\/2021 (PDF)<\/a> (Ma ka l\u0101 30 \u02bbApelila 2021)<br><a href=\"\/haw\/DOE%20Forms\/budget\/CARES\/CARES-budget-summary-april-2021.pdf\/\" target=\"_blank\" rel=\"noreferrer noopener\">04\/2021 (PDF)<\/a> (Ma ka l\u0101 31 o Malaki, 2021)<br><a href=\"\/haw\/DOE%20Forms\/budget\/CARES\/CARES-budget-summary-march-2021.pdf\/\" target=\"_blank\" rel=\"noreferrer noopener\">03\/2021 (PDF)<\/a> (Ma ka l\u0101 28 o Pepeluali, 2021)<br><a href=\"\/haw\/DOE%20Forms\/budget\/CARES\/CARES-budget-summary-february-2021.pdf\/\" target=\"_blank\" rel=\"noreferrer noopener\">02\/2021 (PDF)<\/a> (Ma Ianuali 31, 2021)<br><a href=\"\/haw\/DOE%20Forms\/budget\/CARES\/CARES-budget-summary-january-2021.pdf\/\" target=\"_blank\" rel=\"noreferrer noopener\">01\/2021 (PDF)<\/a> (Ma ka l\u0101 31 o Kekemapa, 2020)<\/p>\n\n\n\n<h2 class=\"wp-block-heading\">2020<\/h2>\n\n\n\n<p><a href=\"\/haw\/DOE%20Forms\/budget\/CARES\/CARES-budget-summary-december-2020.pdf\/\" target=\"_blank\" rel=\"noreferrer noopener\">12\/2020 (PDF)<\/a> (Ma ka l\u0101 30 o Nov. 2020)<br><a href=\"\/haw\/DOE%20Forms\/budget\/CARES\/CARES-budget-summary-nov-2020.pdf\/\" target=\"_blank\" rel=\"noreferrer noopener\">11\/2020 (PDF)<\/a> (Ma \u02bbOkakopa 31, 2020)<br><a href=\"\/haw\/DOE%20Forms\/budget\/CARES\/CARES-budget-summary-oct-2020.pdf\/\" target=\"_blank\" rel=\"noreferrer noopener\">10\/2020 (PDF)<\/a> (Ma ka l\u0101 30 o Kepakemapa, 2020)<br><a href=\"\/haw\/DOE%20Forms\/budget\/CARES\/CARES-budget-summary-sept-2020.pdf\/\" target=\"_blank\" rel=\"noreferrer noopener\">09\/2020 (PDF)<\/a> (Ma ka l\u0101 3 o Kepakemapa 2020)<\/p>\n\n\n\n<p><a href=\"\/haw\/DOE%20Forms\/CARES%20Device_Distance%20Learning%20Purchases.pdf\/\">N\u0101 K\u016b\u02bbai K\u016b\u02bbai \u02bbo CARES Device Distance Learning no kahi ha\u02bbiha\u02bbi pa\u02bbakik\u012b a pae kula (PDF)<\/a> mai ka l\u0101 9 o Kekemapa, 2020.<\/p>\n<\/div>\n<\/div>\n<\/div>\n\n\n\n<div class=\"wp-block-column right_col is-layout-flow wp-block-column-is-layout-flow\">\n<h3 class=\"wp-block-heading\">E pili ana<\/h3>\n\n\n<ul class=\"wp-block-page-list\"><li class=\"wp-block-pages-list__item has-child\"><a class=\"wp-block-pages-list__item__link\" href=\"https:\/\/hawaiipublicschools.org\/haw\/about\/organization\/\">Huihui<\/a><ul class=\"wp-block-navigation__submenu-container\"><li class=\"wp-block-pages-list__item\"><a class=\"wp-block-pages-list__item__link\" href=\"https:\/\/hawaiipublicschools.org\/haw\/about\/organization\/strive-hi-dashboard\/\">E hooikaika HI Dashboard<\/a><\/li><\/ul><\/li><li class=\"wp-block-pages-list__item\"><a class=\"wp-block-pages-list__item__link\" href=\"https:\/\/hawaiipublicschools.org\/haw\/about\/offices\/\">N\u0101 Ke\u02bbena<\/a><\/li><li class=\"wp-block-pages-list__item\"><a class=\"wp-block-pages-list__item__link\" href=\"https:\/\/hawaiipublicschools.org\/haw\/about\/na-hopena-a%ca%bbo-ha\/\">N\u0101 Hopena A\u02bbo (H\u0100)<\/a><\/li><li class=\"wp-block-pages-list__item\"><a class=\"wp-block-pages-list__item__link\" href=\"https:\/\/hawaiipublicschools.org\/haw\/about\/strategic-plan\/\">Ho\u02bbol\u0101l\u0101 ho\u02bbol\u0101l\u0101<\/a><\/li><li class=\"wp-block-pages-list__item\"><a class=\"wp-block-pages-list__item__link\" href=\"https:\/\/hawaiipublicschools.org\/haw\/about\/partnerships\/\">Huihui<\/a><\/li><li class=\"wp-block-pages-list__item has-child\"><a class=\"wp-block-pages-list__item__link\" href=\"https:\/\/hawaiipublicschools.org\/haw\/about\/budget\/\">Puke k\u0101l\u0101<\/a><ul class=\"wp-block-navigation__submenu-container\"><li class=\"wp-block-pages-list__item\"><a class=\"wp-block-pages-list__item__link\" href=\"https:\/\/hawaiipublicschools.org\/haw\/about\/budget\/appropriation-summary-reports\/\">Appropriation Summary Reports<\/a><\/li><li class=\"wp-block-pages-list__item\"><a class=\"wp-block-pages-list__item__link\" href=\"https:\/\/hawaiipublicschools.org\/haw\/about\/budget\/budget-cycle-and-process\/\">Budget Cycle and Process<\/a><\/li><li class=\"wp-block-pages-list__item\"><a class=\"wp-block-pages-list__item__link\" href=\"https:\/\/hawaiipublicschools.org\/haw\/about\/budget\/capital-improvements-program\/\">Capital Improvements Program<\/a><\/li><li class=\"wp-block-pages-list__item\"><a class=\"wp-block-pages-list__item__link\" href=\"https:\/\/hawaiipublicschools.org\/haw\/about\/budget\/federal-covid-relief-funding-for-education\/\">\u02bbO ke k\u0101l\u0101 k\u014dkua federal COVID no ka ho\u02bbona\u02bbauao<\/a><\/li><li class=\"wp-block-pages-list__item has-child\"><a class=\"wp-block-pages-list__item__link\" href=\"https:\/\/hawaiipublicschools.org\/haw\/about\/budget\/weighted-student-formula\/\">Kumu Kaumaha Haumana<\/a><ul class=\"wp-block-navigation__submenu-container\"><li class=\"wp-block-pages-list__item\"><a class=\"wp-block-pages-list__item__link\" href=\"https:\/\/hawaiipublicschools.org\/haw\/about\/budget\/weighted-student-formula\/weighted-student-formula-archived-reports\/\">Weighted Student Formula archived reports<\/a><\/li><\/ul><\/li><\/ul><\/li><li class=\"wp-block-pages-list__item has-child\"><a class=\"wp-block-pages-list__item__link\" href=\"https:\/\/hawaiipublicschools.org\/haw\/about\/federal-grants\/\">H\u0101\u02bbawi Federal<\/a><ul class=\"wp-block-navigation__submenu-container\"><li class=\"wp-block-pages-list__item\"><a class=\"wp-block-pages-list__item__link\" href=\"https:\/\/hawaiipublicschools.org\/haw\/about\/federal-grants\/comprehensive-literacy-state-development-grant-clsd\/\">H\u0101\u02bbawi K\u016b\u02bbai K\u016b\u02bbai K\u016b\u02bbai K\u016b\u02bbai K\u016b\u02bbai piha (CLSD)<\/a><\/li><li class=\"wp-block-pages-list__item\"><a class=\"wp-block-pages-list__item__link\" href=\"https:\/\/hawaiipublicschools.org\/haw\/about\/federal-grants\/adult-education-family-literacy-act-aefla\/\">\u02bbO ke k\u0101n\u0101wai no ka ho\u02bbona\u02bbauao \u02bbohana makua (AEFLA)<\/a><\/li><\/ul><\/li><\/ul>\n\n\n<p><\/p>\n<\/div>\n<\/div>\n\n\n\n<p><\/p>\n\n\n\n<p><\/p>\n\n\n\n<p><\/p>\n\n\n\n<p><\/p>","protected":false},"excerpt":{"rendered":"<p>Throughout the pandemic, the federal government issued grant awards to provide fiscal support designed to maintain and enhance education programs. The reports below provide details on the grant awards, approved amounts by program, expenditures and remaining balances. \u200bThe Office of Fiscal Services prepares monthly spending reports tracking the status of Federal COVID Relief spending. 2025 [&hellip;]<\/p>","protected":false},"author":8,"featured_media":0,"parent":112,"menu_order":12,"comment_status":"closed","ping_status":"closed","template":"wp-custom-template-page-for-custom-sidebar","meta":{"_relevanssi_hide_post":"","_relevanssi_hide_content":"","_relevanssi_pin_for_all":"","_relevanssi_pin_keywords":"","_relevanssi_unpin_keywords":"","_relevanssi_related_keywords":"","_relevanssi_related_include_ids":"","_relevanssi_related_exclude_ids":"","_relevanssi_related_no_append":"","_relevanssi_related_not_related":"","_relevanssi_related_posts":"","_relevanssi_noindex_reason":"","_sitemap_exclude":false,"_sitemap_priority":"","_sitemap_frequency":"","_kad_blocks_custom_css":"","_kad_blocks_head_custom_js":"","_kad_blocks_body_custom_js":"","_kad_blocks_footer_custom_js":"","wp_popup_display_lightbox":0,"wp_popup_suppress":"","wp_popup_trigger":"","wp_popup_trigger_amount":0,"wp_popup_disable_on_mobile":false,"footnotes":""},"class_list":["post-117","page","type-page","status-publish","hentry"],"pp_statuses_selecting_workflow":false,"pp_workflow_action":"current","pp_status_selection":"publish","taxonomy_info":[],"featured_image_src_large":false,"author_info":{"display_name":"Ariana Enomoto","author_link":"https:\/\/hawaiipublicschools.org\/haw\/author\/arianastaceyleong-com\/"},"comment_info":0,"publishpress_future_action":{"enabled":false,"date":"2026-04-21 07:45:35","action":"change-status","newStatus":"draft","terms":[],"taxonomy":"","extraData":[]},"publishpress_future_workflow_manual_trigger":{"enabledWorkflows":[]},"_links":{"self":[{"href":"https:\/\/hawaiipublicschools.org\/haw\/wp-json\/wp\/v2\/pages\/117","targetHints":{"allow":["GET"]}}],"collection":[{"href":"https:\/\/hawaiipublicschools.org\/haw\/wp-json\/wp\/v2\/pages"}],"about":[{"href":"https:\/\/hawaiipublicschools.org\/haw\/wp-json\/wp\/v2\/types\/page"}],"author":[{"embeddable":true,"href":"https:\/\/hawaiipublicschools.org\/haw\/wp-json\/wp\/v2\/users\/8"}],"replies":[{"embeddable":true,"href":"https:\/\/hawaiipublicschools.org\/haw\/wp-json\/wp\/v2\/comments?post=117"}],"version-history":[{"count":0,"href":"https:\/\/hawaiipublicschools.org\/haw\/wp-json\/wp\/v2\/pages\/117\/revisions"}],"up":[{"embeddable":true,"href":"https:\/\/hawaiipublicschools.org\/haw\/wp-json\/wp\/v2\/pages\/112"}],"wp:attachment":[{"href":"https:\/\/hawaiipublicschools.org\/haw\/wp-json\/wp\/v2\/media?parent=117"}],"curies":[{"name":"wp","href":"https:\/\/api.w.org\/{rel}","templated":true}]}}