{"id":114,"date":"2024-09-04T23:55:51","date_gmt":"2024-09-04T23:55:51","guid":{"rendered":"https:\/\/hawaiipublicschools.org\/?page_id=114"},"modified":"2025-06-23T14:34:05","modified_gmt":"2025-06-24T00:34:05","slug":"strive-hi-dashboard","status":"publish","type":"page","link":"https:\/\/hawaiipublicschools.org\/haw\/about\/organization\/strive-hi-dashboard\/","title":{"rendered":"E hooikaika HI Dashboard"},"content":{"rendered":"<div class=\"wp-block-columns double_col_sidebar is-layout-flex wp-container-core-columns-is-layout-28f84493 wp-block-columns-is-layout-flex\">\n<div class=\"wp-block-column left_col is-layout-flow wp-block-column-is-layout-flow\">\n<h2 class=\"wp-block-heading\">Ho\u02bboikaika i ka \u02bb\u014dnaehana hana HI<\/h2>\n\n\n\n<p>\u02bbO Strive HI ka \u02bb\u014dnaehana kuleana a me ka ho\u02bbomaika\u02bbi \u02bbana o ke kula a HIDOE i ho\u02bbol\u0101l\u0101 \u02bbia e ho\u02bbok\u014d i n\u0101 pono o n\u0101 haum\u0101na, n\u0101 kumu a\u02bbo a me n\u0101 kula. Ho\u02bbopili a ho\u02bbopili ia i k\u0101 m\u0101kou mau kulekele ho\u02bbona\u02bbauao moku\u02bb\u0101ina nui a me n\u0101 ho\u02bbol\u0101l\u0101 e ho\u02bbonoho i n\u0101 haum\u0101na a me n\u0101 kumu no ka k\u016ble\u02bba a ho\u02bbohana i ka \u02bbikepili e ana i ka holomua a me n\u0101 kumu waiwai. \u02bbO ka h\u014d\u02bbike makahiki he ki\u02bbi ki\u02bbi o ka hana ma n\u0101 h\u014d\u02bbailona ko\u02bbiko\u02bbi o ka holomua o n\u0101 haum\u0101na. H\u014d\u02bbike k\u0113ia h\u014d\u02bbike i ka holomua ma n\u0101 h\u014d\u02bbailona i koi \u02bbia e ke aupuni pekelala ma lalo o ka Every Student Succeeds Act; ma waho a\u02bbe o n\u0101 hana a ka moku\u02bb\u0101ina e pili ana i ke kaulike haum\u0101na, ka holomua a me ka holomua.<\/p>\n\n\n\n<div class=\"wp-block-buttons is-content-justification-left is-layout-flex wp-container-core-buttons-is-layout-fc4fd283 wp-block-buttons-is-layout-flex\">\n<div class=\"wp-block-button\"><a class=\"wp-block-button__link has-text-align-left wp-element-button\" href=\"https:\/\/arch.k12.hi.us\/reports\/strivehi-performance\" target=\"_blank\" rel=\"noreferrer noopener\">STRIVE HI WEBSITE<\/a><\/div>\n<\/div>\n\n\n\n<h3 class=\"wp-block-heading\">N\u0101 Paena N\u0101n\u0101<\/h3>\n\n\n\n<p>N\u0101n\u0101 ikaika i ka \u02bbikepili mai ka Strive HI System:<\/p>\n\n\n\n<ul class=\"wp-block-list\">\n<li><a href=\"https:\/\/adc.hidoe.us\/#\/\" target=\"_blank\" rel=\"noreferrer noopener\">ARCH ADC<\/a>: H\u014d\u02bbike ka Accountability Data Center i n\u0101 hopena pae kula ma n\u0101 helu h\u014d\u02bbike a me ke komo \u02bbana, a me ka \u02bbikepili puka a me ka m\u0101lama \u02bbana.&nbsp;<\/li>\n<\/ul>\n\n\n\n<h3 class=\"wp-block-heading\">He aha ka \u02bboko\u02bba ma waena o Strive HI a me No Child Left Behind (NCLB)?<\/h3>\n\n\n\n<p>Ua pani ka Strive HI Performance System i ka nui o n\u0101 koi o ka NCLB kahiko a maika\u02bbi \u02bbole me kahi \u02bb\u014dnaehana i ho\u02bbol\u0101l\u0101 maika\u02bbi \u02bbia e ho\u02bbok\u014d i n\u0101 pono o n\u0101 haum\u0101na, kumu a\u02bbo a me n\u0101 kula o Hawai\u02bbi.<\/p>\n\n\n\n<h4 class=\"wp-block-heading\"><strong>Na wai i ho\u02bbol\u0101l\u0101 i ka \u02bb\u014dnaehana?<\/strong><\/h4>\n\n\n\n<div class=\"wp-block-columns is-layout-flex wp-container-core-columns-is-layout-28f84493 wp-block-columns-is-layout-flex\">\n<div class=\"wp-block-column is-layout-flow wp-block-column-is-layout-flow\">\n<p>\u02bbA\u02bbohe keiki i waiho \u02bbia (2002-2012)<br>Ua ho\u02bbol\u0101l\u0101 ke aupuni pekelala i ka \u02bb\u014dnaehana ma muli o kahi ala kahiko i ka ho\u02bboponopono kula.<\/p>\n\n\n\n<p>STRIVE HI PERFORMANCE SYSTEM (2013\u2013PRESENT)<br>Ua ho\u02bbol\u0101l\u0101 ka po\u02bbe kuleana o Hawai\u02bbi i ka \u02bb\u014dnaehana e ho\u02bboh\u0101likelike i ka Plan Strategic.<\/p>\n<\/div>\n<\/div>\n\n\n\n<h4 class=\"wp-block-heading\"><strong>He aha ka mana\u02bbo o ka \u02bb\u014dnaehana?<\/strong><\/h4>\n\n\n\n<div class=\"wp-block-columns is-layout-flex wp-container-core-columns-is-layout-28f84493 wp-block-columns-is-layout-flex\">\n<div class=\"wp-block-column is-layout-flow wp-block-column-is-layout-flow\">\n<p>\u02bbA\u02bbohe keiki i waiho \u02bbia (2002-2012)<br>Ka m\u0101kaukau ma ka heluhelu a me ka makemakika.<\/p>\n\n\n\n<p>STRIVE HI PERFORMANCE SYSTEM (2013\u2013PRESENT)<br>M\u0101kaukau no ke kai\u0101ulu, ke kulanui a me n\u0101 \u02bboihana.<\/p>\n<\/div>\n<\/div>\n\n\n\n<h4 class=\"wp-block-heading\"><strong>Pehea e ana \u02bbia ai ka hana kula?<\/strong><\/h4>\n\n\n\n<div class=\"wp-block-columns is-layout-flex wp-container-core-columns-is-layout-28f84493 wp-block-columns-is-layout-flex\">\n<div class=\"wp-block-column is-layout-flow wp-block-column-is-layout-flow\">\n<p>\u02bbA\u02bbohe keiki i waiho \u02bbia (2002-2012)<br>Ana &#039;o Adequate Yearly Progress (AYP) i ka hana kula ma muli o ka ho&#039;\u0101&#039;o ho&#039;okahi, ka Heluhelu Moku&#039;\u0101ina o Hawai&#039;i (HSA) heluhelu a me n\u0101 helu makemakika ma n\u0101 papa 3-10.<\/p>\n\n\n\n<p>STRIVE HI PERFORMANCE SYSTEM (2013\u2013PRESENT)<br>K\u0101ko\u02bbo i ka hana a me ka holomua o ke kula, me ka ho\u02bbohana \u02bbana i n\u0101 ana he nui e like me: Ka holomua haum\u0101na; M\u0101kaukau: Ka hele \u02bbole \u02bbana, n\u0101 helu puka kula ki\u02bbeki\u02bbe, ke k\u0101kau inoa \u02bbana i ke kulanui; \u02bbAha ho\u02bbok\u014d: E h\u014d\u02bbemi ana i ka \u02bboko\u02bba ma waena o &quot;n\u0101 haum\u0101na makemake nui&quot; a me &quot;n\u0101 haum\u0101na pono \u02bbole.&quot;&nbsp;<\/p>\n<\/div>\n<\/div>\n\n\n\n<h4 class=\"wp-block-heading\"><strong>\u02bbO wai n\u0101 haum\u0101na i kuleana no n\u0101 kula?<\/strong><\/h4>\n\n\n\n<div class=\"wp-block-columns is-layout-flex wp-container-core-columns-is-layout-28f84493 wp-block-columns-is-layout-flex\">\n<div class=\"wp-block-column is-layout-flow wp-block-column-is-layout-flow\">\n<p>\u02bbA\u02bbohe keiki i waiho \u02bbia (2002-2012)<br>Ho\u02bbopa\u02bba \u02bbia n\u0101 kula \u0101pau no ka hana \u02bbana o n\u0101 p\u016b\u02bbulu li\u02bbili\u02bbi haum\u0101na i h\u014d\u02bbike \u02bbole \u02bbia i ka heluna haum\u0101na o Hawai\u02bbi.<\/p>\n\n\n\n<p>STRIVE HI PERFORMANCE SYSTEM (2013\u2013PRESENT)<br>Loa\u02bba i n\u0101 kula a pau ke kuleana no ka hana \u02bbana o n\u0101 haum\u0101na a me n\u0101 p\u016b\u02bbulu ha\u02bbawina a pau o Hawai\u02bbi e h\u014d\u02bbike ana i ka heluna haum\u0101na o ka moku\u02bb\u0101ina.<\/p>\n<\/div>\n<\/div>\n\n\n\n<h4 class=\"wp-block-heading\"><strong>Pehea e k\u0101ko\u02bbo \u02bbia ai n\u0101 kula no ka ho\u02bbomaika\u02bbi \u02bbana?<\/strong><\/h4>\n\n\n\n<div class=\"wp-block-columns is-layout-flex wp-container-core-columns-is-layout-28f84493 wp-block-columns-is-layout-flex\">\n<div class=\"wp-block-column is-layout-flow wp-block-column-is-layout-flow\">\n<p>\u02bbA\u02bbohe keiki i waiho \u02bbia (2002-2012)<br>Pono n\u0101 kula e ho\u02bbohana i n\u0101 hana federally i ho\u02bbol\u0101l\u0101 \u02bbia, ho\u02bbokahi-nui-k\u016bpono i n\u0101 hana \u0101pau.<\/p>\n\n\n\n<p>STRIVE HI PERFORMANCE SYSTEM (2013\u2013PRESENT)<br>Pono \u02bbo ESSA e \u02bbike \u02bbia n\u0101 kula no Comprehensive Support &amp; Improvement (CSI) a me Targeted Support and Improvement (TSI).&nbsp;<\/p>\n<\/div>\n<\/div>\n\n\n\n<h2 class=\"wp-block-heading\">He aha ka Every Student Succeeds Act (ESSA)?<\/h2>\n\n\n\n<p>\u02bbO ka Every Student Succeeds Act (ESSA) kahi mana hou o ke k\u0101n\u0101wai ho\u02bbona\u02bbauao federal i kapa \u02bbia \u02bbo ka Elementary and Secondary Education Act (ESEA). Ho\u02bbololi ia i ka mana hou i kapa \u02bbia \u02bbo No Child Left Behind (NCLB).<\/p>\n\n\n\n<p>Ua kau inoa \u02bbia \u02bbo ESSA i k\u0101n\u0101wai ma ka l\u0101 10 o Kekemapa, 2015, a ua ho\u02bbok\u014d \u02bbia i ka makahiki kula 2017-18, e h\u0101\u02bbawi ana i ka ma\u02bbalahi o n\u0101 moku\u02bb\u0101ina ma mua o NCLB e ho\u02bbonohonoho i n\u0101 mea nui o ka ho\u02bbona\u02bbauao. Ma lalo o ESSA, pono n\u0101 moku\u02bb\u0101ina e ho\u02bbonohonoho i n\u0101 k\u016blana ho\u02bbona\u02bbauao ko\u02bbiko\u02bbi, e loiloi i n\u0101 haum\u0101na ma n\u0101 kumuhana kumu, e h\u014d\u02bbike i ka \u02bbikepili holomua, e ho\u02bbonohonoho i n\u0101 kumu kumu, a e h\u014d\u02bbike i n\u0101 lilo no k\u0113l\u0101 me k\u0113ia haum\u0101na.<\/p>\n\n\n\n<p class=\"kt-adv-heading114_ff31fc-24 wp-block-kadence-advancedheading\" data-kb-block=\"kb-adv-heading114_ff31fc-24\">No ka \u02bbike e pili ana i ka ho\u02bbokele \u02bbana i ka dashboard LEI Public ESSA, e \u02bbolu\u02bbolu e n\u0101n\u0101 i k\u0113ia wiki\u014d:<\/p>\n\n\n\n<figure class=\"wp-block-embed is-type-video is-provider-vimeo wp-block-embed-vimeo wp-embed-aspect-16-9 wp-has-aspect-ratio\"><div class=\"wp-block-embed__wrapper\">\n <iframe loading=\"lazy\" title=\"Ke ho\u02bbokele nei i ka LEI Public ESSA Dashboard\" src=\"https:\/\/player.vimeo.com\/video\/561514471?dnt=1&amp;app_id=122963\" width=\"500\" height=\"281\" frameborder=\"0\" allow=\"autoplay; fullscreen; picture-in-picture; clipboard-write\"><\/iframe>\n<\/div><\/figure>\n\n\n\n<h2 class=\"wp-block-heading\">Pehea e ana \u02bbia ai ka ulu \u02bbana?<\/h2>\n\n\n\n<p>Ho\u02bbohana \u02bbia ka ho\u02bboh\u0101like ulu \u02bbana ma ka \u02bb\u014dnaehana kuleana o ke kula i \u02bbae \u02bbia e ke aupuni pekelala. No laila, no ka haum\u0101na i loa&#039;a n\u0101 helu ha&#039;aha&#039;a o ka Moku&#039;\u0101ina &#039;o Hawai&#039;i no n\u0101 makahiki i hala iho nei, ua ho&#039;oh\u0101likelike &#039;ia kona ulu &#039;ana me n\u0101 haum\u0101na i loa&#039;a like &#039;ia, e like me ke ana &#039;ana i n\u0101 helu p\u0101k\u0113neka o n\u0101 haum\u0101na.<\/p>\n\n\n\n<p>No ka ho\u02bbohana \u02bbana i kahi ho\u02bboh\u0101like ma\u02bbamau e wehewehe i ke \u02bbano ho\u02bboh\u0101like, in\u0101 i ulu k\u0101u k\u014dpili ho\u02bbomaha ma 10 mau helu ma mua o ho\u02bbokahi makahiki:<\/p>\n\n\n\n<ul class=\"wp-block-list\">\n<li>He mea ia e hau\u02bboli ai in\u0101 pi\u02bbi wale ka m\u0101keke i n\u0101 helu 5 i k\u0113l\u0101 manawa, a i \u02bbole<\/li>\n\n\n\n<li>\u02bbO kahi mea e hoka in\u0101 pi\u02bbi ke koena o ka m\u0101keke i n\u0101 helu 20 i k\u0113l\u0101 manawa.<\/li>\n<\/ul>\n\n\n\n<p class=\"kt-adv-heading114_f80582-20 wp-block-kadence-advancedheading\" data-kb-block=\"kb-adv-heading114_f80582-20\">I k\u0113l\u0101 me k\u0113ia makahiki, k\u0101 m\u0101kou kumu ho\u02bboh\u0101like ulu e k\u0101lailai i n\u0101 \u02bbikepili loiloi i loa\u02bba e ho\u02bboholo ai i ka ho\u02bboh\u0101likelike \u02bbana o n\u0101 hopena ho\u02bbokolohua hou o k\u0113l\u0101 me k\u0113ia haum\u0101na me k\u0101na mau hoa kula. \u02bbA\u02bbohe o ke kula a i \u02bbole ka nui o ka papa, hiki ke helu \u02bbia ka ulu \u02bbana o k\u0113l\u0101 me k\u0113ia haum\u0101na no n\u0101 haum\u0101na \u0101pau i loa\u02bba n\u0101 helu loiloi \u02bbelua.<strong>&nbsp;<\/strong><\/p>\n\n\n\n<figure class=\"wp-block-embed is-type-video is-provider-vimeo wp-block-embed-vimeo\"><div class=\"wp-block-embed__wrapper\">\n <iframe loading=\"lazy\" title=\"Kumu Ho\u02bboh\u0101like Haum\u0101na - Ho\u02bboh\u0101likelike Bus\" src=\"https:\/\/player.vimeo.com\/video\/47277587?dnt=1&amp;app_id=122963\" width=\"500\" height=\"333\" frameborder=\"0\" allow=\"autoplay; fullscreen; picture-in-picture; clipboard-write\"><\/iframe>\n<\/div><\/figure>\n\n\n\n<h3 class=\"wp-block-heading\">He aha ka Median Student Growth Percentile?<\/h3>\n\n\n\n<p>\u02bbO k\u0113ia mau p\u0101k\u0113neka he mau ana h\u014d\u02bbulu\u02bbulu e h\u014d\u02bbulu\u02bbulu i n\u0101 p\u0101k\u0113neka ulu o k\u0113l\u0101 me k\u0113ia haum\u0101na. \u02bbO Medians wale n\u014d ka helu waena o n\u0101 haum\u0101na a i \u02bbole ka awelika o n\u0101 helu waena o n\u0101 haum\u0101na \u02bbelua ke ho\u02bboka\u02bbawale \u02bbia n\u0101 helu a pau o ka hui mai ka li\u02bbili\u02bbi a i ka nui.<\/p>\n\n\n\n<p>No ka la\u02bbana, i loko o kahi kula me ka p\u0101k\u0113neka o ka ulu \u02bbana o n\u0101 haum\u0101na he 60, \u02bbo ka hapalua o n\u0101 haum\u0101na i loa\u02bba i k\u0113l\u0101 me k\u0113ia p\u0101k\u0113neka ulu haum\u0101na ma mua o 60 a \u02bbo ka hapalua o n\u0101 haum\u0101na i loa\u02bba n\u0101 p\u0101k\u0113neka ulu haum\u0101na p\u0101kahi ma lalo o 60.<\/p>\n\n\n\n<p>No ka haum\u0101na ho\u02bbokahi, \u02bbo ka p\u0101k\u0113neka o ka ulu \u02bbana o n\u0101 haum\u0101na he 60 e h\u014d\u02bbike ana ua ki\u02bbeki\u02bbe ka helu o ka haum\u0101na ma mua o 60 pakeneka o n\u0101 haum\u0101na \u02bb\u0113 a\u02bbe a puni ka moku\u02bb\u0101ina me ka hana loiloi moku\u02bb\u0101ina ma mua.<\/p>\n\n\n\n<p>Ho\u02bbohana \u02bbia n\u0101 p\u0101k\u0113neka ulu e n\u0101n\u0101 i ka hana o ke kula e pili ana i n\u0101 hoa.&nbsp;<\/p>\n<\/div>\n\n\n\n<div class=\"wp-block-column right_col is-layout-flow wp-block-column-is-layout-flow\">\n<h3 class=\"wp-block-heading\">E pili ana<\/h3>\n\n\n<ul class=\"wp-block-page-list\"><li class=\"wp-block-pages-list__item has-child\"><a class=\"wp-block-pages-list__item__link\" href=\"https:\/\/hawaiipublicschools.org\/haw\/about\/organization\/\">Huihui<\/a><ul class=\"wp-block-navigation__submenu-container\"><li class=\"wp-block-pages-list__item\"><a class=\"wp-block-pages-list__item__link\" href=\"https:\/\/hawaiipublicschools.org\/haw\/about\/organization\/strive-hi-dashboard\/\">E hooikaika HI Dashboard<\/a><\/li><\/ul><\/li><li class=\"wp-block-pages-list__item\"><a class=\"wp-block-pages-list__item__link\" href=\"https:\/\/hawaiipublicschools.org\/haw\/about\/offices\/\">N\u0101 Ke\u02bbena<\/a><\/li><li class=\"wp-block-pages-list__item\"><a class=\"wp-block-pages-list__item__link\" href=\"https:\/\/hawaiipublicschools.org\/haw\/about\/na-hopena-a%ca%bbo-ha\/\">N\u0101 Hopena A\u02bbo (H\u0100)<\/a><\/li><li class=\"wp-block-pages-list__item\"><a class=\"wp-block-pages-list__item__link\" href=\"https:\/\/hawaiipublicschools.org\/haw\/about\/strategic-plan\/\">Ho\u02bbol\u0101l\u0101 ho\u02bbol\u0101l\u0101<\/a><\/li><li class=\"wp-block-pages-list__item\"><a class=\"wp-block-pages-list__item__link\" href=\"https:\/\/hawaiipublicschools.org\/haw\/about\/partnerships\/\">Huihui<\/a><\/li><li class=\"wp-block-pages-list__item has-child\"><a class=\"wp-block-pages-list__item__link\" href=\"https:\/\/hawaiipublicschools.org\/haw\/about\/budget\/\">Puke k\u0101l\u0101<\/a><ul class=\"wp-block-navigation__submenu-container\"><li class=\"wp-block-pages-list__item\"><a class=\"wp-block-pages-list__item__link\" href=\"https:\/\/hawaiipublicschools.org\/haw\/about\/budget\/appropriation-summary-reports\/\">Appropriation Summary Reports<\/a><\/li><li class=\"wp-block-pages-list__item\"><a class=\"wp-block-pages-list__item__link\" href=\"https:\/\/hawaiipublicschools.org\/haw\/about\/budget\/budget-cycle-and-process\/\">Budget Cycle and Process<\/a><\/li><li class=\"wp-block-pages-list__item\"><a class=\"wp-block-pages-list__item__link\" href=\"https:\/\/hawaiipublicschools.org\/haw\/about\/budget\/capital-improvements-program\/\">Capital Improvements Program<\/a><\/li><li class=\"wp-block-pages-list__item\"><a class=\"wp-block-pages-list__item__link\" href=\"https:\/\/hawaiipublicschools.org\/haw\/about\/budget\/federal-covid-relief-funding-for-education\/\">\u02bbO ke k\u0101l\u0101 k\u014dkua federal COVID no ka ho\u02bbona\u02bbauao<\/a><\/li><li class=\"wp-block-pages-list__item has-child\"><a class=\"wp-block-pages-list__item__link\" href=\"https:\/\/hawaiipublicschools.org\/haw\/about\/budget\/weighted-student-formula\/\">Kumu Kaumaha Haumana<\/a><ul class=\"wp-block-navigation__submenu-container\"><li class=\"wp-block-pages-list__item\"><a class=\"wp-block-pages-list__item__link\" href=\"https:\/\/hawaiipublicschools.org\/haw\/about\/budget\/weighted-student-formula\/weighted-student-formula-archived-reports\/\">Weighted Student Formula archived reports<\/a><\/li><\/ul><\/li><\/ul><\/li><li class=\"wp-block-pages-list__item has-child\"><a class=\"wp-block-pages-list__item__link\" href=\"https:\/\/hawaiipublicschools.org\/haw\/about\/federal-grants\/\">H\u0101\u02bbawi Federal<\/a><ul class=\"wp-block-navigation__submenu-container\"><li class=\"wp-block-pages-list__item\"><a class=\"wp-block-pages-list__item__link\" href=\"https:\/\/hawaiipublicschools.org\/haw\/about\/federal-grants\/comprehensive-literacy-state-development-grant-clsd\/\">H\u0101\u02bbawi K\u016b\u02bbai K\u016b\u02bbai K\u016b\u02bbai K\u016b\u02bbai K\u016b\u02bbai piha (CLSD)<\/a><\/li><li class=\"wp-block-pages-list__item\"><a class=\"wp-block-pages-list__item__link\" href=\"https:\/\/hawaiipublicschools.org\/haw\/about\/federal-grants\/adult-education-family-literacy-act-aefla\/\">\u02bbO ke k\u0101n\u0101wai no ka ho\u02bbona\u02bbauao \u02bbohana makua (AEFLA)<\/a><\/li><\/ul><\/li><\/ul>\n\n\n<p><\/p>\n<\/div>\n<\/div>","protected":false},"excerpt":{"rendered":"<p>Strive HI Performance System Strive HI is HIDOE\u2019s school accountability and improvement system designed to meet the needs of students, educators and schools. It aligns and connects our key state education policies and initiatives to position students and educators for success and uses data to measure progress and target resources. The annual report is a [&hellip;]<\/p>","protected":false},"author":8,"featured_media":0,"parent":106,"menu_order":12,"comment_status":"closed","ping_status":"closed","template":"wp-custom-template-page-for-custom-sidebar","meta":{"_relevanssi_hide_post":"","_relevanssi_hide_content":"","_relevanssi_pin_for_all":"","_relevanssi_pin_keywords":"","_relevanssi_unpin_keywords":"","_relevanssi_related_keywords":"","_relevanssi_related_include_ids":"","_relevanssi_related_exclude_ids":"","_relevanssi_related_no_append":"","_relevanssi_related_not_related":"","_relevanssi_related_posts":"","_relevanssi_noindex_reason":"","_sitemap_exclude":false,"_sitemap_priority":"","_sitemap_frequency":"","_kad_blocks_custom_css":"","_kad_blocks_head_custom_js":"","_kad_blocks_body_custom_js":"","_kad_blocks_footer_custom_js":"","wp_popup_display_lightbox":0,"wp_popup_suppress":"","wp_popup_trigger":"","wp_popup_trigger_amount":0,"wp_popup_disable_on_mobile":false,"footnotes":""},"class_list":["post-114","page","type-page","status-publish","hentry"],"pp_statuses_selecting_workflow":false,"pp_workflow_action":"current","pp_status_selection":"publish","taxonomy_info":[],"featured_image_src_large":false,"author_info":{"display_name":"Ariana Enomoto","author_link":"https:\/\/hawaiipublicschools.org\/haw\/author\/arianastaceyleong-com\/"},"comment_info":0,"publishpress_future_action":{"enabled":false,"date":"2026-05-10 03:26:54","action":"change-status","newStatus":"draft","terms":[],"taxonomy":"","extraData":[]},"publishpress_future_workflow_manual_trigger":{"enabledWorkflows":[]},"_links":{"self":[{"href":"https:\/\/hawaiipublicschools.org\/haw\/wp-json\/wp\/v2\/pages\/114","targetHints":{"allow":["GET"]}}],"collection":[{"href":"https:\/\/hawaiipublicschools.org\/haw\/wp-json\/wp\/v2\/pages"}],"about":[{"href":"https:\/\/hawaiipublicschools.org\/haw\/wp-json\/wp\/v2\/types\/page"}],"author":[{"embeddable":true,"href":"https:\/\/hawaiipublicschools.org\/haw\/wp-json\/wp\/v2\/users\/8"}],"replies":[{"embeddable":true,"href":"https:\/\/hawaiipublicschools.org\/haw\/wp-json\/wp\/v2\/comments?post=114"}],"version-history":[{"count":0,"href":"https:\/\/hawaiipublicschools.org\/haw\/wp-json\/wp\/v2\/pages\/114\/revisions"}],"up":[{"embeddable":true,"href":"https:\/\/hawaiipublicschools.org\/haw\/wp-json\/wp\/v2\/pages\/106"}],"wp:attachment":[{"href":"https:\/\/hawaiipublicschools.org\/haw\/wp-json\/wp\/v2\/media?parent=114"}],"curies":[{"name":"wp","href":"https:\/\/api.w.org\/{rel}","templated":true}]}}