{"id":11332,"date":"2025-06-02T12:41:17","date_gmt":"2025-06-02T22:41:17","guid":{"rendered":"https:\/\/hawaiipublicschools.org\/?page_id=11332"},"modified":"2025-06-02T12:41:18","modified_gmt":"2025-06-02T22:41:18","slug":"capital-improvements-program","status":"publish","type":"page","link":"https:\/\/hawaiipublicschools.org\/haw\/about\/budget\/capital-improvements-program\/","title":{"rendered":"Capital Improvements Program"},"content":{"rendered":"<p>Ho\u02bbonohonoho \u02bbia ka waihona k\u0101l\u0101 \u02bbo Capital improvement Budget (CIP) e ka moku\u02bb\u0101ina ma ke \u02bbano he papahana holo\u02bboko\u02bba no ka m\u0101lama \u02bbana i n\u0101 \u02bboihana moku\u02bb\u0101ina, a m\u0101lama \u02bbia \u02bbo ia mai ka waihona k\u0101l\u0101 hana. Hana p\u016b n\u0101 limahana o n\u0101 hale hana me n\u0101 luna nui a me n\u0101 po\u02bbo kumu no ka ho\u02bbokumu \u02bbana i n\u0101 pono pae kula.<\/p>\n\n\n\n<p>E like me n\u0101 EDN no ka waihona k\u0101l\u0101 hana, ho\u02bbohui \u02bbia n\u0101 ha\u02bbawina CIP i loko o n\u0101 \u02bb\u0101pana ho\u02bbol\u0101l\u0101 e kuhikuhi i ke \u02bbano o ke k\u0101l\u0101. Ho\u02bbolilo \u02bbia n\u0101 k\u0101l\u0101 i ho\u02bboka\u02bbawale \u02bbia ma n\u0101 \u02bb\u0101pana e like me:<\/p>\n\n\n\n<ul class=\"wp-block-list\">\n<li><strong>Kaha:<\/strong>\u00a0N\u0101 Kula Hou, n\u0101 hale papa hou, ka loa\u02bba \u02bbana o ka \u02bb\u0101ina.<\/li>\n\n\n\n<li><strong>Ho\u02bboponopono a m\u0101lama (R&amp;M):<\/strong>\u00a0\u02bbO n\u0101 papahana R&amp;M nui e ho\u02bbol\u014d\u02bbihi i ke ola pono o kahi ke\u02bbena a i \u02bbole e h\u0101\u02bbawi i ka hana \u02bboi aku ka maika\u02bbi o ka hana ma o ka ho\u02bbomaika\u02bbi nui \u02bbana a i \u02bbole ka ho\u02bbomaika\u02bbi \u02bbana. Hiki i k\u0113ia mau mea ke komo, ak\u0101 \u02bba\u02bbole i kaupalena \u02bbia i: ka envelop hale a me ka m\u0101lama \u02bbana i n\u0101 \u02bb\u014dnaehana, ho\u02bboponopono hale, ho\u02bboponopono hou i loko, ho\u02bbomaika\u02bbi p\u016bnaewele.<\/li>\n\n\n\n<li><strong>Ola a palekana:\u00a0<\/strong>Ka palekana a me ke ka\u02bba ka\u02bba, ka ho\u02bboha\u02bbaha\u02bba \u02bbana i ka wai, ka palekana\/pilikia, n\u0101 mea p\u014d\u02bbino, ka ho\u02bboha\u02bbaha\u02bba wela, n\u0101 \u02bbala ahi, etc.<\/li>\n\n\n\n<li><strong>Ho\u02bbok\u014d:<\/strong>\u00a0N\u0101 papahana e ho\u02bboponopono i ke olakino a me ka palekana o ka lehulehu, n\u0101 kauoha a ka \u02bbaha a me n\u0101 \u02bbae \u02bbae, a me n\u0101 kauoha federal e like me Americans with Disabilities Act a me Title IX Gender Equity.<\/li>\n\n\n\n<li><strong>A\u02bbo:<\/strong>\u00a0N\u0101 hale hana hou a i \u02bbole n\u0101 hana hou nui e ho\u02bbok\u014d i n\u0101 koi o ka papahana no ka Career and Technical Education, STEM, Arts, Special Education, a me n\u0101 wahi a\u02bbo EDSPEC.<\/li>\n\n\n\n<li><strong>Pa\u02bba Pahana:<\/strong>\u00a0Pono ke k\u0101l\u0101 no ka ho\u02bbopau \u02bbana i n\u0101 papahana CIP.<\/li>\n\n\n\n<li><strong>N\u0101 mea k\u014dkua:<\/strong>\u00a0Ho\u02bboponopono, hale waihona puke, lawelawe mea\u02bbai, PE\/Athletics, ho\u02bbomaika\u02bbi uila, moku\u02bb\u0101ina \/ moku \/ ke\u02bbena pa\u02bbakik\u012b.<\/li>\n\n\n\n<li><strong>Mea Hana \u02bbenehana:<\/strong>\u00a0\u02bbO n\u0101 \u02bb\u014dnaehana p\u016bnaewele a me n\u0101 lako, n\u0101 bele papahana a me n\u0101 \u02bb\u014dnaehana paging.<\/li>\n<\/ul>\n\n\n\n<p><\/p>","protected":false},"excerpt":{"rendered":"<p>The Capital improvement Budget (CIP) budget is set by the state as part of a comprehensive program to manage state facilities, and is handled separately from the operating budget. \u200bFacilities staff work with complex area superintendents and principals to prioritize school-level needs. Like the EDNs for the operating budget, CIP appropriations are added into planning [&hellip;]<\/p>","protected":false},"author":13,"featured_media":0,"parent":112,"menu_order":0,"comment_status":"closed","ping_status":"closed","template":"","meta":{"_relevanssi_hide_post":"","_relevanssi_hide_content":"","_relevanssi_pin_for_all":"","_relevanssi_pin_keywords":"","_relevanssi_unpin_keywords":"","_relevanssi_related_keywords":"","_relevanssi_related_include_ids":"","_relevanssi_related_exclude_ids":"","_relevanssi_related_no_append":"","_relevanssi_related_not_related":"","_relevanssi_related_posts":"","_relevanssi_noindex_reason":"","_sitemap_exclude":false,"_sitemap_priority":"","_sitemap_frequency":"","_kad_blocks_custom_css":"","_kad_blocks_head_custom_js":"","_kad_blocks_body_custom_js":"","_kad_blocks_footer_custom_js":"","wp_popup_display_lightbox":0,"wp_popup_suppress":"","wp_popup_trigger":"","wp_popup_trigger_amount":0,"wp_popup_disable_on_mobile":false,"footnotes":""},"class_list":["post-11332","page","type-page","status-publish","hentry"],"pp_statuses_selecting_workflow":false,"pp_workflow_action":"current","pp_status_selection":"publish","taxonomy_info":[],"featured_image_src_large":false,"author_info":{"display_name":"Sara Miyazono","author_link":"https:\/\/hawaiipublicschools.org\/haw\/author\/sara-miyazonok12-hi-us\/"},"comment_info":0,"publishpress_future_action":{"enabled":false,"date":"2026-04-25 21:35:55","action":"change-status","newStatus":"draft","terms":[],"taxonomy":"","extraData":[]},"publishpress_future_workflow_manual_trigger":{"enabledWorkflows":[]},"_links":{"self":[{"href":"https:\/\/hawaiipublicschools.org\/haw\/wp-json\/wp\/v2\/pages\/11332","targetHints":{"allow":["GET"]}}],"collection":[{"href":"https:\/\/hawaiipublicschools.org\/haw\/wp-json\/wp\/v2\/pages"}],"about":[{"href":"https:\/\/hawaiipublicschools.org\/haw\/wp-json\/wp\/v2\/types\/page"}],"author":[{"embeddable":true,"href":"https:\/\/hawaiipublicschools.org\/haw\/wp-json\/wp\/v2\/users\/13"}],"replies":[{"embeddable":true,"href":"https:\/\/hawaiipublicschools.org\/haw\/wp-json\/wp\/v2\/comments?post=11332"}],"version-history":[{"count":0,"href":"https:\/\/hawaiipublicschools.org\/haw\/wp-json\/wp\/v2\/pages\/11332\/revisions"}],"up":[{"embeddable":true,"href":"https:\/\/hawaiipublicschools.org\/haw\/wp-json\/wp\/v2\/pages\/112"}],"wp:attachment":[{"href":"https:\/\/hawaiipublicschools.org\/haw\/wp-json\/wp\/v2\/media?parent=11332"}],"curies":[{"name":"wp","href":"https:\/\/api.w.org\/{rel}","templated":true}]}}