{"id":113,"date":"2024-09-04T23:54:06","date_gmt":"2024-09-04T23:54:06","guid":{"rendered":"https:\/\/hawaiipublicschools.org\/?page_id=113"},"modified":"2026-04-22T15:44:53","modified_gmt":"2026-04-23T01:44:53","slug":"federal-grants","status":"publish","type":"page","link":"https:\/\/hawaiipublicschools.org\/haw\/about\/federal-grants\/","title":{"rendered":"H\u0101\u02bbawi Federal"},"content":{"rendered":"<div class=\"wp-block-columns double_col_sidebar is-layout-flex wp-container-core-columns-is-layout-28f84493 wp-block-columns-is-layout-flex\">\n<div class=\"wp-block-column left_col is-layout-flow wp-block-column-is-layout-flow\">\n<h2 class=\"wp-block-heading\">H\u0101\u02bbawi k\u0101l\u0101 ho\u02bbomohala moku\u02bb\u0101ina \u02bbo Comprehensive Literacy State Development Grant <\/h2>\n\n\n\n<p>\u02bbO ke kumu o ka <a href=\"https:\/\/hawaiipublicschools.org\/haw\/about\/federal-grants\/comprehensive-literacy-state-development-grant-clsd\/\" target=\"_blank\" rel=\"noreferrer noopener\">H\u0101\u02bbawi Comprehensive Literacy State Development (CLSD).<\/a> is to support states in creating comprehensive literacy programs to advance literacy skills, including pre-literacy skills, reading, and writing, for children from birth through grade 12, with an emphasis on disadvantaged children, English language learners and children with disabilities.&nbsp;Language arts proficiency is a key performance indicator under the Board of Education\u2019s 2023-29 Strategic Plan.<\/p>\n\n\n\n<p>I ka makahiki 2024, ua h\u0101\u02bbawi aku ke Ke\u02bbena Ho\u02bbona\u02bbauao o \u02bbAmelika i ka HIDOE i \u02bbelima makahiki $60 miliona ha\u02bbawina i mana\u02bbo \u02bbia e ho\u02bboikaika i n\u0101 hana a\u02bboa\u02bbo ma muli o n\u0101 h\u014d\u02bbike ma n\u0101 kula aupuni. Ma hope o kahi kokoke i $50 miliona \u02bbelima mau makahiki CLSD Grant i loa\u02bba ma 2019.<\/p>\n\n\n\n<h2 class=\"wp-block-heading\">AEFLA ho\u02bbona\u02bbauao makua<\/h2>\n\n\n\n<p>\u02bbO ka Adult Education Family Literacy Act (AEFLA) ka waiwai nui o ke aupuni pekelala i ka ho\u02bbona\u02bbauao makua a me ka heluhelu heluhelu. Ua \u02bbae \u02bbia ka papahana AEFLA e like me Title II o ka <a href=\"https:\/\/www.dol.gov\/agencies\/eta\/wioa\" target=\"_blank\" rel=\"noreferrer noopener\">\u02bbO ke k\u0101n\u0101wai hana hou a me n\u0101 manawa k\u016bpono (WIOA)<\/a>. Ho\u02bboponopono \u02bbia e ke Ke\u02bbena \u02bbOihana, \u02bbenehana, a me ka ho\u02bbona\u02bbauao makua (OCTAE) ma ka US Department of Education.<\/p>\n\n\n\n<p>\u02bbO ka Office of Curriculum and Instructional Design ka <a href=\"https:\/\/hawaiipublicschools.org\/haw\/about\/federal-grants\/adult-education-family-literacy-act-aefla\/\" target=\"_blank\" rel=\"noreferrer noopener\">Loa\u02bba ka h\u0101\u02bbawi k\u0101l\u0101 AEFLA<\/a> for the State of Hawai\u02bbi.<\/p>\n\n\n\n<p>Hawai\u02bbi receives approximately $2.3 million dollars annually to provide adult education services. <a href=\"https:\/\/aefla.ed.gov\/state-grants\" target=\"_blank\" rel=\"noreferrer noopener\">\u02bbO ka nui i loa\u02bba i k\u0113l\u0101 me k\u0113ia moku&#039;\u0101ina<\/a> ua ho\u02bbokumu \u02bbia ma ke \u02bbano kumu i ho\u02bbokumu \u02bbia e ka \u02bbAha\u02bb\u014dlelo.<\/p>\n\n\n\n<p>\u02bbO McKinley a me ke Kula Kaiapuni \u02bbo Waipahu no n\u0101 m\u0101kua ka mea ho\u02bbolako lawelawe k\u016bpono o n\u0101 lawelawe ho\u02bbona\u02bbauao makua.<\/p>\n\n\n\n<h2 class=\"wp-block-heading\">Papahana SERV (Pane pilikia o ke kula i ka hana ino<\/h2>\n\n\n\n<p>Ma Malaki 2024, ua h\u0101\u02bbawi aku ke Ke\u02bbena Ho\u02bbona\u02bbauao o \u02bbAmelika i ka HIDOE i \u02bboi aku ma mua o $2 miliona ha\u02bbawina e k\u014dkua ai i ka ho\u02bboponopono \u02bbana i n\u0101 pono ko\u02bbiko\u02bbi o n\u0101 haum\u0101na a me n\u0101 kumu a\u02bbo i ho\u02bbopilikia pololei \u02bbia e ke ahi ahi o Maui.<\/p>\n\n\n\n<p>Ua noi ka HIDOE a ua loa\u02bba i\u0101 ia kahi h\u0101\u02bbawi School Emergency Response to Violence\u2014a i \u02bbole Project SERV\u2014ha\u02bbawina, e h\u0101\u02bbawi ana i n\u0101 lawelawe pili i ka ho\u02bbona\u02bbauao no ka w\u0101 p\u014dkole no n\u0101 apana kula e k\u014dkua ai i ka ho\u02bbiho\u02bbi \u02bbana mai kahi hanana \u02bbino a p\u014d\u02bbino paha i ho\u02bbopilikia \u02bbia ke kaiapuni a\u02bbo.<\/p>\n\n\n\n<p>\u02bbO $2,199,146 ka nui o ka h\u0101\u02bbawi k\u0101l\u0101, a \u02bbo ia kekahi o n\u0101 makana Project SERV nui loa i h\u0101\u02bbawi \u02bbia no kahi p\u014d\u02bbino k\u016blohelohe.<\/p>\n\n\n\n<p>E ho\u02bbohana \u02bbia n\u0101 k\u0101l\u0101 no n\u0101 lawelawe i loa\u02bba ma muli o ka hopena o n\u0101 ahi ahi \u02bba\u02bbole hiki ke uhi \u02bbia e n\u0101 kumu k\u0101l\u0101 \u02bb\u0113 a\u02bbe.&nbsp;<\/p>\n\n\n\n<p>He 1,593 ka nui o n\u0101 haum\u0101na e noho ana ma ka \u02bb\u0101pana ahi, ho\u02bbone\u02bbe \u02bbia, a i \u02bbole ma lalo o kahi \u02bb\u014dlelo a\u02bbo wai ma muli o ka hopena o ke ahi ahi. Eia hou, h\u014d\u02bboia ka \u02bbikepili mai ka Federal Emergency Management Agency (FEMA) he 63% o ka heluna haum\u0101na \u02bbeleu e hele mai ana mai kahi home i waiho i kahi koi.<\/p>\n\n\n\n<p>Mana\u02bbo ka HIDOE e ho\u02bbok\u014d i ka h\u0101\u02bbawi k\u0101l\u0101 ma luna o 18 mau mahina, me n\u0101 lawelawe olakino no\u02bbono\u02bbo i ho\u02bbol\u0101l\u0101 \u02bbia ma waena o Ianuali 1, 2024 a me Iune 30, 2025. E n\u0101n\u0101 \u02bbia n\u0101 haum\u0101na i n\u0101 kula i ho\u02bbopilikia \u02bbia a e loa\u02bba i k\u0113l\u0101 mau kula a me n\u0101 haum\u0101na me n\u0101 pilikia ko\u02bbiko\u02bbi e like me ka mea e pono ai ma muli o ka loiloi. Pono ka manawa hou no ka ho\u02bbolimalima \u02bbana i n\u0101 limahana a no ka ho\u02bboponopono \u02bbana i ka nui o n\u0101 kula a me n\u0101 haum\u0101na i ho\u02bbopilikia \u02bbia e ka p\u014d\u02bbino.<\/p>\n\n\n\n<h2 class=\"wp-block-heading\">Title I-C: MIGRANT EDUCATION PROGRAM <\/h2>\n\n\n\n<p><a href=\"https:\/\/www.ed.gov\/about\/ed-offices\/oese\/office-of-migrant-education\" data-type=\"link\" data-id=\"https:\/\/www.ed.gov\/about\/ed-offices\/oese\/office-of-migrant-education\" target=\"_blank\" rel=\"noreferrer noopener\">The Migrant Education Program<\/a> (MEP) provides academic and supportive services for the children of families who migrate to find work in the agricultural and fishing industries. Students are eligible if they are younger than 22 years old, working toward a high school diploma or equivalent, and come from a family who has moved within the last 36 months because of seasonal or temporary agricultural work or fishing for personal subsistence.<\/p>\n\n\n\n<p>MEP helps eligible students overcome educational disruption, cultural and language barriers, and health-related problems that create obstacles to learning. The program provides support services such as tutoring and academic assistance, summer learning opportunities, credit recovery or advancement, and community resource referrals. Interested parents should complete the <a href=\"https:\/\/docs.google.com\/forms\/d\/e\/1FAIpQLSfMn3fGYyxmlkU3K0FiabPm3a14Wvf6mvw6IGcZFLNvRYmBSg\/viewform\" data-type=\"link\" data-id=\"https:\/\/docs.google.com\/forms\/d\/e\/1FAIpQLSfMn3fGYyxmlkU3K0FiabPm3a14Wvf6mvw6IGcZFLNvRYmBSg\/viewform\" target=\"_blank\" rel=\"noreferrer noopener\">Program Work Survey<\/a>.<\/p>\n\n\n\n<h2 class=\"wp-block-heading\">Title IV-A: Student Support and Academic Enrichment<\/h2>\n\n\n\n<p>The Student Support and Academic Enrichment (SSAE) grant, authorized under Title IV, Part A of the Every Student Succeeds Act (ESSA), is intended to improve students\u2019 academic achievement by increasing the capacity of the Department to provide all students with access to a well-rounded education, improve school conditions for student learning, and improve the use of technology to enhance digital literacy. These priorities align with the Board of Education\u2019s 2023-29 Strategic Plan, specifically focusing on student success and the development of the whole child through <em><a href=\"\/haw\/about\/na-hopena-a%ca%bbo-ha\/\">N\u0101 Hopena A\u02bbo<\/a><\/em> (H\u0100).<\/p>\n\n\n\n<p>The HIDOE utilizes Title IV-A funds to support a variety of statewide initiatives, including expanded access to STEM, the arts, and accelerated learning, as well as school-based mental health services and trauma-informed care. A portion of the funding is also dedicated to supporting the effective use of technology through professional development and personalized learning tools for educators and students.<\/p>\n<\/div>\n\n\n\n<div class=\"wp-block-column right_col is-layout-flow wp-block-column-is-layout-flow\">\n<h3 class=\"wp-block-heading\">E pili ana<\/h3>\n\n\n<ul class=\"wp-block-page-list\"><li class=\"wp-block-pages-list__item has-child\"><a class=\"wp-block-pages-list__item__link\" href=\"https:\/\/hawaiipublicschools.org\/haw\/about\/organization\/\">Huihui<\/a><ul class=\"wp-block-navigation__submenu-container\"><li class=\"wp-block-pages-list__item\"><a class=\"wp-block-pages-list__item__link\" href=\"https:\/\/hawaiipublicschools.org\/haw\/about\/organization\/strive-hi-dashboard\/\">E hooikaika HI Dashboard<\/a><\/li><\/ul><\/li><li class=\"wp-block-pages-list__item\"><a class=\"wp-block-pages-list__item__link\" href=\"https:\/\/hawaiipublicschools.org\/haw\/about\/offices\/\">N\u0101 Ke\u02bbena<\/a><\/li><li class=\"wp-block-pages-list__item\"><a class=\"wp-block-pages-list__item__link\" href=\"https:\/\/hawaiipublicschools.org\/haw\/about\/na-hopena-a%ca%bbo-ha\/\">N\u0101 Hopena A\u02bbo (H\u0100)<\/a><\/li><li class=\"wp-block-pages-list__item\"><a class=\"wp-block-pages-list__item__link\" href=\"https:\/\/hawaiipublicschools.org\/haw\/about\/strategic-plan\/\">Ho\u02bbol\u0101l\u0101 ho\u02bbol\u0101l\u0101<\/a><\/li><li class=\"wp-block-pages-list__item\"><a class=\"wp-block-pages-list__item__link\" href=\"https:\/\/hawaiipublicschools.org\/haw\/about\/partnerships\/\">Huihui<\/a><\/li><li class=\"wp-block-pages-list__item has-child\"><a class=\"wp-block-pages-list__item__link\" href=\"https:\/\/hawaiipublicschools.org\/haw\/about\/budget\/\">Puke k\u0101l\u0101<\/a><ul class=\"wp-block-navigation__submenu-container\"><li class=\"wp-block-pages-list__item\"><a class=\"wp-block-pages-list__item__link\" href=\"https:\/\/hawaiipublicschools.org\/haw\/about\/budget\/appropriation-summary-reports\/\">Appropriation Summary Reports<\/a><\/li><li class=\"wp-block-pages-list__item\"><a class=\"wp-block-pages-list__item__link\" href=\"https:\/\/hawaiipublicschools.org\/haw\/about\/budget\/budget-cycle-and-process\/\">Budget Cycle and Process<\/a><\/li><li class=\"wp-block-pages-list__item\"><a class=\"wp-block-pages-list__item__link\" href=\"https:\/\/hawaiipublicschools.org\/haw\/about\/budget\/capital-improvements-program\/\">Capital Improvements Program<\/a><\/li><li class=\"wp-block-pages-list__item\"><a class=\"wp-block-pages-list__item__link\" href=\"https:\/\/hawaiipublicschools.org\/haw\/about\/budget\/federal-covid-relief-funding-for-education\/\">\u02bbO ke k\u0101l\u0101 k\u014dkua federal COVID no ka ho\u02bbona\u02bbauao<\/a><\/li><li class=\"wp-block-pages-list__item has-child\"><a class=\"wp-block-pages-list__item__link\" href=\"https:\/\/hawaiipublicschools.org\/haw\/about\/budget\/weighted-student-formula\/\">Kumu Kaumaha Haumana<\/a><ul class=\"wp-block-navigation__submenu-container\"><li class=\"wp-block-pages-list__item\"><a class=\"wp-block-pages-list__item__link\" href=\"https:\/\/hawaiipublicschools.org\/haw\/about\/budget\/weighted-student-formula\/weighted-student-formula-archived-reports\/\">Weighted Student Formula archived reports<\/a><\/li><\/ul><\/li><\/ul><\/li><li class=\"wp-block-pages-list__item has-child\"><a class=\"wp-block-pages-list__item__link\" href=\"https:\/\/hawaiipublicschools.org\/haw\/about\/federal-grants\/\">H\u0101\u02bbawi Federal<\/a><ul class=\"wp-block-navigation__submenu-container\"><li class=\"wp-block-pages-list__item\"><a class=\"wp-block-pages-list__item__link\" href=\"https:\/\/hawaiipublicschools.org\/haw\/about\/federal-grants\/comprehensive-literacy-state-development-grant-clsd\/\">H\u0101\u02bbawi K\u016b\u02bbai K\u016b\u02bbai K\u016b\u02bbai K\u016b\u02bbai K\u016b\u02bbai piha (CLSD)<\/a><\/li><li class=\"wp-block-pages-list__item\"><a class=\"wp-block-pages-list__item__link\" href=\"https:\/\/hawaiipublicschools.org\/haw\/about\/federal-grants\/adult-education-family-literacy-act-aefla\/\">\u02bbO ke k\u0101n\u0101wai no ka ho\u02bbona\u02bbauao \u02bbohana makua (AEFLA)<\/a><\/li><\/ul><\/li><\/ul>\n\n\n<p><\/p>\n<\/div>\n<\/div>","protected":false},"excerpt":{"rendered":"<p>Comprehensive Literacy State Development Grant The purpose of the Comprehensive Literacy State Development (CLSD) grant is to support states in creating comprehensive literacy programs to advance literacy skills, including pre-literacy skills, reading, and writing, for children from birth through grade 12, with an emphasis on disadvantaged children, English language learners and children with disabilities.&nbsp;Language arts [&hellip;]<\/p>","protected":false},"author":8,"featured_media":0,"parent":105,"menu_order":20,"comment_status":"closed","ping_status":"closed","template":"wp-custom-template-page-for-custom-sidebar","meta":{"_relevanssi_hide_post":"","_relevanssi_hide_content":"","_relevanssi_pin_for_all":"","_relevanssi_pin_keywords":"","_relevanssi_unpin_keywords":"","_relevanssi_related_keywords":"","_relevanssi_related_include_ids":"","_relevanssi_related_exclude_ids":"","_relevanssi_related_no_append":"","_relevanssi_related_not_related":"","_relevanssi_related_posts":"9860,9725,10223,9811,16623,9217","_relevanssi_noindex_reason":"","_sitemap_exclude":false,"_sitemap_priority":"","_sitemap_frequency":"","_kad_blocks_custom_css":"","_kad_blocks_head_custom_js":"","_kad_blocks_body_custom_js":"","_kad_blocks_footer_custom_js":"","wp_popup_display_lightbox":0,"wp_popup_suppress":"","wp_popup_trigger":"","wp_popup_trigger_amount":0,"wp_popup_disable_on_mobile":false,"footnotes":""},"class_list":["post-113","page","type-page","status-publish","hentry"],"pp_statuses_selecting_workflow":false,"pp_workflow_action":"current","pp_status_selection":"publish","taxonomy_info":[],"featured_image_src_large":false,"author_info":{"display_name":"Ariana Enomoto","author_link":"https:\/\/hawaiipublicschools.org\/haw\/author\/arianastaceyleong-com\/"},"comment_info":0,"publishpress_future_action":{"enabled":false,"date":"2026-05-03 17:21:34","action":"change-status","newStatus":"draft","terms":[],"taxonomy":"","extraData":[]},"publishpress_future_workflow_manual_trigger":{"enabledWorkflows":[]},"_links":{"self":[{"href":"https:\/\/hawaiipublicschools.org\/haw\/wp-json\/wp\/v2\/pages\/113","targetHints":{"allow":["GET"]}}],"collection":[{"href":"https:\/\/hawaiipublicschools.org\/haw\/wp-json\/wp\/v2\/pages"}],"about":[{"href":"https:\/\/hawaiipublicschools.org\/haw\/wp-json\/wp\/v2\/types\/page"}],"author":[{"embeddable":true,"href":"https:\/\/hawaiipublicschools.org\/haw\/wp-json\/wp\/v2\/users\/8"}],"replies":[{"embeddable":true,"href":"https:\/\/hawaiipublicschools.org\/haw\/wp-json\/wp\/v2\/comments?post=113"}],"version-history":[{"count":4,"href":"https:\/\/hawaiipublicschools.org\/haw\/wp-json\/wp\/v2\/pages\/113\/revisions"}],"predecessor-version":[{"id":19489,"href":"https:\/\/hawaiipublicschools.org\/haw\/wp-json\/wp\/v2\/pages\/113\/revisions\/19489"}],"up":[{"embeddable":true,"href":"https:\/\/hawaiipublicschools.org\/haw\/wp-json\/wp\/v2\/pages\/105"}],"wp:attachment":[{"href":"https:\/\/hawaiipublicschools.org\/haw\/wp-json\/wp\/v2\/media?parent=113"}],"curies":[{"name":"wp","href":"https:\/\/api.w.org\/{rel}","templated":true}]}}