{"id":111,"date":"2024-09-04T23:53:12","date_gmt":"2024-09-04T23:53:12","guid":{"rendered":"https:\/\/hawaiipublicschools.org\/?page_id=111"},"modified":"2025-10-08T10:50:07","modified_gmt":"2025-10-08T20:50:07","slug":"partnerships","status":"publish","type":"page","link":"https:\/\/hawaiipublicschools.org\/haw\/about\/partnerships\/","title":{"rendered":"Huihui"},"content":{"rendered":"<div class=\"wp-block-columns double_col_sidebar is-layout-flex wp-container-core-columns-is-layout-28f84493 wp-block-columns-is-layout-flex\">\n<div class=\"wp-block-column left_col is-layout-flow wp-block-column-is-layout-flow\">\n<p class=\"intro\" style=\"font-size:clamp(0.875rem, 0.875rem + ((1vw - 0.2rem) * 0.531), 1.3rem);\">Ma ka hana p\u016b \u02bbana e k\u0101ko\u02bbo i k\u0101 m\u0101kou mau haum\u0101na, ua hui p\u016b ka &#039;Oihana me n\u0101 hoa kai\u0101ulu he nui, n\u0101 ke\u02bbena moku\u02bb\u0101ina a me n\u0101 kula ho\u02bbona\u02bbauao ki\u02bbeki\u02bbe ma n\u0101 hana i ho\u02bbol\u0101l\u0101 \u02bbia e ho\u02bbonui i ka \u02bb\u0101ina ho\u02bbona\u02bbauao o Hawai\u02bbi. Ho\u02bbokumu k\u0113ia mau papahana i kahi kahua pa\u02bba o n\u0101 \u02bbike no n\u0101 haum\u0101na a me n\u0101 limahana, mai ka ho\u02bbomohala \u02bbana i ka \u02bboihana a hiki i n\u0101 hana no\u02bbeau a i \u02bbole ma waena.&nbsp;<\/p>\n\n\n\n<h2 class=\"wp-block-heading\">Huina no ka Hoonaauao<\/h2>\n\n\n\n<h3 class=\"wp-block-heading\">Hawai\u02bbi P-20<\/h3>\n\n\n\n<p><a href=\"https:\/\/www.hawaiip20.org\/\" target=\"_blank\" rel=\"noreferrer noopener\">Hawai\u02bbi P-20<\/a> e k\u0101lele ana i ke k\u014dkua \u02bbana i n\u0101 haum\u0101na mai ke kula kamali\u02bbi a hiki i ke kulanui a me ka \u02bboihana. Hana l\u0101kou i mea e loa\u02bba ai i n\u0101 haum\u0101na a pau n\u0101 manawa k\u016bpono e m\u0101kaukau no ka holomua. Aia kekahi mau hana P-20:<\/p>\n\n\n\n<ul class=\"wp-block-list\">\n<li><a href=\"https:\/\/www.hawaiip20.org\/resources\/hawaii-attainment-goal\/\" target=\"_blank\" rel=\"noreferrer noopener\"><strong>Hawai\u02bbi Graduates for Hawai\u02bbi\u2019s Future<\/strong><\/a>: Ke hana nei n\u0101 alaka\u02bbi kaiaulu o ka \u02bbAha P\u201320 e ho\u02bbolikelike i n\u0101 papahana ho\u02bbona\u02bbauao me n\u0101 pono o ka po\u02bbe hana no ka ho\u02bbomohala \u02bbana i ka ho\u02bbokele waiwai ma ka moku\u02bb\u0101ina.<\/li>\n\n\n\n<li><a href=\"https:\/\/www.hawaiip20.org\/p-20-initiatives\/college-career-pathways\/\" target=\"_blank\" rel=\"noreferrer noopener\"><strong>Alanui Kolepa a me ka Hana Hana<\/strong><\/a>: E k\u014dkua n\u0101 ala i ho\u02bbopa\u02bba \u02bbia a i ho\u02bbopa\u02bba \u02bbia i n\u0101 haum\u0101na e ho\u02bbok\u014d i k\u0101 l\u0101kou mau mana\u02bbo ho\u02bbona\u02bbauao a \u02bboihana.<\/li>\n\n\n\n<li><a href=\"https:\/\/www.hawaiip20.org\/p-20-initiatives\/college-career-readiness\/\" target=\"_blank\" rel=\"noreferrer noopener\"><strong>M\u0101kaukau Ke Kulanui a me ka Hana Hana<\/strong><\/a>: N\u0101 papahana e like me GEAR UP Hawaii a me FAFSA Cash for College e ho\u02bbom\u0101kaukau i n\u0101 haum\u0101na no ka pae a\u02bbe.<\/li>\n\n\n\n<li><a href=\"https:\/\/www.hawaiip20.org\/p-20-initiatives\/education-data\/\" target=\"_blank\" rel=\"noreferrer noopener\"><strong>\u02bbIkepili Ho\u02bbona\u02bbauao<\/strong><\/a>: H\u0101\u02bbawi n\u0101 h\u014d\u02bbike P-20 i ka \u02bbikepili ko\u02bbiko\u02bbi i hiki i ka &#039;Oihana ke hana i n\u0101 mana\u02bbo ho\u02bboholo e k\u0101ko\u02bbo i n\u0101 pahuhopu ho\u02bbona\u02bbauao no Hawai\u02bbi. <\/li>\n<\/ul>\n\n\n\n<h2 class=\"wp-block-heading\">N\u0101 Hoa i ka m\u0101kaukau hana<\/h2>\n\n\n\n<h3 class=\"wp-block-heading\">\u02bbIke Hana Hana<\/h3>\n\n\n\n<p>Holo \u02bbia e n\u0101 kula kaiaulu o ke Kulanui o Hawai\u02bbi, hiki i n\u0101 haum\u0101na mai ka Papa 6 ke ho\u02bbohana i ka <a href=\"https:\/\/uhcc.hawaii.edu\/career_explorer2\/index.php\">\u02bbIke Hana Hana<\/a> mea hana no ka noi\u02bbi \u02bbana i n\u0101 ala \u02bboihana e \u02bbike i n\u0101 papa e pono ai l\u0101kou e lawe e alualu i kekahi mau \u02bboihana.<\/p>\n\n\n\n<h3 class=\"wp-block-heading\">Hana Hana &amp; Ho\u02bbona\u02bbauao \u02bbenehana (CTE)<\/h3>\n\n\n\n<p><a href=\"https:\/\/hawaiipublicschools.org\/haw\/academics\/secondary-middle-high-school\/career-technical-education\/\" target=\"_blank\" rel=\"noreferrer noopener\">N\u0101 polokalamu CTE<\/a> k\u014dkua i n\u0101 haum\u0101na e a\u02bbo i n\u0101 m\u0101kau no n\u0101 hana i makemake \u02bbia. Ho\u02bbokumu ka papahana i ka launa p\u016b \u02bbana me n\u0101 \u02bboihana a me ka h\u014d\u02bboia \u02bbana i n\u0101 papa hana a me n\u0101 internships he ki\u02bbeki\u02bbe, a pa\u02bba.<\/p>\n\n\n\n<h3 class=\"wp-block-heading\">ClimbHI<\/h3>\n\n\n\n<p><a href=\"https:\/\/climbhi.org\/\">ClimbHI<\/a> enhances workforce development opportunities by building connections between communities, businesses, organizations and schools.<\/p>\n\n\n\n<h2 class=\"wp-block-heading\">N\u0101 hui me n\u0101 \u02bboihana moku\u02bb\u0101ina<\/h2>\n\n\n\n<h3 class=\"wp-block-heading\">P\u016bnaehana Kulanui o Hawai\u02bbi<\/h3>\n\n\n\n<ul class=\"wp-block-list\">\n<li><a href=\"https:\/\/nursing.hawaii.edu\/hawaii-keiki\/\" target=\"_blank\" rel=\"noreferrer noopener\"><strong>Hawai\u02bbi Keiki: Ola a M\u0101kaukau e A\u02bbo<\/strong><\/a><strong>:<\/strong> He pilina ma waena o UH M\u0101noa Nursing a me HIDOE, k\u014dkua ka papahana i n\u0101 kula e h\u0101\u02bbawi i n\u0101 lawelawe olakino i n\u0101 haum\u0101na.<\/li>\n\n\n\n<li><a href=\"https:\/\/coe.hawaii.edu\/teacherhero\/\" target=\"_blank\" rel=\"noreferrer noopener\"><strong>E lilo i Hero, i Kumu<\/strong><\/a><strong>:<\/strong> He ho\u02bbolaha ho\u02bbolaha me ke Koleke Ho\u02bbona\u02bbauao o UH M\u0101noa no ka ho\u02bbolaha \u02bbana i n\u0101 pono o ka \u02bboihana a\u02bbo a me ka ho\u02bbonui \u02bbana i n\u0101 kumu kula k\u016bloko.<\/li>\n\n\n\n<li><strong>K\u014dmike Ho\u02bbona\u02bbauao Kumu (TECC):<\/strong> He komite a\u02bboa\u02bbo \u02bbo TECC i haku \u02bbia e n\u0101 \u02bbelele mai ka HIDOE, ke Koleke Ho\u02bbona\u02bbauao o UH M\u0101noa, a me ka Papa K\u016blana Kumu o Hawai\u02bbi no ka ho\u02bbomohala \u02bbana i n\u0101 papahana ho\u02bboma\u02bbama\u02bba kumu k\u016bpono a pa\u02bba.<\/li>\n\n\n\n<li><strong><a href=\"https:\/\/hawaiipublicschools.org\/haw\/academics\/secondary-middle-high-school\/college-career-readiness\/\" data-type=\"page\" data-id=\"29\">Aie Palua<\/a>:<\/strong> H\u0101\u02bbawi ka papahana i n\u0101 haum\u0101na kula ki\u02bbeki\u02bbe e loa\u02bba n\u0101 h\u014d\u02bbai\u02bb\u0113 kulanui.<\/li>\n<\/ul>\n\n\n\n<h3 class=\"wp-block-heading\">Oihana Ola<\/h3>\n\n\n\n<ul class=\"wp-block-list\">\n<li><a href=\"https:\/\/health.hawaii.gov\/camhd\/\" target=\"_blank\" rel=\"noreferrer noopener\"><strong>Mahele Ola No\u02bbono\u02bbo o n\u0101 keiki a me n\u0101 \u02bb\u014dpio<\/strong><\/a><strong>:<\/strong> Hana p\u016b n\u0101 limahana olakino pili kula o HIDOE me k\u0113ia m\u0101hele i n\u0101 k\u014dkua k\u016bikaw\u0101 paha e pono ai n\u0101 haum\u0101na no ko l\u0101kou ola kino.<\/li>\n\n\n\n<li><a href=\"https:\/\/health.hawaii.gov\/physical-activity-nutrition\/home\/school-health\/\" target=\"_blank\" rel=\"noreferrer noopener\"><strong>Ola Kula<\/strong><\/a><strong>:<\/strong> Hana p\u016b \u02bbo HIDOE me ke Ke\u02bbena Ola e h\u014d\u02bboia i ka h\u014d\u02bbike \u02bbana o ka noi\u02bbi a me ke alaka\u02bbi hou i loko o k\u0101 m\u0101kou mau k\u016blana olakino, olakino a me n\u0101 \u02bboihana kino.<\/li>\n\n\n\n<li><a href=\"https:\/\/health.hawaii.gov\/docd\/vaccines-immunizations\/\" target=\"_blank\" rel=\"noreferrer noopener\"><strong>N\u0101 l\u0101\u02bbau lapa\u02bbau a me n\u0101 l\u0101\u02bbau lapa\u02bbau<\/strong><\/a><strong>:<\/strong> Ke hana nei ka ma\u02bbi outbreak control division e h\u014d\u02bboia i n\u0101 haum\u0101na e h\u0101l\u0101wai me n\u0101 mea a pau <a href=\"http:\/\/health.hawaii.gov\/docd\/vaccines-immunizations\/school-health-requirements\/\" target=\"_blank\" rel=\"noreferrer noopener\">koina ola kino kula<\/a> a me ka ho\u02bbolaha \u02bbana i ka \u02bbike e pili ana i n\u0101 \u02bb\u014dlelo a\u02bbo olakino.<\/li>\n<\/ul>\n\n\n\n<h3 class=\"wp-block-heading\">Ke\u02bbena \u02bbOihana Kanaka<\/h3>\n\n\n\n<p>Ke ho\u02bbohana nei i ke k\u014dkua manawale\u02bba i n\u0101 \u02bbohana \u02bbilihune, k\u014dkua \u02bbo DHS i\u0101 HIDOE e ho\u02bbonui i ka hiki o  <a href=\"\/haw\/student-programs\/after-school-programs\/\" data-type=\"page\" data-id=\"78\">n\u0101 papahana ma hope o ke kula<\/a>:<\/p>\n\n\n\n<ul class=\"wp-block-list\">\n<li><a href=\"https:\/\/hawaiicommunityengagement.com\/after-school-plus\/\" target=\"_blank\" rel=\"noreferrer noopener\"><strong>Papahana A+<\/strong><\/a><strong>:<\/strong> \u02bbO n\u0101 ha\u02bbawina ha\u02bbawina no n\u0101 \u02bbohana ha\u02bbaha\u02bba k\u016bpono e hiki ai i k\u0101 l\u0101kou mau keiki ke hele i ka A+ no ka manuahi. H\u0101\u02bbawi ka papahana i ka ho\u02bbonui a me n\u0101 hana kino e like me ka hana no\u02bbeau, hula, ha\u02bbuki a me n\u0101 p\u0101\u02bbani.<\/li>\n\n\n\n<li><strong>UPLINK:<\/strong> Ke mana\u02bbo nei k\u0113ia papahana kula waena e pale i n\u0101 haum\u0101na o k\u0113ia p\u016b\u02bbulu makahiki mai n\u0101 \u02bbano pilikia. Hiki i ka papahana ma hope o ke kula ke komo i ka kuke, mele, ha\u02bbuki, a me n\u0101 hana multimedia me ka mana\u02bbo nui i ke k\u016bkulu \u02bbana i ke \u02bbano a me ke k\u014dkua ha\u02bbawina home.<\/li>\n<\/ul>\n\n\n\n<h3 class=\"wp-block-heading\">Hawaii State Foundation on Culture and the Arts (HSFCA)<\/h3>\n\n\n\n<ul class=\"wp-block-list\">\n<li><a href=\"https:\/\/sfca.hawaii.gov\/arts-education-programs\/artists-in-the-schools\/\" target=\"_blank\" rel=\"noreferrer noopener\"><strong>N\u0101 mea pena i n\u0101 kula<\/strong><\/a><strong>:<\/strong> H\u0101\u02bbawi k\u0113ia papahana i ke k\u0101l\u0101 i n\u0101 kula e a\u02bbo ai i n\u0101 mea pena ki\u02bbi ma k\u0101 l\u0101kou mau kula.<\/li>\n<\/ul>\n\n\n\n<p><\/p>\n<\/div>\n\n\n\n<div class=\"wp-block-column right_col is-layout-flow wp-block-column-is-layout-flow\">\n<h3 class=\"wp-block-heading\">E pili ana<\/h3>\n\n\n<ul class=\"wp-block-page-list\"><li class=\"wp-block-pages-list__item has-child\"><a class=\"wp-block-pages-list__item__link\" href=\"https:\/\/hawaiipublicschools.org\/haw\/about\/organization\/\">Huihui<\/a><ul class=\"wp-block-navigation__submenu-container\"><li class=\"wp-block-pages-list__item\"><a class=\"wp-block-pages-list__item__link\" href=\"https:\/\/hawaiipublicschools.org\/haw\/about\/organization\/strive-hi-dashboard\/\">E hooikaika HI Dashboard<\/a><\/li><\/ul><\/li><li class=\"wp-block-pages-list__item\"><a class=\"wp-block-pages-list__item__link\" href=\"https:\/\/hawaiipublicschools.org\/haw\/about\/offices\/\">N\u0101 Ke\u02bbena<\/a><\/li><li class=\"wp-block-pages-list__item\"><a class=\"wp-block-pages-list__item__link\" href=\"https:\/\/hawaiipublicschools.org\/haw\/about\/na-hopena-a%ca%bbo-ha\/\">N\u0101 Hopena A\u02bbo (H\u0100)<\/a><\/li><li class=\"wp-block-pages-list__item\"><a class=\"wp-block-pages-list__item__link\" href=\"https:\/\/hawaiipublicschools.org\/haw\/about\/strategic-plan\/\">Ho\u02bbol\u0101l\u0101 ho\u02bbol\u0101l\u0101<\/a><\/li><li class=\"wp-block-pages-list__item\"><a class=\"wp-block-pages-list__item__link\" href=\"https:\/\/hawaiipublicschools.org\/haw\/about\/partnerships\/\">Huihui<\/a><\/li><li class=\"wp-block-pages-list__item has-child\"><a class=\"wp-block-pages-list__item__link\" href=\"https:\/\/hawaiipublicschools.org\/haw\/about\/budget\/\">Puke k\u0101l\u0101<\/a><ul class=\"wp-block-navigation__submenu-container\"><li class=\"wp-block-pages-list__item\"><a class=\"wp-block-pages-list__item__link\" href=\"https:\/\/hawaiipublicschools.org\/haw\/about\/budget\/appropriation-summary-reports\/\">Appropriation Summary Reports<\/a><\/li><li class=\"wp-block-pages-list__item\"><a class=\"wp-block-pages-list__item__link\" href=\"https:\/\/hawaiipublicschools.org\/haw\/about\/budget\/budget-cycle-and-process\/\">Budget Cycle and Process<\/a><\/li><li class=\"wp-block-pages-list__item\"><a class=\"wp-block-pages-list__item__link\" href=\"https:\/\/hawaiipublicschools.org\/haw\/about\/budget\/capital-improvements-program\/\">Capital Improvements Program<\/a><\/li><li class=\"wp-block-pages-list__item\"><a class=\"wp-block-pages-list__item__link\" href=\"https:\/\/hawaiipublicschools.org\/haw\/about\/budget\/federal-covid-relief-funding-for-education\/\">\u02bbO ke k\u0101l\u0101 k\u014dkua federal COVID no ka ho\u02bbona\u02bbauao<\/a><\/li><li class=\"wp-block-pages-list__item has-child\"><a class=\"wp-block-pages-list__item__link\" href=\"https:\/\/hawaiipublicschools.org\/haw\/about\/budget\/weighted-student-formula\/\">Kumu Kaumaha Haumana<\/a><ul class=\"wp-block-navigation__submenu-container\"><li class=\"wp-block-pages-list__item\"><a class=\"wp-block-pages-list__item__link\" href=\"https:\/\/hawaiipublicschools.org\/haw\/about\/budget\/weighted-student-formula\/weighted-student-formula-archived-reports\/\">Weighted Student Formula archived reports<\/a><\/li><\/ul><\/li><\/ul><\/li><li class=\"wp-block-pages-list__item has-child\"><a class=\"wp-block-pages-list__item__link\" href=\"https:\/\/hawaiipublicschools.org\/haw\/about\/federal-grants\/\">H\u0101\u02bbawi Federal<\/a><ul class=\"wp-block-navigation__submenu-container\"><li class=\"wp-block-pages-list__item\"><a class=\"wp-block-pages-list__item__link\" href=\"https:\/\/hawaiipublicschools.org\/haw\/about\/federal-grants\/comprehensive-literacy-state-development-grant-clsd\/\">H\u0101\u02bbawi K\u016b\u02bbai K\u016b\u02bbai K\u016b\u02bbai K\u016b\u02bbai K\u016b\u02bbai piha (CLSD)<\/a><\/li><li class=\"wp-block-pages-list__item\"><a class=\"wp-block-pages-list__item__link\" href=\"https:\/\/hawaiipublicschools.org\/haw\/about\/federal-grants\/adult-education-family-literacy-act-aefla\/\">\u02bbO ke k\u0101n\u0101wai no ka ho\u02bbona\u02bbauao \u02bbohana makua (AEFLA)<\/a><\/li><\/ul><\/li><\/ul>\n\n\n<p><\/p>\n<\/div>\n<\/div>","protected":false},"excerpt":{"rendered":"<p>Working together to support our students, the Department collaborates with many community partners, state agencies and higher education institutions on initiatives designed to expand Hawai\u02bbi&#8217;s educational landscape. These programs establish a robust foundation of experiences for students and staff, from career development to artistic endeavors or anywhere in between.&nbsp; Partnerships for Education Hawai\u02bbi P-20 Hawai\u02bbi [&hellip;]<\/p>","protected":false},"author":8,"featured_media":0,"parent":105,"menu_order":18,"comment_status":"closed","ping_status":"closed","template":"wp-custom-template-page-for-custom-sidebar","meta":{"_relevanssi_hide_post":"","_relevanssi_hide_content":"","_relevanssi_pin_for_all":"","_relevanssi_pin_keywords":"","_relevanssi_unpin_keywords":"","_relevanssi_related_keywords":"","_relevanssi_related_include_ids":"","_relevanssi_related_exclude_ids":"","_relevanssi_related_no_append":"","_relevanssi_related_not_related":"","_relevanssi_related_posts":"","_relevanssi_noindex_reason":"","_sitemap_exclude":false,"_sitemap_priority":"","_sitemap_frequency":"","_kad_blocks_custom_css":"","_kad_blocks_head_custom_js":"","_kad_blocks_body_custom_js":"","_kad_blocks_footer_custom_js":"","wp_popup_display_lightbox":0,"wp_popup_suppress":"","wp_popup_trigger":"","wp_popup_trigger_amount":0,"wp_popup_disable_on_mobile":false,"footnotes":""},"class_list":["post-111","page","type-page","status-publish","hentry"],"pp_statuses_selecting_workflow":false,"pp_workflow_action":"current","pp_status_selection":"publish","taxonomy_info":[],"featured_image_src_large":false,"author_info":{"display_name":"Ariana Enomoto","author_link":"https:\/\/hawaiipublicschools.org\/haw\/author\/arianastaceyleong-com\/"},"comment_info":0,"publishpress_future_action":{"enabled":false,"date":"2026-04-19 09:39:32","action":"change-status","newStatus":"draft","terms":[],"taxonomy":"","extraData":[]},"publishpress_future_workflow_manual_trigger":{"enabledWorkflows":[]},"_links":{"self":[{"href":"https:\/\/hawaiipublicschools.org\/haw\/wp-json\/wp\/v2\/pages\/111","targetHints":{"allow":["GET"]}}],"collection":[{"href":"https:\/\/hawaiipublicschools.org\/haw\/wp-json\/wp\/v2\/pages"}],"about":[{"href":"https:\/\/hawaiipublicschools.org\/haw\/wp-json\/wp\/v2\/types\/page"}],"author":[{"embeddable":true,"href":"https:\/\/hawaiipublicschools.org\/haw\/wp-json\/wp\/v2\/users\/8"}],"replies":[{"embeddable":true,"href":"https:\/\/hawaiipublicschools.org\/haw\/wp-json\/wp\/v2\/comments?post=111"}],"version-history":[{"count":0,"href":"https:\/\/hawaiipublicschools.org\/haw\/wp-json\/wp\/v2\/pages\/111\/revisions"}],"up":[{"embeddable":true,"href":"https:\/\/hawaiipublicschools.org\/haw\/wp-json\/wp\/v2\/pages\/105"}],"wp:attachment":[{"href":"https:\/\/hawaiipublicschools.org\/haw\/wp-json\/wp\/v2\/media?parent=111"}],"curies":[{"name":"wp","href":"https:\/\/api.w.org\/{rel}","templated":true}]}}