{"id":110,"date":"2024-09-04T23:52:47","date_gmt":"2024-09-04T23:52:47","guid":{"rendered":"https:\/\/hawaiipublicschools.org\/?page_id=110"},"modified":"2025-10-08T10:49:20","modified_gmt":"2025-10-08T20:49:20","slug":"strategic-plan","status":"publish","type":"page","link":"https:\/\/hawaiipublicschools.org\/haw\/about\/strategic-plan\/","title":{"rendered":"Ho\u02bbol\u0101l\u0101 ho\u02bbol\u0101l\u0101"},"content":{"rendered":"<div class=\"wp-block-columns double_col_sidebar is-layout-flex wp-container-core-columns-is-layout-28f84493 wp-block-columns-is-layout-flex\">\n<div class=\"wp-block-column left_col is-layout-flow wp-block-column-is-layout-flow\">\n<h2 class=\"wp-block-heading\">2023\u20132029 Ho\u02bbol\u0101l\u0101 Ho\u02bbol\u0101l\u0101<\/h2>\n\n\n\n<p>Hawai\u02bbi\u2019s public schools are the heart of our communities, shaping the future by empowering students, supporting educators, and inspiring success.<\/p>\n\n\n\n<p>In 2022 the Hawai\u02bbi Board of Education embarked on a journey to create a clear, forward-thinking roadmap for our public schools. The result is the <a href=\"https:\/\/boe.hawaii.gov\/joint-strategic-plan\/\" target=\"_blank\" rel=\"noreferrer noopener\">2023\u20132029 Ho\u02bbol\u0101l\u0101 Ho\u02bbol\u0101l\u0101<\/a>, he hi\u02bbona piha e ho\u02bboki\u02bbeki\u02bbe i ka holomua o n\u0101 haum\u0101na a ho\u02bboikaika i ka \u02bb\u014dnaehana ho\u02bbona\u02bbauao aupuni o Hawai\u02bbi i n\u0101 makahiki \u02bbeono.<\/p>\n\n\n\n<p>\u02bbApono \u02bbia ma n\u0101 \u02bb\u0101pana \u02bbelua, ho\u02bbonohonoho ka Plan Strategic i n\u0101 pahuhopu ki\u02bbeki\u02bbe a\u02bbo ka Ho\u02bbol\u0101l\u0101 Ho\u02bbok\u014d o ka &#039;Oihana, i \u02bbae \u02bbia i Mei 2023, e wehewehe ana pehea m\u0101kou e ho\u02bbok\u014d ai i k\u0113ia mau pahuhopu i n\u0101 kula ma ka moku\u02bb\u0101ina.<\/p>\n\n\n\n<p><strong>\u02bbO n\u0101 mea nui \u02bbekolu o ka Plan Strategic:<\/strong><\/p>\n\n\n\n<ol class=\"wp-block-list\">\n<li>Mana\u02bbo mua: Ke a\u02bbo \u02bbana ki\u02bbeki\u02bbe no n\u0101 mea a pau - E h\u014d\u02bboia i ka loa\u02bba \u02bbana o k\u0113l\u0101 me k\u0113ia haum\u0101na i ka ho\u02bbona\u02bbauao ko\u02bbiko\u02bbi, \u02bbano hou a me ka ho\u02bbona\u02bbauao.<\/li>\n\n\n\n<li>Mana\u02bbo II: \u02bbO n\u0101 limahana ho\u02bbona\u02bbauao k\u016blana ki\u02bbeki\u02bbe ma n\u0101 kula \u0101pau - \u02bbimi, k\u0101ko\u02bbo a m\u0101lama \u02bbana i n\u0101 kumu k\u016bikaw\u0101, n\u0101 alaka\u02bbi kula a me n\u0101 limahana.<\/li>\n\n\n\n<li>Ka Manawa III: N\u0101 Hana Pono a me ka Pono ma n\u0101 Papa a pau - Ho\u02bboikaika i n\u0101 \u02bb\u014dnaehana no ka hana \u02bbana i n\u0101 kula palekana, k\u0101ko\u02bbo a maika\u02bbi.<\/li>\n<\/ol>\n\n\n\n<p>Aia i loko o k\u0113ia mau mea nui he 10 mau pahuhopu a me 27 mau hopena i makemake \u02bbia e ka Papa.<\/p>\n\n\n\n<p>Ma o ka Oihana <a href=\"\/haw\/DOE%20Forms\/Advancing%20Education\/2023-29-ImplementationPlan.pdf\/\" target=\"_blank\" rel=\"noreferrer noopener\">Ho\u02bbol\u0101l\u0101 Ho\u02bbok\u014d (PDF)<\/a>, ke ho\u02bbololi nei m\u0101kou i ka \u02bbike i hana. I ka ho\u02bbomohala \u02bbana i ka ho\u02bbol\u0101l\u0101, ua k\u0101lailai ka &#039;Oihana i ka \u02bbikepili haum\u0101na, n\u0101n\u0101 i ka \u02bbikepili hana, ho\u02bbopili i n\u0101 mea kuleana a n\u0101n\u0101 i ka noi\u02bbi ho\u02bbona\u02bbauao a me n\u0101 hana e pili ana i n\u0101 h\u014d\u02bbike.&nbsp;&nbsp;<\/p>\n\n\n\n<p>N\u0101 mea ko\u02bbiko\u02bbi o ka Ho\u02bbol\u0101l\u0101 Ho\u02bbok\u014d:<\/p>\n\n\n\n<ul class=\"wp-block-list\">\n<li><strong>Ho\u02bbok\u014d Ha\u02bbawina<\/strong>: Ke k\u0101lele nei k\u0101 m\u0101kou papahana i ka ho\u02bboki\u02bbeki\u02bbe \u02bbana i n\u0101 hopena a\u02bbo haum\u0101na ma o ka h\u014d\u02bboia \u02bbana e loa\u02bba i k\u0113l\u0101 me k\u0113ia haum\u0101na kahi ho\u02bbona\u02bbauao maika\u02bbi, k\u0101ko\u02bbo \u02bbia e n\u0101 \u02bbano a\u02bbo hou a me kahi ha\u02bbawina pa\u02bba.<\/li>\n\n\n\n<li><strong>Kaulike a me ka ho\u02bbokomo<\/strong>: Ua pa\u02bba m\u0101kou i ka ho\u02bbopau \u02bbana i n\u0101 hemahema a me ka h\u0101\u02bbawi \u02bbana i n\u0101 haum\u0101na \u0101pau, me ka \u02bbole o ka hope, me ke komo \u02bbana i n\u0101 kumuwaiwai a me n\u0101 manawa e pono ai l\u0101kou e k\u016ble\u02bba.<\/li>\n\n\n\n<li><strong>Ke Kulanui, Ka Hana a me ka M\u0101kaukau Kai\u0101ulu<\/strong>: \u02bbO ka ho\u02bbom\u0101kaukau \u02bbana i n\u0101 haum\u0101na no ke ola ma mua o ke kula, \u02bbo ia ho\u02bbi ka \u02bbimi \u02bbana i ka ho\u02bbona\u02bbauao ki\u02bbeki\u02bbe, ke komo \u02bbana i ka \u02bboihana, a i \u02bbole ka lilo \u02bbana i l\u0101l\u0101 o ke kai\u0101ulu, \u02bbo ia ke kikowaena o k\u0101 m\u0101kou misionari.<\/li>\n\n\n\n<li><strong>Kumu a me alaka\u02bbi maika\u02bbi<\/strong>: No ka ho\u02bbomaopopo \u02bbana i ka ho\u02bbomaka \u02bbana o n\u0101 kula nui me n\u0101 kumu ho\u02bbona\u02bbauao maika\u02bbi loa, ke k\u0101lele nei m\u0101kou i ka ho\u02bbopa\u02bba \u02bbana, m\u0101lama a k\u0101ko\u02bbo i n\u0101 kumu akamai a me n\u0101 alaka\u02bbi kula.<\/li>\n\n\n\n<li><strong>N\u0101 Kula Palekana a K\u0101ko\u02bbo<\/strong>: Ho\u02bbola\u02bba m\u0101kou i ka hana \u02bbana i n\u0101 kaiapuni kahi e \u02bbike ai n\u0101 haum\u0101na i ka palekana, k\u0101ko\u02bbo \u02bbia a me ka mana e a\u02bbo.<\/li>\n<\/ul>\n\n\n\n<p>The strategic plan \u2014 along with the detailed implementation strategies \u2014 sets the stage for transforming public education in Hawai\u02bbi to meet the evolving needs of our students and communities, ensuring all graduates are globally competitive and locally committed.<\/p>\n\n\n\n<h2 class=\"wp-block-heading\">KA HOLO ANA<\/h2>\n\n\n\n<p class=\"has-text-align-left\">Pa\u02bba m\u0101kou i ka ho\u02bbomaika\u02bbi mau \u02bbana a me ke kuleana. \u02bbO k\u0101 m\u0101kou puka \u02bbikepili ho\u02bbona\u02bbauao, <a href=\"http:\/\/hidoedata.org\" data-type=\"link\" data-id=\"hidoedata.org\" target=\"_blank\" rel=\"noreferrer noopener\">LEI Kukui<\/a>, h\u0101\u02bbawi i n\u0101 mea hou e pili ana i ka holomua i n\u0101 hopena i makemake \u02bbia e ka Plan Strategic.<\/p>\n<\/div>\n\n\n\n<div class=\"wp-block-column right_col is-layout-flow wp-block-column-is-layout-flow\">\n<h3 class=\"wp-block-heading\">E pili ana<\/h3>\n\n\n<ul class=\"wp-block-page-list\"><li class=\"wp-block-pages-list__item has-child\"><a class=\"wp-block-pages-list__item__link\" href=\"https:\/\/hawaiipublicschools.org\/haw\/about\/organization\/\">Huihui<\/a><ul class=\"wp-block-navigation__submenu-container\"><li class=\"wp-block-pages-list__item\"><a class=\"wp-block-pages-list__item__link\" href=\"https:\/\/hawaiipublicschools.org\/haw\/about\/organization\/strive-hi-dashboard\/\">E hooikaika HI Dashboard<\/a><\/li><\/ul><\/li><li class=\"wp-block-pages-list__item\"><a class=\"wp-block-pages-list__item__link\" href=\"https:\/\/hawaiipublicschools.org\/haw\/about\/offices\/\">N\u0101 Ke\u02bbena<\/a><\/li><li class=\"wp-block-pages-list__item\"><a class=\"wp-block-pages-list__item__link\" href=\"https:\/\/hawaiipublicschools.org\/haw\/about\/na-hopena-a%ca%bbo-ha\/\">N\u0101 Hopena A\u02bbo (H\u0100)<\/a><\/li><li class=\"wp-block-pages-list__item\"><a class=\"wp-block-pages-list__item__link\" href=\"https:\/\/hawaiipublicschools.org\/haw\/about\/strategic-plan\/\">Ho\u02bbol\u0101l\u0101 ho\u02bbol\u0101l\u0101<\/a><\/li><li class=\"wp-block-pages-list__item\"><a class=\"wp-block-pages-list__item__link\" href=\"https:\/\/hawaiipublicschools.org\/haw\/about\/partnerships\/\">Huihui<\/a><\/li><li class=\"wp-block-pages-list__item has-child\"><a class=\"wp-block-pages-list__item__link\" href=\"https:\/\/hawaiipublicschools.org\/haw\/about\/budget\/\">Puke k\u0101l\u0101<\/a><ul class=\"wp-block-navigation__submenu-container\"><li class=\"wp-block-pages-list__item\"><a class=\"wp-block-pages-list__item__link\" href=\"https:\/\/hawaiipublicschools.org\/haw\/about\/budget\/appropriation-summary-reports\/\">Appropriation Summary Reports<\/a><\/li><li class=\"wp-block-pages-list__item\"><a class=\"wp-block-pages-list__item__link\" href=\"https:\/\/hawaiipublicschools.org\/haw\/about\/budget\/budget-cycle-and-process\/\">Budget Cycle and Process<\/a><\/li><li class=\"wp-block-pages-list__item\"><a class=\"wp-block-pages-list__item__link\" href=\"https:\/\/hawaiipublicschools.org\/haw\/about\/budget\/capital-improvements-program\/\">Capital Improvements Program<\/a><\/li><li class=\"wp-block-pages-list__item\"><a class=\"wp-block-pages-list__item__link\" href=\"https:\/\/hawaiipublicschools.org\/haw\/about\/budget\/federal-covid-relief-funding-for-education\/\">\u02bbO ke k\u0101l\u0101 k\u014dkua federal COVID no ka ho\u02bbona\u02bbauao<\/a><\/li><li class=\"wp-block-pages-list__item has-child\"><a class=\"wp-block-pages-list__item__link\" href=\"https:\/\/hawaiipublicschools.org\/haw\/about\/budget\/weighted-student-formula\/\">Kumu Kaumaha Haumana<\/a><ul class=\"wp-block-navigation__submenu-container\"><li class=\"wp-block-pages-list__item\"><a class=\"wp-block-pages-list__item__link\" href=\"https:\/\/hawaiipublicschools.org\/haw\/about\/budget\/weighted-student-formula\/weighted-student-formula-archived-reports\/\">Weighted Student Formula archived reports<\/a><\/li><\/ul><\/li><\/ul><\/li><li class=\"wp-block-pages-list__item has-child\"><a class=\"wp-block-pages-list__item__link\" href=\"https:\/\/hawaiipublicschools.org\/haw\/about\/federal-grants\/\">H\u0101\u02bbawi Federal<\/a><ul class=\"wp-block-navigation__submenu-container\"><li class=\"wp-block-pages-list__item\"><a class=\"wp-block-pages-list__item__link\" href=\"https:\/\/hawaiipublicschools.org\/haw\/about\/federal-grants\/comprehensive-literacy-state-development-grant-clsd\/\">H\u0101\u02bbawi K\u016b\u02bbai K\u016b\u02bbai K\u016b\u02bbai K\u016b\u02bbai K\u016b\u02bbai piha (CLSD)<\/a><\/li><li class=\"wp-block-pages-list__item\"><a class=\"wp-block-pages-list__item__link\" href=\"https:\/\/hawaiipublicschools.org\/haw\/about\/federal-grants\/adult-education-family-literacy-act-aefla\/\">\u02bbO ke k\u0101n\u0101wai no ka ho\u02bbona\u02bbauao \u02bbohana makua (AEFLA)<\/a><\/li><\/ul><\/li><\/ul>\n\n\n<p><\/p>\n<\/div>\n<\/div>\n\n\n\n<p><\/p>\n\n\n\n<p><\/p>","protected":false},"excerpt":{"rendered":"<p>2023\u20132029 Strategic Plan Hawai\u02bbi\u2019s public schools are the heart of our communities, shaping the future by empowering students, supporting educators, and inspiring success. In 2022 the Hawai\u02bbi Board of Education embarked on a journey to create a clear, forward-thinking roadmap for our public schools. The result is the 2023\u20132029 Strategic Plan, a comprehensive vision to [&hellip;]<\/p>","protected":false},"author":8,"featured_media":0,"parent":105,"menu_order":15,"comment_status":"closed","ping_status":"closed","template":"wp-custom-template-page-for-custom-sidebar","meta":{"_relevanssi_hide_post":"","_relevanssi_hide_content":"","_relevanssi_pin_for_all":"","_relevanssi_pin_keywords":"","_relevanssi_unpin_keywords":"","_relevanssi_related_keywords":"","_relevanssi_related_include_ids":"","_relevanssi_related_exclude_ids":"","_relevanssi_related_no_append":"","_relevanssi_related_not_related":"","_relevanssi_related_posts":"","_relevanssi_noindex_reason":"","_sitemap_exclude":false,"_sitemap_priority":"","_sitemap_frequency":"","_kad_blocks_custom_css":"","_kad_blocks_head_custom_js":"","_kad_blocks_body_custom_js":"","_kad_blocks_footer_custom_js":"","wp_popup_display_lightbox":0,"wp_popup_suppress":"","wp_popup_trigger":"","wp_popup_trigger_amount":0,"wp_popup_disable_on_mobile":false,"footnotes":""},"class_list":["post-110","page","type-page","status-publish","hentry"],"pp_statuses_selecting_workflow":false,"pp_workflow_action":"current","pp_status_selection":"publish","taxonomy_info":[],"featured_image_src_large":false,"author_info":{"display_name":"Ariana Enomoto","author_link":"https:\/\/hawaiipublicschools.org\/haw\/author\/arianastaceyleong-com\/"},"comment_info":0,"publishpress_future_action":{"enabled":false,"date":"2026-04-26 19:37:53","action":"change-status","newStatus":"draft","terms":[],"taxonomy":"","extraData":[]},"publishpress_future_workflow_manual_trigger":{"enabledWorkflows":[]},"_links":{"self":[{"href":"https:\/\/hawaiipublicschools.org\/haw\/wp-json\/wp\/v2\/pages\/110","targetHints":{"allow":["GET"]}}],"collection":[{"href":"https:\/\/hawaiipublicschools.org\/haw\/wp-json\/wp\/v2\/pages"}],"about":[{"href":"https:\/\/hawaiipublicschools.org\/haw\/wp-json\/wp\/v2\/types\/page"}],"author":[{"embeddable":true,"href":"https:\/\/hawaiipublicschools.org\/haw\/wp-json\/wp\/v2\/users\/8"}],"replies":[{"embeddable":true,"href":"https:\/\/hawaiipublicschools.org\/haw\/wp-json\/wp\/v2\/comments?post=110"}],"version-history":[{"count":0,"href":"https:\/\/hawaiipublicschools.org\/haw\/wp-json\/wp\/v2\/pages\/110\/revisions"}],"up":[{"embeddable":true,"href":"https:\/\/hawaiipublicschools.org\/haw\/wp-json\/wp\/v2\/pages\/105"}],"wp:attachment":[{"href":"https:\/\/hawaiipublicschools.org\/haw\/wp-json\/wp\/v2\/media?parent=110"}],"curies":[{"name":"wp","href":"https:\/\/api.w.org\/{rel}","templated":true}]}}