{"id":107,"date":"2024-09-04T23:50:58","date_gmt":"2024-09-04T23:50:58","guid":{"rendered":"https:\/\/hawaiipublicschools.org\/?page_id=107"},"modified":"2025-10-08T08:51:33","modified_gmt":"2025-10-08T18:51:33","slug":"offices","status":"publish","type":"page","link":"https:\/\/hawaiipublicschools.org\/haw\/about\/offices\/","title":{"rendered":"N\u0101 Ke\u02bbena"},"content":{"rendered":"<div class=\"wp-block-columns double_col_sidebar is-layout-flex wp-container-core-columns-is-layout-28f84493 wp-block-columns-is-layout-flex\">\n<div class=\"wp-block-column left_col is-layout-flow wp-block-column-is-layout-flow\">\n<p class=\"intro\" style=\"font-size:clamp(0.875rem, 0.875rem + ((1vw - 0.2rem) * 0.531), 1.3rem);\">The Hawai\u02bbi State Department of Education\u2019s state offices are responsible for providing departmental support to complex areas and schools statewide. Services span areas that include curriculum, vision, compliance with state and federal regulations, academic testing, education improvement, fiscal management, human resources and facilities maintenance.<\/p>\n\n\n\n<h2 class=\"wp-block-heading\">Keena o ka Luna Nui&nbsp;<\/h2>\n\n\n\n<p>The Office of the Superintendent leads Hawai\u02bbi\u2019s public school system, ensuring effective administration and alignment with state laws and Board of Education policies. This office sets the vision for educational success, driving efforts to enhance student outcomes across the state. It is supported by deputy superintendents overseeing three areas: Academics, Operations, and Strategy and Administration.<\/p>\n\n\n\n<h2 class=\"wp-block-heading\">N\u0101 ke\u02bbena ho\u02bbok\u014d&nbsp;<\/h2>\n\n\n\n<h3 class=\"wp-block-heading\">Office of Campus Operations and Support<\/h3>\n\n\n\n<p>The Office of Campus Operations and Support oversees critical operations that impact the daily functioning and safety of school campuses. The office is responsible for student transportation, school food services, and safety, security and emergency preparedness.<\/p>\n\n\n\n<h3 class=\"wp-block-heading\">Ke\u02bbena o ka Curriculum and Instructional Design&nbsp;<\/h3>\n\n\n\n<p>Na ke Ke\u02bbena o ka Curriculum and Instructional Design e hana a holomua i n\u0101 ho\u02bbol\u0101l\u0101 a\u02bbo hou a me n\u0101 papa hana a\u02bbo. K\u0101ko\u02bbo ke ke\u02bbena i n\u0101 kula me n\u0101 ha\u02bbawina ho\u02bbona\u02bbauao, ka ho\u02bboma\u02bbama\u02bba kumu, a me ka pani \u02bbana i n\u0101 hemahema. Aia ma k\u0113ia ke\u02bbena n\u0101 l\u0101l\u0101 Extended Learning and Instructional Support.<\/p>\n\n\n\n<h3 class=\"wp-block-heading\">Ke\u02bbena o n\u0101 pono a me n\u0101 hana<\/h3>\n\n\n\n<p>The Office of Facilities and Operations manages all aspects of school infrastructure, from building repairs to long-term planning. Its mission is to create and maintain efficient learning environments.<\/p>\n\n\n\n<h3 class=\"wp-block-heading\">Ke\u02bbena o n\u0101 lawelawe k\u0101l\u0101<\/h3>\n\n\n\n<p>Na ke Ke\u02bbena o n\u0101 lawelawe k\u0101l\u0101 e m\u0101lama i n\u0101 hana k\u0101l\u0101 o ka &#039;Oihana, me ka helu helu, ka ho\u02bbolilo k\u0101l\u0101 a me ke k\u016b\u02bbai \u02bbana. Ma ka m\u0101lama pono \u02bbana i n\u0101 k\u0101l\u0101, e h\u014d\u02bboia k\u0113ia ke\u02bbena i n\u0101 kula a me n\u0101 ke\u02bbena i n\u0101 kumuwaiwai e pono ai l\u0101kou e hana pono.<\/p>\n\n\n\n<h3 class=\"wp-block-heading\">Ke\u02bbena o n\u0101 lawelawe \u02bbenehana \u02bbike<\/h3>\n\n\n\n<p>M\u0101lama ka Office of Information Technology Services i ka holo pono \u02bbana o ka \u02bbenehana a me n\u0101 \u02bb\u014dnaehana kama\u02bbilio p\u016bnaewele ma o ka \u02bb\u014dnaehana kula aupuni. M\u0101lama k\u0113ia ke\u02bbena i n\u0101 \u02bboihana IT \u02bboihana, a h\u0101\u02bbawi i ke alaka\u02bbi k\u016bpono a me ke k\u0101ko\u02bbo \u02bbenehana i n\u0101 kula a me n\u0101 ke\u02bbena kikowaena.<\/p>\n\n\n\n<h3 class=\"wp-block-heading\">Ke\u02bbena o ka ho\u02bbol\u0101l\u0101, hana hou a me ka hana<\/h3>\n\n\n\n<p>The Office of Strategy, Innovation and Performance drives continuous improvement in Hawai\u02bbi\u2019s public schools. Through data-informed decision-making, the office manages policy, assessments, federal compliance, and community engagement to elevate student achievement and success.\u00a0<\/p>\n\n\n\n<h3 class=\"wp-block-heading\">Ke\u02bbena o n\u0101 lawelawe k\u0101ko\u02bbo haum\u0101na&nbsp;<\/h3>\n\n\n\n<p>M\u0101lama ka Office of Student Support Services i n\u0101 haum\u0101na e loa\u02bba n\u0101 k\u0101ko\u02bbo ho\u02bbona\u02bbauao, pilikanaka, na\u02bbau a me n\u0101 \u02bbano hana. Ma o n\u0101 papahana e like me Special Education and Alternative Learning, ho\u02bbolaha k\u0113ia ke\u02bbena i ke kaulike a me ka maika\u02bbi no k\u0113l\u0101 me k\u0113ia haum\u0101na.<\/p>\n\n\n\n<h3 class=\"wp-block-heading\">Ke\u02bbena ho\u02bbokele k\u0101lena<\/h3>\n\n\n\n<p>Na ke Ke\u02bbena o Talent Management e m\u0101lama i ka ho\u02bbopa\u02bba \u02bbana, ka ho\u02bbomohala \u02bbana a me ka m\u0101lama \u02bbana i n\u0101 limahana a pau o ka &#039;Oihana. Mai ka ho\u02bbolimalima \u02bbana i n\u0101 kumu a hiki i ka ho\u02bbolako \u02bbana i ka ho\u02bbomohala \u02bboihana, h\u014d\u02bboia k\u0113ia ke\u02bbena i n\u0101 limahana i n\u0101 kula me n\u0101 limahana akamai a ho\u02bboikaika i ka holomua o n\u0101 haum\u0101na.<\/p>\n\n\n\n<p><\/p>\n<\/div>\n\n\n\n<div class=\"wp-block-column right_col is-layout-flow wp-block-column-is-layout-flow\">\n<h3 class=\"wp-block-heading\">E pili ana<\/h3>\n\n\n<ul class=\"wp-block-page-list\"><li class=\"wp-block-pages-list__item has-child\"><a class=\"wp-block-pages-list__item__link\" href=\"https:\/\/hawaiipublicschools.org\/haw\/about\/organization\/\">Huihui<\/a><ul class=\"wp-block-navigation__submenu-container\"><li class=\"wp-block-pages-list__item\"><a class=\"wp-block-pages-list__item__link\" href=\"https:\/\/hawaiipublicschools.org\/haw\/about\/organization\/strive-hi-dashboard\/\">E hooikaika HI Dashboard<\/a><\/li><\/ul><\/li><li class=\"wp-block-pages-list__item\"><a class=\"wp-block-pages-list__item__link\" href=\"https:\/\/hawaiipublicschools.org\/haw\/about\/offices\/\">N\u0101 Ke\u02bbena<\/a><\/li><li class=\"wp-block-pages-list__item\"><a class=\"wp-block-pages-list__item__link\" href=\"https:\/\/hawaiipublicschools.org\/haw\/about\/na-hopena-a%ca%bbo-ha\/\">N\u0101 Hopena A\u02bbo (H\u0100)<\/a><\/li><li class=\"wp-block-pages-list__item\"><a class=\"wp-block-pages-list__item__link\" href=\"https:\/\/hawaiipublicschools.org\/haw\/about\/strategic-plan\/\">Ho\u02bbol\u0101l\u0101 ho\u02bbol\u0101l\u0101<\/a><\/li><li class=\"wp-block-pages-list__item\"><a class=\"wp-block-pages-list__item__link\" href=\"https:\/\/hawaiipublicschools.org\/haw\/about\/partnerships\/\">Huihui<\/a><\/li><li class=\"wp-block-pages-list__item has-child\"><a class=\"wp-block-pages-list__item__link\" href=\"https:\/\/hawaiipublicschools.org\/haw\/about\/budget\/\">Puke k\u0101l\u0101<\/a><ul class=\"wp-block-navigation__submenu-container\"><li class=\"wp-block-pages-list__item\"><a class=\"wp-block-pages-list__item__link\" href=\"https:\/\/hawaiipublicschools.org\/haw\/about\/budget\/appropriation-summary-reports\/\">Appropriation Summary Reports<\/a><\/li><li class=\"wp-block-pages-list__item\"><a class=\"wp-block-pages-list__item__link\" href=\"https:\/\/hawaiipublicschools.org\/haw\/about\/budget\/budget-cycle-and-process\/\">Budget Cycle and Process<\/a><\/li><li class=\"wp-block-pages-list__item\"><a class=\"wp-block-pages-list__item__link\" href=\"https:\/\/hawaiipublicschools.org\/haw\/about\/budget\/capital-improvements-program\/\">Capital Improvements Program<\/a><\/li><li class=\"wp-block-pages-list__item\"><a class=\"wp-block-pages-list__item__link\" href=\"https:\/\/hawaiipublicschools.org\/haw\/about\/budget\/federal-covid-relief-funding-for-education\/\">\u02bbO ke k\u0101l\u0101 k\u014dkua federal COVID no ka ho\u02bbona\u02bbauao<\/a><\/li><li class=\"wp-block-pages-list__item has-child\"><a class=\"wp-block-pages-list__item__link\" href=\"https:\/\/hawaiipublicschools.org\/haw\/about\/budget\/weighted-student-formula\/\">Kumu Kaumaha Haumana<\/a><ul class=\"wp-block-navigation__submenu-container\"><li class=\"wp-block-pages-list__item\"><a class=\"wp-block-pages-list__item__link\" href=\"https:\/\/hawaiipublicschools.org\/haw\/about\/budget\/weighted-student-formula\/weighted-student-formula-archived-reports\/\">Weighted Student Formula archived reports<\/a><\/li><\/ul><\/li><\/ul><\/li><li class=\"wp-block-pages-list__item has-child\"><a class=\"wp-block-pages-list__item__link\" href=\"https:\/\/hawaiipublicschools.org\/haw\/about\/federal-grants\/\">H\u0101\u02bbawi Federal<\/a><ul class=\"wp-block-navigation__submenu-container\"><li class=\"wp-block-pages-list__item\"><a class=\"wp-block-pages-list__item__link\" href=\"https:\/\/hawaiipublicschools.org\/haw\/about\/federal-grants\/comprehensive-literacy-state-development-grant-clsd\/\">H\u0101\u02bbawi K\u016b\u02bbai K\u016b\u02bbai K\u016b\u02bbai K\u016b\u02bbai K\u016b\u02bbai piha (CLSD)<\/a><\/li><li class=\"wp-block-pages-list__item\"><a class=\"wp-block-pages-list__item__link\" href=\"https:\/\/hawaiipublicschools.org\/haw\/about\/federal-grants\/adult-education-family-literacy-act-aefla\/\">\u02bbO ke k\u0101n\u0101wai no ka ho\u02bbona\u02bbauao \u02bbohana makua (AEFLA)<\/a><\/li><\/ul><\/li><\/ul><\/div>\n<\/div>","protected":false},"excerpt":{"rendered":"<p>The Hawai\u02bbi State Department of Education\u2019s state offices are responsible for providing departmental support to complex areas and schools statewide. Services span areas that include curriculum, vision, compliance with state and federal regulations, academic testing, education improvement, fiscal management, human resources and facilities maintenance. Office of the Superintendent&nbsp; The Office of the Superintendent leads Hawai\u02bbi\u2019s [&hellip;]<\/p>","protected":false},"author":8,"featured_media":0,"parent":105,"menu_order":13,"comment_status":"closed","ping_status":"closed","template":"wp-custom-template-page-for-custom-sidebar","meta":{"_relevanssi_hide_post":"","_relevanssi_hide_content":"","_relevanssi_pin_for_all":"","_relevanssi_pin_keywords":"","_relevanssi_unpin_keywords":"","_relevanssi_related_keywords":"","_relevanssi_related_include_ids":"","_relevanssi_related_exclude_ids":"","_relevanssi_related_no_append":"","_relevanssi_related_not_related":"","_relevanssi_related_posts":"","_relevanssi_noindex_reason":"","_sitemap_exclude":false,"_sitemap_priority":"","_sitemap_frequency":"","_kad_blocks_custom_css":"","_kad_blocks_head_custom_js":"","_kad_blocks_body_custom_js":"","_kad_blocks_footer_custom_js":"","wp_popup_display_lightbox":0,"wp_popup_suppress":"","wp_popup_trigger":"","wp_popup_trigger_amount":0,"wp_popup_disable_on_mobile":false,"footnotes":""},"class_list":["post-107","page","type-page","status-publish","hentry"],"pp_statuses_selecting_workflow":false,"pp_workflow_action":"current","pp_status_selection":"publish","taxonomy_info":[],"featured_image_src_large":false,"author_info":{"display_name":"Ariana Enomoto","author_link":"https:\/\/hawaiipublicschools.org\/haw\/author\/arianastaceyleong-com\/"},"comment_info":0,"publishpress_future_action":{"enabled":false,"date":"2026-04-26 06:03:34","action":"change-status","newStatus":"draft","terms":[],"taxonomy":"","extraData":[]},"publishpress_future_workflow_manual_trigger":{"enabledWorkflows":[]},"_links":{"self":[{"href":"https:\/\/hawaiipublicschools.org\/haw\/wp-json\/wp\/v2\/pages\/107","targetHints":{"allow":["GET"]}}],"collection":[{"href":"https:\/\/hawaiipublicschools.org\/haw\/wp-json\/wp\/v2\/pages"}],"about":[{"href":"https:\/\/hawaiipublicschools.org\/haw\/wp-json\/wp\/v2\/types\/page"}],"author":[{"embeddable":true,"href":"https:\/\/hawaiipublicschools.org\/haw\/wp-json\/wp\/v2\/users\/8"}],"replies":[{"embeddable":true,"href":"https:\/\/hawaiipublicschools.org\/haw\/wp-json\/wp\/v2\/comments?post=107"}],"version-history":[{"count":0,"href":"https:\/\/hawaiipublicschools.org\/haw\/wp-json\/wp\/v2\/pages\/107\/revisions"}],"up":[{"embeddable":true,"href":"https:\/\/hawaiipublicschools.org\/haw\/wp-json\/wp\/v2\/pages\/105"}],"wp:attachment":[{"href":"https:\/\/hawaiipublicschools.org\/haw\/wp-json\/wp\/v2\/media?parent=107"}],"curies":[{"name":"wp","href":"https:\/\/api.w.org\/{rel}","templated":true}]}}