{"id":102,"date":"2024-09-04T23:48:11","date_gmt":"2024-09-04T23:48:11","guid":{"rendered":"https:\/\/hawaiipublicschools.org\/?page_id=102"},"modified":"2026-03-04T11:03:24","modified_gmt":"2026-03-04T21:03:24","slug":"school-community-councils","status":"publish","type":"page","link":"https:\/\/hawaiipublicschools.org\/haw\/resources\/school-community-councils\/","title":{"rendered":"\u02bbAha Kula Kaiapuni"},"content":{"rendered":"<p class=\"intro\" style=\"font-size:clamp(0.875rem, 0.875rem + ((1vw - 0.2rem) * 0.531), 1.3rem);\">\u02bbO n\u0101 \u02bbaha k\u016bk\u0101 kaiaulu o ke kula he mau \u02bbaha k\u016bk\u0101 no ka ho\u02bbololi \u02bbana i n\u0101 mana\u02bbo e pili ana i ka ho\u02bbomaika\u02bbi \u02bbana i ka holomua o n\u0101 haum\u0101na ma waena o n\u0101 mea kuleana o ke kula-n\u0101 po\u02bbo kumu, n\u0101 kumu, n\u0101 limahana kula, n\u0101 m\u0101kua, n\u0101 haum\u0101na a me n\u0101 l\u0101l\u0101 o ke kai\u0101ulu. K\u014dkua l\u0101kou i ka hana \u02bbana i ka Ho\u02bbol\u0101l\u0101 Academic a me ka Ho\u02bbol\u0101l\u0101 Waiwai o ke kula, n\u0101na e ho\u02bbokumu i n\u0101 pahuhopu a me n\u0101 papahana no ke kula.<\/p>\n\n\n\n<h2 class=\"wp-block-heading\">E pili ana<\/h2>\n\n\n\n<p>He kuleana ko\u02bbiko\u02bbi ko School Community Council (SCC) i ka \u02bb\u014dnaehana ho\u02bbona\u02bbauao o Hawai\u02bbi. He \u02bb\u0101pana l\u0101kou o ka papa alaka\u02bbi ma k\u0113l\u0101 me k\u0113ia kula a hiki i ka ho\u02bboholo like \u02bbana ma waena o n\u0101 po\u02bbo, n\u0101 kumu, n\u0101 limahana kula, n\u0101 m\u0101kua, n\u0101 haum\u0101na a me n\u0101 l\u0101l\u0101 o ke kai\u0101ulu e ho\u02bbomaika\u02bbi i ka holomua haum\u0101na. \u02bbO n\u0101 SCC:<\/p>\n\n\n\n<ul class=\"wp-block-list\">\n<li>He p\u016b\u02bbulu o ka po\u02bbe i koho \u02bbia e ko l\u0101kou mau hoa e a\u02bbo i ke po\u02bbo kumu i n\u0101 mea e pili ana i ka holomua o n\u0101 haum\u0101na a me ka holomua o ke kula. \u02bbO k\u0101 l\u0101kou kuleana nui, \u02bbo ia ke komo \u02bbana i ke ka\u02bbina hana e h\u014d\u02bboia\u02bbi\u02bbo ai i ka ho\u02bbok\u014d \u02bbia \u02bbana o n\u0101 pono o n\u0101 haum\u0101na a pau ma ka Plan Academic o ke kula.<\/li>\n\n\n\n<li>N\u0101 \u02bbaha k\u016bk\u0101 no ke k\u016bk\u0101k\u016bk\u0101 \u0101kea a me ka ho\u02bboponopono pilikia e pili ana i ka ho\u02bbok\u014d haum\u0101na. H\u014d\u02bbike ka noi\u02bbi e k\u014dkua ana ke ka\u02bbina hana i ka ho\u02bbomaika\u02bbi \u02bbana i ka mo\u02bbomeheu kula, n\u0101 hana lumi papa a me ke a\u02bbo \u02bbana o n\u0101 haum\u0101na, a me ka ho\u02bbomohala \u02bbana i kahi kai\u0101ulu \u02bboihana ikaika o n\u0101 kumu.<\/li>\n\n\n\n<li>He ala e ho\u02bbokomo i ke kai\u0101ulu i ke k\u016bk\u0101k\u016bk\u0101 o n\u0101 pilikia ho\u02bbona\u02bbauao a k\u014dkua i n\u0101 kula e \u02bbike a pane i n\u0101 pono ho\u02bbona\u02bbauao o ke kai\u0101ulu.<\/li>\n<\/ul>\n\n\n\n<h3 class=\"wp-block-heading\">N\u0101 p\u014dmaika\u02bbi<\/h3>\n\n\n\n<p>Loa\u02bba n\u0101 p\u014dmaika\u02bbi i n\u0101 l\u0101l\u0101 o kahi SCC:<\/p>\n\n\n\n<ul class=\"wp-block-list\">\n<li>E a\u02bbo e pili ana i ka noi\u02bbi ho\u02bbona\u02bbauao a me n\u0101 mea e pili ana i ka holomua o n\u0101 haum\u0101na.<\/li>\n\n\n\n<li>He hoa ko\u02bbiko\u02bbi ma ka \u02bb\u014dnaehana ho\u02bbona\u02bbauao, nona n\u0101 mana\u02bbo i waiwai.<\/li>\n\n\n\n<li>H\u0101\u02bbawi i ka pahuhopu like \u02bbo ka ho\u02bbomaika\u02bbi \u02bbana i ka holomua o n\u0101 haum\u0101na.<\/li>\n\n\n\n<li>Loa\u02bba i kahi ka\u02bba e h\u014d\u02bbike ai i n\u0101 mana\u02bbo a ka\u02bbana like i n\u0101 mana\u02bbo.<\/li>\n\n\n\n<li>Ho\u02bbomaopopo \u02bbia e pili ana i n\u0101 mea e hana nei ma ke kula.<\/li>\n<\/ul>\n\n\n\n<h2 class=\"wp-block-heading\">Ho\u02bbopili<\/h2>\n\n\n\n<p>\u02bbO ke komo \u02bbana i ke Kula Kaiapuni \u02bb\u0100ina e h\u0101\u02bbawi i kahi manawa k\u016b\u02bboko\u02bba e ho\u02bbololi i ka ho\u02bbona\u02bbauao lehulehu. No ka n\u012bnau \u02bbana e pili ana i ke komo \u02bbana i kahi \u02bbaha k\u016bk\u0101, e \u02bbolu\u02bbolu e kelepona pololei i kahi kula a i \u02bbole e kelepona i ka l\u0101l\u0101 hui kaiaulu ma 808-305-0691.\u200b<\/p>\n\n\n\n<h2 class=\"wp-block-heading\">N\u0101 Palapala Ki\u02bbi<\/h2>\n\n\n\n<ul class=\"wp-block-list\">\n<li>E ho\u02bbohana i ka <a href=\"https:\/\/hawaiipublicschools.org\/haw\/?page_id=14&amp;preview_id=14\" target=\"_blank\" rel=\"noreferrer noopener\">Huli Kula HIDOE<\/a> to visit school webpages to view their current academic and financial plans. To view academic and financial plans for previous years, please reach out to the school directly. <\/li>\n\n\n\n<li>No ka \u02bbike \u02bbana i n\u0101 papahana SCC o ke kula, n\u0101 minuke a me n\u0101 \u02bbike pili, e \u02bbolu\u02bbolu e kipa i ka p\u016bnaewele o ke kula.&nbsp;<\/li>\n<\/ul>\n\n\n\n<h2 class=\"wp-block-heading\">N\u0101 kumuwaiwai<\/h2>\n\n\n\n<p>Aia ma lalo kahi palapala kuhikuhi no n\u0101 hana a me n\u0101 kuleana o ka \u02bbAha Kula Kaiapuni a puni ka makahiki.<\/p>\n\n\n\n<ul class=\"wp-block-list\">\n<li><a href=\"\/haw\/DOE%20Forms\/SCC\/SCCTimeline.pdf\/\" target=\"_blank\" rel=\"noreferrer noopener\">Ka papa inoa o n\u0101 hana SCC a me ka laina manawa (PDF)<\/a><\/li>\n\n\n\n<li><a href=\"\/wp-content\/uploads\/SCC-Handbook-Updated-8.22.pdf\" data-type=\"attachment\" data-id=\"18792\" target=\"_blank\" rel=\"noreferrer noopener\">SCC Handbook (PDF)<\/a><\/li>\n<\/ul>\n\n\n\n<p><\/p>\n\n\n\n<p><\/p>\n\n\n\n<p><\/p>","protected":false},"excerpt":{"rendered":"<p>School Community Councils are forums for exchanging ideas about how to improve student achievement among the school\u2019s stakeholders\u2014principals, teachers, school staff, parents, students and community members. They help craft the school&#8217;s Academic Plan and Financial Plan, which establish the goals and programs for the school. \u200b\u200b\u200b\u200b\u200b\u200b\u200b\u200b\u200b\u200b\u200b\u200b\u200b\u200b\u200b\u200bAbout School Community Councils (SCC) play a vital role in [&hellip;]<\/p>","protected":false},"author":8,"featured_media":0,"parent":87,"menu_order":18,"comment_status":"closed","ping_status":"closed","template":"","meta":{"_relevanssi_hide_post":"","_relevanssi_hide_content":"","_relevanssi_pin_for_all":"","_relevanssi_pin_keywords":"","_relevanssi_unpin_keywords":"","_relevanssi_related_keywords":"","_relevanssi_related_include_ids":"","_relevanssi_related_exclude_ids":"","_relevanssi_related_no_append":"","_relevanssi_related_not_related":"","_relevanssi_related_posts":"11057,16234,17000,2417,9777,15545","_relevanssi_noindex_reason":"","_sitemap_exclude":false,"_sitemap_priority":"","_sitemap_frequency":"","_kad_blocks_custom_css":"","_kad_blocks_head_custom_js":"","_kad_blocks_body_custom_js":"","_kad_blocks_footer_custom_js":"","wp_popup_display_lightbox":0,"wp_popup_suppress":"","wp_popup_trigger":"","wp_popup_trigger_amount":0,"wp_popup_disable_on_mobile":false,"footnotes":""},"class_list":["post-102","page","type-page","status-publish","hentry"],"pp_statuses_selecting_workflow":false,"pp_workflow_action":"current","pp_status_selection":"publish","taxonomy_info":[],"featured_image_src_large":false,"author_info":{"display_name":"Ariana Enomoto","author_link":"https:\/\/hawaiipublicschools.org\/haw\/author\/arianastaceyleong-com\/"},"comment_info":0,"publishpress_future_action":{"enabled":false,"date":"2026-04-18 06:05:09","action":"change-status","newStatus":"draft","terms":[],"taxonomy":"","extraData":[]},"publishpress_future_workflow_manual_trigger":{"enabledWorkflows":[]},"_links":{"self":[{"href":"https:\/\/hawaiipublicschools.org\/haw\/wp-json\/wp\/v2\/pages\/102","targetHints":{"allow":["GET"]}}],"collection":[{"href":"https:\/\/hawaiipublicschools.org\/haw\/wp-json\/wp\/v2\/pages"}],"about":[{"href":"https:\/\/hawaiipublicschools.org\/haw\/wp-json\/wp\/v2\/types\/page"}],"author":[{"embeddable":true,"href":"https:\/\/hawaiipublicschools.org\/haw\/wp-json\/wp\/v2\/users\/8"}],"replies":[{"embeddable":true,"href":"https:\/\/hawaiipublicschools.org\/haw\/wp-json\/wp\/v2\/comments?post=102"}],"version-history":[{"count":2,"href":"https:\/\/hawaiipublicschools.org\/haw\/wp-json\/wp\/v2\/pages\/102\/revisions"}],"predecessor-version":[{"id":18794,"href":"https:\/\/hawaiipublicschools.org\/haw\/wp-json\/wp\/v2\/pages\/102\/revisions\/18794"}],"up":[{"embeddable":true,"href":"https:\/\/hawaiipublicschools.org\/haw\/wp-json\/wp\/v2\/pages\/87"}],"wp:attachment":[{"href":"https:\/\/hawaiipublicschools.org\/haw\/wp-json\/wp\/v2\/media?parent=102"}],"curies":[{"name":"wp","href":"https:\/\/api.w.org\/{rel}","templated":true}]}}