{"id":101,"date":"2024-09-04T23:47:45","date_gmt":"2024-09-04T23:47:45","guid":{"rendered":"https:\/\/hawaiipublicschools.org\/?page_id=101"},"modified":"2026-02-05T16:37:11","modified_gmt":"2026-02-06T02:37:11","slug":"community-childrens-council","status":"publish","type":"page","link":"https:\/\/hawaiipublicschools.org\/haw\/resources\/community-childrens-council\/","title":{"rendered":"Aha Kai\u0101ulu Keiki"},"content":{"rendered":"<div class=\"wp-block-columns double_col_sidebar is-layout-flex wp-container-core-columns-is-layout-28f84493 wp-block-columns-is-layout-flex\">\n<div class=\"wp-block-column left_col is-layout-flow wp-block-column-is-layout-flow\">\n<p class=\"intro\">H\u0101\u02bbawi ka Community Children&#039;s Council i n\u0101 keiki a me n\u0101 \u02bbohana - me ka po\u02bbe me ke kino k\u012bn\u0101 a me n\u0101 pono olakino no\u02bbono\u02bbo - ma o ka hui p\u016b \u02bbana. Pono n\u0101 hui like \u02bbole i k\u0101ko\u02bbo piha \u02bbia i ke komo like \u02bbana a me n\u0101 kuleana like o n\u0101 \u02bbohana, n\u0101 mea ho\u02bbolako k\u016bloko, n\u0101 mea pili kai\u0101ulu a me n\u0101 \u02bbelele.<\/p>\n\n\n\n<h2 class=\"wp-block-heading\">E pili ana<\/h2>\n\n\n\n<p>\u02bbO kekahi o n\u0101 hui ko\u02bbiko\u02bbi i ka ho\u02bbomohala \u02bbana i n\u0101 lawelawe piha i n\u0101 keiki pono k\u016bikaw\u0101 a me ko l\u0101kou mau \u02bbohana, alaka\u02bbi \u02bbia ka Community Children&#039;s Council e n\u0101 m\u0101kua manawale\u02bba a me n\u0101 luna ho\u02bbomalu \u02bboihana mai ko l\u0101kou kai\u0101ulu. \u02bbOi aku ka mana\u02bbo hui ma mua o ka ho\u02bbok\u014d \u02bbana i n\u0101 lawelawe pono k\u016bikaw\u0101 no ka ho\u02bbolako \u02bbana i n\u0101 \u02bbaha k\u016bk\u0101 k\u016bloko a puni ka moku\u02bb\u0101ina no n\u0101 l\u0101l\u0101 o ke kai\u0101ulu e \u02bb\u0101koakoa ma ke \u02bbano he mau hoa like e k\u016bk\u0101k\u016bk\u0101 a ho\u02bbopilikia maika\u02bbi i n\u0101 pilikia no ka pono o n\u0101 keiki, n\u0101 \u02bbohana a me n\u0101 kai\u0101ulu. \u02bbO n\u0101 pahuhopu:<\/p>\n\n\n\n<ul class=\"wp-block-list\">\n<li>E ho\u02bbolako i ka mana\u02bbo o ka komo \u02bbana o ka \u02bbohana i ka ho\u02bbol\u0101l\u0101 a me ka ho\u02bboholo \u02bbana.<\/li>\n\n\n\n<li>H\u0101\u02bbawi i kahi ka\u02bba no ke komo \u02bbana o ke kai\u0101ulu.<\/li>\n\n\n\n<li>E hana p\u016b i kahi \u02bbike like no kahi \u02bb\u014dnaehana m\u0101lama m\u0101lama.<\/li>\n\n\n\n<li>E ho\u02bbok\u014d i n\u0101 loiloi pono kai\u0101ulu a me ke ka\u02bbina ho\u02bbol\u0101l\u0101 ho\u02bbol\u0101l\u0101.<\/li>\n\n\n\n<li>E komo i ka h\u014d\u02bboia maika\u02bbi a me ka ho\u02bbomaika\u02bbi \u02bbana i ka ho\u02bbomohala \u02bbana i ka \u02bb\u014dnaehana m\u0101lama.<\/li>\n<\/ul>\n\n\n\n<p>There are 17 Community Children&#8217;s Councils in Hawai\u02bbi that usually meet monthly. Common activities include parent support groups, workshops and informational meetings, with conferences and special events offered throughout the year.<\/p>\n\n\n\n<p>K\u0101ko\u02bbo \u02bbia n\u0101 \u02bbaha k\u016bk\u0101 e kahi ke\u02bbena e h\u0101\u02bbawi i ke k\u0101ko\u02bbo \u02bbenehana a me ka ho\u02bbokele, me ka h\u014d\u02bbili\u02bbili \u02bbike a me ka ho\u02bbolaha \u02bbana, k\u014dkua logistical no n\u0101 \u02bbaha k\u016bk\u0101 a me n\u0101 ha\u02bbawina, ho\u02bboma\u02bbama\u02bba i ke alaka\u02bbi a me ka ho\u02bboma\u02bbama\u02bba, a me ka h\u0101\u02bbawi \u02bbana i ke k\u014dkua \u02bbenehana a me ke k\u0101ko\u02bbo. No ka \u02bbike pili a me n\u0101 loulou hui, e kipa i ka <a href=\"https:\/\/hawaiicommunityengagement.com\/community-childrens-councils\/\" target=\"_blank\" rel=\"noreferrer noopener\">Community Children&#8217;s Council website<\/a>.<\/p>\n\n\n\n<h2 class=\"wp-block-heading\">Ho\u02bbopili<\/h2>\n\n\n\n<p>Ph: 808-305-0696<br>leka uila: <a href=\"mailto:familypartnerships@k12.hi.us\" target=\"_blank\" rel=\"noreferrer noopener\">familypartnerships@k12.hi.us<\/a><br><a href=\"https:\/\/hawaiicommunityengagement.com\/community-childrens-councils\/\" target=\"_blank\" rel=\"noreferrer noopener\">Aha Kai\u0101ulu Keiki<\/a> P\u016bnaewele<\/p>\n\n\n\n<h2 class=\"wp-block-heading\">N\u0101 kumuwaiwai<\/h2>\n\n\n\n<ul class=\"wp-block-list\">\n<li><a href=\"https:\/\/hawaiipublicschools.org\/wp-content\/uploads\/CCC-Flyer-Feb-2026.pdf\" target=\"_blank\" rel=\"noreferrer noopener\">HIDOE Community Children&#8217;s Councils Information<\/a><\/li>\n\n\n\n<li><a href=\"https:\/\/hawaiipublicschools.org\/wp-content\/uploads\/Support-for-Families-QR.pdf\" target=\"_blank\" rel=\"noreferrer noopener\">Support for Families<\/a><\/li>\n\n\n\n<li><a href=\"http:\/\/spinhawaii.org\/\" target=\"_blank\" rel=\"noreferrer noopener\">P\u016bnaehana \u02bbIke Makua K\u016bikaw\u0101: Hawai\u02bbi<\/a>&nbsp;<\/li>\n\n\n\n<li><a href=\"http:\/\/www.ldahawaii.org\/\" target=\"_blank\" rel=\"noreferrer noopener\">Ke alaka\u02bbi i ke kino k\u012bn\u0101 a me ka holomua o ka Hawai\u02bbi<\/a>&nbsp;<\/li>\n\n\n\n<li><a href=\"http:\/\/seac-hawaii.org\/\" target=\"_blank\" rel=\"noreferrer noopener\">\u02bbAha K\u016bk\u0101k\u016bk\u0101 Ho\u02bbona\u02bbauao K\u016bikaw\u0101<\/a>&nbsp;<\/li>\n\n\n\n<li><a href=\"http:\/\/www.ldonline.org\/\" target=\"_blank\" rel=\"noreferrer noopener\">LD Online<\/a>&nbsp;<\/li>\n\n\n\n<li><a href=\"http:\/\/www.pacer.org\/\" target=\"_blank\" rel=\"noreferrer noopener\">Pacer Center<\/a>&nbsp;<\/li>\n\n\n\n<li><a href=\"http:\/\/www.chadd.org\/\" target=\"_blank\" rel=\"noreferrer noopener\">CHADD \u2014 \u02bbO n\u0101 keiki a me n\u0101 m\u0101kua me ka ma\u02bbi n\u0101n\u0101-deficit\/hyperactivity<\/a>&nbsp;<\/li>\n\n\n\n<li><a href=\"https:\/\/www2.ed.gov\/about\/offices\/list\/osers\/osep\/index.html\" target=\"_blank\" rel=\"noreferrer noopener\">Ke\u02bbena o n\u0101 papahana ho\u02bbona\u02bbauao k\u016bikaw\u0101 (OSEP)<\/a>&nbsp;<\/li>\n\n\n\n<li><a href=\"https:\/\/dyslexiaida.org\/\" target=\"_blank\" rel=\"noreferrer noopener\">\u02bbAhahui Dyslexia International<\/a>&nbsp;<\/li>\n<\/ul>\n<\/div>\n<\/div>\n\n\n\n<p><\/p>","protected":false},"excerpt":{"rendered":"<p>The Community Children\u2019s Councils serve children and families \u2014 including those with disabilities and mental health needs \u2014 through collaborative partnerships. Fully supported collaborative partnerships require equal participation and shared responsibilities of families, local providers, community stakeholders and representatives. ABOUT One of the key partnerships in the development of a full array of services to [&hellip;]<\/p>","protected":false},"author":8,"featured_media":0,"parent":87,"menu_order":15,"comment_status":"closed","ping_status":"closed","template":"","meta":{"_relevanssi_hide_post":"","_relevanssi_hide_content":"","_relevanssi_pin_for_all":"","_relevanssi_pin_keywords":"","_relevanssi_unpin_keywords":"","_relevanssi_related_keywords":"","_relevanssi_related_include_ids":"","_relevanssi_related_exclude_ids":"","_relevanssi_related_no_append":"","_relevanssi_related_not_related":"","_relevanssi_related_posts":"11057,16234,10032,14020,10101,10143","_relevanssi_noindex_reason":"","_sitemap_exclude":false,"_sitemap_priority":"","_sitemap_frequency":"","_kad_blocks_custom_css":"","_kad_blocks_head_custom_js":"","_kad_blocks_body_custom_js":"","_kad_blocks_footer_custom_js":"","wp_popup_display_lightbox":0,"wp_popup_suppress":"","wp_popup_trigger":"","wp_popup_trigger_amount":0,"wp_popup_disable_on_mobile":false,"footnotes":""},"class_list":["post-101","page","type-page","status-publish","hentry"],"pp_statuses_selecting_workflow":false,"pp_workflow_action":"current","pp_status_selection":"publish","taxonomy_info":[],"featured_image_src_large":false,"author_info":{"display_name":"Ariana Enomoto","author_link":"https:\/\/hawaiipublicschools.org\/haw\/author\/arianastaceyleong-com\/"},"comment_info":0,"publishpress_future_action":{"enabled":false,"date":"2026-04-28 06:43:40","action":"change-status","newStatus":"draft","terms":[],"taxonomy":"","extraData":[]},"publishpress_future_workflow_manual_trigger":{"enabledWorkflows":[]},"_links":{"self":[{"href":"https:\/\/hawaiipublicschools.org\/haw\/wp-json\/wp\/v2\/pages\/101","targetHints":{"allow":["GET"]}}],"collection":[{"href":"https:\/\/hawaiipublicschools.org\/haw\/wp-json\/wp\/v2\/pages"}],"about":[{"href":"https:\/\/hawaiipublicschools.org\/haw\/wp-json\/wp\/v2\/types\/page"}],"author":[{"embeddable":true,"href":"https:\/\/hawaiipublicschools.org\/haw\/wp-json\/wp\/v2\/users\/8"}],"replies":[{"embeddable":true,"href":"https:\/\/hawaiipublicschools.org\/haw\/wp-json\/wp\/v2\/comments?post=101"}],"version-history":[{"count":0,"href":"https:\/\/hawaiipublicschools.org\/haw\/wp-json\/wp\/v2\/pages\/101\/revisions"}],"up":[{"embeddable":true,"href":"https:\/\/hawaiipublicschools.org\/haw\/wp-json\/wp\/v2\/pages\/87"}],"wp:attachment":[{"href":"https:\/\/hawaiipublicschools.org\/haw\/wp-json\/wp\/v2\/media?parent=101"}],"curies":[{"name":"wp","href":"https:\/\/api.w.org\/{rel}","templated":true}]}}