{"id":100,"date":"2024-09-04T23:47:15","date_gmt":"2024-09-04T23:47:15","guid":{"rendered":"https:\/\/hawaiipublicschools.org\/?page_id=100"},"modified":"2025-02-13T13:24:41","modified_gmt":"2025-02-13T23:24:41","slug":"hawai%ca%bbi-state-parent-teacher-student-association","status":"publish","type":"page","link":"https:\/\/hawaiipublicschools.org\/haw\/resources\/hawai%ca%bbi-state-parent-teacher-student-association\/","title":{"rendered":"Ahahui Haumana Kumu Makua o ka Mokuaina o Hawaii"},"content":{"rendered":"<p class=\"intro\">He hui k\u0101ko\u02bbo manawale\u02bba ka \u02bbAhahui Haum\u0101na Kumu M\u0101kua Moku\u02bb\u0101ina o Hawai\u02bbi Moku\u02bb\u0101ina (HSPTSA) e k\u0101ko\u02bbo ana i n\u0101 haum\u0101na ma o ka hana makua, kumu a me ke kai\u0101ulu. H\u0101\u02bbawi ia i n\u0101 kumuwaiwai, ho\u02bboma\u02bbama\u02bba alaka\u02bbi a me n\u0101 manawa e komo ai i loko a i waho o ka lumi papa.<\/p>\n\n\n\n<h2 class=\"wp-block-heading\">E pili ana<\/h2>\n\n\n\n<p>Ho\u02bbomaka ka holomua a me ke k\u0101ko\u02bbo o n\u0101 haum\u0101na a pau ma ka home. Ka Hui Haum\u0101na M\u0101kua M\u0101kua Moku\u02bb\u0101ina \u02bbo Hawai\u02bbi (<a href=\"http:\/\/www.hawaiistateptsa.org\/\" data-type=\"link\" data-id=\"http:\/\/www.hawaiistateptsa.org\/\" target=\"_blank\" rel=\"noreferrer noopener\">HSPTSA<\/a>) he hui k\u0101ko\u02bbo manawale\u02bba i wehe \u02bbia i k\u0113l\u0101 me k\u0113ia o ke kai\u0101ulu. H\u0101\u02bbawi ka hui i n\u0101 kumuwaiwai ma waho o ke kaiapuni ho\u02bbona\u02bbauao ma\u02bbamau no n\u0101 m\u0101kua, n\u0101 kumu a me n\u0101 haum\u0101na i hiki i k\u0101u mau keiki ke lanakila ma waho a ma waho o ka lumi papa. \u02bbO ka lilo \u02bbana i \u02bb\u0101pana o ka huaka\u02bbi ho\u02bbona\u02bbauao o k\u0101u keiki he ala maika\u02bbi loa ia e h\u0101\u02bbawi manawale\u02bba ai, e h\u0101l\u0101wai me n\u0101 m\u0101kua \u02bb\u0113 a\u02bbe, e pili p\u016b me n\u0101 mea e hana nei i k\u0101u kula a k\u0101ko\u02bbo i ke kai\u0101ulu kula. E n\u012bnau pehea \u02bboe e komo ai!<\/p>\n\n\n\n<h3 class=\"wp-block-heading\">Misiona HSPTSA<\/h3>\n\n\n\n<ul class=\"wp-block-list\">\n<li>E h\u0101pai i ka pono o n\u0101 keiki a me n\u0101 \u02bb\u014dpio ma ka home, ke kula a me ke kai\u0101ulu.<\/li>\n\n\n\n<li>E ho\u02bboki\u02bbeki\u02bbe i n\u0101 k\u016blana o ke ola home.<\/li>\n\n\n\n<li>E ho\u02bbopa\u02bba i n\u0101 k\u0101n\u0101wai k\u016bpono no ka m\u0101lama \u02bbana a me ka pale \u02bbana i n\u0101 keiki a me n\u0101 \u02bb\u014dpio.<\/li>\n\n\n\n<li>E k\u016bkulu i ka pilina pili ma waena o ka home a me ke kula i hiki i n\u0101 m\u0101kua a me n\u0101 kumu ke hana like i ka ho\u02bbona\u02bbauao \u02bbana o ka \u02bb\u014dpio.<\/li>\n<\/ul>\n\n\n\n<h3 class=\"wp-block-heading\">N\u0101 ala e h\u0101\u02bbawi manawale\u02bba ai<\/h3>\n\n\n\n<ul class=\"wp-block-list\">\n<li>E k\u014dkua i ka HSPTSA e ho\u02bboikaika i n\u0101 keiki ma n\u0101 kula, n\u0101 kai\u0101ulu, ma mua o n\u0101 hui aupuni a me n\u0101 hui \u02bb\u0113 a\u02bbe e ho\u02bboholo i n\u0101 keiki.<\/li>\n\n\n\n<li>E ho\u02bboka\u02bba\u02bbike aku i n\u0101 luna k\u0101n\u0101wai k\u016bloko a i \u02bbole e lilo i noho luna k\u0101n\u0101wai hui k\u016bloko.<\/li>\n\n\n\n<li>E hana p\u016b me ke kula e ho\u02bbok\u014d i kahi kulekele pili \u02bbohana ikaika.<\/li>\n<\/ul>\n\n\n\n<p><\/p>\n\n\n\n<p><\/p>","protected":false},"excerpt":{"rendered":"<p>The Hawai\u02bbi State Parent Teacher Student Association (HSPTSA) is a volunteer advocacy group supporting students through parent, teacher and community involvement. It provides resources, leadership training and opportunities to engage both in and out of the classroom. ABOUT Success and support of all students begin at home. The Hawai\u02bbi State Parent Teacher Student Association (HSPTSA) [&hellip;]<\/p>","protected":false},"author":8,"featured_media":0,"parent":87,"menu_order":14,"comment_status":"closed","ping_status":"closed","template":"","meta":{"_relevanssi_hide_post":"","_relevanssi_hide_content":"","_relevanssi_pin_for_all":"","_relevanssi_pin_keywords":"","_relevanssi_unpin_keywords":"","_relevanssi_related_keywords":"","_relevanssi_related_include_ids":"","_relevanssi_related_exclude_ids":"","_relevanssi_related_no_append":"","_relevanssi_related_not_related":"","_relevanssi_related_posts":"","_relevanssi_noindex_reason":"","_sitemap_exclude":false,"_sitemap_priority":"","_sitemap_frequency":"","_kad_blocks_custom_css":"","_kad_blocks_head_custom_js":"","_kad_blocks_body_custom_js":"","_kad_blocks_footer_custom_js":"","wp_popup_display_lightbox":0,"wp_popup_suppress":"","wp_popup_trigger":"","wp_popup_trigger_amount":0,"wp_popup_disable_on_mobile":false,"footnotes":""},"class_list":["post-100","page","type-page","status-publish","hentry"],"pp_statuses_selecting_workflow":false,"pp_workflow_action":"current","pp_status_selection":"publish","taxonomy_info":[],"featured_image_src_large":false,"author_info":{"display_name":"Ariana Enomoto","author_link":"https:\/\/hawaiipublicschools.org\/haw\/author\/arianastaceyleong-com\/"},"comment_info":0,"publishpress_future_action":{"enabled":false,"date":"2026-04-12 13:04:04","action":"change-status","newStatus":"draft","terms":[],"taxonomy":"","extraData":[]},"publishpress_future_workflow_manual_trigger":{"enabledWorkflows":[]},"_links":{"self":[{"href":"https:\/\/hawaiipublicschools.org\/haw\/wp-json\/wp\/v2\/pages\/100","targetHints":{"allow":["GET"]}}],"collection":[{"href":"https:\/\/hawaiipublicschools.org\/haw\/wp-json\/wp\/v2\/pages"}],"about":[{"href":"https:\/\/hawaiipublicschools.org\/haw\/wp-json\/wp\/v2\/types\/page"}],"author":[{"embeddable":true,"href":"https:\/\/hawaiipublicschools.org\/haw\/wp-json\/wp\/v2\/users\/8"}],"replies":[{"embeddable":true,"href":"https:\/\/hawaiipublicschools.org\/haw\/wp-json\/wp\/v2\/comments?post=100"}],"version-history":[{"count":0,"href":"https:\/\/hawaiipublicschools.org\/haw\/wp-json\/wp\/v2\/pages\/100\/revisions"}],"up":[{"embeddable":true,"href":"https:\/\/hawaiipublicschools.org\/haw\/wp-json\/wp\/v2\/pages\/87"}],"wp:attachment":[{"href":"https:\/\/hawaiipublicschools.org\/haw\/wp-json\/wp\/v2\/media?parent=100"}],"curies":[{"name":"wp","href":"https:\/\/api.w.org\/{rel}","templated":true}]}}