{"id":96,"date":"2024-09-04T23:44:17","date_gmt":"2024-09-04T23:44:17","guid":{"rendered":"https:\/\/hawaiipublicschools.org\/?page_id=96"},"modified":"2026-03-12T10:23:49","modified_gmt":"2026-03-12T20:23:49","slug":"licensed-private-trade-vocational-and-technical-schools","status":"publish","type":"page","link":"https:\/\/hawaiipublicschools.org\/es\/resources\/licensed-private-trade-vocational-and-technical-schools\/","title":{"rendered":"Escuelas privadas de formaci\u00f3n profesional, t\u00e9cnica y comercial autorizadas"},"content":{"rendered":"<p class=\"intro\" style=\"font-size:clamp(0.875rem, 0.875rem + ((1vw - 0.2rem) * 0.531), 1.3rem);\">A continuaci\u00f3n, se presenta una lista de escuelas que actualmente cuentan con la licencia del Departamento de Educaci\u00f3n del Estado de Haw\u00e1i (HIDOE). Si usted es propietario de una escuela vocacional privada y desea obtener la licencia del HIDOE, env\u00ede un correo electr\u00f3nico a <a href=\"mailto:ptvt@k12.hi.us\">ptvt@k12.hi.us <\/a>or call 808-784-6498.<\/p>\n\n\n\n<h2 class=\"wp-block-heading\">Schools by trade (2025-2027)<\/h2>\n\n\n\n<h3 class=\"wp-block-heading\">Acupuncture<\/h3>\n\n\n\n<div class=\"wp-block-columns is-layout-flex wp-container-core-columns-is-layout-28f84493 wp-block-columns-is-layout-flex\">\n<div class=\"wp-block-column is-layout-flow wp-block-column-is-layout-flow\">\n<p><strong>Escuela Cu\u00e1ntica de Masaje y Salud Hol\u00edstica<\/strong><br>Plaza Universitaria<br>931 Avenida Universidad, #202<br>Honolulu, HI 96826<br>Tel\u00e9fono: 808-373-0603<br><a href=\"mailto:QSMHH.school@gmail.com\" target=\"_blank\" rel=\"noreferrer noopener\">Correo electr\u00f3nico<\/a><br>Sitio web: <a href=\"http:\/\/www.qsmhh.school\/\" target=\"_blank\" rel=\"noreferrer noopener\">www.QSMHH.Escuela<\/a><br>N\u00famero de licencia: 2325-1034<br>Director: Steve McLaughlin<br>Los oficios\/vocaciones incluyen: <em>Diplomado en Terapia de Masajes, Profesional de Salud Hol\u00edstica, Consultor de Sanaci\u00f3n Nutricional, Certificaci\u00f3n en Sanaci\u00f3n con Sonido.<\/em><\/p>\n<\/div>\n\n\n\n<div class=\"wp-block-column is-layout-flow wp-block-column-is-layout-flow\">\n<p><\/p>\n<\/div>\n\n\n\n<div class=\"wp-block-column is-layout-flow wp-block-column-is-layout-flow\">\n<p><\/p>\n<\/div>\n<\/div>\n\n\n\n<hr class=\"wp-block-separator has-alpha-channel-opacity is-style-wide\" style=\"margin-top:var(--wp--preset--spacing--30);margin-bottom:var(--wp--preset--spacing--30)\"\/>\n\n\n\n<h3 class=\"wp-block-heading\">Peinado de barbero<\/h3>\n\n\n\n<h4 class=\"wp-block-heading\">O&#039;ahu<\/h4>\n\n\n\n<div class=\"wp-block-columns is-layout-flex wp-container-core-columns-is-layout-28f84493 wp-block-columns-is-layout-flex\">\n<div class=\"wp-block-column is-layout-flow wp-block-column-is-layout-flow\">\n<p><strong>Instituto de Dise\u00f1o de Cabello de Haw\u00e1i&nbsp;<\/strong><br>1128 Nuuanu Ave., Ste. 102<br>Honolulu, Haw\u00e1i 96817<br>Tel\u00e9fono: 808-533-6596<br>Fax: 808-523-8086<br><a href=\"mailto:hihd@cchono.com\" target=\"_blank\" rel=\"noreferrer noopener\">Correo electr\u00f3nico<\/a><br>Sitio web: <a href=\"http:\/\/www.hihdhawaii.com\/\" target=\"_blank\" rel=\"noreferrer noopener\">www.hihdhawaii.com<\/a><br>N\u00famero de licencia: 2325-1031<br>Directora: Margaret Williams<\/p>\n<\/div>\n\n\n\n<div class=\"wp-block-column is-layout-flow wp-block-column-is-layout-flow\">\n<p><\/p>\n<\/div>\n\n\n\n<div class=\"wp-block-column is-layout-flow wp-block-column-is-layout-flow\"><\/div>\n<\/div>\n\n\n\n<hr class=\"wp-block-separator has-alpha-channel-opacity is-style-wide\" style=\"margin-top:var(--wp--preset--spacing--30);margin-bottom:var(--wp--preset--spacing--30)\"\/>\n\n\n\n<h3 class=\"wp-block-heading\">Computer Training<\/h3>\n\n\n\n<div class=\"wp-block-columns is-layout-flex wp-container-core-columns-is-layout-28f84493 wp-block-columns-is-layout-flex\">\n<div class=\"wp-block-column is-layout-flow wp-block-column-is-layout-flow\">\n<p><strong>Formaci\u00f3n en inform\u00e1tica aplicada<\/strong><br>98-030 Calle Hekaha, Ste. 29<br>Aiea, HI 96701<br>Tel\u00e9fono: 808-486-7330<br>Fax: 808-486-2053<br><a href=\"mailto:chad@actthawaii.com\" target=\"_blank\" rel=\"noreferrer noopener\">Correo electr\u00f3nico<\/a><br>Sitio web: <a href=\"http:\/\/www.actthawaii.com\/\" target=\"_blank\" rel=\"noreferrer noopener\">www.actthawaii.com<\/a><br>N\u00famero de licencia: 2325-1027<br>Director: Chad Kobashigawa<\/p>\n<\/div>\n<\/div>\n\n\n\n<hr class=\"wp-block-separator has-alpha-channel-opacity is-style-wide\" style=\"margin-top:var(--wp--preset--spacing--30);margin-bottom:var(--wp--preset--spacing--30)\"\/>\n\n\n\n<h3 class=\"wp-block-heading\">Healthcare<\/h3>\n\n\n\n<div class=\"wp-block-columns is-layout-flex wp-container-core-columns-is-layout-28f84493 wp-block-columns-is-layout-flex\">\n<div class=\"wp-block-column is-layout-flow wp-block-column-is-layout-flow\">\n<p><strong>Academy for Healthcare Innovation<\/strong><br>55 Merchant Street, 25th Floor<br>Honolulu, Haw\u00e1i 96813<br>Phone: 808-458-1437<br>Correo electr\u00f3nico:&nbsp;<a href=\"mailto:info@ahihawaii.org\" target=\"_blank\" rel=\"noreferrer noopener\">info@ahihawaii.org<\/a><br>Sitio web:&nbsp;<a href=\"https:\/\/ahihawaii.org\/\" target=\"_blank\" rel=\"noreferrer noopener\">https:\/\/ahihawaii.org<\/a>\/<br>License Number: 2527-1039<br>Principal: Bridget Lai<\/p>\n<\/div>\n<\/div>\n\n\n\n<hr class=\"wp-block-separator has-alpha-channel-opacity is-style-wide\" style=\"margin-top:var(--wp--preset--spacing--30);margin-bottom:var(--wp--preset--spacing--30)\"\/>\n\n\n\n<h3 class=\"wp-block-heading\">Instrucci\u00f3n de piloto de helic\u00f3ptero<\/h3>\n\n\n\n<div class=\"wp-block-columns is-layout-flex wp-container-core-columns-is-layout-28f84493 wp-block-columns-is-layout-flex\">\n<div class=\"wp-block-column is-layout-flow wp-block-column-is-layout-flow\">\n<p><strong>Hawaii Pacific Aviation, Inc.<\/strong><br>73-310 U&#039;u St.,<br>Kailua-Kona, HI 96819<br>Tel\u00e9fono: 808-334-0234<br>Fax: 808-334-0191<br><a href=\"mailto:ben@maunaloahelicopters.com\">Correo electr\u00f3nico<\/a><br>Sitio web: <a href=\"https:\/\/www.maunaloahelicopters.edu\/\" target=\"_blank\" rel=\"noreferrer noopener\">www.maunaloahelicopters.com<\/a><br>N\u00famero de licencia: 2325-1035<br>Empresa: Helic\u00f3pteros DBA Mauna Loa<\/p>\n<\/div>\n<\/div>\n\n\n\n<hr class=\"wp-block-separator has-alpha-channel-opacity is-style-wide\" style=\"margin-top:var(--wp--preset--spacing--30);margin-bottom:var(--wp--preset--spacing--30)\"\/>\n\n\n\n<h3 class=\"wp-block-heading\">Salud Hol\u00edstica y Naturopat\u00eda<\/h3>\n\n\n\n<h4 class=\"wp-block-heading\">O&#039;ahu<\/h4>\n\n\n\n<div class=\"wp-block-columns is-layout-flex wp-container-core-columns-is-layout-28f84493 wp-block-columns-is-layout-flex\">\n<div class=\"wp-block-column is-layout-flow wp-block-column-is-layout-flow\">\n<p><strong>Escuela Cu\u00e1ntica de Masaje y Salud Hol\u00edstica<\/strong><br>Plaza Universitaria<br>931 Avenida Universidad, #202<br>Honolulu, HI 96826<br>Tel\u00e9fono: 808-373-0603<br><a href=\"mailto:QSMHH.school@gmail.com\" target=\"_blank\" rel=\"noreferrer noopener\">Correo electr\u00f3nico<\/a><br>Sitio web: <a href=\"http:\/\/www.qsmhh.school\/\" target=\"_blank\" rel=\"noreferrer noopener\">www.QSMHH.Escuela<\/a><br>N\u00famero de licencia: 2325-1034<br>Director: Steve McLaughlin<br>Los oficios\/vocaciones incluyen: <em>Diploma en Terapia de Masajes, Consultor de Sanaci\u00f3n Nutricional, Certificaci\u00f3n en Sanaci\u00f3n con Sonido<\/em><\/p>\n<\/div>\n\n\n\n<div class=\"wp-block-column is-layout-flow wp-block-column-is-layout-flow\">\n<p><\/p>\n<\/div>\n\n\n\n<div class=\"wp-block-column is-layout-flow wp-block-column-is-layout-flow\">\n<p><\/p>\n<\/div>\n<\/div>\n\n\n\n<h4 class=\"wp-block-heading\">Maui<\/h4>\n\n\n\n<div class=\"wp-block-columns is-layout-flex wp-container-core-columns-is-layout-28f84493 wp-block-columns-is-layout-flex\">\n<div class=\"wp-block-column is-layout-flow wp-block-column-is-layout-flow\">\n<p><strong>Natural Healing Institute Hawaii LLC<\/strong><br>1075 Makawao Avenue, #1509<br>Makawao, Haw\u00e1i 96768<br>Phone: 760-943-8485<br><a href=\"mailto:enroll@naturalhealinginst.com\" target=\"_blank\" rel=\"noreferrer noopener\">Correo electr\u00f3nico<\/a><br>Sitio web:\u00a0<a href=\"https:\/\/www.nhicollege.net\/\" target=\"_blank\" rel=\"noreferrer noopener\">www.nhicollege.net\/<\/a><br>License Number: 2325-1037<br>Director: Steve Schechter<br>Programs for Certification include: Certified Nutritionist Consultant (CNC)\u2122, Certified Clinical Master Herbalist (CCMH)\u2122, Certified Clinical Master Aromatherapist (CCMA)\u2122, Certified Holistic Health Practitioner (HHP), Certified Naturopathic Practitioner (NP).<\/p>\n<\/div>\n\n\n\n<div class=\"wp-block-column is-layout-flow wp-block-column-is-layout-flow\">\n<p><\/p>\n<\/div>\n\n\n\n<div class=\"wp-block-column is-layout-flow wp-block-column-is-layout-flow\">\n<p><\/p>\n<\/div>\n<\/div>\n\n\n\n<hr class=\"wp-block-separator has-alpha-channel-opacity is-style-wide\" style=\"margin-top:var(--wp--preset--spacing--30);margin-bottom:var(--wp--preset--spacing--30)\"\/>\n\n\n\n<h3 class=\"wp-block-heading\">Terapia de masajes<\/h3>\n\n\n\n<h4 class=\"wp-block-heading\">O&#039;ahu<\/h4>\n\n\n\n<div class=\"wp-block-columns is-layout-flex wp-container-core-columns-is-layout-28f84493 wp-block-columns-is-layout-flex\">\n<div class=\"wp-block-column is-layout-flow wp-block-column-is-layout-flow\">\n<p><strong>Colegio de Artes Curativas de Haw\u00e1i<\/strong><br>Calle Uluniu 407, Ste. 204<br>Kailua, Haw\u00e1i 96734<br>Tel\u00e9fono: 808-266-2469<br>Fax: 808-266-2460<br><a href=\"mailto:schoolbusiness@hawaii.rr.com\" target=\"_blank\" rel=\"noreferrer noopener\">Correo electr\u00f3nico<\/a><br>Sitio web: <a href=\"https:\/\/www.hhacdirect.com\/\" target=\"_blank\" rel=\"noreferrer noopener\">www.hhacdirect.com<\/a><br>N\u00famero de licencia: 2325-1020<br>Director: Shinya Matsukubo<\/p>\n\n\n\n<p><strong>Academia de Masajes de Haw\u00e1i<\/strong><br>1750 Kalakaua Ave., Ste. 3104<br>Honolulu, HI 96826<br>Tel\u00e9fono: 808-955-4555<br>Fax: 808-955-9705<br><a href=\"mailto:info@hawaiimassageacademy.com\" target=\"_blank\" rel=\"noreferrer noopener\">Correo electr\u00f3nico<\/a><br>Sitio web: <a href=\"http:\/\/www.hawaiimassageacademy.com\/\" target=\"_blank\" rel=\"noreferrer noopener\">www.hawaiimassageacademy.com<\/a><br>N\u00famero de licencia: 2325-1033<br>Director: Junji Fukumoto<\/p>\n<\/div>\n\n\n\n<div class=\"wp-block-column is-layout-flow wp-block-column-is-layout-flow\">\n<p><strong>Instituto de Acupuntura Cl\u00ednica <\/strong><br><strong>y Medicina Oriental<\/strong><br>100 N. Beretania St., Sala 203<br>Honolulu, Haw\u00e1i 96817<br>Tel\u00e9fono: 808-521-2288<br><a href=\"mailto:info@orientalmedicine.edu\" target=\"_blank\" rel=\"noreferrer noopener\">Correo electr\u00f3nico<\/a><br>Sitio web: <a href=\"http:\/\/www.orientalmedicine.edu\/\" target=\"_blank\" rel=\"noreferrer noopener\">www.orientalmedicine.edu<\/a><br>N\u00famero de licencia: 2325-1032<br>Director: Wai Hoa Low<\/p>\n\n\n\n<p><strong>Escuela de Masajes Lomino Hawaii<\/strong><br>334 Seaside Ave., Ste. 817<br>Honolulu, HI 96815<br>Tel\u00e9fono: 808-469-6266<br><a href=\"mailto:school@lominoschool.com\" target=\"_blank\" rel=\"noreferrer noopener\">Correo electr\u00f3nico<\/a><br>Sitio web: <a href=\"https:\/\/lominoschool.com\/\" target=\"_blank\" rel=\"noreferrer noopener\">www.lominoschool.com<\/a><br>Director: Shingo Sawada&nbsp;<br>N\u00famero de licencia: 2325-1023<br>Los oficios\/vocaciones incluyen: <em>Masaje Lomilomi, Sueco, Shiatsu, Seitai, Masaje Tailand\u00e9s, Reflexolog\u00eda, Piedras Calientes<\/em><\/p>\n<\/div>\n\n\n\n<div class=\"wp-block-column is-layout-flow wp-block-column-is-layout-flow\">\n<p><strong>Escuela Cu\u00e1ntica de Masaje y Salud Hol\u00edstica<\/strong><br>Plaza Universitaria<br>931 Avenida Universidad, #202<br>Honolulu, HI 96826<br>Tel\u00e9fono: 808-373-0603<br><a href=\"mailto:QSMHH.school@gmail.com\" target=\"_blank\" rel=\"noreferrer noopener\">Correo electr\u00f3nico<\/a><br>Sitio web: <a href=\"http:\/\/www.qsmhh.school\/\" target=\"_blank\" rel=\"noreferrer noopener\">www.QSMHH.Escuela<\/a><br>N\u00famero de licencia: 2325-1034<br>Director: Steve McLaughlin<br>Los oficios\/vocaciones incluyen: <em>Practicante de salud hol\u00edstica, consultor de sanaci\u00f3n nutricional, certificaci\u00f3n en sanaci\u00f3n con sonido, cursos CEU de masaje y acupuntura.<\/em><\/p>\n\n\n\n<p><\/p>\n<\/div>\n<\/div>\n\n\n\n<hr class=\"wp-block-separator has-alpha-channel-opacity\"\/>\n\n\n\n<h4 class=\"wp-block-heading\">Kauai<\/h4>\n\n\n\n<div class=\"wp-block-columns is-layout-flex wp-container-core-columns-is-layout-28f84493 wp-block-columns-is-layout-flex\">\n<div class=\"wp-block-column is-layout-flow wp-block-column-is-layout-flow\">\n<p><strong>Centro del Pac\u00edfico para la Conciencia y el Trabajo Corporal<\/strong><br>Apartado postal 1049<br>Kilauea, Haw\u00e1i 96754<br>Tel\u00e9fono: 844-687-7222<br><a href=\"mailto:info@awarenessandbodywork.com\" target=\"_blank\" rel=\"noreferrer noopener\">Correo electr\u00f3nico<\/a><br>Sitio web: <a href=\"https:\/\/www.awarenessandbodywork.com\/\" target=\"_blank\" rel=\"noreferrer noopener\">www.awarenessandbodywork.com<\/a><br>N\u00famero de licencia: 2325-1028<br>Directora: Alison Lindsey Fields<\/p>\n<\/div>\n\n\n\n<div class=\"wp-block-column is-layout-flow wp-block-column-is-layout-flow\">\n<p><\/p>\n<\/div>\n\n\n\n<div class=\"wp-block-column is-layout-flow wp-block-column-is-layout-flow\">\n<p><\/p>\n<\/div>\n<\/div>\n\n\n\n<hr class=\"wp-block-separator has-alpha-channel-opacity\"\/>\n\n\n\n<h4 class=\"wp-block-heading\">Maui<\/h4>\n\n\n\n<div class=\"wp-block-columns is-layout-flex wp-container-core-columns-is-layout-28f84493 wp-block-columns-is-layout-flex\">\n<div class=\"wp-block-column is-layout-flow wp-block-column-is-layout-flow\">\n<p><strong>Escuela de Cosmetolog\u00eda y Masajes IBS<\/strong><br>110 East Kaahumanu Ave., Suite 201, <br>Kahului, Haw\u00e1i 96732<br>Phone: 808-214-5293<br><a href=\"mailto:maui@ibs-or.com\" target=\"_blank\" rel=\"noreferrer noopener\">Correo electr\u00f3nico<\/a><br>Sitio web:&nbsp;<a href=\"http:\/\/www.ibs-hi.com\/\" target=\"_blank\" rel=\"noreferrer noopener\">www.ibs-hi.com<\/a><br>License Number: 2527-1026<br>Principal: Maguy Osias<\/p>\n<\/div>\n\n\n\n<div class=\"wp-block-column is-layout-flow wp-block-column-is-layout-flow\">\n<p><strong>Escuela de Masaje Terap\u00e9utico de Maui<\/strong><br>Centro de la ciudad de Wailea<br>161 Wailea Ike Dr., Unidad D102, <br>Kihei, HI 96753<br>Apartado postal 1891<br>Makawao, Haw\u00e1i 96768<br>Tel\u00e9fono: 808-572-1888<br>Fax: 808-572-2274<br><a href=\"mailto:info@massagemaui.com\" target=\"_blank\" rel=\"noreferrer noopener\">Correo electr\u00f3nico<\/a><br>Sitio web: <a href=\"http:\/\/www.massagemaui.com\/\" target=\"_blank\" rel=\"noreferrer noopener\">www.massagemaui.com<\/a><br>N\u00famero de licencia: 2325-1024<br>Director: Christopher Obrochta<\/p>\n<\/div>\n\n\n\n<div class=\"wp-block-column is-layout-flow wp-block-column-is-layout-flow\">\n<p><strong>Academia de Artes Curativas de Maui<\/strong><br>161 Hana Highway<br>Paia, Haw\u00e1i 96779<br>Phone: 808-359-8744<br><a href=\"mailto:info@mahamaui.com\">Correo electr\u00f3nico<\/a><br>Sitio web:&nbsp;<a href=\"https:\/\/www.mahamaui.com\/\" target=\"_blank\" rel=\"noreferrer noopener\">https:\/\/www.mahamaui.com\/<\/a><br>License Number: 2527-1022<br>Directora: Carmel Andrews<\/p>\n<\/div>\n<\/div>\n\n\n\n<hr class=\"wp-block-separator has-alpha-channel-opacity is-style-wide\" style=\"margin-top:var(--wp--preset--spacing--30);margin-bottom:var(--wp--preset--spacing--30)\"\/>\n\n\n\n<h3 class=\"wp-block-heading\">Terapia Shiatsu<\/h3>\n\n\n\n<div class=\"wp-block-columns is-layout-flex wp-container-core-columns-is-layout-28f84493 wp-block-columns-is-layout-flex\">\n<div class=\"wp-block-column is-layout-flow wp-block-column-is-layout-flow\">\n<p><strong>Escuela de Shiatsu Aisen Inc.<\/strong><br>1314 S. King St., Ste. 601<br>Honolulu, Haw\u00e1i 96814<br>Tel\u00e9fono: 808-596-7354 o 808-596-4633<br>Fax: 808-593-8282<br><a href=\"mailto:aisenaloha@gmail.com\" target=\"_blank\" rel=\"noreferrer noopener\">Correo electr\u00f3nico<\/a><br>Sitio web: <a href=\"https:\/\/www.aisenshiatsu.com\/\" target=\"_blank\" rel=\"noreferrer noopener\">www.aisenshiatsu.com<\/a><br>N\u00famero de licencia: 2325-1021<br>Director: Fumihiko Indei<\/p>\n<\/div>\n\n\n\n<div class=\"wp-block-column is-layout-flow wp-block-column-is-layout-flow\">\n<p><strong>Escuela de Masajes Lomino Hawai\u02bbi<\/strong><br>334 Seaside Ave., Ste. 817<br>Honolulu, HI 96815<br>Tel\u00e9fono: 808-469-6266<br><a href=\"mailto:school@lominoschool.com\" target=\"_blank\" rel=\"noreferrer noopener\">Correo electr\u00f3nico<\/a><br>Sitio web: <a href=\"https:\/\/lominoschool.com\/\" target=\"_blank\" rel=\"noreferrer noopener\">www.lominoschool.com<\/a><br>Director: Shingo Sawada&nbsp;<br>N\u00famero de licencia: 2325-1023<br>Los oficios\/vocaciones incluyen: <em>Terapia de masaje, Masaje Lomilomi, Sueco, Seitai, Masaje tailand\u00e9s, Reflexolog\u00eda, Piedras calientes<\/em><\/p>\n<\/div>\n\n\n\n<div class=\"wp-block-column is-layout-flow wp-block-column-is-layout-flow\"><\/div>\n<\/div>\n\n\n\n<hr class=\"wp-block-separator has-alpha-channel-opacity is-style-wide\" style=\"margin-top:var(--wp--preset--spacing--30);margin-bottom:var(--wp--preset--spacing--30)\"\/>\n\n\n\n<h3 class=\"wp-block-heading\">Sports Management<\/h3>\n\n\n\n<div class=\"wp-block-columns is-layout-flex wp-container-core-columns-is-layout-28f84493 wp-block-columns-is-layout-flex\">\n<div class=\"wp-block-column is-layout-flow wp-block-column-is-layout-flow\">\n<p><strong>World Wide Sports Management<\/strong><br>500 Ala Moana Blvd., Building 7, Suite 400<br>Honolulu, Haw\u00e1i 96813&nbsp;<br>Phone:&nbsp;+1 503-445-7105&nbsp;<br><a href=\"mailto:lynn@smww.com\">Correo electr\u00f3nico<\/a><br>Sitio web:&nbsp;<a href=\"http:\/\/www.sportsmanagementworldwide.com\/\" target=\"_blank\" rel=\"noreferrer noopener\">www.sportsmanagementworldwide.com<\/a><br>License Number: 2527-1040<br>Principal: Lynn Lashbrook, Ed.D.<\/p>\n<\/div>\n\n\n\n<div class=\"wp-block-column is-layout-flow wp-block-column-is-layout-flow\">\n<p><\/p>\n<\/div>\n\n\n\n<div class=\"wp-block-column is-layout-flow wp-block-column-is-layout-flow\"><\/div>\n<\/div>\n\n\n\n<hr class=\"wp-block-separator has-alpha-channel-opacity is-style-wide\" style=\"margin-top:var(--wp--preset--spacing--30);margin-bottom:var(--wp--preset--spacing--30)\"\/>\n\n\n\n<h2 class=\"wp-block-heading\">Escuelas cerradas y solicitudes de transcripciones<\/h2>\n\n\n\n<p>Para solicitar transcripciones, env\u00ede una <a href=\"https:\/\/forms.gle\/T1Dt7VBtkFadnfZx7\" target=\"_blank\" rel=\"noreferrer noopener\">Formulario de solicitud de transcripci\u00f3n (Documento de Google)<\/a>El procesamiento de las solicitudes se realizar\u00e1 en una semana. Si tiene alguna pregunta, env\u00edenos un correo electr\u00f3nico. <a href=\"mailto:ptvt@k12.hi.us\">ptvt@k12.hi.us<\/a>Si est\u00e1 buscando transcripciones de una escuela privada K-12 en Haw\u00e1i, env\u00ede un correo electr\u00f3nico a <a href=\"mailto:info@hais.us\">Asociaci\u00f3n de Escuelas Independientes de Haw\u00e1i<\/a> o llame al 808-973-1540.<\/p>\n\n\n\n<p><br>Las solicitudes de transcripciones est\u00e1n disponibles para estos <strong>cerrado <\/strong>escuelas:<\/p>\n\n\n\n<ul class=\"wp-block-list\">\n<li>Escuela de Asistencia M\u00e9dica de Haw\u00e1i<\/li>\n\n\n\n<li>Instituto de Viajes del Pac\u00edfico<\/li>\n\n\n\n<li>Artes culinarias Gros Bonnet<\/li>\n\n\n\n<li>Instituto de Electr\u00f3nica de Haw\u00e1i<\/li>\n\n\n\n<li>Escuela de Terapia de Masaje Aloha<\/li>\n\n\n\n<li>Escuela de Masaje Profesional de Haw\u00e1i<\/li>\n\n\n\n<li>Remington College (cerrado en 2019)<\/li>\n\n\n\n<li>Genesis College of Hawai\u2018i<\/li>\n<\/ul>\n\n\n\n<p><\/p>","protected":false},"excerpt":{"rendered":"<p>The following is a list of schools currently licensed with the Hawai\u02bbi State Department of Education (HIDOE). If you are the owner of a private vocational school and would like to be licensed by HIDOE, please email ptvt@k12.hi.us or call 808-784-6498. Schools by trade (2025-2027) Acupuncture Quantum School of Massage and Holistic HealthUniversity Plaza931 University [&hellip;]<\/p>","protected":false},"author":8,"featured_media":0,"parent":87,"menu_order":26,"comment_status":"closed","ping_status":"closed","template":"","meta":{"_relevanssi_hide_post":"","_relevanssi_hide_content":"","_relevanssi_pin_for_all":"","_relevanssi_pin_keywords":"","_relevanssi_unpin_keywords":"","_relevanssi_related_keywords":"","_relevanssi_related_include_ids":"","_relevanssi_related_exclude_ids":"","_relevanssi_related_no_append":"","_relevanssi_related_not_related":"","_relevanssi_related_posts":"9788,10960,9994,8795,9834,9953","_relevanssi_noindex_reason":"","_sitemap_exclude":false,"_sitemap_priority":"","_sitemap_frequency":"","_kad_blocks_custom_css":"","_kad_blocks_head_custom_js":"","_kad_blocks_body_custom_js":"","_kad_blocks_footer_custom_js":"","wp_popup_display_lightbox":0,"wp_popup_suppress":"","wp_popup_trigger":"","wp_popup_trigger_amount":0,"wp_popup_disable_on_mobile":false,"footnotes":""},"class_list":["post-96","page","type-page","status-publish","hentry"],"pp_statuses_selecting_workflow":false,"pp_workflow_action":"current","pp_status_selection":"publish","taxonomy_info":[],"featured_image_src_large":false,"author_info":{"display_name":"Ariana Enomoto","author_link":"https:\/\/hawaiipublicschools.org\/es\/author\/arianastaceyleong-com\/"},"comment_info":0,"publishpress_future_action":{"enabled":false,"date":"2026-04-30 06:17:06","action":"change-status","newStatus":"draft","terms":[],"taxonomy":"","extraData":[]},"publishpress_future_workflow_manual_trigger":{"enabledWorkflows":[]},"_links":{"self":[{"href":"https:\/\/hawaiipublicschools.org\/es\/wp-json\/wp\/v2\/pages\/96","targetHints":{"allow":["GET"]}}],"collection":[{"href":"https:\/\/hawaiipublicschools.org\/es\/wp-json\/wp\/v2\/pages"}],"about":[{"href":"https:\/\/hawaiipublicschools.org\/es\/wp-json\/wp\/v2\/types\/page"}],"author":[{"embeddable":true,"href":"https:\/\/hawaiipublicschools.org\/es\/wp-json\/wp\/v2\/users\/8"}],"replies":[{"embeddable":true,"href":"https:\/\/hawaiipublicschools.org\/es\/wp-json\/wp\/v2\/comments?post=96"}],"version-history":[{"count":1,"href":"https:\/\/hawaiipublicschools.org\/es\/wp-json\/wp\/v2\/pages\/96\/revisions"}],"predecessor-version":[{"id":18928,"href":"https:\/\/hawaiipublicschools.org\/es\/wp-json\/wp\/v2\/pages\/96\/revisions\/18928"}],"up":[{"embeddable":true,"href":"https:\/\/hawaiipublicschools.org\/es\/wp-json\/wp\/v2\/pages\/87"}],"wp:attachment":[{"href":"https:\/\/hawaiipublicschools.org\/es\/wp-json\/wp\/v2\/media?parent=96"}],"curies":[{"name":"wp","href":"https:\/\/api.w.org\/{rel}","templated":true}]}}