{"id":948,"date":"2024-11-07T18:43:09","date_gmt":"2024-11-07T18:43:09","guid":{"rendered":"https:\/\/hawaiipublicschools.org\/?page_id=948"},"modified":"2026-03-19T08:54:58","modified_gmt":"2026-03-19T18:54:58","slug":"support-agencies-for-families","status":"publish","type":"page","link":"https:\/\/hawaiipublicschools.org\/es\/resources\/support-agencies-for-families\/","title":{"rendered":"Agencias de apoyo a las familias"},"content":{"rendered":"<p class=\"intro\" style=\"font-size:clamp(0.875rem, 0.875rem + ((1vw - 0.2rem) * 0.531), 1.3rem);\">El Departamento de Educaci\u00f3n del Estado de Haw\u00e1i (HIDOE) ha desarrollado oportunidades de apoyo para padres a trav\u00e9s de los Consejos Comunitarios para Ni\u00f1os (para ni\u00f1os con necesidades especiales) y la Divisi\u00f3n de Apoyo a Estudiantes, que brinda apoyo socioemocional y capacitaci\u00f3n para el personal de las escuelas. Varias agencias de servicios familiares sin fines de lucro en Haw\u00e1i tambi\u00e9n brindan la asistencia necesaria a las familias de bajos ingresos.<\/p>\n\n\n\n<h2 class=\"wp-block-heading\">Recursos de HIDOE<\/h2>\n\n\n\n<h3 class=\"wp-block-heading\">Continuidad del aprendizaje para los padres<\/h3>\n\n\n\n<p>Los padres y cuidadores tienen la responsabilidad de apoyar la participaci\u00f3n significativa y regular de sus hijos en el aprendizaje a trav\u00e9s de medios virtuales. Para obtener consejos y herramientas para identificar acciones que se pueden tomar para apoyar a sus hijos en su aprendizaje continuo, visite <a href=\"https:\/\/sites.google.com\/k12.hi.us\/resources-student-parent\/home?authuser=0\" target=\"_blank\" rel=\"noreferrer noopener\">HIDOE&#8217;s virtual learning resources website<\/a>.<\/p>\n\n\n\n<h3 class=\"wp-block-heading\">Sistema de apoyo multinivel de Haw\u00e1i (HMTSS)<\/h3>\n\n\n\n<p>HMTSS es un marco de toma de decisiones basado en datos y en equipo para lograr resultados positivos para cada estudiante a trav\u00e9s de un continuo de pr\u00e1cticas basadas en evidencia en capas. HMTSS consta de cuatro componentes principales: 1) creencias fundamentales, 2) toma de decisiones basada en datos y en equipo, 3) evaluaci\u00f3n universal y monitoreo del progreso, y 4) sistema de m\u00faltiples niveles de pr\u00e1cticas basadas en evidencia. Este esfuerzo colaborativo cuenta con el apoyo de la escuela, el \u00e1rea del complejo y la oficina estatal. Este enfoque integral apoya la salud mental y el bienestar general de nuestros estudiantes.<\/p>\n\n\n\n<p>HIDOE tambi\u00e9n apoya el bienestar y la salud mental de los estudiantes a trav\u00e9s de nuestra iniciativa Aqu\u00ed para ayudar.<\/p>\n\n\n\n<figure class=\"wp-block-embed is-type-video is-provider-vimeo wp-block-embed-vimeo wp-embed-aspect-16-9 wp-has-aspect-ratio\"><div class=\"wp-block-embed__wrapper\">\n<iframe loading=\"lazy\" title=\"Aqu\u00ed para ayudar\" src=\"https:\/\/player.vimeo.com\/video\/595583670?dnt=1&amp;app_id=122963\" width=\"500\" height=\"281\" frameborder=\"0\" allow=\"autoplay; fullscreen; picture-in-picture; clipboard-write; encrypted-media; web-share\" referrerpolicy=\"strict-origin-when-cross-origin\"><\/iframe>\n<\/div><\/figure>\n\n\n\n<h2 class=\"wp-block-heading\">Abuso y negligencia infantil<\/h2>\n\n\n\n<p><strong><a href=\"https:\/\/www.childandfamilyservice.org\" target=\"_blank\" rel=\"noreferrer noopener\">Servicio para ni\u00f1os y familias<\/a>: <\/strong>Con m\u00e1s de 30 programas en O&#039;ahu, Kaua&#039;i, Maui, L\u0101na&#039;i, Molokai y la isla Hawai&#039;i, Child &amp; Family Service es conocido por abarcar a toda la familia, desde keiki hasta kupuna.<\/p>\n\n\n\n<p><a href=\"https:\/\/familysupporthawaii.org\" data-type=\"link\" data-id=\"https:\/\/familysupporthawaii.org\" target=\"_blank\" rel=\"noreferrer noopener\"><strong>Apoyo Familiar de Haw\u00e1i (FSH)<\/strong><\/a><strong>:<\/strong> Family Support Hawai\u02bbi fue fundada en 1979 por miembros de la comunidad que estaban preocupados por las consecuencias a largo plazo del abuso y el abandono infantil. Comenzaron a brindar servicios de prevenci\u00f3n e intervenci\u00f3n temprana a trav\u00e9s del Centro para Mujeres y Ni\u00f1os de Kapi\u02bbolani hasta 1985, cuando FSH se constituy\u00f3 y se convirti\u00f3 en una organizaci\u00f3n independiente, comunitaria y sin fines de lucro. En la actualidad, FSH brinda servicios de apoyo a m\u00e1s de 3500 personas y familias de la isla de Haw\u00e1i cada a\u00f1o.<\/p>\n\n\n\n<p><strong><a href=\"https:\/\/mfss.org\" target=\"_blank\" rel=\"noreferrer noopener\">Servicios de apoyo familiar de Maui, Inc. (MFSS)<\/a>:<\/strong> La misi\u00f3n de MFSS es promover el funcionamiento familiar saludable brindando servicios de apoyo que aprovechen las fortalezas familiares. La directiva principal es utilizar sus recursos colectivos para la prevenci\u00f3n del abuso y el abandono infantil. MFSS ha trabajado con miles de familias en Maui, L\u0101na\u02bbi y Molokai a trav\u00e9s de una amplia red y una amplia gama de programas para ayudar a las familias sobrecargadas y brindar una red de seguridad de apoyo fundamental.<\/p>\n\n\n\n<h2 class=\"wp-block-heading\">Bajos ingresos, discapacidades y necesidades m\u00e9dicas<\/h2>\n\n\n\n<p><strong><a href=\"https:\/\/www.meoinc.org\" target=\"_blank\" rel=\"noreferrer noopener\">Oportunidad econ\u00f3mica de Maui, Inc. (MEO)<\/a>:<\/strong> MEO brinda servicios de extensi\u00f3n e informaci\u00f3n y administra programas de servicios humanos para personas de bajos ingresos, j\u00f3venes, ancianos, inmigrantes, ex delincuentes, personas con discapacidades y necesidades m\u00e9dicas y otras personas y familias desfavorecidas en las islas de Maui, Molokai y L\u0101na\u02bbi.<\/p>\n\n\n\n<h2 class=\"wp-block-heading\">Autosuficiencia o dificultades socioecon\u00f3micas<\/h2>\n\n\n\n<p><strong><a href=\"https:\/\/www.hcapweb.org\" target=\"_blank\" rel=\"noreferrer noopener\">Programa de Acci\u00f3n Comunitaria de Honolulu (HCAP)<\/a>:<\/strong> HCAP ofrece una amplia variedad de programas y servicios para ayudar a las personas y familias a lograr la autosuficiencia. HCAP ofrece programas y servicios en seis \u00e1reas principales: Primera infancia, empleo, educaci\u00f3n, desarrollo econ\u00f3mico, programas de emergencia y transici\u00f3n, y desarrollo y defensa de la comunidad.<\/p>\n\n\n\n<p><strong><a href=\"https:\/\/www.pacthawaii.org\" target=\"_blank\" rel=\"noreferrer noopener\">Padres e hijos juntos (PACT)<\/a><\/strong>:PACT ofrece una serie de servicios para j\u00f3venes y familias en todo Haw\u00e1i y se dedica a ayudar a las personas y familias con dificultades socioecon\u00f3micas de Haw\u00e1i. Los programas incluyen educaci\u00f3n en la primera infancia, prevenci\u00f3n y tratamiento del abuso y la negligencia infantil, prevenci\u00f3n y tratamiento de la violencia dom\u00e9stica, apoyo en materia de salud mental y desarrollo econ\u00f3mico y comunitario.<\/p>\n\n\n\n<h2 class=\"wp-block-heading\">Recursos<\/h2>\n\n\n\n<ul class=\"wp-block-list\">\n<li><a href=\"http:\/\/www.parenttoolkit.com\/\" target=\"_blank\" rel=\"noreferrer noopener\">http:\/\/www.parenttoolkit.com\/<\/a>&nbsp;<\/li>\n\n\n\n<li><a href=\"http:\/\/helpyourkeiki.com\/\" target=\"_blank\" rel=\"noreferrer noopener\">http:\/\/helpyourkeiki.com\/<\/a>&nbsp;<\/li>\n\n\n\n<li><a href=\"http:\/\/www.ed.gov\" target=\"_blank\" rel=\"noreferrer noopener\">Departamento de Educaci\u00f3n de los Estados Unidos<\/a><\/li>\n\n\n\n<li><a href=\"http:\/\/toosmall.org\/\" target=\"_blank\" rel=\"noreferrer noopener\">http:\/\/toosmall.org\/<\/a>&nbsp;<\/li>\n\n\n\n<li><a href=\"https:\/\/www.understood.org\/\" target=\"_blank\" rel=\"noreferrer noopener\">https:\/\/www.understood.org\/<\/a>&nbsp;<\/li>\n\n\n\n<li><a href=\"http:\/\/www.nea.org\/\" target=\"_blank\" rel=\"noreferrer noopener\">Asociaci\u00f3n Nacional de Educaci\u00f3n<\/a><\/li>\n\n\n\n<li><a href=\"https:\/\/cds.coe.hawaii.edu\/hfec\/\" target=\"_blank\" rel=\"noreferrer noopener\">Hawai\u02bbi Statewide Family Engagement Center<\/a> (<a href=\"https:\/\/hawaiipublicschools.org\/wp-content\/uploads\/Hawaii-Statewide-Family-Engagement-Center-Flyer.pdf\" target=\"_blank\" rel=\"noreferrer noopener\">HFEC flyer (PDF)<\/a>)<\/li>\n<\/ul>","protected":false},"excerpt":{"rendered":"<p>The Hawai\u02bbi State Department of Education (HIDOE) has developed parent support opportunities through Community Children\u2019s Councils (for special needs children) and the Student Support Branch which provides social emotional support and training for staff in schools. Several nonprofit family service agencies in Hawai\u02bbi also provide needed outreach to low-income families. HIDOE Resources Continuity of Learning [&hellip;]<\/p>","protected":false},"author":8,"featured_media":0,"parent":87,"menu_order":21,"comment_status":"closed","ping_status":"closed","template":"","meta":{"_relevanssi_hide_post":"","_relevanssi_hide_content":"","_relevanssi_pin_for_all":"","_relevanssi_pin_keywords":"","_relevanssi_unpin_keywords":"","_relevanssi_related_keywords":"","_relevanssi_related_include_ids":"","_relevanssi_related_exclude_ids":"","_relevanssi_related_no_append":"","_relevanssi_related_not_related":"","_relevanssi_related_posts":"14249,888,18012,15429,16623,15792","_relevanssi_noindex_reason":"","_sitemap_exclude":false,"_sitemap_priority":"","_sitemap_frequency":"","_kad_blocks_custom_css":"","_kad_blocks_head_custom_js":"","_kad_blocks_body_custom_js":"","_kad_blocks_footer_custom_js":"","wp_popup_display_lightbox":0,"wp_popup_suppress":"","wp_popup_trigger":"","wp_popup_trigger_amount":0,"wp_popup_disable_on_mobile":false,"footnotes":""},"class_list":["post-948","page","type-page","status-publish","hentry"],"pp_statuses_selecting_workflow":false,"pp_workflow_action":"current","pp_status_selection":"publish","taxonomy_info":[],"featured_image_src_large":false,"author_info":{"display_name":"Ariana Enomoto","author_link":"https:\/\/hawaiipublicschools.org\/es\/author\/arianastaceyleong-com\/"},"comment_info":0,"publishpress_future_action":{"enabled":false,"date":"2026-04-10 17:42:07","action":"change-status","newStatus":"draft","terms":[],"taxonomy":"","extraData":[]},"publishpress_future_workflow_manual_trigger":{"enabledWorkflows":[]},"_links":{"self":[{"href":"https:\/\/hawaiipublicschools.org\/es\/wp-json\/wp\/v2\/pages\/948","targetHints":{"allow":["GET"]}}],"collection":[{"href":"https:\/\/hawaiipublicschools.org\/es\/wp-json\/wp\/v2\/pages"}],"about":[{"href":"https:\/\/hawaiipublicschools.org\/es\/wp-json\/wp\/v2\/types\/page"}],"author":[{"embeddable":true,"href":"https:\/\/hawaiipublicschools.org\/es\/wp-json\/wp\/v2\/users\/8"}],"replies":[{"embeddable":true,"href":"https:\/\/hawaiipublicschools.org\/es\/wp-json\/wp\/v2\/comments?post=948"}],"version-history":[{"count":2,"href":"https:\/\/hawaiipublicschools.org\/es\/wp-json\/wp\/v2\/pages\/948\/revisions"}],"predecessor-version":[{"id":18969,"href":"https:\/\/hawaiipublicschools.org\/es\/wp-json\/wp\/v2\/pages\/948\/revisions\/18969"}],"up":[{"embeddable":true,"href":"https:\/\/hawaiipublicschools.org\/es\/wp-json\/wp\/v2\/pages\/87"}],"wp:attachment":[{"href":"https:\/\/hawaiipublicschools.org\/es\/wp-json\/wp\/v2\/media?parent=948"}],"curies":[{"name":"wp","href":"https:\/\/api.w.org\/{rel}","templated":true}]}}