{"id":945,"date":"2024-11-07T18:37:55","date_gmt":"2024-11-07T18:37:55","guid":{"rendered":"https:\/\/hawaiipublicschools.org\/?page_id=945"},"modified":"2025-10-06T09:51:08","modified_gmt":"2025-10-06T19:51:08","slug":"preparing-to-graduate","status":"publish","type":"page","link":"https:\/\/hawaiipublicschools.org\/es\/academics\/preparing-to-graduate\/","title":{"rendered":"Prepar\u00e1ndose para graduarse"},"content":{"rendered":"<p class=\"intro\" style=\"font-size:clamp(0.875rem, 0.875rem + ((1vw - 0.2rem) * 0.531), 1.3rem);\">Academic and performance requirements to obtain a diploma from Hawai\u02bbi public high schools\u2014from the basics to honors recognition\u2014with information about the Personal Transition Plan that is required of all students.<\/p>\n\n\n\n<h2 class=\"wp-block-heading\">hitos hacia la graduaci\u00f3n<\/h2>\n\n\n\n<figure class=\"wp-block-image alignright size-large is-resized\"><img loading=\"lazy\" decoding=\"async\" width=\"1024\" height=\"683\" src=\"https:\/\/hawaiipublicschools.org\/wp-content\/uploads\/2024\/12\/HIDOE_Preparing-to-Graduate-1024x683.jpg\" alt=\"High school student giving a shaka while walking across the stage during graduation ceremony\" class=\"wp-image-2555\" style=\"width:420px\" srcset=\"https:\/\/hawaiipublicschools.org\/wp-content\/uploads\/2024\/12\/HIDOE_Preparing-to-Graduate-1024x683.jpg 1024w, https:\/\/hawaiipublicschools.org\/wp-content\/uploads\/2024\/12\/HIDOE_Preparing-to-Graduate-300x200.jpg 300w, https:\/\/hawaiipublicschools.org\/wp-content\/uploads\/2024\/12\/HIDOE_Preparing-to-Graduate-768x512.jpg 768w, https:\/\/hawaiipublicschools.org\/wp-content\/uploads\/2024\/12\/HIDOE_Preparing-to-Graduate-18x12.jpg 18w, https:\/\/hawaiipublicschools.org\/wp-content\/uploads\/2024\/12\/HIDOE_Preparing-to-Graduate.jpg 1200w\" sizes=\"auto, (max-width: 1024px) 100vw, 1024px\" \/><\/figure>\n\n\n\n<p>High school graduation requirements in Hawai\u02bbi public schools set a rigorous standard of learning that enables all students to:<\/p>\n\n\n\n<ul class=\"wp-block-list\">\n<li>Realizar sus metas y aspiraciones individuales.<\/li>\n\n\n\n<li>Poseer las actitudes, conocimientos y habilidades necesarias para contribuir positivamente y competir en una sociedad global.<\/li>\n\n\n\n<li>Ejercer los derechos y responsabilidades de la ciudadan\u00eda.<\/li>\n\n\n\n<li>Continuar estudios superiores y\/o carreras profesionales sin necesidad de cursos de recuperaci\u00f3n.<\/li>\n<\/ul>\n\n\n\n<p>Estudiantes que demuestren competencia en lo acad\u00e9mico y <a href=\"\/es\/academics\/general-learner-outcomes-glos\/\" data-type=\"page\" data-id=\"41\">Resultados generales del aprendizaje<\/a> En los cursos requeridos recibir\u00e1n un diploma de escuela secundaria.<\/p>\n\n\n\n<ul class=\"wp-block-list\">\n<li>Vista <a href=\"\/es\/academics\/graduation-requirements\/\" data-type=\"page\" data-id=\"36\">Requisitos de graduaci\u00f3n<\/a><\/li>\n\n\n\n<li><a href=\"\/es\/academics\/seal-of-biliteracy\/\" data-type=\"page\" data-id=\"37\">Requisitos del Sello de Alfabetizaci\u00f3n Biling\u00fce<\/a><\/li>\n<\/ul>\n\n\n\n<h2 class=\"wp-block-heading\">Plan de Transici\u00f3n Personal<\/h2>\n\n\n\n<p>Un requisito para todos los graduados de la escuela secundaria, el <a href=\"\/es\/DOE%20Forms\/Graduation%20Brochures\/PTP.pdf\/\" target=\"_blank\" rel=\"noreferrer noopener\">Plan de Transici\u00f3n Personal (PTP) (PDF)<\/a>\u200b Es el plan de acci\u00f3n de cada estudiante para la transici\u00f3n de la escuela secundaria a la universidad y\/o a la carrera profesional. Los estudiantes, los padres y el personal escolar tienen una responsabilidad compartida en el desarrollo y la ejecuci\u00f3n del PTP durante la escuela secundaria. Los elementos son:<\/p>\n\n\n\n<ul class=\"wp-block-list\">\n<li>Consecuci\u00f3n de objetivos.<\/li>\n\n\n\n<li>Identificaci\u00f3n de recursos disponibles.<\/li>\n\n\n\n<li>Evidencia que respalda el plan de acci\u00f3n tomado.<\/li>\n\n\n\n<li>Componente de autoevaluaci\u00f3n.<\/li>\n<\/ul>\n\n\n\n<h3 class=\"wp-block-heading\">Pautas <\/h3>\n\n\n\n<p>Entendiendo que cada escuela secundaria tiene la libertad de implementar el PTP para cada estudiante, se desarrollaron las siguientes pautas:<\/p>\n\n\n\n<ul class=\"wp-block-list\">\n<li>Se debe iniciar un PTP cuando cada estudiante ingresa a la escuela secundaria.<\/li>\n\n\n\n<li>El PTP debe ser revisado peri\u00f3dicamente por el estudiante, el personal escolar y el padre\/tutor para garantizar que el estudiante cumple con los elementos del PTP.<\/li>\n<\/ul>\n\n\n\n<p>A modo de gu\u00eda, estos <em>Modelo de Educaci\u00f3n T\u00e9cnica Profesional<\/em> Se desarrollaron puntos de referencia para los estudiantes por niveles de grado:<\/p>\n\n\n\n<h4 class=\"wp-block-heading\">9no grado<\/h4>\n\n\n\n<ul class=\"wp-block-list\">\n<li>Evaluar posibles opciones profesionales en relaci\u00f3n con los intereses, fortalezas y valores personales.<\/li>\n\n\n\n<li>Eval\u00fae la compensaci\u00f3n, el estilo de vida y otros beneficios asociados con las carreras de su inter\u00e9s.<\/li>\n\n\n\n<li>Desarrollar metas educativas y profesionales individuales.<\/li>\n\n\n\n<li>Desarrollar un portafolio profesional que documente evidencia del progreso hacia el logro de metas personales, educativas y profesionales.<\/li>\n<\/ul>\n\n\n\n<h4 class=\"wp-block-heading\">10mo grado<\/h4>\n\n\n\n<p>Adem\u00e1s de todo lo anterior:<\/p>\n\n\n\n<ul class=\"wp-block-list\">\n<li>Analizar la educaci\u00f3n individual y los objetivos profesionales.<\/li>\n\n\n\n<li>Evaluar la cartera de carrera que documenta la evidencia del progreso hacia el logro de metas personales, educativas y profesionales.<\/li>\n<\/ul>\n\n\n\n<h4 class=\"wp-block-heading\">11\u00b0 grado<\/h4>\n\n\n\n<p>Adem\u00e1s de todo lo anterior:<\/p>\n\n\n\n<ul class=\"wp-block-list\">\n<li>Analizar las tendencias demogr\u00e1ficas, geogr\u00e1ficas y tecnol\u00f3gicas que afectan las oportunidades laborales.<\/li>\n\n\n\n<li>Prep\u00e1rese para el proceso de entrevista de trabajo.<\/li>\n<\/ul>\n\n\n\n<h4 class=\"wp-block-heading\">12\u00b0 grado<\/h4>\n\n\n\n<ul class=\"wp-block-list\">\n<li>Finalizar Declaraci\u00f3n Personal*<\/li>\n\n\n\n<li>Portafolio de Carrera Completo*<\/li>\n\n\n\n<li>Curr\u00edculum profesional completo*<\/li>\n\n\n\n<li>Plan completo de educaci\u00f3n postsecundaria*<\/li>\n\n\n\n<li>Exposici\u00f3n a diversas pruebas de ingreso (postsecundaria, laboral, etc.)<\/li>\n<\/ul>\n\n\n\n<p><em>*Requerido<\/em><\/p>\n\n\n\n<h3 class=\"wp-block-heading\">Concesi\u00f3n de cr\u00e9dito<\/h3>\n\n\n\n<p>Se emitir\u00e1n 0,50 cr\u00e9ditos al final del primer semestre del a\u00f1o terminal y se anotar\u00e1n en el expediente acad\u00e9mico oficial del estudiante como cr\u00e9dito o sin cr\u00e9dito por cumplir con los elementos del PTP.<\/p>\n\n\n\n<h2 class=\"wp-block-heading\">Est\u00e1ndares de la materia<\/h2>\n\n\n\n<p>Una lista de los est\u00e1ndares que utiliza el Departamento para garantizar que los estudiantes est\u00e9n expuestos a par\u00e1metros de aprendizaje rigurosos y apropiados para su edad. Los est\u00e1ndares no son un plan de estudios, sino expectativas de lo que los estudiantes deben saber y ser capaces de hacer en cada nivel de grado.<\/p>\n\n\n\n<p><\/p>","protected":false},"excerpt":{"rendered":"<p>Academic and performance requirements to obtain a diploma from Hawai\u02bbi public high schools\u2014from the basics to honors recognition\u2014with information about the Personal Transition Plan that is required of all students. milestones to graduation High school graduation requirements in Hawai\u02bbi public schools set a rigorous standard of learning that enables all students to: Students who demonstrate [&hellip;]<\/p>","protected":false},"author":8,"featured_media":0,"parent":22,"menu_order":30,"comment_status":"closed","ping_status":"closed","template":"","meta":{"_relevanssi_hide_post":"","_relevanssi_hide_content":"","_relevanssi_pin_for_all":"","_relevanssi_pin_keywords":"","_relevanssi_unpin_keywords":"","_relevanssi_related_keywords":"","_relevanssi_related_include_ids":"","_relevanssi_related_exclude_ids":"","_relevanssi_related_no_append":"","_relevanssi_related_not_related":"","_relevanssi_related_posts":"","_relevanssi_noindex_reason":"","_sitemap_exclude":false,"_sitemap_priority":"","_sitemap_frequency":"","_kad_blocks_custom_css":"","_kad_blocks_head_custom_js":"","_kad_blocks_body_custom_js":"","_kad_blocks_footer_custom_js":"","wp_popup_display_lightbox":0,"wp_popup_suppress":"","wp_popup_trigger":"","wp_popup_trigger_amount":0,"wp_popup_disable_on_mobile":false,"footnotes":""},"class_list":["post-945","page","type-page","status-publish","hentry"],"pp_statuses_selecting_workflow":false,"pp_workflow_action":"current","pp_status_selection":"publish","taxonomy_info":[],"featured_image_src_large":false,"author_info":{"display_name":"Ariana Enomoto","author_link":"https:\/\/hawaiipublicschools.org\/es\/author\/arianastaceyleong-com\/"},"comment_info":0,"publishpress_future_action":{"enabled":false,"date":"2026-04-28 06:56:22","action":"change-status","newStatus":"draft","terms":[],"taxonomy":"","extraData":[]},"publishpress_future_workflow_manual_trigger":{"enabledWorkflows":[]},"_links":{"self":[{"href":"https:\/\/hawaiipublicschools.org\/es\/wp-json\/wp\/v2\/pages\/945","targetHints":{"allow":["GET"]}}],"collection":[{"href":"https:\/\/hawaiipublicschools.org\/es\/wp-json\/wp\/v2\/pages"}],"about":[{"href":"https:\/\/hawaiipublicschools.org\/es\/wp-json\/wp\/v2\/types\/page"}],"author":[{"embeddable":true,"href":"https:\/\/hawaiipublicschools.org\/es\/wp-json\/wp\/v2\/users\/8"}],"replies":[{"embeddable":true,"href":"https:\/\/hawaiipublicschools.org\/es\/wp-json\/wp\/v2\/comments?post=945"}],"version-history":[{"count":0,"href":"https:\/\/hawaiipublicschools.org\/es\/wp-json\/wp\/v2\/pages\/945\/revisions"}],"up":[{"embeddable":true,"href":"https:\/\/hawaiipublicschools.org\/es\/wp-json\/wp\/v2\/pages\/22"}],"wp:attachment":[{"href":"https:\/\/hawaiipublicschools.org\/es\/wp-json\/wp\/v2\/media?parent=945"}],"curies":[{"name":"wp","href":"https:\/\/api.w.org\/{rel}","templated":true}]}}