{"id":940,"date":"2024-11-07T02:49:48","date_gmt":"2024-11-07T02:49:48","guid":{"rendered":"https:\/\/hawaiipublicschools.org\/?page_id=940"},"modified":"2026-04-29T15:59:53","modified_gmt":"2026-04-30T01:59:53","slug":"jobs-listing","status":"publish","type":"page","link":"https:\/\/hawaiipublicschools.org\/es\/jobs\/jobs-listing\/","title":{"rendered":"Listado de trabajos"},"content":{"rendered":"<p><\/p>\n\n\n\n<p class=\"intro\" style=\"font-size:clamp(0.875rem, 0.875rem + ((1vw - 0.2rem) * 0.531), 1.3rem);\">En las escuelas p\u00fablicas de Haw\u00e1i, buscamos personas din\u00e1micas y motivadas para unirse a nuestro equipo y contribuir al futuro de nuestro estado. Con puestos emocionantes en todos los \u00e1mbitos, tendr\u00e1s la oportunidad de apoyar el \u00e9xito estudiantil, contribuir al progreso de la educaci\u00f3n p\u00fablica e impulsar un cambio significativo para las islas. Tanto si eres un profesional con experiencia como si est\u00e1s empezando tu carrera, te ofrecemos oportunidades para crecer, prosperar y dejar una huella duradera.<\/p>\n\n\n\n<p>\u00a1Explora nuestras oportunidades laborales abiertas y postula en l\u00ednea hoy mismo!<\/p>\n\n\n\n<div class=\"wp-block-buttons is-layout-flex wp-block-buttons-is-layout-flex\" style=\"margin-bottom:var(--wp--preset--spacing--10)\">\n<div class=\"wp-block-button has-custom-font-size ghost positive custom_button border_bx-pos is-style-outline is-style-outline--1\" style=\"font-size:0.8rem\"><a rel=\"noreferrer noopener\" target=\"_blank\" href=\"http:\/\/hawaiischooljobs.org\" class=\"wp-block-button__link has-text-color has-link-color has-border-color has-contrast-border-color wp-element-button\" style=\"border-width:2px;color:#010101;padding-top:12px;padding-right:20px;padding-bottom:12px;padding-left:20px\">buscar trabajo<\/a><\/div>\n<\/div>\n\n\n\n<p>Abrimos en horario laboral habitual (de lunes a viernes de 7:45 a 16:30, excepto festivos). No dude en contactarnos. <\/p>\n\n\n\n<div class=\"wp-block-columns is-layout-flex wp-container-core-columns-is-layout-28f84493 wp-block-columns-is-layout-flex\">\n<div class=\"wp-block-column is-layout-flow wp-block-column-is-layout-flow\">\n<p><strong>Reclutamiento de profesores<br><\/strong>Apartado postal 2360, Honolulu, Hawaii 96804<br><a href=\"mailto:teacher.recruitment@k12.hi.us\">reclutamiento.de.profesores@k12.hi.us<\/a><br>Tel\u00e9fono: 808-441-8444<br>Fax: 808-586-4050<\/p>\n<\/div>\n\n\n\n<div class=\"wp-block-column is-layout-flow wp-block-column-is-layout-flow\">\n<p><strong>Reclutamiento de Oficial Educativo<br><\/strong>Apartado postal 2360, Honolulu, Hawaii 96804<br><a href=\"mailto:eo.recruitment@k12.hi.us\">eo.recruitment@k12.hi.us<\/a><br>Tel\u00e9fono: 808-564-0877<br>Fax: 808-586-4050<br><a href=\"\/es\/jobs\/educational-officer-job-classifications\/\">Educational Officer Class Specifications<\/a><\/p>\n<\/div>\n\n\n\n<div class=\"wp-block-column is-layout-flow wp-block-column-is-layout-flow\">\n<p><strong>Reclutamiento de personal para servicios clasificados y de apoyo<br><\/strong>Apartado postal 2360, Honolulu, Hawaii 96804<br><a href=\"mailto:cssp.recruitment@k12.hi.us\">cssp.recruitment@k12.hi.us<\/a><br>Tel\u00e9fono: 808-441-8411<br>Fax: 808-586-4050<br><a href=\"https:\/\/hawaiipublicschools.org\/es\/jobs\/civil-service-classification-specifications\/\" data-type=\"page\" data-id=\"9649\">Especificaciones de la clase de servicio civil<\/a><br><a href=\"\/es\/jobs\/support-services-classifications\/\">Support Services Class Specifications<\/a><\/p>\n<\/div>\n<\/div>\n\n\n\n<p><\/p>\n\n\n\n<p class=\"has--font-size\">HIDOE\u2019s Office of Talent Management is hosting one-hour webinars to provide an overview of the application and hiring process. Visit each page for dates and registration information.<\/p>\n\n\n\n<ul class=\"wp-block-list\">\n<li><a href=\"https:\/\/hidoe.webex.com\/webappng\/sites\/hidoe\/webinar\/webinarSeries\/register\/984ea441f0d74f9b8945c141b44fd7e9\" data-type=\"link\" data-id=\"https:\/\/hidoe.webex.com\/webappng\/sites\/hidoe\/webinar\/webinarSeries\/register\/984ea441f0d74f9b8945c141b44fd7e9\" target=\"_blank\" rel=\"noreferrer noopener\">Teachers, librarians and counselor positions<\/a><\/li>\n\n\n\n<li><a href=\"https:\/\/hidoe.webex.com\/webappng\/sites\/hidoe\/webinar\/webinarSeries\/register\/f1d8202d48884129a2a832ab13583a75\" target=\"_blank\" rel=\"noreferrer noopener\">Classified and support services personnel positions<\/a><\/li>\n<\/ul>\n\n\n\n<p><\/p>\n\n\n\n<p><\/p>\n\n\n\n<p><\/p>\n\n\n\n<p><\/p>\n\n\n\n<p><\/p>","protected":false},"excerpt":{"rendered":"<p>At Hawai\u02bbi public schools, we seek dynamic, motivated individuals to join our team and help shape the future of our state. With exciting roles spanning all fields, you\u2019ll have the chance to support student success, contribute toward the progress of public education, and drive impactful change for the islands. Whether you&#8217;re an experienced professional or [&hellip;]<\/p>","protected":false},"author":8,"featured_media":0,"parent":122,"menu_order":0,"comment_status":"closed","ping_status":"closed","template":"","meta":{"_relevanssi_hide_post":"","_relevanssi_hide_content":"","_relevanssi_pin_for_all":"","_relevanssi_pin_keywords":"","_relevanssi_unpin_keywords":"","_relevanssi_related_keywords":"","_relevanssi_related_include_ids":"","_relevanssi_related_exclude_ids":"","_relevanssi_related_no_append":"","_relevanssi_related_not_related":"","_relevanssi_related_posts":"10479,10895,9324,10010,10022,10175","_relevanssi_noindex_reason":"","_sitemap_exclude":false,"_sitemap_priority":"","_sitemap_frequency":"","_kad_blocks_custom_css":"","_kad_blocks_head_custom_js":"","_kad_blocks_body_custom_js":"","_kad_blocks_footer_custom_js":"","wp_popup_display_lightbox":0,"wp_popup_suppress":"","wp_popup_trigger":"","wp_popup_trigger_amount":0,"wp_popup_disable_on_mobile":false,"footnotes":""},"class_list":["post-940","page","type-page","status-publish","hentry"],"pp_statuses_selecting_workflow":false,"pp_workflow_action":"current","pp_status_selection":"publish","taxonomy_info":[],"featured_image_src_large":false,"author_info":{"display_name":"Ariana Enomoto","author_link":"https:\/\/hawaiipublicschools.org\/es\/author\/arianastaceyleong-com\/"},"comment_info":0,"publishpress_future_action":{"enabled":false,"date":"2026-05-11 22:16:12","action":"change-status","newStatus":"draft","terms":[],"taxonomy":"","extraData":[]},"publishpress_future_workflow_manual_trigger":{"enabledWorkflows":[]},"_links":{"self":[{"href":"https:\/\/hawaiipublicschools.org\/es\/wp-json\/wp\/v2\/pages\/940","targetHints":{"allow":["GET"]}}],"collection":[{"href":"https:\/\/hawaiipublicschools.org\/es\/wp-json\/wp\/v2\/pages"}],"about":[{"href":"https:\/\/hawaiipublicschools.org\/es\/wp-json\/wp\/v2\/types\/page"}],"author":[{"embeddable":true,"href":"https:\/\/hawaiipublicschools.org\/es\/wp-json\/wp\/v2\/users\/8"}],"replies":[{"embeddable":true,"href":"https:\/\/hawaiipublicschools.org\/es\/wp-json\/wp\/v2\/comments?post=940"}],"version-history":[{"count":1,"href":"https:\/\/hawaiipublicschools.org\/es\/wp-json\/wp\/v2\/pages\/940\/revisions"}],"predecessor-version":[{"id":19844,"href":"https:\/\/hawaiipublicschools.org\/es\/wp-json\/wp\/v2\/pages\/940\/revisions\/19844"}],"up":[{"embeddable":true,"href":"https:\/\/hawaiipublicschools.org\/es\/wp-json\/wp\/v2\/pages\/122"}],"wp:attachment":[{"href":"https:\/\/hawaiipublicschools.org\/es\/wp-json\/wp\/v2\/media?parent=940"}],"curies":[{"name":"wp","href":"https:\/\/api.w.org\/{rel}","templated":true}]}}