{"id":928,"date":"2024-11-07T00:07:18","date_gmt":"2024-11-07T00:07:18","guid":{"rendered":"https:\/\/hawaiipublicschools.org\/?page_id=928"},"modified":"2025-03-14T09:33:12","modified_gmt":"2025-03-14T19:33:12","slug":"grade-levels","status":"publish","type":"page","link":"https:\/\/hawaiipublicschools.org\/es\/academics\/grade-levels\/","title":{"rendered":"Niveles de grado"},"content":{"rendered":"<p class=\"intro\" style=\"font-size:clamp(0.875rem, 0.875rem + ((1vw - 0.2rem) * 0.531), 1.3rem);\">Como \u00fanico sistema educativo estatal del pa\u00eds, nuestra misi\u00f3n es inculcar en nuestros estudiantes el amor por el aprendizaje, cultivar la comprensi\u00f3n cultural e inspirar un profundo sentido de responsabilidad por las islas que heredar\u00e1n. Nuestro objetivo es guiar a los estudiantes para que se conviertan en ciudadanos responsables y comprometidos. <\/p>\n\n\n\n<p>En asociaci\u00f3n con el Departamento de Servicios Humanos y la Oficina Ejecutiva de Aprendizaje Temprano, tambi\u00e9n se est\u00e1 trabajando para ampliar el acceso a las aulas p\u00fablicas de preescolar y prejard\u00edn de infantes en las escuelas existentes para los ni\u00f1os de 3 y 4 a\u00f1os de Haw\u00e1i.<\/p>\n\n\n\n<h2 class=\"wp-block-heading\">elemental<\/h2>\n\n\n\n<figure class=\"wp-block-image alignleft size-large is-resized\"><img loading=\"lazy\" decoding=\"async\" width=\"1024\" height=\"628\" src=\"https:\/\/hawaiipublicschools.org\/wp-content\/uploads\/2024\/12\/Elementary-1024x628.jpg\" alt=\"\" class=\"wp-image-3986\" style=\"width:480px\" srcset=\"https:\/\/hawaiipublicschools.org\/wp-content\/uploads\/2024\/12\/Elementary-1024x628.jpg 1024w, https:\/\/hawaiipublicschools.org\/wp-content\/uploads\/2024\/12\/Elementary-300x184.jpg 300w, https:\/\/hawaiipublicschools.org\/wp-content\/uploads\/2024\/12\/Elementary-768x471.jpg 768w, https:\/\/hawaiipublicschools.org\/wp-content\/uploads\/2024\/12\/Elementary-18x12.jpg 18w, https:\/\/hawaiipublicschools.org\/wp-content\/uploads\/2024\/12\/Elementary.jpg 1200w\" sizes=\"auto, (max-width: 1024px) 100vw, 1024px\" \/><\/figure>\n\n\n\n<h3 class=\"wp-block-heading\">Desarrollo de la primera infancia y preescolar<\/h3>\n\n\n\n<p><mark style=\"background-color:rgba(0, 0, 0, 0)\" class=\"has-inline-color has-contrast-color\">Garantizar que cada ni\u00f1o tenga un buen comienzo y que los padres reciban el apoyo necesario durante estos a\u00f1os cr\u00edticos de desarrollo. Los ni\u00f1os que asisten a programas preescolares y otros programas educativos tienen una ventaja comprobada en la escuela y en la vida.<\/mark><\/p>\n\n\n\n<h3 class=\"wp-block-heading\">Kindergarten<\/h3>\n\n\n\n<p><mark style=\"background-color:rgba(0, 0, 0, 0)\" class=\"has-inline-color has-contrast-color\">Obligatorio en el estado de Haw\u00e1i, el jard\u00edn de infantes brinda a los estudiantes peque\u00f1os experiencias positivas que son importantes para establecer las bases para el \u00e9xito escolar futuro y los inicia en el camino para convertirse en estudiantes de por vida.<\/mark><\/p>\n\n\n\n<h3 class=\"wp-block-heading\">Escuela primaria<\/h3>\n\n\n\n<p>El aprendizaje personalizado para apoyar a los estudiantes comienza a dar forma a la experiencia educativa.<\/p>\n\n\n\n<hr class=\"wp-block-separator has-alpha-channel-opacity is-style-wide\" style=\"margin-top:var(--wp--preset--spacing--30);margin-bottom:var(--wp--preset--spacing--30)\"\/>\n\n\n\n<figure class=\"wp-block-image alignright size-large is-resized\"><img loading=\"lazy\" decoding=\"async\" width=\"1024\" height=\"683\" src=\"https:\/\/hawaiipublicschools.org\/wp-content\/uploads\/2024\/12\/Middle_School-1024x683.jpg\" alt=\"\" class=\"wp-image-3633\" style=\"width:480px\" srcset=\"https:\/\/hawaiipublicschools.org\/wp-content\/uploads\/2024\/12\/Middle_School-1024x683.jpg 1024w, https:\/\/hawaiipublicschools.org\/wp-content\/uploads\/2024\/12\/Middle_School-300x200.jpg 300w, https:\/\/hawaiipublicschools.org\/wp-content\/uploads\/2024\/12\/Middle_School-768x512.jpg 768w, https:\/\/hawaiipublicschools.org\/wp-content\/uploads\/2024\/12\/Middle_School-18x12.jpg 18w, https:\/\/hawaiipublicschools.org\/wp-content\/uploads\/2024\/12\/Middle_School.jpg 1200w\" sizes=\"auto, (max-width: 1024px) 100vw, 1024px\" \/><\/figure>\n\n\n\n<h2 class=\"wp-block-heading\">Secundario<\/h2>\n\n\n\n<h3 class=\"wp-block-heading\">Nivel medio\/intermedio: grados 6 a 8<\/h3>\n\n\n\n<p><mark style=\"background-color:rgba(0, 0, 0, 0)\" class=\"has-inline-color has-contrast-color\">Durante estos a\u00f1os cruciales de desarrollo, nuestros estudiantes crecen acad\u00e9mica, emocional y socialmente. La escuela secundaria ampl\u00eda la gama de experiencias al ofrecerles a los estudiantes m\u00e1s opciones de clases en educaci\u00f3n t\u00e9cnica y profesional, artes visuales, teatro, danza, m\u00fasica, atletismo y programas extraescolares. Los esfuerzos de preparaci\u00f3n para la universidad comienzan junto con el fortalecimiento de habilidades sociales cr\u00edticas.<\/mark><\/p>\n\n\n\n<h3 class=\"wp-block-heading\">Escuela secundaria<\/h3>\n\n\n\n<p><mark style=\"background-color:rgba(0, 0, 0, 0)\" class=\"has-inline-color has-contrast-color\">Visualizamos a todos los graduados de las escuelas p\u00fablicas siendo competitivos a nivel global y comprometidos a nivel local, y preparados para un futuro exitoso alineado con sus pasiones y habilidades.<\/mark><\/p>\n\n\n\n<p><\/p>\n\n\n\n<p><\/p>\n\n\n\n<p><\/p>\n\n\n\n<p><\/p>","protected":false},"excerpt":{"rendered":"<p>As the only state-wide educational system in the country, it is our kuleana to instill in our students a love of learning, cultivate cultural understanding, and inspire a deep sense of stewardship for the islands they will inherit. Our goal is to guide students to become responsible and and engaged citizens. In partnership with the [&hellip;]<\/p>","protected":false},"author":8,"featured_media":0,"parent":22,"menu_order":12,"comment_status":"closed","ping_status":"closed","template":"","meta":{"_relevanssi_hide_post":"","_relevanssi_hide_content":"","_relevanssi_pin_for_all":"","_relevanssi_pin_keywords":"","_relevanssi_unpin_keywords":"","_relevanssi_related_keywords":"","_relevanssi_related_include_ids":"","_relevanssi_related_exclude_ids":"","_relevanssi_related_no_append":"","_relevanssi_related_not_related":"","_relevanssi_related_posts":"","_relevanssi_noindex_reason":"","_sitemap_exclude":false,"_sitemap_priority":"","_sitemap_frequency":"","_kad_blocks_custom_css":"","_kad_blocks_head_custom_js":"","_kad_blocks_body_custom_js":"","_kad_blocks_footer_custom_js":"","wp_popup_display_lightbox":0,"wp_popup_suppress":"","wp_popup_trigger":"","wp_popup_trigger_amount":0,"wp_popup_disable_on_mobile":false,"footnotes":""},"class_list":["post-928","page","type-page","status-publish","hentry"],"pp_statuses_selecting_workflow":false,"pp_workflow_action":"current","pp_status_selection":"publish","taxonomy_info":[],"featured_image_src_large":false,"author_info":{"display_name":"Ariana Enomoto","author_link":"https:\/\/hawaiipublicschools.org\/es\/author\/arianastaceyleong-com\/"},"comment_info":0,"publishpress_future_action":{"enabled":false,"date":"2026-04-12 02:58:03","action":"change-status","newStatus":"draft","terms":[],"taxonomy":"","extraData":[]},"publishpress_future_workflow_manual_trigger":{"enabledWorkflows":[]},"_links":{"self":[{"href":"https:\/\/hawaiipublicschools.org\/es\/wp-json\/wp\/v2\/pages\/928","targetHints":{"allow":["GET"]}}],"collection":[{"href":"https:\/\/hawaiipublicschools.org\/es\/wp-json\/wp\/v2\/pages"}],"about":[{"href":"https:\/\/hawaiipublicschools.org\/es\/wp-json\/wp\/v2\/types\/page"}],"author":[{"embeddable":true,"href":"https:\/\/hawaiipublicschools.org\/es\/wp-json\/wp\/v2\/users\/8"}],"replies":[{"embeddable":true,"href":"https:\/\/hawaiipublicschools.org\/es\/wp-json\/wp\/v2\/comments?post=928"}],"version-history":[{"count":0,"href":"https:\/\/hawaiipublicschools.org\/es\/wp-json\/wp\/v2\/pages\/928\/revisions"}],"up":[{"embeddable":true,"href":"https:\/\/hawaiipublicschools.org\/es\/wp-json\/wp\/v2\/pages\/22"}],"wp:attachment":[{"href":"https:\/\/hawaiipublicschools.org\/es\/wp-json\/wp\/v2\/media?parent=928"}],"curies":[{"name":"wp","href":"https:\/\/api.w.org\/{rel}","templated":true}]}}