{"id":924,"date":"2025-08-20T11:20:51","date_gmt":"2025-08-20T21:20:51","guid":{"rendered":"https:\/\/hawaiipublicschools.org\/?page_id=924"},"modified":"2025-10-03T07:47:45","modified_gmt":"2025-10-03T17:47:45","slug":"our-public-schools","status":"publish","type":"page","link":"https:\/\/hawaiipublicschools.org\/es\/enrolling-in-school\/our-public-schools\/","title":{"rendered":"Descripci\u00f3n general de las escuelas p\u00fablicas de Haw\u00e1i"},"content":{"rendered":"<div class=\"wp-block-columns double_col_sidebar is-layout-flex wp-container-core-columns-is-layout-28f84493 wp-block-columns-is-layout-flex\">\n<div class=\"wp-block-column left_col is-layout-flow wp-block-column-is-layout-flow\">\n<p class=\"intro\">Aloha and welcome to Hawai\u02bbi public schools! We are committed to providing a high-quality education for all students\u2014regardless of their geographic location, background, economic standing or whether they are in English or Hawaiian language pathways\u2014and we look forward to welcoming your child to our school system.<\/p>\n\n\n\n<p>En las escuelas p\u00fablicas de Haw\u00e1i, nos esforzamos por lograr un sistema desde el jard\u00edn de infantes hasta el 12.\u00ba grado en el que los graduados sean competitivos a nivel mundial, tengan los conocimientos y las habilidades acad\u00e9micas para prosperar y tengan un profundo sentido de responsabilidad para contribuir a sus comunidades locales. Nuestras escuelas p\u00fablicas est\u00e1n organizadas en 15 distritos denominados <em>\u00e1reas complejas<\/em>. Cada&nbsp;<em>\u00e1rea compleja<\/em>&nbsp;consta de dos a cuatro \u201ccomplejos\u201d, un grupo de escuelas que incluye una escuela secundaria y sus escuelas primarias y secundarias correspondientes.<\/p>\n\n\n\n<p><strong>La escuela es obligatoria en Haw\u00e1i para los estudiantes de 5 a 18 a\u00f1os. <\/strong>Los estudiantes deben asistir a la escuela que presta servicios al distrito geogr\u00e1fico donde viven. <\/p>\n\n\n\n<h2 class=\"wp-block-heading\">enviando a su hijo a la escuela<\/h2>\n\n\n\n<h3 class=\"wp-block-heading\">Mandatory for Children Living in Hawai\u02bbi<\/h3>\n\n\n\n<p>La escuela es obligatoria en Haw\u00e1i para los estudiantes de 5 a\u00f1os (al 31 de julio del a\u00f1o escolar) a 18 a\u00f1os (al 1 de enero de un a\u00f1o escolar determinado). <a href=\"http:\/\/www.capitol.hawaii.gov\/hrscurrent\/Vol05_Ch0261-0319\/HRS0302A\/HRS_0302A-1132.HTM\" target=\"_blank\" rel=\"noreferrer noopener\">Horas 302A-1132<\/a> como referencia. Los estudiantes deben asistir a la escuela que atiende al distrito geogr\u00e1fico donde viven. Puede utilizar nuestra <a href=\"https:\/\/hidoe.maps.arcgis.com\/apps\/webappviewer\/index.html?id=69f6b96049794d5592bb355b9cf12ec4\" target=\"_blank\" rel=\"noreferrer noopener\">Localizador de sitios escolares<\/a> Herramienta para visualizar los l\u00edmites de servicios distritales y escolares.<\/p>\n\n\n\n<figure class=\"wp-block-image size-large\"><img loading=\"lazy\" decoding=\"async\" width=\"1024\" height=\"683\" src=\"https:\/\/hawaiipublicschools.org\/wp-content\/uploads\/2024\/12\/HIDOE_Our-Public-Schools-1024x683.jpg\" alt=\"Three elementary students waving at the camera\" class=\"wp-image-2503\" style=\"object-fit:cover\" srcset=\"https:\/\/hawaiipublicschools.org\/wp-content\/uploads\/2024\/12\/HIDOE_Our-Public-Schools-1024x683.jpg 1024w, https:\/\/hawaiipublicschools.org\/wp-content\/uploads\/2024\/12\/HIDOE_Our-Public-Schools-300x200.jpg 300w, https:\/\/hawaiipublicschools.org\/wp-content\/uploads\/2024\/12\/HIDOE_Our-Public-Schools-768x512.jpg 768w, https:\/\/hawaiipublicschools.org\/wp-content\/uploads\/2024\/12\/HIDOE_Our-Public-Schools-18x12.jpg 18w, https:\/\/hawaiipublicschools.org\/wp-content\/uploads\/2024\/12\/HIDOE_Our-Public-Schools.jpg 1200w\" sizes=\"auto, (max-width: 1024px) 100vw, 1024px\" \/><\/figure>\n\n\n\n<p> (al 31 de julio del a\u00f1o escolar) hasta el 18 (al 1 de enero de un a\u00f1o escolar determinado). Por favor, consulte <a href=\"http:\/\/www.capitol.hawaii.gov\/hrscurrent\/Vol05_Ch0261-0319\/HRS0302A\/HRS_0302A-1132.HTM\" target=\"_blank\" rel=\"noreferrer noopener\">Horas 302A-1132<\/a> como referencia. Los estudiantes deben asistir a la escuela que atiende al distrito geogr\u00e1fico donde viven. Puede utilizar nuestra <a href=\"https:\/\/hidoe.maps.arcgis.com\/apps\/webappviewer\/index.html?id=69f6b96049794d5592bb355b9cf12ec4\" target=\"_blank\" rel=\"noreferrer noopener\">Localizador de sitios escolares<\/a> Herramienta para ver los l\u00edmites de los servicios de los distritos y las escuelas: simplemente escriba su direcci\u00f3n en la esquina superior izquierda del sitio, incluida la ciudad, hasta que su direcci\u00f3n se materialice en un men\u00fa desplegable. Selecci\u00f3nela y se le acercar\u00e1 al \u00e1rea de servicio.<\/p>\n\n\n\n<p><em>Nota: La cantidad de inscripciones y los l\u00edmites de servicio est\u00e1n en constante cambio. Le recomendamos que se comunique directamente con la escuela para confirmar si presta servicios en su hogar.<\/em><\/p>\n\n\n\n<h4 class=\"wp-block-heading\">Comprender los informes sobre raza y etnicidad<\/h4>\n\n\n\n<p>The U.S. Department of Education requires that all states report the race and ethnicity of students enrolling in public school. The state of Hawai\u02bbi does not report individual information, but reports total counts of students by different sub-group categories of race and ethnicity. Although you have the right as a parent to decline to provide this information to the school, Federal rules require that every student be assigned an ethnicity and\/or race category. The schools will designate a category in the event a parent declines to provide that information.<\/p>\n\n\n\n<h3 class=\"wp-block-heading\">Familias en situaci\u00f3n de vivienda inestable<\/h3>\n\n\n\n<p>Hay casi 3.600 estudiantes identificados en viviendas inestables en todo el estado. Las familias que experimentan una vivienda inestable tienen derechos bajo la Ley McKinney-Vento para garantizar que sus hijos contin\u00faen teniendo acceso ininterrumpido a la educaci\u00f3n y los servicios. Obtenga m\u00e1s informaci\u00f3n <a href=\"\/es\/DOE%20Forms\/OSSS\/Rights%20under%20the%20McKinney-Vento%20Act.pdf\/\">Derechos bajo la Ley McKinney-Vento (PDF)<\/a><\/p>\n\n\n\n<h4 class=\"wp-block-heading\">Encuentre un enlace comunitario<\/h4>\n\n\n\n<p><\/p>\n\n\n\n<p><a href=\"https:\/\/docs.google.com\/spreadsheets\/d\/14bLiX0YVH59fEo_IiV825fX2D0S3kiVuKN1W7WisDWo\/edit#gid=1131496463\" target=\"_blank\" rel=\"noreferrer noopener\">Lista de enlaces HIEHCY 2024-2025<\/a> <a href=\"https:\/\/docs.google.com\/spreadsheets\/d\/14bLiX0YVH59fEo_IiV825fX2D0S3kiVuKN1W7WisDWo\/edit#gid=1131496463\" target=\"_blank\" rel=\"noreferrer noopener\">(Hoja de c\u00e1lculo de Google)<\/a><\/p>\n\n\n\n<h4 class=\"wp-block-heading\">Cuestionario para determinar la elegibilidad<\/h4>\n\n\n\n<p>Determinar la elegibilidad bajo la Ley McKinney-Vento: <a href=\"\/es\/DOE%20Forms\/MV1.pdf\/\" target=\"_blank\" rel=\"noreferrer noopener\">Cuestionario para determinar la elegibilidad \u2013 Ingl\u00e9s (PDF)<\/a>La traducci\u00f3n se encuentra a continuaci\u00f3n.<\/p>\n\n\n\n<div class=\"wp-block-columns is-layout-flex wp-container-core-columns-is-layout-28f84493 wp-block-columns-is-layout-flex\">\n<div class=\"wp-block-column is-layout-flow wp-block-column-is-layout-flow\">\n<ul class=\"wp-block-list\">\n<li><a href=\"\/es\/DOE%20Forms\/MVA\/MV1_CEBUANO.pdf\/\" target=\"_blank\" rel=\"noreferrer noopener\">Cebuano (PDF)<\/a><\/li>\n\n\n\n<li><a href=\"\/es\/DOE%20Forms\/MVA\/MV1_CHINESES.pdf\/\" target=\"_blank\" rel=\"noreferrer noopener\">Chino (simplificado) (PDF)<\/a><\/li>\n\n\n\n<li><a href=\"\/es\/DOE%20Forms\/MVA\/MV1_CHINESET.pdf\/\" target=\"_blank\" rel=\"noreferrer noopener\">Chino (tradicional) (PDF)<\/a><\/li>\n\n\n\n<li><a href=\"\/es\/DOE%20Forms\/MVA\/MV1_CHUKKESE.pdf\/\" target=\"_blank\" rel=\"noreferrer noopener\">Chuukese (PDF)<\/a><\/li>\n\n\n\n<li><a href=\"\/es\/DOE%20Forms\/MVA\/MV1_HAWAIIAN.pdf\/\" target=\"_blank\" rel=\"noreferrer noopener\">Hawaiano (PDF)<\/a><\/li>\n<\/ul>\n<\/div>\n\n\n\n<div class=\"wp-block-column is-layout-flow wp-block-column-is-layout-flow\">\n<ul class=\"wp-block-list\">\n<li><a href=\"\/es\/DOE%20Forms\/MVA\/MV1_ILOCANO.pdf\/\" target=\"_blank\" rel=\"noreferrer noopener\">Ilocano (PDF)<\/a><\/li>\n\n\n\n<li><a href=\"\/es\/DOE%20Forms\/MVA\/MV1_JAPANESE.pdf\/\" target=\"_blank\" rel=\"noreferrer noopener\">Japon\u00e9s (PDF)<\/a><\/li>\n\n\n\n<li><a href=\"\/es\/DOE%20Forms\/MVA\/MV1_KOREAN.pdf\/\" target=\"_blank\" rel=\"noreferrer noopener\">Coreano (PDF)<\/a><\/li>\n\n\n\n<li><a href=\"\/es\/DOE%20Forms\/MVA\/MV1_MARSHALLESE.pdf\/\" target=\"_blank\" rel=\"noreferrer noopener\">marshal\u00e9s (PDF)<\/a><\/li>\n\n\n\n<li><a href=\"\/es\/DOE%20Forms\/MVA\/MV1_SAMOAN.pdf\/\" target=\"_blank\" rel=\"noreferrer noopener\">Samoano (PDF)<\/a><\/li>\n<\/ul>\n<\/div>\n\n\n\n<div class=\"wp-block-column is-layout-flow wp-block-column-is-layout-flow\">\n<ul class=\"wp-block-list\">\n<li><a href=\"\/es\/DOE%20Forms\/MVA\/MV1_SPANISH.pdf\/\" target=\"_blank\" rel=\"noreferrer noopener\">Espa\u00f1ol (PDF)<\/a><\/li>\n\n\n\n<li><a href=\"\/es\/DOE%20Forms\/MVA\/MV1_TAGALOG.pdf\/\" target=\"_blank\" rel=\"noreferrer noopener\">Tagalo (PDF)<\/a><\/li>\n\n\n\n<li><a href=\"\/es\/DOE%20Forms\/MVA\/MV1_TONGAN.pdf\/\" target=\"_blank\" rel=\"noreferrer noopener\">Tongano (PDF)<\/a><\/li>\n\n\n\n<li><a href=\"\/es\/DOE%20Forms\/MVA\/MV1_VIETNAMESE.pdf\/\" target=\"_blank\" rel=\"noreferrer noopener\">vietnamita (PDF)<\/a><\/li>\n<\/ul>\n<\/div>\n<\/div>\n\n\n\n<p>Si tiene preguntas o inquietudes adicionales, comun\u00edquese con el programa de Educaci\u00f3n para Ni\u00f1os y J\u00f3venes sin Hogar (EHCY) al 808-348-0304 o al 808-723-4192.<\/p>\n\n\n\n<h4 class=\"wp-block-heading\">Folleto sobre los derechos de inscripci\u00f3n para familias en situaci\u00f3n de vivienda inestable<\/h4>\n\n\n\n<p>Para padres y familias bajo el programa McKinney-Vento: <a href=\"\/es\/DOE%20Forms\/OSSS\/200730_EHCYPoster_FINAL.jpg\/\" target=\"_blank\" rel=\"noreferrer noopener\">Derechos de inscripci\u00f3n para familias en viviendas inestables \u2013 Ingl\u00e9s (PDF)<\/a>Las traducciones se encuentran a continuaci\u00f3n.<\/p>\n\n\n\n<div class=\"wp-block-columns is-layout-flex wp-container-core-columns-is-layout-28f84493 wp-block-columns-is-layout-flex\">\n<div class=\"wp-block-column is-layout-flow wp-block-column-is-layout-flow\">\n<ul class=\"wp-block-list\">\n<li><a href=\"\/es\/DOE%20Forms\/MVA\/MVA_CEBUANO.pdf\/\" target=\"_blank\" rel=\"noreferrer noopener\">Cebuano (PDF)<\/a><\/li>\n\n\n\n<li><a href=\"\/es\/DOE%20Forms\/MVA\/MVA_SCHINESE.pdf\/\" target=\"_blank\" rel=\"noreferrer noopener\">Chino (simplificado) (PDF)<\/a><\/li>\n\n\n\n<li><a href=\"\/es\/DOE%20Forms\/MVA\/MVA_TCHINESE.pdf\/\" target=\"_blank\" rel=\"noreferrer noopener\">Chino (tradicional) (PDF)<\/a><\/li>\n\n\n\n<li><a href=\"\/es\/DOE%20Forms\/MVA\/MVA_CHUUKESE.pdf\/\" target=\"_blank\" rel=\"noreferrer noopener\">Chuukese (PDF)<\/a><\/li>\n\n\n\n<li><a href=\"\/es\/DOE%20Forms\/MVA\/MVA_HAWAIIAN.pdf\/\" target=\"_blank\" rel=\"noreferrer noopener\">Hawaiano (PDF)<\/a><\/li>\n<\/ul>\n<\/div>\n\n\n\n<div class=\"wp-block-column is-layout-flow wp-block-column-is-layout-flow\">\n<ul class=\"wp-block-list\">\n<li><a href=\"\/es\/DOE%20Forms\/MVA\/MVA_ILOCANO.pdf\/\" target=\"_blank\" rel=\"noreferrer noopener\">Ilocano (PDF)<\/a><\/li>\n\n\n\n<li><a href=\"\/es\/DOE%20Forms\/MVA\/MVA_JAPANESE.pdf\/\" target=\"_blank\" rel=\"noreferrer noopener\">Japon\u00e9s (PDF)<\/a><\/li>\n\n\n\n<li><a href=\"\/es\/DOE%20Forms\/MVA\/MVA_KOREAN.pdf\/\" target=\"_blank\" rel=\"noreferrer noopener\">Coreano (PDF)<\/a><\/li>\n\n\n\n<li><a href=\"\/es\/DOE%20Forms\/MVA\/MVA_MARSHALLESE.pdf\/\" target=\"_blank\" rel=\"noreferrer noopener\">marshal\u00e9s (PDF)<\/a><\/li>\n<\/ul>\n<\/div>\n\n\n\n<div class=\"wp-block-column is-layout-flow wp-block-column-is-layout-flow\">\n<ul class=\"wp-block-list\">\n<li><a href=\"\/es\/DOE%20Forms\/MVA\/MVA_SAMOAN.pdf\/\" target=\"_blank\" rel=\"noreferrer noopener\">Samoano (PDF)<\/a><\/li>\n\n\n\n<li><a href=\"\/es\/DOE%20Forms\/MVA\/MVA_SPANISH.pdf\/\" target=\"_blank\" rel=\"noreferrer noopener\">Espa\u00f1ol (PDF)<\/a><\/li>\n\n\n\n<li><a href=\"\/es\/DOE%20Forms\/MVA\/MVA_TAGALOG.pdf\/\" target=\"_blank\" rel=\"noreferrer noopener\">Tagalo (PDF)<\/a><\/li>\n\n\n\n<li><a href=\"\/es\/DOE%20Forms\/MVA\/MVA_TONGAN.pdf\/\" target=\"_blank\" rel=\"noreferrer noopener\">Tongano (PDF)<\/a><\/li>\n<\/ul>\n<\/div>\n<\/div>\n\n\n\n<h4 class=\"wp-block-heading\">Transporte gratuito en autob\u00fas<\/h4>\n\n\n\n<p>Los estudiantes que califican para recibir asistencia seg\u00fan la Ley McKinney-Vento pueden ser elegibles para transporte gratuito en autob\u00fas hacia y desde la escuela. Trabaje con el enlace de asuntos de personas sin hogar en su escuela para determinar la elegibilidad y para obtener un pase de autob\u00fas si corresponde.<\/p>\n<\/div>\n\n\n\n<div class=\"wp-block-column right_col is-layout-flow wp-block-column-is-layout-flow\"><div class=\"kb-row-layout-wrap kb-row-layout-id1050_d76aa3-f2 alignnone wp-block-kadence-rowlayout\"><div class=\"kt-row-column-wrap kt-has-2-columns kt-row-layout-row kt-tab-layout-row kt-mobile-layout-row kt-row-valign-top\">\n\n<div class=\"wp-block-kadence-column kadence-column1050_63c690-aa\"><div class=\"kt-inside-inner-col\">\n<figure class=\"wp-block-image size-full no_margin\"><img loading=\"lazy\" decoding=\"async\" width=\"1024\" height=\"640\" src=\"https:\/\/hawaiipublicschools.org\/wp-content\/uploads\/2024\/12\/Classroom-1024x640.jpg\" alt=\"\" class=\"wp-image-2274\" style=\"aspect-ratio:4\/3;object-fit:cover\" srcset=\"https:\/\/hawaiipublicschools.org\/wp-content\/uploads\/2024\/12\/Classroom-1024x640.jpg 1024w, https:\/\/hawaiipublicschools.org\/wp-content\/uploads\/2024\/12\/Classroom-300x188.jpg 300w, https:\/\/hawaiipublicschools.org\/wp-content\/uploads\/2024\/12\/Classroom-768x480.jpg 768w, https:\/\/hawaiipublicschools.org\/wp-content\/uploads\/2024\/12\/Classroom-18x12.jpg 18w, https:\/\/hawaiipublicschools.org\/wp-content\/uploads\/2024\/12\/Classroom.jpg 1200w\" sizes=\"auto, (max-width: 1024px) 100vw, 1024px\" \/><\/figure>\n<\/div><\/div>\n\n\n\n<div class=\"wp-block-kadence-column kadence-column1050_6ae211-6a\"><div class=\"kt-inside-inner-col\">\n<h5 class=\"wp-block-heading has-base-color has-text-color has-link-color wp-elements-91735848e86ea283e0928ede427b944c\" style=\"margin-top:0px;padding-top:0;padding-bottom:0.5rem;font-size:1.4vw\">ENCUENTRA TU ESCUELA<\/h5>\n\n\n\n<p class=\"has-base-color has-text-color has-link-color wp-elements-73de11a7dc8419c68045457638ce71c1\">\u200b\u200b\u200b\u200b\u200b\u200b\u200b\u200b\u200b\u200b\u200b\u200b\u200b\u200b\u200b\u200b\u200b\u200b\u200b\u200b\u200b\u200b\u200b\u200bUtilice nuestro <a href=\"https:\/\/hawaiipublicschools.org\/es\/enrolling-in-school\/find-your-school\/\" data-type=\"page\" data-id=\"14\">Herramienta de b\u00fasqueda de escuelas<\/a> para ordenar por isla, \u00e1rea compleja, tipo de escuela o nivel de grado.<\/p>\n<\/div><\/div>\n\n<\/div><\/div><\/div>\n<\/div>","protected":false},"excerpt":{"rendered":"<p>Aloha and welcome to Hawai\u02bbi public schools! We are committed to providing a high-quality education for all students\u2014regardless of their geographic location, background, economic standing or whether they are in English or Hawaiian language pathways\u2014and we look forward to welcoming your child to our school system. At Hawai\u02bbi public schools, we strive for a K\u201312 [&hellip;]<\/p>","protected":false},"author":8,"featured_media":0,"parent":13,"menu_order":12,"comment_status":"closed","ping_status":"closed","template":"wp-custom-template-page-for-custom-sidebar","meta":{"_relevanssi_hide_post":"","_relevanssi_hide_content":"","_relevanssi_pin_for_all":"","_relevanssi_pin_keywords":"","_relevanssi_unpin_keywords":"","_relevanssi_related_keywords":"","_relevanssi_related_include_ids":"","_relevanssi_related_exclude_ids":"","_relevanssi_related_no_append":"","_relevanssi_related_not_related":"","_relevanssi_related_posts":"","_relevanssi_noindex_reason":"","_sitemap_exclude":false,"_sitemap_priority":"","_sitemap_frequency":"","_kad_blocks_custom_css":"","_kad_blocks_head_custom_js":"","_kad_blocks_body_custom_js":"","_kad_blocks_footer_custom_js":"","wp_popup_display_lightbox":0,"wp_popup_suppress":"","wp_popup_trigger":"","wp_popup_trigger_amount":0,"wp_popup_disable_on_mobile":false,"footnotes":""},"class_list":["post-924","page","type-page","status-publish","hentry"],"pp_statuses_selecting_workflow":false,"pp_workflow_action":"current","pp_status_selection":"publish","taxonomy_info":[],"featured_image_src_large":false,"author_info":{"display_name":"Ariana Enomoto","author_link":"https:\/\/hawaiipublicschools.org\/es\/author\/arianastaceyleong-com\/"},"comment_info":0,"publishpress_future_action":{"enabled":false,"date":"2026-04-30 22:55:55","action":"change-status","newStatus":"draft","terms":[],"taxonomy":"","extraData":[]},"publishpress_future_workflow_manual_trigger":{"enabledWorkflows":[]},"_links":{"self":[{"href":"https:\/\/hawaiipublicschools.org\/es\/wp-json\/wp\/v2\/pages\/924","targetHints":{"allow":["GET"]}}],"collection":[{"href":"https:\/\/hawaiipublicschools.org\/es\/wp-json\/wp\/v2\/pages"}],"about":[{"href":"https:\/\/hawaiipublicschools.org\/es\/wp-json\/wp\/v2\/types\/page"}],"author":[{"embeddable":true,"href":"https:\/\/hawaiipublicschools.org\/es\/wp-json\/wp\/v2\/users\/8"}],"replies":[{"embeddable":true,"href":"https:\/\/hawaiipublicschools.org\/es\/wp-json\/wp\/v2\/comments?post=924"}],"version-history":[{"count":0,"href":"https:\/\/hawaiipublicschools.org\/es\/wp-json\/wp\/v2\/pages\/924\/revisions"}],"up":[{"embeddable":true,"href":"https:\/\/hawaiipublicschools.org\/es\/wp-json\/wp\/v2\/pages\/13"}],"wp:attachment":[{"href":"https:\/\/hawaiipublicschools.org\/es\/wp-json\/wp\/v2\/media?parent=924"}],"curies":[{"name":"wp","href":"https:\/\/api.w.org\/{rel}","templated":true}]}}