{"id":866,"date":"2024-10-08T00:23:19","date_gmt":"2024-10-08T00:23:19","guid":{"rendered":"https:\/\/hawaiipublicschools.org\/?page_id=866"},"modified":"2025-10-15T11:06:44","modified_gmt":"2025-10-15T21:06:44","slug":"teach-356","status":"publish","type":"page","link":"https:\/\/hawaiipublicschools.org\/es\/resources\/teach-356\/","title":{"rendered":"ENSE\u00d1AR 356"},"content":{"rendered":"<p class=\"intro\">A trav\u00e9s de un acuerdo de franquicia de cable colaborativo, los proveedores de cable comerciales de Haw\u00e1i dedican canales de acceso p\u00fablico a la programaci\u00f3n educativa. Esta asociaci\u00f3n garantiza que los recursos educativos de alta calidad est\u00e9n disponibles para las comunidades de todo el estado, lo que ayuda a respaldar el rendimiento estudiantil y a fomentar las oportunidades de aprendizaje permanente para todos los residentes de Haw\u00e1i.<\/p>\n\n\n\n<p>Administramos un canal de cable educativo estatal, disponible tanto en Spectrum como en Hawaiian Telcom. El canal, que transmite las 24 horas del d\u00eda, los 7 d\u00edas de la semana, ofrece una programaci\u00f3n educativa atractiva que cubre una amplia gama de temas, incluidos historia, arte, ciencia, STEM y estudios sociales. Sintonice en cualquier momento el canal 356 de Spectrum o el canal 356 de Hawaiian Telcom para obtener contenido enriquecedor dise\u00f1ado para estudiantes de todas las edades.<\/p>\n\n\n\n<h2 class=\"wp-block-heading\">Horario de TEACH 356<\/h2>\n\n\n\n<iframe frameborder=\"0\" src=\"https:\/\/proweb.myersinfosys.com\/hetv\/week\" title=\"Department cablecast channel 356 schedule \" loading=\"lazy\" class=\"\" style=\"width:100%;max-width:100%;height:5000px\"><\/iframe>","protected":false},"excerpt":{"rendered":"<p>Through a collaborative cable franchise agreement, commercial cable providers across Hawai\u02bbi dedicate public access channels for educational programming. This partnership ensures that high-quality educational resources are readily available to communities across the state, helping to support student achievement and foster lifelong learning opportunities for all of Hawai\u02bbi residents. We manage a statewide educational cable channel, [&hellip;]<\/p>","protected":false},"author":15,"featured_media":0,"parent":87,"menu_order":13,"comment_status":"closed","ping_status":"closed","template":"","meta":{"_relevanssi_hide_post":"","_relevanssi_hide_content":"","_relevanssi_pin_for_all":"","_relevanssi_pin_keywords":"","_relevanssi_unpin_keywords":"","_relevanssi_related_keywords":"","_relevanssi_related_include_ids":"","_relevanssi_related_exclude_ids":"","_relevanssi_related_no_append":"","_relevanssi_related_not_related":"","_relevanssi_related_posts":"","_relevanssi_noindex_reason":"","_sitemap_exclude":false,"_sitemap_priority":"","_sitemap_frequency":"","_kad_blocks_custom_css":"","_kad_blocks_head_custom_js":"","_kad_blocks_body_custom_js":"","_kad_blocks_footer_custom_js":"","wp_popup_display_lightbox":0,"wp_popup_suppress":"","wp_popup_trigger":"","wp_popup_trigger_amount":0,"wp_popup_disable_on_mobile":false,"footnotes":""},"class_list":["post-866","page","type-page","status-publish","hentry"],"pp_statuses_selecting_workflow":false,"pp_workflow_action":"current","pp_status_selection":"publish","taxonomy_info":[],"featured_image_src_large":false,"author_info":{"display_name":"Chanel Honda","author_link":"https:\/\/hawaiipublicschools.org\/es\/author\/chanel-hondak12-hi-us\/"},"comment_info":0,"publishpress_future_action":{"enabled":false,"date":"2026-05-08 03:10:43","action":"change-status","newStatus":"draft","terms":[],"taxonomy":"","extraData":[]},"publishpress_future_workflow_manual_trigger":{"enabledWorkflows":[]},"_links":{"self":[{"href":"https:\/\/hawaiipublicschools.org\/es\/wp-json\/wp\/v2\/pages\/866","targetHints":{"allow":["GET"]}}],"collection":[{"href":"https:\/\/hawaiipublicschools.org\/es\/wp-json\/wp\/v2\/pages"}],"about":[{"href":"https:\/\/hawaiipublicschools.org\/es\/wp-json\/wp\/v2\/types\/page"}],"author":[{"embeddable":true,"href":"https:\/\/hawaiipublicschools.org\/es\/wp-json\/wp\/v2\/users\/15"}],"replies":[{"embeddable":true,"href":"https:\/\/hawaiipublicschools.org\/es\/wp-json\/wp\/v2\/comments?post=866"}],"version-history":[{"count":0,"href":"https:\/\/hawaiipublicschools.org\/es\/wp-json\/wp\/v2\/pages\/866\/revisions"}],"up":[{"embeddable":true,"href":"https:\/\/hawaiipublicschools.org\/es\/wp-json\/wp\/v2\/pages\/87"}],"wp:attachment":[{"href":"https:\/\/hawaiipublicschools.org\/es\/wp-json\/wp\/v2\/media?parent=866"}],"curies":[{"name":"wp","href":"https:\/\/api.w.org\/{rel}","templated":true}]}}