{"id":84,"date":"2025-03-27T13:25:52","date_gmt":"2025-03-27T23:25:52","guid":{"rendered":"https:\/\/hawaiipublicschools.org\/?page_id=84"},"modified":"2026-01-12T12:40:37","modified_gmt":"2026-01-12T22:40:37","slug":"anti-bullying","status":"publish","type":"page","link":"https:\/\/hawaiipublicschools.org\/es\/student-programs\/anti-bullying\/","title":{"rendered":"Anti-bullying"},"content":{"rendered":"<p class=\"intro\" style=\"font-size:clamp(0.875rem, 0.875rem + ((1vw - 0.2rem) * 0.531), 1.3rem);\">Our Hawai\u02bbi public schools believe every student deserves a safe, respectful learning environment\u2014both in school and online. Bullying, in any form, undermines the well-being and success of students. That\u2019s why we are committed to empowering students, families and communities with tools and resources to prevent and address bullying. From proactive prevention programs to easy-to-use reporting tools like the<em> <a href=\"https:\/\/www.speaknowhidoe.com\/\" data-type=\"link\" data-id=\"https:\/\/www.speaknowhidoe.com\/\">Aplicaci\u00f3n HIDOE Habla ahora<\/a><\/em>Trabajamos en conjunto con nuestras comunidades para promover una cultura de respeto, responsabilidad y empat\u00eda. Juntos, podemos garantizar que cada estudiante se sienta apoyado y seguro, para que pueda prosperar acad\u00e9mica y emocionalmente.<\/p>\n\n\n\n<figure class=\"wp-block-image size-large\"><img loading=\"lazy\" decoding=\"async\" width=\"1024\" height=\"683\" src=\"https:\/\/hawaiipublicschools.org\/wp-content\/uploads\/Anti-Bullying-1024x683.jpg\" alt=\"Two students holding hands.\" class=\"wp-image-8511\" srcset=\"https:\/\/hawaiipublicschools.org\/wp-content\/uploads\/Anti-Bullying-1024x683.jpg 1024w, https:\/\/hawaiipublicschools.org\/wp-content\/uploads\/Anti-Bullying-300x200.jpg 300w, https:\/\/hawaiipublicschools.org\/wp-content\/uploads\/Anti-Bullying-768x512.jpg 768w, https:\/\/hawaiipublicschools.org\/wp-content\/uploads\/Anti-Bullying-18x12.jpg 18w, https:\/\/hawaiipublicschools.org\/wp-content\/uploads\/Anti-Bullying.jpg 1200w\" sizes=\"auto, (max-width: 1024px) 100vw, 1024px\" \/><\/figure>\n\n\n\n<h2 class=\"wp-block-heading\">\u00bfQu\u00e9 es el bullying?<\/h2>\n\n\n\n<p>El acoso escolar es un problema grave que afecta a estudiantes de todas las edades y or\u00edgenes. Si bien existen muchas formas de acoso escolar, nos centraremos en dos categor\u00edas principales: el acoso escolar y el acoso cibern\u00e9tico. Es importante comprender estos dos tipos para que todos podamos trabajar juntos para crear un entorno escolar m\u00e1s seguro y respetuoso.<\/p>\n\n\n\n<p><strong>\u201cIntimidaci\u00f3n\u201d<\/strong>\u2014cualquier acto escrito, verbal, gr\u00e1fico o f\u00edsico que lastime, da\u00f1e, humille o intimide a un estudiante, incluidos aquellos con estatus de clase protegida, que sea lo suficientemente grave, persistente o generalizado como para crear un ambiente educativo intimidante, amenazante o abusivo.<\/p>\n\n\n\n<p><strong>\u201cCiberacoso\u201d<\/strong>\u2014actos transmitidos electr\u00f3nicamente, incluidos, entre otros, aquellos transmitidos a trav\u00e9s de Internet, tel\u00e9fono celular u otro dispositivo inal\u00e1mbrico port\u00e1til iniciados por un estudiante hacia otro estudiante o empleado del departamento que lastiman, da\u00f1an, humillan o intimidan al estudiante o empleado; y son lo suficientemente graves, persistentes o generalizados como para crear un entorno educativo intimidante, amenazante o abusivo. El acoso cibern\u00e9tico puede ocurrir:<\/p>\n\n\n\n<ol class=\"wp-block-list\">\n<li>En el campus u otras instalaciones del departamento, en el transporte del departamento o durante una actividad o evento patrocinado por el departamento dentro o fuera de la propiedad de la escuela;<\/li>\n\n\n\n<li>A trav\u00e9s de un sistema de datos del departamento sin comunicaci\u00f3n autorizada por el departamento; o<\/li>\n\n\n\n<li>A trav\u00e9s de una red inform\u00e1tica fuera del campus, si la conducta afecta el entorno educativo.<\/li>\n<\/ol>\n\n\n\n<p>Adem\u00e1s, el acoso cibern\u00e9tico tambi\u00e9n puede basarse en la clase protegida de una persona, incluyendo, entre otros, la raza, el color, la religi\u00f3n, el sexo, la orientaci\u00f3n sexual, la identidad de g\u00e9nero, la expresi\u00f3n de g\u00e9nero, la edad, el origen nacional, la ascendencia, la discapacidad, la apariencia y las caracter\u00edsticas f\u00edsicas y el estado socioecon\u00f3mico de una persona.&nbsp;<\/p>\n\n\n\n<h2 class=\"wp-block-heading\">Manejo del acoso escolar<\/h2>\n\n\n\n<h3 class=\"wp-block-heading\">El acoso escolar es un problema comunitario<\/h3>\n\n\n\n<p><strong>El bullying nos pertenece a todos.<em> <\/em><\/strong>El personal escolar puede abordar los incidentes y apoyar a los estudiantes en la escuela, pero no puede detener el acoso escolar (en todas sus formas y en todos los lugares en los que ocurre) por s\u00ed solo. Las familias, los estudiantes y las comunidades tienen un papel que desempe\u00f1ar para adoptar y promover una cultura de respeto, responsabilidad y resiliencia.<\/p>\n\n\n\n<p>Instamos a las familias a que hablen con sus hijos sobre c\u00f3mo ser respetuosos y emp\u00e1ticos con los dem\u00e1s, incluso con aquellos que son diferentes a ellos. En nuestras escuelas, cultivamos estas caracter\u00edsticas como parte de <a href=\"\/es\/about\/na-hopena-a\u02bbo-ha\/\" data-type=\"page\" data-id=\"109\">N\u0101 Hopena A\u02bbo<\/a>, aprendizaje socioemocional y otros esfuerzos. Si bien el acoso puede afectar a cualquiera, los estudiantes tambi\u00e9n pueden ser objeto de acoso por su raza, estatus socioecon\u00f3mico, orientaci\u00f3n sexual, identidad de g\u00e9nero, discapacidades de aprendizaje y otras cualidades; una violaci\u00f3n <a href=\"\/es\/policies\/nondiscrimination-policy\/\" data-type=\"page\" data-id=\"149\" target=\"_blank\" rel=\"noreferrer noopener\">leyes de derechos civiles<\/a>.&nbsp;<\/p>\n\n\n\n<p>Las estrategias a nivel comunitario pueden ayudar a identificar y apoyar a los ni\u00f1os que son v\u00edctimas de acoso, redirigir el comportamiento de los ni\u00f1os que acosan y cambiar las actitudes de los adultos y j\u00f3venes que toleran conductas de acoso en grupos de pares, escuelas, familias y comunidades.<\/p>\n\n\n\n<h3 class=\"wp-block-heading\">Nuestra respuesta al acoso escolar<\/h3>\n\n\n\n<ol class=\"wp-block-list\">\n<li><strong>Prevenci\u00f3n:<\/strong> Todas las escuelas se esfuerzan por crear una cultura y un clima escolar positivos para alentar a todos los estudiantes a ser respetuosos y emp\u00e1ticos. Para abordar las conductas de acoso, las escuelas pueden implementar una o m\u00e1s de las siguientes medidas:\n<ul class=\"wp-block-list\">\n<li>Pr\u00e1cticas de comportamiento positivo en toda la escuela que ense\u00f1an a los estudiantes a ser estudiantes respetuosos, responsables y compasivos.<\/li>\n\n\n\n<li><strong>Anti-Bullying Programs<\/strong>: Communities are unique, and schools have different approaches based on their community\u2019s needs. Some schools have students leading their anti-bullying efforts.<\/li>\n\n\n\n<li><strong>Community Partnerships:<\/strong> Many schools cultivate relationships with community agencies, health and wellness providers, policing and community policing groups, legal advisors, cultural practitioners and others to broaden supports.<\/li>\n<\/ul>\n<\/li>\n\n\n\n<li><strong>Respuesta:<\/strong> Cuando ocurre un incidente, el director o su designado investiga para:\n<ul class=\"wp-block-list\">\n<li>Determinar si se cometi\u00f3 un delito seg\u00fan lo definido por las Reglas Administrativas de Haw\u00e1i (HAR) <a href=\"https:\/\/hawaiipublicschools.org\/es\/DOE%20Forms\/Chapter%2019\/Chapter%2019-2020.pdf\/\">Cap\u00edtulo 19 (PDF)<\/a> ocurri\u00f3.<\/li>\n\n\n\n<li>Realizar una entrada en la base de datos de apoyo estudiantil del Departamento, que permite a las escuelas identificar, monitorear y rastrear las preocupaciones de los estudiantes a lo largo del tiempo.<\/li>\n<\/ul>\n<\/li>\n\n\n\n<li><strong>Hacer un seguimiento:<\/strong> El personal escolar brinda apoyo a las v\u00edctimas y a los acosadores para abordar las condiciones actuales que pueden haber contribuido al incidente de acoso y ayudar a prevenir incidentes futuros. Estas condiciones pueden incluir problemas en el hogar, estr\u00e9s, abuso y problemas de salud, socioemocionales y conductuales, entre otros.<\/li>\n<\/ol>\n\n\n\n<h2 class=\"wp-block-heading\">Report bullying<\/h2>\n\n\n\n<p>Any child who is bullied or who witnesses a bullying incident is encouraged to tell a trusted adult or report it using the <a href=\"\/wp-content\/uploads\/Chapter-19-Complaint-Form.pdf\" target=\"_blank\" rel=\"noreferrer noopener\">Chapter 19 Complaint form<\/a> or the anonymous <a href=\"https:\/\/www.speaknowhidoe.com\/index.html\" target=\"_blank\" rel=\"noreferrer noopener\">Aplicaci\u00f3n HIDOE Habla ahora<\/a>. If an incident happens on our school campuses, on HIDOE transportation, or during a HIDOE-sponsored event, appropriate school personnel will investigate.<\/p>\n\n\n\n<h3 class=\"wp-block-heading\">Speak Now&nbsp;<\/h3>\n\n\n\n<p>HIDOE tiene una aplicaci\u00f3n que permite a los estudiantes denunciar incidentes de acoso escolar. <a href=\"https:\/\/www.speaknowhidoe.com\/index.html\">Aplicaci\u00f3n de informes HIDOE Speak Now<\/a> ofrece a los estudiantes de primaria, secundaria y preparatoria una forma de denunciar incidentes de acoso (de forma digital y an\u00f3nima, si as\u00ed lo eligen) que ocurren en el campus, en el transporte de HIDOE o en eventos patrocinados por HIDOE.&nbsp;<\/p>\n\n\n\n<ul class=\"wp-block-list\">\n<li>Mire los videos a continuaci\u00f3n para ver una demostraci\u00f3n paso a paso de c\u00f3mo enviar una sugerencia usando la aplicaci\u00f3n.&nbsp;<\/li>\n\n\n\n<li><a href=\"https:\/\/hawaiipublicschools.org\/es\/DOE%20Forms\/Safety\/SpeakNowFLYER.pdf\/\">Folleto de la aplicaci\u00f3n de informes HIDOE de Speak Now (PDF)<\/a><\/li>\n<\/ul>\n\n\n\n<h3 class=\"wp-block-heading\">C\u00f3mo enviar una sugerencia<\/h3>\n\n\n\n<h4 class=\"wp-block-heading\">Estudiantes de primaria de 4.\u00ba a 6.\u00ba grado<\/h4>\n\n\n\n<iframe frameborder=\"0\" src=\"https:\/\/drive.google.com\/file\/d\/1s3pYFYnBTY7_fGcRJiisfSBo4EULKae_\/preview\" title=\"How to submit a tip to SpeakNow\" class=\"\" style=\"width:100%;max-width:100%;height:320px\"><\/iframe>\n\n\n\n<h4 class=\"wp-block-heading\">Estudiantes de secundaria de 7.\u00ba a 12.\u00ba grado<\/h4>\n\n\n\n<iframe frameborder=\"0\" src=\"https:\/\/drive.google.com\/file\/d\/1lqzdjUt7hpNWI_FGoIMolhJzPfyi5IlJ\/preview\" title=\"How to submit a tip to SpeakNow\" class=\"\" style=\"width:100%;max-width:100%;height:320px\"><\/iframe>\n\n\n\n<h2 class=\"wp-block-heading\" id=\"Chapter19\">Mala conducta y disciplina estudiantil<\/h2>\n\n\n\n<h3 class=\"wp-block-heading\" id=\"chapter19\">Cap\u00edtulo 19<\/h3>\n\n\n\n<p>Las Reglas Administrativas de Haw\u00e1i, Cap\u00edtulo 19, rigen las cuestiones relacionadas con la mala conducta estudiantil. <strong>que incluye el acoso, el hostigamiento y el acoso cibern\u00e9tico<\/strong>Es importante que los estudiantes y los padres revisen esta informaci\u00f3n para saber qu\u00e9 constituye una violaci\u00f3n del Cap\u00edtulo 19 y cu\u00e1les son las consecuencias.&nbsp;<\/p>\n\n\n\n<p>Descargue las Reglas Administrativas de Haw\u00e1i, Cap\u00edtulo 19:<\/p>\n\n\n\n<div class=\"wp-block-columns is-layout-flex wp-container-core-columns-is-layout-28f84493 wp-block-columns-is-layout-flex\">\n<div class=\"wp-block-column is-layout-flow wp-block-column-is-layout-flow\">\n<ul class=\"wp-block-list\">\n<li><a href=\"\/es\/DOE%20Forms\/Chapter%2019\/Chapter%2019-2020.pdf\/\" target=\"_blank\" rel=\"noreferrer noopener\">Ingl\u00e9s (PDF)<\/a><\/li>\n\n\n\n<li><a href=\"\/es\/DOE%20Forms\/OSSS\/Chapter%2019%20Translations\/Hawaiian.pdf\/\" target=\"_blank\" rel=\"noreferrer noopener\">Hawaiano (PDF)<\/a><\/li>\n\n\n\n<li><a href=\"\/es\/DOE%20Forms\/OSSS\/Chapter%2019%20Translations\/Cebuano.pdf\/\" target=\"_blank\" rel=\"noreferrer noopener\">Cebuano (PDF)<\/a><\/li>\n\n\n\n<li><a href=\"\/es\/DOE%20Forms\/OSSS\/Chapter%2019%20Translations\/Simplified%20Chinese.pdf\/\" target=\"_blank\" rel=\"noreferrer noopener\">Chino (simplificado) (PDF)<\/a><\/li>\n\n\n\n<li><a href=\"\/es\/DOE%20Forms\/OSSS\/Chapter%2019%20Translations\/Traditional%20Chinese.pdf\/\" target=\"_blank\" rel=\"noreferrer noopener\">Chino (tradicional) (PDF)<\/a><\/li>\n\n\n\n<li><a href=\"\/es\/DOE%20Forms\/OSSS\/Chapter%2019%20Translations\/Chuukese.pdf\/\" target=\"_blank\" rel=\"noreferrer noopener\">Chuukese (PDF)<\/a><\/li>\n<\/ul>\n<\/div>\n\n\n\n<div class=\"wp-block-column is-layout-flow wp-block-column-is-layout-flow\">\n<ul class=\"wp-block-list\">\n<li><a href=\"\/es\/DOE%20Forms\/OSSS\/Chapter%2019%20Translations\/Ilocano.pdf\/\" target=\"_blank\" rel=\"noreferrer noopener\">Ilocano\u200b (PDF)<\/a><\/li>\n\n\n\n<li><a href=\"\/es\/DOE%20Forms\/OSSS\/Chapter%2019%20Translations\/Japanese.pdf\/\" target=\"_blank\" rel=\"noreferrer noopener\">Japon\u00e9s\u200b (PDF)<\/a><\/li>\n\n\n\n<li><a href=\"\/es\/DOE%20Forms\/OSSS\/Chapter%2019%20Translations\/Korean.pdf\/\" target=\"_blank\" rel=\"noreferrer noopener\">Coreano (PDF)<\/a><\/li>\n\n\n\n<li><a href=\"\/es\/DOE%20Forms\/OSSS\/Chapter%2019%20Translations\/Marshallese.pdf\/\" target=\"_blank\" rel=\"noreferrer noopener\">marshal\u00e9s (PDF)<\/a><\/li>\n\n\n\n<li><a href=\"\/es\/DOE%20Forms\/OSSS\/Chapter%2019%20Translations\/Samoan.pdf\/\" target=\"_blank\" rel=\"noreferrer noopener\">Samoano (PDF)<\/a><\/li>\n<\/ul>\n<\/div>\n\n\n\n<div class=\"wp-block-column is-layout-flow wp-block-column-is-layout-flow\">\n<ul class=\"wp-block-list\">\n<li><a href=\"\/es\/DOE%20Forms\/OSSS\/Chapter%2019%20Translations\/Spanish.pdf\/\" target=\"_blank\" rel=\"noreferrer noopener\">Espa\u00f1ol (PDF)<\/a><\/li>\n\n\n\n<li><a href=\"\/es\/DOE%20Forms\/OSSS\/Chapter%2019%20Translations\/Tagalog.pdf\/\" target=\"_blank\" rel=\"noreferrer noopener\">Tagalo\u200b (PDF)<\/a><\/li>\n\n\n\n<li>Tailand\u00e9s (PDF)<\/li>\n\n\n\n<li><a href=\"\/es\/DOE%20Forms\/OSSS\/Chapter%2019%20Translations\/Tongan.pdf\/\" target=\"_blank\" rel=\"noreferrer noopener\">Tongano (PDF)<\/a><\/li>\n\n\n\n<li><a href=\"\/es\/DOE%20Forms\/OSSS\/Chapter%2019%20Translations\/Vietnamese.pdf\/\" target=\"_blank\" rel=\"noreferrer noopener\">vietnamita (PDF)<\/a><\/li>\n<\/ul>\n<\/div>\n<\/div>\n\n\n\n<p>Cap\u00edtulo 19 Cartas traducidas a los padres<\/p>\n\n\n\n<p>El Departamento reconoce la necesidad de que estas importantes cartas se traduzcan a sus idiomas nativos para que nuestras familias puedan revisarlas y descargarlas. Estas incluyen:&nbsp;<\/p>\n\n\n\n<ol class=\"wp-block-list\">\n<li>Cap\u00edtulo 19 Carta a los padres<\/li>\n\n\n\n<li>Carta para padres sobre armas de fuego<\/li>\n\n\n\n<li>Carta para padres sobre dispositivos electr\u00f3nicos para fumar<\/li>\n<\/ol>\n\n\n\n<div class=\"wp-block-columns is-layout-flex wp-container-core-columns-is-layout-28f84493 wp-block-columns-is-layout-flex\">\n<div class=\"wp-block-column is-layout-flow wp-block-column-is-layout-flow\">\n<ul class=\"wp-block-list\">\n<li><a href=\"https:\/\/drive.google.com\/drive\/folders\/1ycUaLLtQwvJoy8DzcCagzNESiSFpR0vb?usp=drive_link\" target=\"_blank\" rel=\"noreferrer noopener\">Ingl\u00e9s<\/a><\/li>\n\n\n\n<li>Hawaiano (pr\u00f3ximamente)<\/li>\n\n\n\n<li><a href=\"https:\/\/drive.google.com\/drive\/folders\/1wuvYY55KW2z0pyvNNwqV4BeNAt0Fx07C?usp=drive_link\" target=\"_blank\" rel=\"noreferrer noopener\">Cebuano<\/a><\/li>\n\n\n\n<li><a href=\"https:\/\/drive.google.com\/drive\/folders\/16YDrT3IW8Yq4x0z-cJb1aN1ZUYxEryB4?usp=drive_link\" target=\"_blank\" rel=\"noreferrer noopener\">Chino (simplificado)<\/a><\/li>\n\n\n\n<li><a href=\"https:\/\/drive.google.com\/drive\/folders\/1xYk1Y7xuTU-SzQvmeE4e1d4Jja-N4yaG?usp=drive_link\" target=\"_blank\" rel=\"noreferrer noopener\">Chino (tradicional)<\/a><\/li>\n\n\n\n<li><a href=\"https:\/\/drive.google.com\/drive\/folders\/19mb5WDm8gRmP3mENUfwYO-DnqKs7BdR4?usp=drive_link\" target=\"_blank\" rel=\"noreferrer noopener\">Chuukese<\/a><\/li>\n<\/ul>\n<\/div>\n\n\n\n<div class=\"wp-block-column is-layout-flow wp-block-column-is-layout-flow\">\n<ul class=\"wp-block-list\">\n<li><a href=\"https:\/\/drive.google.com\/drive\/folders\/1fT8ERwCFcxQvpA0G9l_HnsmDXJldUm8j?usp=drive_link\" target=\"_blank\" rel=\"noreferrer noopener\">Ilocano<\/a><\/li>\n\n\n\n<li><a href=\"https:\/\/drive.google.com\/drive\/folders\/1UtAcDtq-Q33h628mjQRIu5Fro1yhwNxT?usp=drive_link\" target=\"_blank\" rel=\"noreferrer noopener\">japon\u00e9s<\/a><\/li>\n\n\n\n<li><a href=\"https:\/\/drive.google.com\/drive\/folders\/1kQauGf9WeZKpzzL31SAWBhddu-QRJPiZ?usp=drive_link\" target=\"_blank\" rel=\"noreferrer noopener\">coreano<\/a><\/li>\n\n\n\n<li><a href=\"https:\/\/drive.google.com\/drive\/folders\/10Vcxy7Ys5cYRUX255y-xKfCwJkUu6n-O?usp=drive_link\" target=\"_blank\" rel=\"noreferrer noopener\">marshal\u00e9s<\/a><\/li>\n\n\n\n<li><a href=\"https:\/\/drive.google.com\/drive\/folders\/1cuj5SZY7CoK6w9xL4hgYjga6QQ92L5W_?usp=drive_link\" target=\"_blank\" rel=\"noreferrer noopener\">Samoano<\/a><\/li>\n<\/ul>\n<\/div>\n\n\n\n<div class=\"wp-block-column is-layout-flow wp-block-column-is-layout-flow\">\n<ul class=\"wp-block-list\">\n<li><a href=\"https:\/\/drive.google.com\/drive\/folders\/1Q9dXUy0YKM6ihZ0nLSox1WS_DWEQomIb?usp=drive_link\" target=\"_blank\" rel=\"noreferrer noopener\">Espa\u00f1ol<\/a><\/li>\n\n\n\n<li><a href=\"https:\/\/drive.google.com\/drive\/folders\/1_TVNmJa_SeEMbHQj0u9XDBc0d1owZE0p?usp=drive_link\" target=\"_blank\" rel=\"noreferrer noopener\">Tagalo<\/a><\/li>\n\n\n\n<li><a href=\"https:\/\/drive.google.com\/drive\/folders\/1Dtaz-GBl8X2ER7JMpKCDWn82LZ1nusF6?usp=drive_link\" target=\"_blank\" rel=\"noreferrer noopener\">tailand\u00e9s<\/a><\/li>\n\n\n\n<li><a href=\"https:\/\/drive.google.com\/drive\/folders\/1BMMT0ek8aG6IXUqbVmvOPk_EZqQ4H6XR?usp=drive_link\" target=\"_blank\" rel=\"noreferrer noopener\">Tongano<\/a><\/li>\n\n\n\n<li><a href=\"https:\/\/drive.google.com\/drive\/folders\/1Thtcb7wrM7HuvVBXWlrSwuE0yEnfmb0F?usp=drive_link\" target=\"_blank\" rel=\"noreferrer noopener\">vietnamita<\/a><\/li>\n<\/ul>\n<\/div>\n<\/div>\n\n\n\n<h2 class=\"wp-block-heading\">Encuesta sobre conductas de riesgo en j\u00f3venes<\/h2>\n\n\n\n<p>La Encuesta sobre conductas de riesgo en la juventud (YRBS, por sus siglas en ingl\u00e9s) monitorea una amplia gama de conductas relacionadas con la salud entre los estudiantes de secundaria, incluidas las conductas de riesgo para la salud que contribuyen a lesiones no intencionales y violencia; el uso de tabaco; el uso de alcohol y otras drogas; las conductas sexuales relacionadas con embarazos no deseados y enfermedades de transmisi\u00f3n sexual; las conductas alimentarias poco saludables; y la inactividad f\u00edsica. La YRBS se administra cada dos a\u00f1os junto con un esfuerzo nacional de recopilaci\u00f3n y an\u00e1lisis de datos por parte de la <a href=\"http:\/\/www.cdc.gov\/HealthyYouth\/yrbs\/index.htm\" target=\"_blank\" rel=\"noreferrer noopener\">Centros para el Control y la Prevenci\u00f3n de Enfermedades<\/a>. The Hawai\u02bbi YRBS is a joint effort of the Hawai\u02bbi State Departments of Education (HIDOE), Department of Health (DOH), and the University of Hawai\u02bbi\u2019s Curriculum Research &amp; Development Group. The Hawai\u02bbi YRBS data and reports are available on the <a href=\"https:\/\/hhdw.org\/\" target=\"_blank\" rel=\"noreferrer noopener\">Almac\u00e9n de datos de salud de Haw\u00e1i<\/a>.<\/p>\n\n\n\n<p><\/p>\n\n\n\n<p><\/p>\n\n\n\n<p><\/p>\n\n\n\n<p><\/p>\n\n\n\n<p><\/p>\n\n\n\n<p><\/p>","protected":false},"excerpt":{"rendered":"<p>Our Hawai\u02bbi public schools believe every student deserves a safe, respectful learning environment\u2014both in school and online. Bullying, in any form, undermines the well-being and success of students. That\u2019s why we are committed to empowering students, families and communities with tools and resources to prevent and address bullying. From proactive prevention programs to easy-to-use reporting [&hellip;]<\/p>","protected":false},"author":8,"featured_media":0,"parent":77,"menu_order":18,"comment_status":"closed","ping_status":"closed","template":"","meta":{"_relevanssi_hide_post":"","_relevanssi_hide_content":"","_relevanssi_pin_for_all":"","_relevanssi_pin_keywords":"","_relevanssi_unpin_keywords":"","_relevanssi_related_keywords":"","_relevanssi_related_include_ids":"","_relevanssi_related_exclude_ids":"","_relevanssi_related_no_append":"","_relevanssi_related_not_related":"","_relevanssi_related_posts":"9285,14108,11099,9962,2395,9966","_relevanssi_noindex_reason":"","_sitemap_exclude":false,"_sitemap_priority":"","_sitemap_frequency":"","_kad_blocks_custom_css":"","_kad_blocks_head_custom_js":"","_kad_blocks_body_custom_js":"","_kad_blocks_footer_custom_js":"","wp_popup_display_lightbox":0,"wp_popup_suppress":"","wp_popup_trigger":"","wp_popup_trigger_amount":0,"wp_popup_disable_on_mobile":false,"footnotes":""},"class_list":["post-84","page","type-page","status-publish","hentry"],"pp_statuses_selecting_workflow":false,"pp_workflow_action":"current","pp_status_selection":"publish","taxonomy_info":[],"featured_image_src_large":false,"author_info":{"display_name":"Ariana Enomoto","author_link":"https:\/\/hawaiipublicschools.org\/es\/author\/arianastaceyleong-com\/"},"comment_info":0,"publishpress_future_action":{"enabled":false,"date":"2026-04-26 00:35:13","action":"change-status","newStatus":"draft","terms":[],"taxonomy":"","extraData":[]},"publishpress_future_workflow_manual_trigger":{"enabledWorkflows":[]},"_links":{"self":[{"href":"https:\/\/hawaiipublicschools.org\/es\/wp-json\/wp\/v2\/pages\/84","targetHints":{"allow":["GET"]}}],"collection":[{"href":"https:\/\/hawaiipublicschools.org\/es\/wp-json\/wp\/v2\/pages"}],"about":[{"href":"https:\/\/hawaiipublicschools.org\/es\/wp-json\/wp\/v2\/types\/page"}],"author":[{"embeddable":true,"href":"https:\/\/hawaiipublicschools.org\/es\/wp-json\/wp\/v2\/users\/8"}],"replies":[{"embeddable":true,"href":"https:\/\/hawaiipublicschools.org\/es\/wp-json\/wp\/v2\/comments?post=84"}],"version-history":[{"count":0,"href":"https:\/\/hawaiipublicschools.org\/es\/wp-json\/wp\/v2\/pages\/84\/revisions"}],"up":[{"embeddable":true,"href":"https:\/\/hawaiipublicschools.org\/es\/wp-json\/wp\/v2\/pages\/77"}],"wp:attachment":[{"href":"https:\/\/hawaiipublicschools.org\/es\/wp-json\/wp\/v2\/media?parent=84"}],"curies":[{"name":"wp","href":"https:\/\/api.w.org\/{rel}","templated":true}]}}