{"id":83,"date":"2024-09-04T23:35:20","date_gmt":"2024-09-04T23:35:20","guid":{"rendered":"https:\/\/hawaiipublicschools.org\/?page_id=83"},"modified":"2025-03-11T10:57:56","modified_gmt":"2025-03-11T20:57:56","slug":"student-leadership","status":"publish","type":"page","link":"https:\/\/hawaiipublicschools.org\/es\/student-programs\/student-leadership\/","title":{"rendered":"Liderazgo estudiantil"},"content":{"rendered":"<p class=\"intro\" style=\"font-size:clamp(0.875rem, 0.875rem + ((1vw - 0.2rem) * 0.531), 1.3rem);\">En nuestras escuelas, los estudiantes no solo aprenden sobre democracia y responsabilidad c\u00edvica, sino que tambi\u00e9n las viven en primera persona. Comun\u00edquese con su escuela para obtener informaci\u00f3n sobre las actividades que se ofrecen.<\/p>\n\n\n\n<h2 class=\"wp-block-heading\"><a href=\"https:\/\/www.hawaiistuco.com\/\" data-type=\"link\" data-id=\"https:\/\/www.hawaiistuco.com\/\">Consejo de estudiantes del estado de Haw\u00e1i<\/a><\/h2>\n\n\n\n<p>Los estudiantes son elegidos o seleccionados por sus compa\u00f1eros de la escuela secundaria para formar parte del Consejo, la voz de los estudiantes de las escuelas p\u00fablicas de Haw\u00e1i. Los estudiantes se re\u00fanen mensualmente para analizar sus inquietudes y los miembros tambi\u00e9n abordan cuestiones ante la Legislatura del Estado de Haw\u00e1i y la Junta de Educaci\u00f3n del Estado de Haw\u00e1i.<\/p>\n\n\n\n<h3 class=\"wp-block-heading\">Conferencia de estudiantes de secundaria de Haw\u00e1i<\/h3>\n\n\n\n<p>Los estudiantes que forman parte de los consejos de liderazgo de sus escuelas secundarias y preparatorias est\u00e1n invitados a asistir a una visita de un d\u00eda a la Legislatura del Estado de Haw\u00e1i y a las conferencias a nivel de distrito en el oto\u00f1o. All\u00ed, los estudiantes identifican, debaten y desarrollan soluciones propuestas para problemas clave de la juventud, centr\u00e1ndose en los desaf\u00edos escolares que requieren una acci\u00f3n conjunta de los estudiantes, la Junta de Educaci\u00f3n, el Departamento de Educaci\u00f3n y la legislatura.<\/p>\n\n\n\n<h3 class=\"wp-block-heading\">Representante de la Junta de Educaci\u00f3n<\/h3>\n\n\n\n<p>La Junta de Educaci\u00f3n, que rige el sistema de educaci\u00f3n p\u00fablica de Haw\u00e1i, incluye un puesto para un representante estudiantil sin derecho a voto que asiste a las reuniones y brinda comentarios sobre cuestiones pol\u00edticas importantes. Todos los a\u00f1os, se selecciona a un miembro del Consejo Estudiantil del Estado de Haw\u00e1i para que sea el representante estudiantil en la Junta.<\/p>\n\n\n\n<p><\/p>","protected":false},"excerpt":{"rendered":"<p>In our schools, students don\u2019t simply learn about democracy and civic responsibility\u2014they experience it first hand. Please contact your school to find out about offered activities. Hawai\u02bbi State Student Council Students are elected or selected by their high school peers to serve on the Council, the voice of Hawai\u02bbi\u2019s public school students. Students meet monthly [&hellip;]<\/p>","protected":false},"author":8,"featured_media":0,"parent":77,"menu_order":15,"comment_status":"closed","ping_status":"closed","template":"","meta":{"_relevanssi_hide_post":"","_relevanssi_hide_content":"","_relevanssi_pin_for_all":"","_relevanssi_pin_keywords":"","_relevanssi_unpin_keywords":"","_relevanssi_related_keywords":"","_relevanssi_related_include_ids":"","_relevanssi_related_exclude_ids":"","_relevanssi_related_no_append":"","_relevanssi_related_not_related":"","_relevanssi_related_posts":"","_relevanssi_noindex_reason":"","_sitemap_exclude":false,"_sitemap_priority":"","_sitemap_frequency":"","_kad_blocks_custom_css":"","_kad_blocks_head_custom_js":"","_kad_blocks_body_custom_js":"","_kad_blocks_footer_custom_js":"","wp_popup_display_lightbox":0,"wp_popup_suppress":"","wp_popup_trigger":"","wp_popup_trigger_amount":0,"wp_popup_disable_on_mobile":false,"footnotes":""},"class_list":["post-83","page","type-page","status-publish","hentry"],"pp_statuses_selecting_workflow":false,"pp_workflow_action":"current","pp_status_selection":"publish","taxonomy_info":[],"featured_image_src_large":false,"author_info":{"display_name":"Ariana Enomoto","author_link":"https:\/\/hawaiipublicschools.org\/es\/author\/arianastaceyleong-com\/"},"comment_info":0,"publishpress_future_action":{"enabled":false,"date":"2026-04-17 03:46:13","action":"change-status","newStatus":"draft","terms":[],"taxonomy":"","extraData":[]},"publishpress_future_workflow_manual_trigger":{"enabledWorkflows":[]},"_links":{"self":[{"href":"https:\/\/hawaiipublicschools.org\/es\/wp-json\/wp\/v2\/pages\/83","targetHints":{"allow":["GET"]}}],"collection":[{"href":"https:\/\/hawaiipublicschools.org\/es\/wp-json\/wp\/v2\/pages"}],"about":[{"href":"https:\/\/hawaiipublicschools.org\/es\/wp-json\/wp\/v2\/types\/page"}],"author":[{"embeddable":true,"href":"https:\/\/hawaiipublicschools.org\/es\/wp-json\/wp\/v2\/users\/8"}],"replies":[{"embeddable":true,"href":"https:\/\/hawaiipublicschools.org\/es\/wp-json\/wp\/v2\/comments?post=83"}],"version-history":[{"count":0,"href":"https:\/\/hawaiipublicschools.org\/es\/wp-json\/wp\/v2\/pages\/83\/revisions"}],"up":[{"embeddable":true,"href":"https:\/\/hawaiipublicschools.org\/es\/wp-json\/wp\/v2\/pages\/77"}],"wp:attachment":[{"href":"https:\/\/hawaiipublicschools.org\/es\/wp-json\/wp\/v2\/media?parent=83"}],"curies":[{"name":"wp","href":"https:\/\/api.w.org\/{rel}","templated":true}]}}