{"id":8194,"date":"2025-02-11T12:01:37","date_gmt":"2025-02-11T22:01:37","guid":{"rendered":"https:\/\/hawaiipublicschools.org\/?page_id=8194"},"modified":"2025-07-02T15:52:43","modified_gmt":"2025-07-03T01:52:43","slug":"dispute-resolutions-and-mediations","status":"publish","type":"page","link":"https:\/\/hawaiipublicschools.org\/es\/school-services\/parent-rights\/dispute-resolutions-and-mediations\/","title":{"rendered":"Resoluci\u00f3n de litigios"},"content":{"rendered":"<p class=\"intro\">El Departamento los anima a colaborar con las escuelas para intentar resolver sus diferencias por medios informales siempre que sea posible. Sin embargo, cuando estos medios informales no resulten eficaces, la Ley de Educaci\u00f3n para Individuos con Discapacidades (IDEA) y sus reglamentos de aplicaci\u00f3n ofrecen opciones espec\u00edficas para resolver disputas entre padres y escuelas, que pueden utilizarse de forma coherente con nuestros objetivos comunes de mejorar los resultados y lograr mejores resultados para los ni\u00f1os con discapacidades. Estas opciones incluyen participar voluntariamente en una mediaci\u00f3n, presentar una queja estatal por escrito o iniciar una audiencia imparcial de debido proceso.&nbsp;<\/p>\n\n\n\n<h2 class=\"wp-block-heading\">\u00bfHas considerado tomar estas posibles medidas?<\/h2>\n\n\n\n<ul class=\"wp-block-list\">\n<li>Comunicarse con el personal de la escuela de su hijo (por ejemplo, el maestro de educaci\u00f3n especial, el director, etc.) para analizar el problema o la inquietud que tiene.<\/li>\n\n\n\n<li>Discussing the situation with your school\u2019s <a href=\"https:\/\/hawaiipublicschools.org\/es\/school-services\/parent-rights\/special-education-directory\/\" data-type=\"page\" data-id=\"3267\" target=\"_blank\" rel=\"noreferrer noopener\">district educational specialist<\/a>.<\/li>\n\n\n\n<li>Resolver el problema mediante un enfoque m\u00e1s formal a trav\u00e9s de la resoluci\u00f3n de disputas.<\/li>\n<\/ul>\n\n\n\n<h2 class=\"wp-block-heading\">Mediaci\u00f3n<\/h2>\n\n\n\n<p>Mediation is an impartial and voluntary process that can resolve issues quickly among disputing parties. With the assistance of an impartial, independent mediator who guides you through the process with the school to address special education concerns to resolve disagreements.<strong> Both you and the school must agree to participate<\/strong>.\u00a0<\/p>\n\n\n\n<h3 class=\"wp-block-heading\">When mediation may be requested <\/h3>\n\n\n\n<p>Mediation may be requested by either the school or the parent in the following situations:<\/p>\n\n\n\n<ol class=\"wp-block-list\">\n<li>When a dispute arises between parents and schools.<\/li>\n\n\n\n<li>In lieu of a resolution meeting, when parents file a due process complaint.<\/li>\n\n\n\n<li>When a state written complaint is filed.<\/li>\n<\/ol>\n\n\n\n<h3 class=\"wp-block-heading\">How to request mediation<\/h3>\n\n\n\n<p>HIDOE ofrece servicios de mediaci\u00f3n a trav\u00e9s del Centro de Mediaci\u00f3n del Pac\u00edfico (MCP). Para solicitar una mediaci\u00f3n, por favor:\u00a0<\/p>\n\n\n\n<ul class=\"wp-block-list\">\n<li>Contact the center directly at <a href=\"mailto:mcp@mediatehawaii.org\">mcp@mediatehawaii.org<\/a> or 808-521-6767; or<\/li>\n\n\n\n<li><a href=\"\/es\/DOE%20Forms\/Special%20Education\/AlternativeDisputeResolutionForm.pdf\/\" target=\"_blank\" rel=\"noreferrer noopener\">Submit a request form<\/a> (PDF)\u00a0<\/li>\n<\/ul>\n\n\n\n<h3 class=\"wp-block-heading\">Outcome of Mediation<\/h3>\n\n\n\n<p>If mediation results in a successful resolution, both parents and the school will sign a legally binding written agreement outlining the terms of the resolution. This agreement is enforceable in any state court of competent jurisdiction or a United States district court. <\/p>\n\n\n\n<p>If mediation does not result in a successful resolution, the parties may exercise their right to resolve the matters in dispute through the state written complaint or due process complaint procedures. Please refer to the <a href=\"\/es\/DOE%20Forms\/Special%20Education\/Procedural%20Safeguards\/ProceduralSafeguards.pdf\/\" target=\"_blank\" rel=\"noreferrer noopener\">Aviso de garant\u00edas procesales<\/a> for more information about state written complaints and due process complaints.<\/p>\n\n\n\n<p>El folleto adjunto, <a href=\"\/es\/DOE%20Forms\/Special%20Education\/Mediation.pdf\/\" target=\"_blank\" rel=\"noreferrer noopener\">Mediaci\u00f3n en educaci\u00f3n especial: resoluci\u00f3n de conflictos entre padres y escuelas (PDF)<\/a>, proporciona informaci\u00f3n relevante sobre el uso de la mediaci\u00f3n como primer paso para resolver cualquier conflicto entre padres y escuelas con respecto a cualquier aspecto de la educaci\u00f3n especial.&nbsp;<\/p>\n\n\n\n<p>If you have any questions, please contact the Monitoring and Compliance Branch at&nbsp;<a href=\"mailto:specialedcomplaints@k12.hi.us\" target=\"_blank\" rel=\"noreferrer noopener\">specialedcomplaints@k12.hi.us<\/a>&nbsp;or 808-307-3600. The Center for Appropriate Dispute Resolution in Special Education (CADRE) has developed the <a href=\"https:\/\/www.cadreworks.org\/resources\/cadre-materials\/idea-dispute-resolution-parent-guides\/mediation\" target=\"_blank\" rel=\"noreferrer noopener\">Gu\u00eda para padres sobre mediaci\u00f3n en educaci\u00f3n especial seg\u00fan IDEA (PDF)<\/a> como recurso para los padres.<\/p>\n\n\n\n<h2 class=\"wp-block-heading\">Queja escrita estatal sobre educaci\u00f3n especial&nbsp;<\/h2>\n\n\n\n<p>De acuerdo con 34 CFR \u00a7300.153 y HAR \u00a78-60-54, una organizaci\u00f3n o individuo puede presentar una queja estatal escrita firmada si la organizaci\u00f3n o individuo cree que HIDOE ha violado las disposiciones de la Ley de Mejora de la Educaci\u00f3n para Individuos con Discapacidades de 2004 (IDEA) y el Cap\u00edtulo 60 de las Reglas Administrativas de Haw\u00e1i (HAR). Para presentar una queja estatal escrita, puede utilizar el <a href=\"\/es\/DOE%20Forms\/Special%20Education\/WrittenComplaint.pdf\/\" target=\"_blank\" rel=\"noreferrer noopener\">Formulario de queja escrita estatal sobre educaci\u00f3n especial (PDF)<\/a>.<\/p>\n\n\n\n<p>Por favor consulte la carta de presentaci\u00f3n <a href=\"\/es\/DOE%20Forms\/Special%20Education\/WrittenComplaintCoverLetter.pdf\/\" target=\"_blank\" rel=\"noreferrer noopener\">Carta de presentaci\u00f3n de queja por escrito sobre educaci\u00f3n especial (PDF)<\/a> para obtener m\u00e1s informaci\u00f3n sobre el proceso y c\u00f3mo presentar una queja escrita ante el estado.<\/p>\n\n\n\n<p>Dirija las quejas escritas sobre educaci\u00f3n especial al Programa de Gesti\u00f3n de Quejas del Departamento a:<\/p>\n\n\n\n<p><strong>Direcci\u00f3n de envio<\/strong><br>Programa de Gesti\u00f3n de Quejas<br>Direcci\u00f3n de Vigilancia y Cumplimiento<br>Apartado Postal 2360<br>Honolulu, Haw\u00e1i 96804&nbsp;<\/p>\n\n\n\n<p><strong>Correo electr\u00f3nico<\/strong>: <a href=\"mailto:specialedcomplaints@k12.hi.us\"><\/a><a href=\"mailto:specialedcomplaints@k12.hi.us\" target=\"_blank\" rel=\"noreferrer noopener\">specialedcomplaints@k12.hi.us<\/a><\/p>\n\n\n\n<p>If you have any questions, please contact the Monitoring and Compliance Branch at&nbsp;<a href=\"mailto:specialedcomplaints@k12.hi.us\" target=\"_blank\" rel=\"noreferrer noopener\">specialedcomplaints@k12.hi.us<\/a>&nbsp;or 808-307-3600. The Center for Appropriate Dispute Resolution in Special Education (CADRE) has developed the <a href=\"https:\/\/www.cadreworks.org\/resources\/cadre-materials\/idea-dispute-resolution-parent-guides\/written-state-complaints\" target=\"_blank\" rel=\"noreferrer noopener\">Gu\u00eda para padres sobre quejas escritas ante el estado sobre educaci\u00f3n especial de IDEA (PDF)<\/a> Para padres y familias.&nbsp;<\/p>\n\n\n\n<h2 class=\"wp-block-heading\">Audiencia imparcial de debido proceso para educaci\u00f3n especial&nbsp;<\/h2>\n\n\n\n<p>Si desea iniciar una solicitud de audiencia imparcial de debido proceso de educaci\u00f3n especial, puede utilizar el formulario disponible a continuaci\u00f3n:<\/p>\n\n\n\n<ul class=\"wp-block-list\">\n<li><a href=\"\/es\/DOE%20Forms\/Special%20Education\/ImpartialDueProcessHearingForm.pdf\/\" target=\"_blank\" rel=\"noreferrer noopener\">Formulario de solicitud de audiencia imparcial de debido proceso para educaci\u00f3n especial (PDF)<\/a><\/li>\n<\/ul>\n\n\n\n<p>Si desea obtener m\u00e1s informaci\u00f3n sobre el proceso y c\u00f3mo iniciar una solicitud de audiencia imparcial de debido proceso, consulte la carta de presentaci\u00f3n a continuaci\u00f3n:<\/p>\n\n\n\n<ul class=\"wp-block-list\">\n<li><a href=\"\/es\/DOE%20Forms\/Special%20Education\/RequestImpartialDueProcessHearing-CoverLetter.pdf\/\" target=\"_blank\" rel=\"noreferrer noopener\">Carta de presentaci\u00f3n para audiencia imparcial de debido proceso sobre educaci\u00f3n especial (PDF)<\/a>&nbsp;<\/li>\n<\/ul>\n\n\n\n<p>Todas las solicitudes de audiencia de debido proceso deben enviarse a:<\/p>\n\n\n\n<ul class=\"wp-block-list\">\n<li><a href=\"https:\/\/hawaiipublicschools.org\/es\/contact\/complex-area-directory\/\" data-type=\"page\" data-id=\"157\" target=\"_blank\" rel=\"noreferrer noopener\">Directorio de superintendentes de \u00e1reas complejas (CAS)<mark style=\"background-color:rgba(0, 0, 0, 0);color:#e51e1e\" class=\"has-inline-color\">&nbsp;<\/mark><\/a><\/li>\n\n\n\n<li><a href=\"mailto:specialedcomplaints@k12.hi.us\" target=\"_blank\" rel=\"noreferrer noopener\">Programa de Gesti\u00f3n de Quejas (CMP), Divisi\u00f3n de Monitoreo y Cumplimiento<\/a><\/li>\n\n\n\n<li><a href=\"mailto:Atg.odr@hawaii.gov\" target=\"_blank\" rel=\"noreferrer noopener\">Oficina de Resoluci\u00f3n de Disputas<\/a><\/li>\n<\/ul>\n\n\n\n<p><strong>CUADRO<\/strong> \u2013 El Centro para la Resoluci\u00f3n Apropiada de Disputas en Educaci\u00f3n Especial ha desarrollado los siguientes recursos para padres y familias:<\/p>\n\n\n\n<ul class=\"wp-block-list\">\n<li><a href=\"https:\/\/www.cadreworks.org\/resources\/cadre-materials\/idea-dispute-resolution-parent-guides\/due-process-complaints\" target=\"_blank\" rel=\"noreferrer noopener\">Gu\u00eda para padres sobre quejas sobre el debido proceso en materia de educaci\u00f3n especial de IDEA<\/a><\/li>\n\n\n\n<li><a href=\"https:\/\/www.cadreworks.org\/resources\/cadre-materials\/idea-dispute-resolution-parent-guides\/due-process-complaints\/resolution-meetings\" target=\"_blank\" rel=\"noreferrer noopener\">Reuni\u00f3n de resoluci\u00f3n<\/a><\/li>\n\n\n\n<li><a href=\"https:\/\/www.cadreworks.org\/resources\/cadre-materials\/idea-dispute-resolution-parent-guides\/due-process-complaints\/expedited-due-process-complaints\" target=\"_blank\" rel=\"noreferrer noopener\">Gu\u00eda para padres sobre quejas aceleradas sobre el debido proceso en materia de educaci\u00f3n especial de IDEA<\/a><\/li>\n<\/ul>\n\n\n\n<p>If you have any questions, please contact the Monitoring and Compliance Branch at <a href=\"mailto:specialedcomplaints@k12.hi.us\" target=\"_blank\" rel=\"noreferrer noopener\">specialedcomplaints@k12.hi.us<\/a> or 808-307-3600.<\/p>\n\n\n\n<h2 class=\"wp-block-heading\">REDACTED IMPARTIAl Due Process Hearing decisions<\/h2>\n\n\n\n<p>If you would like to review redacted impartial due process hearing request decisions, click the link below:<\/p>\n\n\n\n<ul class=\"wp-block-list\">\n<li><a href=\"https:\/\/hawaiipublicschools.org\/es\/school-services\/parent-rights\/dispute-resolutions-and-mediations\/impartial-due-process-hearing-redacted-decisions\/\" target=\"_blank\" rel=\"noreferrer noopener\">Redacted Impartial Due Process Decisions<\/a><\/li>\n<\/ul>","protected":false},"excerpt":{"rendered":"<p>The Department encourages you to work cooperatively with schools to attempt to address your differences through informal means whenever possible. However, when those informal means prove unsuccessful, the Individuals with Disabilities Education Act (IDEA) and its implementing regulations provide specific options for resolving disputes between parents and schools, which can be used in a manner [&hellip;]<\/p>","protected":false},"author":13,"featured_media":0,"parent":49,"menu_order":0,"comment_status":"closed","ping_status":"closed","template":"","meta":{"_relevanssi_hide_post":"","_relevanssi_hide_content":"","_relevanssi_pin_for_all":"","_relevanssi_pin_keywords":"","_relevanssi_unpin_keywords":"","_relevanssi_related_keywords":"","_relevanssi_related_include_ids":"","_relevanssi_related_exclude_ids":"","_relevanssi_related_no_append":"","_relevanssi_related_not_related":"","_relevanssi_related_posts":"","_relevanssi_noindex_reason":"","_sitemap_exclude":false,"_sitemap_priority":"","_sitemap_frequency":"","_kad_blocks_custom_css":"","_kad_blocks_head_custom_js":"","_kad_blocks_body_custom_js":"","_kad_blocks_footer_custom_js":"","wp_popup_display_lightbox":0,"wp_popup_suppress":"","wp_popup_trigger":"","wp_popup_trigger_amount":0,"wp_popup_disable_on_mobile":false,"footnotes":""},"class_list":["post-8194","page","type-page","status-publish","hentry"],"pp_statuses_selecting_workflow":false,"pp_workflow_action":"current","pp_status_selection":"publish","taxonomy_info":[],"featured_image_src_large":false,"author_info":{"display_name":"Sara Miyazono","author_link":"https:\/\/hawaiipublicschools.org\/es\/author\/sara-miyazonok12-hi-us\/"},"comment_info":0,"publishpress_future_action":{"enabled":false,"date":"2026-04-29 23:44:13","action":"change-status","newStatus":"draft","terms":[],"taxonomy":"","extraData":[]},"publishpress_future_workflow_manual_trigger":{"enabledWorkflows":[]},"_links":{"self":[{"href":"https:\/\/hawaiipublicschools.org\/es\/wp-json\/wp\/v2\/pages\/8194","targetHints":{"allow":["GET"]}}],"collection":[{"href":"https:\/\/hawaiipublicschools.org\/es\/wp-json\/wp\/v2\/pages"}],"about":[{"href":"https:\/\/hawaiipublicschools.org\/es\/wp-json\/wp\/v2\/types\/page"}],"author":[{"embeddable":true,"href":"https:\/\/hawaiipublicschools.org\/es\/wp-json\/wp\/v2\/users\/13"}],"replies":[{"embeddable":true,"href":"https:\/\/hawaiipublicschools.org\/es\/wp-json\/wp\/v2\/comments?post=8194"}],"version-history":[{"count":0,"href":"https:\/\/hawaiipublicschools.org\/es\/wp-json\/wp\/v2\/pages\/8194\/revisions"}],"up":[{"embeddable":true,"href":"https:\/\/hawaiipublicschools.org\/es\/wp-json\/wp\/v2\/pages\/49"}],"wp:attachment":[{"href":"https:\/\/hawaiipublicschools.org\/es\/wp-json\/wp\/v2\/media?parent=8194"}],"curies":[{"name":"wp","href":"https:\/\/api.w.org\/{rel}","templated":true}]}}