{"id":7844,"date":"2025-02-10T07:55:59","date_gmt":"2025-02-10T17:55:59","guid":{"rendered":"https:\/\/hawaiipublicschools.org\/?page_id=7844"},"modified":"2025-11-25T09:19:46","modified_gmt":"2025-11-25T19:19:46","slug":"jrotc","status":"publish","type":"page","link":"https:\/\/hawaiipublicschools.org\/es\/academics\/jrotc\/","title":{"rendered":"Cuerpo de oficiales de reserva juveniles"},"content":{"rendered":"<p>El Cuerpo de Entrenamiento de Oficiales de Reserva Juvenil (JROTC) es un programa de cuatro a\u00f1os <a href=\"https:\/\/hawaiipublicschools.org\/es\/academics\/secondary-middle-high-school\/career-technical-education\/\" data-type=\"page\" data-id=\"859\">CTE<\/a> Programa de instrucci\u00f3n optativa con costo compartido por el Ej\u00e9rcito, la Marina, la Fuerza A\u00e9rea y el Cuerpo de Marines de los EE. UU. Dos cursos consecutivos del JROTC cumplen con el requisito de dos cr\u00e9ditos de CTE para obtener un diploma de escuela secundaria.&nbsp;<\/p>\n\n\n\n<p>El plan de estudios est\u00e1 dise\u00f1ado para ense\u00f1ar a los estudiantes de secundaria el valor de la ciudadan\u00eda, el liderazgo, la responsabilidad personal y el trabajo en equipo, al mismo tiempo que inculca la autoestima, la autodisciplina y un sentido de logro. Los cadetes del JROTC obtienen un rango avanzado al alistarse en cualquier rama de las fuerzas armadas y oportunidades avanzadas para nombramientos en academias federales\/militares y becas universitarias del ROTC. El JROTC no es un programa de reclutamiento militar; los cadetes no incurrir\u00e1n en ninguna obligaci\u00f3n militar al completar el programa.<\/p>\n\n\n\n<p>JROTC es un servicio para nuestra naci\u00f3n, ya que proporciona a los cadetes la motivaci\u00f3n y las habilidades para mejorar la condici\u00f3n f\u00edsica; permanecer libres de drogas; pensar de manera cr\u00edtica y creativa; comunicarse de manera efectiva; trabajar en equipo; graduarse de la escuela secundaria; seguir carreras significativas, especialmente en las \u00e1reas de ciencia, tecnolog\u00eda, ingenier\u00eda y matem\u00e1ticas (STEM); y convertirse en ciudadanos exitosos.&nbsp;<\/p>\n\n\n\n<p>Para obtener m\u00e1s informaci\u00f3n, comun\u00edquese con el teniente coronel retirado Edgar Rivera al&nbsp;<a href=\"mailto:edgardo.rivera@k12.hi.us\" target=\"_blank\" rel=\"noreferrer noopener\">edgardo.rivera@k12.hi.us<\/a>.<\/p>\n\n\n\n<h3 class=\"wp-block-heading\">Sitios web militares<\/h3>\n\n\n\n<ul class=\"wp-block-list\">\n<li><a href=\"https:\/\/usarmyjrotc.army.mil\/\" target=\"_blank\" rel=\"noreferrer noopener\">Sitio web del ROTC del ej\u00e9rcito<\/a><\/li>\n\n\n\n<li><a href=\"https:\/\/www.afrotc.com\/\" target=\"_blank\" rel=\"noreferrer noopener\">Sitio web del ROTC de la Fuerza A\u00e9rea<\/a><\/li>\n\n\n\n<li><a href=\"http:\/\/www.njrotc.navy.mil\/\" target=\"_blank\" rel=\"noreferrer noopener\">Sitio web del ROTC de la Marina<\/a><\/li>\n\n\n\n<li><a href=\"http:\/\/www.mcjrotc.marines.mil\/\" target=\"_blank\" rel=\"noreferrer noopener\">Sitio web del ROTC del Cuerpo de Marines<\/a><\/li>\n<\/ul>\n\n\n\n<p><\/p>","protected":false},"excerpt":{"rendered":"<p>The Junior Reserve Officers&#8217; Training Corps (JROTC) is a four-year CTE elective program of instruction cost-shared by the U.S. Army, Navy, Air Force, and Marine Corps. Two consecutive JROTC courses fulfill the CTE two-credit requirement for a high school diploma.&nbsp; The curriculum is designed to teach high school students the value of citizenship, leadership, personal [&hellip;]<\/p>","protected":false},"author":13,"featured_media":0,"parent":22,"menu_order":0,"comment_status":"closed","ping_status":"closed","template":"","meta":{"_relevanssi_hide_post":"","_relevanssi_hide_content":"","_relevanssi_pin_for_all":"","_relevanssi_pin_keywords":"","_relevanssi_unpin_keywords":"","_relevanssi_related_keywords":"","_relevanssi_related_include_ids":"","_relevanssi_related_exclude_ids":"","_relevanssi_related_no_append":"","_relevanssi_related_not_related":"","_relevanssi_related_posts":"856,888,893,1022,1619,1622","_relevanssi_noindex_reason":"","_sitemap_exclude":false,"_sitemap_priority":"","_sitemap_frequency":"","_kad_blocks_custom_css":"","_kad_blocks_head_custom_js":"","_kad_blocks_body_custom_js":"","_kad_blocks_footer_custom_js":"","wp_popup_display_lightbox":0,"wp_popup_suppress":"","wp_popup_trigger":"","wp_popup_trigger_amount":0,"wp_popup_disable_on_mobile":false,"footnotes":""},"class_list":["post-7844","page","type-page","status-publish","hentry"],"pp_statuses_selecting_workflow":false,"pp_workflow_action":"current","pp_status_selection":"publish","taxonomy_info":[],"featured_image_src_large":false,"author_info":{"display_name":"Sara Miyazono","author_link":"https:\/\/hawaiipublicschools.org\/es\/author\/sara-miyazonok12-hi-us\/"},"comment_info":0,"publishpress_future_action":{"enabled":false,"date":"2026-04-18 08:18:08","action":"change-status","newStatus":"draft","terms":[],"taxonomy":"","extraData":[]},"publishpress_future_workflow_manual_trigger":{"enabledWorkflows":[]},"_links":{"self":[{"href":"https:\/\/hawaiipublicschools.org\/es\/wp-json\/wp\/v2\/pages\/7844","targetHints":{"allow":["GET"]}}],"collection":[{"href":"https:\/\/hawaiipublicschools.org\/es\/wp-json\/wp\/v2\/pages"}],"about":[{"href":"https:\/\/hawaiipublicschools.org\/es\/wp-json\/wp\/v2\/types\/page"}],"author":[{"embeddable":true,"href":"https:\/\/hawaiipublicschools.org\/es\/wp-json\/wp\/v2\/users\/13"}],"replies":[{"embeddable":true,"href":"https:\/\/hawaiipublicschools.org\/es\/wp-json\/wp\/v2\/comments?post=7844"}],"version-history":[{"count":0,"href":"https:\/\/hawaiipublicschools.org\/es\/wp-json\/wp\/v2\/pages\/7844\/revisions"}],"up":[{"embeddable":true,"href":"https:\/\/hawaiipublicschools.org\/es\/wp-json\/wp\/v2\/pages\/22"}],"wp:attachment":[{"href":"https:\/\/hawaiipublicschools.org\/es\/wp-json\/wp\/v2\/media?parent=7844"}],"curies":[{"name":"wp","href":"https:\/\/api.w.org\/{rel}","templated":true}]}}