{"id":78,"date":"2024-09-04T23:33:55","date_gmt":"2024-09-04T23:33:55","guid":{"rendered":"https:\/\/hawaiipublicschools.org\/?page_id=78"},"modified":"2025-02-25T11:28:00","modified_gmt":"2025-02-25T21:28:00","slug":"after-school-programs","status":"publish","type":"page","link":"https:\/\/hawaiipublicschools.org\/es\/student-programs\/after-school-programs\/","title":{"rendered":"Programas extraescolares"},"content":{"rendered":"<h2 class=\"wp-block-heading\">Programas fuera del horario escolar<\/h2>\n\n\n\n<p>Los programas fuera del horario escolar (OST, por sus siglas en ingl\u00e9s), financiados con recursos estatales y federales, est\u00e1n dise\u00f1ados para brindar experiencias de aprendizaje de alta calidad que se extiendan m\u00e1s all\u00e1 de la jornada escolar regular y expongan a los estudiantes a experiencias y oportunidades que no se encuentran durante la jornada escolar regular. Estos programas son esenciales para mejorar los resultados de los estudiantes al vincular el aprendizaje acad\u00e9mico con las actividades OST, lo que impacta positivamente en el comportamiento, la asistencia y el desempe\u00f1o acad\u00e9mico.&nbsp;<\/p>\n\n\n\n<p>Con una asistencia constante, los estudiantes se benefician del apoyo acad\u00e9mico y de las oportunidades para desarrollar habilidades socioemocionales. Los programas OST en HIDOE son administrados por <a href=\"https:\/\/hawaiicommunityengagement.com\/\" target=\"_blank\" rel=\"noreferrer noopener\">Divisi\u00f3n de participaci\u00f3n comunitaria<\/a>.<\/p>\n\n\n\n<ul class=\"wp-block-list\">\n<li><a href=\"https:\/\/hawaiicommunityengagement.com\/after-school-plus\/\" target=\"_blank\" rel=\"noreferrer noopener\">Programa extraescolar plus (A+)<\/a> \u2014 Brindar cuidado y aprendizaje estructurado despu\u00e9s de la escuela para estudiantes de primaria.<\/li>\n\n\n\n<li><a href=\"https:\/\/hawaiicommunityengagement.com\/uplink\/\" target=\"_blank\" rel=\"noreferrer noopener\">Aprendizaje entre pares, integraci\u00f3n de nuevos conocimientos (UPLINK)<\/a> \u2014 Un programa centrado en el aprendizaje dirigido por pares para estudiantes de escuela secundaria e intermedia.<\/li>\n\n\n\n<li><a href=\"https:\/\/hawaiicommunityengagement.com\/reach\/\" target=\"_blank\" rel=\"noreferrer noopener\">Recursos para el enriquecimiento, el atletismo, la cultura y la salud (REACH)<\/a> \u2014 Programas de enriquecimiento orientados al desarrollo integral de los estudiantes de escuelas medias e intermedias.<\/li>\n\n\n\n<li>Centros de aprendizaje comunitario del siglo XXI Nita M. Lowey (21CCLC): fomentan el aprendizaje comunitario para estudiantes y familias en \u00e1reas complejas.<\/li>\n\n\n\n<li><a href=\"\/es\/DOE%20Forms\/OST%20ESSER%20Program%20Listing.pdf\/\" target=\"_blank\" rel=\"noreferrer noopener\">Ayuda de emergencia para escuelas primarias y secundarias de la OST (OST ESSER)<\/a> \u2014 Apoyar a los estudiantes durante emergencias con oportunidades de aprendizaje y enriquecimiento financiadas por el gobierno federal.<\/li>\n<\/ul>\n\n\n\n<p>Para obtener informaci\u00f3n detallada sobre programas espec\u00edficos despu\u00e9s de la escuela, costos e inscripci\u00f3n, visite el sitio web <a href=\"https:\/\/hawaiicommunityengagement.com\/\" data-type=\"link\" data-id=\"https:\/\/hawaiicommunityengagement.com\/\">Sitio web de la Divisi\u00f3n de Participaci\u00f3n Comunitaria<\/a>.<\/p>","protected":false},"excerpt":{"rendered":"<p>Out-of-School Time Programs Out-of-school time (OST) programs, funded by state and federal resources, are designed to provide high-quality learning experiences that extend beyond the regular school day and exposes students to experiences and opportunities not found during the regular school day. These programs are essential in enhancing student outcomes by linking academic learning with OST [&hellip;]<\/p>","protected":false},"author":8,"featured_media":0,"parent":77,"menu_order":12,"comment_status":"closed","ping_status":"closed","template":"","meta":{"_relevanssi_hide_post":"","_relevanssi_hide_content":"","_relevanssi_pin_for_all":"","_relevanssi_pin_keywords":"","_relevanssi_unpin_keywords":"","_relevanssi_related_keywords":"","_relevanssi_related_include_ids":"","_relevanssi_related_exclude_ids":"","_relevanssi_related_no_append":"","_relevanssi_related_not_related":"","_relevanssi_related_posts":"","_relevanssi_noindex_reason":"","_sitemap_exclude":false,"_sitemap_priority":"","_sitemap_frequency":"","_kad_blocks_custom_css":"","_kad_blocks_head_custom_js":"","_kad_blocks_body_custom_js":"","_kad_blocks_footer_custom_js":"","wp_popup_display_lightbox":0,"wp_popup_suppress":"","wp_popup_trigger":"","wp_popup_trigger_amount":0,"wp_popup_disable_on_mobile":false,"footnotes":""},"class_list":["post-78","page","type-page","status-publish","hentry"],"pp_statuses_selecting_workflow":false,"pp_workflow_action":"current","pp_status_selection":"publish","taxonomy_info":[],"featured_image_src_large":false,"author_info":{"display_name":"Ariana Enomoto","author_link":"https:\/\/hawaiipublicschools.org\/es\/author\/arianastaceyleong-com\/"},"comment_info":0,"publishpress_future_action":{"enabled":false,"date":"2026-04-29 04:55:42","action":"change-status","newStatus":"draft","terms":[],"taxonomy":"","extraData":[]},"publishpress_future_workflow_manual_trigger":{"enabledWorkflows":[]},"_links":{"self":[{"href":"https:\/\/hawaiipublicschools.org\/es\/wp-json\/wp\/v2\/pages\/78","targetHints":{"allow":["GET"]}}],"collection":[{"href":"https:\/\/hawaiipublicschools.org\/es\/wp-json\/wp\/v2\/pages"}],"about":[{"href":"https:\/\/hawaiipublicschools.org\/es\/wp-json\/wp\/v2\/types\/page"}],"author":[{"embeddable":true,"href":"https:\/\/hawaiipublicschools.org\/es\/wp-json\/wp\/v2\/users\/8"}],"replies":[{"embeddable":true,"href":"https:\/\/hawaiipublicschools.org\/es\/wp-json\/wp\/v2\/comments?post=78"}],"version-history":[{"count":0,"href":"https:\/\/hawaiipublicschools.org\/es\/wp-json\/wp\/v2\/pages\/78\/revisions"}],"up":[{"embeddable":true,"href":"https:\/\/hawaiipublicschools.org\/es\/wp-json\/wp\/v2\/pages\/77"}],"wp:attachment":[{"href":"https:\/\/hawaiipublicschools.org\/es\/wp-json\/wp\/v2\/media?parent=78"}],"curies":[{"name":"wp","href":"https:\/\/api.w.org\/{rel}","templated":true}]}}