{"id":71,"date":"2024-09-04T22:40:11","date_gmt":"2024-09-04T22:40:11","guid":{"rendered":"https:\/\/hawaiipublicschools.org\/?page_id=71"},"modified":"2026-03-18T08:46:48","modified_gmt":"2026-03-18T18:46:48","slug":"wellness-guidelines","status":"publish","type":"page","link":"https:\/\/hawaiipublicschools.org\/es\/school-services\/wellness-guidelines\/","title":{"rendered":"Pautas de bienestar"},"content":{"rendered":"<p class=\"intro\">Las pautas de bienestar de las escuelas p\u00fablicas de Haw\u00e1i promueven el bienestar de los estudiantes y el personal a trav\u00e9s de pol\u00edticas sobre educaci\u00f3n para la salud, nutrici\u00f3n, actividad f\u00edsica y desarrollo profesional.<\/p>\n\n\n\n<h2 class=\"wp-block-heading\">El bienestar en nuestras escuelas p\u00fablicas<\/h2>\n\n\n\n<h3 class=\"wp-block-heading\">Pautas<\/h3>\n\n\n\n<p><mark style=\"background-color:#ffffff\" class=\"has-inline-color has-contrast-color\">&quot;Bienestar&quot;<\/mark> En nuestras escuelas p\u00fablicas se incluye un comit\u00e9 de bienestar, <a href=\"\/es\/nutrition-guidelines\/\">Pautas nutricionales<\/a>, educaci\u00f3n para la salud, promoci\u00f3n de la nutrici\u00f3n, educaci\u00f3n f\u00edsica, actividad f\u00edsica y desarrollo profesional del personal. <a href=\"\/es\/DOE%20Forms\/Health%20and%20Nutrition\/WellnessGuidelines.pdf\/\" target=\"_blank\" rel=\"noreferrer noopener\"><strong>pautas de bienestar<\/strong><\/a> implementar la junta de educaci\u00f3n <a href=\"http:\/\/boe.hawaii.gov\/policies\/Board%20Policies\/Health%20and%20Wellness.pdf\" target=\"_blank\" rel=\"noreferrer noopener\">Pol\u00edtica 103-1 (PDF)<\/a> y cumplir con los requisitos de <a href=\"https:\/\/www.govinfo.gov\/content\/pkg\/PLAW-108publ265\/pdf\/PLAW-108publ265.pdf\" target=\"_blank\" rel=\"noreferrer noopener\">Ley P\u00fablica 108-265 Secci\u00f3n 204 (PDF)<\/a> y el <a href=\"https:\/\/www.federalregister.gov\/documents\/2016\/07\/29\/2016-17230\/local-school-wellness-policy-implementation-under-the-healthy-hunger-free-kids-act-of-2010\" target=\"_blank\" rel=\"noreferrer noopener\">Ley de Ni\u00f1os Saludables y Libres de Hambre (2010)<\/a>.&nbsp;<\/p>\n\n\n\n<p>Traducciones disponibles en:&nbsp;<\/p>\n\n\n\n<div class=\"wp-block-columns is-layout-flex wp-container-core-columns-is-layout-28f84493 wp-block-columns-is-layout-flex\">\n<div class=\"wp-block-column is-layout-flow wp-block-column-is-layout-flow\">\n<ul class=\"wp-block-list\">\n<li><a href=\"\/es\/DOE%20Forms\/Health%20and%20Nutrition\/WellnessGuidelines_0618_Cebuano.pdf\/\" target=\"_blank\" rel=\"noreferrer noopener\">Cebuano (visaya) (PDF)<\/a><\/li>\n\n\n\n<li><a href=\"\/es\/DOE%20Forms\/Health%20and%20Nutrition\/WellnessGuidelines_0618_ChineseS.pdf\/\" target=\"_blank\" rel=\"noreferrer noopener\">Chino (simplificado) (PDF)<\/a><\/li>\n\n\n\n<li><a href=\"\/es\/DOE%20Forms\/Health%20and%20Nutrition\/WellnessGuidelines_0618_ChineseT.pdf\/\" target=\"_blank\" rel=\"noreferrer noopener\">Chino (tradicional) (PDF)<\/a><\/li>\n\n\n\n<li><a href=\"\/es\/DOE%20Forms\/Health%20and%20Nutrition\/WellnessGuidelines_0618_Chuukese.pdf\/\" target=\"_blank\" rel=\"noreferrer noopener\">Chuukese (PDF)<\/a><\/li>\n\n\n\n<li><a href=\"\/es\/DOE%20Forms\/Health%20and%20Nutrition\/WellnessGuidelines_0618_Hawaiian.pdf\/\" target=\"_blank\" rel=\"noreferrer noopener\">Hawaiano (PDF)<\/a><\/li>\n<\/ul>\n<\/div>\n\n\n\n<div class=\"wp-block-column is-layout-flow wp-block-column-is-layout-flow\">\n<ul class=\"wp-block-list\">\n<li><a href=\"\/es\/DOE%20Forms\/Health%20and%20Nutrition\/WellnessGuidelines_0618_HawaiianP.pdf\/\" target=\"_blank\" rel=\"noreferrer noopener\">Hawaiano (sin signos diacr\u00edticos) (PDF)<\/a><\/li>\n\n\n\n<li><a href=\"\/es\/DOE%20Forms\/Health%20and%20Nutrition\/WellnessGuidelines_0618_Ilocano.pdf\/\" target=\"_blank\" rel=\"noreferrer noopener\">Ilocano (PDF)<\/a><\/li>\n\n\n\n<li><a href=\"\/es\/DOE%20Forms\/Health%20and%20Nutrition\/WellnessGuidelines_0618_Japanese.pdf\/\" target=\"_blank\" rel=\"noreferrer noopener\">Japon\u00e9s (PDF)<\/a><\/li>\n\n\n\n<li><a href=\"\/es\/DOE%20Forms\/Health%20and%20Nutrition\/WellnessGuidelines_0618_Korean.pdf\/\" target=\"_blank\" rel=\"noreferrer noopener\">Coreano (PDF)<\/a><\/li>\n\n\n\n<li><a href=\"\/es\/DOE%20Forms\/Health%20and%20Nutrition\/WellnessGuidelines_0618_Marshallese.pdf\/\" target=\"_blank\" rel=\"noreferrer noopener\">marshal\u00e9s (PDF)<\/a><\/li>\n<\/ul>\n<\/div>\n\n\n\n<div class=\"wp-block-column is-layout-flow wp-block-column-is-layout-flow\">\n<ul class=\"wp-block-list\">\n<li><a href=\"\/es\/DOE%20Forms\/Health%20and%20Nutrition\/WellnessGuidelines_0618_Samoan.pdf\/\" target=\"_blank\" rel=\"noreferrer noopener\">Samoano (PDF)<\/a><\/li>\n\n\n\n<li><a href=\"\/es\/DOE%20Forms\/Health%20and%20Nutrition\/WellnessGuidelines_0618_SpanishUS.pdf\/\" target=\"_blank\" rel=\"noreferrer noopener\">Espa\u00f1ol (EE.UU.) (PDF)<\/a><\/li>\n\n\n\n<li><a href=\"\/es\/DOE%20Forms\/Health%20and%20Nutrition\/WellnessGuidelines_0618_Tagalog.pdf\/\" target=\"_blank\" rel=\"noreferrer noopener\">Tagalo (PDF)<\/a><\/li>\n\n\n\n<li><a href=\"\/es\/DOE%20Forms\/Health%20and%20Nutrition\/WellnessGuidelines_0618_Tongan.pdf\/\" target=\"_blank\" rel=\"noreferrer noopener\">Tongano (PDF)<\/a><\/li>\n\n\n\n<li><a href=\"\/es\/DOE%20Forms\/Health%20and%20Nutrition\/WellnessGuidelines_0618_VietnameseUS.pdf\/\" target=\"_blank\" rel=\"noreferrer noopener\">Vietnamita (EE.UU.) (PDF)<\/a><\/li>\n<\/ul>\n<\/div>\n<\/div>\n\n\n\n<h4 class=\"wp-block-heading\">Comit\u00e9 de Bienestar<\/h4>\n\n\n\n<p>Todas nuestras escuelas cuentan con un coordinador de bienestar designado y un comit\u00e9 que se re\u00fane al menos tres veces al a\u00f1o para abordar cuestiones de salud escolar, incluida la implementaci\u00f3n de las pautas de bienestar. El comit\u00e9 de bienestar debe estar compuesto por la administraci\u00f3n de la escuela, el cuerpo docente y el personal, as\u00ed como por estudiantes, familias y representantes de la comunidad. El comit\u00e9 es responsable de utilizar fuentes de datos (por ejemplo, la encuesta sobre conductas de riesgo en j\u00f3venes) para identificar \u00e1reas prioritarias para el plan acad\u00e9mico de la escuela.<\/p>\n\n\n\n<p>Al comienzo de cada a\u00f1o escolar, se notifica a cada comunidad escolar sobre la pol\u00edtica de bienestar y se le proporciona la informaci\u00f3n de contacto del coordinador de bienestar. Las escuelas tambi\u00e9n alientan a las familias de los estudiantes a apoyar el bienestar en la escuela y en el hogar.<\/p>\n\n\n\n<p>For more information on how you can get involved:<\/p>\n\n\n\n<ul class=\"wp-block-list\">\n<li><a href=\"https:\/\/hawaiipublicschools.org\/es\/academics\/partners-and-resources\/\" data-type=\"page\" data-id=\"51\">Family and Community Engagement<\/a><\/li>\n\n\n\n<li><a href=\"https:\/\/hawaiipublicschools.org\/es\/resources\/community-childrens-council\/\" data-type=\"page\" data-id=\"101\">Consejo Comunitario de Ni\u00f1os<\/a><\/li>\n\n\n\n<li><a href=\"https:\/\/hawaiipublicschools.org\/es\/resources\/school-community-councils\/\" data-type=\"page\" data-id=\"102\">Consejos comunitarios escolares<\/a><\/li>\n\n\n\n<li><a href=\"https:\/\/hawaiipublicschools.org\/es\/resources\/parent-community-networking-centers\/\" data-type=\"page\" data-id=\"103\">Centros de redes de padres y comunidad<\/a><\/li>\n<\/ul>\n\n\n\n<h4 class=\"wp-block-heading\">Pautas de nutrici\u00f3n<\/h4>\n\n\n\n<p>Children who eat school lunches are more likely to consume milk, meats, grains and vegetables than students who bring lunch from home. They also tend to have higher nutrient intakes \u2014 both at lunch and over the course of an entire day. We make it a priority to ensure students get nutritious meals that fuel learning and physical activities. The Department serves more than 100,000 meals daily during the school year. Learn more about the <a href=\"\/es\/nutrition-guidelines\/\">Pautas nutricionales<\/a>.<\/p>\n\n\n\n<p>Ways schools promote good nutrition:<\/p>\n\n\n\n<ul class=\"wp-block-list\">\n<li>En el campus se muestran mensajes positivos sobre alimentos nutritivos.<\/li>\n\n\n\n<li>Las m\u00e1quinas expendedoras para estudiantes est\u00e1n abastecidas \u00fanicamente con agua.<\/li>\n\n\n\n<li>Las comidas escolares se preparan desde cero siempre que sea posible, incluyendo productos de pan integral reci\u00e9n horneado.<\/li>\n\n\n\n<li>Ning\u00fan alimento contiene grasas trans.<\/li>\n\n\n\n<li>El agua potable est\u00e1 disponible de forma gratuita para los estudiantes durante los horarios de comida.<\/li>\n\n\n\n<li>Se invita a las clases a visitar la cocina de la cafeter\u00eda para aprender a preparar alimentos saludables.<\/li>\n\n\n\n<li>Se promueven desayunos, almuerzos y meriendas saludables entre los estudiantes y sus familias.<\/li>\n\n\n\n<li>Los huertos instructivos demuestran c\u00f3mo se cultivan los alimentos.<\/li>\n<\/ul>\n\n\n\n<h4 class=\"wp-block-heading\">Educaci\u00f3n para la salud y promoci\u00f3n de la nutrici\u00f3n<\/h4>\n\n\n\n<p><a href=\"\/es\/school-services\/health-education\/\" target=\"_blank\" rel=\"noreferrer noopener\">Educaci\u00f3n para la salud<\/a> and nutrition promotion provide the instructional foundation that is necessary to prepare students to make lifelong healthy decisions and practice healthy behaviors. This component area of the Wellness Guidelines includes school-wide promotion of nutritious meals and snacks as well as quality health education.<\/p>\n\n\n\n<p>Las directrices para la educaci\u00f3n sanitaria y la promoci\u00f3n de la nutrici\u00f3n se organizan en torno a <strong>cuatro componentes clave<\/strong>:<\/p>\n\n\n\n<ol class=\"wp-block-list\">\n<li>El contenido instructivo de las clases de educaci\u00f3n para la salud incluye un enfoque en el conocimiento y las habilidades que apoyan una alimentaci\u00f3n saludable y est\u00e1 alineado con los est\u00e1ndares HIDOE para educaci\u00f3n para la salud.<\/li>\n\n\n\n<li>Se proporciona educaci\u00f3n para la salud a los estudiantes de los grados primarios al menos 45 minutos por semana y a los grados secundarios al menos 200 minutos por semana.<\/li>\n\n\n\n<li>La educaci\u00f3n nutricional incluye actividades culturalmente relevantes que se basan en la &#039;\u0101ina y son pr\u00e1cticas, como la preparaci\u00f3n de alimentos, la degustaci\u00f3n, visitas a granjas y huertos escolares.<\/li>\n\n\n\n<li>Toda la comercializaci\u00f3n de alimentos y bebidas en las escuelas debe cumplir con los siguientes requisitos: <a href=\"https:\/\/hawaiipublicschools.org\/wp-content\/uploads\/2024\/11\/NutritionGuidelinesWellnessChart.jpg\">Pautas nutricionales<\/a>Esto incluye, entre otras cosas, publicaciones escolares, el exterior de las m\u00e1quinas expendedoras, carteles, pancartas, televisores escolares y marcadores.<\/li>\n<\/ol>\n\n\n\n<h4 class=\"wp-block-heading\">Educaci\u00f3n f\u00edsica<\/h4>\n\n\n\n<p>The goal of <a href=\"https:\/\/learningdesign.hawaiipublicschools.org\/standards-based-content\/physical-education\" target=\"_blank\" rel=\"noreferrer noopener\">physical education<\/a> (PE) is to support all students in achieving the knowledge, skills and confidence to be physically active for a lifetime. Participation in PE also helps students reach the national recommendation of 60 minutes of physical activity per day.<\/p>\n\n\n\n<p>There are six guidelines to support PE:<\/p>\n\n\n\n<ol start=\"1\" class=\"wp-block-list\">\n<li>Instructional content of physical education classes is aligned with the Hawaii DOE Standards for physical education.<\/li>\n\n\n\n<li>Physical education is provided to students in elementary grades at least 45 minutes per week and secondary grades at least 200 minutes per week.<\/li>\n\n\n\n<li>At least 50% of physical education class time is dedicated to moderate to vigorous physical activity.<\/li>\n\n\n\n<li>Physical education classes are taught by State-certified physical education instructors.<\/li>\n\n\n\n<li>Physical education classes have a student\/teacher ratio similar to other classes.<\/li>\n\n\n\n<li>Physical education in grades 5, 7, and 9 includes a health-related student fitness assessment (e.g. FitnessGram).<\/li>\n<\/ol>\n\n\n\n<h4 class=\"wp-block-heading\">Actividad f\u00edsica<\/h4>\n\n\n\n<p>La actividad f\u00edsica regular fortalece los huesos y los m\u00fasculos, mejora la fuerza y la resistencia muscular, reduce el riesgo de desarrollar enfermedades cr\u00f3nicas, mejora la autoestima y reduce el estr\u00e9s y la ansiedad. Las investigaciones tambi\u00e9n muestran que la actividad f\u00edsica puede ayudar a mejorar el rendimiento acad\u00e9mico de los estudiantes, incluidas las calificaciones y los resultados de las pruebas estandarizadas.<\/p>\n\n\n\n<p>Existen seis pautas para apoyar la actividad f\u00edsica:<\/p>\n\n\n\n<ol class=\"wp-block-list\">\n<li>A los estudiantes se les proporcionan al menos 20 minutos diarios de recreo que incluyen oportunidades para participar en actividad f\u00edsica moderada a vigorosa.<\/li>\n\n\n\n<li>A los estudiantes se les proporcionan descansos para realizar actividad f\u00edsica al menos cada 60 minutos.<\/li>\n\n\n\n<li>La escuela no utiliza ni niega la actividad f\u00edsica (por ejemplo, el recreo o la educaci\u00f3n f\u00edsica) como consecuencia negativa.<\/li>\n\n\n\n<li>La escuela apoya el transporte activo alentando a los estudiantes y al personal a caminar y\/o ir en bicicleta a la escuela si es razonablemente seguro hacerlo.<\/li>\n\n\n\n<li>La escuela proporciona portabicicletas para estudiantes y personal.<\/li>\n\n\n\n<li>El personal de la escuela, los estudiantes, las familias y los miembros de la comunidad tienen acceso a las instalaciones y los terrenos de la escuela para estar f\u00edsicamente activos durante el tiempo no instructivo (es decir, antes y despu\u00e9s de la escuela, los fines de semana y feriados).<\/li>\n<\/ol>\n\n\n\n<h4 class=\"wp-block-heading\">Desarrollo profesional<\/h4>\n\n\n\n<p>In order to create a school community that is supportive of wellness, school staff are provided with opportunities for professional development relating to wellness. There are two guidelines<strong> <\/strong>Para apoyar el desarrollo profesional:<\/p>\n\n\n\n<ol class=\"wp-block-list\">\n<li>El personal escolar recibe desarrollo profesional anual sobre las pautas de bienestar.<\/li>\n\n\n\n<li>Se anima al personal escolar a ser modelos a seguir en materia de bienestar.<\/li>\n<\/ol>\n\n\n\n<h3 class=\"wp-block-heading\">Recursos<\/h3>\n\n\n\n<ul class=\"wp-block-list\">\n<li><a href=\"\/es\/DOE%20Forms\/Health%20and%20Nutrition\/WellnessGuidelines.pdf\/\" target=\"_blank\" rel=\"noreferrer noopener\">Pautas de bienestar<\/a> (PDF)<\/li>\n\n\n\n<li><a href=\"https:\/\/sites.google.com\/k12.hi.us\/wellness-guidelines\">Wellness Guidelines Resource for Schools<\/a> (HIDOE staff login required)<\/li>\n<\/ul>\n\n\n\n<h2 class=\"wp-block-heading\">Evaluaci\u00f3n de la pol\u00edtica de bienestar local<\/h2>\n\n\n\n<h3 class=\"wp-block-heading\">Triennial Assessment<\/h3>\n\n\n\n<p>El Departamento de Agricultura de los Estados Unidos (USDA) <a href=\"https:\/\/www.fns.usda.gov\/cn\/fr-072916c\" target=\"_blank\" rel=\"noreferrer noopener\">Norma final: Implementaci\u00f3n de la pol\u00edtica de bienestar escolar local seg\u00fan la HHFKA de 2010<\/a> requiere que todas las agencias educativas locales (LEA) establezcan los requisitos m\u00ednimos para las pol\u00edticas de bienestar locales y completen el <a href=\"\/es\/DOE%20Forms\/Wellness\/2022%20Triennial%20Assessment.pdf\/\" target=\"_blank\" rel=\"noreferrer noopener\">evaluaci\u00f3n trienal<\/a> (PDF) for all schools participating in the National School Lunch Program and\/or School Breakfast Program.<\/p>\n\n\n\n<p>Cada tres a\u00f1os, la evaluaci\u00f3n deber\u00e1 determinar:&nbsp;<\/p>\n\n\n\n<ul class=\"wp-block-list\">\n<li>Cumplimiento de la pol\u00edtica de bienestar.<\/li>\n\n\n\n<li>C\u00f3mo se compara la pol\u00edtica de bienestar con las pol\u00edticas de bienestar modelo.<\/li>\n\n\n\n<li>Avances en la consecuci\u00f3n de los objetivos de la pol\u00edtica de bienestar.&nbsp;<\/li>\n<\/ul>\n\n\n\n<p>View the assessments.<\/p>\n\n\n\n<ul class=\"wp-block-list\">\n<li><a href=\"\/es\/DOE%20Forms\/Wellness\/2022%20Triennial%20Assessment.pdf\/\" target=\"_blank\" rel=\"noreferrer noopener\">Triennial Assessment July, 2022<\/a> (PDF)<\/li>\n\n\n\n<li><a href=\"\/wp-content\/uploads\/2025TriennialAssessment.pdf\" data-type=\"attachment\" data-id=\"13796\" target=\"_blank\" rel=\"noreferrer noopener\">Triennial Assessment July, 2025<\/a> (PDF)<\/li>\n<\/ul>\n\n\n\n<h2 class=\"wp-block-heading\">Encuesta de seguridad y bienestar (SAWS)<\/h2>\n\n\n\n<p>Esta encuesta anual en l\u00ednea de directores de escuelas p\u00fablicas se utiliza para monitorear y evaluar el progreso de las escuelas hacia la implementaci\u00f3n de las pautas de bienestar. Es administrada conjuntamente por el Departamento de Educaci\u00f3n y el Departamento de Salud. Los indicadores clave de la SAWS se incluyen en el informe anual del HIDOE. Vea la \u00faltima <a href=\"https:\/\/hawaiipublicschools.org\/wp-content\/uploads\/SAWS2024-25-03-2026.pdf\" target=\"_blank\" rel=\"noreferrer noopener\">Encuesta de seguridad y bienestar (PDF)<\/a> resultados.<\/p>\n\n\n\n<ul class=\"wp-block-list\">\n<li><a href=\"https:\/\/hawaiipublicschools.org\/wp-content\/uploads\/SAWS2024-25-03-2026.pdf\" data-type=\"attachment\" data-id=\"9061\" target=\"_blank\" rel=\"noreferrer noopener\">Safety and Wellness Survey: 2024-25 (PDF)<\/a><\/li>\n\n\n\n<li><a href=\"https:\/\/hawaiipublicschools.org\/wp-content\/uploads\/Safety-Wellness-Survey-2023-24.pdf\" data-type=\"attachment\" data-id=\"9061\" target=\"_blank\" rel=\"noreferrer noopener\">Encuesta de seguridad y bienestar: 2023-24 (PDF)<\/a><\/li>\n\n\n\n<li><a href=\"\/es\/DOE%20Forms\/Health%20and%20Nutrition\/SAWS22-23.pdf\/\" target=\"_blank\" rel=\"noreferrer noopener\">Encuesta de seguridad y bienestar: 2022-23 (PDF)<\/a><\/li>\n\n\n\n<li><a href=\"\/es\/DOE%20Forms\/Health%20and%20Nutrition\/SAWS2021-22.pdf\/\" target=\"_blank\" rel=\"noreferrer noopener\">Encuesta de seguridad y bienestar: 2021-22 (PDF)<\/a><\/li>\n<\/ul>\n\n\n\n<h2 class=\"wp-block-heading\">DECLARACI\u00d3N DE NO DISCRIMINACI\u00d3N DEL USDA<\/h2>\n\n\n\n<p>De acuerdo con la ley federal de derechos civiles y las normas y pol\u00edticas de derechos civiles del Departamento de Agricultura de los Estados Unidos (USDA), esta instituci\u00f3n tiene prohibido discriminar por motivos de raza, color, origen nacional, sexo (incluida la identidad de g\u00e9nero y la orientaci\u00f3n sexual), discapacidad, edad, o represalia o venganza por actividades previas de derechos civiles.<\/p>\n\n\n\n<p>La informaci\u00f3n del programa podr\u00eda estar disponible en otros idiomas adem\u00e1s del ingl\u00e9s. Las personas con discapacidad que necesiten medios de comunicaci\u00f3n alternativos para obtener informaci\u00f3n del programa (por ejemplo, braille, letra grande, audio, lenguaje de se\u00f1as americano) deben comunicarse con la agencia estatal o local responsable que administra el programa o con el Centro TARGET del USDA al (202) 720-2600 (voz y TTY) o al USDA a trav\u00e9s del Servicio Federal de Retransmisi\u00f3n al (800) 877-8339.<\/p>\n\n\n\n<p>Para presentar una queja por discriminaci\u00f3n en el programa, el denunciante debe completar el Formulario AD-3027, Formulario de queja por discriminaci\u00f3n en el programa del USDA, que se puede obtener en l\u00ednea en:&nbsp;<a href=\"https:\/\/www.usda.gov\/sites\/default\/files\/documents\/USDA-OASCR%20P-Complaint-Form-0508-0002-508-11-28-17Fax2Mail.pdf\" target=\"_blank\" rel=\"noreferrer noopener\">https:\/\/www.usda.gov\/sites\/default\/files\/documents\/USDA-OASCR%20P-Complaint-Form-0508-0002-508-11-28-17Fax2Mail.pdf<\/a>Desde cualquier oficina del USDA, llamando al (866) 632-9992 o escribiendo una carta dirigida al USDA. La carta debe incluir el nombre, la direcci\u00f3n y el n\u00famero de tel\u00e9fono del denunciante, as\u00ed como una descripci\u00f3n por escrito de la presunta acci\u00f3n discriminatoria con suficiente detalle para informar al Subsecretario de Derechos Civiles (ASCR) sobre la naturaleza y la fecha de la presunta violaci\u00f3n de derechos civiles. El formulario AD-3027 o la carta deben entregarse al USDA antes de:<\/p>\n\n\n\n<ul class=\"wp-block-list\">\n<li><strong>correo:<\/strong><br>Departamento de Agricultura de los Estados Unidos<br>Oficina del Subsecretario de Derechos Civiles<br>Avenida Independencia 1400, SW<br>Washington, DC 20250-9410; o<\/li>\n\n\n\n<li><strong>fax:<\/strong><br>(833) 256-1665 o (202) 690-7442; o<\/li>\n\n\n\n<li><strong>correo electr\u00f3nico:<\/strong><br><a href=\"mailto:program.intake@usda.gov\" target=\"_blank\" rel=\"noreferrer noopener\">programa.intake@usda.gov<\/a><\/li>\n<\/ul>\n\n\n\n<p>Esta instituci\u00f3n es un proveedor que ofrece igualdad de oportunidades.<\/p>","protected":false},"excerpt":{"rendered":"<p>Hawai\u02bbi\u2019s public school wellness guidelines promote student and staff well-being through policies on health education, nutrition, physical activity and professional development. wellness in our public schools Guidelines \u201cWellness\u201d in our public schools includes a wellness committee, nutrition guidelines, health education, nutrition promotion, physical education, physical activity and professional development for staff. The wellness guidelines implement [&hellip;]<\/p>","protected":false},"author":8,"featured_media":0,"parent":59,"menu_order":19,"comment_status":"closed","ping_status":"closed","template":"","meta":{"_relevanssi_hide_post":"","_relevanssi_hide_content":"","_relevanssi_pin_for_all":"","_relevanssi_pin_keywords":"","_relevanssi_unpin_keywords":"","_relevanssi_related_keywords":"","_relevanssi_related_include_ids":"","_relevanssi_related_exclude_ids":"","_relevanssi_related_no_append":"","_relevanssi_related_not_related":"","_relevanssi_related_posts":"10227,888,9867,9994,10495,17300","_relevanssi_noindex_reason":"","_sitemap_exclude":false,"_sitemap_priority":"","_sitemap_frequency":"","_kad_blocks_custom_css":"","_kad_blocks_head_custom_js":"","_kad_blocks_body_custom_js":"","_kad_blocks_footer_custom_js":"","wp_popup_display_lightbox":0,"wp_popup_suppress":"","wp_popup_trigger":"","wp_popup_trigger_amount":0,"wp_popup_disable_on_mobile":false,"footnotes":""},"class_list":["post-71","page","type-page","status-publish","hentry"],"pp_statuses_selecting_workflow":false,"pp_workflow_action":"current","pp_status_selection":"publish","taxonomy_info":[],"featured_image_src_large":false,"author_info":{"display_name":"Ariana Enomoto","author_link":"https:\/\/hawaiipublicschools.org\/es\/author\/arianastaceyleong-com\/"},"comment_info":0,"publishpress_future_action":{"enabled":false,"date":"2026-04-24 00:54:50","action":"change-status","newStatus":"draft","terms":[],"taxonomy":"","extraData":[]},"publishpress_future_workflow_manual_trigger":{"enabledWorkflows":[]},"_links":{"self":[{"href":"https:\/\/hawaiipublicschools.org\/es\/wp-json\/wp\/v2\/pages\/71","targetHints":{"allow":["GET"]}}],"collection":[{"href":"https:\/\/hawaiipublicschools.org\/es\/wp-json\/wp\/v2\/pages"}],"about":[{"href":"https:\/\/hawaiipublicschools.org\/es\/wp-json\/wp\/v2\/types\/page"}],"author":[{"embeddable":true,"href":"https:\/\/hawaiipublicschools.org\/es\/wp-json\/wp\/v2\/users\/8"}],"replies":[{"embeddable":true,"href":"https:\/\/hawaiipublicschools.org\/es\/wp-json\/wp\/v2\/comments?post=71"}],"version-history":[{"count":1,"href":"https:\/\/hawaiipublicschools.org\/es\/wp-json\/wp\/v2\/pages\/71\/revisions"}],"predecessor-version":[{"id":18955,"href":"https:\/\/hawaiipublicschools.org\/es\/wp-json\/wp\/v2\/pages\/71\/revisions\/18955"}],"up":[{"embeddable":true,"href":"https:\/\/hawaiipublicschools.org\/es\/wp-json\/wp\/v2\/pages\/59"}],"wp:attachment":[{"href":"https:\/\/hawaiipublicschools.org\/es\/wp-json\/wp\/v2\/media?parent=71"}],"curies":[{"name":"wp","href":"https:\/\/api.w.org\/{rel}","templated":true}]}}