{"id":69,"date":"2024-09-04T22:39:00","date_gmt":"2024-09-04T22:39:00","guid":{"rendered":"https:\/\/hawaiipublicschools.org\/?page_id=69"},"modified":"2026-01-21T12:22:43","modified_gmt":"2026-01-21T22:22:43","slug":"school-food-services","status":"publish","type":"page","link":"https:\/\/hawaiipublicschools.org\/es\/school-services\/school-food-services\/","title":{"rendered":"Servicios de alimentaci\u00f3n escolar"},"content":{"rendered":"<div class=\"wp-block-columns double_col_sidebar is-layout-flex wp-container-core-columns-is-layout-28f84493 wp-block-columns-is-layout-flex\">\n<div class=\"wp-block-column left_col is-layout-flow wp-block-column-is-layout-flow\">\n<p class=\"intro\" style=\"font-size:clamp(0.875rem, 0.875rem + ((1vw - 0.2rem) * 0.531), 1.3rem);\">Nuestra Divisi\u00f3n de Servicios de Alimentaci\u00f3n Escolar se enorgullece de servir m\u00e1s de 100 000 comidas diarias para estudiantes, nutricionalmente equilibradas y asequibles. Las escuelas implementan sus programas de alimentaci\u00f3n de conformidad con los programas de nutrici\u00f3n infantil federales, estatales y locales.<\/p>\n\n\n\n<p><\/p>\n\n\n\n<h2 class=\"wp-block-heading\">Solicite comidas gratuitas o a precio reducido<\/h2>\n\n\n\n<p>Las familias que califican para recibir beneficios de comidas gratuitas o a precio reducido pueden enviar una solicitud en l\u00ednea en <a href=\"https:\/\/secure.ezmealapp.com\/Default.aspx\">Aplicaci\u00f3n EZMeal<\/a>Este programa en l\u00ednea lo guiar\u00e1 a trav\u00e9s de un sencillo proceso de solicitud paso a paso.<\/p>\n\n\n\n<h2 class=\"wp-block-heading\">School year 2025-26 meal prices<\/h2>\n\n\n\n<figure class=\"wp-block-table\"><table class=\"has-fixed-layout\"><thead><tr><th><strong>Tipo de estudiante<\/strong><\/th><th class=\"has-text-align-center\" data-align=\"center\"><strong>Precio<\/strong><\/th><\/tr><\/thead><tbody><tr><td colspan=\"2\"><strong>DESAYUNO<\/strong><\/td><\/tr><tr><td>Estudiante de primaria (PreK-8)<\/td><td class=\"has-text-align-center\" data-align=\"center\">$1.10<\/td><\/tr><tr><td>Estudiante de secundaria (9-12)<\/td><td class=\"has-text-align-center\" data-align=\"center\">$1.10<\/td><\/tr><tr><td><strong>Reduced-price student (PreK-12)<\/strong><\/td><td class=\"has-text-align-center\" data-align=\"center\"><strong>No Charge<\/strong><\/td><\/tr><tr><td>Free student (PreK-12)<\/td><td class=\"has-text-align-center\" data-align=\"center\">No Charge<\/td><\/tr><tr><td>Student second meal<\/td><td class=\"has-text-align-center\" data-align=\"center\">$3.50<\/td><\/tr><tr><td>Adulto<\/td><td class=\"has-text-align-center\" data-align=\"center\">$3.50<\/td><\/tr><tr><td colspan=\"2\"><strong>ALMUERZO<\/strong><\/td><\/tr><tr><td>Estudiante de primaria (PreK-8)<\/td><td class=\"has-text-align-center\" data-align=\"center\">$2.50<\/td><\/tr><tr><td>Estudiante de secundaria (9-12)<\/td><td class=\"has-text-align-center\" data-align=\"center\">$2.75<\/td><\/tr><tr><td><strong>Reduced-price student (PreK-12)<\/strong><\/td><td class=\"has-text-align-center\" data-align=\"center\"><strong>No Charge<\/strong><\/td><\/tr><tr><td>Free student (PreK-12)<\/td><td class=\"has-text-align-center\" data-align=\"center\">No Charge<\/td><\/tr><tr><td>Entrada<\/td><td class=\"has-text-align-center\" data-align=\"center\">$2.25<\/td><\/tr><tr><td>Student second meal<\/td><td class=\"has-text-align-center\" data-align=\"center\">$7.50<\/td><\/tr><tr><td>Adulto<\/td><td class=\"has-text-align-center\" data-align=\"center\">$7.50<\/td><\/tr><\/tbody><\/table><\/figure>\n<\/div>\n<\/div>\n\n\n\n<p><\/p>\n\n\n\n<p><\/p>\n\n\n\n<h2 class=\"wp-block-heading\">DECLARACI\u00d3N DE NO DISCRIMINACI\u00d3N DEL USDA<\/h2>\n\n\n\n<p>De acuerdo con la ley federal de derechos civiles y las normas y pol\u00edticas de derechos civiles del Departamento de Agricultura de los Estados Unidos (USDA), esta instituci\u00f3n tiene prohibido discriminar por motivos de raza, color, origen nacional, sexo (incluida la identidad de g\u00e9nero y la orientaci\u00f3n sexual), discapacidad, edad, o represalia o venganza por actividades previas de derechos civiles.<\/p>\n\n\n\n<p>La informaci\u00f3n del programa podr\u00eda estar disponible en otros idiomas adem\u00e1s del ingl\u00e9s. Las personas con discapacidad que necesiten medios de comunicaci\u00f3n alternativos para obtener informaci\u00f3n del programa (por ejemplo, braille, letra grande, audio, lenguaje de se\u00f1as americano) deben comunicarse con la agencia estatal o local responsable que administra el programa o con el Centro TARGET del USDA al (202) 720-2600 (voz y TTY) o al USDA a trav\u00e9s del Servicio Federal de Retransmisi\u00f3n al (800) 877-8339.<\/p>\n\n\n\n<p>Para presentar una queja por discriminaci\u00f3n en el programa, el denunciante debe completar el Formulario AD-3027, Formulario de queja por discriminaci\u00f3n en el programa del USDA, que se puede obtener en l\u00ednea en:&nbsp;<a href=\"https:\/\/www.usda.gov\/sites\/default\/files\/documents\/USDA-OASCR%20P-Complaint-Form-0508-0002-508-11-28-17Fax2Mail.pdf\" target=\"_blank\" rel=\"noreferrer noopener\">https:\/\/www.usda.gov\/sites\/default\/files\/documents\/USDA-OASCR%20P-Complaint-Form-0508-0002-508-11-28-17Fax2Mail.pdf<\/a>Desde cualquier oficina del USDA, llamando al (866) 632-9992 o escribiendo una carta dirigida al USDA. La carta debe incluir el nombre, la direcci\u00f3n y el n\u00famero de tel\u00e9fono del denunciante, as\u00ed como una descripci\u00f3n por escrito de la presunta acci\u00f3n discriminatoria con suficiente detalle para informar al Subsecretario de Derechos Civiles (ASCR) sobre la naturaleza y la fecha de la presunta violaci\u00f3n de derechos civiles. El formulario AD-3027 o la carta deben entregarse al USDA antes de:<\/p>\n\n\n\n<ul class=\"wp-block-list\">\n<li><strong>correo:<\/strong><br>Departamento de Agricultura de los Estados Unidos<br>Oficina del Subsecretario de Derechos Civiles<br>Avenida Independencia 1400, SW<br>Washington, DC 20250-9410; o<\/li>\n\n\n\n<li><strong>fax:<\/strong><br>(833) 256-1665 o (202) 690-7442; o<\/li>\n\n\n\n<li><strong>correo electr\u00f3nico:<\/strong><br><a href=\"mailto:program.intake@usda.gov\" target=\"_blank\" rel=\"noreferrer noopener\">programa.intake@usda.gov<\/a><\/li>\n<\/ul>\n\n\n\n<p>Esta instituci\u00f3n es un proveedor que ofrece igualdad de oportunidades.<\/p>\n\n\n\n<p><\/p>","protected":false},"excerpt":{"rendered":"<p>Our \u200b\u200b\u200b\u200b\u200b\u200b\u200b\u200b\u200b\u200b\u200b\u200b\u200b\u200b\u200b\u200b\u200b\u200b\u200b\u200b\u200b\u200b\u200b\u200b\u200b\u200bSchool Food Services Branch proudly serves over 100,000 nutritionally balanced, affordable student meals a day. Schools implement their meal programs in compliance with federal, state and local child nutrition programs. Apply for free or reduced meals Families who qualify for free and reduced-price meal benefits can submit an online application on EZMealApp. This online [&hellip;]<\/p>","protected":false},"author":8,"featured_media":0,"parent":59,"menu_order":18,"comment_status":"closed","ping_status":"closed","template":"","meta":{"_relevanssi_hide_post":"","_relevanssi_hide_content":"","_relevanssi_pin_for_all":"","_relevanssi_pin_keywords":"","_relevanssi_unpin_keywords":"","_relevanssi_related_keywords":"","_relevanssi_related_include_ids":"","_relevanssi_related_exclude_ids":"","_relevanssi_related_no_append":"","_relevanssi_related_not_related":"","_relevanssi_related_posts":"15617,9731,14121,10905,10914,9946","_relevanssi_noindex_reason":"","_sitemap_exclude":false,"_sitemap_priority":"","_sitemap_frequency":"","_kad_blocks_custom_css":"","_kad_blocks_head_custom_js":"","_kad_blocks_body_custom_js":"","_kad_blocks_footer_custom_js":"","wp_popup_display_lightbox":0,"wp_popup_suppress":"","wp_popup_trigger":"","wp_popup_trigger_amount":0,"wp_popup_disable_on_mobile":false,"footnotes":""},"class_list":["post-69","page","type-page","status-publish","hentry"],"pp_statuses_selecting_workflow":false,"pp_workflow_action":"current","pp_status_selection":"publish","taxonomy_info":[],"featured_image_src_large":false,"author_info":{"display_name":"Ariana Enomoto","author_link":"https:\/\/hawaiipublicschools.org\/es\/author\/arianastaceyleong-com\/"},"comment_info":0,"publishpress_future_action":{"enabled":false,"date":"2026-04-28 22:46:50","action":"change-status","newStatus":"draft","terms":[],"taxonomy":"","extraData":[]},"publishpress_future_workflow_manual_trigger":{"enabledWorkflows":[]},"_links":{"self":[{"href":"https:\/\/hawaiipublicschools.org\/es\/wp-json\/wp\/v2\/pages\/69","targetHints":{"allow":["GET"]}}],"collection":[{"href":"https:\/\/hawaiipublicschools.org\/es\/wp-json\/wp\/v2\/pages"}],"about":[{"href":"https:\/\/hawaiipublicschools.org\/es\/wp-json\/wp\/v2\/types\/page"}],"author":[{"embeddable":true,"href":"https:\/\/hawaiipublicschools.org\/es\/wp-json\/wp\/v2\/users\/8"}],"replies":[{"embeddable":true,"href":"https:\/\/hawaiipublicschools.org\/es\/wp-json\/wp\/v2\/comments?post=69"}],"version-history":[{"count":0,"href":"https:\/\/hawaiipublicschools.org\/es\/wp-json\/wp\/v2\/pages\/69\/revisions"}],"up":[{"embeddable":true,"href":"https:\/\/hawaiipublicschools.org\/es\/wp-json\/wp\/v2\/pages\/59"}],"wp:attachment":[{"href":"https:\/\/hawaiipublicschools.org\/es\/wp-json\/wp\/v2\/media?parent=69"}],"curies":[{"name":"wp","href":"https:\/\/api.w.org\/{rel}","templated":true}]}}