{"id":67,"date":"2024-09-04T22:37:59","date_gmt":"2024-09-04T22:37:59","guid":{"rendered":"https:\/\/hawaiipublicschools.org\/?page_id=67"},"modified":"2025-11-25T10:48:29","modified_gmt":"2025-11-25T20:48:29","slug":"express-county-bus-pass-program","status":"publish","type":"page","link":"https:\/\/hawaiipublicschools.org\/es\/school-services\/express-county-bus-pass-program\/","title":{"rendered":"Programa de pases de autob\u00fas del condado EXPRESS"},"content":{"rendered":"<p class=\"intro\" style=\"font-size:clamp(0.875rem, 0.875rem + ((1vw - 0.2rem) * 0.531), 1.3rem);\">Con la continua tendencia a la baja de conductores de autobuses escolares cualificados disponibles, el Departamento de Educaci\u00f3n del Estado de Hawai\u02bbi (Departamento) ha continuado asoci\u00e1ndose con los cuatro condados en un esfuerzo de colaboraci\u00f3n para proporcionar opciones de transporte para los estudiantes de HIDOE.<br><br>El programa EXPRESS -que significa <a href=\"https:\/\/iportal.k12.hi.us\/express\/\">Ampliaci\u00f3n del n\u00famero de pasajeros para educar a los estudiantes en las escuelas<\/a>-EXPRESS se puso a prueba en el a\u00f1o escolar 2022-23 para ayudar a mitigar los impactos de la actual escasez nacional de conductores de autobuses escolares. A partir del a\u00f1o escolar 2025-2026, EXPRESS ampliar\u00e1 su disponibilidad a los estudiantes que asisten a escuelas medias y\/o intermedias en todo el estado.<br><br>El Departamento ha ampliado esta opci\u00f3n como cortes\u00eda para apoyar a las familias; sin embargo, no es un servicio obligatorio.<\/p>\n\n\n\n<h2 class=\"wp-block-heading has-text-align-left\">\u200belegibilidad<\/h2>\n\n\n\n<p class=\"has-text-align-left\"><strong>Actualizaciones importantes sobre la elegibilidad para los solicitantes de pases gratuitos del condado<\/strong>:<\/p>\n\n\n\n<ul class=\"wp-block-list\">\n<li>Ser estudiante de una escuela p\u00fablica de Hawai\u02bbi que asista a una escuela media y\/o intermedia o secundaria con un n\u00famero de identificaci\u00f3n HIDOE activo; y<\/li>\n\n\n\n<li>Asistir a su escuela de origen (sin exenciones geogr\u00e1ficas); y<\/li>\n\n\n\n<li>Residir a 1,5 millas o m\u00e1s de su escuela de origen en su zona de asistencia a la escuela p\u00fablica.  La zona de paseo se calcula desde la direcci\u00f3n del domicilio registrada en Infinite Campus hasta el acceso p\u00fablico m\u00e1s cercano para el campus de la escuela (no desde la oficina principal).<\/li>\n<\/ul>\n\n\n\n<p>El plazo de solicitud se abrir\u00e1 el 14 de julio de 2025 y se cerrar\u00e1 el 12 de mayo de 2026.&nbsp;<\/p>\n\n\n\n<p>Si su hijo tiene un Plan Educativo Individualizado (IEP) o un Plan Modificado (MP) que incluye el transporte como servicio relacionado, p\u00f3ngase en contacto con el especialista educativo de su distrito (DES) para obtener m\u00e1s informaci\u00f3n.<\/p>\n\n\n\n<p>Para los estudiantes elegibles bajo la Ley McKinney-Vento (MVA), todas las solicitudes de pase de autob\u00fas deben presentarse utilizando el formulario de Solicitud de Autob\u00fas Escolar (ST-70) y el formulario MV-1 completado. Para obtener ayuda con el proceso de pase de autob\u00fas del condado, p\u00f3ngase en contacto con el enlace MVA de su \u00e1rea compleja.<\/p>\n\n\n\n<h2 class=\"wp-block-heading\">Proceso de solicitud<\/h2>\n\n\n\n<p>El alumno s\u00f3lo podr\u00e1 utilizar<strong> un<\/strong> opci\u00f3n de transporte a la vez.&nbsp;<\/p>\n\n\n\n<p>Si su estudiante tiene un pase de autob\u00fas escolar regular existente, tendr\u00e1 que interrumpir este servicio si decide solicitar un pase EXPRESS. Las solicitudes EXPRESS se aprobar\u00e1n anualmente. Le rogamos que elija la opci\u00f3n adecuada para su alumno, ya que no podr\u00e1 cambiar de tipo de pase durante el resto del a\u00f1o.&nbsp;<\/p>\n\n\n\n<p>Las familias que no cumplan los criterios de elegibilidad para el transporte, por favor, consulte las agencias de autobuses de su condado para obtener m\u00e1s informaci\u00f3n sobre la compra de un pase para j\u00f3venes.<\/p>\n\n\n\n<h3 class=\"wp-block-heading\">Pasos para aplicar<\/h3>\n\n\n\n<ol class=\"wp-block-list\">\n<li>Consulte el sitio web de la oficina de tr\u00e1nsito de la isla correspondiente para obtener informaci\u00f3n sobre las rutas e identifique las rutas de autob\u00fas, los horarios y las ubicaciones con su hijo.<\/li>\n\n\n\n<li>Compruebe si su hijo tiene derecho al transporte:\n<ul class=\"wp-block-list\">\n<li>Compruebe la distancia entre el domicilio del alumno (registrado en Infinite Campus) y la escuela.&nbsp;&nbsp;<\/li>\n\n\n\n<li>Si la distancia es de 1,5 millas o m\u00e1s y su estudiante no asiste a la escuela en un GE, entonces su estudiante califica para un pase gratuito EXPRESS.<\/li>\n<\/ul>\n<\/li>\n\n\n\n<li>Completar una solicitud en l\u00ednea <a href=\"https:\/\/iportal.k12.hi.us\/express\/\" target=\"_blank\" rel=\"noreferrer noopener\">aqu\u00ed<\/a> (Las solicitudes estar\u00e1n disponibles hasta el 12 de mayo de 2026). La elegibilidad para el transporte ser\u00e1 determinada por la ubicaci\u00f3n del hogar y la escuela en Infinite Campus. Usted ser\u00e1 notificado durante este proceso si su estudiante es aprobado para un pase EXPRESS.<\/li>\n\n\n\n<li>Una vez presentada la solicitud, los pases estar\u00e1n disponibles para su recogida en la oficina de su centro escolar en un plazo de diez (10) a catorce (14) d\u00edas laborables.&nbsp;&nbsp;\n<ul class=\"wp-block-list\">\n<li>Debido al gran volumen de solicitudes a principios de a\u00f1o, pueden producirse retrasos por errores de impresi\u00f3n y plazos de entrega. Le rogamos que lo tenga en cuenta.<\/li>\n<\/ul>\n<\/li>\n\n\n\n<li>Identifique y practique rutas seguras para caminar hacia\/desde las paradas de autob\u00fas en casa y en la escuela.<\/li>\n<\/ol>\n\n\n\n<h3 class=\"wp-block-heading\">Aprobaci\u00f3n de la solicitud por isla<\/h3>\n\n\n\n<ul class=\"wp-block-list\">\n<li><strong>Kaua<\/strong>`<strong>i:<\/strong> Una vez aprobada y enviada la solicitud, el personal de la escuela notificar\u00e1 a los estudiantes cu\u00e1ndo los pases mensuales de Kaua\u02bbi Bus estar\u00e1n disponibles para retirar en la oficina.<\/li>\n\n\n\n<li><strong>O&#039;ahu:<\/strong> Una vez aprobada y enviada la solicitud, se enviar\u00e1n tarjetas HOLO a la oficina de la escuela para su distribuci\u00f3n.&nbsp;<\/li>\n\n\n\n<li><strong>Maui:<\/strong> Actualmente, el servicio de ruta fija de Maui Bus permite que los estudiantes de 24 a\u00f1os o menos con una identificaci\u00f3n v\u00e1lida viajen gratis. Los estudiantes deben presentar su identificaci\u00f3n v\u00e1lida al conductor al ingresar al autob\u00fas de ruta fija.<\/li>\n\n\n\n<li><strong>Isla de Haw\u00e1i:<\/strong> Actualmente, el transporte en autob\u00fas del condado de Hele-On es gratuito hasta diciembre de 2025. No hay pases disponibles para distribuci\u00f3n.<\/li>\n<\/ul>\n\n\n\n<div class=\"wp-block-columns is-layout-flex wp-container-core-columns-is-layout-28216a98 wp-block-columns-is-layout-flex\" style=\"padding-top:var(--wp--preset--spacing--10);padding-right:0;padding-bottom:var(--wp--preset--spacing--10);padding-left:0\">\n<div class=\"wp-block-column is-layout-flow wp-block-column-is-layout-flow\" style=\"flex-basis:50%\">\n<figure class=\"wp-block-image size-large\"><img loading=\"lazy\" decoding=\"async\" width=\"1024\" height=\"683\" src=\"https:\/\/hawaiipublicschools.org\/wp-content\/uploads\/2024\/12\/Bus_Students-1024x683.jpg\" alt=\"School bus in front of a school\" class=\"wp-image-3440\" style=\"object-fit:cover\" srcset=\"https:\/\/hawaiipublicschools.org\/wp-content\/uploads\/2024\/12\/Bus_Students-1024x683.jpg 1024w, https:\/\/hawaiipublicschools.org\/wp-content\/uploads\/2024\/12\/Bus_Students-300x200.jpg 300w, https:\/\/hawaiipublicschools.org\/wp-content\/uploads\/2024\/12\/Bus_Students-768x512.jpg 768w, https:\/\/hawaiipublicschools.org\/wp-content\/uploads\/2024\/12\/Bus_Students-18x12.jpg 18w, https:\/\/hawaiipublicschools.org\/wp-content\/uploads\/2024\/12\/Bus_Students.jpg 1200w\" sizes=\"auto, (max-width: 1024px) 100vw, 1024px\" \/><\/figure>\n<\/div>\n\n\n\n<div class=\"wp-block-column is-layout-flow wp-container-core-column-is-layout-8a368f38 wp-block-column-is-layout-flow\" style=\"flex-basis:50%\">\n<h3 class=\"wp-block-heading has-text-align-left\">Fecha l\u00edmite de solicitud<\/h3>\n\n\n\n<p class=\"has-text-align-left\">El Programa de Abono de Autob\u00fas del Condado EXPRESS est\u00e1 abierto y aceptando solicitudes hasta el 12 de mayo de 2026.<\/p>\n<\/div>\n<\/div>\n\n\n\n<h2 class=\"wp-block-heading\" id=\"expressfaq\">Preguntas frecuentes<\/h2>\n\n\n\n<p>Si las FAQ no responden a su pregunta, env\u00edenos un correo electr\u00f3nico a <a href=\"mailto:stsb@k12.hi.us\" target=\"_blank\" rel=\"noreferrer noopener\">stsb@k12.hi.us<\/a>. Tenga en cuenta que las respuestas pueden tardar en funci\u00f3n del volumen de preguntas recibidas.<\/p>\n\n\n\n<details class=\"wp-block-details is-layout-flow wp-block-details-is-layout-flow\"><summary>\u00bfPor cu\u00e1nto tiempo son v\u00e1lidos los pases?<\/summary>\n<p>Los pases ser\u00e1n v\u00e1lidos del 1 de agosto de 2025 al 31 de mayo de 2026.<\/p>\n<\/details>\n\n\n\n<details class=\"wp-block-details is-layout-flow wp-block-details-is-layout-flow\"><summary>\u00bfPuedo solicitar un pase de autob\u00fas del condado y un pase de autob\u00fas escolar regular?<\/summary>\n<p>Los estudiantes de HIDOE s\u00f3lo pueden utilizar una (1) opci\u00f3n de transporte a la vez. Si un estudiante tiene un pase de autob\u00fas escolar regular existente, tendr\u00e1 que interrumpir este servicio si decide solicitar un pase EXPRESS. Las solicitudes EXPRESS se aprobar\u00e1n anualmente (una vez por a\u00f1o escolar).  Si un alumno decide cancelar su pase EXPRESS en cualquier momento, no podr\u00e1 volver a solicitarlo durante el resto del curso escolar debido a las restricciones de compra.<\/p>\n<\/details>\n\n\n\n<details class=\"wp-block-details is-layout-flow wp-block-details-is-layout-flow\"><summary>\u00bfC\u00f3mo puedo saber qu\u00e9 ruta y parada de autob\u00fas utilizar?<\/summary>\n<p>Comun\u00edquese con el servicio de atenci\u00f3n al cliente de la oficina de transporte del condado espec\u00edfico de la isla utilizando la informaci\u00f3n de contacto que se proporciona a continuaci\u00f3n.<\/p>\n<\/details>\n\n\n\n<details class=\"wp-block-details is-layout-flow wp-block-details-is-layout-flow\"><summary>En O\u02bbahu, \u00bfqu\u00e9 pasa si mi(s) hijo(s) ya tienen una tarjeta HOLO?<\/summary>\n<p>Los pases de estudiante que el Departamento est\u00e1 distribuyendo son independientes de las Tarjetas Holo Joven, pero funcionar\u00e1n igual que la Tarjeta Holo en TheBus y Skyline.<\/p>\n<\/details>\n\n\n\n<details class=\"wp-block-details is-layout-flow wp-block-details-is-layout-flow\"><summary>Va a reembolsar el Departamento de Educaci\u00f3n del Estado de Hawai\u02bbi a las familias los pases de autob\u00fas de la ciudad y del condado ya adquiridos?<\/summary>\n<p>No.<\/p>\n<\/details>\n\n\n\n<details class=\"wp-block-details is-layout-flow wp-block-details-is-layout-flow\"><summary>\u00bfCu\u00e1ntos viajes incluye el pase de autob\u00fas del condado?<\/summary>\n<p>Los pases mensuales incluyen viajes ilimitados por mes.<\/p>\n<\/details>\n\n\n\n<details class=\"wp-block-details is-layout-flow wp-block-details-is-layout-flow\"><summary>\u00bfC\u00f3mo se distribuir\u00e1n los pases de autob\u00fas?<\/summary>\n<p>La distribuci\u00f3n de pases variar\u00e1 seg\u00fan la isla:<\/p>\n\n\n\n<p><strong>Kauai:&nbsp;<\/strong>Los pases de autob\u00fas se distribuir\u00e1n a medida que est\u00e9n disponibles en la oficina de transporte p\u00fablico del condado y se distribuir\u00e1n a las escuelas antes del primero del mes siguiente.<\/p>\n\n\n\n<p><strong>O&#039;ahu:&nbsp;<\/strong>Una vez revisada y aprobada la solicitud, las tarjetas HOLO se distribuir\u00e1n a las escuelas y estar\u00e1n disponibles para su recogida en un plazo de 10 a 14 d\u00edas laborables. Los plazos de entrega pueden variar debido al gran volumen. Le rogamos que lo tenga en cuenta.<\/p>\n\n\n\n<p><strong>Maui:&nbsp;<\/strong>Actualmente, el servicio de ruta fija de Maui Bus permite que los estudiantes de 24 a\u00f1os o menos con una identificaci\u00f3n v\u00e1lida viajen gratis. Los estudiantes deben presentar su identificaci\u00f3n v\u00e1lida al conductor al ingresar al autob\u00fas de ruta fija.<\/p>\n\n\n\n<p><strong>Isla de Haw\u00e1i:&nbsp;<\/strong>Actualmente, el transporte en autob\u00fas del condado de Hele-On es gratuito hasta diciembre de 2025. No hay pases disponibles para distribuci\u00f3n.<\/p>\n<\/details>\n\n\n\n<details class=\"wp-block-details is-layout-flow wp-block-details-is-layout-flow\"><summary>\u00bfQu\u00e9 pasa si mi pase de autob\u00fas del condado se pierde, me lo roban o se da\u00f1a?<\/summary>\n<p><strong>Para Kauai<\/strong><br>Debido a la naturaleza del pase mensual, solo se emite un pase por estudiante. En caso de p\u00e9rdida o robo, el estudiante deber\u00e1 esperar hasta el mes siguiente para recibir uno nuevo.<\/p>\n\n\n\n<p><strong>Para tarjetas HOLO perdidas o robadas (solo O&#039;ahu)<\/strong><br><em>Opci\u00f3n 1:<\/em>&nbsp;Para un reemplazo en l\u00ednea \u2014 <a href=\"https:\/\/www.thebus.org\/Fare\/YouthFare_submitFormNew.asp\" target=\"_blank\" rel=\"noreferrer noopener\">Formulario de reemplazo de tarjeta expr\u00e9s del DOE<\/a><br>Los reemplazos son gratuitos y se enviar\u00e1n por correo en 5 a 7 d\u00edas h\u00e1biles.<\/p>\n\n\n\n<p><em>Opci\u00f3n 2:<\/em> Dir\u00edjase a la Oficina de Pases de Tr\u00e1nsito (en Kalihi Transit Center, esquina de Middle Street y Kamehameha Hwy) entre las 7:30 a. m. y las 4 p. m., de lunes a viernes (excepto los feriados de la ciudad).<br>Las tarjetas de reemplazo cuestan $2 cada una en la Oficina de Pases de Tr\u00e1nsito. Se recomienda llegar antes de las 3:00 p. m. en caso de que haya fila.<\/p>\n<\/details>\n\n\n\n<details class=\"wp-block-details is-layout-flow wp-block-details-is-layout-flow\"><summary>\u00bfSe puede utilizar el pase de autob\u00fas del condado para servicios ADA y\/o Paratransit?<\/summary>\n<p>Los pases de autob\u00fas del condado para los servicios ADA y Paratransit no est\u00e1n incluidos en este programa. Visite el sitio web del Departamento&nbsp;<a href=\"https:\/\/hawaiipublicschools.org\/es\/school-services\/what-is-special-education\/\" target=\"_blank\" rel=\"noreferrer noopener\">P\u00e1gina web de educaci\u00f3n especial<\/a>&nbsp;Para obtener m\u00e1s informaci\u00f3n sobre las opciones de transporte.<\/p>\n<\/details>\n\n\n\n<details class=\"wp-block-details is-layout-flow wp-block-details-is-layout-flow\"><summary>\u00bfLos pases regulares de autob\u00fas escolar tambi\u00e9n son gratuitos?<\/summary>\n<p>Los requisitos de elegibilidad para un pase de autob\u00fas escolar gratuito no han cambiado. Consulte la <a href=\"https:\/\/hawaiipublicschools.org\/es\/DOE%20Forms\/Transportation\/SY24-25%20School%20Bus%20Handbook.pdf\/\" target=\"_blank\" rel=\"noreferrer noopener\">manual de solicitud de transporte en autob\u00fas escolar<\/a> Para m\u00e1s informaci\u00f3n.<\/p>\n<\/details>\n\n\n\n<details class=\"wp-block-details is-layout-flow wp-block-details-is-layout-flow\"><summary>\u00bfPuedo ir a la oficina de transporte del condado para recoger mi pase de estudiante?<\/summary>\n<p>No, los pases de autob\u00fas iniciales se distribuir\u00e1n en la oficina de la escuela. Consulte el procedimiento de tarjeta \u201cperdida\/robada\/da\u00f1ada\u201d que se encuentra m\u00e1s arriba para obtener informaci\u00f3n sobre c\u00f3mo reemplazar las tarjetas.<\/p>\n<\/details>\n\n\n\n<details class=\"wp-block-details is-layout-flow wp-block-details-is-layout-flow\"><summary>\u00bfQu\u00e9 pasar\u00eda si solicitamos un pase de autob\u00fas del condado y luego cambiamos de opini\u00f3n?<\/summary>\n<p>Las solicitudes EXPRESS se aprobar\u00e1n anualmente. Elija la opci\u00f3n adecuada para su estudiante, ya que no podr\u00e1 cambiar su tipo de pase durante el resto del a\u00f1o. Si decide cancelar su pase EXPRESS existente para obtener un pase de autob\u00fas escolar, no podr\u00e1 restablecerlo durante el resto del a\u00f1o escolar.<\/p>\n<\/details>\n\n\n\n<h2 class=\"wp-block-heading\">INFORMACI\u00d3N SOBRE LOS AUTOBUSES DEL CONDADO<\/h2>\n\n\n\n<p><strong>Kauai<\/strong><br>Sitio web: <a href=\"https:\/\/www.kauai.gov\/Transportation\" target=\"_blank\" rel=\"noreferrer noopener\">https:\/\/www.kauai.gov\/Transportation<\/a><\/p>\n\n\n\n<ul class=\"wp-block-list\">\n<li>Horarios de autobuses: <a href=\"https:\/\/www.kauai.gov\/BusSchedules\" target=\"_blank\" rel=\"noreferrer noopener\">https:\/\/www.kauai.gov\/BusSchedules&nbsp;<\/a><\/li>\n\n\n\n<li>Normas de conducci\u00f3n\/Informaci\u00f3n de seguridad: <a href=\"https:\/\/www.kauai.gov\/Government\/Departments-Agencies\/Transportation\/Carry-On-Items-Prohibited-Activities\" target=\"_blank\" rel=\"noreferrer noopener\">https:\/\/www.kauai.gov\/Government\/Departments-Agencies\/Transportation\/Carry-On-Items-Prohibited-Activities<\/a><\/li>\n<\/ul>\n\n\n\n<p>Tel\u00e9fono: (808) 246-8110<br>Correo electr\u00f3nico: <a href=\"mailto:thekauaibus@kauai.gov\" target=\"_blank\" rel=\"noreferrer noopener\">thekauaibus@kauai.gov<\/a>&nbsp;<br>Descargar la aplicaci\u00f3n: <a href=\"http:\/\/www.thekauaibus.com\/\" target=\"_blank\" rel=\"noreferrer noopener\">Rastreador de autobuses de Kauai<\/a><\/p>\n\n\n\n<p><strong>O&#039;ahu<\/strong><br>Sitio web: <a href=\"https:\/\/www.thebus.org\/\" target=\"_blank\" rel=\"noreferrer noopener\">https:\/\/www.thebus.org<\/a><\/p>\n\n\n\n<ul class=\"wp-block-list\">\n<li>Para comprar una tarjeta HOLO Joven:&nbsp; <a href=\"https:\/\/www.thebus.org\/Fare\/YouthFare_submitFormNew.asp\" target=\"_blank\" rel=\"noreferrer noopener\">https:\/\/www.thebus.org\/Fare\/YouthFare_submitFormNew.asp<\/a><\/li>\n\n\n\n<li>Horarios de autobuses: <a href=\"https:\/\/www.thebus.org\/Route\/Routes.asp\" target=\"_blank\" rel=\"noreferrer noopener\">https:\/\/www.thebus.org\/Route\/Routes.asp<\/a><\/li>\n\n\n\n<li>Planifique su viaje: <a href=\"https:\/\/www.thebus.org\/PlanYourTrip.asp\" target=\"_blank\" rel=\"noreferrer noopener\">https:\/\/www.thebus.org\/PlanYourTrip.asp<\/a><\/li>\n\n\n\n<li>Normas de conducci\u00f3n\/Informaci\u00f3n de seguridad: <a href=\"https:\/\/www.thebus.org\/howtoride\/RulesReg.asp?l=\" target=\"_blank\" rel=\"noreferrer noopener\">https:\/\/www.thebus.org\/howtoride\/RulesReg.asp?l=<\/a><\/li>\n<\/ul>\n\n\n\n<p>Tel\u00e9fono: (808) 768-4656 (HOLO)<br>Tel\u00e9fono: (808) 848-5555, ext 5 (Servicio de atenci\u00f3n al cliente de TheBus)<br>Correo electr\u00f3nico: <a href=\"mailto:info@holocard.net\" target=\"_blank\" rel=\"noreferrer noopener\">info@holocard.net<\/a><br>Descargue la aplicaci\u00f3n: HEA-TheBus (disponible en iOS y Android)<\/p>\n\n\n\n<p><strong>Maui<\/strong><br>Sitio web: <a href=\"https:\/\/www.mauicounty.gov\/605\/Bus-Service-Schedule-Information\" target=\"_blank\" rel=\"noreferrer noopener\">https:\/\/www.mauicounty.gov\/605\/Bus-Service-Schedule-Information<\/a><\/p>\n\n\n\n<ul class=\"wp-block-list\">\n<li>Seguimiento de autobuses: <a href=\"https:\/\/mauibus.org\/\" target=\"_blank\" rel=\"noreferrer noopener\">https:\/\/mauibus.org\/<\/a><\/li>\n\n\n\n<li>Normas de conducci\u00f3n\/Informaci\u00f3n de seguridad: <a href=\"https:\/\/www.mauicounty.gov\/606\/Bus-Rules\" target=\"_blank\" rel=\"noreferrer noopener\">https:\/\/www.mauicounty.gov\/606\/Bus-Rules<\/a><\/li>\n<\/ul>\n\n\n\n<p>Tel\u00e9fono: (808) 871-7651<br>Correo electr\u00f3nico: <a href=\"mailto:public.transit@mauicounty.gov\" target=\"_blank\" rel=\"noreferrer noopener\">public.transit@mauicounty.gov<\/a><br>Descargar la aplicaci\u00f3n: <a href=\"https:\/\/mauibus.org\/\" target=\"_blank\" rel=\"noreferrer noopener\">https:\/\/mauibus.org\/<\/a><\/p>\n\n\n\n<p><strong>Isla de Haw\u00e1i<\/strong><br>Sitio web: <a href=\"https:\/\/www.heleonbus.hawaiicounty.gov\/\" target=\"_blank\" rel=\"noreferrer noopener\">https:\/\/www.heleonbus.hawaiicounty.gov\/<\/a><\/p>\n\n\n\n<ul class=\"wp-block-list\">\n<li>Horarios de autobuses: <a href=\"http:\/\/www.heleonbus.hawaiicounty.gov\/getting-around\/bus-schedules-and-maps\" target=\"_blank\" rel=\"noreferrer noopener\">http:\/\/www.heleonbus.hawaiicounty.gov\/getting-around\/bus-schedules-and-maps<\/a><\/li>\n\n\n\n<li>Normas de conducci\u00f3n\/Informaci\u00f3n de seguridad:&nbsp; <a href=\"https:\/\/www.heleonbus.hawaiicounty.gov\/getting-around\/riding-on-hele-on-buses\" target=\"_blank\" rel=\"noreferrer noopener\">https:\/\/www.heleonbus.hawaiicounty.gov\/getting-around\/riding-on-hele-on-buses<\/a><\/li>\n<\/ul>\n\n\n\n<p>Tel\u00e9fono: (808) 961-8744, opci\u00f3n 1<br>Correo electr\u00f3nico: <a href=\"mailto:heleonbus@hawaiicounty.gov\" target=\"_blank\" rel=\"noreferrer noopener\">heleonbus@hawaiicounty.gov<\/a><\/p>\n\n\n\n<p><\/p>","protected":false},"excerpt":{"rendered":"<p>Con la continua tendencia a la baja de conductores de autobuses escolares cualificados disponibles, el Departamento de Educaci\u00f3n del Estado de Haw\u00e1i (Departamento) ha seguido asoci\u00e1ndose con los cuatro condados en un esfuerzo de colaboraci\u00f3n para proporcionar opciones de transporte para los estudiantes de HIDOE. El programa EXPRESS -que significa Expanding Ridership to Educate Students in Schools- se puso a prueba en el a\u00f1o escolar 2022-23 [...]<\/p>","protected":false},"author":8,"featured_media":0,"parent":59,"menu_order":14,"comment_status":"closed","ping_status":"closed","template":"","meta":{"_relevanssi_hide_post":"","_relevanssi_hide_content":"","_relevanssi_pin_for_all":"","_relevanssi_pin_keywords":"","_relevanssi_unpin_keywords":"","_relevanssi_related_keywords":"","_relevanssi_related_include_ids":"","_relevanssi_related_exclude_ids":"","_relevanssi_related_no_append":"","_relevanssi_related_not_related":"","_relevanssi_related_posts":"9881,10115,10895,10921,14108,9968","_relevanssi_noindex_reason":"","_sitemap_exclude":false,"_sitemap_priority":"","_sitemap_frequency":"","_kad_blocks_custom_css":"","_kad_blocks_head_custom_js":"","_kad_blocks_body_custom_js":"","_kad_blocks_footer_custom_js":"","wp_popup_display_lightbox":0,"wp_popup_suppress":"","wp_popup_trigger":"","wp_popup_trigger_amount":0,"wp_popup_disable_on_mobile":false,"footnotes":""},"class_list":["post-67","page","type-page","status-publish","hentry"],"pp_statuses_selecting_workflow":false,"pp_workflow_action":"current","pp_status_selection":"publish","taxonomy_info":[],"featured_image_src_large":false,"author_info":{"display_name":"Ariana Enomoto","author_link":"https:\/\/hawaiipublicschools.org\/es\/author\/arianastaceyleong-com\/"},"comment_info":0,"publishpress_future_action":{"enabled":false,"date":"2026-04-14 16:43:53","action":"change-status","newStatus":"draft","terms":[],"taxonomy":"","extraData":[]},"publishpress_future_workflow_manual_trigger":{"enabledWorkflows":[]},"_links":{"self":[{"href":"https:\/\/hawaiipublicschools.org\/es\/wp-json\/wp\/v2\/pages\/67","targetHints":{"allow":["GET"]}}],"collection":[{"href":"https:\/\/hawaiipublicschools.org\/es\/wp-json\/wp\/v2\/pages"}],"about":[{"href":"https:\/\/hawaiipublicschools.org\/es\/wp-json\/wp\/v2\/types\/page"}],"author":[{"embeddable":true,"href":"https:\/\/hawaiipublicschools.org\/es\/wp-json\/wp\/v2\/users\/8"}],"replies":[{"embeddable":true,"href":"https:\/\/hawaiipublicschools.org\/es\/wp-json\/wp\/v2\/comments?post=67"}],"version-history":[{"count":0,"href":"https:\/\/hawaiipublicschools.org\/es\/wp-json\/wp\/v2\/pages\/67\/revisions"}],"up":[{"embeddable":true,"href":"https:\/\/hawaiipublicschools.org\/es\/wp-json\/wp\/v2\/pages\/59"}],"wp:attachment":[{"href":"https:\/\/hawaiipublicschools.org\/es\/wp-json\/wp\/v2\/media?parent=67"}],"curies":[{"name":"wp","href":"https:\/\/api.w.org\/{rel}","templated":true}]}}