{"id":65,"date":"2024-09-04T22:35:58","date_gmt":"2024-09-04T22:35:58","guid":{"rendered":"https:\/\/hawaiipublicschools.org\/?page_id=65"},"modified":"2025-03-12T15:57:22","modified_gmt":"2025-03-13T01:57:22","slug":"transcript-requests","status":"publish","type":"page","link":"https:\/\/hawaiipublicschools.org\/es\/school-services\/transcript-requests\/","title":{"rendered":"Solicitudes de transcripci\u00f3n"},"content":{"rendered":"<h2 class=\"wp-block-heading\">C\u00f3mo solicitar transcripciones <\/h2>\n\n\n\n<ul class=\"wp-block-list\">\n<li>Comun\u00edquese con la \u00faltima escuela a la que asisti\u00f3 en Haw\u00e1i. Es posible que la escuela le pida que complete su propio formulario de solicitud personalizado. Preg\u00fantele a la escuela cu\u00e1nto le cobrar\u00e1n por el expediente acad\u00e9mico y c\u00f3mo realizar el pago.<\/li>\n\n\n\n<li>Indique su nombre, fecha de nacimiento, \u00faltimo grado al que asisti\u00f3 en la escuela y el \u00faltimo a\u00f1o en que asisti\u00f3. Si est\u00e1 casado, indique su apellido de soltera. Indique tambi\u00e9n cualquier nombre anterior o variantes ortogr\u00e1ficas de su nombre.<\/li>\n\n\n\n<li>Se indicar\u00e1 una \u201ccopia del estudiante\u201d en la transcripci\u00f3n si se env\u00eda a una direcci\u00f3n que no es una instituci\u00f3n educativa de buena fe.<\/li>\n<\/ul>\n\n\n\n<h2 class=\"wp-block-heading\">C\u00f3mo obtener una transcripci\u00f3n para un GED<\/h2>\n\n\n\n<p>Env\u00ede su solicitud con la siguiente informaci\u00f3n al centro de ex\u00e1menes donde recibi\u00f3 su Diploma de Educaci\u00f3n General (GED). Los ex\u00e1menes se administran en el Departamento de Educaci\u00f3n del Estado de Haw\u00e1i. <a href=\"\/es\/academics\/adult-ed\/\" data-type=\"page\" data-id=\"34\" target=\"_blank\" rel=\"noreferrer noopener\">Escuelas de educaci\u00f3n de adultos<\/a>\u200b.<\/p>\n\n\n\n<ul class=\"wp-block-list\">\n<li>Nombre legal y\/o nombre tal como aparece en sus registros.<\/li>\n\n\n\n<li>Direcci\u00f3n a donde debe enviarse la transcripci\u00f3n.<\/li>\n\n\n\n<li>Motivo de la solicitud.<\/li>\n\n\n\n<li>Nombre del sitio o escuela donde se tom\u00f3 el examen GED.<\/li>\n\n\n\n<li>A\u00f1o aproximado de finalizaci\u00f3n.<\/li>\n\n\n\n<li>Fecha de nacimiento.<\/li>\n\n\n\n<li>N\u00famero de seguro social (esta informaci\u00f3n adicional ayudar\u00e1 en la b\u00fasqueda).<\/li>\n\n\n\n<li>Firma del solicitante que autoriza la divulgaci\u00f3n de informaci\u00f3n privada.<\/li>\n<\/ul>\n\n\n\n<h3 class=\"wp-block-heading\">Solicitudes de verificaci\u00f3n de GED<\/h3>\n\n\n\n<p>Las solicitudes de verificaci\u00f3n de GED realizadas por los proveedores de verificaci\u00f3n se pueden enviar a los respectivos <a href=\"\/es\/academics\/adult-ed\/\" data-type=\"page\" data-id=\"34\" target=\"_blank\" rel=\"noreferrer noopener\">Escuela de Educaci\u00f3n de Adultos<\/a> que el individuo asisti\u00f3.<\/p>\n\n\n\n<p><\/p>","protected":false},"excerpt":{"rendered":"<p>how to request Transcripts Getting a Transcript for a GED Mail your request with the following information to the test center where you received your General Education Dipl\u200boma (GED). Tests are administered at the Hawai\u02bbi State Department of Education\u2019s Adult Education schools\u200b. GED Verification Requests GED verification requests made by verification vendors can be sent [&hellip;]<\/p>","protected":false},"author":8,"featured_media":0,"parent":59,"menu_order":26,"comment_status":"closed","ping_status":"closed","template":"","meta":{"_relevanssi_hide_post":"","_relevanssi_hide_content":"","_relevanssi_pin_for_all":"","_relevanssi_pin_keywords":"","_relevanssi_unpin_keywords":"","_relevanssi_related_keywords":"","_relevanssi_related_include_ids":"","_relevanssi_related_exclude_ids":"","_relevanssi_related_no_append":"","_relevanssi_related_not_related":"","_relevanssi_related_posts":"","_relevanssi_noindex_reason":"","_sitemap_exclude":false,"_sitemap_priority":"","_sitemap_frequency":"","_kad_blocks_custom_css":"","_kad_blocks_head_custom_js":"","_kad_blocks_body_custom_js":"","_kad_blocks_footer_custom_js":"","wp_popup_display_lightbox":0,"wp_popup_suppress":"","wp_popup_trigger":"","wp_popup_trigger_amount":0,"wp_popup_disable_on_mobile":false,"footnotes":""},"class_list":["post-65","page","type-page","status-publish","hentry"],"pp_statuses_selecting_workflow":false,"pp_workflow_action":"current","pp_status_selection":"publish","taxonomy_info":[],"featured_image_src_large":false,"author_info":{"display_name":"Ariana Enomoto","author_link":"https:\/\/hawaiipublicschools.org\/es\/author\/arianastaceyleong-com\/"},"comment_info":0,"publishpress_future_action":{"enabled":false,"date":"2026-05-08 00:02:33","action":"change-status","newStatus":"draft","terms":[],"taxonomy":"","extraData":[]},"publishpress_future_workflow_manual_trigger":{"enabledWorkflows":[]},"_links":{"self":[{"href":"https:\/\/hawaiipublicschools.org\/es\/wp-json\/wp\/v2\/pages\/65","targetHints":{"allow":["GET"]}}],"collection":[{"href":"https:\/\/hawaiipublicschools.org\/es\/wp-json\/wp\/v2\/pages"}],"about":[{"href":"https:\/\/hawaiipublicschools.org\/es\/wp-json\/wp\/v2\/types\/page"}],"author":[{"embeddable":true,"href":"https:\/\/hawaiipublicschools.org\/es\/wp-json\/wp\/v2\/users\/8"}],"replies":[{"embeddable":true,"href":"https:\/\/hawaiipublicschools.org\/es\/wp-json\/wp\/v2\/comments?post=65"}],"version-history":[{"count":0,"href":"https:\/\/hawaiipublicschools.org\/es\/wp-json\/wp\/v2\/pages\/65\/revisions"}],"up":[{"embeddable":true,"href":"https:\/\/hawaiipublicschools.org\/es\/wp-json\/wp\/v2\/pages\/59"}],"wp:attachment":[{"href":"https:\/\/hawaiipublicschools.org\/es\/wp-json\/wp\/v2\/media?parent=65"}],"curies":[{"name":"wp","href":"https:\/\/api.w.org\/{rel}","templated":true}]}}