{"id":551,"date":"2024-09-13T03:18:47","date_gmt":"2024-09-13T03:18:47","guid":{"rendered":"https:\/\/hawaiipublicschools.org\/?page_id=551"},"modified":"2026-01-20T16:29:30","modified_gmt":"2026-01-21T02:29:30","slug":"brand-guidelines","status":"publish","type":"page","link":"https:\/\/hawaiipublicschools.org\/es\/useful-links\/policies\/brand-guidelines\/","title":{"rendered":"Pautas de la marca"},"content":{"rendered":"<h2 class=\"wp-block-heading\">Alcance<\/h2>\n\n\n\n<p>Building and maintaining the Hawai\u02bbi State Department of Education&#8217;s (HIDOE) identity requires a consistent approach to the use of brand concepts and design across our system. These guidelines are meant to provide guidance and identification of the Department\u2019s brand on all published and online media. It covers appropriate usage of the HIDOE logo and signature to maintain its authenticity and integrity. It does not cover guidelines for Hawai\u02bbi\u2019s public school logos. <\/p>\n\n\n\n<h2 class=\"wp-block-heading\">Nombre<\/h2>\n\n\n\n<p>Para evitar confusiones entre el estado de Haw\u00e1i, la isla de Haw\u00e1i y el Departamento de Educaci\u00f3n federal, utilice primero el nombre completo como referencia: Departamento de Educaci\u00f3n del Estado de Haw\u00e1i. Incluya su acr\u00f3nimo, HIDOE, entre par\u00e9ntesis si se utilizar\u00e1 m\u00e1s adelante en el texto. En referencias posteriores, utilice HIDOE o el Departamento.&nbsp;<\/p>\n\n\n\n<h2 class=\"wp-block-heading\">Logo<\/h2>\n\n\n\n<p>The Department\u2019s official logo features the Hawaiian islands in green and an open book, encircled by a golden inner ring, golden lettering and a golden outer ring. A black-and-white version is also available.<\/p>\n\n\n\n<p>The logo may not:<\/p>\n\n\n\n<ul class=\"wp-block-list\">\n<li>Be stretched, distorted, rotated or altered in orientation.<\/li>\n\n\n\n<li>Contain modified artwork, colors or fonts.<\/li>\n\n\n\n<li>Be placed in a box or frame or over a complex background.<\/li>\n\n\n\n<li>Haga que se ejecuten tipos o gr\u00e1ficos sobre \u00e9l.<\/li>\n\n\n\n<li>Include drop shadows or have other filters applied to it.<\/li>\n\n\n\n<li>Be smaller than 5\/8 inch on promotional items and in printed publications, or enlarged to a size that compromises its graphic integrity.<\/li>\n<\/ul>\n\n\n\n<p>The logo may be used alone or with text, as long as ample clear space is maintained to ensure a clean, uncluttered appearance. Do not wrap text around the logo; text may be placed beside or below it with proper spacing.<\/p>\n\n\n\n<h2 class=\"wp-block-heading\">Limitaciones<\/h2>\n\n\n\n<p>Submit requests for use of the logo and any questions regarding proper use to the Hawai\u2018i State Department of Education, Attention: Communications Branch, P.O. Box 2360, Honolulu, HI 96804 or <a href=\"mailto:doeinfo@k12.hi.us\">correo electr\u00f3nico<\/a>. Por favor, facilite la siguiente informaci\u00f3n:<\/p>\n\n\n\n<ol class=\"wp-block-list\">\n<li>Logotipo a utilizar.<\/li>\n\n\n\n<li>C\u00f3mo se utilizar\u00e1 el logotipo.<\/li>\n\n\n\n<li>Audiencia y distribuci\u00f3n del producto en el cual se utilizar\u00e1 el logotipo.<\/li>\n\n\n\n<li>La relaci\u00f3n del Departamento con la organizaci\u00f3n o evento.<\/li>\n<\/ol>\n\n\n\n<p>The logo should not be used in any way likely to give the impression of official Department approval or affiliation with any non-HIDOE business, product or activity.<\/p>\n\n\n\n<p>La descripci\u00f3n y el uso del gran sello del Estado de Haw\u00e1i o el escudo de armas del Estado est\u00e1n restringidos por ley y regidos por <a href=\"https:\/\/www.capitol.hawaii.gov\/hrscurrent\/Vol01_Ch0001-0042F\/HRS0005\/HRS_0005-0006.htm\" target=\"_blank\" rel=\"noreferrer noopener\">Secci\u00f3n 5-6, Estatutos Revisados de Haw\u00e1i<\/a>.<\/p>\n\n\n\n<p><strong>\u00a75-6&nbsp; Seal; commercial use.<\/strong> Whoever uses any representation of the great seal or the coat of arms of the State in any advertisement or for any commercial purpose or in any manner likely to give the impression of official State approval shall be guilty of a misdemeanor.&nbsp;The preceding sentence shall not be construed to apply to the use of the seal or the coat of arms in any newspaper, periodical, book or pamphlet wherein the seal or coat of arms is printed for informational purposes only. [L 1967, c 86, \u00a71; HRS \u00a75-6]<\/p>\n\n\n\n<p><\/p>","protected":false},"excerpt":{"rendered":"<p>Scope Building and maintaining the Hawai\u02bbi State Department of Education&#8217;s (HIDOE) identity requires a consistent approach to the use of brand concepts and design across our system. These guidelines are meant to provide guidance and identification of the Department\u2019s brand on all published and online media. It covers appropriate usage of the HIDOE logo and [&hellip;]<\/p>","protected":false},"author":8,"featured_media":0,"parent":148,"menu_order":23,"comment_status":"closed","ping_status":"closed","template":"","meta":{"_relevanssi_hide_post":"","_relevanssi_hide_content":"","_relevanssi_pin_for_all":"","_relevanssi_pin_keywords":"","_relevanssi_unpin_keywords":"","_relevanssi_related_keywords":"","_relevanssi_related_include_ids":"","_relevanssi_related_exclude_ids":"","_relevanssi_related_no_append":"","_relevanssi_related_not_related":"","_relevanssi_related_posts":"10227,9771,888,9867,9784,9968","_relevanssi_noindex_reason":"","_sitemap_exclude":false,"_sitemap_priority":"","_sitemap_frequency":"","_kad_blocks_custom_css":"","_kad_blocks_head_custom_js":"","_kad_blocks_body_custom_js":"","_kad_blocks_footer_custom_js":"","wp_popup_display_lightbox":0,"wp_popup_suppress":"","wp_popup_trigger":"","wp_popup_trigger_amount":0,"wp_popup_disable_on_mobile":false,"footnotes":""},"class_list":["post-551","page","type-page","status-publish","hentry"],"pp_statuses_selecting_workflow":false,"pp_workflow_action":"current","pp_status_selection":"publish","taxonomy_info":[],"featured_image_src_large":false,"author_info":{"display_name":"Ariana Enomoto","author_link":"https:\/\/hawaiipublicschools.org\/es\/author\/arianastaceyleong-com\/"},"comment_info":0,"publishpress_future_action":{"enabled":false,"date":"2026-04-20 04:38:13","action":"change-status","newStatus":"draft","terms":[],"taxonomy":"","extraData":[]},"publishpress_future_workflow_manual_trigger":{"enabledWorkflows":[]},"_links":{"self":[{"href":"https:\/\/hawaiipublicschools.org\/es\/wp-json\/wp\/v2\/pages\/551","targetHints":{"allow":["GET"]}}],"collection":[{"href":"https:\/\/hawaiipublicschools.org\/es\/wp-json\/wp\/v2\/pages"}],"about":[{"href":"https:\/\/hawaiipublicschools.org\/es\/wp-json\/wp\/v2\/types\/page"}],"author":[{"embeddable":true,"href":"https:\/\/hawaiipublicschools.org\/es\/wp-json\/wp\/v2\/users\/8"}],"replies":[{"embeddable":true,"href":"https:\/\/hawaiipublicschools.org\/es\/wp-json\/wp\/v2\/comments?post=551"}],"version-history":[{"count":0,"href":"https:\/\/hawaiipublicschools.org\/es\/wp-json\/wp\/v2\/pages\/551\/revisions"}],"up":[{"embeddable":true,"href":"https:\/\/hawaiipublicschools.org\/es\/wp-json\/wp\/v2\/pages\/148"}],"wp:attachment":[{"href":"https:\/\/hawaiipublicschools.org\/es\/wp-json\/wp\/v2\/media?parent=551"}],"curies":[{"name":"wp","href":"https:\/\/api.w.org\/{rel}","templated":true}]}}