{"id":50,"date":"2024-09-04T22:26:13","date_gmt":"2024-09-04T22:26:13","guid":{"rendered":"https:\/\/hawaiipublicschools.org\/?page_id=50"},"modified":"2026-04-16T09:30:27","modified_gmt":"2026-04-16T19:30:27","slug":"sped-federal-and-state-regulations","status":"publish","type":"page","link":"https:\/\/hawaiipublicschools.org\/es\/school-services\/sped-federal-and-state-regulations\/","title":{"rendered":"Reglamentos federales y estatales"},"content":{"rendered":"<p class=\"intro\" style=\"font-size:clamp(0.875rem, 0.875rem + ((1vw - 0.2rem) * 0.531), 1.3rem);\">Esta colecci\u00f3n de regulaciones federales y estatales de Haw\u00e1i le proporciona informaci\u00f3n importante sobre las leyes y protecciones de la educaci\u00f3n especial.<\/p>\n\n\n\n<h2 class=\"wp-block-heading\">Leyes y reglamentos federales<\/h2>\n\n\n\n<ul class=\"wp-block-list\">\n<li><a href=\"https:\/\/sites.ed.gov\/idea\/\" target=\"_blank\" rel=\"noreferrer noopener\">Ley de Educaci\u00f3n para Individuos con Discapacidades (IDEA) del Departamento de Educaci\u00f3n de los EE. UU.<\/a><\/li>\n\n\n\n<li><a href=\"https:\/\/sites.ed.gov\/idea\/building-the-legacy-idea-2004\/\" target=\"_blank\" rel=\"noreferrer noopener\">IDEAs que funcionan: Construyendo el legado: IDEA 2004<\/a><\/li>\n\n\n\n<li><a href=\"https:\/\/www2.ed.gov\/about\/offices\/list\/osers\/index.html\" target=\"_blank\" rel=\"noreferrer noopener\">Oficina de Servicios de Rehabilitaci\u00f3n de Educaci\u00f3n Especial (OSERS)<\/a>)<\/li>\n\n\n\n<li><a href=\"https:\/\/studentprivacy.ed.gov\/ferpa\" target=\"_blank\" rel=\"noreferrer noopener\">Ley de Derechos Educativos y Privacidad de la Familia (FERPA)<\/a><\/li>\n<\/ul>\n\n\n\n<h2 class=\"wp-block-heading\">Leyes y reglamentos del estado de Haw\u00e1i<\/h2>\n\n\n\n<ul class=\"wp-block-list\">\n<li><a href=\"\/es\/DOE%20Forms\/Special%20Education\/Procedural%20Safeguards\/ProceduralSafeguards.pdf\/\">Aviso de garant\u00edas procesales de Hawai\u02bbi<\/a> (PDF)<\/li>\n\n\n\n<li><a href=\"https:\/\/www2.ed.gov\/policy\/speced\/guid\/idea\/procedural-safeguards-q-a.pdf\" target=\"_blank\" rel=\"noreferrer noopener\">Preguntas y respuestas sobre garant\u00edas procesales y procedimientos de debido proceso (PDF)<\/a><\/li>\n\n\n\n<li><a href=\"https:\/\/boe.hawaii.gov\/wp-content\/uploads\/2024\/07\/60-Provision-of-a-Free-Appropriate-Public-Education-for-a-Student-with-a-Disability.pdf\" target=\"_blank\" rel=\"noreferrer noopener\">Reglas Administrativas de Hawai, Cap\u00edtulo 60<\/a><\/li>\n\n\n\n<li><a href=\"\/es\/DOE%20Forms\/Special%20Education\/Ch60Guidelines.pdf\/\" target=\"_blank\" rel=\"noreferrer noopener\">Normas administrativas de Hawai, Cap\u00edtulo 60 Directrices (PDF)<\/a><\/li>\n<\/ul>\n\n\n\n<p><\/p>","protected":false},"excerpt":{"rendered":"<p>Esta recopilaci\u00f3n de normativas federales y estatales de Hawai le proporciona informaci\u00f3n importante sobre las leyes y protecciones en materia de educaci\u00f3n especial. Leyes y reglamentos federales Leyes y reglamentos del estado de Hawai<\/p>","protected":false},"author":8,"featured_media":0,"parent":59,"menu_order":15,"comment_status":"closed","ping_status":"closed","template":"","meta":{"_relevanssi_hide_post":"","_relevanssi_hide_content":"","_relevanssi_pin_for_all":"","_relevanssi_pin_keywords":"","_relevanssi_unpin_keywords":"","_relevanssi_related_keywords":"","_relevanssi_related_include_ids":"","_relevanssi_related_exclude_ids":"","_relevanssi_related_no_append":"","_relevanssi_related_not_related":"","_relevanssi_related_posts":"16623,10149,9837,15997,10030,10101","_relevanssi_noindex_reason":"","_sitemap_exclude":false,"_sitemap_priority":"","_sitemap_frequency":"","_kad_blocks_custom_css":"","_kad_blocks_head_custom_js":"","_kad_blocks_body_custom_js":"","_kad_blocks_footer_custom_js":"","wp_popup_display_lightbox":0,"wp_popup_suppress":"","wp_popup_trigger":"","wp_popup_trigger_amount":0,"wp_popup_disable_on_mobile":false,"footnotes":""},"class_list":["post-50","page","type-page","status-publish","hentry"],"pp_statuses_selecting_workflow":false,"pp_workflow_action":"current","pp_status_selection":"publish","taxonomy_info":[],"featured_image_src_large":false,"author_info":{"display_name":"Ariana Enomoto","author_link":"https:\/\/hawaiipublicschools.org\/es\/author\/arianastaceyleong-com\/"},"comment_info":0,"publishpress_future_action":{"enabled":false,"date":"2026-04-28 05:15:41","action":"change-status","newStatus":"draft","terms":[],"taxonomy":"","extraData":[]},"publishpress_future_workflow_manual_trigger":{"enabledWorkflows":[]},"_links":{"self":[{"href":"https:\/\/hawaiipublicschools.org\/es\/wp-json\/wp\/v2\/pages\/50","targetHints":{"allow":["GET"]}}],"collection":[{"href":"https:\/\/hawaiipublicschools.org\/es\/wp-json\/wp\/v2\/pages"}],"about":[{"href":"https:\/\/hawaiipublicschools.org\/es\/wp-json\/wp\/v2\/types\/page"}],"author":[{"embeddable":true,"href":"https:\/\/hawaiipublicschools.org\/es\/wp-json\/wp\/v2\/users\/8"}],"replies":[{"embeddable":true,"href":"https:\/\/hawaiipublicschools.org\/es\/wp-json\/wp\/v2\/comments?post=50"}],"version-history":[{"count":1,"href":"https:\/\/hawaiipublicschools.org\/es\/wp-json\/wp\/v2\/pages\/50\/revisions"}],"predecessor-version":[{"id":19424,"href":"https:\/\/hawaiipublicschools.org\/es\/wp-json\/wp\/v2\/pages\/50\/revisions\/19424"}],"up":[{"embeddable":true,"href":"https:\/\/hawaiipublicschools.org\/es\/wp-json\/wp\/v2\/pages\/59"}],"wp:attachment":[{"href":"https:\/\/hawaiipublicschools.org\/es\/wp-json\/wp\/v2\/media?parent=50"}],"curies":[{"name":"wp","href":"https:\/\/api.w.org\/{rel}","templated":true}]}}