{"id":48,"date":"2024-09-04T22:25:40","date_gmt":"2024-09-04T22:25:40","guid":{"rendered":"https:\/\/hawaiipublicschools.org\/?page_id=48"},"modified":"2025-11-21T14:21:24","modified_gmt":"2025-11-22T00:21:24","slug":"does-my-child-have-a-disability-child-find","status":"publish","type":"page","link":"https:\/\/hawaiipublicschools.org\/es\/school-services\/does-my-child-have-a-disability-child-find\/","title":{"rendered":"\u00bfMi hijo necesita servicios de educaci\u00f3n especial?"},"content":{"rendered":"<p class=\"intro\" style=\"font-size:clamp(0.875rem, 0.875rem + ((1vw - 0.2rem) * 0.531), 1.3rem);\">Como padre o tutor, usted desea que su hijo prospere acad\u00e9mica, social y emocionalmente. Si sospecha que su hijo puede tener una discapacidad que afecta su aprendizaje o desarrollo, el Departamento est\u00e1 aqu\u00ed para brindarle apoyo durante el proceso de Child Find.<\/p>\n\n\n\n<h2 class=\"wp-block-heading\">\u00bfQU\u00c9 ES CHILD FIND?<\/h2>\n\n\n\n<p>Child Find es un esfuerzo estatal para identificar, localizar y evaluar a ni\u00f1os y j\u00f3venes que puedan tener una discapacidad y necesiten educaci\u00f3n especial y servicios relacionados. Este proceso garantiza que cada ni\u00f1o que necesite apoyo reciba asistencia para tener \u00e9xito.<\/p>\n\n\n\n<h3 class=\"wp-block-heading\">\u00bfCu\u00e1ndo se debe derivar a un ni\u00f1o a Child Find?<\/h3>\n\n\n\n<ul class=\"wp-block-list\">\n<li>La salud o condici\u00f3n m\u00e9dica de su hijo est\u00e1 interfiriendo con su desarrollo y\/o aprendizaje.<\/li>\n\n\n\n<li>Su hijo parece tener dificultades para ver o escuchar. Parece tener dificultades sociales, emocionales o de conducta que afectan su capacidad para aprender o interactuar con los dem\u00e1s.<\/li>\n\n\n\n<li>A su hijo se le ha diagnosticado una enfermedad progresiva o degenerativa que eventualmente interferir\u00e1 con su capacidad de aprender.<\/li>\n\n\n\n<li>Su hijo parece tener dificultades para comprender instrucciones como sus compa\u00f1eros.<\/li>\n\n\n\n<li>Ni los familiares ni los amigos entienden el habla de su hijo.<\/li>\n\n\n\n<li>Su hijo tiene dificultades con la lectura, la escritura, las matem\u00e1ticas u otras materias escolares.<\/li>\n<\/ul>\n\n\n\n<h3 class=\"wp-block-heading\">\u00bfC\u00f3mo se puede derivar a un ni\u00f1o?<\/h3>\n\n\n\n<ul class=\"wp-block-list\">\n<li>Comun\u00edquese con la escuela del vecindario (el lugar donde asiste su hijo o al que asistir\u00eda si no est\u00e1 en edad escolar) y solicite una evaluaci\u00f3n. Explique o escriba todas sus inquietudes que parezcan estar interfiriendo con su aprendizaje. La solicitud se puede realizar: En persona o por tel\u00e9fono.<\/li>\n\n\n\n<li>En una carta escrita, enviada por fax o correo electr\u00f3nico. O en el <a href=\"https:\/\/hawaiipublicschools.org\/wp-content\/uploads\/RequestForEvaluation.pdf\" data-type=\"attachment\" data-id=\"8059\">Formulario de solicitud de evaluaci\u00f3n del estado de Haw\u00e1i<\/a> (PDF) o obtenido de la escuela.&nbsp;&nbsp;<\/li>\n<\/ul>\n\n\n\n<h3 class=\"wp-block-heading\">\u00bfQu\u00e9 sucede despu\u00e9s de la derivaci\u00f3n?<\/h3>\n\n\n\n<ul class=\"wp-block-list\">\n<li>La escuela puede invitarlo a una reuni\u00f3n, compuesta por maestros, director u otro personal escolar que tenga conocimientos en el \u00e1rea en cuesti\u00f3n para discutir las inquietudes de su hijo.<\/li>\n\n\n\n<li>Un equipo revisa toda la informaci\u00f3n suya y\/o del docente (es decir, registros de estudiantes, calificaciones, puntajes de ex\u00e1menes, otros informes, etc.) para determinar si es necesaria una evaluaci\u00f3n y el tipo de evaluaci\u00f3n(es).<\/li>\n\n\n\n<li>La escuela responder\u00e1 dentro de 15 d\u00edas si se realizar\u00e1 o no una evaluaci\u00f3n. <\/li>\n\n\n\n<li>Se requerir\u00e1 el consentimiento de los padres para realizar una evaluaci\u00f3n. Usted y sus hijos tienen derechos en este proceso.<\/li>\n<\/ul>\n\n\n\n<h2 class=\"wp-block-heading\">FOLLETO DE ENCONTRAR NI\u00d1OS (IDIOMAS) <\/h2>\n\n\n\n<p>Los folletos est\u00e1n disponibles en diferentes idiomas. Descargue el documento PDF y visual\u00edcelo en Adobe Acrobat.&nbsp;<\/p>\n\n\n\n<div class=\"wp-block-columns is-layout-flex wp-container-core-columns-is-layout-28f84493 wp-block-columns-is-layout-flex\">\n<div class=\"wp-block-column is-layout-flow wp-block-column-is-layout-flow\">\n<ul class=\"wp-block-list\">\n<li><a href=\"\/wp-content\/uploads\/ChildFind.pdf\" target=\"_blank\" rel=\"noreferrer noopener\">Ingl\u00e9s (PDF)<\/a><\/li>\n\n\n\n<li><a href=\"\/wp-content\/uploads\/ChildFind-Chinese.pdf\" target=\"_blank\" rel=\"noreferrer noopener\">Chino (PDF)<\/a><\/li>\n\n\n\n<li><a href=\"\/wp-content\/uploads\/ChildFind-Chuukese.pdf\" target=\"_blank\" rel=\"noreferrer noopener\">Chuukese (PDF)<\/a><\/li>\n\n\n\n<li><a href=\"\/es\/DOE%20Forms\/Special%20Education\/ChildFind-Hawaiian.pdf\/\" target=\"_blank\" rel=\"noreferrer noopener\">Hawaiano (PDF)<\/a><\/li>\n\n\n\n<li><a href=\"\/es\/DOE%20Forms\/Special%20Education\/ChildFind-Ilokano.pdf\/\" target=\"_blank\" rel=\"noreferrer noopener\">Ilocano (PDF)<\/a><\/li>\n<\/ul>\n<\/div>\n\n\n\n<div class=\"wp-block-column is-layout-flow wp-block-column-is-layout-flow\">\n<ul class=\"wp-block-list\">\n<li><a href=\"\/es\/DOE%20Forms\/Special%20Education\/ChildFind-Japanese.pdf\/\" target=\"_blank\" rel=\"noreferrer noopener\">Japon\u00e9s (PDF)<\/a><\/li>\n\n\n\n<li><a href=\"\/es\/DOE%20Forms\/Special%20Education\/ChildFind-Korean.pdf\/\" target=\"_blank\" rel=\"noreferrer noopener\">Coreano (PDF)<\/a><\/li>\n\n\n\n<li><a href=\"\/es\/DOE%20Forms\/Special%20Education\/ChildFind-Marshallese.pdf\/\" target=\"_blank\" rel=\"noreferrer noopener\">marshal\u00e9s (PDF)<\/a><\/li>\n\n\n\n<li><a href=\"\/es\/DOE%20Forms\/Special%20Education\/ChildFind-Samoan.pdf\/\" target=\"_blank\" rel=\"noreferrer noopener\">Samoano (PDF)<\/a><\/li>\n<\/ul>\n<\/div>\n\n\n\n<div class=\"wp-block-column is-layout-flow wp-block-column-is-layout-flow\">\n<ul class=\"wp-block-list\">\n<li><a href=\"\/es\/DOE%20Forms\/Special%20Education\/ChildFind-Spanish.pdf\/\" target=\"_blank\" rel=\"noreferrer noopener\">Espa\u00f1ol (PDF)<\/a><\/li>\n\n\n\n<li><a href=\"\/es\/DOE%20Forms\/Special%20Education\/ChildFind-Tagalog.pdf\/\" target=\"_blank\" rel=\"noreferrer noopener\">Tagalo (PDF)<\/a><\/li>\n\n\n\n<li><a href=\"\/es\/DOE%20Forms\/Special%20Education\/ChildFind-Tongan.pdf\/\" target=\"_blank\" rel=\"noreferrer noopener\">Tongano (PDF)<\/a><\/li>\n\n\n\n<li><a href=\"\/es\/DOE%20Forms\/Special%20Education\/ChildFind-Vietnamese.pdf\/\" target=\"_blank\" rel=\"noreferrer noopener\">vietnamita (PDF)<\/a><\/li>\n<\/ul>\n<\/div>\n<\/div>\n\n\n\n<h2 class=\"wp-block-heading\">Contacto<\/h2>\n\n\n\n<p>Para obtener m\u00e1s informaci\u00f3n, llame a Child Find al 800-297-2070 en cualquier parte del estado.&nbsp;<\/p>\n\n\n\n<h4 class=\"wp-block-heading\">Ni\u00f1os menores de 3 a\u00f1os<\/h4>\n\n\n\n<p>Si su hijo es menor de 3 a\u00f1os (desde el nacimiento hasta los 2 a\u00f1os), comun\u00edquese con la L\u00ednea de Referencia de Intervenci\u00f3n Temprana al 808-594-0066. Tambi\u00e9n puede visitar <a href=\"https:\/\/health.hawaii.gov\/eis\/home\/eiservices\/\">Sitio web de Servicios de Intervenci\u00f3n Temprana<\/a>.<\/p>\n\n\n\n<h4 class=\"wp-block-heading\">Ni\u00f1os mayores de 22 a\u00f1os o m\u00e1s<\/h4>\n\n\n\n<p>Para personas de 22 a\u00f1os de edad o m\u00e1s, comun\u00edquese con la Divisi\u00f3n de Rehabilitaci\u00f3n Vocacional y Servicios para Ciegos del Departamento de Servicios Humanos del Estado de Haw\u00e1i al 808-586-5269, o con la Divisi\u00f3n de Servicios de Informaci\u00f3n y Gesti\u00f3n de Casos del Departamento de Salud del Estado de Haw\u00e1i al 808-733-9172.<\/p>\n\n\n\n<p><\/p>\n\n\n\n<p><\/p>","protected":false},"excerpt":{"rendered":"<p>As a parent or guardian, you want your child to thrive academically, socially and emotionally. If you suspect your child may have a disability that impacts their learning or development, the Department is here to support you through the Child Find process. WHAT IS CHILD FIND Child Find is a statewide effort to identify, locate [&hellip;]<\/p>","protected":false},"author":8,"featured_media":0,"parent":59,"menu_order":33,"comment_status":"closed","ping_status":"closed","template":"","meta":{"_relevanssi_hide_post":"","_relevanssi_hide_content":"","_relevanssi_pin_for_all":"","_relevanssi_pin_keywords":"","_relevanssi_unpin_keywords":"","_relevanssi_related_keywords":"","_relevanssi_related_include_ids":"","_relevanssi_related_exclude_ids":"","_relevanssi_related_no_append":"","_relevanssi_related_not_related":"","_relevanssi_related_posts":"16234,14020,8795,15617,14249,15429","_relevanssi_noindex_reason":"","_sitemap_exclude":false,"_sitemap_priority":"","_sitemap_frequency":"","_kad_blocks_custom_css":"","_kad_blocks_head_custom_js":"","_kad_blocks_body_custom_js":"","_kad_blocks_footer_custom_js":"","wp_popup_display_lightbox":0,"wp_popup_suppress":"","wp_popup_trigger":"","wp_popup_trigger_amount":0,"wp_popup_disable_on_mobile":false,"footnotes":""},"class_list":["post-48","page","type-page","status-publish","hentry"],"pp_statuses_selecting_workflow":false,"pp_workflow_action":"current","pp_status_selection":"publish","taxonomy_info":[],"featured_image_src_large":false,"author_info":{"display_name":"Ariana Enomoto","author_link":"https:\/\/hawaiipublicschools.org\/es\/author\/arianastaceyleong-com\/"},"comment_info":0,"publishpress_future_action":{"enabled":false,"date":"2026-04-12 07:59:41","action":"change-status","newStatus":"draft","terms":[],"taxonomy":"","extraData":[]},"publishpress_future_workflow_manual_trigger":{"enabledWorkflows":[]},"_links":{"self":[{"href":"https:\/\/hawaiipublicschools.org\/es\/wp-json\/wp\/v2\/pages\/48","targetHints":{"allow":["GET"]}}],"collection":[{"href":"https:\/\/hawaiipublicschools.org\/es\/wp-json\/wp\/v2\/pages"}],"about":[{"href":"https:\/\/hawaiipublicschools.org\/es\/wp-json\/wp\/v2\/types\/page"}],"author":[{"embeddable":true,"href":"https:\/\/hawaiipublicschools.org\/es\/wp-json\/wp\/v2\/users\/8"}],"replies":[{"embeddable":true,"href":"https:\/\/hawaiipublicschools.org\/es\/wp-json\/wp\/v2\/comments?post=48"}],"version-history":[{"count":0,"href":"https:\/\/hawaiipublicschools.org\/es\/wp-json\/wp\/v2\/pages\/48\/revisions"}],"up":[{"embeddable":true,"href":"https:\/\/hawaiipublicschools.org\/es\/wp-json\/wp\/v2\/pages\/59"}],"wp:attachment":[{"href":"https:\/\/hawaiipublicschools.org\/es\/wp-json\/wp\/v2\/media?parent=48"}],"curies":[{"name":"wp","href":"https:\/\/api.w.org\/{rel}","templated":true}]}}