{"id":4687,"date":"2024-12-19T14:15:26","date_gmt":"2024-12-19T22:15:26","guid":{"rendered":"https:\/\/hawaiipublicschools.org\/?page_id=4687"},"modified":"2025-10-23T11:55:42","modified_gmt":"2025-10-23T21:55:42","slug":"partners-and-resources","status":"publish","type":"page","link":"https:\/\/hawaiipublicschools.org\/es\/partners-and-resources\/","title":{"rendered":"Socios y recursos"},"content":{"rendered":"<h2 class=\"wp-block-heading\">Foro de Educaci\u00f3n de Empresas Conjuntas<\/h2>\n\n\n\n<p>Con el apoyo del difunto senador Daniel K. Inouye, el JVEF se cre\u00f3 en 1999 como una asociaci\u00f3n entre el Departamento, las fuerzas armadas y las partes interesadas de la comunidad, como un espacio para abordar preocupaciones mutuas a trav\u00e9s de un debate y relaciones significativas para promover oportunidades educativas para los ni\u00f1os de Haw\u00e1i. Las asociaciones resultantes del JVEF mejoran nuestras escuelas p\u00fablicas, el apoyo a las familias y los ni\u00f1os militares y las relaciones comunitarias para ambas culturas.<\/p>\n\n\n\n<figure class=\"wp-block-embed is-type-video is-provider-vimeo wp-block-embed-vimeo wp-embed-aspect-16-9 wp-has-aspect-ratio\"><div class=\"wp-block-embed__wrapper\">\n<iframe loading=\"lazy\" title=\"JVEF - Celebrando nuestras alianzas continuas\" src=\"https:\/\/player.vimeo.com\/video\/896014173?dnt=1&amp;app_id=122963\" width=\"500\" height=\"281\" frameborder=\"0\" allow=\"autoplay; fullscreen; picture-in-picture; clipboard-write; encrypted-media; web-share\" referrerpolicy=\"strict-origin-when-cross-origin\"><\/iframe>\n<\/div><\/figure>\n\n\n\n<h2 class=\"wp-block-heading\">Comisi\u00f3n del Pacto Interestatal Militar para Ni\u00f1os (MIC3)<\/h2>\n\n\n\n<figure class=\"wp-block-kadence-image kb-image4687_f22655-28 size-full\"><a href=\"https:\/\/mic3.net\/state\/hawaii\/\" class=\"kb-advanced-image-link\"><img loading=\"lazy\" decoding=\"async\" width=\"250\" height=\"55\" src=\"https:\/\/hawaiipublicschools.org\/wp-content\/uploads\/MIC3-Logo.jpg\" alt=\"Military Interstate Children\u02bbs Compact Commission (MIC3) Logo\" class=\"kb-img wp-image-7474\" srcset=\"https:\/\/hawaiipublicschools.org\/wp-content\/uploads\/MIC3-Logo.jpg 250w, https:\/\/hawaiipublicschools.org\/wp-content\/uploads\/MIC3-Logo-18x4.jpg 18w\" sizes=\"auto, (max-width: 250px) 100vw, 250px\" \/><\/a><\/figure>\n\n\n\n<p>Si bien las fuerzas armadas han logrado grandes avances para facilitar la transici\u00f3n de su personal, sus c\u00f3nyuges y, lo m\u00e1s importante, sus hijos, a\u00fan queda mucho por hacer a nivel estatal y local para garantizar que los hijos de familias militares tengan las mismas oportunidades de \u00e9xito educativo que los dem\u00e1s ni\u00f1os. <a href=\"https:\/\/mic3.net\/state\/hawaii\/\" target=\"_blank\" rel=\"noreferrer noopener\">Pacto interestatal sobre oportunidades educativas para hijos de militares<\/a>\u200b aborda estas preocupaciones.<\/p>\n\n\n\n<p>Comisionado: John Erickson<\/p>\n\n\n\n<p><a href=\"https:\/\/indd.adobe.com\/view\/cee14c43-f325-4ca6-80c1-4013ccc11f00\" target=\"_blank\" rel=\"noreferrer noopener\">Lea la Gu\u00eda para padres de MIC3<\/a> Para m\u00e1s informaci\u00f3n o <a href=\"https:\/\/mic3.net\/mic3training-net\/\" target=\"_blank\" rel=\"noreferrer noopener\">Tomar la capacitaci\u00f3n Compact 101<\/a> que proporciona a los participantes una breve historia de c\u00f3mo comenz\u00f3 el Pacto, seguida de una descripci\u00f3n general de los requisitos legales aplicables a las escuelas p\u00fablicas y del DoDEA que educan a ni\u00f1os con conexiones militares.<\/p>\n\n\n\n<h2 class=\"wp-block-heading\">Otros recursos y socios<\/h2>\n\n\n\n<ul class=\"wp-block-list\">\n<li><a href=\"https:\/\/hawaiipublicschools.org\/es\/resources\/community-childrens-council\/\">Consejo Comunitario de Ni\u00f1os<\/a><\/li>\n\n\n\n<li><a href=\"https:\/\/thepromiseact.org\/\">Partners in PROMISE<\/a><\/li>\n\n\n\n<li><a href=\"https:\/\/hawaiipublicschools.org\/wp-content\/uploads\/Military-OneSource-Connecting-You-to-Support-and-Resources-2023.pdf\" target=\"_blank\" rel=\"noreferrer noopener\">Fuente de Military One (PDF)<\/a><\/li>\n\n\n\n<li><a href=\"https:\/\/hawaiipublicschools.org\/wp-content\/uploads\/DoDEA-E2P2-FAQs.pdf\" target=\"_blank\" rel=\"noreferrer noopener\">Programa piloto de elegibilidad ampliada de DoDEA (E2P2) (PDF)<\/a><\/li>\n\n\n\n<li><a href=\"https:\/\/hawaiipublicschools.org\/wp-content\/uploads\/ASYMCA-JBPHH-2022.pdf\" target=\"_blank\" rel=\"noreferrer noopener\">YMCA de las Fuerzas Armadas (sucursal JBPHH) (PDF)<\/a><\/li>\n\n\n\n<li><a href=\"https:\/\/hawaiipublicschools.org\/wp-content\/uploads\/ASYMCA-WAAF-2022.pdf\" target=\"_blank\" rel=\"noreferrer noopener\">YMCA de las Fuerzas Armadas (rama WAAF) (PDF)<\/a><\/li>\n\n\n\n<li><a href=\"https:\/\/hawaiipublicschools.org\/wp-content\/uploads\/Tutor.com-Top-10-Facts-for-Parents_2024.pdf\" target=\"_blank\" rel=\"noreferrer noopener\">Tutor.com (PDF)<\/a><\/li>\n\n\n\n<li><a href=\"https:\/\/hawaiipublicschools.org\/wp-content\/uploads\/MFLC-CYB-Brochure-2021.pdf\" target=\"_blank\" rel=\"noreferrer noopener\">Consejeros de vida familiar militar (PDF)<\/a><\/li>\n\n\n\n<li><a href=\"https:\/\/hawaiipublicschools.org\/wp-content\/uploads\/A4L-Elementary-School-Brochure-2021.pdf\" target=\"_blank\" rel=\"noreferrer noopener\">Anchored4Life \u2013 J\u00f3venes de primaria (PDF)<\/a><\/li>\n\n\n\n<li><a href=\"https:\/\/hawaiipublicschools.org\/wp-content\/uploads\/A4L-Middle-School-Brochure-2021.pdf\" target=\"_blank\" rel=\"noreferrer noopener\">Anchored4Life \u2013 J\u00f3venes de secundaria (PDF)<\/a><\/li>\n\n\n\n<li><a href=\"https:\/\/hawaiipublicschools.org\/wp-content\/uploads\/FOCUS-Services-2024.pdf\" target=\"_blank\" rel=\"noreferrer noopener\">Familias superando el estr\u00e9s (FOCUS) (PDF)<\/a><\/li>\n\n\n\n<li><a href=\"https:\/\/hawaiipublicschools.org\/wp-content\/uploads\/ASACS-Trifold-SY-24-25.pdf\" target=\"_blank\" rel=\"noreferrer noopener\">Servicios de Apoyo y Asesoramiento para Adolescentes (ASACS) (PDF)<\/a><\/li>\n\n\n\n<li><a href=\"https:\/\/hawaiipublicschools.org\/wp-content\/uploads\/Steven-A.-Cohen-Military-Family-Clinic-at-Child-Family-Service-Mililani-2022.pdf\" target=\"_blank\" rel=\"noreferrer noopener\">Cl\u00ednica Stephen A. Cohen (PDF)<\/a><\/li>\n\n\n\n<li><a href=\"https:\/\/hawaiipublicschools.org\/wp-content\/uploads\/SchoolQuest-Flyer-2022.pdf\" target=\"_blank\" rel=\"noreferrer noopener\">SchoolQuest (PDF)<\/a><\/li>\n\n\n\n<li><a href=\"https:\/\/hawaiipublicschools.org\/wp-content\/uploads\/A-Guide-for-Military-Families.pdf\">Life Journey Through Autism: A Guide for Military Families (PDF)<\/a><\/li>\n<\/ul>\n\n\n\n<p><\/p>","protected":false},"excerpt":{"rendered":"<p>Joint Venture Education Forum With the support of the late Sen. Daniel K. Inouye, the JVEF was established in 1999 as a partnership between the Department, military and community stakeholders as a venue to address mutual concerns through meaningful discussion and relationships to promote educational opportunities for Hawaii\u2019s children. Partnerships resulting from the JVEF improve [&hellip;]<\/p>","protected":false},"author":6,"featured_media":0,"parent":0,"menu_order":72,"comment_status":"closed","ping_status":"closed","template":"","meta":{"_relevanssi_hide_post":"","_relevanssi_hide_content":"","_relevanssi_pin_for_all":"","_relevanssi_pin_keywords":"","_relevanssi_unpin_keywords":"","_relevanssi_related_keywords":"","_relevanssi_related_include_ids":"","_relevanssi_related_exclude_ids":"","_relevanssi_related_no_append":"","_relevanssi_related_not_related":"","_relevanssi_related_posts":"2392,8795,10024,14258,13725,888","_relevanssi_noindex_reason":"","_sitemap_exclude":false,"_sitemap_priority":"","_sitemap_frequency":"","_kad_blocks_custom_css":"","_kad_blocks_head_custom_js":"","_kad_blocks_body_custom_js":"","_kad_blocks_footer_custom_js":"","wp_popup_display_lightbox":0,"wp_popup_suppress":"","wp_popup_trigger":"","wp_popup_trigger_amount":0,"wp_popup_disable_on_mobile":false,"footnotes":""},"class_list":["post-4687","page","type-page","status-publish","hentry"],"pp_statuses_selecting_workflow":false,"pp_workflow_action":"current","pp_status_selection":"publish","taxonomy_info":[],"featured_image_src_large":false,"author_info":{"display_name":"Anne Sakutori","author_link":"https:\/\/hawaiipublicschools.org\/es\/author\/annestaceyleong-com\/"},"comment_info":0,"publishpress_future_action":{"enabled":false,"date":"2026-04-30 06:17:32","action":"change-status","newStatus":"draft","terms":[],"taxonomy":"","extraData":[]},"publishpress_future_workflow_manual_trigger":{"enabledWorkflows":[]},"_links":{"self":[{"href":"https:\/\/hawaiipublicschools.org\/es\/wp-json\/wp\/v2\/pages\/4687","targetHints":{"allow":["GET"]}}],"collection":[{"href":"https:\/\/hawaiipublicschools.org\/es\/wp-json\/wp\/v2\/pages"}],"about":[{"href":"https:\/\/hawaiipublicschools.org\/es\/wp-json\/wp\/v2\/types\/page"}],"author":[{"embeddable":true,"href":"https:\/\/hawaiipublicschools.org\/es\/wp-json\/wp\/v2\/users\/6"}],"replies":[{"embeddable":true,"href":"https:\/\/hawaiipublicschools.org\/es\/wp-json\/wp\/v2\/comments?post=4687"}],"version-history":[{"count":0,"href":"https:\/\/hawaiipublicschools.org\/es\/wp-json\/wp\/v2\/pages\/4687\/revisions"}],"wp:attachment":[{"href":"https:\/\/hawaiipublicschools.org\/es\/wp-json\/wp\/v2\/media?parent=4687"}],"curies":[{"name":"wp","href":"https:\/\/api.w.org\/{rel}","templated":true}]}}