{"id":4648,"date":"2024-12-19T13:15:29","date_gmt":"2024-12-19T21:15:29","guid":{"rendered":"https:\/\/hawaiipublicschools.org\/?page_id=4648"},"modified":"2025-11-28T08:23:44","modified_gmt":"2025-11-28T18:23:44","slug":"enrollment-faqs","status":"publish","type":"page","link":"https:\/\/hawaiipublicschools.org\/es\/enrolling-in-school\/enrollment-faqs\/","title":{"rendered":"Preguntas frecuentes sobre la inscripci\u00f3n"},"content":{"rendered":"<p class=\"intro\">Encuentre respuestas a preguntas frecuentes sobre la inscripci\u00f3n de su hijo.<\/p>\n\n\n\n<h2 class=\"wp-block-heading\">Preguntas generales<\/h2>\n\n\n\n<h3 class=\"wp-block-heading\">\u00bfC\u00f3mo est\u00e1n organizadas las escuelas del Departamento de Educaci\u00f3n del Estado de Haw\u00e1i?<\/h3>\n\n\n\n<p class=\"entry-content .center has--font-size\">The Hawai\u02bbi State Department of Education is made up of 296 schools, comprised of 258 public schools and 38 charter schools. All of these schools belong to one statewide public school district, organized into 15 regional&nbsp;complex areas. Each&nbsp;complex area&nbsp;consists of two to four \u201ccomplexes\u201d\u2014a group of schools that includes a high school and its feeder elementary and middle schools.<\/p>\n\n\n\n<h3 class=\"wp-block-heading\">\u00bfA qu\u00e9 edad es obligatoria la escuela?<\/h3>\n\n\n\n<p>La escuela es obligatoria en Haw\u00e1i para los estudiantes de 5 a\u00f1os (al 31 de julio del a\u00f1o escolar) a 18 a\u00f1os (al 1 de enero de un a\u00f1o escolar determinado).&nbsp;<a href=\"http:\/\/www.capitol.hawaii.gov\/hrscurrent\/Vol05_Ch0261-0319\/HRS0302A\/HRS_0302A-1132.HTM\" target=\"_blank\" rel=\"noreferrer noopener\">Horas 302A-1132<\/a>&nbsp;para referencia.<\/p>\n\n\n\n<h3 class=\"wp-block-heading\">\u00bfEn qu\u00e9 escuela debo inscribir a mi hijo?<\/h3>\n\n\n\n<p>Su hijo debe asistir a la escuela que corresponde al distrito geogr\u00e1fico donde vive. Puede utilizar nuestro&nbsp;<a href=\"https:\/\/hidoe.maps.arcgis.com\/apps\/webappviewer\/index.html?id=69f6b96049794d5592bb355b9cf12ec4\" target=\"_blank\" rel=\"noreferrer noopener\">Localizador de sitios escolares<\/a>&nbsp;Herramienta para ver los l\u00edmites de servicio de los distritos y escuelas. Escriba su direcci\u00f3n de domicilio en la esquina superior izquierda del sitio, incluida la ciudad, y se le mostrar\u00e1 el \u00e1rea de servicio de su hogar. Tambi\u00e9n le recomendamos que se comunique directamente con la escuela para confirmar si presta servicio en su hogar.<\/p>\n\n\n\n<h3 class=\"wp-block-heading\">\u00bfQu\u00e9 pasa si mi familia est\u00e1 atravesando una situaci\u00f3n de vivienda inestable?<\/h3>\n\n\n\n<p>Las familias que experimentan inestabilidad en la vivienda tienen derechos bajo la Ley McKinney-Vento para garantizar que sus hijos contin\u00faen teniendo acceso ininterrumpido a la educaci\u00f3n y los servicios. Obtenga m\u00e1s informaci\u00f3n&nbsp;<a href=\"https:\/\/hawaiipublicschools.org\/es\/DOE%20Forms\/OSSS\/Rights%20under%20the%20McKinney-Vento%20Act.pdf\/\" target=\"_blank\" rel=\"noreferrer noopener\">Derechos bajo la Ley McKinney-Vento (PDF)<\/a>.<\/p>\n\n\n\n<p><strong>Cuestionario para determinar la elegibilidad<\/strong> (MV1 form)<br>Para determinar la elegibilidad bajo la Ley McKinney-Vento, presente una&nbsp;<a href=\"https:\/\/hawaiipublicschools.org\/es\/DOE%20Forms\/MV1.pdf\/\" target=\"_blank\" rel=\"noreferrer noopener\">Cuestionario para determinar la elegibilidad \u2013 Ingl\u00e9s (PDF)<\/a>Las traducciones se encuentran a continuaci\u00f3n.<\/p>\n\n\n\n<div class=\"wp-block-columns is-layout-flex wp-container-core-columns-is-layout-28f84493 wp-block-columns-is-layout-flex\">\n<div class=\"wp-block-column is-layout-flow wp-block-column-is-layout-flow\" style=\"flex-basis:33.33%\">\n<ul class=\"wp-block-list\">\n<li><a href=\"https:\/\/hawaiipublicschools.org\/es\/DOE%20Forms\/MVA\/MV1_CEBUANO.pdf\/\" target=\"_blank\" rel=\"noreferrer noopener\">Cebuano (PDF)<\/a><\/li>\n\n\n\n<li><a href=\"https:\/\/hawaiipublicschools.org\/es\/DOE%20Forms\/MVA\/MV1_CHINESES.pdf\/\" target=\"_blank\" rel=\"noreferrer noopener\">Chino (simplificado) (PDF)<\/a><\/li>\n\n\n\n<li><a href=\"https:\/\/hawaiipublicschools.org\/es\/DOE%20Forms\/MVA\/MV1_CHINESET.pdf\/\" target=\"_blank\" rel=\"noreferrer noopener\">Chino (tradicional) (PDF)<\/a><\/li>\n\n\n\n<li><a href=\"https:\/\/hawaiipublicschools.org\/es\/DOE%20Forms\/MVA\/MV1_CHUKKESE.pdf\/\" target=\"_blank\" rel=\"noreferrer noopener\">Chuukese (PDF)<\/a><\/li>\n\n\n\n<li><a href=\"https:\/\/hawaiipublicschools.org\/es\/DOE%20Forms\/MVA\/MV1_HAWAIIAN.pdf\/\" target=\"_blank\" rel=\"noreferrer noopener\">Hawaiano (PDF)<\/a><\/li>\n<\/ul>\n<\/div>\n\n\n\n<div class=\"wp-block-column is-layout-flow wp-block-column-is-layout-flow\" style=\"flex-basis:33.33%\">\n<ul class=\"wp-block-list\">\n<li><a href=\"https:\/\/hawaiipublicschools.org\/es\/DOE%20Forms\/MVA\/MV1_ILOCANO.pdf\/\" target=\"_blank\" rel=\"noreferrer noopener\">Ilocano (PDF)<\/a><\/li>\n\n\n\n<li><a href=\"https:\/\/hawaiipublicschools.org\/es\/DOE%20Forms\/MVA\/MV1_JAPANESE.pdf\/\" target=\"_blank\" rel=\"noreferrer noopener\">Japon\u00e9s (PDF)<\/a><\/li>\n\n\n\n<li><a href=\"https:\/\/hawaiipublicschools.org\/es\/DOE%20Forms\/MVA\/MV1_KOREAN.pdf\/\" target=\"_blank\" rel=\"noreferrer noopener\">Coreano (PDF)<\/a><\/li>\n\n\n\n<li><a href=\"https:\/\/hawaiipublicschools.org\/es\/DOE%20Forms\/MVA\/MV1_MARSHALLESE.pdf\/\" target=\"_blank\" rel=\"noreferrer noopener\">marshal\u00e9s (PDF)<\/a><\/li>\n\n\n\n<li><a href=\"https:\/\/hawaiipublicschools.org\/es\/DOE%20Forms\/MVA\/MV1_SAMOAN.pdf\/\" target=\"_blank\" rel=\"noreferrer noopener\">Samoano (PDF)<\/a><\/li>\n<\/ul>\n<\/div>\n\n\n\n<div class=\"wp-block-column is-layout-flow wp-block-column-is-layout-flow\" style=\"flex-basis:33.33%\">\n<ul class=\"wp-block-list\">\n<li><a href=\"https:\/\/hawaiipublicschools.org\/es\/DOE%20Forms\/MVA\/MV1_SPANISH.pdf\/\" target=\"_blank\" rel=\"noreferrer noopener\">Espa\u00f1ol (PDF)<\/a><\/li>\n\n\n\n<li><a href=\"https:\/\/hawaiipublicschools.org\/es\/DOE%20Forms\/MVA\/MV1_TAGALOG.pdf\/\" target=\"_blank\" rel=\"noreferrer noopener\">Tagalo (PDF)<\/a><\/li>\n\n\n\n<li><a href=\"https:\/\/hawaiipublicschools.org\/es\/DOE%20Forms\/MVA\/MV1_TONGAN.pdf\/\" target=\"_blank\" rel=\"noreferrer noopener\">Tongano (PDF)<\/a><\/li>\n\n\n\n<li><a href=\"https:\/\/hawaiipublicschools.org\/es\/DOE%20Forms\/MVA\/MV1_VIETNAMESE.pdf\/\" target=\"_blank\" rel=\"noreferrer noopener\">vietnamita (PDF)<\/a><\/li>\n<\/ul>\n<\/div>\n<\/div>\n\n\n\n<p><strong>Folleto sobre los derechos de inscripci\u00f3n para familias en situaci\u00f3n de vivienda inestable<\/strong><br>Para padres y familias bajo el programa McKinney-Vento, revise su <a href=\"https:\/\/hawaiipublicschools.org\/es\/DOE%20Forms\/OSSS\/200730_EHCYPoster_FINAL.jpg\/\" target=\"_blank\" rel=\"noreferrer noopener\">Derechos de inscripci\u00f3n para familias en viviendas inestables \u2013 Ingl\u00e9s (PDF)<\/a>Las traducciones se encuentran a continuaci\u00f3n.<\/p>\n\n\n\n<div class=\"wp-block-columns is-layout-flex wp-container-core-columns-is-layout-28f84493 wp-block-columns-is-layout-flex\">\n<div class=\"wp-block-column is-layout-flow wp-block-column-is-layout-flow\" style=\"flex-basis:33.33%\">\n<ul class=\"wp-block-list\">\n<li><a href=\"https:\/\/hawaiipublicschools.org\/es\/DOE%20Forms\/MVA\/MVA_CEBUANO.pdf\/\" target=\"_blank\" rel=\"noreferrer noopener\">Cebuano (PDF)<\/a><\/li>\n\n\n\n<li><a href=\"https:\/\/hawaiipublicschools.org\/es\/DOE%20Forms\/MVA\/MVA_SCHINESE.pdf\/\" target=\"_blank\" rel=\"noreferrer noopener\">Chino (simplificado) (PDF)<\/a><\/li>\n\n\n\n<li><a href=\"https:\/\/hawaiipublicschools.org\/es\/DOE%20Forms\/MVA\/MVA_TCHINESE.pdf\/\" target=\"_blank\" rel=\"noreferrer noopener\">Chino (tradicional) (PDF)<\/a><\/li>\n\n\n\n<li><a href=\"https:\/\/hawaiipublicschools.org\/es\/DOE%20Forms\/MVA\/MVA_CHUUKESE.pdf\/\" target=\"_blank\" rel=\"noreferrer noopener\">Chuukese (PDF)<\/a><\/li>\n\n\n\n<li><a href=\"https:\/\/hawaiipublicschools.org\/es\/DOE%20Forms\/MVA\/MVA_HAWAIIAN.pdf\/\" target=\"_blank\" rel=\"noreferrer noopener\">Hawaiano (PDF)<\/a><\/li>\n<\/ul>\n<\/div>\n\n\n\n<div class=\"wp-block-column is-layout-flow wp-block-column-is-layout-flow\" style=\"flex-basis:33.33%\">\n<ul class=\"wp-block-list\">\n<li><a href=\"https:\/\/hawaiipublicschools.org\/es\/DOE%20Forms\/MVA\/MVA_ILOCANO.pdf\/\" target=\"_blank\" rel=\"noreferrer noopener\">Ilocano (PDF)<\/a><\/li>\n\n\n\n<li><a href=\"https:\/\/hawaiipublicschools.org\/es\/DOE%20Forms\/MVA\/MVA_JAPANESE.pdf\/\" target=\"_blank\" rel=\"noreferrer noopener\">Japon\u00e9s (PDF)<\/a><\/li>\n\n\n\n<li><a href=\"https:\/\/hawaiipublicschools.org\/es\/DOE%20Forms\/MVA\/MVA_KOREAN.pdf\/\" target=\"_blank\" rel=\"noreferrer noopener\">Coreano (PDF)<\/a><\/li>\n\n\n\n<li><a href=\"https:\/\/hawaiipublicschools.org\/es\/DOE%20Forms\/MVA\/MVA_MARSHALLESE.pdf\/\" target=\"_blank\" rel=\"noreferrer noopener\">marshal\u00e9s (PDF)<\/a><\/li>\n<\/ul>\n<\/div>\n\n\n\n<div class=\"wp-block-column is-layout-flow wp-block-column-is-layout-flow\" style=\"flex-basis:33.33%\">\n<ul class=\"wp-block-list\">\n<li><a href=\"https:\/\/hawaiipublicschools.org\/es\/DOE%20Forms\/MVA\/MVA_SAMOAN.pdf\/\" target=\"_blank\" rel=\"noreferrer noopener\">Samoano (PDF)<\/a><\/li>\n\n\n\n<li><a href=\"https:\/\/hawaiipublicschools.org\/es\/DOE%20Forms\/MVA\/MVA_SPANISH.pdf\/\" target=\"_blank\" rel=\"noreferrer noopener\">Espa\u00f1ol (PDF)<\/a><\/li>\n\n\n\n<li><a href=\"https:\/\/hawaiipublicschools.org\/es\/DOE%20Forms\/MVA\/MVA_TAGALOG.pdf\/\" target=\"_blank\" rel=\"noreferrer noopener\">Tagalo (PDF)<\/a><\/li>\n\n\n\n<li><a href=\"https:\/\/hawaiipublicschools.org\/es\/DOE%20Forms\/MVA\/MVA_TONGAN.pdf\/\" target=\"_blank\" rel=\"noreferrer noopener\">Tongano (PDF)<\/a><\/li>\n<\/ul>\n<\/div>\n<\/div>\n\n\n\n<p><strong>Encuentre un enlace comunitario<\/strong><br>Los enlaces comunitarios asignados a \u00e1reas complejas espec\u00edficas ayudan a los estudiantes en viviendas inestables y mantienen relaciones con socios y recursos comunitarios. Encuentre a su enlace comunitario aqu\u00ed: <a href=\"https:\/\/docs.google.com\/spreadsheets\/d\/14bLiX0YVH59fEo_IiV825fX2D0S3kiVuKN1W7WisDWo\/edit#gid=1131496463\" target=\"_blank\" rel=\"noreferrer noopener\">Lista de enlaces HIEHCY 2024-2025<\/a>&nbsp;<a href=\"https:\/\/docs.google.com\/spreadsheets\/d\/14bLiX0YVH59fEo_IiV825fX2D0S3kiVuKN1W7WisDWo\/edit#gid=1131496463\" target=\"_blank\" rel=\"noreferrer noopener\">(Hoja de c\u00e1lculo de Google)<\/a>.<\/p>\n\n\n\n<p><strong>Transporte gratuito en autob\u00fas<\/strong><br>Los estudiantes que califican para recibir asistencia seg\u00fan la Ley McKinney-Vento pueden ser elegibles para transporte gratuito en autob\u00fas hacia y desde la escuela. Trabaje con el enlace de asuntos de personas sin hogar en su escuela para determinar la elegibilidad y para obtener un pase de autob\u00fas si corresponde.<\/p>\n\n\n\n<p>Si tiene preguntas o inquietudes adicionales, comun\u00edquese con el programa de Educaci\u00f3n para Ni\u00f1os y J\u00f3venes sin Hogar al (808) 348-0304 o al (808) 723-4192.<\/p>\n\n\n\n<h3 class=\"wp-block-heading\">\u00bfPor qu\u00e9 el formulario de inscripci\u00f3n solicita raza y etnicidad?<\/h3>\n\n\n\n<p>El Departamento de Educaci\u00f3n de los Estados Unidos exige que todos los estados informen sobre la raza y el origen \u00e9tnico de los estudiantes que se inscriben en las escuelas p\u00fablicas. El estado de Haw\u00e1i no informa sobre la informaci\u00f3n individual, sino que informa sobre el n\u00famero total de estudiantes por diferentes categor\u00edas de subgrupos de raza y origen \u00e9tnico. Aunque los padres tienen derecho a negarse a proporcionar esta informaci\u00f3n a la escuela, las normas federales exigen que a cada estudiante se le asigne una categor\u00eda de etnia y\/o raza. Las escuelas designar\u00e1n una categor\u00eda en caso de que un padre se niegue a proporcionar esa informaci\u00f3n.<\/p>\n\n\n\n<h2 class=\"wp-block-heading\">DOCUMENTACI\u00d3N<\/h2>\n\n\n\n<h3 class=\"wp-block-heading\">\u00bfQu\u00e9 documentaci\u00f3n se requiere para la inscripci\u00f3n?<\/h3>\n\n\n\n<p>Los documentos necesarios para inscribir a su estudiante en una de nuestras escuelas incluyen:<\/p>\n\n\n\n<ul class=\"wp-block-list\">\n<li><a href=\"\/es\/DOE%20Forms\/Enrollment\/SIS-10W.pdf\/\" target=\"_blank\" rel=\"noreferrer noopener\"><strong>Formulario de inscripci\u00f3n de estudiantes (PDF)<\/strong><\/a><strong> <\/strong>o el <a href=\"\/wp-content\/uploads\/Supplemental-Kindergarten-Enrollment-Form.pdf\" data-type=\"attachment\" data-id=\"17471\" target=\"_blank\" rel=\"noreferrer noopener\">Formulario de inscripci\u00f3n suplementaria para jard\u00edn de infantes (PDF)<\/a> Para estudiantes que ingresan al jard\u00edn de infantes.<\/li>\n\n\n\n<li><a href=\"\/es\/DOE%20Forms\/Enrollment\/HomeLanguageSurvey.pdf\/\" target=\"_blank\" rel=\"noreferrer noopener\"><strong>Encuesta sobre el idioma que se habla en casa (PDF)<\/strong><\/a><\/li>\n\n\n\n<li><strong>Identificaci\u00f3n con fotograf\u00eda v\u00e1lida del padre\/tutor<\/strong>.<\/li>\n\n\n\n<li><strong>Comprobante de residencia<\/strong>:Factura de servicios p\u00fablicos, contrato de arrendamiento u otros documentos oficiales que muestren su direcci\u00f3n actual.\n<ul class=\"wp-block-list\">\n<li>La escuela puede aceptar una declaraci\u00f3n notariada de un familiar\/amigo con la siguiente estipulaci\u00f3n: (a) La declaraci\u00f3n notariada debe indicar que el padre\/tutor legal y el ni\u00f1o viven con el familiar\/amigo; (b) La declaraci\u00f3n notariada debe indicar el nombre del familiar\/amigo que figura en el comprobante de residencia legal del familiar\/amigo; (c) La declaraci\u00f3n notariada debe indicar la misma direcci\u00f3n del familiar\/amigo que figura en el comprobante de residencia legal del familiar\/amigo; (d) Se debe adjuntar una copia del comprobante de residencia legal del familiar\/amigo a la declaraci\u00f3n notariada; y (e) La declaraci\u00f3n notariada debe estar firmada por el mismo nombre del familiar\/amigo que figura en el comprobante de residencia legal del familiar\/amigo.<\/li>\n<\/ul>\n<\/li>\n\n\n\n<li><strong>Certificado de nacimiento<\/strong>:Para verificar la edad, se aceptan pasaportes o visas de estudiantes para estudiantes extranjeros.<\/li>\n\n\n\n<li><strong>Familias en viviendas inestables:<\/strong> Las familias que atraviesan una situaci\u00f3n de vivienda inestable est\u00e1n cubiertas por las pautas de inscripci\u00f3n provistas en la Ley McKinney-Vento. Comun\u00edquese con un&nbsp;<a href=\"https:\/\/docs.google.com\/spreadsheets\/d\/14bLiX0YVH59fEo_IiV825fX2D0S3kiVuKN1W7WisDWo\/edit?gid=1131496463#gid=1131496463\">Enlace comunitario<\/a>&nbsp;en tu zona.<\/li>\n<\/ul>\n\n\n\n<h3 class=\"wp-block-heading\">Si mi estudiante se transfiere de otra escuela, \u00bfqu\u00e9 documentos adicionales necesito?<\/h3>\n\n\n\n<p>Deber\u00e1 proporcionar todos los documentos enumerados anteriormente, incluido un paquete de autorizaci\u00f3n con un expediente acad\u00e9mico no oficial o el \u00faltimo bolet\u00edn de calificaciones de su estudiante. Los estudiantes de educaci\u00f3n especial deben proporcionar su Plan de educaci\u00f3n individual (IEP) y los estudiantes 504 deben proporcionar su Plan 504.<\/p>\n\n\n\n<h3 class=\"wp-block-heading\">\u00bfQu\u00e9 otros documentos legales podr\u00edan requerirse para la inscripci\u00f3n?<\/h3>\n\n\n\n<p>Se requiere la documentaci\u00f3n del poder notarial si el ni\u00f1o no vive con sus padres. La ley militar de Haw\u00e1i y de los EE. UU. regula c\u00f3mo un padre o tutor de un menor puede utilizar el poder notarial para delegar en otra persona (dentro de las limitaciones designadas) cualquier poder relacionado con el cuidado, la custodia o la propiedad del menor o su tutelado.<\/p>\n\n\n\n<ul class=\"wp-block-list\">\n<li><strong><a href=\"https:\/\/www.capitol.hawaii.gov\/hrscurrent\/Vol12_Ch0501-0588\/HRS0560\/HRS_0560-0005-0105.htm\" data-type=\"link\" data-id=\"https:\/\/www.capitol.hawaii.gov\/hrscurrent\/Vol12_Ch0501-0588\/HRS0560\/HRS_0560-0005-0105.htm\" target=\"_blank\" rel=\"noreferrer noopener\">Estatutos Revisados de Haw\u00e1i 560: 5-105<\/a><\/strong> <strong>Delegaci\u00f3n de poderes por parte del padre o tutor.<\/strong>&nbsp;&nbsp;El padre o tutor de un menor o de una persona incapacitada puede, mediante un poder notarial, delegar en otra persona, por un per\u00edodo que no exceda de un a\u00f1o, plazo que deber\u00e1 ser indicado expresamente en el documento, cualquier poder sobre el cuidado, la custodia o los bienes del menor o del tutelado, excepto el poder de consentir el matrimonio o la adopci\u00f3n. [L 2004, c 161, pt of \u00a71]<\/li>\n\n\n\n<li><a href=\"https:\/\/www.gpo.gov\/fdsys\/granule\/USCODE-2011-title10\/USCODE-2011-title10-subtitleA-partII-chap53-sec1044b\" data-type=\"link\" data-id=\"https:\/\/www.gpo.gov\/fdsys\/granule\/USCODE-2011-title10\/USCODE-2011-title10-subtitleA-partII-chap53-sec1044b\" target=\"_blank\" rel=\"noreferrer noopener\"><strong>C\u00f3digo de los Estados Unidos 10 1044B<\/strong> <strong>\u00a71044b.<\/strong><\/a><strong> Poderes militares: requisito para su reconocimiento por los Estados<\/strong><br>(a) Instrumentos a los que se les dar\u00e1 efecto legal sin tener en cuenta la ley estatal.\u2014Un poder militar\u2014<br>(1) est\u00e1 exento de cualquier requisito de forma, sustancia, formalidad o registro que se establece para los poderes notariales conforme a las leyes de un Estado; y<br>(2) tendr\u00e1 el mismo efecto jur\u00eddico que un poder notarial preparado y ejecutado de conformidad con las leyes del Estado en cuesti\u00f3n.<br>(b) Poder notarial militar.\u2014Para los fines de esta secci\u00f3n, un poder notarial militar es cualquier poder general o especial que est\u00e9 notariado de conformidad con la secci\u00f3n 1044a de este t\u00edtulo u otra ley estatal o federal aplicable.<br>(c) Declaraci\u00f3n que debe incluirse.\u2014(1) De conformidad con las reglamentaciones prescritas por el Secretario correspondiente, cada poder militar deber\u00e1 contener una declaraci\u00f3n que establezca las disposiciones de la subsecci\u00f3n (a).<br>(2) El p\u00e1rrafo (1) no se interpretar\u00e1 en el sentido de que hace inaplicables las disposiciones del inciso (a) a un poder militar que no incluya una declaraci\u00f3n descrita en ese p\u00e1rrafo.<br>(d) Definici\u00f3n de Estado.\u2014En esta secci\u00f3n, el t\u00e9rmino \u201cEstado\u201d incluye el Distrito de Columbia, el Estado Libre Asociado de Puerto Rico y una posesi\u00f3n de los Estados Unidos.<\/li>\n<\/ul>\n\n\n\n<p>Si corresponde y en funci\u00f3n de las circunstancias de la situaci\u00f3n de su hijo, otros documentos legales necesarios para la inscripci\u00f3n pueden incluir:<\/p>\n\n\n\n<ul class=\"wp-block-list\">\n<li>\u00d3rdenes de restricci\u00f3n temporales<\/li>\n\n\n\n<li>Documentos de tutela<\/li>\n\n\n\n<li>Documentos legales de cambio de nombre<\/li>\n\n\n\n<li>\u00d3rdenes judiciales<\/li>\n<\/ul>\n\n\n\n<h2 class=\"wp-block-heading\">Requisitos de salud y vacunaci\u00f3n de los estudiantes<\/h2>\n\n\n\n<h3 class=\"wp-block-heading\">\u00bfCu\u00e1les son los requisitos de salud y vacunaci\u00f3n para inscribir a mi hijo?<\/h3>\n\n\n\n<p>Trabajamos en conjunto con el Departamento de Salud del Estado de Haw\u00e1i (DOH) para garantizar que los estudiantes cumplan con los requisitos clave. <a href=\"http:\/\/health.hawaii.gov\/docd\/vaccines-immunizations\/school-health-requirements\/\" target=\"_blank\" rel=\"noreferrer noopener\">Requisitos de salud<\/a>Todos los ni\u00f1os que asisten a la escuela en Haw\u00e1i deben tener un formulario firmado y completo. <a href=\"\/es\/DOE%20Forms\/Enrollment\/StudentHealthRecord.pdf\/\" target=\"_blank\" rel=\"noreferrer noopener\">Historial de salud del estudiante (PDF)<\/a> Para documentar lo siguiente:<\/p>\n\n\n\n<p><strong>Eliminaci\u00f3n de la tuberculosis (TB)<\/strong><br>Por favor vea a continuaci\u00f3n y visite el <a href=\"http:\/\/health.hawaii.gov\/tb\/\" target=\"_blank\" rel=\"noreferrer noopener\">Sitio web del Departamento de Salud del Estado de Haw\u00e1i (DOH)<\/a> Para m\u00e1s informaci\u00f3n.<\/p>\n\n\n\n<ul class=\"wp-block-list\">\n<li><a href=\"https:\/\/health.hawaii.gov\/tb\/files\/2018\/03\/Acceptable-Clearance-for-Child-Care-or-School-Students.pdf\" target=\"_blank\" rel=\"noreferrer noopener\">Autorizaci\u00f3n aceptable (PDF)<\/a>&nbsp;<\/li>\n\n\n\n<li><a href=\"https:\/\/health.hawaii.gov\/tb\/files\/2018\/03\/FAQHAR-v3.pdf\" target=\"_blank\" rel=\"noreferrer noopener\">Preguntas frecuentes sobre las pruebas de tuberculosis para estudiantes, ni\u00f1os y escuelas\/guarder\u00edas (PDF)<\/a><\/li>\n\n\n\n<li>Formularios de muestra: <a href=\"\/es\/DOE%20Forms\/Enrollment\/TBsample_DOH.pdf\/\" target=\"_blank\" rel=\"noreferrer noopener\">Formulario de muestra del DOH (PDF)<\/a> | <a href=\"https:\/\/health.hawaii.gov\/tb\/files\/2018\/03\/Hawaii-TB-Clearance-Manual-10-30-17.pdf\" target=\"_blank\" rel=\"noreferrer noopener\">Documento F de tuberculosis: Formulario de autorizaci\u00f3n de tuberculosis del estado de Haw\u00e1i (PDF)<\/a> (pagina 12, manual de TB)<\/li>\n<\/ul>\n\n\n\n<p><strong>Examen f\u00edsico<\/strong><br>Debe completarse dentro de un a\u00f1o antes:<\/p>\n\n\n\n<ul class=\"wp-block-list\">\n<li>Primera fecha de asistencia a un preescolar o escuela en Haw\u00e1i y<\/li>\n\n\n\n<li>Primera fecha de asistencia al s\u00e9ptimo grado.<\/li>\n<\/ul>\n\n\n\n<p><strong>Vacunas<\/strong><\/p>\n\n\n\n<ul class=\"wp-block-list\">\n<li><a href=\"https:\/\/health.hawaii.gov\/docd\/files\/2019\/10\/Immunization-Requirements-Summary.pdf\" target=\"_blank\" rel=\"noreferrer noopener\">Vacunas obligatorias (PDF)<\/a> Depende de la edad y\/o grado del estudiante.<\/li>\n<\/ul>\n\n\n\n<h3 class=\"wp-block-heading\">\u00bfExisten excepciones a los requisitos de vacunaci\u00f3n?<\/h3>\n\n\n\n<p>Su hijo puede estar exento de los requisitos de vacunaci\u00f3n por razones m\u00e9dicas o religiosas, si presenta la documentaci\u00f3n correspondiente en la escuela. Los formularios de exenci\u00f3n religiosa se pueden completar en la escuela de su hijo. Las exenciones m\u00e9dicas se deben obtener del proveedor de atenci\u00f3n m\u00e9dica de su hijo. El estado no permite ninguna otra exenci\u00f3n.<\/p>\n\n\n\n<h3 class=\"wp-block-heading\">\u00bfQu\u00e9 pasa si no puedo obtener la documentaci\u00f3n sanitaria necesaria antes del inicio del curso escolar?<\/h3>\n\n\n\n<p>A un estudiante que no tenga documentaci\u00f3n de todas las vacunas requeridas o un examen f\u00edsico se le puede permitir el ingreso provisional con verificaci\u00f3n de una pr\u00f3xima cita m\u00e9dica. Comun\u00edquese directamente con su escuela para obtener m\u00e1s informaci\u00f3n. <\/p>\n\n\n\n<h3 class=\"wp-block-heading\">\u00bfQu\u00e9 pasa si mi hijo necesita medicamentos recetados durante el horario escolar?<\/h3>\n\n\n\n<p>Si su hijo necesita medicamentos de rescate de emergencia u otros medicamentos recetados de rutina\/diarios, complete un <a href=\"https:\/\/sites.google.com\/k12.hi.us\/hidoesha\/school-health-forms?authuser=0\" target=\"_blank\" rel=\"noreferrer noopener\">Formulario de salud escolar<\/a> y presentarlo a la escuela.<\/p>","protected":false},"excerpt":{"rendered":"<p>Find answers to commonly asked questions about enrolling your child. General Questions How are the Hawai\u02bbi State Department of Education schools organized? The Hawai\u02bbi State Department of Education is made up of 296 schools, comprised of 258 public schools and 38 charter schools. All of these schools belong to one statewide public school district, organized [&hellip;]<\/p>","protected":false},"author":6,"featured_media":0,"parent":13,"menu_order":0,"comment_status":"closed","ping_status":"closed","template":"","meta":{"_relevanssi_hide_post":"","_relevanssi_hide_content":"","_relevanssi_pin_for_all":"","_relevanssi_pin_keywords":"","_relevanssi_unpin_keywords":"","_relevanssi_related_keywords":"","_relevanssi_related_include_ids":"","_relevanssi_related_exclude_ids":"","_relevanssi_related_no_append":"","_relevanssi_related_not_related":"","_relevanssi_related_posts":"9834,2420,10146,1645,9500,9713","_relevanssi_noindex_reason":"","_sitemap_exclude":false,"_sitemap_priority":"","_sitemap_frequency":"","_kad_blocks_custom_css":"","_kad_blocks_head_custom_js":"","_kad_blocks_body_custom_js":"","_kad_blocks_footer_custom_js":"","wp_popup_display_lightbox":0,"wp_popup_suppress":"","wp_popup_trigger":"","wp_popup_trigger_amount":0,"wp_popup_disable_on_mobile":false,"footnotes":""},"class_list":["post-4648","page","type-page","status-publish","hentry"],"pp_statuses_selecting_workflow":false,"pp_workflow_action":"current","pp_status_selection":"publish","taxonomy_info":[],"featured_image_src_large":false,"author_info":{"display_name":"Anne Sakutori","author_link":"https:\/\/hawaiipublicschools.org\/es\/author\/annestaceyleong-com\/"},"comment_info":0,"publishpress_future_action":{"enabled":false,"date":"2026-04-25 10:38:10","action":"change-status","newStatus":"draft","terms":[],"taxonomy":"","extraData":[]},"publishpress_future_workflow_manual_trigger":{"enabledWorkflows":[]},"_links":{"self":[{"href":"https:\/\/hawaiipublicschools.org\/es\/wp-json\/wp\/v2\/pages\/4648","targetHints":{"allow":["GET"]}}],"collection":[{"href":"https:\/\/hawaiipublicschools.org\/es\/wp-json\/wp\/v2\/pages"}],"about":[{"href":"https:\/\/hawaiipublicschools.org\/es\/wp-json\/wp\/v2\/types\/page"}],"author":[{"embeddable":true,"href":"https:\/\/hawaiipublicschools.org\/es\/wp-json\/wp\/v2\/users\/6"}],"replies":[{"embeddable":true,"href":"https:\/\/hawaiipublicschools.org\/es\/wp-json\/wp\/v2\/comments?post=4648"}],"version-history":[{"count":0,"href":"https:\/\/hawaiipublicschools.org\/es\/wp-json\/wp\/v2\/pages\/4648\/revisions"}],"up":[{"embeddable":true,"href":"https:\/\/hawaiipublicschools.org\/es\/wp-json\/wp\/v2\/pages\/13"}],"wp:attachment":[{"href":"https:\/\/hawaiipublicschools.org\/es\/wp-json\/wp\/v2\/media?parent=4648"}],"curies":[{"name":"wp","href":"https:\/\/api.w.org\/{rel}","templated":true}]}}