{"id":42,"date":"2024-09-04T22:22:24","date_gmt":"2024-09-04T22:22:24","guid":{"rendered":"https:\/\/hawaiipublicschools.org\/?page_id=42"},"modified":"2025-10-06T09:27:47","modified_gmt":"2025-10-06T19:27:47","slug":"gifted-and-talented","status":"publish","type":"page","link":"https:\/\/hawaiipublicschools.org\/es\/academics\/gifted-and-talented\/","title":{"rendered":"Dotados y talentosos"},"content":{"rendered":"<p class=\"intro\" style=\"font-size:clamp(0.875rem, 0.875rem + ((1vw - 0.2rem) * 0.531), 1.3rem);\">El Departamento se compromete a brindar liderazgo y orientaci\u00f3n para garantizar que todas las escuelas ofrezcan una educaci\u00f3n exigente para estudiantes talentosos y dotados. Estos estudiantes se destacan en \u00e1reas como el intelecto, la creatividad, el arte, el liderazgo y materias acad\u00e9micas espec\u00edficas.<\/p>\n\n\n\n<div class=\"wp-block-columns double_col_sidebar is-layout-flex wp-container-core-columns-is-layout-28f84493 wp-block-columns-is-layout-flex\">\n<div class=\"wp-block-column left_col is-layout-flow wp-block-column-is-layout-flow\">\n<p>De acuerdo con <a href=\"http:\/\/boe.hawaii.gov\/policies\/Board%20Policies\/Gifted%20and%20Talented.pdf\" target=\"_blank\" rel=\"noreferrer noopener\">Pol\u00edtica 105-5 de la Junta de Educaci\u00f3n (PDF)<\/a>Los objetivos para apoyar a los estudiantes dotados y talentosos incluyen:<\/p>\n\n\n\n<ol class=\"wp-block-list\">\n<li><strong>Establecer est\u00e1ndares curriculares elevados<\/strong> que est\u00e9n alineados con las necesidades intelectuales y sociales de los estudiantes talentosos.<\/li>\n\n\n\n<li><strong>Garantizar que todas las escuelas<\/strong> Brindar oportunidades de aprendizaje que fomenten habilidades y talentos excepcionales para los estudiantes.<\/li>\n\n\n\n<li><strong>Ofreciendo instrucci\u00f3n especializada<\/strong> y servicios que desaf\u00eden y atraigan a estudiantes talentosos en niveles que coincidan con sus capacidades.<\/li>\n\n\n\n<li><strong>Proporcionar desarrollo profesional continuo<\/strong> y formaci\u00f3n a los docentes para apoyar mejor a estos estudiantes.<\/li>\n\n\n\n<li><strong>Fomentar la participaci\u00f3n activa de los padres<\/strong> Construir una comunidad de aprendizaje solidaria.<\/li>\n\n\n\n<li><strong>Establecer un sistema estatal<\/strong> para identificar a los estudiantes talentosos, notificar a los padres y evaluar la efectividad del programa.<\/li>\n<\/ol>\n\n\n\n<h2 class=\"wp-block-heading\">Programas complementarios<\/h2>\n\n\n\n<h3 class=\"wp-block-heading\">Centro para J\u00f3venes Talentosos (CTY)<\/h3>\n\n\n\n<p>Al <a href=\"http:\/\/cty.jhu.edu\/\" target=\"_blank\" rel=\"noreferrer noopener\">Centro Johns Hopkins para J\u00f3venes Talentosos<\/a>Los estudiantes dotados y talentosos descubren cu\u00e1nto pueden brillar con programas de verano acad\u00e9micos avanzados, cursos en l\u00ednea, premios y m\u00e1s.&nbsp;<\/p>\n\n\n\n<h3 class=\"wp-block-heading\">J\u00f3venes acad\u00e9micos de Davidson<\/h3>\n\n\n\n<p>El <a href=\"http:\/\/www.davidsongifted.org\/youngscholars\/\" target=\"_blank\" rel=\"noreferrer noopener\">J\u00f3venes acad\u00e9micos de Davidson<\/a> El programa ofrece servicios gratuitos dise\u00f1ados para fomentar el desarrollo intelectual, social, emocional y acad\u00e9mico de j\u00f3venes de 5 a 18 a\u00f1os con una inteligencia profunda (los estudiantes deben tener entre 5 y 16 a\u00f1os al momento de postularse). Hay plazos de postulaci\u00f3n continuos durante todo el a\u00f1o.&nbsp;<\/p>\n\n\n\n<h3 class=\"wp-block-heading\">J\u00f3venes Mensanos<\/h3>\n\n\n\n<p>Miembros de <a href=\"http:\/\/www.us.mensa.org\/\" target=\"_blank\" rel=\"noreferrer noopener\">Mensa americana<\/a> Tienen entre 2 y 102 a\u00f1os. Entre ellos se encuentran ingenieros, amas de casa, profesores, actores, deportistas, estudiantes y directores ejecutivos, y comparten un rasgo: una gran inteligencia. Para poder participar en Mensa, obtuvieron una puntuaci\u00f3n entre los 2% m\u00e1s altos de la poblaci\u00f3n general en una prueba de inteligencia estandarizada aceptada. Mensa cuenta con personal a tiempo completo que apoya <a href=\"http:\/\/www.us.mensa.org\/learn\/gifted-youth\/\" target=\"_blank\" rel=\"noreferrer noopener\">J\u00f3venes Mensanos<\/a> y sus familias.<\/p>\n\n\n\n<p>\u200b<\/p>\n<\/div>\n\n\n\n<div class=\"wp-block-column right_col is-layout-flow wp-block-column-is-layout-flow\"><div class=\"kb-row-layout-wrap kb-row-layout-id1050_d76aa3-f2 alignnone wp-block-kadence-rowlayout\"><div class=\"kt-row-column-wrap kt-has-2-columns kt-row-layout-row kt-tab-layout-row kt-mobile-layout-row kt-row-valign-top\">\n\n<div class=\"wp-block-kadence-column kadence-column1050_63c690-aa\"><div class=\"kt-inside-inner-col\">\n<figure class=\"wp-block-image size-full no_margin\"><img loading=\"lazy\" decoding=\"async\" width=\"1200\" height=\"898\" src=\"https:\/\/hawaiipublicschools.org\/wp-content\/uploads\/2024\/12\/Kalo.jpg\" alt=\"Close up photo of kalo leaves\" class=\"wp-image-2356\" style=\"aspect-ratio:4\/3;object-fit:cover\" srcset=\"https:\/\/hawaiipublicschools.org\/wp-content\/uploads\/2024\/12\/Kalo.jpg 1200w, https:\/\/hawaiipublicschools.org\/wp-content\/uploads\/2024\/12\/Kalo-300x225.jpg 300w, https:\/\/hawaiipublicschools.org\/wp-content\/uploads\/2024\/12\/Kalo-1024x766.jpg 1024w, https:\/\/hawaiipublicschools.org\/wp-content\/uploads\/2024\/12\/Kalo-768x575.jpg 768w, https:\/\/hawaiipublicschools.org\/wp-content\/uploads\/2024\/12\/Kalo-16x12.jpg 16w\" sizes=\"auto, (max-width: 1200px) 100vw, 1200px\" \/><\/figure>\n<\/div><\/div>\n\n\n\n<div class=\"wp-block-kadence-column kadence-column1050_6ae211-6a\"><div class=\"kt-inside-inner-col\">\n<h5 class=\"wp-block-heading has-base-color has-text-color has-link-color wp-elements-91735848e86ea283e0928ede427b944c\" style=\"margin-top:0px;padding-top:0;padding-bottom:0.5rem;font-size:1.4vw\">PARA M\u00c1S INFORMACI\u00d3N<\/h5>\n\n\n\n<p class=\"has-base-color has-text-color has-link-color wp-elements-73de11a7dc8419c68045457638ce71c1\"><strong>Office of Curriculum and Instructional Design, Academic Advancement Team<\/strong><br>Phone: 808-784-6455<br><a href=\"mailto:anna.viggiano@k12.hi.us\" target=\"_blank\" rel=\"noreferrer noopener\">Correo electr\u00f3nico<\/a><\/p>\n<\/div><\/div>\n\n<\/div><\/div><\/div>\n<\/div>","protected":false},"excerpt":{"rendered":"<p>The Department is committed to providing leadership and guidance to ensure that all schools offer a challenging education for gifted and talented students. These students excel in areas such as intellect, creativity, artistry, leadership and specific academic subjects. In accordance with Board of Education Policy 105-5 (PDF), the goals for supporting gifted and talented students [&hellip;]<\/p>","protected":false},"author":8,"featured_media":0,"parent":22,"menu_order":23,"comment_status":"closed","ping_status":"closed","template":"","meta":{"_relevanssi_hide_post":"","_relevanssi_hide_content":"","_relevanssi_pin_for_all":"","_relevanssi_pin_keywords":"","_relevanssi_unpin_keywords":"","_relevanssi_related_keywords":"","_relevanssi_related_include_ids":"","_relevanssi_related_exclude_ids":"","_relevanssi_related_no_append":"","_relevanssi_related_not_related":"","_relevanssi_related_posts":"","_relevanssi_noindex_reason":"","_sitemap_exclude":false,"_sitemap_priority":"","_sitemap_frequency":"","_kad_blocks_custom_css":"","_kad_blocks_head_custom_js":"","_kad_blocks_body_custom_js":"","_kad_blocks_footer_custom_js":"","wp_popup_display_lightbox":0,"wp_popup_suppress":"","wp_popup_trigger":"","wp_popup_trigger_amount":0,"wp_popup_disable_on_mobile":false,"footnotes":""},"class_list":["post-42","page","type-page","status-publish","hentry"],"pp_statuses_selecting_workflow":false,"pp_workflow_action":"current","pp_status_selection":"publish","taxonomy_info":[],"featured_image_src_large":false,"author_info":{"display_name":"Ariana Enomoto","author_link":"https:\/\/hawaiipublicschools.org\/es\/author\/arianastaceyleong-com\/"},"comment_info":0,"publishpress_future_action":{"enabled":false,"date":"2026-04-13 13:44:58","action":"change-status","newStatus":"draft","terms":[],"taxonomy":"","extraData":[]},"publishpress_future_workflow_manual_trigger":{"enabledWorkflows":[]},"_links":{"self":[{"href":"https:\/\/hawaiipublicschools.org\/es\/wp-json\/wp\/v2\/pages\/42","targetHints":{"allow":["GET"]}}],"collection":[{"href":"https:\/\/hawaiipublicschools.org\/es\/wp-json\/wp\/v2\/pages"}],"about":[{"href":"https:\/\/hawaiipublicschools.org\/es\/wp-json\/wp\/v2\/types\/page"}],"author":[{"embeddable":true,"href":"https:\/\/hawaiipublicschools.org\/es\/wp-json\/wp\/v2\/users\/8"}],"replies":[{"embeddable":true,"href":"https:\/\/hawaiipublicschools.org\/es\/wp-json\/wp\/v2\/comments?post=42"}],"version-history":[{"count":0,"href":"https:\/\/hawaiipublicschools.org\/es\/wp-json\/wp\/v2\/pages\/42\/revisions"}],"up":[{"embeddable":true,"href":"https:\/\/hawaiipublicschools.org\/es\/wp-json\/wp\/v2\/pages\/22"}],"wp:attachment":[{"href":"https:\/\/hawaiipublicschools.org\/es\/wp-json\/wp\/v2\/media?parent=42"}],"curies":[{"name":"wp","href":"https:\/\/api.w.org\/{rel}","templated":true}]}}