{"id":41,"date":"2024-09-04T22:21:51","date_gmt":"2024-09-04T22:21:51","guid":{"rendered":"https:\/\/hawaiipublicschools.org\/?page_id=41"},"modified":"2025-02-25T12:10:24","modified_gmt":"2025-02-25T22:10:24","slug":"general-learner-outcomes-glos","status":"publish","type":"page","link":"https:\/\/hawaiipublicschools.org\/es\/academics\/general-learner-outcomes-glos\/","title":{"rendered":"Resultados generales del aprendizaje (GLO)"},"content":{"rendered":"<p class=\"intro\">Los resultados generales del aprendizaje (GLO, por sus siglas en ingl\u00e9s) son la base del aprendizaje basado en est\u00e1ndares para todos los estudiantes, en todos los niveles. Estos resultados gu\u00edan a los educadores m\u00e1s all\u00e1 del mero \u00e9xito acad\u00e9mico, con el objetivo de cultivar estudiantes integrales, comprometidos y de por vida. Los maestros utilizan r\u00fabricas alineadas con los GLO para evaluar a los estudiantes de manera integral, ayud\u00e1ndolos a desarrollar habilidades que son esenciales para el \u00e9xito en la escuela y m\u00e1s all\u00e1.<\/p>\n\n\n\n<p>Caracter\u00edsticas del alumno<\/p>\n\n\n\n<ul class=\"wp-block-list\">\n<li><strong>Aprendiz autodirigido:<\/strong> La capacidad de ser responsable del propio aprendizaje.<\/li>\n\n\n\n<li><strong>Colaborador de la comunidad: <\/strong>La comprensi\u00f3n de que es esencial que los seres humanos trabajen juntos.<\/li>\n\n\n\n<li><strong>Pensador complejo:<\/strong> La capacidad de demostrar pensamiento cr\u00edtico y resoluci\u00f3n de problemas.<\/li>\n\n\n\n<li><strong>Productor de calidad:<\/strong> La capacidad de reconocer y producir resultados y productos de calidad.<\/li>\n\n\n\n<li><strong>Comunicador eficaz:<\/strong> La capacidad de comunicarse eficazmente.<\/li>\n\n\n\n<li><strong>Usuario eficaz y \u00e9tico de la tecnolog\u00eda:<\/strong> La capacidad de utilizar una variedad de tecnolog\u00edas de manera efectiva y \u00e9tica.&nbsp;<\/li>\n<\/ul>\n\n\n\n<p><\/p>","protected":false},"excerpt":{"rendered":"<p>The General Learner Outcomes (GLOs) are the foundation of standards-based learning for all students, across all grade levels. These outcomes guide educators beyond just academic success, aiming to cultivate well-rounded, engaged and lifelong learners. Teachers use GLO-aligned rubrics to assess students holistically, helping them grow in skills that are essential for success in school and [&hellip;]<\/p>","protected":false},"author":8,"featured_media":0,"parent":22,"menu_order":20,"comment_status":"closed","ping_status":"closed","template":"","meta":{"_relevanssi_hide_post":"","_relevanssi_hide_content":"","_relevanssi_pin_for_all":"","_relevanssi_pin_keywords":"","_relevanssi_unpin_keywords":"","_relevanssi_related_keywords":"","_relevanssi_related_include_ids":"","_relevanssi_related_exclude_ids":"","_relevanssi_related_no_append":"","_relevanssi_related_not_related":"","_relevanssi_related_posts":"","_relevanssi_noindex_reason":"","_sitemap_exclude":false,"_sitemap_priority":"","_sitemap_frequency":"","_kad_blocks_custom_css":"","_kad_blocks_head_custom_js":"","_kad_blocks_body_custom_js":"","_kad_blocks_footer_custom_js":"","wp_popup_display_lightbox":0,"wp_popup_suppress":"","wp_popup_trigger":"","wp_popup_trigger_amount":0,"wp_popup_disable_on_mobile":false,"footnotes":""},"class_list":["post-41","page","type-page","status-publish","hentry"],"pp_statuses_selecting_workflow":false,"pp_workflow_action":"current","pp_status_selection":"publish","taxonomy_info":[],"featured_image_src_large":false,"author_info":{"display_name":"Ariana Enomoto","author_link":"https:\/\/hawaiipublicschools.org\/es\/author\/arianastaceyleong-com\/"},"comment_info":0,"publishpress_future_action":{"enabled":false,"date":"2026-05-15 10:35:03","action":"change-status","newStatus":"draft","terms":[],"taxonomy":"","extraData":[]},"publishpress_future_workflow_manual_trigger":{"enabledWorkflows":[]},"_links":{"self":[{"href":"https:\/\/hawaiipublicschools.org\/es\/wp-json\/wp\/v2\/pages\/41","targetHints":{"allow":["GET"]}}],"collection":[{"href":"https:\/\/hawaiipublicschools.org\/es\/wp-json\/wp\/v2\/pages"}],"about":[{"href":"https:\/\/hawaiipublicschools.org\/es\/wp-json\/wp\/v2\/types\/page"}],"author":[{"embeddable":true,"href":"https:\/\/hawaiipublicschools.org\/es\/wp-json\/wp\/v2\/users\/8"}],"replies":[{"embeddable":true,"href":"https:\/\/hawaiipublicschools.org\/es\/wp-json\/wp\/v2\/comments?post=41"}],"version-history":[{"count":0,"href":"https:\/\/hawaiipublicschools.org\/es\/wp-json\/wp\/v2\/pages\/41\/revisions"}],"up":[{"embeddable":true,"href":"https:\/\/hawaiipublicschools.org\/es\/wp-json\/wp\/v2\/pages\/22"}],"wp:attachment":[{"href":"https:\/\/hawaiipublicschools.org\/es\/wp-json\/wp\/v2\/media?parent=41"}],"curies":[{"name":"wp","href":"https:\/\/api.w.org\/{rel}","templated":true}]}}