{"id":36,"date":"2024-09-04T22:17:27","date_gmt":"2024-09-04T22:17:27","guid":{"rendered":"https:\/\/hawaiipublicschools.org\/?page_id=36"},"modified":"2026-04-02T10:55:57","modified_gmt":"2026-04-02T20:55:57","slug":"graduation-requirements","status":"publish","type":"page","link":"https:\/\/hawaiipublicschools.org\/es\/academics\/graduation-requirements\/","title":{"rendered":"Requisitos de graduaci\u00f3n"},"content":{"rendered":"<p class=\"intro\" style=\"font-size:clamp(0.875rem, 0.875rem + ((1vw - 0.2rem) * 0.531), 1.3rem);\">Obtener un diploma de escuela secundaria es un hito que sienta las bases para el \u00e9xito futuro. Las escuelas p\u00fablicas de Haw\u00e1i preparan a los estudiantes para la universidad, las carreras y el compromiso con la comunidad a trav\u00e9s de rigurosos est\u00e1ndares acad\u00e9micos y diversas oportunidades de aprendizaje. Esta p\u00e1gina describe los requisitos de cursos y cr\u00e9ditos para obtener un diploma de secundaria de Haw\u00e1i, as\u00ed como las v\u00edas de reconocimiento de honores, logros STEM y el prestigioso Sello de Alfabetizaci\u00f3n Biling\u00fce.<\/p>\n\n\n\n<h2 class=\"wp-block-heading\">VISI\u00d3N DE UN GRADUADO DE LA ESCUELA P\u00daBLICA<\/h2>\n\n\n\n<p>High school graduation requirements are set by <a href=\"https:\/\/boe.hawaii.gov\/wp-content\/uploads\/20260108_SAC_Visionpolicyrev.pdf\" data-type=\"link\" data-id=\"https:\/\/boe.hawaii.gov\/wp-content\/uploads\/20260108_SAC_Visionpolicyrev.pdf\" target=\"_blank\" rel=\"noreferrer noopener\">Board of Education policy<\/a> (PDF). The Hawai\u02bbi State Department of Education, together with families and communities, envisions every graduate as a lifelong learner who is globally competitive and locally committed.<\/p>\n\n\n\n<p>Graduates will:<\/p>\n\n\n\n<ul class=\"wp-block-list\">\n<li>Apply academic knowledge and an innovative mindset to think critically, communicate effectively and create impactful contributions in the pursuit of excellence.<\/li>\n\n\n\n<li>Be resilient and adaptable to an ever-changing world. Graduates will take initiative in charting their next steps to advance their life journey, such as pursuing postsecondary education, a career, entrepreneurship, service or exploration.<\/li>\n\n\n\n<li>Cultivate well-being and compassion, care for self and others, and build deep roots in Hawai`i to fulfill their kuleana and strengthen their community.<\/li>\n<\/ul>\n\n\n\n<h2 class=\"wp-block-heading\">Obtener un diploma<\/h2>\n\n\n\n<p>Se expedir\u00e1 un diploma de bachillerato a los alumnos que cumplan los siguientes requisitos m\u00ednimos de cursos y cr\u00e9ditos:<\/p>\n\n\n\n<figure class=\"wp-block-table\"><table class=\"has-fixed-layout mtr-table mtr-thead-th\"><thead><tr><th data-mtr-content=\"Subject\" class=\"mtr-th-tag\"><div class=\"mtr-cell-content\">Sujeto<\/div><\/th><th data-mtr-content=\"High School Diploma\" class=\"mtr-th-tag\"><div class=\"mtr-cell-content\"><strong>Diploma de escuela secundaria<\/strong><\/div><\/th><\/tr><\/thead><tbody><tr><td data-mtr-content=\"Subject\" class=\"mtr-td-tag\"><div class=\"mtr-cell-content\">Ingl\u00e9s<\/div><\/td><td data-mtr-content=\"High School Diploma\" class=\"mtr-td-tag\"><div class=\"mtr-cell-content\"><strong>4 cr\u00e9ditos<\/strong>: Artes del lenguaje ingl\u00e9s 1 (1,0 cr\u00e9dito) y Artes del lenguaje ingl\u00e9s 2 (1,0 cr\u00e9dito); Escritura expositiva* (0,5 cr\u00e9dito); y<br>Materias optativas de lengua y literatura alineadas con el Common Core o basadas en competencias<br>equivalentes [optativas b\u00e1sicas de ELA (1,5 cr\u00e9ditos)].<\/div><\/td><\/tr><tr><td data-mtr-content=\"Subject\" class=\"mtr-td-tag\"><div class=\"mtr-cell-content\">Estudios sociales<\/div><\/td><td data-mtr-content=\"High School Diploma\" class=\"mtr-td-tag\"><div class=\"mtr-cell-content\"><strong>4 cr\u00e9ditos<\/strong>:Historia y Gobierno de los EE. UU. (1,0 cr\u00e9dito); Historia y Cultura Mundial (1,0 cr\u00e9dito); Historia Moderna de Haw\u00e1i (0,5 cr\u00e9dito); Participaci\u00f3n en una Democracia (0,5 cr\u00e9dito); y optativa b\u00e1sica de Estudios Sociales (1,0 cr\u00e9dito).<\/div><\/td><\/tr><tr><td data-mtr-content=\"Subject\" class=\"mtr-td-tag\"><div class=\"mtr-cell-content\">Matem\u00e1ticas<\/div><\/td><td data-mtr-content=\"High School Diploma\" class=\"mtr-td-tag\"><div class=\"mtr-cell-content\"><strong>3 cr\u00e9ditos<\/strong>:\u00c1lgebra 1 (1,0 cr\u00e9dito); Geometr\u00eda (1,0 cr\u00e9dito); y optativa b\u00e1sica de matem\u00e1ticas (1,0 cr\u00e9dito)<\/div><\/td><\/tr><tr><td data-mtr-content=\"Subject\" class=\"mtr-td-tag\"><div class=\"mtr-cell-content\">Ciencia<\/div><\/td><td data-mtr-content=\"High School Diploma\" class=\"mtr-td-tag\"><div class=\"mtr-cell-content\"><strong>3 cr\u00e9ditos<\/strong>: Biolog\u00eda 1 (1,0 cr\u00e9dito); y optativas b\u00e1sicas de ciencias (2,0 cr\u00e9ditos)<\/div><\/td><\/tr><tr><td data-mtr-content=\"Subject\" class=\"mtr-td-tag\"><div class=\"mtr-cell-content\">Educaci\u00f3n t\u00e9cnica y profesional en bellas artes y lenguas del mundo\/JROTC<\/div><\/td><td data-mtr-content=\"High School Diploma\" class=\"mtr-td-tag\"><div class=\"mtr-cell-content\"><strong>2 cr\u00e9ditos<\/strong> en uno de los programas de estudio especificados.<\/div><\/td><\/tr><tr><td data-mtr-content=\"Subject\" class=\"mtr-td-tag\"><div class=\"mtr-cell-content\">Educaci\u00f3n F\u00edsica (EF)<\/div><\/td><td data-mtr-content=\"High School Diploma\" class=\"mtr-td-tag\"><div class=\"mtr-cell-content\"><strong>1 cr\u00e9dito<\/strong>: Educaci\u00f3n F\u00edsica Aptitud F\u00edsica para toda la Vida (0,5 cr\u00e9ditos); y Educaci\u00f3n F\u00edsica optativa b\u00e1sica (0,5 cr\u00e9ditos)<\/div><\/td><\/tr><tr><td data-mtr-content=\"Subject\" class=\"mtr-td-tag\"><div class=\"mtr-cell-content\">Salud<\/div><\/td><td data-mtr-content=\"High School Diploma\" class=\"mtr-td-tag\"><div class=\"mtr-cell-content\"><strong>0,5 cr\u00e9ditos<\/strong> En salud hoy y ma\u00f1ana<\/div><\/td><\/tr><tr><td data-mtr-content=\"Subject\" class=\"mtr-td-tag\"><div class=\"mtr-cell-content\">Plan de Transici\u00f3n Personal<\/div><\/td><td data-mtr-content=\"High School Diploma\" class=\"mtr-td-tag\"><div class=\"mtr-cell-content\"><strong>0,5 cr\u00e9ditos<\/strong><\/div><\/td><\/tr><tr><td data-mtr-content=\"Subject\" class=\"mtr-td-tag\"><div class=\"mtr-cell-content\">Optativas (Cualquier \u00e1rea tem\u00e1tica)<\/div><\/td><td data-mtr-content=\"High School Diploma\" class=\"mtr-td-tag\"><div class=\"mtr-cell-content\"><strong>6 cr\u00e9ditos<\/strong><\/div><\/td><\/tr><tr><td data-mtr-content=\"Subject\" class=\"mtr-td-tag\"><div class=\"mtr-cell-content\"><strong>TOTAL:<\/strong><\/div><\/td><td data-mtr-content=\"High School Diploma\" class=\"mtr-td-tag\"><div class=\"mtr-cell-content\"><strong>24 cr\u00e9ditos<\/strong><\/div><\/td><\/tr><\/tbody><\/table><\/figure>\n\n\n\n<p>*<em>O curso equivalente.<\/em><\/p>\n\n\n\n<p><em><br><\/em>Notas:<\/p>\n\n\n\n<ol class=\"wp-block-list\">\n<li>Dos cr\u00e9ditos en un solo idioma del mundo. Los cr\u00e9ditos deben cursarse en secuencia con n\u00fameros de cursos consecutivos en el estudio de un idioma.<\/li>\n\n\n\n<li>Dos cr\u00e9ditos en una disciplina de Bellas Artes: Artes Pl\u00e1sticas, M\u00fasica, Teatro o Danza. No es necesario que los cr\u00e9ditos sean en una sola disciplina.<\/li>\n\n\n\n<li>CTE: Dos cr\u00e9ditos deben estar en un solo curso. <a href=\"https:\/\/hawaiipublicschools.org\/es\/academics\/secondary-middle-high-school\/career-technical-education\/\">Programa de estudio de trayectoria profesional<\/a> secuencia. JROTC: Dos cursos JROTC consecutivos cumplen con dos cr\u00e9ditos CTE para los requisitos del diploma.<\/li>\n<\/ol>\n\n\n\n<h2 class=\"wp-block-heading\">Requisitos para el certificado de reconocimiento de honores<\/h2>\n\n\n\n<p>Adem\u00e1s de cumplir con los requisitos para obtener el diploma de secundaria Hawai\u02bbi, los estudiantes deben alcanzar un promedio acumulativo de 3.0 o m\u00e1s para calificar para un certificado de reconocimiento de honores en uno o m\u00e1s de los honores que se describen a continuaci\u00f3n.<\/p>\n\n\n\n<figure class=\"wp-block-image alignright size-large is-resized\"><img loading=\"lazy\" decoding=\"async\" width=\"1024\" height=\"683\" src=\"https:\/\/hawaiipublicschools.org\/wp-content\/uploads\/2024\/12\/HIDOE_Graduation-1024x683.jpg\" alt=\"Advisor and graduating high school student posing for a photo while passing a diploma\" class=\"wp-image-2553\" style=\"width:390px\" srcset=\"https:\/\/hawaiipublicschools.org\/wp-content\/uploads\/2024\/12\/HIDOE_Graduation-1024x683.jpg 1024w, https:\/\/hawaiipublicschools.org\/wp-content\/uploads\/2024\/12\/HIDOE_Graduation-300x200.jpg 300w, https:\/\/hawaiipublicschools.org\/wp-content\/uploads\/2024\/12\/HIDOE_Graduation-768x512.jpg 768w, https:\/\/hawaiipublicschools.org\/wp-content\/uploads\/2024\/12\/HIDOE_Graduation-18x12.jpg 18w, https:\/\/hawaiipublicschools.org\/wp-content\/uploads\/2024\/12\/HIDOE_Graduation.jpg 1200w\" sizes=\"auto, (max-width: 1024px) 100vw, 1024px\" \/><\/figure>\n\n\n\n<h3 class=\"wp-block-heading\">Honores<\/h3>\n\n\n\n<h4 class=\"wp-block-heading\">Honores acad\u00e9micos<\/h4>\n\n\n\n<ul class=\"wp-block-list\">\n<li>4 cr\u00e9ditos de matem\u00e1ticas: Los cuatro cr\u00e9ditos deben incluir un cr\u00e9dito para \u00c1lgebra 2 y un cr\u00e9dito m\u00e1s all\u00e1 de \u00c1lgebra 2. El cr\u00e9dito m\u00e1s all\u00e1 de \u00c1lgebra 2 debe obtenerse a trav\u00e9s de los siguientes cursos o cursos de matem\u00e1ticas equivalentes de Running Start: \u00c1lgebra 3, Trigonometr\u00eda, Geometr\u00eda anal\u00edtica, Prec\u00e1lculo, Probabilidad, Estad\u00edstica, Introducci\u00f3n a las matem\u00e1ticas universitarias, C\u00e1lculo, C\u00e1lculo AP, Ciencias de la computaci\u00f3n A AP, Principios de ciencias de la computaci\u00f3n AP, Estudios de matem\u00e1ticas IB o Nivel est\u00e1ndar de matem\u00e1ticas IB, Y<\/li>\n\n\n\n<li>4 cr\u00e9ditos de ciencias: De los cuatro cr\u00e9ditos, un cr\u00e9dito debe ser en Biolog\u00eda 1 o Biolog\u00eda IB equivalente; o cursos de Biolog\u00eda AP, Y<\/li>\n\n\n\n<li>Se deben obtener un m\u00ednimo de 2 cr\u00e9ditos de cursos AP\/IB\/Running Start (equivalentes a cr\u00e9ditos de dos cursos universitarios).<\/li>\n<\/ul>\n\n\n\n<p><\/p>\n\n\n\n<h4 class=\"wp-block-heading\">Honores de CTE<\/h4>\n\n\n\n<p>Completar dos cursos en un <a href=\"https:\/\/hawaiipublicschools.org\/es\/academics\/secondary-middle-high-school\/career-technical-education\/\" data-type=\"page\" data-id=\"111\">Programa de estudio<\/a>.<\/p>\n\n\n\n<ul class=\"wp-block-list\">\n<li>Obtener una calificaci\u00f3n B o superior en cada programa de estudio requerido (cursos).<\/li>\n\n\n\n<li>Cumplir o superar la competencia en las evaluaciones basadas en el desempe\u00f1o para el programa de estudio correspondiente.<\/li>\n<\/ul>\n\n\n\n<h4 class=\"wp-block-heading\">Honores STEM<\/h4>\n\n\n\n<p>4 cr\u00e9ditos de matem\u00e1ticas: Los cuatro cr\u00e9ditos deben incluir un cr\u00e9dito para \u00c1lgebra 2 y un cr\u00e9dito m\u00e1s all\u00e1 de \u00c1lgebra 2. El cr\u00e9dito m\u00e1s all\u00e1 de \u00c1lgebra 2 debe obtenerse a trav\u00e9s de los siguientes cursos o cursos de matem\u00e1ticas equivalentes de Running Start: \u00c1lgebra 3, Trigonometr\u00eda, Geometr\u00eda anal\u00edtica, Prec\u00e1lculo, Probabilidad, Estad\u00edstica, Introducci\u00f3n a las matem\u00e1ticas universitarias, C\u00e1lculo, C\u00e1lculo AP, Ciencias de la computaci\u00f3n A AP, Principios de ciencias de la computaci\u00f3n AP, Estudios de matem\u00e1ticas IB o Nivel est\u00e1ndar de matem\u00e1ticas IB, Y<\/p>\n\n\n\n<ul class=\"wp-block-list\">\n<li>4 cr\u00e9ditos de ciencias: De los cuatro cr\u00e9ditos, un cr\u00e9dito debe ser en Biolog\u00eda 1 o Biolog\u00eda IB equivalente; o cursos de Biolog\u00eda AP.<\/li>\n\n\n\n<li>Finalizaci\u00f3n exitosa de un <a href=\"https:\/\/docs.google.com\/document\/d\/1CgTzqHZr4kImwllx0L5Xn3ppPAWqvqS1xrGQqh6py0Q\" target=\"_blank\" rel=\"noreferrer noopener\">Proyecto final de STEM (Documentos de Google)<\/a> en uno de los cursos aprobados de ACCN.<\/li>\n<\/ul>\n\n\n\n<h3 class=\"wp-block-heading\">Promedio de calificaciones<\/h3>\n\n\n\n<p>Este promedio de calificaciones acumulativo se aplica a todos los graduados. Obtenga m\u00e1s informaci\u00f3n sobre <a href=\"\/es\/DOE%20Forms\/GPA.pdf\/\">C\u00f3mo se calcula el GPA<\/a>.<\/p>\n\n\n\n<ul class=\"wp-block-list\">\n<li>Cum Laude con un GPA de 3.0 a 3.5.<\/li>\n\n\n\n<li>Magna Cum Laude con un GPA de 3.5+ a 3.8.<\/li>\n\n\n\n<li>Summa Cum Laude con un GPA de 3.8+ y superior.<\/li>\n<\/ul>\n\n\n\n<h3 class=\"wp-block-heading\">Designaci\u00f3n de alumno destacado<\/h3>\n\n\n\n<p>A partir de la clase de 2016 en adelante, los estudiantes que se grad\u00faen ser\u00e1n declarados mejores estudiantes si cumplen los siguientes criterios:<\/p>\n\n\n\n<ul class=\"wp-block-list\">\n<li>GPA de 4.0; y<\/li>\n\n\n\n<li>Obtuvo y cumpli\u00f3 los requisitos de uno de los Certificados de Reconocimiento de Honor.<\/li>\n<\/ul>\n\n\n\n<p>Los estudiantes que ostenten el t\u00edtulo de mejor alumno recibir\u00e1n su nombre despu\u00e9s del tercer trimestre.<\/p>\n\n\n\n<h2 class=\"wp-block-heading\">Sello de Bialfabetizaci\u00f3n<\/h2>\n\n\n\n<p>La Junta de Educaci\u00f3n del Estado de Haw\u00e1i estableci\u00f3 una <a href=\"https:\/\/hawaiipublicschools.org\/es\/academics\/seal-of-biliteracy\/\" data-type=\"page\" data-id=\"37\">Sello de Bialfabetizaci\u00f3n<\/a> que se otorgar\u00e1 al graduarse a los estudiantes que demuestren un alto nivel de competencia en ambos idiomas oficiales del estado (ingl\u00e9s y hawaiano) O en cualquiera de los dos idiomas oficiales del estado y al menos un idioma adicional, incluido el lenguaje de se\u00f1as estadounidense.<\/p>\n\n\n\n<h2 class=\"wp-block-heading\">Ejercicios de iniciaci\u00f3n<\/h2>\n\n\n\n<p>Los ejercicios de graduaci\u00f3n pueden programarse en cualquier momento despu\u00e9s del \u00faltimo d\u00eda de clases para los estudiantes de \u00faltimo a\u00f1o. El Departamento de Educaci\u00f3n del Estado de Haw\u00e1i fijar\u00e1 el \u00faltimo d\u00eda de clases para los alumnos del \u00faltimo a\u00f1o. Los estudiantes podr\u00e1n participar en la ceremonia de graduaci\u00f3n si:<\/p>\n\n\n\n<ol class=\"wp-block-list\">\n<li>Cumplir con los requisitos para obtener un diploma o un certificado;<\/li>\n\n\n\n<li>Han cumplido con sus obligaciones financieras; y<\/li>\n\n\n\n<li>Cumplir con las dem\u00e1s condiciones que establezca el Departamento, que cumplan con los est\u00e1ndares de claridad, razonabilidad y justificabilidad.<\/li>\n<\/ol>\n\n\n\n<h2 class=\"wp-block-heading\">Folleto sobre requisitos de graduaci\u00f3n<\/h2>\n\n\n\n<p><a href=\"https:\/\/hawaiipublicschools.org\/es\/DOE%20Forms\/Graduation%20Brochures\/GraduationBrochure.pdf\/\" data-type=\"link\" data-id=\"https:\/\/hawaiipublicschools.org\/DOE%20Forms\/Graduation%20Brochures\/GraduationBrochure.pdf\" target=\"_blank\" rel=\"noreferrer noopener\">Folleto de requisitos de graduaci\u00f3n \u2013 Ingl\u00e9s (PDF)<\/a> Est\u00e1 disponible en los siguientes idiomas:<\/p>\n\n\n\n<div class=\"wp-block-columns is-layout-flex wp-container-core-columns-is-layout-28f84493 wp-block-columns-is-layout-flex\">\n<div class=\"wp-block-column is-layout-flow wp-block-column-is-layout-flow\">\n<ul class=\"wp-block-list\">\n<li><a href=\"https:\/\/hawaiipublicschools.org\/es\/DOE%20Forms\/Graduation%20Brochures\/Translations\/GraduationRequirements-HAW.pdf\/\" target=\"_blank\" rel=\"noreferrer noopener\">Hawaiano (PDF)<\/a><\/li>\n\n\n\n<li><a href=\"https:\/\/hawaiipublicschools.org\/es\/DOE%20Forms\/Graduation%20Brochures\/Translations\/GraduationRequirements-CEB.pdf\/\" target=\"_blank\" rel=\"noreferrer noopener\">Cebuano (PDF)<\/a><\/li>\n\n\n\n<li><a href=\"https:\/\/hawaiipublicschools.org\/es\/DOE%20Forms\/Graduation%20Brochures\/Translations\/GraduationRequirements-CHS.pdf\/\" target=\"_blank\" rel=\"noreferrer noopener\">Chino simplificado (PDF)<\/a><\/li>\n\n\n\n<li><a href=\"https:\/\/hawaiipublicschools.org\/es\/DOE%20Forms\/Graduation%20Brochures\/Translations\/GraduationRequirements-CHT.pdf\/\" target=\"_blank\" rel=\"noreferrer noopener\">Chino tradicional (PDF)<\/a><\/li>\n\n\n\n<li><a href=\"https:\/\/hawaiipublicschools.org\/es\/DOE%20Forms\/Graduation%20Brochures\/Translations\/GraduationRequirements-CHK.pdf\/\" target=\"_blank\" rel=\"noreferrer noopener\">Chuukese (PDF)<\/a><\/li>\n<\/ul>\n<\/div>\n\n\n\n<div class=\"wp-block-column is-layout-flow wp-block-column-is-layout-flow\">\n<ul class=\"wp-block-list\">\n<li><a href=\"https:\/\/hawaiipublicschools.org\/es\/DOE%20Forms\/Graduation%20Brochures\/Translations\/GraduationRequirements-ILO.pdf\/\" target=\"_blank\" rel=\"noreferrer noopener\">Ilocano (PDF)<\/a><\/li>\n\n\n\n<li><a href=\"https:\/\/hawaiipublicschools.org\/es\/DOE%20Forms\/Graduation%20Brochures\/Translations\/GraduationRequirements-JPN.pdf\/\" target=\"_blank\" rel=\"noreferrer noopener\">Japon\u00e9s (PDF)<\/a><\/li>\n\n\n\n<li><a href=\"https:\/\/hawaiipublicschools.org\/es\/DOE%20Forms\/Graduation%20Brochures\/Translations\/GraduationRequirements-KOR.pdf\/\" target=\"_blank\" rel=\"noreferrer noopener\">Coreano (PDF)<\/a><\/li>\n\n\n\n<li><a href=\"https:\/\/hawaiipublicschools.org\/es\/DOE%20Forms\/Graduation%20Brochures\/Translations\/GraduationRequirements-MAH.pdf\/\" target=\"_blank\" rel=\"noreferrer noopener\">marshal\u00e9s (PDF)<\/a><\/li>\n\n\n\n<li><a href=\"https:\/\/hawaiipublicschools.org\/es\/DOE%20Forms\/Graduation%20Brochures\/Translations\/GraduationRequirements-SMO.pdf\/\" target=\"_blank\" rel=\"noreferrer noopener\">Samoano (PDF)<\/a><\/li>\n<\/ul>\n<\/div>\n\n\n\n<div class=\"wp-block-column is-layout-flow wp-block-column-is-layout-flow\">\n<ul class=\"wp-block-list\">\n<li><a href=\"https:\/\/hawaiipublicschools.org\/es\/DOE%20Forms\/Graduation%20Brochures\/Translations\/GraduationRequirements-SPL.pdf\/\" target=\"_blank\" rel=\"noreferrer noopener\">Espa\u00f1ol (PDF)<\/a><\/li>\n\n\n\n<li><a href=\"https:\/\/hawaiipublicschools.org\/es\/DOE%20Forms\/Graduation%20Brochures\/Translations\/GraduationRequirements-TAG.pdf\/\" target=\"_blank\" rel=\"noreferrer noopener\">Tagalo (PDF)<\/a><\/li>\n\n\n\n<li><a href=\"https:\/\/hawaiipublicschools.org\/es\/DOE%20Forms\/Graduation%20Brochures\/Translations\/GraduationRequirements-THA.pdf\/\" target=\"_blank\" rel=\"noreferrer noopener\">Tailand\u00e9s (PDF)<\/a><\/li>\n\n\n\n<li><a href=\"https:\/\/hawaiipublicschools.org\/es\/DOE%20Forms\/Graduation%20Brochures\/Translations\/GraduationRequirements-TON.pdf\/\" target=\"_blank\" rel=\"noreferrer noopener\">Tongano (PDF)<\/a><\/li>\n\n\n\n<li><a href=\"https:\/\/hawaiipublicschools.org\/es\/DOE%20Forms\/Graduation%20Brochures\/Translations\/GraduationRequirements-VIE.pdf\/\" target=\"_blank\" rel=\"noreferrer noopener\">vietnamita\u200b (PDF)<\/a><\/li>\n<\/ul>\n<\/div>\n<\/div>\n\n\n\n<p><\/p>\n\n\n\n<p><\/p>\n\n\n\n<p><\/p>\n\n\n\n<p><\/p>\n\n\n\n<p><\/p>","protected":false},"excerpt":{"rendered":"<p>Obtener un diploma de escuela secundaria es un hito que sienta las bases para el \u00e9xito futuro. Las escuelas p\u00fablicas de Haw\u00e1i preparan a los estudiantes para la universidad, las carreras y el compromiso con la comunidad a trav\u00e9s de rigurosos est\u00e1ndares acad\u00e9micos y diversas oportunidades de aprendizaje. Esta p\u00e1gina describe los requisitos de cursos y cr\u00e9ditos para obtener un diploma de escuela secundaria de Haw\u00e1i, as\u00ed como las v\u00edas para el reconocimiento de honores, [...]<\/p>","protected":false},"author":8,"featured_media":0,"parent":22,"menu_order":31,"comment_status":"closed","ping_status":"closed","template":"","meta":{"_relevanssi_hide_post":"","_relevanssi_hide_content":"","_relevanssi_pin_for_all":"","_relevanssi_pin_keywords":"","_relevanssi_unpin_keywords":"","_relevanssi_related_keywords":"","_relevanssi_related_include_ids":"","_relevanssi_related_exclude_ids":"","_relevanssi_related_no_append":"","_relevanssi_related_not_related":"","_relevanssi_related_posts":"9867,10227,10412,10890,893,9791","_relevanssi_noindex_reason":"","_sitemap_exclude":false,"_sitemap_priority":"","_sitemap_frequency":"","_kad_blocks_custom_css":"","_kad_blocks_head_custom_js":"","_kad_blocks_body_custom_js":"","_kad_blocks_footer_custom_js":"","wp_popup_display_lightbox":0,"wp_popup_suppress":"","wp_popup_trigger":"","wp_popup_trigger_amount":0,"wp_popup_disable_on_mobile":false,"footnotes":""},"class_list":["post-36","page","type-page","status-publish","hentry"],"pp_statuses_selecting_workflow":false,"pp_workflow_action":"current","pp_status_selection":"publish","taxonomy_info":[],"featured_image_src_large":false,"author_info":{"display_name":"Ariana Enomoto","author_link":"https:\/\/hawaiipublicschools.org\/es\/author\/arianastaceyleong-com\/"},"comment_info":0,"publishpress_future_action":{"enabled":false,"date":"2026-04-23 10:48:22","action":"change-status","newStatus":"draft","terms":[],"taxonomy":"","extraData":[]},"publishpress_future_workflow_manual_trigger":{"enabledWorkflows":[]},"_links":{"self":[{"href":"https:\/\/hawaiipublicschools.org\/es\/wp-json\/wp\/v2\/pages\/36","targetHints":{"allow":["GET"]}}],"collection":[{"href":"https:\/\/hawaiipublicschools.org\/es\/wp-json\/wp\/v2\/pages"}],"about":[{"href":"https:\/\/hawaiipublicschools.org\/es\/wp-json\/wp\/v2\/types\/page"}],"author":[{"embeddable":true,"href":"https:\/\/hawaiipublicschools.org\/es\/wp-json\/wp\/v2\/users\/8"}],"replies":[{"embeddable":true,"href":"https:\/\/hawaiipublicschools.org\/es\/wp-json\/wp\/v2\/comments?post=36"}],"version-history":[{"count":3,"href":"https:\/\/hawaiipublicschools.org\/es\/wp-json\/wp\/v2\/pages\/36\/revisions"}],"predecessor-version":[{"id":19271,"href":"https:\/\/hawaiipublicschools.org\/es\/wp-json\/wp\/v2\/pages\/36\/revisions\/19271"}],"up":[{"embeddable":true,"href":"https:\/\/hawaiipublicschools.org\/es\/wp-json\/wp\/v2\/pages\/22"}],"wp:attachment":[{"href":"https:\/\/hawaiipublicschools.org\/es\/wp-json\/wp\/v2\/media?parent=36"}],"curies":[{"name":"wp","href":"https:\/\/api.w.org\/{rel}","templated":true}]}}