{"id":34,"date":"2024-09-04T22:15:38","date_gmt":"2024-09-04T22:15:38","guid":{"rendered":"https:\/\/hawaiipublicschools.org\/?page_id=34"},"modified":"2025-08-13T07:07:56","modified_gmt":"2025-08-13T17:07:56","slug":"adult-education","status":"publish","type":"page","link":"https:\/\/hawaiipublicschools.org\/es\/academics\/adult-education\/","title":{"rendered":"Educaci\u00f3n de adultos"},"content":{"rendered":"<h2 class=\"wp-block-heading\">Educaci\u00f3n de adultos<\/h2>\n\n\n\n<p>El Programa de Educaci\u00f3n para Adultos ofrece una amplia gama de cursos dise\u00f1ados para estudiantes adultos. Estos incluyen educaci\u00f3n b\u00e1sica, alfabetizaci\u00f3n en ingl\u00e9s y educaci\u00f3n c\u00edvica. Los adultos tambi\u00e9n pueden obtener diplomas importantes, como el Diploma de Escuela Comunitaria para Adultos de Haw\u00e1i, ya sea a trav\u00e9s de los ex\u00e1menes de Desarrollo Educativo General (GED) y de la Prueba de Equivalencia de Escuela Secundaria (HiSET), y el Diploma de Desarrollo de la Fuerza Laboral (WDD). Adem\u00e1s, las escuelas para adultos administran el curso de capacitaci\u00f3n de maestros sustitutos del Departamento. Estos cursos se llevan a cabo en las 10 escuelas comunitarias para adultos (CSA) del Departamento. Comun\u00edquese con la escuela m\u00e1s cercana a usted (ver a continuaci\u00f3n) para obtener informaci\u00f3n.&nbsp;<\/p>\n\n\n\n<h2 class=\"wp-block-heading\">Solicitudes de transcripci\u00f3n y verificaci\u00f3n<\/h2>\n\n\n\n<p>Todas las solicitudes de transcripciones y verificaci\u00f3n deben enviarse a la escuela a la que asiste. Vea a continuaci\u00f3n la informaci\u00f3n de contacto de cada CSA. Para consultas sobre Saint Louis School, llame directamente a su registrador al 808-739-4729.&nbsp;<\/p>\n\n\n\n<h2 class=\"wp-block-heading\">Inscripci\u00f3n<\/h2>\n\n\n\n<p>Los dos campus principales de CSA est\u00e1n en <a href=\"http:\/\/www.mcsahawaii.org\/\" target=\"_blank\" rel=\"noreferrer noopener\">Escuela comunitaria McKinley<\/a> y <a href=\"https:\/\/www.wcsahawaii.org\/\" target=\"_blank\" rel=\"noreferrer noopener\">Escuela comunitaria de Waipahu<\/a> Escuelas secundarias, con ocho sitios sat\u00e9lites.&nbsp;<\/p>\n\n\n\n<ul class=\"wp-block-list\">\n<li>Contacte con la escuela m\u00e1s cercana para consultar horarios y cursos de clases.&nbsp;<\/li>\n\n\n\n<li>Para transcripciones y solicitudes de verificaci\u00f3n educativa, comun\u00edquese con la escuela a la que asisti\u00f3 de la lista a continuaci\u00f3n.\u200b\u200b<\/li>\n<\/ul>\n\n\n\n<p><\/p>\n\n\n\n<figure class=\"wp-block-image size-full is-resized\"><img loading=\"lazy\" decoding=\"async\" width=\"195\" height=\"194\" src=\"https:\/\/hawaiipublicschools.org\/wp-content\/uploads\/2024\/12\/MCSA_Logo.png\" alt=\"McKinley Community School for Adults (MCSA) Logo\" class=\"wp-image-3248\" style=\"width:140px;height:auto\" srcset=\"https:\/\/hawaiipublicschools.org\/wp-content\/uploads\/2024\/12\/MCSA_Logo.png 195w, https:\/\/hawaiipublicschools.org\/wp-content\/uploads\/2024\/12\/MCSA_Logo-150x150.png 150w, https:\/\/hawaiipublicschools.org\/wp-content\/uploads\/2024\/12\/MCSA_Logo-12x12.png 12w\" sizes=\"auto, (max-width: 195px) 100vw, 195px\" \/><\/figure>\n\n\n\n<p class=\"has-text-align-left\"><a href=\"https:\/\/www.mcsahawaii.org\" target=\"_blank\" rel=\"noreferrer noopener\"><strong>Escuela comunitaria para adultos de McKinley (MCSA)<\/strong><\/a><br>Calle Pensacola 634, <br>Honolulu, Haw\u00e1i 96814<br>Tel\u00e9fono: 808-594-0540<br>Tel\u00e9fono: 808-594-0544<\/p>\n\n\n\n<div class=\"wp-block-columns is-layout-flex wp-container-core-columns-is-layout-28f84493 wp-block-columns-is-layout-flex\">\n<div class=\"wp-block-column is-layout-flow wp-block-column-is-layout-flow\">\n<p><a href=\"https:\/\/www.mcsahawaii.org\/apps\/pages\/index.jsp?uREC_ID=429194&amp;type=d\" target=\"_blank\" rel=\"noreferrer noopener\">Campus de Farrington de la MCSA<\/a><br>1564 N. Calle King, <br>Honolulu, Haw\u00e1i 96817<br>808-829-1399<\/p>\n<\/div>\n\n\n\n<div class=\"wp-block-column is-layout-flow wp-block-column-is-layout-flow\">\n<p><a href=\"https:\/\/www.mcsahawaii.org\/apps\/pages\/index.jsp?uREC_ID=429554&amp;type=d\" target=\"_blank\" rel=\"noreferrer noopener\">Campus de Kauai de MCSA<\/a><br>3607A Lala Rd., P-12, <br>Lihue, Haw\u00e1i 96766<br>808-274-3390<\/p>\n<\/div>\n\n\n\n<div class=\"wp-block-column is-layout-flow wp-block-column-is-layout-flow\">\n<p><a href=\"https:\/\/www.mcsahawaii.org\/apps\/pages\/index.jsp?uREC_ID=429197&amp;type=d\" target=\"_blank\" rel=\"noreferrer noopener\">Campus de MCSA en Maui<\/a><br>Avenida Kaahumanu 179, <br>Kahului, Haw\u00e1i 96732<br>808-873-3082<\/p>\n<\/div>\n\n\n\n<div class=\"wp-block-column is-layout-flow wp-block-column-is-layout-flow\">\n<p><a href=\"https:\/\/www.mcsahawaii.org\/apps\/pages\/index.jsp?uREC_ID=429149&amp;type=d\" target=\"_blank\" rel=\"noreferrer noopener\">Campus de MCSA-Moanalua<\/a><br>Calle Ala Ilima 2825-A, <br>Honolulu, Haw\u00e1i 96818<br>808-305-1180<\/p>\n<\/div>\n<\/div>\n\n\n\n<p><\/p>\n\n\n\n<figure class=\"wp-block-image size-full is-resized\"><img loading=\"lazy\" decoding=\"async\" width=\"248\" height=\"248\" src=\"https:\/\/hawaiipublicschools.org\/wp-content\/uploads\/2024\/12\/WCSA_Logo.png\" alt=\"Waipahu Community School for Adults (MCSA) Logo\" class=\"wp-image-3247\" style=\"width:140px;height:auto\" srcset=\"https:\/\/hawaiipublicschools.org\/wp-content\/uploads\/2024\/12\/WCSA_Logo.png 248w, https:\/\/hawaiipublicschools.org\/wp-content\/uploads\/2024\/12\/WCSA_Logo-150x150.png 150w, https:\/\/hawaiipublicschools.org\/wp-content\/uploads\/2024\/12\/WCSA_Logo-12x12.png 12w\" sizes=\"auto, (max-width: 248px) 100vw, 248px\" \/><\/figure>\n\n\n\n<p><a href=\"https:\/\/www.wcsahawaii.org\" target=\"_blank\" rel=\"noreferrer noopener\"><strong>Escuela comunitaria para adultos de Waipahu (WCSA)<\/strong><\/a><br>Carretera Farrington 94-521, <br>Waipahu, Haw\u00e1i 96797<br>Tel\u00e9fono: 808-307-9677<br>Tel\u00e9fono: 808-675-0259<\/p>\n\n\n\n<div class=\"wp-block-columns is-layout-flex wp-container-core-columns-is-layout-28f84493 wp-block-columns-is-layout-flex\">\n<div class=\"wp-block-column is-layout-flow wp-block-column-is-layout-flow\">\n<p><a href=\"https:\/\/www.wcsahawaii.org\/apps\/pages\/index.jsp?uREC_ID=3670308&amp;type=d&amp;pREC_ID=2418516\" target=\"_blank\" rel=\"noreferrer noopener\">Campus de Hilo de WCSA<\/a><br>Calle Kawili 155 W. P27, <br>Hilo, HI 96720<br>808-480-3231<\/p>\n<\/div>\n\n\n\n<div class=\"wp-block-column is-layout-flow wp-block-column-is-layout-flow\">\n<p><a href=\"https:\/\/www.wcsahawaii.org\/apps\/pages\/index.jsp?uREC_ID=3670309&amp;type=d&amp;pREC_ID=2418521\" target=\"_blank\" rel=\"noreferrer noopener\">Campus de Kona de WCSA<\/a><br>74-5062 Calle Onipaa, F-2, <br>Kailua-Kona, Haw\u00e1i 96740<br>808-313-3032<\/p>\n<\/div>\n\n\n\n<div class=\"wp-block-column is-layout-flow wp-block-column-is-layout-flow\">\n<p><a href=\"https:\/\/www.wcsahawaii.org\/apps\/pages\/index.jsp?uREC_ID=3670306&amp;type=d&amp;pREC_ID=2418504\" target=\"_blank\" rel=\"noreferrer noopener\">Campus de Wahiawa de WCSA<\/a><br>1515 California Ave., <br>Wahiawa, Haw\u00e1i 96786<br>808-305-3200<\/p>\n<\/div>\n\n\n\n<div class=\"wp-block-column is-layout-flow wp-block-column-is-layout-flow\">\n<p><a href=\"https:\/\/www.wcsahawaii.org\/apps\/pages\/index.jsp?uREC_ID=3670307&amp;type=d&amp;pREC_ID=2418511\" target=\"_blank\" rel=\"noreferrer noopener\">Campus Windward de WCSA<\/a><br>Calle Iliaina 730, <br>Kailua, Haw\u00e1i 96734<br>808-307-1455<\/p>\n<\/div>\n<\/div>\n\n\n\n<p><\/p>\n\n\n\n<h2 class=\"wp-block-heading\">Programas de Diploma<\/h2>\n\n\n\n<p>Las escuelas comunitarias para adultos de HIDOE est\u00e1n completamente acreditadas por la Asociaci\u00f3n Occidental de Escuelas y Universidades (WASC). El objetivo de los programas GED y HiSET es garantizar que los graduados que obtengan una Credencial de Equivalencia de Escuela Secundaria y\/o un Diploma de Escuela Comunitaria para Adultos de Haw\u00e1i est\u00e9n preparados para la carrera profesional y la educaci\u00f3n postsecundaria. Ambos est\u00e1n alineados con los Est\u00e1ndares Estatales B\u00e1sicos Comunes y los Est\u00e1ndares de Preparaci\u00f3n para la Universidad y la Carrera Nacionales.<\/p>\n\n\n\n<h3 class=\"wp-block-heading\">Desarrollo Educativo General&nbsp;<\/h3>\n\n\n\n<p>El examen GED proporciona un medio v\u00e1lido para medir el rendimiento educativo de los adultos que no se han graduado de la escuela secundaria y para comparar su competencia acad\u00e9mica con la de los graduados de la escuela secundaria. La bater\u00eda de pruebas GED consta de cinco pruebas: habilidades de redacci\u00f3n, estudios sociales, ciencias, interpretaci\u00f3n de la literatura y las artes, y matem\u00e1ticas. Las personas que completen con \u00e9xito la bater\u00eda de pruebas recibir\u00e1n una transcripci\u00f3n oficial del GED y podr\u00e1n calificar para el Diploma de la Escuela Comunitaria para Adultos de Haw\u00e1i. El diploma puede brindarles a los graduados la oportunidad de ingresar al servicio militar, obtener la admisi\u00f3n a la universidad, aumentar los ingresos, aumentar las calificaciones laborales o ayudar a obtener un avance laboral.<\/p>\n\n\n\n<h3 class=\"wp-block-heading\">Prueba de equivalencia de escuela secundaria&nbsp;<\/h3>\n\n\n\n<p>El prop\u00f3sito del HiSET es certificar que un candidato ha alcanzado conocimientos y habilidades acad\u00e9micas equivalentes a las de un graduado de la escuela secundaria. Las puntuaciones del HiSET identificar\u00e1n a aquellos candidatos que han tenido un rendimiento a un nivel consistente con la equivalencia de la escuela secundaria. Las personas que completen con \u00e9xito la bater\u00eda de pruebas recibir\u00e1n un expediente acad\u00e9mico oficial del HiSET y podr\u00e1n calificar para el Diploma de la Escuela Comunitaria para Adultos de Haw\u00e1i. El diploma puede brindarles a los graduados la oportunidad de ingresar al servicio militar, obtener la admisi\u00f3n a la universidad, aumentar sus ingresos, aumentar sus calificaciones laborales o ayudarlos a obtener un avance laboral.<\/p>\n\n\n\n<h2 class=\"wp-block-heading\">Programa de Certificado de Desarrollo de la Fuerza Laboral (WDC)<\/h2>\n\n\n\n<p>En colaboraci\u00f3n con el Consejo de Desarrollo de la Fuerza Laboral, el Departamento de Trabajo y Relaciones Industriales del estado y la Divisi\u00f3n de Rehabilitaci\u00f3n Vocacional, los empleadores y los colegios comunitarios, se inici\u00f3 el Programa de Certificado de Desarrollo de la Fuerza Laboral.<\/p>\n\n\n\n<p>El Programa de Certificado de Desarrollo de la Fuerza Laboral (WDC) fue dise\u00f1ado para satisfacer las necesidades de aquellos estudiantes que ingresan a la fuerza laboral con un ingreso laboral que no requiere un certificado de escuela secundaria. El Programa WDC preparar\u00e1 a los estudiantes con la educaci\u00f3n b\u00e1sica necesaria y acceso a programas de capacitaci\u00f3n laboral. Para ser elegible, un estudiante debe tener 18 a\u00f1os o m\u00e1s, o estudiantes de 16 a 17 a\u00f1os que sean liberados de la escuela a trav\u00e9s del proceso 4140. Todos los estudiantes inscritos que completen los requisitos del programa obtendr\u00e1n un Certificado de Desarrollo de la Fuerza Laboral de su respectiva escuela comunitaria. Contacto <a href=\"http:\/\/mcsahawaii.org\" data-type=\"link\" data-id=\"mcsahawaii.org\" target=\"_blank\" rel=\"noreferrer noopener\">Escuela comunitaria McKinley para adultos<\/a> o <a href=\"http:\/\/wcsahawaii.org\" data-type=\"link\" data-id=\"wcsahawaii.org\" target=\"_blank\" rel=\"noreferrer noopener\">Escuela comunitaria para adultos de Waipahu<\/a> para obtener informaci\u00f3n sobre el procesamiento de inscripci\u00f3n.<\/p>\n\n\n\n<h2 class=\"wp-block-heading\">Curso de profesor sustituto<\/h2>\n\n\n\n<p>Los CSA del Departamento coordinan el curso presencial para maestros sustitutos. (Los cursos en l\u00ednea tambi\u00e9n se pueden ofrecer a trav\u00e9s del campus MCSA-Maui y campus WCSA selectos. Comun\u00edquese con los campus WCSA individuales para consultar. Revise la informaci\u00f3n en nuestra <a href=\"\/es\/jobs\/substitute-teachers\/\" data-type=\"page\" data-id=\"123\">Docencia sustitutiva<\/a> P\u00e1gina para obtener m\u00e1s informaci\u00f3n sobre c\u00f3mo convertirse en maestro sustituto.&nbsp;<\/p>\n\n\n\n<h2 class=\"wp-block-heading\">Resumen del plan acad\u00e9mico y financiero de la Escuela Comunitaria para Adultos<\/h2>\n\n\n\n<h3 class=\"wp-block-heading\">Honolulu-Kauai-Maui-Moanalua<\/h3>\n\n\n\n<ul class=\"wp-block-list\">\n<li><a href=\"https:\/\/hawaiipublicschools.org\/wp-content\/uploads\/976_SY2025-26_AcademicPlan.pdf\" target=\"_blank\" rel=\"noreferrer noopener\">2025-26 Academic Plan (PDF)<\/a><\/li>\n\n\n\n<li><a href=\"\/Reports\/976_2024-25_FinancialPlan.pdf\" target=\"_blank\" rel=\"noreferrer noopener\">Plan financiero 2024-25 (PDF)<\/a><\/li>\n<\/ul>\n\n\n\n<p>Planes financieros previos: <a href=\"\/Reports\/976_2022-23_FinancialPlan.pdf\" target=\"_blank\" rel=\"noreferrer noopener\">2022-23 (PDF)<\/a> | <a href=\"\/Reports\/976_2019-20_FinancialPlan.pdf\" target=\"_blank\" rel=\"noreferrer noopener\">2019-20 (PDF)<\/a> | <a href=\"\/Reports\/976_2020-21_FinancialPlan.pdf\" target=\"_blank\" rel=\"noreferrer noopener\">2020-21 (PDF)<\/a><\/p>\n\n\n\n<h3 class=\"wp-block-heading\">Hawai&#039;i-Sotavento-Wahiawa-Barlovento<\/h3>\n\n\n\n<ul class=\"wp-block-list\">\n<li><a href=\"\/Reports\/488_2024-25_AcademicPlan.pdf\" target=\"_blank\" rel=\"noreferrer noopener\">Plan Acad\u00e9mico 2024-25 (PDF)<\/a><\/li>\n\n\n\n<li><a href=\"\/Reports\/977_2024-25_FinancialPlan.pdf\" target=\"_blank\" rel=\"noreferrer noopener\">Plan financiero 2024-25 (PDF)<\/a><\/li>\n<\/ul>\n\n\n\n<p>Planes financieros previos: <a href=\"\/Reports\/977_2022-23_FinancialPlan.pdf\" target=\"_blank\" rel=\"noreferrer noopener\">2022-23 (PDF)<\/a> | <a href=\"\/Reports\/977_2019-20_FinancialPlan.pdf\" target=\"_blank\" rel=\"noreferrer noopener\">2019-20 (PDF)<\/a><\/p>\n\n\n\n<h2 class=\"wp-block-heading\">Consejo Asesor de Educaci\u00f3n para Adultos y Comunidades (ACEAC)<\/h2>\n\n\n\n<p>La Legislatura del Estado de Haw\u00e1i estableci\u00f3 la Ley de Educaci\u00f3n de Adultos de Haw\u00e1i de 1945, que encomend\u00f3 por ley a la HIDOE la responsabilidad de proporcionar mayores oportunidades educativas a la poblaci\u00f3n de Haw\u00e1i. En 1988, la legislatura ampli\u00f3 el alcance de la educaci\u00f3n de adultos para incluir la educaci\u00f3n comunitaria.<\/p>\n\n\n\n<p>Parte 1 El Cap\u00edtulo 302A de los Estatutos Revisados de Haw\u00e1i establece:<\/p>\n\n\n\n<p><a href=\"http:\/\/www.capitol.hawaii.gov\/hrscurrent\/Vol05_Ch0261-0319\/HRS0302A\/HRS_0302A-0432.htm\" target=\"_blank\" rel=\"noreferrer noopener\">[\u00a7302A-432]<\/a> Se autoriza la educaci\u00f3n comunitaria y para adultos. Para brindar mayores oportunidades a la poblaci\u00f3n de Haw\u00e1i, el departamento establecer\u00e1 y regular\u00e1 un programa de educaci\u00f3n comunitaria y para adultos de nivel inferior al universitario. El departamento proporcionar\u00e1 edificios escolares p\u00fablicos y otras instalaciones, y utilizar\u00e1 el equipo escolar p\u00fablico en las condiciones que determine el departamento, cuando el equipo sea necesario, para programas de educaci\u00f3n comunitaria y para adultos.&nbsp;<\/p>\n\n\n\n<p>La ley estatal establece que la Junta de Educaci\u00f3n ser\u00e1 asesorada sobre sus programas de educaci\u00f3n comunitaria y para adultos por un consejo asesor de voluntarios designado por la junta. Se espera que los miembros que acepten ser designados para este consejo asistan a un m\u00ednimo de cuatro reuniones trimestrales por a\u00f1o y trabajen con las dos escuelas comunitarias o en un comit\u00e9 que les asigne el presidente del consejo asesor. Estas cuatro reuniones se llevar\u00e1n a cabo durante el horario laboral normal y se espera que los miembros obtengan la aprobaci\u00f3n necesaria de sus empleadores para poder asistir a estas reuniones de un d\u00eda de duraci\u00f3n.<\/p>\n\n\n\n<p>El Consejo Asesor de Educaci\u00f3n Comunitaria y de Adultos fue establecido por la Secci\u00f3n 302A de los Estatutos Revisados de Haw\u00e1i.<\/p>\n\n\n\n<p>[<a href=\"http:\/\/www.capitol.hawaii.gov\/hrscurrent\/Vol05_Ch0261-0319\/HRS0302A\/HRS_0302A-0434.htm\" target=\"_blank\" rel=\"noreferrer noopener\">[\u00a7302A-434]<\/a> Consejo asesor para la educaci\u00f3n de adultos y de la comunidad. La junta designar\u00e1 un consejo asesor para la educaci\u00f3n de adultos y de la comunidad integrado por 15 o m\u00e1s representantes de la industria, los trabajadores, las organizaciones c\u00edvicas y la educaci\u00f3n. Los nombramientos se realizar\u00e1n por un per\u00edodo de dos a\u00f1os y la reelecci\u00f3n ser\u00e1 opcional, pero no podr\u00e1 exceder un total de seis a\u00f1os en el consejo asesor.&nbsp;<\/p>\n\n\n\n<h2 class=\"wp-block-heading\">Est\u00e1ndares de contenido para la educaci\u00f3n de adultos<\/h2>\n\n\n\n<p>El Departamento utiliza el <a href=\"https:\/\/lincs.ed.gov\/professional-development\/resource-collections\/profile-521\" target=\"_blank\" rel=\"noreferrer noopener\">Est\u00e1ndares de preparaci\u00f3n para la universidad y la carrera profesional para la educaci\u00f3n de adultos<\/a>, que son un conjunto manejable de los Est\u00e1ndares Estatales B\u00e1sicos Comunes (CCSS, por sus siglas en ingl\u00e9s) m\u00e1s indispensables para la preparaci\u00f3n universitaria y profesional y esenciales para los estudiantes adultos. De acuerdo con la secci\u00f3n 102 de WIOA, la agencia elegible alinea los est\u00e1ndares de contenido para la educaci\u00f3n de adultos con los est\u00e1ndares de contenido acad\u00e9mico desafiantes adoptados por el estado, seg\u00fan lo adoptado en la secci\u00f3n 1111(b)(1) de la Ley de Educaci\u00f3n Primaria y Secundaria de 1965 (<a href=\"https:\/\/www.govinfo.gov\/content\/pkg\/USCODE-2020-title20\/html\/USCODE-2020-title20-chap70.htm\" target=\"_blank\" rel=\"noreferrer noopener\">T\u00edtulo 20 del C\u00f3digo de los Estados Unidos 6311(b)(1)<\/a>).<\/p>\n\n\n\n<p>En 2010, la Junta de Educaci\u00f3n de Haw\u00e1i adopt\u00f3 los CCSS para las artes del lenguaje ingl\u00e9s y las matem\u00e1ticas para el sistema de escuelas p\u00fablicas de Haw\u00e1i. <a href=\"https:\/\/hawaiipublicschools.org\/es\/DOE%20Forms\/AEFLA\/elp-standards-adult-ed.pdf\/\" data-type=\"link\" data-id=\"https:\/\/hawaiipublicschools.org\/DOE%20Forms\/AEFLA\/elp-standards-adult-ed.pdf\">Est\u00e1ndares de dominio del idioma ingl\u00e9s (ELP) para la educaci\u00f3n de adultos (AE)<\/a> Tienen como objetivo abordar la necesidad urgente de equidad, acceso y rigor educativo para los estudiantes adultos de ingl\u00e9s. Los est\u00e1ndares son esenciales para garantizar que los estudiantes adultos de ingl\u00e9s reciban la instrucci\u00f3n enfocada y eficaz que necesitan para acceder a los est\u00e1ndares de contenido acad\u00e9mico de los estados.<\/p>\n\n\n\n<p><\/p>\n\n\n\n<p><\/p>\n\n\n\n<p><\/p>\n\n\n\n<p><\/p>\n\n\n\n<p><\/p>\n\n\n\n<p><\/p>\n\n\n\n<p><\/p>","protected":false},"excerpt":{"rendered":"<p>Adult Education The Adult Education Program provides a wide range of courses designed for adult learners. These include basic education, English literacy and civics. Adults can also earn important diplomas, such as the Hawai\u2018i Adult Community School Diploma, either through General Educational Development (GED) and the High School Equivalency Test (HiSET) exams, and the Workforce [&hellip;]<\/p>","protected":false},"author":8,"featured_media":0,"parent":22,"menu_order":34,"comment_status":"closed","ping_status":"closed","template":"","meta":{"_relevanssi_hide_post":"","_relevanssi_hide_content":"","_relevanssi_pin_for_all":"","_relevanssi_pin_keywords":"","_relevanssi_unpin_keywords":"","_relevanssi_related_keywords":"","_relevanssi_related_include_ids":"","_relevanssi_related_exclude_ids":"","_relevanssi_related_no_append":"","_relevanssi_related_not_related":"","_relevanssi_related_posts":"","_relevanssi_noindex_reason":"","_sitemap_exclude":false,"_sitemap_priority":"","_sitemap_frequency":"","_kad_blocks_custom_css":"","_kad_blocks_head_custom_js":"","_kad_blocks_body_custom_js":"","_kad_blocks_footer_custom_js":"","wp_popup_display_lightbox":0,"wp_popup_suppress":"","wp_popup_trigger":"","wp_popup_trigger_amount":0,"wp_popup_disable_on_mobile":false,"footnotes":""},"class_list":["post-34","page","type-page","status-publish","hentry"],"pp_statuses_selecting_workflow":false,"pp_workflow_action":"current","pp_status_selection":"publish","taxonomy_info":[],"featured_image_src_large":false,"author_info":{"display_name":"Ariana Enomoto","author_link":"https:\/\/hawaiipublicschools.org\/es\/author\/arianastaceyleong-com\/"},"comment_info":0,"publishpress_future_action":{"enabled":false,"date":"2026-04-13 20:41:00","action":"change-status","newStatus":"draft","terms":[],"taxonomy":"","extraData":[]},"publishpress_future_workflow_manual_trigger":{"enabledWorkflows":[]},"_links":{"self":[{"href":"https:\/\/hawaiipublicschools.org\/es\/wp-json\/wp\/v2\/pages\/34","targetHints":{"allow":["GET"]}}],"collection":[{"href":"https:\/\/hawaiipublicschools.org\/es\/wp-json\/wp\/v2\/pages"}],"about":[{"href":"https:\/\/hawaiipublicschools.org\/es\/wp-json\/wp\/v2\/types\/page"}],"author":[{"embeddable":true,"href":"https:\/\/hawaiipublicschools.org\/es\/wp-json\/wp\/v2\/users\/8"}],"replies":[{"embeddable":true,"href":"https:\/\/hawaiipublicschools.org\/es\/wp-json\/wp\/v2\/comments?post=34"}],"version-history":[{"count":0,"href":"https:\/\/hawaiipublicschools.org\/es\/wp-json\/wp\/v2\/pages\/34\/revisions"}],"up":[{"embeddable":true,"href":"https:\/\/hawaiipublicschools.org\/es\/wp-json\/wp\/v2\/pages\/22"}],"wp:attachment":[{"href":"https:\/\/hawaiipublicschools.org\/es\/wp-json\/wp\/v2\/media?parent=34"}],"curies":[{"name":"wp","href":"https:\/\/api.w.org\/{rel}","templated":true}]}}